{"id":111797,"date":"2026-04-10T13:48:15","date_gmt":"2026-04-10T11:48:15","guid":{"rendered":"https:\/\/letrame.com\/catalogo\/?post_type=product&#038;p=111797"},"modified":"2026-04-10T13:48:16","modified_gmt":"2026-04-10T11:48:16","slug":"el-noveno-magines","status":"publish","type":"product","link":"https:\/\/letrame.com\/catalogo\/producto\/el-noveno-magines\/","title":{"rendered":"El noveno magin\u00e9s"},"content":{"rendered":"<p class=\"p1\"><b>ISBN: 9791370294588<\/b><b><\/b><\/p>\n<p class=\"p1\"><b>T\u00edtulo: El noveno magin\u00e9s<\/b><br \/>\n<b>Fecha: 2026<\/b><br \/>\n<b>P\u00e1ginas: 196<\/b><b><\/b><\/p>\n<p class=\"p1\"><b>SINOPSIS<\/b><\/p>\n<p class=\"p1\">Este relato narra los avatares de una larga saga familiar, unida por el apellido Oz\u00e1ez, que tiene su origen en la Aquitania francesa del siglo XVII, llega a la Sierra M\u00e1gina de Ja\u00e9n, tierra de iberos, y hoy contin\u00faa vigorosamente viva en Espa\u00f1a y fuera de ella. Se desarrolla una genealog\u00eda de estas gentes sencillas, que las hace m\u00e1gicas.<\/p>\n<p class=\"p1\">La obra gira en torno a la figura de Nicol\u00e1s Oz\u00e1ez de la Torre, el padre de la autora. Madre, t\u00edos, suegros, hermanos, cu\u00f1ados, concu\u00f1ados, primos y sobrinos formar\u00e1n la magn\u00edfica familia coral del noveno magin\u00e9s. Veh\u00edculos como medio de vida, emigraci\u00f3n, viajes, tragedias y alegr\u00edas compartidas constituir\u00e1n su universo.<\/p>\n<p class=\"p1\">Se complementa con atinadas anotaciones arqueol\u00f3gicas, ling\u00fc\u00edsticas y geogr\u00e1ficas sobre los escenarios de estas historias.<\/p>\n<p>&nbsp;<\/p>\n<p>&nbsp;<\/p>\n","protected":false},"excerpt":{"rendered":"<p class=\"p1\"><b>ISBN: 9791370294588<\/b><b><\/b><\/p>\n<p class=\"p1\"><b>SINOPSIS<\/b><\/p>\n<p class=\"p1\">Este relato narra los avatares de una larga saga familiar, unida por el apellido Oz\u00e1ez, que tiene su origen en la Aquitania francesa del siglo XVII, llega a la Sierra M\u00e1gina de Ja\u00e9n, tierra de iberos, y hoy contin\u00faa vigorosamente viva en Espa\u00f1a y fuera de ella. Se desarrolla una genealog\u00eda de estas gentes sencillas, que las hace m\u00e1gicas.<\/p>\n<p class=\"p1\">La obra gira en torno a la figura de Nicol\u00e1s Oz\u00e1ez de la Torre, el padre de la autora. Madre, t\u00edos, suegros, hermanos, cu\u00f1ados, concu\u00f1ados, primos y sobrinos formar\u00e1n la magn\u00edfica familia coral del noveno magin\u00e9s. Veh\u00edculos como medio de vida, emigraci\u00f3n, viajes, tragedias y alegr\u00edas compartidas constituir\u00e1n su universo.<\/p>\n<p class=\"p1\">Se complementa con atinadas anotaciones arqueol\u00f3gicas, ling\u00fc\u00edsticas y geogr\u00e1ficas sobre los escenarios de estas historias.<\/p>\n<p>&nbsp;<\/p>\n<p>&nbsp;<\/p>\n","protected":false},"featured_media":111801,"comment_status":"open","ping_status":"closed","template":"","meta":{"_acf_changed":false},"libro":[],"product_brand":[],"product_cat":[151],"product_tag":[],"class_list":{"0":"post-111797","1":"product","2":"type-product","3":"status-publish","4":"has-post-thumbnail","6":"product_cat-novela-biografica","8":"first","9":"instock","10":"shipping-taxable","11":"product-type-simple"},"acf":{"autor":[111798],"enlace_de_compra":"https:\/\/amzn.to\/4sofbTG"},"yoast_head":"<!-- This site is optimized with the Yoast SEO plugin v26.6 - https:\/\/yoast.com\/wordpress\/plugins\/seo\/ -->\n<title>El noveno magin\u00e9s - Catalogo | Letrame Grupo Editorial<\/title>\n<meta name=\"robots\" content=\"index, follow, max-snippet:-1, max-image-preview:large, max-video-preview:-1\" \/>\n<link rel=\"canonical\" href=\"https:\/\/letrame.com\/catalogo\/producto\/el-noveno-magines\/\" \/>\n<meta property=\"og:locale\" content=\"es_ES\" \/>\n<meta property=\"og:type\" content=\"article\" \/>\n<meta property=\"og:title\" content=\"El noveno magin\u00e9s - Catalogo | Letrame Grupo Editorial\" \/>\n<meta property=\"og:description\" content=\"ISBN: 9791370294588 SINOPSIS Este relato narra los avatares de una larga saga familiar, unida por el apellido Oz\u00e1ez, que tiene su origen en la Aquitania francesa del siglo XVII, llega a la Sierra M\u00e1gina de Ja\u00e9n, tierra de iberos, y hoy contin\u00faa vigorosamente viva en Espa\u00f1a y fuera de ella. Se desarrolla una genealog\u00eda de estas gentes sencillas, que las hace m\u00e1gicas. La obra gira en torno a la figura de Nicol\u00e1s Oz\u00e1ez de la Torre, el padre de la autora. Madre, t\u00edos, suegros, hermanos, cu\u00f1ados, concu\u00f1ados, primos y sobrinos formar\u00e1n la magn\u00edfica familia coral del noveno magin\u00e9s. Veh\u00edculos como medio de vida, emigraci\u00f3n, viajes, tragedias y alegr\u00edas compartidas constituir\u00e1n su universo. Se complementa con atinadas anotaciones arqueol\u00f3gicas, ling\u00fc\u00edsticas y geogr\u00e1ficas sobre los escenarios de estas historias. &nbsp;  &nbsp;\" \/>\n<meta property=\"og:url\" content=\"https:\/\/letrame.com\/catalogo\/producto\/el-noveno-magines\/\" \/>\n<meta property=\"og:site_name\" content=\"Catalogo | Letrame Grupo Editorial\" \/>\n<meta property=\"article:modified_time\" content=\"2026-04-10T11:48:16+00:00\" \/>\n<meta property=\"og:image\" content=\"https:\/\/letrame.com\/catalogo\/wp-content\/uploads\/2026\/04\/portadacatalogo-6.jpg\" \/>\n\t<meta property=\"og:image:width\" content=\"607\" \/>\n\t<meta property=\"og:image:height\" content=\"861\" \/>\n\t<meta property=\"og:image:type\" content=\"image\/jpeg\" \/>\n<meta name=\"twitter:card\" content=\"summary_large_image\" \/>\n<meta name=\"twitter:label1\" content=\"Tiempo de lectura\" \/>\n\t<meta name=\"twitter:data1\" content=\"1 minuto\" \/>\n<script type=\"application\/ld+json\" class=\"yoast-schema-graph\">{\"@context\":\"https:\/\/schema.org\",\"@graph\":[{\"@type\":\"WebPage\",\"@id\":\"https:\/\/letrame.com\/catalogo\/producto\/el-noveno-magines\/\",\"url\":\"https:\/\/letrame.com\/catalogo\/producto\/el-noveno-magines\/\",\"name\":\"El noveno magin\u00e9s - Catalogo | Letrame Grupo Editorial\",\"isPartOf\":{\"@id\":\"https:\/\/letrame.com\/catalogo\/#website\"},\"primaryImageOfPage\":{\"@id\":\"https:\/\/letrame.com\/catalogo\/producto\/el-noveno-magines\/#primaryimage\"},\"image\":{\"@id\":\"https:\/\/letrame.com\/catalogo\/producto\/el-noveno-magines\/#primaryimage\"},\"thumbnailUrl\":\"https:\/\/letrame.com\/catalogo\/wp-content\/uploads\/2026\/04\/portadacatalogo-6.jpg\",\"datePublished\":\"2026-04-10T11:48:15+00:00\",\"dateModified\":\"2026-04-10T11:48:16+00:00\",\"breadcrumb\":{\"@id\":\"https:\/\/letrame.com\/catalogo\/producto\/el-noveno-magines\/#breadcrumb\"},\"inLanguage\":\"es\",\"potentialAction\":[{\"@type\":\"ReadAction\",\"target\":[\"https:\/\/letrame.com\/catalogo\/producto\/el-noveno-magines\/\"]}]},{\"@type\":\"ImageObject\",\"inLanguage\":\"es\",\"@id\":\"https:\/\/letrame.com\/catalogo\/producto\/el-noveno-magines\/#primaryimage\",\"url\":\"https:\/\/letrame.com\/catalogo\/wp-content\/uploads\/2026\/04\/portadacatalogo-6.jpg\",\"contentUrl\":\"https:\/\/letrame.com\/catalogo\/wp-content\/uploads\/2026\/04\/portadacatalogo-6.jpg\",\"width\":607,\"height\":861},{\"@type\":\"BreadcrumbList\",\"@id\":\"https:\/\/letrame.com\/catalogo\/producto\/el-noveno-magines\/#breadcrumb\",\"itemListElement\":[{\"@type\":\"ListItem\",\"position\":1,\"name\":\"Portada\",\"item\":\"https:\/\/letrame.com\/catalogo\/\"},{\"@type\":\"ListItem\",\"position\":2,\"name\":\"Cat\u00e1logo\",\"item\":\"https:\/\/letrame.com\/catalogo\/\"},{\"@type\":\"ListItem\",\"position\":3,\"name\":\"El noveno magin\u00e9s\"}]},{\"@type\":\"WebSite\",\"@id\":\"https:\/\/letrame.com\/catalogo\/#website\",\"url\":\"https:\/\/letrame.com\/catalogo\/\",\"name\":\"Catalogo | Letrame Grupo Editorial\",\"description\":\"\",\"publisher\":{\"@id\":\"https:\/\/letrame.com\/catalogo\/#organization\"},\"potentialAction\":[{\"@type\":\"SearchAction\",\"target\":{\"@type\":\"EntryPoint\",\"urlTemplate\":\"https:\/\/letrame.com\/catalogo\/?s={search_term_string}\"},\"query-input\":{\"@type\":\"PropertyValueSpecification\",\"valueRequired\":true,\"valueName\":\"search_term_string\"}}],\"inLanguage\":\"es\"},{\"@type\":\"Organization\",\"@id\":\"https:\/\/letrame.com\/catalogo\/#organization\",\"name\":\"Catalogo | Letrame Grupo Editorial\",\"url\":\"https:\/\/letrame.com\/catalogo\/\",\"logo\":{\"@type\":\"ImageObject\",\"inLanguage\":\"es\",\"@id\":\"https:\/\/letrame.com\/catalogo\/#\/schema\/logo\/image\/\",\"url\":\"https:\/\/letrame.com\/catalogo\/wp-content\/uploads\/2024\/03\/logo2.webp\",\"contentUrl\":\"https:\/\/letrame.com\/catalogo\/wp-content\/uploads\/2024\/03\/logo2.webp\",\"width\":394,\"height\":128,\"caption\":\"Catalogo | Letrame Grupo Editorial\"},\"image\":{\"@id\":\"https:\/\/letrame.com\/catalogo\/#\/schema\/logo\/image\/\"}}]}<\/script>\n<!-- \/ Yoast SEO plugin. -->","yoast_head_json":{"title":"El noveno magin\u00e9s - Catalogo | Letrame Grupo Editorial","robots":{"index":"index","follow":"follow","max-snippet":"max-snippet:-1","max-image-preview":"max-image-preview:large","max-video-preview":"max-video-preview:-1"},"canonical":"https:\/\/letrame.com\/catalogo\/producto\/el-noveno-magines\/","og_locale":"es_ES","og_type":"article","og_title":"El noveno magin\u00e9s - Catalogo | Letrame Grupo Editorial","og_description":"ISBN: 9791370294588 SINOPSIS Este relato narra los avatares de una larga saga familiar, unida por el apellido Oz\u00e1ez, que tiene su origen en la Aquitania francesa del siglo XVII, llega a la Sierra M\u00e1gina de Ja\u00e9n, tierra de iberos, y hoy contin\u00faa vigorosamente viva en Espa\u00f1a y fuera de ella. Se desarrolla una genealog\u00eda de estas gentes sencillas, que las hace m\u00e1gicas. La obra gira en torno a la figura de Nicol\u00e1s Oz\u00e1ez de la Torre, el padre de la autora. Madre, t\u00edos, suegros, hermanos, cu\u00f1ados, concu\u00f1ados, primos y sobrinos formar\u00e1n la magn\u00edfica familia coral del noveno magin\u00e9s. Veh\u00edculos como medio de vida, emigraci\u00f3n, viajes, tragedias y alegr\u00edas compartidas constituir\u00e1n su universo. Se complementa con atinadas anotaciones arqueol\u00f3gicas, ling\u00fc\u00edsticas y geogr\u00e1ficas sobre los escenarios de estas historias. &nbsp;  &nbsp;","og_url":"https:\/\/letrame.com\/catalogo\/producto\/el-noveno-magines\/","og_site_name":"Catalogo | Letrame Grupo Editorial","article_modified_time":"2026-04-10T11:48:16+00:00","og_image":[{"width":607,"height":861,"url":"https:\/\/letrame.com\/catalogo\/wp-content\/uploads\/2026\/04\/portadacatalogo-6.jpg","type":"image\/jpeg"}],"twitter_card":"summary_large_image","twitter_misc":{"Tiempo de lectura":"1 minuto"},"schema":{"@context":"https:\/\/schema.org","@graph":[{"@type":"WebPage","@id":"https:\/\/letrame.com\/catalogo\/producto\/el-noveno-magines\/","url":"https:\/\/letrame.com\/catalogo\/producto\/el-noveno-magines\/","name":"El noveno magin\u00e9s - Catalogo | Letrame Grupo Editorial","isPartOf":{"@id":"https:\/\/letrame.com\/catalogo\/#website"},"primaryImageOfPage":{"@id":"https:\/\/letrame.com\/catalogo\/producto\/el-noveno-magines\/#primaryimage"},"image":{"@id":"https:\/\/letrame.com\/catalogo\/producto\/el-noveno-magines\/#primaryimage"},"thumbnailUrl":"https:\/\/letrame.com\/catalogo\/wp-content\/uploads\/2026\/04\/portadacatalogo-6.jpg","datePublished":"2026-04-10T11:48:15+00:00","dateModified":"2026-04-10T11:48:16+00:00","breadcrumb":{"@id":"https:\/\/letrame.com\/catalogo\/producto\/el-noveno-magines\/#breadcrumb"},"inLanguage":"es","potentialAction":[{"@type":"ReadAction","target":["https:\/\/letrame.com\/catalogo\/producto\/el-noveno-magines\/"]}]},{"@type":"ImageObject","inLanguage":"es","@id":"https:\/\/letrame.com\/catalogo\/producto\/el-noveno-magines\/#primaryimage","url":"https:\/\/letrame.com\/catalogo\/wp-content\/uploads\/2026\/04\/portadacatalogo-6.jpg","contentUrl":"https:\/\/letrame.com\/catalogo\/wp-content\/uploads\/2026\/04\/portadacatalogo-6.jpg","width":607,"height":861},{"@type":"BreadcrumbList","@id":"https:\/\/letrame.com\/catalogo\/producto\/el-noveno-magines\/#breadcrumb","itemListElement":[{"@type":"ListItem","position":1,"name":"Portada","item":"https:\/\/letrame.com\/catalogo\/"},{"@type":"ListItem","position":2,"name":"Cat\u00e1logo","item":"https:\/\/letrame.com\/catalogo\/"},{"@type":"ListItem","position":3,"name":"El noveno magin\u00e9s"}]},{"@type":"WebSite","@id":"https:\/\/letrame.com\/catalogo\/#website","url":"https:\/\/letrame.com\/catalogo\/","name":"Catalogo | Letrame Grupo Editorial","description":"","publisher":{"@id":"https:\/\/letrame.com\/catalogo\/#organization"},"potentialAction":[{"@type":"SearchAction","target":{"@type":"EntryPoint","urlTemplate":"https:\/\/letrame.com\/catalogo\/?s={search_term_string}"},"query-input":{"@type":"PropertyValueSpecification","valueRequired":true,"valueName":"search_term_string"}}],"inLanguage":"es"},{"@type":"Organization","@id":"https:\/\/letrame.com\/catalogo\/#organization","name":"Catalogo | Letrame Grupo Editorial","url":"https:\/\/letrame.com\/catalogo\/","logo":{"@type":"ImageObject","inLanguage":"es","@id":"https:\/\/letrame.com\/catalogo\/#\/schema\/logo\/image\/","url":"https:\/\/letrame.com\/catalogo\/wp-content\/uploads\/2024\/03\/logo2.webp","contentUrl":"https:\/\/letrame.com\/catalogo\/wp-content\/uploads\/2024\/03\/logo2.webp","width":394,"height":128,"caption":"Catalogo | Letrame Grupo Editorial"},"image":{"@id":"https:\/\/letrame.com\/catalogo\/#\/schema\/logo\/image\/"}}]}},"_links":{"self":[{"href":"https:\/\/letrame.com\/catalogo\/wp-json\/wp\/v2\/product\/111797","targetHints":{"allow":["GET"]}}],"collection":[{"href":"https:\/\/letrame.com\/catalogo\/wp-json\/wp\/v2\/product"}],"about":[{"href":"https:\/\/letrame.com\/catalogo\/wp-json\/wp\/v2\/types\/product"}],"replies":[{"embeddable":true,"href":"https:\/\/letrame.com\/catalogo\/wp-json\/wp\/v2\/comments?post=111797"}],"acf:post":[{"embeddable":true,"href":"https:\/\/letrame.com\/catalogo\/wp-json\/wp\/v2\/author_book\/111798"}],"wp:featuredmedia":[{"embeddable":true,"href":"https:\/\/letrame.com\/catalogo\/wp-json\/wp\/v2\/media\/111801"}],"wp:attachment":[{"href":"https:\/\/letrame.com\/catalogo\/wp-json\/wp\/v2\/media?parent=111797"}],"wp:term":[{"taxonomy":"libro","embeddable":true,"href":"https:\/\/letrame.com\/catalogo\/wp-json\/wp\/v2\/libro?post=111797"},{"taxonomy":"product_brand","embeddable":true,"href":"https:\/\/letrame.com\/catalogo\/wp-json\/wp\/v2\/product_brand?post=111797"},{"taxonomy":"product_cat","embeddable":true,"href":"https:\/\/letrame.com\/catalogo\/wp-json\/wp\/v2\/product_cat?post=111797"},{"taxonomy":"product_tag","embeddable":true,"href":"https:\/\/letrame.com\/catalogo\/wp-json\/wp\/v2\/product_tag?post=111797"}],"curies":[{"name":"wp","href":"https:\/\/api.w.org\/{rel}","templated":true}]}}