{"id":111793,"date":"2026-04-10T13:34:38","date_gmt":"2026-04-10T11:34:38","guid":{"rendered":"https:\/\/letrame.com\/catalogo\/?post_type=product&#038;p=111793"},"modified":"2026-04-10T13:34:39","modified_gmt":"2026-04-10T11:34:39","slug":"el-exceso-de-amor-es-perjudicial-para-la-salud","status":"publish","type":"product","link":"https:\/\/letrame.com\/catalogo\/producto\/el-exceso-de-amor-es-perjudicial-para-la-salud\/","title":{"rendered":"El exceso de amor es perjudicial para la salud"},"content":{"rendered":"<p class=\"p1\"><b>ISBN: 9791370295127<\/b><b><\/b><\/p>\n<p class=\"p1\"><b>T\u00edtulo: El exceso de amor es perjudicial para la salud<\/b><br \/>\n<b>Fecha: 2025<\/b><br \/>\n<b>P\u00e1ginas: 160<\/b><b><\/b><\/p>\n<p class=\"p1\"><b>SINOPSIS<\/b><\/p>\n<p class=\"p1\">Ocupa aqu\u00ed al autor el grado del sentimiento amoroso, de ese \u00edntimo apego al ser amado, esto es, de su intensidad, que, por supuesto, guarda relaci\u00f3n proporcional directa con el sufrimiento, de ah\u00ed el decir que cuanto m\u00e1s se ama, m\u00e1s se sufre. Desde ese punto de vista, toca hablar de amor equilibrado y amor desequilibrado, en consonancia con lo mesurado o desmesurado del mismo. Es en este \u00faltimo en el que se centra esta peque\u00f1a obra, haciendo hincapi\u00e9 en que hasta puede llevar ora a una muerte violenta por mano ajena o propia, ora a la locura, cosa que no debe extra\u00f1ar si se repara en que, interpretando lo que dice Plat\u00f3n por boca de Fedro en sus universales Di\u00e1logos, solo libre de amor y amar se es due\u00f1o de s\u00ed mismo o, m\u00e1s al pie de la letra, lo dicho a trav\u00e9s de S\u00f3crates de que \u00abel que no ama tiene sobre el que ama la ventaja de conservar su buen sentido\u00bb.<\/p>\n<p class=\"p1\">Del extremismo amoroso o exacerbado amor se ofrecen como botones de muestra, de un lado, los hist\u00f3ricos, aunque pueda parecer as\u00ed mismo exagerado, de Jesucristo y su suprahumano amor a la humanidad, que le acarre\u00f3 su crucifixi\u00f3n; Sim\u00f3n Bol\u00edvar y su descomunal amor por la libertad hispanoamericana, cuyo decepcionante final contribuy\u00f3 a su descenso al sepulcro; y, de otro lado, el caso novelesco de Don Quijote de la Mancha, cuyo insano amor por su Dulcinea del Toboso lo llev\u00f3 a emprender caballerescas locuras, entre las que es proverbial la de su enfrentamiento con un \u00abej\u00e9rcito\u00bb de aspas de molino de viento.<\/p>\n<p class=\"p1\">En esta breve obra se aborda la narraci\u00f3n de dos casos que, a pesar de su \u00edndole imaginaria, sirven de ilustraci\u00f3n de sobreamor, uno protagonizado por Joss\u00e9 Salazares, con resultado de p\u00e9rdida de la cordura, y otro por Fortunato Mal\u00e1nima, de p\u00e9rdida voluntaria de la vida.<\/p>\n<p class=\"p1\">As\u00ed las cosas, queda simplemente planteado el asunto de lo da\u00f1ino para el cuerpo, el alma y la mente que puede resultar el desmedido amor.<\/p>\n","protected":false},"excerpt":{"rendered":"<p class=\"p1\"><b>ISBN: 9791370295127<\/b><b><\/b><\/p>\n<p class=\"p1\"><b>SINOPSIS<\/b><\/p>\n<p class=\"p1\">Ocupa aqu\u00ed al autor el grado del sentimiento amoroso, de ese \u00edntimo apego al ser amado, esto es, de su intensidad, que, por supuesto, guarda relaci\u00f3n proporcional directa con el sufrimiento, de ah\u00ed el decir que cuanto m\u00e1s se ama, m\u00e1s se sufre. Desde ese punto de vista, toca hablar de amor equilibrado y amor desequilibrado, en consonancia con lo mesurado o desmesurado del mismo. Es en este \u00faltimo en el que se centra esta peque\u00f1a obra, haciendo hincapi\u00e9 en que hasta puede llevar ora a una muerte violenta por mano ajena o propia, ora a la locura, cosa que no debe extra\u00f1ar si se repara en que, interpretando lo que dice Plat\u00f3n por boca de Fedro en sus universales Di\u00e1logos, solo libre de amor y amar se es due\u00f1o de s\u00ed mismo o, m\u00e1s al pie de la letra, lo dicho a trav\u00e9s de S\u00f3crates de que \u00abel que no ama tiene sobre el que ama la ventaja de conservar su buen sentido\u00bb.<\/p>\n<p class=\"p1\">Del extremismo amoroso o exacerbado amor se ofrecen como botones de muestra, de un lado, los hist\u00f3ricos, aunque pueda parecer as\u00ed mismo exagerado, de Jesucristo y su suprahumano amor a la humanidad, que le acarre\u00f3 su crucifixi\u00f3n; Sim\u00f3n Bol\u00edvar y su descomunal amor por la libertad hispanoamericana, cuyo decepcionante final contribuy\u00f3 a su descenso al sepulcro; y, de otro lado, el caso novelesco de Don Quijote de la Mancha, cuyo insano amor por su Dulcinea del Toboso lo llev\u00f3 a emprender caballerescas locuras, entre las que es proverbial la de su enfrentamiento con un \u00abej\u00e9rcito\u00bb de aspas de molino de viento.<\/p>\n<p class=\"p1\">En esta breve obra se aborda la narraci\u00f3n de dos casos que, a pesar de su \u00edndole imaginaria, sirven de ilustraci\u00f3n de sobreamor, uno protagonizado por Joss\u00e9 Salazares, con resultado de p\u00e9rdida de la cordura, y otro por Fortunato Mal\u00e1nima, de p\u00e9rdida voluntaria de la vida.<\/p>\n<p class=\"p1\">As\u00ed las cosas, queda simplemente planteado el asunto de lo da\u00f1ino para el cuerpo, el alma y la mente que puede resultar el desmedido amor.<\/p>\n","protected":false},"featured_media":111796,"comment_status":"open","ping_status":"closed","template":"","meta":{"_acf_changed":false},"libro":[],"product_brand":[],"product_cat":[141],"product_tag":[],"class_list":{"0":"post-111793","1":"product","2":"type-product","3":"status-publish","4":"has-post-thumbnail","6":"product_cat-ficcion","8":"first","9":"instock","10":"shipping-taxable","11":"product-type-simple"},"acf":{"autor":[111794],"enlace_de_compra":"https:\/\/amzn.to\/4ccwiSt"},"yoast_head":"<!-- This site is optimized with the Yoast SEO plugin v26.6 - https:\/\/yoast.com\/wordpress\/plugins\/seo\/ -->\n<title>El exceso de amor es perjudicial para la salud - Catalogo | Letrame Grupo Editorial<\/title>\n<meta name=\"robots\" content=\"index, follow, max-snippet:-1, max-image-preview:large, max-video-preview:-1\" \/>\n<link rel=\"canonical\" href=\"https:\/\/letrame.com\/catalogo\/producto\/el-exceso-de-amor-es-perjudicial-para-la-salud\/\" \/>\n<meta property=\"og:locale\" content=\"es_ES\" \/>\n<meta property=\"og:type\" content=\"article\" \/>\n<meta property=\"og:title\" content=\"El exceso de amor es perjudicial para la salud - Catalogo | Letrame Grupo Editorial\" \/>\n<meta property=\"og:description\" content=\"ISBN: 9791370295127 SINOPSIS Ocupa aqu\u00ed al autor el grado del sentimiento amoroso, de ese \u00edntimo apego al ser amado, esto es, de su intensidad, que, por supuesto, guarda relaci\u00f3n proporcional directa con el sufrimiento, de ah\u00ed el decir que cuanto m\u00e1s se ama, m\u00e1s se sufre. Desde ese punto de vista, toca hablar de amor equilibrado y amor desequilibrado, en consonancia con lo mesurado o desmesurado del mismo. Es en este \u00faltimo en el que se centra esta peque\u00f1a obra, haciendo hincapi\u00e9 en que hasta puede llevar ora a una muerte violenta por mano ajena o propia, ora a la locura, cosa que no debe extra\u00f1ar si se repara en que, interpretando lo que dice Plat\u00f3n por boca de Fedro en sus universales Di\u00e1logos, solo libre de amor y amar se es due\u00f1o de s\u00ed mismo o, m\u00e1s al pie de la letra, lo dicho a trav\u00e9s de S\u00f3crates de que \u00abel que no ama tiene sobre el que ama la ventaja de conservar su buen sentido\u00bb. Del extremismo amoroso o exacerbado amor se ofrecen como botones de muestra, de un lado, los hist\u00f3ricos, aunque pueda parecer as\u00ed mismo exagerado, de Jesucristo y su suprahumano amor a la humanidad, que le acarre\u00f3 su crucifixi\u00f3n; Sim\u00f3n Bol\u00edvar y su descomunal amor por la libertad hispanoamericana, cuyo decepcionante final contribuy\u00f3 a su descenso al sepulcro; y, de otro lado, el caso novelesco de Don Quijote de la Mancha, cuyo insano amor por su Dulcinea del Toboso lo llev\u00f3 a emprender caballerescas locuras, entre las que es proverbial la de su enfrentamiento con un \u00abej\u00e9rcito\u00bb de aspas de molino de viento. En esta breve obra se aborda la narraci\u00f3n de dos casos que, a pesar de su \u00edndole imaginaria, sirven de ilustraci\u00f3n de sobreamor, uno protagonizado por Joss\u00e9 Salazares, con resultado de p\u00e9rdida de la cordura, y otro por Fortunato Mal\u00e1nima, de p\u00e9rdida voluntaria de la vida. As\u00ed las cosas, queda simplemente planteado el asunto de lo da\u00f1ino para el cuerpo, el alma y la mente que puede resultar el desmedido amor.\" \/>\n<meta property=\"og:url\" content=\"https:\/\/letrame.com\/catalogo\/producto\/el-exceso-de-amor-es-perjudicial-para-la-salud\/\" \/>\n<meta property=\"og:site_name\" content=\"Catalogo | Letrame Grupo Editorial\" \/>\n<meta property=\"article:modified_time\" content=\"2026-04-10T11:34:39+00:00\" \/>\n<meta property=\"og:image\" content=\"https:\/\/letrame.com\/catalogo\/wp-content\/uploads\/2026\/04\/elexcesodeamor_8mm4.jpg\" \/>\n\t<meta property=\"og:image:width\" content=\"886\" \/>\n\t<meta property=\"og:image:height\" content=\"1299\" \/>\n\t<meta property=\"og:image:type\" content=\"image\/jpeg\" \/>\n<meta name=\"twitter:card\" content=\"summary_large_image\" \/>\n<meta name=\"twitter:label1\" content=\"Tiempo de lectura\" \/>\n\t<meta name=\"twitter:data1\" content=\"2 minutos\" \/>\n<script type=\"application\/ld+json\" class=\"yoast-schema-graph\">{\"@context\":\"https:\/\/schema.org\",\"@graph\":[{\"@type\":\"WebPage\",\"@id\":\"https:\/\/letrame.com\/catalogo\/producto\/el-exceso-de-amor-es-perjudicial-para-la-salud\/\",\"url\":\"https:\/\/letrame.com\/catalogo\/producto\/el-exceso-de-amor-es-perjudicial-para-la-salud\/\",\"name\":\"El exceso de amor es perjudicial para la salud - Catalogo | Letrame Grupo Editorial\",\"isPartOf\":{\"@id\":\"https:\/\/letrame.com\/catalogo\/#website\"},\"primaryImageOfPage\":{\"@id\":\"https:\/\/letrame.com\/catalogo\/producto\/el-exceso-de-amor-es-perjudicial-para-la-salud\/#primaryimage\"},\"image\":{\"@id\":\"https:\/\/letrame.com\/catalogo\/producto\/el-exceso-de-amor-es-perjudicial-para-la-salud\/#primaryimage\"},\"thumbnailUrl\":\"https:\/\/letrame.com\/catalogo\/wp-content\/uploads\/2026\/04\/elexcesodeamor_8mm4.jpg\",\"datePublished\":\"2026-04-10T11:34:38+00:00\",\"dateModified\":\"2026-04-10T11:34:39+00:00\",\"breadcrumb\":{\"@id\":\"https:\/\/letrame.com\/catalogo\/producto\/el-exceso-de-amor-es-perjudicial-para-la-salud\/#breadcrumb\"},\"inLanguage\":\"es\",\"potentialAction\":[{\"@type\":\"ReadAction\",\"target\":[\"https:\/\/letrame.com\/catalogo\/producto\/el-exceso-de-amor-es-perjudicial-para-la-salud\/\"]}]},{\"@type\":\"ImageObject\",\"inLanguage\":\"es\",\"@id\":\"https:\/\/letrame.com\/catalogo\/producto\/el-exceso-de-amor-es-perjudicial-para-la-salud\/#primaryimage\",\"url\":\"https:\/\/letrame.com\/catalogo\/wp-content\/uploads\/2026\/04\/elexcesodeamor_8mm4.jpg\",\"contentUrl\":\"https:\/\/letrame.com\/catalogo\/wp-content\/uploads\/2026\/04\/elexcesodeamor_8mm4.jpg\",\"width\":886,\"height\":1299},{\"@type\":\"BreadcrumbList\",\"@id\":\"https:\/\/letrame.com\/catalogo\/producto\/el-exceso-de-amor-es-perjudicial-para-la-salud\/#breadcrumb\",\"itemListElement\":[{\"@type\":\"ListItem\",\"position\":1,\"name\":\"Portada\",\"item\":\"https:\/\/letrame.com\/catalogo\/\"},{\"@type\":\"ListItem\",\"position\":2,\"name\":\"Cat\u00e1logo\",\"item\":\"https:\/\/letrame.com\/catalogo\/\"},{\"@type\":\"ListItem\",\"position\":3,\"name\":\"El exceso de amor es perjudicial para la salud\"}]},{\"@type\":\"WebSite\",\"@id\":\"https:\/\/letrame.com\/catalogo\/#website\",\"url\":\"https:\/\/letrame.com\/catalogo\/\",\"name\":\"Catalogo | Letrame Grupo Editorial\",\"description\":\"\",\"publisher\":{\"@id\":\"https:\/\/letrame.com\/catalogo\/#organization\"},\"potentialAction\":[{\"@type\":\"SearchAction\",\"target\":{\"@type\":\"EntryPoint\",\"urlTemplate\":\"https:\/\/letrame.com\/catalogo\/?s={search_term_string}\"},\"query-input\":{\"@type\":\"PropertyValueSpecification\",\"valueRequired\":true,\"valueName\":\"search_term_string\"}}],\"inLanguage\":\"es\"},{\"@type\":\"Organization\",\"@id\":\"https:\/\/letrame.com\/catalogo\/#organization\",\"name\":\"Catalogo | Letrame Grupo Editorial\",\"url\":\"https:\/\/letrame.com\/catalogo\/\",\"logo\":{\"@type\":\"ImageObject\",\"inLanguage\":\"es\",\"@id\":\"https:\/\/letrame.com\/catalogo\/#\/schema\/logo\/image\/\",\"url\":\"https:\/\/letrame.com\/catalogo\/wp-content\/uploads\/2024\/03\/logo2.webp\",\"contentUrl\":\"https:\/\/letrame.com\/catalogo\/wp-content\/uploads\/2024\/03\/logo2.webp\",\"width\":394,\"height\":128,\"caption\":\"Catalogo | Letrame Grupo Editorial\"},\"image\":{\"@id\":\"https:\/\/letrame.com\/catalogo\/#\/schema\/logo\/image\/\"}}]}<\/script>\n<!-- \/ Yoast SEO plugin. -->","yoast_head_json":{"title":"El exceso de amor es perjudicial para la salud - Catalogo | Letrame Grupo Editorial","robots":{"index":"index","follow":"follow","max-snippet":"max-snippet:-1","max-image-preview":"max-image-preview:large","max-video-preview":"max-video-preview:-1"},"canonical":"https:\/\/letrame.com\/catalogo\/producto\/el-exceso-de-amor-es-perjudicial-para-la-salud\/","og_locale":"es_ES","og_type":"article","og_title":"El exceso de amor es perjudicial para la salud - Catalogo | Letrame Grupo Editorial","og_description":"ISBN: 9791370295127 SINOPSIS Ocupa aqu\u00ed al autor el grado del sentimiento amoroso, de ese \u00edntimo apego al ser amado, esto es, de su intensidad, que, por supuesto, guarda relaci\u00f3n proporcional directa con el sufrimiento, de ah\u00ed el decir que cuanto m\u00e1s se ama, m\u00e1s se sufre. Desde ese punto de vista, toca hablar de amor equilibrado y amor desequilibrado, en consonancia con lo mesurado o desmesurado del mismo. Es en este \u00faltimo en el que se centra esta peque\u00f1a obra, haciendo hincapi\u00e9 en que hasta puede llevar ora a una muerte violenta por mano ajena o propia, ora a la locura, cosa que no debe extra\u00f1ar si se repara en que, interpretando lo que dice Plat\u00f3n por boca de Fedro en sus universales Di\u00e1logos, solo libre de amor y amar se es due\u00f1o de s\u00ed mismo o, m\u00e1s al pie de la letra, lo dicho a trav\u00e9s de S\u00f3crates de que \u00abel que no ama tiene sobre el que ama la ventaja de conservar su buen sentido\u00bb. Del extremismo amoroso o exacerbado amor se ofrecen como botones de muestra, de un lado, los hist\u00f3ricos, aunque pueda parecer as\u00ed mismo exagerado, de Jesucristo y su suprahumano amor a la humanidad, que le acarre\u00f3 su crucifixi\u00f3n; Sim\u00f3n Bol\u00edvar y su descomunal amor por la libertad hispanoamericana, cuyo decepcionante final contribuy\u00f3 a su descenso al sepulcro; y, de otro lado, el caso novelesco de Don Quijote de la Mancha, cuyo insano amor por su Dulcinea del Toboso lo llev\u00f3 a emprender caballerescas locuras, entre las que es proverbial la de su enfrentamiento con un \u00abej\u00e9rcito\u00bb de aspas de molino de viento. En esta breve obra se aborda la narraci\u00f3n de dos casos que, a pesar de su \u00edndole imaginaria, sirven de ilustraci\u00f3n de sobreamor, uno protagonizado por Joss\u00e9 Salazares, con resultado de p\u00e9rdida de la cordura, y otro por Fortunato Mal\u00e1nima, de p\u00e9rdida voluntaria de la vida. As\u00ed las cosas, queda simplemente planteado el asunto de lo da\u00f1ino para el cuerpo, el alma y la mente que puede resultar el desmedido amor.","og_url":"https:\/\/letrame.com\/catalogo\/producto\/el-exceso-de-amor-es-perjudicial-para-la-salud\/","og_site_name":"Catalogo | Letrame Grupo Editorial","article_modified_time":"2026-04-10T11:34:39+00:00","og_image":[{"width":886,"height":1299,"url":"https:\/\/letrame.com\/catalogo\/wp-content\/uploads\/2026\/04\/elexcesodeamor_8mm4.jpg","type":"image\/jpeg"}],"twitter_card":"summary_large_image","twitter_misc":{"Tiempo de lectura":"2 minutos"},"schema":{"@context":"https:\/\/schema.org","@graph":[{"@type":"WebPage","@id":"https:\/\/letrame.com\/catalogo\/producto\/el-exceso-de-amor-es-perjudicial-para-la-salud\/","url":"https:\/\/letrame.com\/catalogo\/producto\/el-exceso-de-amor-es-perjudicial-para-la-salud\/","name":"El exceso de amor es perjudicial para la salud - Catalogo | Letrame Grupo Editorial","isPartOf":{"@id":"https:\/\/letrame.com\/catalogo\/#website"},"primaryImageOfPage":{"@id":"https:\/\/letrame.com\/catalogo\/producto\/el-exceso-de-amor-es-perjudicial-para-la-salud\/#primaryimage"},"image":{"@id":"https:\/\/letrame.com\/catalogo\/producto\/el-exceso-de-amor-es-perjudicial-para-la-salud\/#primaryimage"},"thumbnailUrl":"https:\/\/letrame.com\/catalogo\/wp-content\/uploads\/2026\/04\/elexcesodeamor_8mm4.jpg","datePublished":"2026-04-10T11:34:38+00:00","dateModified":"2026-04-10T11:34:39+00:00","breadcrumb":{"@id":"https:\/\/letrame.com\/catalogo\/producto\/el-exceso-de-amor-es-perjudicial-para-la-salud\/#breadcrumb"},"inLanguage":"es","potentialAction":[{"@type":"ReadAction","target":["https:\/\/letrame.com\/catalogo\/producto\/el-exceso-de-amor-es-perjudicial-para-la-salud\/"]}]},{"@type":"ImageObject","inLanguage":"es","@id":"https:\/\/letrame.com\/catalogo\/producto\/el-exceso-de-amor-es-perjudicial-para-la-salud\/#primaryimage","url":"https:\/\/letrame.com\/catalogo\/wp-content\/uploads\/2026\/04\/elexcesodeamor_8mm4.jpg","contentUrl":"https:\/\/letrame.com\/catalogo\/wp-content\/uploads\/2026\/04\/elexcesodeamor_8mm4.jpg","width":886,"height":1299},{"@type":"BreadcrumbList","@id":"https:\/\/letrame.com\/catalogo\/producto\/el-exceso-de-amor-es-perjudicial-para-la-salud\/#breadcrumb","itemListElement":[{"@type":"ListItem","position":1,"name":"Portada","item":"https:\/\/letrame.com\/catalogo\/"},{"@type":"ListItem","position":2,"name":"Cat\u00e1logo","item":"https:\/\/letrame.com\/catalogo\/"},{"@type":"ListItem","position":3,"name":"El exceso de amor es perjudicial para la salud"}]},{"@type":"WebSite","@id":"https:\/\/letrame.com\/catalogo\/#website","url":"https:\/\/letrame.com\/catalogo\/","name":"Catalogo | Letrame Grupo Editorial","description":"","publisher":{"@id":"https:\/\/letrame.com\/catalogo\/#organization"},"potentialAction":[{"@type":"SearchAction","target":{"@type":"EntryPoint","urlTemplate":"https:\/\/letrame.com\/catalogo\/?s={search_term_string}"},"query-input":{"@type":"PropertyValueSpecification","valueRequired":true,"valueName":"search_term_string"}}],"inLanguage":"es"},{"@type":"Organization","@id":"https:\/\/letrame.com\/catalogo\/#organization","name":"Catalogo | Letrame Grupo Editorial","url":"https:\/\/letrame.com\/catalogo\/","logo":{"@type":"ImageObject","inLanguage":"es","@id":"https:\/\/letrame.com\/catalogo\/#\/schema\/logo\/image\/","url":"https:\/\/letrame.com\/catalogo\/wp-content\/uploads\/2024\/03\/logo2.webp","contentUrl":"https:\/\/letrame.com\/catalogo\/wp-content\/uploads\/2024\/03\/logo2.webp","width":394,"height":128,"caption":"Catalogo | Letrame Grupo Editorial"},"image":{"@id":"https:\/\/letrame.com\/catalogo\/#\/schema\/logo\/image\/"}}]}},"_links":{"self":[{"href":"https:\/\/letrame.com\/catalogo\/wp-json\/wp\/v2\/product\/111793","targetHints":{"allow":["GET"]}}],"collection":[{"href":"https:\/\/letrame.com\/catalogo\/wp-json\/wp\/v2\/product"}],"about":[{"href":"https:\/\/letrame.com\/catalogo\/wp-json\/wp\/v2\/types\/product"}],"replies":[{"embeddable":true,"href":"https:\/\/letrame.com\/catalogo\/wp-json\/wp\/v2\/comments?post=111793"}],"acf:post":[{"embeddable":true,"href":"https:\/\/letrame.com\/catalogo\/wp-json\/wp\/v2\/author_book\/111794"}],"wp:featuredmedia":[{"embeddable":true,"href":"https:\/\/letrame.com\/catalogo\/wp-json\/wp\/v2\/media\/111796"}],"wp:attachment":[{"href":"https:\/\/letrame.com\/catalogo\/wp-json\/wp\/v2\/media?parent=111793"}],"wp:term":[{"taxonomy":"libro","embeddable":true,"href":"https:\/\/letrame.com\/catalogo\/wp-json\/wp\/v2\/libro?post=111793"},{"taxonomy":"product_brand","embeddable":true,"href":"https:\/\/letrame.com\/catalogo\/wp-json\/wp\/v2\/product_brand?post=111793"},{"taxonomy":"product_cat","embeddable":true,"href":"https:\/\/letrame.com\/catalogo\/wp-json\/wp\/v2\/product_cat?post=111793"},{"taxonomy":"product_tag","embeddable":true,"href":"https:\/\/letrame.com\/catalogo\/wp-json\/wp\/v2\/product_tag?post=111793"}],"curies":[{"name":"wp","href":"https:\/\/api.w.org\/{rel}","templated":true}]}}