{"id":111788,"date":"2026-04-10T13:27:34","date_gmt":"2026-04-10T11:27:34","guid":{"rendered":"https:\/\/letrame.com\/catalogo\/?post_type=product&#038;p=111788"},"modified":"2026-04-10T13:27:35","modified_gmt":"2026-04-10T11:27:35","slug":"binario","status":"publish","type":"product","link":"https:\/\/letrame.com\/catalogo\/producto\/binario\/","title":{"rendered":"Binario"},"content":{"rendered":"<p class=\"p1\"><b>ISBN: 9791370294663<\/b><b><\/b><\/p>\n<p class=\"p1\"><b>T\u00edtulo: Binario<\/b><br \/>\n<b>Fecha: 2026<\/b><br \/>\n<b>P\u00e1ginas: 192<\/b><b><\/b><\/p>\n<p class=\"p1\"><b>SINOPSIS<\/b><\/p>\n<p class=\"p1\">Adelia Olmo Lara, autora del libro, os invita a entrar en el relato; relato no ajeno a todos nosotros, al tiempo del que venimos y a la pregunta de qu\u00e9 hemos hecho con cada uno de sus siglos, sus a\u00f1os, sus meses, d\u00edas, horas, minutos, segundos&#8230;<\/p>\n<p class=\"p1\">&#8230;en definitiva, la vida y la muerte.<\/p>\n<p class=\"p1\">Al leerlo, amar\u00e1s un poco m\u00e1s aquello que has escuchado, aprendido, cuidado o maltratado. S\u00ed importa c\u00f3mo lo hiciste y la \u00e9poca del tiempo que te toc\u00f3 vivir.<\/p>\n<p class=\"p1\">Quienes dar\u00e1n la respuesta ser\u00e1n:<\/p>\n<ul class=\"ul1\">\n<li class=\"li1\">\u00bfEl maltratado Di\u00f3nysos, dios pagano a la par que humano?<\/li>\n<li class=\"li1\">\u00bfQuiz\u00e1s su amada H\u00e9lade o tal vez el Valle de las Mariposas?<\/li>\n<\/ul>\n<p class=\"p1\">&#8230; con seguridad, la tercera respuesta han de ser los insectos quienes la den. Ellos, animales irracionales, terminaran los tres GENOCIDIOS<\/p>\n<p class=\"p1\">en GAZA conjugados en:<\/p>\n<p class=\"p1\">Personas, Animales y Medioambiente.<\/p>\n<p class=\"p1\">Al terminar de leer el libro habr\u00e1s sentido alivio, todo estar\u00e1 un poco mejor; es entonces cuando la V\u00eda L\u00e1ctea pasa a ser en ti esa parte de Mirra y Magia llevada a Bel\u00e9n que ahora, en el S.XXI, es transportada en el veh\u00edculo de estrellas que permite viajar al Exoplaneta- 55 Verde, donde las paredes son de cristal y las puertas de n\u00e1car.<\/p>\n<p class=\"p1\">Si decides viajar comprobar\u00e1s que:<\/p>\n<ul class=\"ul1\">\n<li class=\"li1\">El m\u00e1rmol, todo \u00e9l, tendr\u00e1 el perfume del incienso y la menta.<\/li>\n<li class=\"li1\">La Naturaleza se habr\u00e1 quitado el vestido de la contaminaci\u00f3n.<\/li>\n<\/ul>\n<p class=\"p1\">Solo un borr\u00f3n quedar\u00e1 en nuestra historia actual:<\/p>\n<p class=\"p1\">Las l\u00e1grimas lloradas cada d\u00eda para<\/p>\n","protected":false},"excerpt":{"rendered":"<p class=\"p1\"><b>ISBN: 9791370294663<\/b><b><\/b><\/p>\n<p class=\"p1\"><b>SINOPSIS<\/b><\/p>\n<p class=\"p1\">Adelia Olmo Lara, autora del libro, os invita a entrar en el relato; relato no ajeno a todos nosotros, al tiempo del que venimos y a la pregunta de qu\u00e9 hemos hecho con cada uno de sus siglos, sus a\u00f1os, sus meses, d\u00edas, horas, minutos, segundos&#8230;<\/p>\n<p class=\"p1\">&#8230;en definitiva, la vida y la muerte.<\/p>\n<p class=\"p1\">Al leerlo, amar\u00e1s un poco m\u00e1s aquello que has escuchado, aprendido, cuidado o maltratado. S\u00ed importa c\u00f3mo lo hiciste y la \u00e9poca del tiempo que te toc\u00f3 vivir.<\/p>\n<p class=\"p1\">Quienes dar\u00e1n la respuesta ser\u00e1n:<\/p>\n<ul class=\"ul1\">\n<li class=\"li1\">\u00bfEl maltratado Di\u00f3nysos, dios pagano a la par que humano?<\/li>\n<li class=\"li1\">\u00bfQuiz\u00e1s su amada H\u00e9lade o tal vez el Valle de las Mariposas?<\/li>\n<\/ul>\n<p class=\"p1\">&#8230; con seguridad, la tercera respuesta han de ser los insectos quienes la den. Ellos, animales irracionales, terminaran los tres GENOCIDIOS<\/p>\n<p class=\"p1\">en GAZA conjugados en:<\/p>\n<p class=\"p1\">Personas, Animales y Medioambiente.<\/p>\n<p class=\"p1\">Al terminar de leer el libro habr\u00e1s sentido alivio, todo estar\u00e1 un poco mejor; es entonces cuando la V\u00eda L\u00e1ctea pasa a ser en ti esa parte de Mirra y Magia llevada a Bel\u00e9n que ahora, en el S.XXI, es transportada en el veh\u00edculo de estrellas que permite viajar al Exoplaneta- 55 Verde, donde las paredes son de cristal y las puertas de n\u00e1car.<\/p>\n<p class=\"p1\">Si decides viajar comprobar\u00e1s que:<\/p>\n<ul class=\"ul1\">\n<li class=\"li1\">El m\u00e1rmol, todo \u00e9l, tendr\u00e1 el perfume del incienso y la menta.<\/li>\n<li class=\"li1\">La Naturaleza se habr\u00e1 quitado el vestido de la contaminaci\u00f3n.<\/li>\n<\/ul>\n<p class=\"p1\">Solo un borr\u00f3n quedar\u00e1 en nuestra historia actual:<\/p>\n<p class=\"p1\">Las l\u00e1grimas lloradas cada d\u00eda para<\/p>\n","protected":false},"featured_media":111792,"comment_status":"open","ping_status":"closed","template":"","meta":{"_acf_changed":false},"libro":[],"product_brand":[],"product_cat":[141],"product_tag":[],"class_list":{"0":"post-111788","1":"product","2":"type-product","3":"status-publish","4":"has-post-thumbnail","6":"product_cat-ficcion","8":"first","9":"instock","10":"shipping-taxable","11":"product-type-simple"},"acf":{"autor":[111789],"enlace_de_compra":"https:\/\/amzn.to\/4mvTvDZ"},"yoast_head":"<!-- This site is optimized with the Yoast SEO plugin v26.6 - https:\/\/yoast.com\/wordpress\/plugins\/seo\/ -->\n<title>Binario - Catalogo | Letrame Grupo Editorial<\/title>\n<meta name=\"robots\" content=\"index, follow, max-snippet:-1, max-image-preview:large, max-video-preview:-1\" \/>\n<link rel=\"canonical\" href=\"https:\/\/letrame.com\/catalogo\/producto\/binario\/\" \/>\n<meta property=\"og:locale\" content=\"es_ES\" \/>\n<meta property=\"og:type\" content=\"article\" \/>\n<meta property=\"og:title\" content=\"Binario - Catalogo | Letrame Grupo Editorial\" \/>\n<meta property=\"og:description\" content=\"ISBN: 9791370294663 SINOPSIS Adelia Olmo Lara, autora del libro, os invita a entrar en el relato; relato no ajeno a todos nosotros, al tiempo del que venimos y a la pregunta de qu\u00e9 hemos hecho con cada uno de sus siglos, sus a\u00f1os, sus meses, d\u00edas, horas, minutos, segundos... ...en definitiva, la vida y la muerte. Al leerlo, amar\u00e1s un poco m\u00e1s aquello que has escuchado, aprendido, cuidado o maltratado. S\u00ed importa c\u00f3mo lo hiciste y la \u00e9poca del tiempo que te toc\u00f3 vivir. Quienes dar\u00e1n la respuesta ser\u00e1n:    \u00bfEl maltratado Di\u00f3nysos, dios pagano a la par que humano?  \u00bfQuiz\u00e1s su amada H\u00e9lade o tal vez el Valle de las Mariposas?  ... con seguridad, la tercera respuesta han de ser los insectos quienes la den. Ellos, animales irracionales, terminaran los tres GENOCIDIOS en GAZA conjugados en: Personas, Animales y Medioambiente. Al terminar de leer el libro habr\u00e1s sentido alivio, todo estar\u00e1 un poco mejor; es entonces cuando la V\u00eda L\u00e1ctea pasa a ser en ti esa parte de Mirra y Magia llevada a Bel\u00e9n que ahora, en el S.XXI, es transportada en el veh\u00edculo de estrellas que permite viajar al Exoplaneta- 55 Verde, donde las paredes son de cristal y las puertas de n\u00e1car. Si decides viajar comprobar\u00e1s que:    El m\u00e1rmol, todo \u00e9l, tendr\u00e1 el perfume del incienso y la menta.  La Naturaleza se habr\u00e1 quitado el vestido de la contaminaci\u00f3n.  Solo un borr\u00f3n quedar\u00e1 en nuestra historia actual: Las l\u00e1grimas lloradas cada d\u00eda para\" \/>\n<meta property=\"og:url\" content=\"https:\/\/letrame.com\/catalogo\/producto\/binario\/\" \/>\n<meta property=\"og:site_name\" content=\"Catalogo | Letrame Grupo Editorial\" \/>\n<meta property=\"article:modified_time\" content=\"2026-04-10T11:27:35+00:00\" \/>\n<meta property=\"og:image\" content=\"https:\/\/letrame.com\/catalogo\/wp-content\/uploads\/2026\/04\/portadacatalogo-4.jpg\" \/>\n\t<meta property=\"og:image:width\" content=\"1230\" \/>\n\t<meta property=\"og:image:height\" content=\"1805\" \/>\n\t<meta property=\"og:image:type\" content=\"image\/jpeg\" \/>\n<meta name=\"twitter:card\" content=\"summary_large_image\" \/>\n<meta name=\"twitter:label1\" content=\"Tiempo de lectura\" \/>\n\t<meta name=\"twitter:data1\" content=\"2 minutos\" \/>\n<script type=\"application\/ld+json\" class=\"yoast-schema-graph\">{\"@context\":\"https:\/\/schema.org\",\"@graph\":[{\"@type\":\"WebPage\",\"@id\":\"https:\/\/letrame.com\/catalogo\/producto\/binario\/\",\"url\":\"https:\/\/letrame.com\/catalogo\/producto\/binario\/\",\"name\":\"Binario - Catalogo | Letrame Grupo Editorial\",\"isPartOf\":{\"@id\":\"https:\/\/letrame.com\/catalogo\/#website\"},\"primaryImageOfPage\":{\"@id\":\"https:\/\/letrame.com\/catalogo\/producto\/binario\/#primaryimage\"},\"image\":{\"@id\":\"https:\/\/letrame.com\/catalogo\/producto\/binario\/#primaryimage\"},\"thumbnailUrl\":\"https:\/\/letrame.com\/catalogo\/wp-content\/uploads\/2026\/04\/portadacatalogo-4.jpg\",\"datePublished\":\"2026-04-10T11:27:34+00:00\",\"dateModified\":\"2026-04-10T11:27:35+00:00\",\"breadcrumb\":{\"@id\":\"https:\/\/letrame.com\/catalogo\/producto\/binario\/#breadcrumb\"},\"inLanguage\":\"es\",\"potentialAction\":[{\"@type\":\"ReadAction\",\"target\":[\"https:\/\/letrame.com\/catalogo\/producto\/binario\/\"]}]},{\"@type\":\"ImageObject\",\"inLanguage\":\"es\",\"@id\":\"https:\/\/letrame.com\/catalogo\/producto\/binario\/#primaryimage\",\"url\":\"https:\/\/letrame.com\/catalogo\/wp-content\/uploads\/2026\/04\/portadacatalogo-4.jpg\",\"contentUrl\":\"https:\/\/letrame.com\/catalogo\/wp-content\/uploads\/2026\/04\/portadacatalogo-4.jpg\",\"width\":1230,\"height\":1805},{\"@type\":\"BreadcrumbList\",\"@id\":\"https:\/\/letrame.com\/catalogo\/producto\/binario\/#breadcrumb\",\"itemListElement\":[{\"@type\":\"ListItem\",\"position\":1,\"name\":\"Portada\",\"item\":\"https:\/\/letrame.com\/catalogo\/\"},{\"@type\":\"ListItem\",\"position\":2,\"name\":\"Cat\u00e1logo\",\"item\":\"https:\/\/letrame.com\/catalogo\/\"},{\"@type\":\"ListItem\",\"position\":3,\"name\":\"Binario\"}]},{\"@type\":\"WebSite\",\"@id\":\"https:\/\/letrame.com\/catalogo\/#website\",\"url\":\"https:\/\/letrame.com\/catalogo\/\",\"name\":\"Catalogo | Letrame Grupo Editorial\",\"description\":\"\",\"publisher\":{\"@id\":\"https:\/\/letrame.com\/catalogo\/#organization\"},\"potentialAction\":[{\"@type\":\"SearchAction\",\"target\":{\"@type\":\"EntryPoint\",\"urlTemplate\":\"https:\/\/letrame.com\/catalogo\/?s={search_term_string}\"},\"query-input\":{\"@type\":\"PropertyValueSpecification\",\"valueRequired\":true,\"valueName\":\"search_term_string\"}}],\"inLanguage\":\"es\"},{\"@type\":\"Organization\",\"@id\":\"https:\/\/letrame.com\/catalogo\/#organization\",\"name\":\"Catalogo | Letrame Grupo Editorial\",\"url\":\"https:\/\/letrame.com\/catalogo\/\",\"logo\":{\"@type\":\"ImageObject\",\"inLanguage\":\"es\",\"@id\":\"https:\/\/letrame.com\/catalogo\/#\/schema\/logo\/image\/\",\"url\":\"https:\/\/letrame.com\/catalogo\/wp-content\/uploads\/2024\/03\/logo2.webp\",\"contentUrl\":\"https:\/\/letrame.com\/catalogo\/wp-content\/uploads\/2024\/03\/logo2.webp\",\"width\":394,\"height\":128,\"caption\":\"Catalogo | Letrame Grupo Editorial\"},\"image\":{\"@id\":\"https:\/\/letrame.com\/catalogo\/#\/schema\/logo\/image\/\"}}]}<\/script>\n<!-- \/ Yoast SEO plugin. -->","yoast_head_json":{"title":"Binario - Catalogo | Letrame Grupo Editorial","robots":{"index":"index","follow":"follow","max-snippet":"max-snippet:-1","max-image-preview":"max-image-preview:large","max-video-preview":"max-video-preview:-1"},"canonical":"https:\/\/letrame.com\/catalogo\/producto\/binario\/","og_locale":"es_ES","og_type":"article","og_title":"Binario - Catalogo | Letrame Grupo Editorial","og_description":"ISBN: 9791370294663 SINOPSIS Adelia Olmo Lara, autora del libro, os invita a entrar en el relato; relato no ajeno a todos nosotros, al tiempo del que venimos y a la pregunta de qu\u00e9 hemos hecho con cada uno de sus siglos, sus a\u00f1os, sus meses, d\u00edas, horas, minutos, segundos... ...en definitiva, la vida y la muerte. Al leerlo, amar\u00e1s un poco m\u00e1s aquello que has escuchado, aprendido, cuidado o maltratado. S\u00ed importa c\u00f3mo lo hiciste y la \u00e9poca del tiempo que te toc\u00f3 vivir. Quienes dar\u00e1n la respuesta ser\u00e1n:    \u00bfEl maltratado Di\u00f3nysos, dios pagano a la par que humano?  \u00bfQuiz\u00e1s su amada H\u00e9lade o tal vez el Valle de las Mariposas?  ... con seguridad, la tercera respuesta han de ser los insectos quienes la den. Ellos, animales irracionales, terminaran los tres GENOCIDIOS en GAZA conjugados en: Personas, Animales y Medioambiente. Al terminar de leer el libro habr\u00e1s sentido alivio, todo estar\u00e1 un poco mejor; es entonces cuando la V\u00eda L\u00e1ctea pasa a ser en ti esa parte de Mirra y Magia llevada a Bel\u00e9n que ahora, en el S.XXI, es transportada en el veh\u00edculo de estrellas que permite viajar al Exoplaneta- 55 Verde, donde las paredes son de cristal y las puertas de n\u00e1car. Si decides viajar comprobar\u00e1s que:    El m\u00e1rmol, todo \u00e9l, tendr\u00e1 el perfume del incienso y la menta.  La Naturaleza se habr\u00e1 quitado el vestido de la contaminaci\u00f3n.  Solo un borr\u00f3n quedar\u00e1 en nuestra historia actual: Las l\u00e1grimas lloradas cada d\u00eda para","og_url":"https:\/\/letrame.com\/catalogo\/producto\/binario\/","og_site_name":"Catalogo | Letrame Grupo Editorial","article_modified_time":"2026-04-10T11:27:35+00:00","og_image":[{"width":1230,"height":1805,"url":"https:\/\/letrame.com\/catalogo\/wp-content\/uploads\/2026\/04\/portadacatalogo-4.jpg","type":"image\/jpeg"}],"twitter_card":"summary_large_image","twitter_misc":{"Tiempo de lectura":"2 minutos"},"schema":{"@context":"https:\/\/schema.org","@graph":[{"@type":"WebPage","@id":"https:\/\/letrame.com\/catalogo\/producto\/binario\/","url":"https:\/\/letrame.com\/catalogo\/producto\/binario\/","name":"Binario - Catalogo | Letrame Grupo Editorial","isPartOf":{"@id":"https:\/\/letrame.com\/catalogo\/#website"},"primaryImageOfPage":{"@id":"https:\/\/letrame.com\/catalogo\/producto\/binario\/#primaryimage"},"image":{"@id":"https:\/\/letrame.com\/catalogo\/producto\/binario\/#primaryimage"},"thumbnailUrl":"https:\/\/letrame.com\/catalogo\/wp-content\/uploads\/2026\/04\/portadacatalogo-4.jpg","datePublished":"2026-04-10T11:27:34+00:00","dateModified":"2026-04-10T11:27:35+00:00","breadcrumb":{"@id":"https:\/\/letrame.com\/catalogo\/producto\/binario\/#breadcrumb"},"inLanguage":"es","potentialAction":[{"@type":"ReadAction","target":["https:\/\/letrame.com\/catalogo\/producto\/binario\/"]}]},{"@type":"ImageObject","inLanguage":"es","@id":"https:\/\/letrame.com\/catalogo\/producto\/binario\/#primaryimage","url":"https:\/\/letrame.com\/catalogo\/wp-content\/uploads\/2026\/04\/portadacatalogo-4.jpg","contentUrl":"https:\/\/letrame.com\/catalogo\/wp-content\/uploads\/2026\/04\/portadacatalogo-4.jpg","width":1230,"height":1805},{"@type":"BreadcrumbList","@id":"https:\/\/letrame.com\/catalogo\/producto\/binario\/#breadcrumb","itemListElement":[{"@type":"ListItem","position":1,"name":"Portada","item":"https:\/\/letrame.com\/catalogo\/"},{"@type":"ListItem","position":2,"name":"Cat\u00e1logo","item":"https:\/\/letrame.com\/catalogo\/"},{"@type":"ListItem","position":3,"name":"Binario"}]},{"@type":"WebSite","@id":"https:\/\/letrame.com\/catalogo\/#website","url":"https:\/\/letrame.com\/catalogo\/","name":"Catalogo | Letrame Grupo Editorial","description":"","publisher":{"@id":"https:\/\/letrame.com\/catalogo\/#organization"},"potentialAction":[{"@type":"SearchAction","target":{"@type":"EntryPoint","urlTemplate":"https:\/\/letrame.com\/catalogo\/?s={search_term_string}"},"query-input":{"@type":"PropertyValueSpecification","valueRequired":true,"valueName":"search_term_string"}}],"inLanguage":"es"},{"@type":"Organization","@id":"https:\/\/letrame.com\/catalogo\/#organization","name":"Catalogo | Letrame Grupo Editorial","url":"https:\/\/letrame.com\/catalogo\/","logo":{"@type":"ImageObject","inLanguage":"es","@id":"https:\/\/letrame.com\/catalogo\/#\/schema\/logo\/image\/","url":"https:\/\/letrame.com\/catalogo\/wp-content\/uploads\/2024\/03\/logo2.webp","contentUrl":"https:\/\/letrame.com\/catalogo\/wp-content\/uploads\/2024\/03\/logo2.webp","width":394,"height":128,"caption":"Catalogo | Letrame Grupo Editorial"},"image":{"@id":"https:\/\/letrame.com\/catalogo\/#\/schema\/logo\/image\/"}}]}},"_links":{"self":[{"href":"https:\/\/letrame.com\/catalogo\/wp-json\/wp\/v2\/product\/111788","targetHints":{"allow":["GET"]}}],"collection":[{"href":"https:\/\/letrame.com\/catalogo\/wp-json\/wp\/v2\/product"}],"about":[{"href":"https:\/\/letrame.com\/catalogo\/wp-json\/wp\/v2\/types\/product"}],"replies":[{"embeddable":true,"href":"https:\/\/letrame.com\/catalogo\/wp-json\/wp\/v2\/comments?post=111788"}],"acf:post":[{"embeddable":true,"href":"https:\/\/letrame.com\/catalogo\/wp-json\/wp\/v2\/author_book\/111789"}],"wp:featuredmedia":[{"embeddable":true,"href":"https:\/\/letrame.com\/catalogo\/wp-json\/wp\/v2\/media\/111792"}],"wp:attachment":[{"href":"https:\/\/letrame.com\/catalogo\/wp-json\/wp\/v2\/media?parent=111788"}],"wp:term":[{"taxonomy":"libro","embeddable":true,"href":"https:\/\/letrame.com\/catalogo\/wp-json\/wp\/v2\/libro?post=111788"},{"taxonomy":"product_brand","embeddable":true,"href":"https:\/\/letrame.com\/catalogo\/wp-json\/wp\/v2\/product_brand?post=111788"},{"taxonomy":"product_cat","embeddable":true,"href":"https:\/\/letrame.com\/catalogo\/wp-json\/wp\/v2\/product_cat?post=111788"},{"taxonomy":"product_tag","embeddable":true,"href":"https:\/\/letrame.com\/catalogo\/wp-json\/wp\/v2\/product_tag?post=111788"}],"curies":[{"name":"wp","href":"https:\/\/api.w.org\/{rel}","templated":true}]}}