{"id":111783,"date":"2026-04-10T13:14:05","date_gmt":"2026-04-10T11:14:05","guid":{"rendered":"https:\/\/letrame.com\/catalogo\/?post_type=product&#038;p=111783"},"modified":"2026-04-10T13:14:05","modified_gmt":"2026-04-10T11:14:05","slug":"una-vida-sin-verte","status":"publish","type":"product","link":"https:\/\/letrame.com\/catalogo\/producto\/una-vida-sin-verte\/","title":{"rendered":"Una vida sin verte"},"content":{"rendered":"<p class=\"p1\"><b>ISBN: 9791370290153<\/b><b><\/b><\/p>\n<p class=\"p1\"><b>T\u00edtulo: Una vida sin verte<\/b><br \/>\n<b>Fecha: 2025<\/b><br \/>\n<b>P\u00e1ginas: 376<\/b><b><\/b><\/p>\n<p class=\"p1\"><b>SINOPSIS<\/b><\/p>\n<p class=\"p1\">Ana lleva una vida tranquila junto a su marido Samuel y su hijo<\/p>\n<p class=\"p1\">Eduardo. Es due\u00f1a y directora de un importante bufete de abogados de Sevilla, donde tambi\u00e9n trabaja su hijo. Alberto ha sido detenido como sospechoso del asesinato de su esposa y contrata los servicios del despacho de Ana. Eduardo acude a comisar\u00eda para hacerse cargo de la defensa. All\u00ed se pone de manifiesto el enorme parecido que hay entre abogado y cliente.<\/p>\n<p class=\"p1\">Al llegar a casa, Eduardo comenta a sus padres que el detenido es un tipo muy extra\u00f1o, que no ha querido hablar nada. Tambi\u00e9n les habla del gran parecido f\u00edsico que hay entre ellos.<\/p>\n<p class=\"p1\">Ana se queda en shock. iNo puede ser! Es imposible que sea \u00e9l.<\/p>\n<p class=\"p1\">El pasado se hace presente. Comienza a recordar pasajes de su vida que la han marcado a lo largo de los a\u00f1os y que vuelven para desestabilizar su presente: el repudio de su familia, la p\u00e9rdida del amor, el nacimiento de su hijo, su boda con Samuel&#8230;<\/p>\n<p class=\"p1\">La investigaci\u00f3n sigue su curso, y las cosas no son lo que parecen. Ana comienza a dudar de todo, pero tiene una certeza: su hijo debe quedar fuera del caso. \u00bfAsumir\u00e1 ella la defensa? \u00bfAlberto ser\u00e1 un asesino?<\/p>\n<p class=\"p1\">El choque entre el pasado y el presente resulta inevitable \u00bfC\u00f3mo ser\u00e1 el reencuentro? \u00bfPodr\u00e1 Ana continuar con su vida? Y por \u00faltimo, \u00bfc\u00f3mo puede afectar a su matrimonio?<\/p>\n","protected":false},"excerpt":{"rendered":"<p class=\"p1\"><b>ISBN: 9791370290153<\/b><b><\/b><\/p>\n<p class=\"p1\"><b>SINOPSIS<\/b><\/p>\n<p class=\"p1\">Ana lleva una vida tranquila junto a su marido Samuel y su hijo<\/p>\n<p class=\"p1\">Eduardo. Es due\u00f1a y directora de un importante bufete de abogados de Sevilla, donde tambi\u00e9n trabaja su hijo. Alberto ha sido detenido como sospechoso del asesinato de su esposa y contrata los servicios del despacho de Ana. Eduardo acude a comisar\u00eda para hacerse cargo de la defensa. All\u00ed se pone de manifiesto el enorme parecido que hay entre abogado y cliente.<\/p>\n<p class=\"p1\">Al llegar a casa, Eduardo comenta a sus padres que el detenido es un tipo muy extra\u00f1o, que no ha querido hablar nada. Tambi\u00e9n les habla del gran parecido f\u00edsico que hay entre ellos.<\/p>\n<p class=\"p1\">Ana se queda en shock. iNo puede ser! Es imposible que sea \u00e9l.<\/p>\n<p class=\"p1\">El pasado se hace presente. Comienza a recordar pasajes de su vida que la han marcado a lo largo de los a\u00f1os y que vuelven para desestabilizar su presente: el repudio de su familia, la p\u00e9rdida del amor, el nacimiento de su hijo, su boda con Samuel&#8230;<\/p>\n<p class=\"p1\">La investigaci\u00f3n sigue su curso, y las cosas no son lo que parecen. Ana comienza a dudar de todo, pero tiene una certeza: su hijo debe quedar fuera del caso. \u00bfAsumir\u00e1 ella la defensa? \u00bfAlberto ser\u00e1 un asesino?<\/p>\n<p class=\"p1\">El choque entre el pasado y el presente resulta inevitable \u00bfC\u00f3mo ser\u00e1 el reencuentro? \u00bfPodr\u00e1 Ana continuar con su vida? Y por \u00faltimo, \u00bfc\u00f3mo puede afectar a su matrimonio?<\/p>\n","protected":false},"featured_media":111785,"comment_status":"open","ping_status":"closed","template":"","meta":{"_acf_changed":false},"libro":[],"product_brand":[],"product_cat":[147],"product_tag":[],"class_list":{"0":"post-111783","1":"product","2":"type-product","3":"status-publish","4":"has-post-thumbnail","6":"product_cat-romance","8":"first","9":"instock","10":"shipping-taxable","11":"product-type-simple"},"acf":{"autor":[111784],"enlace_de_compra":"https:\/\/amzn.to\/4t4ND7l"},"yoast_head":"<!-- This site is optimized with the Yoast SEO plugin v26.6 - https:\/\/yoast.com\/wordpress\/plugins\/seo\/ -->\n<title>Una vida sin verte - Catalogo | Letrame Grupo Editorial<\/title>\n<meta name=\"robots\" content=\"index, follow, max-snippet:-1, max-image-preview:large, max-video-preview:-1\" \/>\n<link rel=\"canonical\" href=\"https:\/\/letrame.com\/catalogo\/producto\/una-vida-sin-verte\/\" \/>\n<meta property=\"og:locale\" content=\"es_ES\" \/>\n<meta property=\"og:type\" content=\"article\" \/>\n<meta property=\"og:title\" content=\"Una vida sin verte - Catalogo | Letrame Grupo Editorial\" \/>\n<meta property=\"og:description\" content=\"ISBN: 9791370290153 SINOPSIS Ana lleva una vida tranquila junto a su marido Samuel y su hijo Eduardo. Es due\u00f1a y directora de un importante bufete de abogados de Sevilla, donde tambi\u00e9n trabaja su hijo. Alberto ha sido detenido como sospechoso del asesinato de su esposa y contrata los servicios del despacho de Ana. Eduardo acude a comisar\u00eda para hacerse cargo de la defensa. All\u00ed se pone de manifiesto el enorme parecido que hay entre abogado y cliente. Al llegar a casa, Eduardo comenta a sus padres que el detenido es un tipo muy extra\u00f1o, que no ha querido hablar nada. Tambi\u00e9n les habla del gran parecido f\u00edsico que hay entre ellos. Ana se queda en shock. iNo puede ser! Es imposible que sea \u00e9l. El pasado se hace presente. Comienza a recordar pasajes de su vida que la han marcado a lo largo de los a\u00f1os y que vuelven para desestabilizar su presente: el repudio de su familia, la p\u00e9rdida del amor, el nacimiento de su hijo, su boda con Samuel... La investigaci\u00f3n sigue su curso, y las cosas no son lo que parecen. Ana comienza a dudar de todo, pero tiene una certeza: su hijo debe quedar fuera del caso. \u00bfAsumir\u00e1 ella la defensa? \u00bfAlberto ser\u00e1 un asesino? El choque entre el pasado y el presente resulta inevitable \u00bfC\u00f3mo ser\u00e1 el reencuentro? \u00bfPodr\u00e1 Ana continuar con su vida? Y por \u00faltimo, \u00bfc\u00f3mo puede afectar a su matrimonio?\" \/>\n<meta property=\"og:url\" content=\"https:\/\/letrame.com\/catalogo\/producto\/una-vida-sin-verte\/\" \/>\n<meta property=\"og:site_name\" content=\"Catalogo | Letrame Grupo Editorial\" \/>\n<meta property=\"og:image\" content=\"https:\/\/letrame.com\/catalogo\/wp-content\/uploads\/2026\/04\/Portadacatalogounavidasinverte.jpg\" \/>\n\t<meta property=\"og:image:width\" content=\"1063\" \/>\n\t<meta property=\"og:image:height\" content=\"1559\" \/>\n\t<meta property=\"og:image:type\" content=\"image\/jpeg\" \/>\n<meta name=\"twitter:card\" content=\"summary_large_image\" \/>\n<meta name=\"twitter:label1\" content=\"Tiempo de lectura\" \/>\n\t<meta name=\"twitter:data1\" content=\"2 minutos\" \/>\n<script type=\"application\/ld+json\" class=\"yoast-schema-graph\">{\"@context\":\"https:\/\/schema.org\",\"@graph\":[{\"@type\":\"WebPage\",\"@id\":\"https:\/\/letrame.com\/catalogo\/producto\/una-vida-sin-verte\/\",\"url\":\"https:\/\/letrame.com\/catalogo\/producto\/una-vida-sin-verte\/\",\"name\":\"Una vida sin verte - Catalogo | Letrame Grupo Editorial\",\"isPartOf\":{\"@id\":\"https:\/\/letrame.com\/catalogo\/#website\"},\"primaryImageOfPage\":{\"@id\":\"https:\/\/letrame.com\/catalogo\/producto\/una-vida-sin-verte\/#primaryimage\"},\"image\":{\"@id\":\"https:\/\/letrame.com\/catalogo\/producto\/una-vida-sin-verte\/#primaryimage\"},\"thumbnailUrl\":\"https:\/\/letrame.com\/catalogo\/wp-content\/uploads\/2026\/04\/Portadacatalogounavidasinverte.jpg\",\"datePublished\":\"2026-04-10T11:14:05+00:00\",\"breadcrumb\":{\"@id\":\"https:\/\/letrame.com\/catalogo\/producto\/una-vida-sin-verte\/#breadcrumb\"},\"inLanguage\":\"es\",\"potentialAction\":[{\"@type\":\"ReadAction\",\"target\":[\"https:\/\/letrame.com\/catalogo\/producto\/una-vida-sin-verte\/\"]}]},{\"@type\":\"ImageObject\",\"inLanguage\":\"es\",\"@id\":\"https:\/\/letrame.com\/catalogo\/producto\/una-vida-sin-verte\/#primaryimage\",\"url\":\"https:\/\/letrame.com\/catalogo\/wp-content\/uploads\/2026\/04\/Portadacatalogounavidasinverte.jpg\",\"contentUrl\":\"https:\/\/letrame.com\/catalogo\/wp-content\/uploads\/2026\/04\/Portadacatalogounavidasinverte.jpg\",\"width\":1063,\"height\":1559},{\"@type\":\"BreadcrumbList\",\"@id\":\"https:\/\/letrame.com\/catalogo\/producto\/una-vida-sin-verte\/#breadcrumb\",\"itemListElement\":[{\"@type\":\"ListItem\",\"position\":1,\"name\":\"Portada\",\"item\":\"https:\/\/letrame.com\/catalogo\/\"},{\"@type\":\"ListItem\",\"position\":2,\"name\":\"Cat\u00e1logo\",\"item\":\"https:\/\/letrame.com\/catalogo\/\"},{\"@type\":\"ListItem\",\"position\":3,\"name\":\"Una vida sin verte\"}]},{\"@type\":\"WebSite\",\"@id\":\"https:\/\/letrame.com\/catalogo\/#website\",\"url\":\"https:\/\/letrame.com\/catalogo\/\",\"name\":\"Catalogo | Letrame Grupo Editorial\",\"description\":\"\",\"publisher\":{\"@id\":\"https:\/\/letrame.com\/catalogo\/#organization\"},\"potentialAction\":[{\"@type\":\"SearchAction\",\"target\":{\"@type\":\"EntryPoint\",\"urlTemplate\":\"https:\/\/letrame.com\/catalogo\/?s={search_term_string}\"},\"query-input\":{\"@type\":\"PropertyValueSpecification\",\"valueRequired\":true,\"valueName\":\"search_term_string\"}}],\"inLanguage\":\"es\"},{\"@type\":\"Organization\",\"@id\":\"https:\/\/letrame.com\/catalogo\/#organization\",\"name\":\"Catalogo | Letrame Grupo Editorial\",\"url\":\"https:\/\/letrame.com\/catalogo\/\",\"logo\":{\"@type\":\"ImageObject\",\"inLanguage\":\"es\",\"@id\":\"https:\/\/letrame.com\/catalogo\/#\/schema\/logo\/image\/\",\"url\":\"https:\/\/letrame.com\/catalogo\/wp-content\/uploads\/2024\/03\/logo2.webp\",\"contentUrl\":\"https:\/\/letrame.com\/catalogo\/wp-content\/uploads\/2024\/03\/logo2.webp\",\"width\":394,\"height\":128,\"caption\":\"Catalogo | Letrame Grupo Editorial\"},\"image\":{\"@id\":\"https:\/\/letrame.com\/catalogo\/#\/schema\/logo\/image\/\"}}]}<\/script>\n<!-- \/ Yoast SEO plugin. -->","yoast_head_json":{"title":"Una vida sin verte - Catalogo | Letrame Grupo Editorial","robots":{"index":"index","follow":"follow","max-snippet":"max-snippet:-1","max-image-preview":"max-image-preview:large","max-video-preview":"max-video-preview:-1"},"canonical":"https:\/\/letrame.com\/catalogo\/producto\/una-vida-sin-verte\/","og_locale":"es_ES","og_type":"article","og_title":"Una vida sin verte - Catalogo | Letrame Grupo Editorial","og_description":"ISBN: 9791370290153 SINOPSIS Ana lleva una vida tranquila junto a su marido Samuel y su hijo Eduardo. Es due\u00f1a y directora de un importante bufete de abogados de Sevilla, donde tambi\u00e9n trabaja su hijo. Alberto ha sido detenido como sospechoso del asesinato de su esposa y contrata los servicios del despacho de Ana. Eduardo acude a comisar\u00eda para hacerse cargo de la defensa. All\u00ed se pone de manifiesto el enorme parecido que hay entre abogado y cliente. Al llegar a casa, Eduardo comenta a sus padres que el detenido es un tipo muy extra\u00f1o, que no ha querido hablar nada. Tambi\u00e9n les habla del gran parecido f\u00edsico que hay entre ellos. Ana se queda en shock. iNo puede ser! Es imposible que sea \u00e9l. El pasado se hace presente. Comienza a recordar pasajes de su vida que la han marcado a lo largo de los a\u00f1os y que vuelven para desestabilizar su presente: el repudio de su familia, la p\u00e9rdida del amor, el nacimiento de su hijo, su boda con Samuel... La investigaci\u00f3n sigue su curso, y las cosas no son lo que parecen. Ana comienza a dudar de todo, pero tiene una certeza: su hijo debe quedar fuera del caso. \u00bfAsumir\u00e1 ella la defensa? \u00bfAlberto ser\u00e1 un asesino? El choque entre el pasado y el presente resulta inevitable \u00bfC\u00f3mo ser\u00e1 el reencuentro? \u00bfPodr\u00e1 Ana continuar con su vida? Y por \u00faltimo, \u00bfc\u00f3mo puede afectar a su matrimonio?","og_url":"https:\/\/letrame.com\/catalogo\/producto\/una-vida-sin-verte\/","og_site_name":"Catalogo | Letrame Grupo Editorial","og_image":[{"width":1063,"height":1559,"url":"https:\/\/letrame.com\/catalogo\/wp-content\/uploads\/2026\/04\/Portadacatalogounavidasinverte.jpg","type":"image\/jpeg"}],"twitter_card":"summary_large_image","twitter_misc":{"Tiempo de lectura":"2 minutos"},"schema":{"@context":"https:\/\/schema.org","@graph":[{"@type":"WebPage","@id":"https:\/\/letrame.com\/catalogo\/producto\/una-vida-sin-verte\/","url":"https:\/\/letrame.com\/catalogo\/producto\/una-vida-sin-verte\/","name":"Una vida sin verte - Catalogo | Letrame Grupo Editorial","isPartOf":{"@id":"https:\/\/letrame.com\/catalogo\/#website"},"primaryImageOfPage":{"@id":"https:\/\/letrame.com\/catalogo\/producto\/una-vida-sin-verte\/#primaryimage"},"image":{"@id":"https:\/\/letrame.com\/catalogo\/producto\/una-vida-sin-verte\/#primaryimage"},"thumbnailUrl":"https:\/\/letrame.com\/catalogo\/wp-content\/uploads\/2026\/04\/Portadacatalogounavidasinverte.jpg","datePublished":"2026-04-10T11:14:05+00:00","breadcrumb":{"@id":"https:\/\/letrame.com\/catalogo\/producto\/una-vida-sin-verte\/#breadcrumb"},"inLanguage":"es","potentialAction":[{"@type":"ReadAction","target":["https:\/\/letrame.com\/catalogo\/producto\/una-vida-sin-verte\/"]}]},{"@type":"ImageObject","inLanguage":"es","@id":"https:\/\/letrame.com\/catalogo\/producto\/una-vida-sin-verte\/#primaryimage","url":"https:\/\/letrame.com\/catalogo\/wp-content\/uploads\/2026\/04\/Portadacatalogounavidasinverte.jpg","contentUrl":"https:\/\/letrame.com\/catalogo\/wp-content\/uploads\/2026\/04\/Portadacatalogounavidasinverte.jpg","width":1063,"height":1559},{"@type":"BreadcrumbList","@id":"https:\/\/letrame.com\/catalogo\/producto\/una-vida-sin-verte\/#breadcrumb","itemListElement":[{"@type":"ListItem","position":1,"name":"Portada","item":"https:\/\/letrame.com\/catalogo\/"},{"@type":"ListItem","position":2,"name":"Cat\u00e1logo","item":"https:\/\/letrame.com\/catalogo\/"},{"@type":"ListItem","position":3,"name":"Una vida sin verte"}]},{"@type":"WebSite","@id":"https:\/\/letrame.com\/catalogo\/#website","url":"https:\/\/letrame.com\/catalogo\/","name":"Catalogo | Letrame Grupo Editorial","description":"","publisher":{"@id":"https:\/\/letrame.com\/catalogo\/#organization"},"potentialAction":[{"@type":"SearchAction","target":{"@type":"EntryPoint","urlTemplate":"https:\/\/letrame.com\/catalogo\/?s={search_term_string}"},"query-input":{"@type":"PropertyValueSpecification","valueRequired":true,"valueName":"search_term_string"}}],"inLanguage":"es"},{"@type":"Organization","@id":"https:\/\/letrame.com\/catalogo\/#organization","name":"Catalogo | Letrame Grupo Editorial","url":"https:\/\/letrame.com\/catalogo\/","logo":{"@type":"ImageObject","inLanguage":"es","@id":"https:\/\/letrame.com\/catalogo\/#\/schema\/logo\/image\/","url":"https:\/\/letrame.com\/catalogo\/wp-content\/uploads\/2024\/03\/logo2.webp","contentUrl":"https:\/\/letrame.com\/catalogo\/wp-content\/uploads\/2024\/03\/logo2.webp","width":394,"height":128,"caption":"Catalogo | Letrame Grupo Editorial"},"image":{"@id":"https:\/\/letrame.com\/catalogo\/#\/schema\/logo\/image\/"}}]}},"_links":{"self":[{"href":"https:\/\/letrame.com\/catalogo\/wp-json\/wp\/v2\/product\/111783","targetHints":{"allow":["GET"]}}],"collection":[{"href":"https:\/\/letrame.com\/catalogo\/wp-json\/wp\/v2\/product"}],"about":[{"href":"https:\/\/letrame.com\/catalogo\/wp-json\/wp\/v2\/types\/product"}],"replies":[{"embeddable":true,"href":"https:\/\/letrame.com\/catalogo\/wp-json\/wp\/v2\/comments?post=111783"}],"acf:post":[{"embeddable":true,"href":"https:\/\/letrame.com\/catalogo\/wp-json\/wp\/v2\/author_book\/111784"}],"wp:featuredmedia":[{"embeddable":true,"href":"https:\/\/letrame.com\/catalogo\/wp-json\/wp\/v2\/media\/111785"}],"wp:attachment":[{"href":"https:\/\/letrame.com\/catalogo\/wp-json\/wp\/v2\/media?parent=111783"}],"wp:term":[{"taxonomy":"libro","embeddable":true,"href":"https:\/\/letrame.com\/catalogo\/wp-json\/wp\/v2\/libro?post=111783"},{"taxonomy":"product_brand","embeddable":true,"href":"https:\/\/letrame.com\/catalogo\/wp-json\/wp\/v2\/product_brand?post=111783"},{"taxonomy":"product_cat","embeddable":true,"href":"https:\/\/letrame.com\/catalogo\/wp-json\/wp\/v2\/product_cat?post=111783"},{"taxonomy":"product_tag","embeddable":true,"href":"https:\/\/letrame.com\/catalogo\/wp-json\/wp\/v2\/product_tag?post=111783"}],"curies":[{"name":"wp","href":"https:\/\/api.w.org\/{rel}","templated":true}]}}