{"id":111775,"date":"2026-04-10T12:54:40","date_gmt":"2026-04-10T10:54:40","guid":{"rendered":"https:\/\/letrame.com\/catalogo\/?post_type=product&#038;p=111775"},"modified":"2026-04-10T12:54:42","modified_gmt":"2026-04-10T10:54:42","slug":"el-juego-de-los-grandes-tomo-ii","status":"publish","type":"product","link":"https:\/\/letrame.com\/catalogo\/producto\/el-juego-de-los-grandes-tomo-ii\/","title":{"rendered":"El juego de los grandes. Tomo II"},"content":{"rendered":"<p class=\"p1\"><b>ISBN: 9791370293635<\/b><b><\/b><\/p>\n<p class=\"p1\"><b>T\u00edtulo: El juego de los grandes. Tomo II Mi diario<\/b><br \/>\n<b>Fecha: 2025<\/b><br \/>\n<b>P\u00e1ginas: 598<\/b><b><\/b><\/p>\n<p class=\"p1\"><b>SINOPSIS<\/b><\/p>\n<p class=\"p1\">Rendirse no es una opci\u00f3n.<\/p>\n<p class=\"p1\">\u00c1frica cada d\u00eda abr\u00eda una puerta distinta al miedo y a lo inesperado, pero el autor nos demuestra que ninguno somos conscientes de nuestras capacidades reales hasta que nos ponen al l\u00edmite.<\/p>\n<p class=\"p1\">En El juego de los grandes, TOMO II, Ram\u00f3n Mart\u00ednez contin\u00faa con el relato de su expedici\u00f3n por Zimbabue ahora en un terreno todav\u00eda mucho m\u00e1s exigente, donde los riesgos son mucho m\u00e1s palpables y la soledad pesa con m\u00e1s fuerza. Persecuciones trepidantes, encuentros inesperados con la naturaleza y lazos humanos que se forjan en situaciones l\u00edmite.<\/p>\n<p class=\"p1\">Mart\u00ednez vuelve a mostrarnos que la aventura no est\u00e1 en los mapas, sino en la forma en que uno lo vive.<\/p>\n<p class=\"p1\">Este tomo es el retrato de un hombre puesto a prueba por situaciones extremas, la incertidumbre y sus propias limitaciones, pero tambi\u00e9n es el relato de la risa compartida, de la amistad que surge sin plantearla y de la necesidad de escribir para no olvidar lo vivido.<\/p>\n<p class=\"p1\">El juego de los grandes es, en su segunda entrega, un recordatorio de que las experiencias m\u00e1s intensas se construyen minuto a minuto, d\u00eda a d\u00eda, y que el verdadero viaje siempre ocurre en el interior de quien se atreve a vivirlo.<\/p>\n","protected":false},"excerpt":{"rendered":"<p class=\"p1\"><b>ISBN: 9791370293635<\/b><b><\/b><\/p>\n<p class=\"p1\"><b>SINOPSIS<\/b><\/p>\n<p class=\"p1\">Rendirse no es una opci\u00f3n.<\/p>\n<p class=\"p1\">\u00c1frica cada d\u00eda abr\u00eda una puerta distinta al miedo y a lo inesperado, pero el autor nos demuestra que ninguno somos conscientes de nuestras capacidades reales hasta que nos ponen al l\u00edmite.<\/p>\n<p class=\"p1\">En El juego de los grandes, TOMO II, Ram\u00f3n Mart\u00ednez contin\u00faa con el relato de su expedici\u00f3n por Zimbabue ahora en un terreno todav\u00eda mucho m\u00e1s exigente, donde los riesgos son mucho m\u00e1s palpables y la soledad pesa con m\u00e1s fuerza. Persecuciones trepidantes, encuentros inesperados con la naturaleza y lazos humanos que se forjan en situaciones l\u00edmite.<\/p>\n<p class=\"p1\">Mart\u00ednez vuelve a mostrarnos que la aventura no est\u00e1 en los mapas, sino en la forma en que uno lo vive.<\/p>\n<p class=\"p1\">Este tomo es el retrato de un hombre puesto a prueba por situaciones extremas, la incertidumbre y sus propias limitaciones, pero tambi\u00e9n es el relato de la risa compartida, de la amistad que surge sin plantearla y de la necesidad de escribir para no olvidar lo vivido.<\/p>\n<p class=\"p1\">El juego de los grandes es, en su segunda entrega, un recordatorio de que las experiencias m\u00e1s intensas se construyen minuto a minuto, d\u00eda a d\u00eda, y que el verdadero viaje siempre ocurre en el interior de quien se atreve a vivirlo.<\/p>\n","protected":false},"featured_media":111776,"comment_status":"open","ping_status":"closed","template":"","meta":{"_acf_changed":false},"libro":[],"product_brand":[],"product_cat":[115],"product_tag":[],"class_list":{"0":"post-111775","1":"product","2":"type-product","3":"status-publish","4":"has-post-thumbnail","6":"product_cat-aventuraviajes","8":"first","9":"instock","10":"shipping-taxable","11":"product-type-simple"},"acf":{"autor":[111620],"enlace_de_compra":"https:\/\/amzn.to\/4vli76v"},"yoast_head":"<!-- This site is optimized with the Yoast SEO plugin v26.6 - https:\/\/yoast.com\/wordpress\/plugins\/seo\/ -->\n<title>El juego de los grandes. Tomo II - Catalogo | Letrame Grupo Editorial<\/title>\n<meta name=\"robots\" content=\"index, follow, max-snippet:-1, max-image-preview:large, max-video-preview:-1\" \/>\n<link rel=\"canonical\" href=\"https:\/\/letrame.com\/catalogo\/producto\/el-juego-de-los-grandes-tomo-ii\/\" \/>\n<meta property=\"og:locale\" content=\"es_ES\" \/>\n<meta property=\"og:type\" content=\"article\" \/>\n<meta property=\"og:title\" content=\"El juego de los grandes. Tomo II - Catalogo | Letrame Grupo Editorial\" \/>\n<meta property=\"og:description\" content=\"ISBN: 9791370293635 SINOPSIS Rendirse no es una opci\u00f3n. \u00c1frica cada d\u00eda abr\u00eda una puerta distinta al miedo y a lo inesperado, pero el autor nos demuestra que ninguno somos conscientes de nuestras capacidades reales hasta que nos ponen al l\u00edmite. En El juego de los grandes, TOMO II, Ram\u00f3n Mart\u00ednez contin\u00faa con el relato de su expedici\u00f3n por Zimbabue ahora en un terreno todav\u00eda mucho m\u00e1s exigente, donde los riesgos son mucho m\u00e1s palpables y la soledad pesa con m\u00e1s fuerza. Persecuciones trepidantes, encuentros inesperados con la naturaleza y lazos humanos que se forjan en situaciones l\u00edmite. Mart\u00ednez vuelve a mostrarnos que la aventura no est\u00e1 en los mapas, sino en la forma en que uno lo vive. Este tomo es el retrato de un hombre puesto a prueba por situaciones extremas, la incertidumbre y sus propias limitaciones, pero tambi\u00e9n es el relato de la risa compartida, de la amistad que surge sin plantearla y de la necesidad de escribir para no olvidar lo vivido. El juego de los grandes es, en su segunda entrega, un recordatorio de que las experiencias m\u00e1s intensas se construyen minuto a minuto, d\u00eda a d\u00eda, y que el verdadero viaje siempre ocurre en el interior de quien se atreve a vivirlo.\" \/>\n<meta property=\"og:url\" content=\"https:\/\/letrame.com\/catalogo\/producto\/el-juego-de-los-grandes-tomo-ii\/\" \/>\n<meta property=\"og:site_name\" content=\"Catalogo | Letrame Grupo Editorial\" \/>\n<meta property=\"article:modified_time\" content=\"2026-04-10T10:54:42+00:00\" \/>\n<meta property=\"og:image\" content=\"https:\/\/letrame.com\/catalogo\/wp-content\/uploads\/2026\/04\/eljuegodelosgrandes_231mm4.jpg\" \/>\n\t<meta property=\"og:image:width\" content=\"502\" \/>\n\t<meta property=\"og:image:height\" content=\"709\" \/>\n\t<meta property=\"og:image:type\" content=\"image\/jpeg\" \/>\n<meta name=\"twitter:card\" content=\"summary_large_image\" \/>\n<meta name=\"twitter:label1\" content=\"Tiempo de lectura\" \/>\n\t<meta name=\"twitter:data1\" content=\"2 minutos\" \/>\n<script type=\"application\/ld+json\" class=\"yoast-schema-graph\">{\"@context\":\"https:\/\/schema.org\",\"@graph\":[{\"@type\":\"WebPage\",\"@id\":\"https:\/\/letrame.com\/catalogo\/producto\/el-juego-de-los-grandes-tomo-ii\/\",\"url\":\"https:\/\/letrame.com\/catalogo\/producto\/el-juego-de-los-grandes-tomo-ii\/\",\"name\":\"El juego de los grandes. Tomo II - Catalogo | Letrame Grupo Editorial\",\"isPartOf\":{\"@id\":\"https:\/\/letrame.com\/catalogo\/#website\"},\"primaryImageOfPage\":{\"@id\":\"https:\/\/letrame.com\/catalogo\/producto\/el-juego-de-los-grandes-tomo-ii\/#primaryimage\"},\"image\":{\"@id\":\"https:\/\/letrame.com\/catalogo\/producto\/el-juego-de-los-grandes-tomo-ii\/#primaryimage\"},\"thumbnailUrl\":\"https:\/\/letrame.com\/catalogo\/wp-content\/uploads\/2026\/04\/eljuegodelosgrandes_231mm4.jpg\",\"datePublished\":\"2026-04-10T10:54:40+00:00\",\"dateModified\":\"2026-04-10T10:54:42+00:00\",\"breadcrumb\":{\"@id\":\"https:\/\/letrame.com\/catalogo\/producto\/el-juego-de-los-grandes-tomo-ii\/#breadcrumb\"},\"inLanguage\":\"es\",\"potentialAction\":[{\"@type\":\"ReadAction\",\"target\":[\"https:\/\/letrame.com\/catalogo\/producto\/el-juego-de-los-grandes-tomo-ii\/\"]}]},{\"@type\":\"ImageObject\",\"inLanguage\":\"es\",\"@id\":\"https:\/\/letrame.com\/catalogo\/producto\/el-juego-de-los-grandes-tomo-ii\/#primaryimage\",\"url\":\"https:\/\/letrame.com\/catalogo\/wp-content\/uploads\/2026\/04\/eljuegodelosgrandes_231mm4.jpg\",\"contentUrl\":\"https:\/\/letrame.com\/catalogo\/wp-content\/uploads\/2026\/04\/eljuegodelosgrandes_231mm4.jpg\",\"width\":502,\"height\":709},{\"@type\":\"BreadcrumbList\",\"@id\":\"https:\/\/letrame.com\/catalogo\/producto\/el-juego-de-los-grandes-tomo-ii\/#breadcrumb\",\"itemListElement\":[{\"@type\":\"ListItem\",\"position\":1,\"name\":\"Portada\",\"item\":\"https:\/\/letrame.com\/catalogo\/\"},{\"@type\":\"ListItem\",\"position\":2,\"name\":\"Cat\u00e1logo\",\"item\":\"https:\/\/letrame.com\/catalogo\/\"},{\"@type\":\"ListItem\",\"position\":3,\"name\":\"El juego de los grandes. Tomo II\"}]},{\"@type\":\"WebSite\",\"@id\":\"https:\/\/letrame.com\/catalogo\/#website\",\"url\":\"https:\/\/letrame.com\/catalogo\/\",\"name\":\"Catalogo | Letrame Grupo Editorial\",\"description\":\"\",\"publisher\":{\"@id\":\"https:\/\/letrame.com\/catalogo\/#organization\"},\"potentialAction\":[{\"@type\":\"SearchAction\",\"target\":{\"@type\":\"EntryPoint\",\"urlTemplate\":\"https:\/\/letrame.com\/catalogo\/?s={search_term_string}\"},\"query-input\":{\"@type\":\"PropertyValueSpecification\",\"valueRequired\":true,\"valueName\":\"search_term_string\"}}],\"inLanguage\":\"es\"},{\"@type\":\"Organization\",\"@id\":\"https:\/\/letrame.com\/catalogo\/#organization\",\"name\":\"Catalogo | Letrame Grupo Editorial\",\"url\":\"https:\/\/letrame.com\/catalogo\/\",\"logo\":{\"@type\":\"ImageObject\",\"inLanguage\":\"es\",\"@id\":\"https:\/\/letrame.com\/catalogo\/#\/schema\/logo\/image\/\",\"url\":\"https:\/\/letrame.com\/catalogo\/wp-content\/uploads\/2024\/03\/logo2.webp\",\"contentUrl\":\"https:\/\/letrame.com\/catalogo\/wp-content\/uploads\/2024\/03\/logo2.webp\",\"width\":394,\"height\":128,\"caption\":\"Catalogo | Letrame Grupo Editorial\"},\"image\":{\"@id\":\"https:\/\/letrame.com\/catalogo\/#\/schema\/logo\/image\/\"}}]}<\/script>\n<!-- \/ Yoast SEO plugin. -->","yoast_head_json":{"title":"El juego de los grandes. Tomo II - Catalogo | Letrame Grupo Editorial","robots":{"index":"index","follow":"follow","max-snippet":"max-snippet:-1","max-image-preview":"max-image-preview:large","max-video-preview":"max-video-preview:-1"},"canonical":"https:\/\/letrame.com\/catalogo\/producto\/el-juego-de-los-grandes-tomo-ii\/","og_locale":"es_ES","og_type":"article","og_title":"El juego de los grandes. Tomo II - Catalogo | Letrame Grupo Editorial","og_description":"ISBN: 9791370293635 SINOPSIS Rendirse no es una opci\u00f3n. \u00c1frica cada d\u00eda abr\u00eda una puerta distinta al miedo y a lo inesperado, pero el autor nos demuestra que ninguno somos conscientes de nuestras capacidades reales hasta que nos ponen al l\u00edmite. En El juego de los grandes, TOMO II, Ram\u00f3n Mart\u00ednez contin\u00faa con el relato de su expedici\u00f3n por Zimbabue ahora en un terreno todav\u00eda mucho m\u00e1s exigente, donde los riesgos son mucho m\u00e1s palpables y la soledad pesa con m\u00e1s fuerza. Persecuciones trepidantes, encuentros inesperados con la naturaleza y lazos humanos que se forjan en situaciones l\u00edmite. Mart\u00ednez vuelve a mostrarnos que la aventura no est\u00e1 en los mapas, sino en la forma en que uno lo vive. Este tomo es el retrato de un hombre puesto a prueba por situaciones extremas, la incertidumbre y sus propias limitaciones, pero tambi\u00e9n es el relato de la risa compartida, de la amistad que surge sin plantearla y de la necesidad de escribir para no olvidar lo vivido. El juego de los grandes es, en su segunda entrega, un recordatorio de que las experiencias m\u00e1s intensas se construyen minuto a minuto, d\u00eda a d\u00eda, y que el verdadero viaje siempre ocurre en el interior de quien se atreve a vivirlo.","og_url":"https:\/\/letrame.com\/catalogo\/producto\/el-juego-de-los-grandes-tomo-ii\/","og_site_name":"Catalogo | Letrame Grupo Editorial","article_modified_time":"2026-04-10T10:54:42+00:00","og_image":[{"width":502,"height":709,"url":"https:\/\/letrame.com\/catalogo\/wp-content\/uploads\/2026\/04\/eljuegodelosgrandes_231mm4.jpg","type":"image\/jpeg"}],"twitter_card":"summary_large_image","twitter_misc":{"Tiempo de lectura":"2 minutos"},"schema":{"@context":"https:\/\/schema.org","@graph":[{"@type":"WebPage","@id":"https:\/\/letrame.com\/catalogo\/producto\/el-juego-de-los-grandes-tomo-ii\/","url":"https:\/\/letrame.com\/catalogo\/producto\/el-juego-de-los-grandes-tomo-ii\/","name":"El juego de los grandes. Tomo II - Catalogo | Letrame Grupo Editorial","isPartOf":{"@id":"https:\/\/letrame.com\/catalogo\/#website"},"primaryImageOfPage":{"@id":"https:\/\/letrame.com\/catalogo\/producto\/el-juego-de-los-grandes-tomo-ii\/#primaryimage"},"image":{"@id":"https:\/\/letrame.com\/catalogo\/producto\/el-juego-de-los-grandes-tomo-ii\/#primaryimage"},"thumbnailUrl":"https:\/\/letrame.com\/catalogo\/wp-content\/uploads\/2026\/04\/eljuegodelosgrandes_231mm4.jpg","datePublished":"2026-04-10T10:54:40+00:00","dateModified":"2026-04-10T10:54:42+00:00","breadcrumb":{"@id":"https:\/\/letrame.com\/catalogo\/producto\/el-juego-de-los-grandes-tomo-ii\/#breadcrumb"},"inLanguage":"es","potentialAction":[{"@type":"ReadAction","target":["https:\/\/letrame.com\/catalogo\/producto\/el-juego-de-los-grandes-tomo-ii\/"]}]},{"@type":"ImageObject","inLanguage":"es","@id":"https:\/\/letrame.com\/catalogo\/producto\/el-juego-de-los-grandes-tomo-ii\/#primaryimage","url":"https:\/\/letrame.com\/catalogo\/wp-content\/uploads\/2026\/04\/eljuegodelosgrandes_231mm4.jpg","contentUrl":"https:\/\/letrame.com\/catalogo\/wp-content\/uploads\/2026\/04\/eljuegodelosgrandes_231mm4.jpg","width":502,"height":709},{"@type":"BreadcrumbList","@id":"https:\/\/letrame.com\/catalogo\/producto\/el-juego-de-los-grandes-tomo-ii\/#breadcrumb","itemListElement":[{"@type":"ListItem","position":1,"name":"Portada","item":"https:\/\/letrame.com\/catalogo\/"},{"@type":"ListItem","position":2,"name":"Cat\u00e1logo","item":"https:\/\/letrame.com\/catalogo\/"},{"@type":"ListItem","position":3,"name":"El juego de los grandes. Tomo II"}]},{"@type":"WebSite","@id":"https:\/\/letrame.com\/catalogo\/#website","url":"https:\/\/letrame.com\/catalogo\/","name":"Catalogo | Letrame Grupo Editorial","description":"","publisher":{"@id":"https:\/\/letrame.com\/catalogo\/#organization"},"potentialAction":[{"@type":"SearchAction","target":{"@type":"EntryPoint","urlTemplate":"https:\/\/letrame.com\/catalogo\/?s={search_term_string}"},"query-input":{"@type":"PropertyValueSpecification","valueRequired":true,"valueName":"search_term_string"}}],"inLanguage":"es"},{"@type":"Organization","@id":"https:\/\/letrame.com\/catalogo\/#organization","name":"Catalogo | Letrame Grupo Editorial","url":"https:\/\/letrame.com\/catalogo\/","logo":{"@type":"ImageObject","inLanguage":"es","@id":"https:\/\/letrame.com\/catalogo\/#\/schema\/logo\/image\/","url":"https:\/\/letrame.com\/catalogo\/wp-content\/uploads\/2024\/03\/logo2.webp","contentUrl":"https:\/\/letrame.com\/catalogo\/wp-content\/uploads\/2024\/03\/logo2.webp","width":394,"height":128,"caption":"Catalogo | Letrame Grupo Editorial"},"image":{"@id":"https:\/\/letrame.com\/catalogo\/#\/schema\/logo\/image\/"}}]}},"_links":{"self":[{"href":"https:\/\/letrame.com\/catalogo\/wp-json\/wp\/v2\/product\/111775","targetHints":{"allow":["GET"]}}],"collection":[{"href":"https:\/\/letrame.com\/catalogo\/wp-json\/wp\/v2\/product"}],"about":[{"href":"https:\/\/letrame.com\/catalogo\/wp-json\/wp\/v2\/types\/product"}],"replies":[{"embeddable":true,"href":"https:\/\/letrame.com\/catalogo\/wp-json\/wp\/v2\/comments?post=111775"}],"acf:post":[{"embeddable":true,"href":"https:\/\/letrame.com\/catalogo\/wp-json\/wp\/v2\/author_book\/111620"}],"wp:featuredmedia":[{"embeddable":true,"href":"https:\/\/letrame.com\/catalogo\/wp-json\/wp\/v2\/media\/111776"}],"wp:attachment":[{"href":"https:\/\/letrame.com\/catalogo\/wp-json\/wp\/v2\/media?parent=111775"}],"wp:term":[{"taxonomy":"libro","embeddable":true,"href":"https:\/\/letrame.com\/catalogo\/wp-json\/wp\/v2\/libro?post=111775"},{"taxonomy":"product_brand","embeddable":true,"href":"https:\/\/letrame.com\/catalogo\/wp-json\/wp\/v2\/product_brand?post=111775"},{"taxonomy":"product_cat","embeddable":true,"href":"https:\/\/letrame.com\/catalogo\/wp-json\/wp\/v2\/product_cat?post=111775"},{"taxonomy":"product_tag","embeddable":true,"href":"https:\/\/letrame.com\/catalogo\/wp-json\/wp\/v2\/product_tag?post=111775"}],"curies":[{"name":"wp","href":"https:\/\/api.w.org\/{rel}","templated":true}]}}