{"id":111762,"date":"2026-04-08T13:35:07","date_gmt":"2026-04-08T11:35:07","guid":{"rendered":"https:\/\/letrame.com\/catalogo\/?post_type=product&#038;p=111762"},"modified":"2026-04-08T13:35:07","modified_gmt":"2026-04-08T11:35:07","slug":"el-corazon-cosmico","status":"publish","type":"product","link":"https:\/\/letrame.com\/catalogo\/producto\/el-corazon-cosmico\/","title":{"rendered":"El coraz\u00f3n c\u00f3smico"},"content":{"rendered":"<p><strong>ISBN: 9791370293154<\/strong><br \/>\n<strong>T\u00edtulo: El coraz\u00f3n c\u00f3smico<\/strong><br \/>\n<strong>Fecha: 2025<\/strong><br \/>\n<strong>P\u00e1ginas: 110<\/strong><\/p>\n<p><strong>SINOPSIS<\/strong><\/p>\n<p data-start=\"104\" data-end=\"202\">El Coraz\u00f3n C\u00f3smico es una propuesta integra de como es y funciona el Universo en el que vivimos.<\/p>\n<p data-start=\"204\" data-end=\"511\">Describe con detalles te\u00f3ricos y sin formulas complicadas un modelo compacto sobre las part\u00edculas infinitesimales que lo conforman, umis, su concepto, su forma, sus tipos y enlaces, desarrollando un sistema ordenado de como funcionan y como crean el Coraz\u00f3n C\u00f3smico que es el Universo en el cual viajamos.<\/p>\n<p data-start=\"513\" data-end=\"728\">El Coraz\u00f3n C\u00f3smico cumple con eventos f\u00edsicos actualmente observados como es la expansi\u00f3n del Universo, la existencia del Gran Atractor, la Isotrop\u00eda y la Zona de Estabilidad en la que la vida puede desarrollarse.<\/p>\n<p data-start=\"730\" data-end=\"949\">Introduce muchos conceptos nuevos como el Coraz\u00f3n C\u00f3smico propiamente dicho, el Huevo C\u00f3smico, el Polo de Expulsi\u00f3n y la Zona de Expansi\u00f3n de la red, La Red, el Polo de Succi\u00f3n y la Zona de Contracci\u00f3n, las umis, etc.<\/p>\n<p data-start=\"951\" data-end=\"1094\">Niega la existencia del big bang y en su lugar propone la existencia de bangs o mini bangs que han existido, existen y existir\u00e1n por siempre.<\/p>\n","protected":false},"excerpt":{"rendered":"<p><strong>ISBN: 9791370293154<\/strong><\/p>\n<p><strong>SINOPSIS<\/strong><\/p>\n<p data-start=\"104\" data-end=\"202\">El Coraz\u00f3n C\u00f3smico es una propuesta integra de como es y funciona el Universo en el que vivimos.<\/p>\n<p data-start=\"204\" data-end=\"511\">Describe con detalles te\u00f3ricos y sin formulas complicadas un modelo compacto sobre las part\u00edculas infinitesimales que lo conforman, umis, su concepto, su forma, sus tipos y enlaces, desarrollando un sistema ordenado de como funcionan y como crean el Coraz\u00f3n C\u00f3smico que es el Universo en el cual viajamos.<\/p>\n<p data-start=\"513\" data-end=\"728\">El Coraz\u00f3n C\u00f3smico cumple con eventos f\u00edsicos actualmente observados como es la expansi\u00f3n del Universo, la existencia del Gran Atractor, la Isotrop\u00eda y la Zona de Estabilidad en la que la vida puede desarrollarse.<\/p>\n<p data-start=\"730\" data-end=\"949\">Introduce muchos conceptos nuevos como el Coraz\u00f3n C\u00f3smico propiamente dicho, el Huevo C\u00f3smico, el Polo de Expulsi\u00f3n y la Zona de Expansi\u00f3n de la red, La Red, el Polo de Succi\u00f3n y la Zona de Contracci\u00f3n, las umis, etc.<\/p>\n<p data-start=\"951\" data-end=\"1094\">Niega la existencia del big bang y en su lugar propone la existencia de bangs o mini bangs que han existido, existen y existir\u00e1n por siempre.<\/p>\n","protected":false},"featured_media":111766,"comment_status":"open","ping_status":"closed","template":"","meta":{"_acf_changed":false},"libro":[],"product_brand":[],"product_cat":[141],"product_tag":[],"class_list":{"0":"post-111762","1":"product","2":"type-product","3":"status-publish","4":"has-post-thumbnail","6":"product_cat-ficcion","8":"first","9":"instock","10":"shipping-taxable","11":"product-type-simple"},"acf":{"autor":[111763],"enlace_de_compra":"https:\/\/amzn.to\/4vjfUs3"},"yoast_head":"<!-- This site is optimized with the Yoast SEO plugin v27.4 - https:\/\/yoast.com\/product\/yoast-seo-wordpress\/ -->\n<title>El coraz\u00f3n c\u00f3smico - Catalogo | Letrame Grupo Editorial<\/title>\n<meta name=\"robots\" content=\"index, follow, max-snippet:-1, max-image-preview:large, max-video-preview:-1\" \/>\n<link rel=\"canonical\" href=\"https:\/\/letrame.com\/catalogo\/producto\/el-corazon-cosmico\/\" \/>\n<meta property=\"og:locale\" content=\"es_ES\" \/>\n<meta property=\"og:type\" content=\"article\" \/>\n<meta property=\"og:title\" content=\"El coraz\u00f3n c\u00f3smico - Catalogo | Letrame Grupo Editorial\" \/>\n<meta property=\"og:description\" content=\"ISBN: 9791370293154  SINOPSIS El Coraz\u00f3n C\u00f3smico es una propuesta integra de como es y funciona el Universo en el que vivimos. Describe con detalles te\u00f3ricos y sin formulas complicadas un modelo compacto sobre las part\u00edculas infinitesimales que lo conforman, umis, su concepto, su forma, sus tipos y enlaces, desarrollando un sistema ordenado de como funcionan y como crean el Coraz\u00f3n C\u00f3smico que es el Universo en el cual viajamos. El Coraz\u00f3n C\u00f3smico cumple con eventos f\u00edsicos actualmente observados como es la expansi\u00f3n del Universo, la existencia del Gran Atractor, la Isotrop\u00eda y la Zona de Estabilidad en la que la vida puede desarrollarse. Introduce muchos conceptos nuevos como el Coraz\u00f3n C\u00f3smico propiamente dicho, el Huevo C\u00f3smico, el Polo de Expulsi\u00f3n y la Zona de Expansi\u00f3n de la red, La Red, el Polo de Succi\u00f3n y la Zona de Contracci\u00f3n, las umis, etc. Niega la existencia del big bang y en su lugar propone la existencia de bangs o mini bangs que han existido, existen y existir\u00e1n por siempre.\" \/>\n<meta property=\"og:url\" content=\"https:\/\/letrame.com\/catalogo\/producto\/el-corazon-cosmico\/\" \/>\n<meta property=\"og:site_name\" content=\"Catalogo | Letrame Grupo Editorial\" \/>\n<meta property=\"og:image\" content=\"https:\/\/letrame.com\/catalogo\/wp-content\/uploads\/2026\/04\/elcorazoncosmico_624mm4.jpg\" \/>\n\t<meta property=\"og:image:width\" content=\"886\" \/>\n\t<meta property=\"og:image:height\" content=\"1240\" \/>\n\t<meta property=\"og:image:type\" content=\"image\/jpeg\" \/>\n<meta name=\"twitter:card\" content=\"summary_large_image\" \/>\n<meta name=\"twitter:label1\" content=\"Tiempo de lectura\" \/>\n\t<meta name=\"twitter:data1\" content=\"1 minuto\" \/>\n<script type=\"application\/ld+json\" class=\"yoast-schema-graph\">{\"@context\":\"https:\\\/\\\/schema.org\",\"@graph\":[{\"@type\":\"WebPage\",\"@id\":\"https:\\\/\\\/letrame.com\\\/catalogo\\\/producto\\\/el-corazon-cosmico\\\/\",\"url\":\"https:\\\/\\\/letrame.com\\\/catalogo\\\/producto\\\/el-corazon-cosmico\\\/\",\"name\":\"El coraz\u00f3n c\u00f3smico - Catalogo | Letrame Grupo Editorial\",\"isPartOf\":{\"@id\":\"https:\\\/\\\/letrame.com\\\/catalogo\\\/#website\"},\"primaryImageOfPage\":{\"@id\":\"https:\\\/\\\/letrame.com\\\/catalogo\\\/producto\\\/el-corazon-cosmico\\\/#primaryimage\"},\"image\":{\"@id\":\"https:\\\/\\\/letrame.com\\\/catalogo\\\/producto\\\/el-corazon-cosmico\\\/#primaryimage\"},\"thumbnailUrl\":\"https:\\\/\\\/letrame.com\\\/catalogo\\\/wp-content\\\/uploads\\\/2026\\\/04\\\/elcorazoncosmico_624mm4.jpg\",\"datePublished\":\"2026-04-08T11:35:07+00:00\",\"breadcrumb\":{\"@id\":\"https:\\\/\\\/letrame.com\\\/catalogo\\\/producto\\\/el-corazon-cosmico\\\/#breadcrumb\"},\"inLanguage\":\"es\",\"potentialAction\":[{\"@type\":\"ReadAction\",\"target\":[\"https:\\\/\\\/letrame.com\\\/catalogo\\\/producto\\\/el-corazon-cosmico\\\/\"]}]},{\"@type\":\"ImageObject\",\"inLanguage\":\"es\",\"@id\":\"https:\\\/\\\/letrame.com\\\/catalogo\\\/producto\\\/el-corazon-cosmico\\\/#primaryimage\",\"url\":\"https:\\\/\\\/letrame.com\\\/catalogo\\\/wp-content\\\/uploads\\\/2026\\\/04\\\/elcorazoncosmico_624mm4.jpg\",\"contentUrl\":\"https:\\\/\\\/letrame.com\\\/catalogo\\\/wp-content\\\/uploads\\\/2026\\\/04\\\/elcorazoncosmico_624mm4.jpg\",\"width\":886,\"height\":1240},{\"@type\":\"BreadcrumbList\",\"@id\":\"https:\\\/\\\/letrame.com\\\/catalogo\\\/producto\\\/el-corazon-cosmico\\\/#breadcrumb\",\"itemListElement\":[{\"@type\":\"ListItem\",\"position\":1,\"name\":\"Portada\",\"item\":\"https:\\\/\\\/letrame.com\\\/catalogo\\\/\"},{\"@type\":\"ListItem\",\"position\":2,\"name\":\"Cat\u00e1logo\",\"item\":\"https:\\\/\\\/letrame.com\\\/catalogo\\\/\"},{\"@type\":\"ListItem\",\"position\":3,\"name\":\"El coraz\u00f3n c\u00f3smico\"}]},{\"@type\":\"WebSite\",\"@id\":\"https:\\\/\\\/letrame.com\\\/catalogo\\\/#website\",\"url\":\"https:\\\/\\\/letrame.com\\\/catalogo\\\/\",\"name\":\"Catalogo | Letrame Grupo Editorial\",\"description\":\"\",\"publisher\":{\"@id\":\"https:\\\/\\\/letrame.com\\\/catalogo\\\/#organization\"},\"potentialAction\":[{\"@type\":\"SearchAction\",\"target\":{\"@type\":\"EntryPoint\",\"urlTemplate\":\"https:\\\/\\\/letrame.com\\\/catalogo\\\/?s={search_term_string}\"},\"query-input\":{\"@type\":\"PropertyValueSpecification\",\"valueRequired\":true,\"valueName\":\"search_term_string\"}}],\"inLanguage\":\"es\"},{\"@type\":\"Organization\",\"@id\":\"https:\\\/\\\/letrame.com\\\/catalogo\\\/#organization\",\"name\":\"Catalogo | Letrame Grupo Editorial\",\"url\":\"https:\\\/\\\/letrame.com\\\/catalogo\\\/\",\"logo\":{\"@type\":\"ImageObject\",\"inLanguage\":\"es\",\"@id\":\"https:\\\/\\\/letrame.com\\\/catalogo\\\/#\\\/schema\\\/logo\\\/image\\\/\",\"url\":\"https:\\\/\\\/letrame.com\\\/catalogo\\\/wp-content\\\/uploads\\\/2024\\\/03\\\/logo2.webp\",\"contentUrl\":\"https:\\\/\\\/letrame.com\\\/catalogo\\\/wp-content\\\/uploads\\\/2024\\\/03\\\/logo2.webp\",\"width\":394,\"height\":128,\"caption\":\"Catalogo | Letrame Grupo Editorial\"},\"image\":{\"@id\":\"https:\\\/\\\/letrame.com\\\/catalogo\\\/#\\\/schema\\\/logo\\\/image\\\/\"}}]}<\/script>\n<!-- \/ Yoast SEO plugin. -->","yoast_head_json":{"title":"El coraz\u00f3n c\u00f3smico - Catalogo | Letrame Grupo Editorial","robots":{"index":"index","follow":"follow","max-snippet":"max-snippet:-1","max-image-preview":"max-image-preview:large","max-video-preview":"max-video-preview:-1"},"canonical":"https:\/\/letrame.com\/catalogo\/producto\/el-corazon-cosmico\/","og_locale":"es_ES","og_type":"article","og_title":"El coraz\u00f3n c\u00f3smico - Catalogo | Letrame Grupo Editorial","og_description":"ISBN: 9791370293154  SINOPSIS El Coraz\u00f3n C\u00f3smico es una propuesta integra de como es y funciona el Universo en el que vivimos. Describe con detalles te\u00f3ricos y sin formulas complicadas un modelo compacto sobre las part\u00edculas infinitesimales que lo conforman, umis, su concepto, su forma, sus tipos y enlaces, desarrollando un sistema ordenado de como funcionan y como crean el Coraz\u00f3n C\u00f3smico que es el Universo en el cual viajamos. El Coraz\u00f3n C\u00f3smico cumple con eventos f\u00edsicos actualmente observados como es la expansi\u00f3n del Universo, la existencia del Gran Atractor, la Isotrop\u00eda y la Zona de Estabilidad en la que la vida puede desarrollarse. Introduce muchos conceptos nuevos como el Coraz\u00f3n C\u00f3smico propiamente dicho, el Huevo C\u00f3smico, el Polo de Expulsi\u00f3n y la Zona de Expansi\u00f3n de la red, La Red, el Polo de Succi\u00f3n y la Zona de Contracci\u00f3n, las umis, etc. Niega la existencia del big bang y en su lugar propone la existencia de bangs o mini bangs que han existido, existen y existir\u00e1n por siempre.","og_url":"https:\/\/letrame.com\/catalogo\/producto\/el-corazon-cosmico\/","og_site_name":"Catalogo | Letrame Grupo Editorial","og_image":[{"width":886,"height":1240,"url":"https:\/\/letrame.com\/catalogo\/wp-content\/uploads\/2026\/04\/elcorazoncosmico_624mm4.jpg","type":"image\/jpeg"}],"twitter_card":"summary_large_image","twitter_misc":{"Tiempo de lectura":"1 minuto"},"schema":{"@context":"https:\/\/schema.org","@graph":[{"@type":"WebPage","@id":"https:\/\/letrame.com\/catalogo\/producto\/el-corazon-cosmico\/","url":"https:\/\/letrame.com\/catalogo\/producto\/el-corazon-cosmico\/","name":"El coraz\u00f3n c\u00f3smico - Catalogo | Letrame Grupo Editorial","isPartOf":{"@id":"https:\/\/letrame.com\/catalogo\/#website"},"primaryImageOfPage":{"@id":"https:\/\/letrame.com\/catalogo\/producto\/el-corazon-cosmico\/#primaryimage"},"image":{"@id":"https:\/\/letrame.com\/catalogo\/producto\/el-corazon-cosmico\/#primaryimage"},"thumbnailUrl":"https:\/\/letrame.com\/catalogo\/wp-content\/uploads\/2026\/04\/elcorazoncosmico_624mm4.jpg","datePublished":"2026-04-08T11:35:07+00:00","breadcrumb":{"@id":"https:\/\/letrame.com\/catalogo\/producto\/el-corazon-cosmico\/#breadcrumb"},"inLanguage":"es","potentialAction":[{"@type":"ReadAction","target":["https:\/\/letrame.com\/catalogo\/producto\/el-corazon-cosmico\/"]}]},{"@type":"ImageObject","inLanguage":"es","@id":"https:\/\/letrame.com\/catalogo\/producto\/el-corazon-cosmico\/#primaryimage","url":"https:\/\/letrame.com\/catalogo\/wp-content\/uploads\/2026\/04\/elcorazoncosmico_624mm4.jpg","contentUrl":"https:\/\/letrame.com\/catalogo\/wp-content\/uploads\/2026\/04\/elcorazoncosmico_624mm4.jpg","width":886,"height":1240},{"@type":"BreadcrumbList","@id":"https:\/\/letrame.com\/catalogo\/producto\/el-corazon-cosmico\/#breadcrumb","itemListElement":[{"@type":"ListItem","position":1,"name":"Portada","item":"https:\/\/letrame.com\/catalogo\/"},{"@type":"ListItem","position":2,"name":"Cat\u00e1logo","item":"https:\/\/letrame.com\/catalogo\/"},{"@type":"ListItem","position":3,"name":"El coraz\u00f3n c\u00f3smico"}]},{"@type":"WebSite","@id":"https:\/\/letrame.com\/catalogo\/#website","url":"https:\/\/letrame.com\/catalogo\/","name":"Catalogo | Letrame Grupo Editorial","description":"","publisher":{"@id":"https:\/\/letrame.com\/catalogo\/#organization"},"potentialAction":[{"@type":"SearchAction","target":{"@type":"EntryPoint","urlTemplate":"https:\/\/letrame.com\/catalogo\/?s={search_term_string}"},"query-input":{"@type":"PropertyValueSpecification","valueRequired":true,"valueName":"search_term_string"}}],"inLanguage":"es"},{"@type":"Organization","@id":"https:\/\/letrame.com\/catalogo\/#organization","name":"Catalogo | Letrame Grupo Editorial","url":"https:\/\/letrame.com\/catalogo\/","logo":{"@type":"ImageObject","inLanguage":"es","@id":"https:\/\/letrame.com\/catalogo\/#\/schema\/logo\/image\/","url":"https:\/\/letrame.com\/catalogo\/wp-content\/uploads\/2024\/03\/logo2.webp","contentUrl":"https:\/\/letrame.com\/catalogo\/wp-content\/uploads\/2024\/03\/logo2.webp","width":394,"height":128,"caption":"Catalogo | Letrame Grupo Editorial"},"image":{"@id":"https:\/\/letrame.com\/catalogo\/#\/schema\/logo\/image\/"}}]}},"_links":{"self":[{"href":"https:\/\/letrame.com\/catalogo\/wp-json\/wp\/v2\/product\/111762","targetHints":{"allow":["GET"]}}],"collection":[{"href":"https:\/\/letrame.com\/catalogo\/wp-json\/wp\/v2\/product"}],"about":[{"href":"https:\/\/letrame.com\/catalogo\/wp-json\/wp\/v2\/types\/product"}],"replies":[{"embeddable":true,"href":"https:\/\/letrame.com\/catalogo\/wp-json\/wp\/v2\/comments?post=111762"}],"acf:post":[{"embeddable":true,"href":"https:\/\/letrame.com\/catalogo\/wp-json\/wp\/v2\/author_book\/111763"}],"wp:featuredmedia":[{"embeddable":true,"href":"https:\/\/letrame.com\/catalogo\/wp-json\/wp\/v2\/media\/111766"}],"wp:attachment":[{"href":"https:\/\/letrame.com\/catalogo\/wp-json\/wp\/v2\/media?parent=111762"}],"wp:term":[{"taxonomy":"libro","embeddable":true,"href":"https:\/\/letrame.com\/catalogo\/wp-json\/wp\/v2\/libro?post=111762"},{"taxonomy":"product_brand","embeddable":true,"href":"https:\/\/letrame.com\/catalogo\/wp-json\/wp\/v2\/product_brand?post=111762"},{"taxonomy":"product_cat","embeddable":true,"href":"https:\/\/letrame.com\/catalogo\/wp-json\/wp\/v2\/product_cat?post=111762"},{"taxonomy":"product_tag","embeddable":true,"href":"https:\/\/letrame.com\/catalogo\/wp-json\/wp\/v2\/product_tag?post=111762"}],"curies":[{"name":"wp","href":"https:\/\/api.w.org\/{rel}","templated":true}]}}