{"id":111750,"date":"2026-04-08T09:33:23","date_gmt":"2026-04-08T07:33:23","guid":{"rendered":"https:\/\/letrame.com\/catalogo\/?post_type=product&#038;p=111750"},"modified":"2026-04-08T09:33:24","modified_gmt":"2026-04-08T07:33:24","slug":"la-augusta-cofradia-de-las-honorables-y-heroicas-mariposas-nocturnas-segunda-parte-la-cofradia","status":"publish","type":"product","link":"https:\/\/letrame.com\/catalogo\/producto\/la-augusta-cofradia-de-las-honorables-y-heroicas-mariposas-nocturnas-segunda-parte-la-cofradia\/","title":{"rendered":"La Augusta Cofrad\u00eda de las Honorables y Heroicas Mariposas Nocturnas &#8211; Segunda parte: La Cofrad\u00eda\u00a0"},"content":{"rendered":"<p><strong>ISBN: 9791370295547<\/strong><br \/>\n<strong>T\u00edtulo: La Augusta Cofrad\u00eda de las Honorables y Heroicas Mariposas Nocturnas &#8211; Segunda parte: La Cofrad\u00eda\u00a0<\/strong><br \/>\n<strong>Fecha: 2025<\/strong><br \/>\n<strong>P\u00e1ginas: 416<\/strong><\/p>\n<p><strong>SINOPSIS<\/strong><\/p>\n<p data-start=\"79\" data-end=\"207\">Tras los extra\u00f1os hechos ocurridos en el Instituto Betancur, el internado vuelve a abrir sus puertas\u2026 pero nada es como antes. Los rumores ya no son simples historias para asustar a las ni\u00f1as. Ahora recorren las habitaciones como un viento fr\u00edo que nadie puede ignorar.<\/p>\n<p data-start=\"355\" data-end=\"513\">Lourdes, Aurora y sus amigas se enfrentan a un nuevo desaf\u00edo: sobrevivir dentro de una escuela donde el miedo dej\u00f3 de ser susurro para convertirse en grito.\u00a0La sospecha cae ahora sobre ellas. Las llaman brujas. Las temen. Las se\u00f1alan. Algunas familias exigen respuestas, otras desean llevarse a sus hijas. Mientras la directora y las maestras se esfuerzan por sostener la instituci\u00f3n, las ni\u00f1as enfrentan pesadillas que se propagan como si fueran contagiosas.<\/p>\n<p data-start=\"824\" data-end=\"1018\">Entre tensiones, prejuicios y secretos que nadie puede explicar, la amistad se vuelve refugio. La cofrad\u00eda sigue unida, aun cuando la oscuridad parece ganar terreno dentro y fuera del colegio.\u00a0El Ensue\u00f1o dej\u00f3 heridas abiertas. Ahora, cada decisi\u00f3n exige valor. Lo que viene pondr\u00e1 a prueba a quienes se atrevan a creer, incluso cuando la verdad parezca imposible.<\/p>\n","protected":false},"excerpt":{"rendered":"<p><strong>ISBN: 9791370295547<\/strong><\/p>\n<p><strong>SINOPSIS<\/strong><\/p>\n<p data-start=\"79\" data-end=\"207\">Tras los extra\u00f1os hechos ocurridos en el Instituto Betancur, el internado vuelve a abrir sus puertas\u2026 pero nada es como antes. Los rumores ya no son simples historias para asustar a las ni\u00f1as. Ahora recorren las habitaciones como un viento fr\u00edo que nadie puede ignorar.<\/p>\n<p data-start=\"355\" data-end=\"513\">Lourdes, Aurora y sus amigas se enfrentan a un nuevo desaf\u00edo: sobrevivir dentro de una escuela donde el miedo dej\u00f3 de ser susurro para convertirse en grito.\u00a0La sospecha cae ahora sobre ellas. Las llaman brujas. Las temen. Las se\u00f1alan. Algunas familias exigen respuestas, otras desean llevarse a sus hijas. Mientras la directora y las maestras se esfuerzan por sostener la instituci\u00f3n, las ni\u00f1as enfrentan pesadillas que se propagan como si fueran contagiosas.<\/p>\n<p data-start=\"824\" data-end=\"1018\">Entre tensiones, prejuicios y secretos que nadie puede explicar, la amistad se vuelve refugio. La cofrad\u00eda sigue unida, aun cuando la oscuridad parece ganar terreno dentro y fuera del colegio.\u00a0El Ensue\u00f1o dej\u00f3 heridas abiertas. Ahora, cada decisi\u00f3n exige valor. Lo que viene pondr\u00e1 a prueba a quienes se atrevan a creer, incluso cuando la verdad parezca imposible.<\/p>\n","protected":false},"featured_media":111751,"comment_status":"open","ping_status":"closed","template":"","meta":{"_acf_changed":false},"libro":[],"product_brand":[],"product_cat":[132],"product_tag":[],"class_list":{"0":"post-111750","1":"product","2":"type-product","3":"status-publish","4":"has-post-thumbnail","6":"product_cat-terror","8":"first","9":"instock","10":"shipping-taxable","11":"product-type-simple"},"acf":{"autor":[111746],"enlace_de_compra":"https:\/\/amzn.to\/4t53jYe"},"yoast_head":"<!-- This site is optimized with the Yoast SEO plugin v26.6 - https:\/\/yoast.com\/wordpress\/plugins\/seo\/ -->\n<title>La Augusta Cofrad\u00eda de las Honorables y Heroicas Mariposas Nocturnas - Segunda parte: La Cofrad\u00eda\u00a0 - Catalogo | Letrame Grupo Editorial<\/title>\n<meta name=\"robots\" content=\"index, follow, max-snippet:-1, max-image-preview:large, max-video-preview:-1\" \/>\n<link rel=\"canonical\" href=\"https:\/\/letrame.com\/catalogo\/producto\/la-augusta-cofradia-de-las-honorables-y-heroicas-mariposas-nocturnas-segunda-parte-la-cofradia\/\" \/>\n<meta property=\"og:locale\" content=\"es_ES\" \/>\n<meta property=\"og:type\" content=\"article\" \/>\n<meta property=\"og:title\" content=\"La Augusta Cofrad\u00eda de las Honorables y Heroicas Mariposas Nocturnas - Segunda parte: La Cofrad\u00eda\u00a0 - Catalogo | Letrame Grupo Editorial\" \/>\n<meta property=\"og:description\" content=\"ISBN: 9791370295547  SINOPSIS Tras los extra\u00f1os hechos ocurridos en el Instituto Betancur, el internado vuelve a abrir sus puertas\u2026 pero nada es como antes. Los rumores ya no son simples historias para asustar a las ni\u00f1as. Ahora recorren las habitaciones como un viento fr\u00edo que nadie puede ignorar. Lourdes, Aurora y sus amigas se enfrentan a un nuevo desaf\u00edo: sobrevivir dentro de una escuela donde el miedo dej\u00f3 de ser susurro para convertirse en grito.\u00a0La sospecha cae ahora sobre ellas. Las llaman brujas. Las temen. Las se\u00f1alan. Algunas familias exigen respuestas, otras desean llevarse a sus hijas. Mientras la directora y las maestras se esfuerzan por sostener la instituci\u00f3n, las ni\u00f1as enfrentan pesadillas que se propagan como si fueran contagiosas. Entre tensiones, prejuicios y secretos que nadie puede explicar, la amistad se vuelve refugio. La cofrad\u00eda sigue unida, aun cuando la oscuridad parece ganar terreno dentro y fuera del colegio.\u00a0El Ensue\u00f1o dej\u00f3 heridas abiertas. Ahora, cada decisi\u00f3n exige valor. Lo que viene pondr\u00e1 a prueba a quienes se atrevan a creer, incluso cuando la verdad parezca imposible.\" \/>\n<meta property=\"og:url\" content=\"https:\/\/letrame.com\/catalogo\/producto\/la-augusta-cofradia-de-las-honorables-y-heroicas-mariposas-nocturnas-segunda-parte-la-cofradia\/\" \/>\n<meta property=\"og:site_name\" content=\"Catalogo | Letrame Grupo Editorial\" \/>\n<meta property=\"article:modified_time\" content=\"2026-04-08T07:33:24+00:00\" \/>\n<meta property=\"og:image\" content=\"https:\/\/letrame.com\/catalogo\/wp-content\/uploads\/2026\/04\/laagusta_2047mm4.jpg\" \/>\n\t<meta property=\"og:image:width\" content=\"532\" \/>\n\t<meta property=\"og:image:height\" content=\"745\" \/>\n\t<meta property=\"og:image:type\" content=\"image\/jpeg\" \/>\n<meta name=\"twitter:card\" content=\"summary_large_image\" \/>\n<meta name=\"twitter:label1\" content=\"Tiempo de lectura\" \/>\n\t<meta name=\"twitter:data1\" content=\"2 minutos\" \/>\n<script type=\"application\/ld+json\" class=\"yoast-schema-graph\">{\"@context\":\"https:\/\/schema.org\",\"@graph\":[{\"@type\":\"WebPage\",\"@id\":\"https:\/\/letrame.com\/catalogo\/producto\/la-augusta-cofradia-de-las-honorables-y-heroicas-mariposas-nocturnas-segunda-parte-la-cofradia\/\",\"url\":\"https:\/\/letrame.com\/catalogo\/producto\/la-augusta-cofradia-de-las-honorables-y-heroicas-mariposas-nocturnas-segunda-parte-la-cofradia\/\",\"name\":\"La Augusta Cofrad\u00eda de las Honorables y Heroicas Mariposas Nocturnas - Segunda parte: La Cofrad\u00eda\u00a0 - Catalogo | Letrame Grupo Editorial\",\"isPartOf\":{\"@id\":\"https:\/\/letrame.com\/catalogo\/#website\"},\"primaryImageOfPage\":{\"@id\":\"https:\/\/letrame.com\/catalogo\/producto\/la-augusta-cofradia-de-las-honorables-y-heroicas-mariposas-nocturnas-segunda-parte-la-cofradia\/#primaryimage\"},\"image\":{\"@id\":\"https:\/\/letrame.com\/catalogo\/producto\/la-augusta-cofradia-de-las-honorables-y-heroicas-mariposas-nocturnas-segunda-parte-la-cofradia\/#primaryimage\"},\"thumbnailUrl\":\"https:\/\/letrame.com\/catalogo\/wp-content\/uploads\/2026\/04\/laagusta_2047mm4.jpg\",\"datePublished\":\"2026-04-08T07:33:23+00:00\",\"dateModified\":\"2026-04-08T07:33:24+00:00\",\"breadcrumb\":{\"@id\":\"https:\/\/letrame.com\/catalogo\/producto\/la-augusta-cofradia-de-las-honorables-y-heroicas-mariposas-nocturnas-segunda-parte-la-cofradia\/#breadcrumb\"},\"inLanguage\":\"es\",\"potentialAction\":[{\"@type\":\"ReadAction\",\"target\":[\"https:\/\/letrame.com\/catalogo\/producto\/la-augusta-cofradia-de-las-honorables-y-heroicas-mariposas-nocturnas-segunda-parte-la-cofradia\/\"]}]},{\"@type\":\"ImageObject\",\"inLanguage\":\"es\",\"@id\":\"https:\/\/letrame.com\/catalogo\/producto\/la-augusta-cofradia-de-las-honorables-y-heroicas-mariposas-nocturnas-segunda-parte-la-cofradia\/#primaryimage\",\"url\":\"https:\/\/letrame.com\/catalogo\/wp-content\/uploads\/2026\/04\/laagusta_2047mm4.jpg\",\"contentUrl\":\"https:\/\/letrame.com\/catalogo\/wp-content\/uploads\/2026\/04\/laagusta_2047mm4.jpg\",\"width\":532,\"height\":745},{\"@type\":\"BreadcrumbList\",\"@id\":\"https:\/\/letrame.com\/catalogo\/producto\/la-augusta-cofradia-de-las-honorables-y-heroicas-mariposas-nocturnas-segunda-parte-la-cofradia\/#breadcrumb\",\"itemListElement\":[{\"@type\":\"ListItem\",\"position\":1,\"name\":\"Portada\",\"item\":\"https:\/\/letrame.com\/catalogo\/\"},{\"@type\":\"ListItem\",\"position\":2,\"name\":\"Cat\u00e1logo\",\"item\":\"https:\/\/letrame.com\/catalogo\/\"},{\"@type\":\"ListItem\",\"position\":3,\"name\":\"La Augusta Cofrad\u00eda de las Honorables y Heroicas Mariposas Nocturnas &#8211; Segunda parte: La Cofrad\u00eda\u00a0\"}]},{\"@type\":\"WebSite\",\"@id\":\"https:\/\/letrame.com\/catalogo\/#website\",\"url\":\"https:\/\/letrame.com\/catalogo\/\",\"name\":\"Catalogo | Letrame Grupo Editorial\",\"description\":\"\",\"publisher\":{\"@id\":\"https:\/\/letrame.com\/catalogo\/#organization\"},\"potentialAction\":[{\"@type\":\"SearchAction\",\"target\":{\"@type\":\"EntryPoint\",\"urlTemplate\":\"https:\/\/letrame.com\/catalogo\/?s={search_term_string}\"},\"query-input\":{\"@type\":\"PropertyValueSpecification\",\"valueRequired\":true,\"valueName\":\"search_term_string\"}}],\"inLanguage\":\"es\"},{\"@type\":\"Organization\",\"@id\":\"https:\/\/letrame.com\/catalogo\/#organization\",\"name\":\"Catalogo | Letrame Grupo Editorial\",\"url\":\"https:\/\/letrame.com\/catalogo\/\",\"logo\":{\"@type\":\"ImageObject\",\"inLanguage\":\"es\",\"@id\":\"https:\/\/letrame.com\/catalogo\/#\/schema\/logo\/image\/\",\"url\":\"https:\/\/letrame.com\/catalogo\/wp-content\/uploads\/2024\/03\/logo2.webp\",\"contentUrl\":\"https:\/\/letrame.com\/catalogo\/wp-content\/uploads\/2024\/03\/logo2.webp\",\"width\":394,\"height\":128,\"caption\":\"Catalogo | Letrame Grupo Editorial\"},\"image\":{\"@id\":\"https:\/\/letrame.com\/catalogo\/#\/schema\/logo\/image\/\"}}]}<\/script>\n<!-- \/ Yoast SEO plugin. -->","yoast_head_json":{"title":"La Augusta Cofrad\u00eda de las Honorables y Heroicas Mariposas Nocturnas - Segunda parte: La Cofrad\u00eda\u00a0 - Catalogo | Letrame Grupo Editorial","robots":{"index":"index","follow":"follow","max-snippet":"max-snippet:-1","max-image-preview":"max-image-preview:large","max-video-preview":"max-video-preview:-1"},"canonical":"https:\/\/letrame.com\/catalogo\/producto\/la-augusta-cofradia-de-las-honorables-y-heroicas-mariposas-nocturnas-segunda-parte-la-cofradia\/","og_locale":"es_ES","og_type":"article","og_title":"La Augusta Cofrad\u00eda de las Honorables y Heroicas Mariposas Nocturnas - Segunda parte: La Cofrad\u00eda\u00a0 - Catalogo | Letrame Grupo Editorial","og_description":"ISBN: 9791370295547  SINOPSIS Tras los extra\u00f1os hechos ocurridos en el Instituto Betancur, el internado vuelve a abrir sus puertas\u2026 pero nada es como antes. Los rumores ya no son simples historias para asustar a las ni\u00f1as. Ahora recorren las habitaciones como un viento fr\u00edo que nadie puede ignorar. Lourdes, Aurora y sus amigas se enfrentan a un nuevo desaf\u00edo: sobrevivir dentro de una escuela donde el miedo dej\u00f3 de ser susurro para convertirse en grito.\u00a0La sospecha cae ahora sobre ellas. Las llaman brujas. Las temen. Las se\u00f1alan. Algunas familias exigen respuestas, otras desean llevarse a sus hijas. Mientras la directora y las maestras se esfuerzan por sostener la instituci\u00f3n, las ni\u00f1as enfrentan pesadillas que se propagan como si fueran contagiosas. Entre tensiones, prejuicios y secretos que nadie puede explicar, la amistad se vuelve refugio. La cofrad\u00eda sigue unida, aun cuando la oscuridad parece ganar terreno dentro y fuera del colegio.\u00a0El Ensue\u00f1o dej\u00f3 heridas abiertas. Ahora, cada decisi\u00f3n exige valor. Lo que viene pondr\u00e1 a prueba a quienes se atrevan a creer, incluso cuando la verdad parezca imposible.","og_url":"https:\/\/letrame.com\/catalogo\/producto\/la-augusta-cofradia-de-las-honorables-y-heroicas-mariposas-nocturnas-segunda-parte-la-cofradia\/","og_site_name":"Catalogo | Letrame Grupo Editorial","article_modified_time":"2026-04-08T07:33:24+00:00","og_image":[{"width":532,"height":745,"url":"https:\/\/letrame.com\/catalogo\/wp-content\/uploads\/2026\/04\/laagusta_2047mm4.jpg","type":"image\/jpeg"}],"twitter_card":"summary_large_image","twitter_misc":{"Tiempo de lectura":"2 minutos"},"schema":{"@context":"https:\/\/schema.org","@graph":[{"@type":"WebPage","@id":"https:\/\/letrame.com\/catalogo\/producto\/la-augusta-cofradia-de-las-honorables-y-heroicas-mariposas-nocturnas-segunda-parte-la-cofradia\/","url":"https:\/\/letrame.com\/catalogo\/producto\/la-augusta-cofradia-de-las-honorables-y-heroicas-mariposas-nocturnas-segunda-parte-la-cofradia\/","name":"La Augusta Cofrad\u00eda de las Honorables y Heroicas Mariposas Nocturnas - Segunda parte: La Cofrad\u00eda\u00a0 - Catalogo | Letrame Grupo Editorial","isPartOf":{"@id":"https:\/\/letrame.com\/catalogo\/#website"},"primaryImageOfPage":{"@id":"https:\/\/letrame.com\/catalogo\/producto\/la-augusta-cofradia-de-las-honorables-y-heroicas-mariposas-nocturnas-segunda-parte-la-cofradia\/#primaryimage"},"image":{"@id":"https:\/\/letrame.com\/catalogo\/producto\/la-augusta-cofradia-de-las-honorables-y-heroicas-mariposas-nocturnas-segunda-parte-la-cofradia\/#primaryimage"},"thumbnailUrl":"https:\/\/letrame.com\/catalogo\/wp-content\/uploads\/2026\/04\/laagusta_2047mm4.jpg","datePublished":"2026-04-08T07:33:23+00:00","dateModified":"2026-04-08T07:33:24+00:00","breadcrumb":{"@id":"https:\/\/letrame.com\/catalogo\/producto\/la-augusta-cofradia-de-las-honorables-y-heroicas-mariposas-nocturnas-segunda-parte-la-cofradia\/#breadcrumb"},"inLanguage":"es","potentialAction":[{"@type":"ReadAction","target":["https:\/\/letrame.com\/catalogo\/producto\/la-augusta-cofradia-de-las-honorables-y-heroicas-mariposas-nocturnas-segunda-parte-la-cofradia\/"]}]},{"@type":"ImageObject","inLanguage":"es","@id":"https:\/\/letrame.com\/catalogo\/producto\/la-augusta-cofradia-de-las-honorables-y-heroicas-mariposas-nocturnas-segunda-parte-la-cofradia\/#primaryimage","url":"https:\/\/letrame.com\/catalogo\/wp-content\/uploads\/2026\/04\/laagusta_2047mm4.jpg","contentUrl":"https:\/\/letrame.com\/catalogo\/wp-content\/uploads\/2026\/04\/laagusta_2047mm4.jpg","width":532,"height":745},{"@type":"BreadcrumbList","@id":"https:\/\/letrame.com\/catalogo\/producto\/la-augusta-cofradia-de-las-honorables-y-heroicas-mariposas-nocturnas-segunda-parte-la-cofradia\/#breadcrumb","itemListElement":[{"@type":"ListItem","position":1,"name":"Portada","item":"https:\/\/letrame.com\/catalogo\/"},{"@type":"ListItem","position":2,"name":"Cat\u00e1logo","item":"https:\/\/letrame.com\/catalogo\/"},{"@type":"ListItem","position":3,"name":"La Augusta Cofrad\u00eda de las Honorables y Heroicas Mariposas Nocturnas &#8211; Segunda parte: La Cofrad\u00eda\u00a0"}]},{"@type":"WebSite","@id":"https:\/\/letrame.com\/catalogo\/#website","url":"https:\/\/letrame.com\/catalogo\/","name":"Catalogo | Letrame Grupo Editorial","description":"","publisher":{"@id":"https:\/\/letrame.com\/catalogo\/#organization"},"potentialAction":[{"@type":"SearchAction","target":{"@type":"EntryPoint","urlTemplate":"https:\/\/letrame.com\/catalogo\/?s={search_term_string}"},"query-input":{"@type":"PropertyValueSpecification","valueRequired":true,"valueName":"search_term_string"}}],"inLanguage":"es"},{"@type":"Organization","@id":"https:\/\/letrame.com\/catalogo\/#organization","name":"Catalogo | Letrame Grupo Editorial","url":"https:\/\/letrame.com\/catalogo\/","logo":{"@type":"ImageObject","inLanguage":"es","@id":"https:\/\/letrame.com\/catalogo\/#\/schema\/logo\/image\/","url":"https:\/\/letrame.com\/catalogo\/wp-content\/uploads\/2024\/03\/logo2.webp","contentUrl":"https:\/\/letrame.com\/catalogo\/wp-content\/uploads\/2024\/03\/logo2.webp","width":394,"height":128,"caption":"Catalogo | Letrame Grupo Editorial"},"image":{"@id":"https:\/\/letrame.com\/catalogo\/#\/schema\/logo\/image\/"}}]}},"_links":{"self":[{"href":"https:\/\/letrame.com\/catalogo\/wp-json\/wp\/v2\/product\/111750","targetHints":{"allow":["GET"]}}],"collection":[{"href":"https:\/\/letrame.com\/catalogo\/wp-json\/wp\/v2\/product"}],"about":[{"href":"https:\/\/letrame.com\/catalogo\/wp-json\/wp\/v2\/types\/product"}],"replies":[{"embeddable":true,"href":"https:\/\/letrame.com\/catalogo\/wp-json\/wp\/v2\/comments?post=111750"}],"acf:post":[{"embeddable":true,"href":"https:\/\/letrame.com\/catalogo\/wp-json\/wp\/v2\/author_book\/111746"}],"wp:featuredmedia":[{"embeddable":true,"href":"https:\/\/letrame.com\/catalogo\/wp-json\/wp\/v2\/media\/111751"}],"wp:attachment":[{"href":"https:\/\/letrame.com\/catalogo\/wp-json\/wp\/v2\/media?parent=111750"}],"wp:term":[{"taxonomy":"libro","embeddable":true,"href":"https:\/\/letrame.com\/catalogo\/wp-json\/wp\/v2\/libro?post=111750"},{"taxonomy":"product_brand","embeddable":true,"href":"https:\/\/letrame.com\/catalogo\/wp-json\/wp\/v2\/product_brand?post=111750"},{"taxonomy":"product_cat","embeddable":true,"href":"https:\/\/letrame.com\/catalogo\/wp-json\/wp\/v2\/product_cat?post=111750"},{"taxonomy":"product_tag","embeddable":true,"href":"https:\/\/letrame.com\/catalogo\/wp-json\/wp\/v2\/product_tag?post=111750"}],"curies":[{"name":"wp","href":"https:\/\/api.w.org\/{rel}","templated":true}]}}