{"id":111737,"date":"2026-04-07T16:38:35","date_gmt":"2026-04-07T14:38:35","guid":{"rendered":"https:\/\/letrame.com\/catalogo\/?post_type=product&#038;p=111737"},"modified":"2026-04-07T16:38:35","modified_gmt":"2026-04-07T14:38:35","slug":"las-aventuras-de-gotica","status":"publish","type":"product","link":"https:\/\/letrame.com\/catalogo\/producto\/las-aventuras-de-gotica\/","title":{"rendered":"Las aventuras de G\u00f3tica"},"content":{"rendered":"<p><strong>ISBN: 9791370294632<\/strong><br \/>\n<strong>T\u00edtulo: Las aventuras de G\u00f3tica<\/strong><br \/>\n<strong>Fecha: 2026<\/strong><br \/>\n<strong>P\u00e1ginas: 78<\/strong><\/p>\n<p><strong>SINOPSIS<\/strong><\/p>\n<p data-start=\"0\" data-end=\"441\">Las aventuras de Gotica presenta una propuesta educativa que destaca por su tono cercano y por la claridad con la que transmite conceptos cient\u00edficos a un p\u00fablico infantil. Con im\u00e1genes visuales bien logradas y una estructura narrativa que mantiene el inter\u00e9s de principio a fin. La protagonista se convierte en una gu\u00eda l\u00fadica y afectiva que invita al lector a reflexionar sobre el cuidado del agua y el planeta desde la primera infancia.<\/p>\n<p data-start=\"443\" data-end=\"667\">En toda la obra, se observan valores ecol\u00f3gicos fundamentales, como pueden ser la importancia de la biodiversidad, la sostenibilidad y el ahorro, y todo lo transmites de forma comprensible y sencilla para los m\u00e1s peque\u00f1os.<\/p>\n<p data-start=\"669\" data-end=\"830\" data-is-last-node=\"\" data-is-only-node=\"\">Las Aventuras de Gotica es una obra infantil con una estructura narrativa s\u00f3lida, una voz pedag\u00f3gica encantadora y un gran compromiso con el cuidado del planeta.<\/p>\n","protected":false},"excerpt":{"rendered":"<p><strong>ISBN: 9791370294632<\/strong><\/p>\n<p><strong>SINOPSIS<\/strong><\/p>\n<p data-start=\"0\" data-end=\"441\">Las aventuras de Gotica presenta una propuesta educativa que destaca por su tono cercano y por la claridad con la que transmite conceptos cient\u00edficos a un p\u00fablico infantil. Con im\u00e1genes visuales bien logradas y una estructura narrativa que mantiene el inter\u00e9s de principio a fin. La protagonista se convierte en una gu\u00eda l\u00fadica y afectiva que invita al lector a reflexionar sobre el cuidado del agua y el planeta desde la primera infancia.<\/p>\n<p data-start=\"443\" data-end=\"667\">En toda la obra, se observan valores ecol\u00f3gicos fundamentales, como pueden ser la importancia de la biodiversidad, la sostenibilidad y el ahorro, y todo lo transmites de forma comprensible y sencilla para los m\u00e1s peque\u00f1os.<\/p>\n<p data-start=\"669\" data-end=\"830\" data-is-last-node=\"\" data-is-only-node=\"\">Las Aventuras de Gotica es una obra infantil con una estructura narrativa s\u00f3lida, una voz pedag\u00f3gica encantadora y un gran compromiso con el cuidado del planeta.<\/p>\n","protected":false},"featured_media":111742,"comment_status":"open","ping_status":"closed","template":"","meta":{"_acf_changed":false},"libro":[],"product_brand":[],"product_cat":[17,134],"product_tag":[],"class_list":{"0":"post-111737","1":"product","2":"type-product","3":"status-publish","4":"has-post-thumbnail","6":"product_cat-infantil","7":"product_cat-juvenil","9":"first","10":"instock","11":"shipping-taxable","12":"product-type-simple"},"acf":{"autor":[111738],"enlace_de_compra":"https:\/\/amzn.to\/4vcU89q"},"yoast_head":"<!-- This site is optimized with the Yoast SEO plugin v26.6 - https:\/\/yoast.com\/wordpress\/plugins\/seo\/ -->\n<title>Las aventuras de G\u00f3tica - Catalogo | Letrame Grupo Editorial<\/title>\n<meta name=\"robots\" content=\"index, follow, max-snippet:-1, max-image-preview:large, max-video-preview:-1\" \/>\n<link rel=\"canonical\" href=\"https:\/\/letrame.com\/catalogo\/producto\/las-aventuras-de-gotica\/\" \/>\n<meta property=\"og:locale\" content=\"es_ES\" \/>\n<meta property=\"og:type\" content=\"article\" \/>\n<meta property=\"og:title\" content=\"Las aventuras de G\u00f3tica - Catalogo | Letrame Grupo Editorial\" \/>\n<meta property=\"og:description\" content=\"ISBN: 9791370294632  SINOPSIS Las aventuras de Gotica presenta una propuesta educativa que destaca por su tono cercano y por la claridad con la que transmite conceptos cient\u00edficos a un p\u00fablico infantil. Con im\u00e1genes visuales bien logradas y una estructura narrativa que mantiene el inter\u00e9s de principio a fin. La protagonista se convierte en una gu\u00eda l\u00fadica y afectiva que invita al lector a reflexionar sobre el cuidado del agua y el planeta desde la primera infancia. En toda la obra, se observan valores ecol\u00f3gicos fundamentales, como pueden ser la importancia de la biodiversidad, la sostenibilidad y el ahorro, y todo lo transmites de forma comprensible y sencilla para los m\u00e1s peque\u00f1os. Las Aventuras de Gotica es una obra infantil con una estructura narrativa s\u00f3lida, una voz pedag\u00f3gica encantadora y un gran compromiso con el cuidado del planeta.\" \/>\n<meta property=\"og:url\" content=\"https:\/\/letrame.com\/catalogo\/producto\/las-aventuras-de-gotica\/\" \/>\n<meta property=\"og:site_name\" content=\"Catalogo | Letrame Grupo Editorial\" \/>\n<meta property=\"og:image\" content=\"https:\/\/letrame.com\/catalogo\/wp-content\/uploads\/2026\/04\/lasaventuras_4mm3-1.jpg\" \/>\n\t<meta property=\"og:image:width\" content=\"1181\" \/>\n\t<meta property=\"og:image:height\" content=\"1181\" \/>\n\t<meta property=\"og:image:type\" content=\"image\/jpeg\" \/>\n<meta name=\"twitter:card\" content=\"summary_large_image\" \/>\n<meta name=\"twitter:label1\" content=\"Tiempo de lectura\" \/>\n\t<meta name=\"twitter:data1\" content=\"1 minuto\" \/>\n<script type=\"application\/ld+json\" class=\"yoast-schema-graph\">{\"@context\":\"https:\/\/schema.org\",\"@graph\":[{\"@type\":\"WebPage\",\"@id\":\"https:\/\/letrame.com\/catalogo\/producto\/las-aventuras-de-gotica\/\",\"url\":\"https:\/\/letrame.com\/catalogo\/producto\/las-aventuras-de-gotica\/\",\"name\":\"Las aventuras de G\u00f3tica - Catalogo | Letrame Grupo Editorial\",\"isPartOf\":{\"@id\":\"https:\/\/letrame.com\/catalogo\/#website\"},\"primaryImageOfPage\":{\"@id\":\"https:\/\/letrame.com\/catalogo\/producto\/las-aventuras-de-gotica\/#primaryimage\"},\"image\":{\"@id\":\"https:\/\/letrame.com\/catalogo\/producto\/las-aventuras-de-gotica\/#primaryimage\"},\"thumbnailUrl\":\"https:\/\/letrame.com\/catalogo\/wp-content\/uploads\/2026\/04\/lasaventuras_4mm3-1.jpg\",\"datePublished\":\"2026-04-07T14:38:35+00:00\",\"breadcrumb\":{\"@id\":\"https:\/\/letrame.com\/catalogo\/producto\/las-aventuras-de-gotica\/#breadcrumb\"},\"inLanguage\":\"es\",\"potentialAction\":[{\"@type\":\"ReadAction\",\"target\":[\"https:\/\/letrame.com\/catalogo\/producto\/las-aventuras-de-gotica\/\"]}]},{\"@type\":\"ImageObject\",\"inLanguage\":\"es\",\"@id\":\"https:\/\/letrame.com\/catalogo\/producto\/las-aventuras-de-gotica\/#primaryimage\",\"url\":\"https:\/\/letrame.com\/catalogo\/wp-content\/uploads\/2026\/04\/lasaventuras_4mm3-1.jpg\",\"contentUrl\":\"https:\/\/letrame.com\/catalogo\/wp-content\/uploads\/2026\/04\/lasaventuras_4mm3-1.jpg\",\"width\":1181,\"height\":1181},{\"@type\":\"BreadcrumbList\",\"@id\":\"https:\/\/letrame.com\/catalogo\/producto\/las-aventuras-de-gotica\/#breadcrumb\",\"itemListElement\":[{\"@type\":\"ListItem\",\"position\":1,\"name\":\"Portada\",\"item\":\"https:\/\/letrame.com\/catalogo\/\"},{\"@type\":\"ListItem\",\"position\":2,\"name\":\"Cat\u00e1logo\",\"item\":\"https:\/\/letrame.com\/catalogo\/\"},{\"@type\":\"ListItem\",\"position\":3,\"name\":\"Las aventuras de G\u00f3tica\"}]},{\"@type\":\"WebSite\",\"@id\":\"https:\/\/letrame.com\/catalogo\/#website\",\"url\":\"https:\/\/letrame.com\/catalogo\/\",\"name\":\"Catalogo | Letrame Grupo Editorial\",\"description\":\"\",\"publisher\":{\"@id\":\"https:\/\/letrame.com\/catalogo\/#organization\"},\"potentialAction\":[{\"@type\":\"SearchAction\",\"target\":{\"@type\":\"EntryPoint\",\"urlTemplate\":\"https:\/\/letrame.com\/catalogo\/?s={search_term_string}\"},\"query-input\":{\"@type\":\"PropertyValueSpecification\",\"valueRequired\":true,\"valueName\":\"search_term_string\"}}],\"inLanguage\":\"es\"},{\"@type\":\"Organization\",\"@id\":\"https:\/\/letrame.com\/catalogo\/#organization\",\"name\":\"Catalogo | Letrame Grupo Editorial\",\"url\":\"https:\/\/letrame.com\/catalogo\/\",\"logo\":{\"@type\":\"ImageObject\",\"inLanguage\":\"es\",\"@id\":\"https:\/\/letrame.com\/catalogo\/#\/schema\/logo\/image\/\",\"url\":\"https:\/\/letrame.com\/catalogo\/wp-content\/uploads\/2024\/03\/logo2.webp\",\"contentUrl\":\"https:\/\/letrame.com\/catalogo\/wp-content\/uploads\/2024\/03\/logo2.webp\",\"width\":394,\"height\":128,\"caption\":\"Catalogo | Letrame Grupo Editorial\"},\"image\":{\"@id\":\"https:\/\/letrame.com\/catalogo\/#\/schema\/logo\/image\/\"}}]}<\/script>\n<!-- \/ Yoast SEO plugin. -->","yoast_head_json":{"title":"Las aventuras de G\u00f3tica - Catalogo | Letrame Grupo Editorial","robots":{"index":"index","follow":"follow","max-snippet":"max-snippet:-1","max-image-preview":"max-image-preview:large","max-video-preview":"max-video-preview:-1"},"canonical":"https:\/\/letrame.com\/catalogo\/producto\/las-aventuras-de-gotica\/","og_locale":"es_ES","og_type":"article","og_title":"Las aventuras de G\u00f3tica - Catalogo | Letrame Grupo Editorial","og_description":"ISBN: 9791370294632  SINOPSIS Las aventuras de Gotica presenta una propuesta educativa que destaca por su tono cercano y por la claridad con la que transmite conceptos cient\u00edficos a un p\u00fablico infantil. Con im\u00e1genes visuales bien logradas y una estructura narrativa que mantiene el inter\u00e9s de principio a fin. La protagonista se convierte en una gu\u00eda l\u00fadica y afectiva que invita al lector a reflexionar sobre el cuidado del agua y el planeta desde la primera infancia. En toda la obra, se observan valores ecol\u00f3gicos fundamentales, como pueden ser la importancia de la biodiversidad, la sostenibilidad y el ahorro, y todo lo transmites de forma comprensible y sencilla para los m\u00e1s peque\u00f1os. Las Aventuras de Gotica es una obra infantil con una estructura narrativa s\u00f3lida, una voz pedag\u00f3gica encantadora y un gran compromiso con el cuidado del planeta.","og_url":"https:\/\/letrame.com\/catalogo\/producto\/las-aventuras-de-gotica\/","og_site_name":"Catalogo | Letrame Grupo Editorial","og_image":[{"width":1181,"height":1181,"url":"https:\/\/letrame.com\/catalogo\/wp-content\/uploads\/2026\/04\/lasaventuras_4mm3-1.jpg","type":"image\/jpeg"}],"twitter_card":"summary_large_image","twitter_misc":{"Tiempo de lectura":"1 minuto"},"schema":{"@context":"https:\/\/schema.org","@graph":[{"@type":"WebPage","@id":"https:\/\/letrame.com\/catalogo\/producto\/las-aventuras-de-gotica\/","url":"https:\/\/letrame.com\/catalogo\/producto\/las-aventuras-de-gotica\/","name":"Las aventuras de G\u00f3tica - Catalogo | Letrame Grupo Editorial","isPartOf":{"@id":"https:\/\/letrame.com\/catalogo\/#website"},"primaryImageOfPage":{"@id":"https:\/\/letrame.com\/catalogo\/producto\/las-aventuras-de-gotica\/#primaryimage"},"image":{"@id":"https:\/\/letrame.com\/catalogo\/producto\/las-aventuras-de-gotica\/#primaryimage"},"thumbnailUrl":"https:\/\/letrame.com\/catalogo\/wp-content\/uploads\/2026\/04\/lasaventuras_4mm3-1.jpg","datePublished":"2026-04-07T14:38:35+00:00","breadcrumb":{"@id":"https:\/\/letrame.com\/catalogo\/producto\/las-aventuras-de-gotica\/#breadcrumb"},"inLanguage":"es","potentialAction":[{"@type":"ReadAction","target":["https:\/\/letrame.com\/catalogo\/producto\/las-aventuras-de-gotica\/"]}]},{"@type":"ImageObject","inLanguage":"es","@id":"https:\/\/letrame.com\/catalogo\/producto\/las-aventuras-de-gotica\/#primaryimage","url":"https:\/\/letrame.com\/catalogo\/wp-content\/uploads\/2026\/04\/lasaventuras_4mm3-1.jpg","contentUrl":"https:\/\/letrame.com\/catalogo\/wp-content\/uploads\/2026\/04\/lasaventuras_4mm3-1.jpg","width":1181,"height":1181},{"@type":"BreadcrumbList","@id":"https:\/\/letrame.com\/catalogo\/producto\/las-aventuras-de-gotica\/#breadcrumb","itemListElement":[{"@type":"ListItem","position":1,"name":"Portada","item":"https:\/\/letrame.com\/catalogo\/"},{"@type":"ListItem","position":2,"name":"Cat\u00e1logo","item":"https:\/\/letrame.com\/catalogo\/"},{"@type":"ListItem","position":3,"name":"Las aventuras de G\u00f3tica"}]},{"@type":"WebSite","@id":"https:\/\/letrame.com\/catalogo\/#website","url":"https:\/\/letrame.com\/catalogo\/","name":"Catalogo | Letrame Grupo Editorial","description":"","publisher":{"@id":"https:\/\/letrame.com\/catalogo\/#organization"},"potentialAction":[{"@type":"SearchAction","target":{"@type":"EntryPoint","urlTemplate":"https:\/\/letrame.com\/catalogo\/?s={search_term_string}"},"query-input":{"@type":"PropertyValueSpecification","valueRequired":true,"valueName":"search_term_string"}}],"inLanguage":"es"},{"@type":"Organization","@id":"https:\/\/letrame.com\/catalogo\/#organization","name":"Catalogo | Letrame Grupo Editorial","url":"https:\/\/letrame.com\/catalogo\/","logo":{"@type":"ImageObject","inLanguage":"es","@id":"https:\/\/letrame.com\/catalogo\/#\/schema\/logo\/image\/","url":"https:\/\/letrame.com\/catalogo\/wp-content\/uploads\/2024\/03\/logo2.webp","contentUrl":"https:\/\/letrame.com\/catalogo\/wp-content\/uploads\/2024\/03\/logo2.webp","width":394,"height":128,"caption":"Catalogo | Letrame Grupo Editorial"},"image":{"@id":"https:\/\/letrame.com\/catalogo\/#\/schema\/logo\/image\/"}}]}},"_links":{"self":[{"href":"https:\/\/letrame.com\/catalogo\/wp-json\/wp\/v2\/product\/111737","targetHints":{"allow":["GET"]}}],"collection":[{"href":"https:\/\/letrame.com\/catalogo\/wp-json\/wp\/v2\/product"}],"about":[{"href":"https:\/\/letrame.com\/catalogo\/wp-json\/wp\/v2\/types\/product"}],"replies":[{"embeddable":true,"href":"https:\/\/letrame.com\/catalogo\/wp-json\/wp\/v2\/comments?post=111737"}],"acf:post":[{"embeddable":true,"href":"https:\/\/letrame.com\/catalogo\/wp-json\/wp\/v2\/author_book\/111738"}],"wp:featuredmedia":[{"embeddable":true,"href":"https:\/\/letrame.com\/catalogo\/wp-json\/wp\/v2\/media\/111742"}],"wp:attachment":[{"href":"https:\/\/letrame.com\/catalogo\/wp-json\/wp\/v2\/media?parent=111737"}],"wp:term":[{"taxonomy":"libro","embeddable":true,"href":"https:\/\/letrame.com\/catalogo\/wp-json\/wp\/v2\/libro?post=111737"},{"taxonomy":"product_brand","embeddable":true,"href":"https:\/\/letrame.com\/catalogo\/wp-json\/wp\/v2\/product_brand?post=111737"},{"taxonomy":"product_cat","embeddable":true,"href":"https:\/\/letrame.com\/catalogo\/wp-json\/wp\/v2\/product_cat?post=111737"},{"taxonomy":"product_tag","embeddable":true,"href":"https:\/\/letrame.com\/catalogo\/wp-json\/wp\/v2\/product_tag?post=111737"}],"curies":[{"name":"wp","href":"https:\/\/api.w.org\/{rel}","templated":true}]}}