{"id":111732,"date":"2026-04-07T14:29:12","date_gmt":"2026-04-07T12:29:12","guid":{"rendered":"https:\/\/letrame.com\/catalogo\/?post_type=product&#038;p=111732"},"modified":"2026-04-07T14:29:13","modified_gmt":"2026-04-07T12:29:13","slug":"el-hombre-de-las-mariposas","status":"publish","type":"product","link":"https:\/\/letrame.com\/catalogo\/producto\/el-hombre-de-las-mariposas\/","title":{"rendered":"El hombre de las mariposas"},"content":{"rendered":"<p><strong>ISBN: 9791370297640<\/strong><br \/>\n<strong>T\u00edtulo: El hombre de las mariposas<\/strong><br \/>\n<strong>Fecha: 2025<\/strong><br \/>\n<strong>P\u00e1ginas: 256<\/strong><\/p>\n<p><strong>SINOPSIS<\/strong><\/p>\n<p data-start=\"0\" data-end=\"272\">Como una mariposa, la vida es ligera, fr\u00e1gil, imprevisible. Un aleteo basta para torcer un destino: un columpio en un pueblo de la sierra, un avi\u00f3n lanzado hacia la estratosfera, una madre que abandona el hogar, una carta sin destino, una obsesi\u00f3n con el n\u00famero siete&#8230;<\/p>\n<p data-start=\"274\" data-end=\"629\">El Hombre de las Mariposas es un caleidoscopio de relatos donde nada es lo que parece y todo puede quebrarse de repente: la memoria, el amor, la familia, la identidad. Sus protagonistas atraviesan metamorfosis inesperadas y se mueven en escenarios donde la ternura convive con la crueldad, la risa con la tragedia y la confesi\u00f3n \u00edntima con el disparate.<\/p>\n<p data-start=\"631\" data-end=\"882\">Aqu\u00ed caben el recuerdo de un hermano que tal vez nunca existi\u00f3, la conspiraci\u00f3n de un ejecutivo despechado, los juegos irreflexivos de la adolescencia, un inventor de historias en busca de \u00e1vidos lectores o un padre al que suele fallarle la memoria.<\/p>\n<p data-start=\"884\" data-end=\"1213\" data-is-last-node=\"\" data-is-only-node=\"\">Con humor negro, iron\u00eda y un pulso narrativo que va de la memoria al delirio, Francisco Alarc\u00f3n sugiere, en esta su segunda obra, que nuestra existencia es breve y vulnerable, pero que tambi\u00e9n somos capaces de desplegar las alas y reinventarnos. Un libro, en definitiva, sorprendente y de \u00e1gil lectura que a nadie va a defraudar.<\/p>\n","protected":false},"excerpt":{"rendered":"<p><strong>ISBN: 9791370297640<\/strong><\/p>\n<p><strong>SINOPSIS<\/strong><\/p>\n<p data-start=\"0\" data-end=\"272\">Como una mariposa, la vida es ligera, fr\u00e1gil, imprevisible. Un aleteo basta para torcer un destino: un columpio en un pueblo de la sierra, un avi\u00f3n lanzado hacia la estratosfera, una madre que abandona el hogar, una carta sin destino, una obsesi\u00f3n con el n\u00famero siete&#8230;<\/p>\n<p data-start=\"274\" data-end=\"629\">El Hombre de las Mariposas es un caleidoscopio de relatos donde nada es lo que parece y todo puede quebrarse de repente: la memoria, el amor, la familia, la identidad. Sus protagonistas atraviesan metamorfosis inesperadas y se mueven en escenarios donde la ternura convive con la crueldad, la risa con la tragedia y la confesi\u00f3n \u00edntima con el disparate.<\/p>\n<p data-start=\"631\" data-end=\"882\">Aqu\u00ed caben el recuerdo de un hermano que tal vez nunca existi\u00f3, la conspiraci\u00f3n de un ejecutivo despechado, los juegos irreflexivos de la adolescencia, un inventor de historias en busca de \u00e1vidos lectores o un padre al que suele fallarle la memoria.<\/p>\n<p data-start=\"884\" data-end=\"1213\" data-is-last-node=\"\" data-is-only-node=\"\">Con humor negro, iron\u00eda y un pulso narrativo que va de la memoria al delirio, Francisco Alarc\u00f3n sugiere, en esta su segunda obra, que nuestra existencia es breve y vulnerable, pero que tambi\u00e9n somos capaces de desplegar las alas y reinventarnos. Un libro, en definitiva, sorprendente y de \u00e1gil lectura que a nadie va a defraudar.<\/p>\n","protected":false},"featured_media":111735,"comment_status":"open","ping_status":"closed","template":"","meta":{"_acf_changed":false},"libro":[],"product_brand":[],"product_cat":[141],"product_tag":[],"class_list":{"0":"post-111732","1":"product","2":"type-product","3":"status-publish","4":"has-post-thumbnail","6":"product_cat-ficcion","8":"first","9":"instock","10":"shipping-taxable","11":"product-type-simple"},"acf":{"autor":[111733],"enlace_de_compra":""},"yoast_head":"<!-- This site is optimized with the Yoast SEO plugin v26.6 - https:\/\/yoast.com\/wordpress\/plugins\/seo\/ -->\n<title>El hombre de las mariposas - Catalogo | Letrame Grupo Editorial<\/title>\n<meta name=\"robots\" content=\"index, follow, max-snippet:-1, max-image-preview:large, max-video-preview:-1\" \/>\n<link rel=\"canonical\" href=\"https:\/\/letrame.com\/catalogo\/producto\/el-hombre-de-las-mariposas\/\" \/>\n<meta property=\"og:locale\" content=\"es_ES\" \/>\n<meta property=\"og:type\" content=\"article\" \/>\n<meta property=\"og:title\" content=\"El hombre de las mariposas - Catalogo | Letrame Grupo Editorial\" \/>\n<meta property=\"og:description\" content=\"ISBN: 9791370297640  SINOPSIS Como una mariposa, la vida es ligera, fr\u00e1gil, imprevisible. Un aleteo basta para torcer un destino: un columpio en un pueblo de la sierra, un avi\u00f3n lanzado hacia la estratosfera, una madre que abandona el hogar, una carta sin destino, una obsesi\u00f3n con el n\u00famero siete... El Hombre de las Mariposas es un caleidoscopio de relatos donde nada es lo que parece y todo puede quebrarse de repente: la memoria, el amor, la familia, la identidad. Sus protagonistas atraviesan metamorfosis inesperadas y se mueven en escenarios donde la ternura convive con la crueldad, la risa con la tragedia y la confesi\u00f3n \u00edntima con el disparate. Aqu\u00ed caben el recuerdo de un hermano que tal vez nunca existi\u00f3, la conspiraci\u00f3n de un ejecutivo despechado, los juegos irreflexivos de la adolescencia, un inventor de historias en busca de \u00e1vidos lectores o un padre al que suele fallarle la memoria. Con humor negro, iron\u00eda y un pulso narrativo que va de la memoria al delirio, Francisco Alarc\u00f3n sugiere, en esta su segunda obra, que nuestra existencia es breve y vulnerable, pero que tambi\u00e9n somos capaces de desplegar las alas y reinventarnos. Un libro, en definitiva, sorprendente y de \u00e1gil lectura que a nadie va a defraudar.\" \/>\n<meta property=\"og:url\" content=\"https:\/\/letrame.com\/catalogo\/producto\/el-hombre-de-las-mariposas\/\" \/>\n<meta property=\"og:site_name\" content=\"Catalogo | Letrame Grupo Editorial\" \/>\n<meta property=\"article:modified_time\" content=\"2026-04-07T12:29:13+00:00\" \/>\n<meta property=\"og:image\" content=\"https:\/\/letrame.com\/catalogo\/wp-content\/uploads\/2026\/04\/elhombrelasmariposas_1271mm4.jpg\" \/>\n\t<meta property=\"og:image:width\" content=\"886\" \/>\n\t<meta property=\"og:image:height\" content=\"1299\" \/>\n\t<meta property=\"og:image:type\" content=\"image\/jpeg\" \/>\n<meta name=\"twitter:card\" content=\"summary_large_image\" \/>\n<meta name=\"twitter:label1\" content=\"Tiempo de lectura\" \/>\n\t<meta name=\"twitter:data1\" content=\"2 minutos\" \/>\n<script type=\"application\/ld+json\" class=\"yoast-schema-graph\">{\"@context\":\"https:\/\/schema.org\",\"@graph\":[{\"@type\":\"WebPage\",\"@id\":\"https:\/\/letrame.com\/catalogo\/producto\/el-hombre-de-las-mariposas\/\",\"url\":\"https:\/\/letrame.com\/catalogo\/producto\/el-hombre-de-las-mariposas\/\",\"name\":\"El hombre de las mariposas - Catalogo | Letrame Grupo Editorial\",\"isPartOf\":{\"@id\":\"https:\/\/letrame.com\/catalogo\/#website\"},\"primaryImageOfPage\":{\"@id\":\"https:\/\/letrame.com\/catalogo\/producto\/el-hombre-de-las-mariposas\/#primaryimage\"},\"image\":{\"@id\":\"https:\/\/letrame.com\/catalogo\/producto\/el-hombre-de-las-mariposas\/#primaryimage\"},\"thumbnailUrl\":\"https:\/\/letrame.com\/catalogo\/wp-content\/uploads\/2026\/04\/elhombrelasmariposas_1271mm4.jpg\",\"datePublished\":\"2026-04-07T12:29:12+00:00\",\"dateModified\":\"2026-04-07T12:29:13+00:00\",\"breadcrumb\":{\"@id\":\"https:\/\/letrame.com\/catalogo\/producto\/el-hombre-de-las-mariposas\/#breadcrumb\"},\"inLanguage\":\"es\",\"potentialAction\":[{\"@type\":\"ReadAction\",\"target\":[\"https:\/\/letrame.com\/catalogo\/producto\/el-hombre-de-las-mariposas\/\"]}]},{\"@type\":\"ImageObject\",\"inLanguage\":\"es\",\"@id\":\"https:\/\/letrame.com\/catalogo\/producto\/el-hombre-de-las-mariposas\/#primaryimage\",\"url\":\"https:\/\/letrame.com\/catalogo\/wp-content\/uploads\/2026\/04\/elhombrelasmariposas_1271mm4.jpg\",\"contentUrl\":\"https:\/\/letrame.com\/catalogo\/wp-content\/uploads\/2026\/04\/elhombrelasmariposas_1271mm4.jpg\",\"width\":886,\"height\":1299},{\"@type\":\"BreadcrumbList\",\"@id\":\"https:\/\/letrame.com\/catalogo\/producto\/el-hombre-de-las-mariposas\/#breadcrumb\",\"itemListElement\":[{\"@type\":\"ListItem\",\"position\":1,\"name\":\"Portada\",\"item\":\"https:\/\/letrame.com\/catalogo\/\"},{\"@type\":\"ListItem\",\"position\":2,\"name\":\"Cat\u00e1logo\",\"item\":\"https:\/\/letrame.com\/catalogo\/\"},{\"@type\":\"ListItem\",\"position\":3,\"name\":\"El hombre de las mariposas\"}]},{\"@type\":\"WebSite\",\"@id\":\"https:\/\/letrame.com\/catalogo\/#website\",\"url\":\"https:\/\/letrame.com\/catalogo\/\",\"name\":\"Catalogo | Letrame Grupo Editorial\",\"description\":\"\",\"publisher\":{\"@id\":\"https:\/\/letrame.com\/catalogo\/#organization\"},\"potentialAction\":[{\"@type\":\"SearchAction\",\"target\":{\"@type\":\"EntryPoint\",\"urlTemplate\":\"https:\/\/letrame.com\/catalogo\/?s={search_term_string}\"},\"query-input\":{\"@type\":\"PropertyValueSpecification\",\"valueRequired\":true,\"valueName\":\"search_term_string\"}}],\"inLanguage\":\"es\"},{\"@type\":\"Organization\",\"@id\":\"https:\/\/letrame.com\/catalogo\/#organization\",\"name\":\"Catalogo | Letrame Grupo Editorial\",\"url\":\"https:\/\/letrame.com\/catalogo\/\",\"logo\":{\"@type\":\"ImageObject\",\"inLanguage\":\"es\",\"@id\":\"https:\/\/letrame.com\/catalogo\/#\/schema\/logo\/image\/\",\"url\":\"https:\/\/letrame.com\/catalogo\/wp-content\/uploads\/2024\/03\/logo2.webp\",\"contentUrl\":\"https:\/\/letrame.com\/catalogo\/wp-content\/uploads\/2024\/03\/logo2.webp\",\"width\":394,\"height\":128,\"caption\":\"Catalogo | Letrame Grupo Editorial\"},\"image\":{\"@id\":\"https:\/\/letrame.com\/catalogo\/#\/schema\/logo\/image\/\"}}]}<\/script>\n<!-- \/ Yoast SEO plugin. -->","yoast_head_json":{"title":"El hombre de las mariposas - Catalogo | Letrame Grupo Editorial","robots":{"index":"index","follow":"follow","max-snippet":"max-snippet:-1","max-image-preview":"max-image-preview:large","max-video-preview":"max-video-preview:-1"},"canonical":"https:\/\/letrame.com\/catalogo\/producto\/el-hombre-de-las-mariposas\/","og_locale":"es_ES","og_type":"article","og_title":"El hombre de las mariposas - Catalogo | Letrame Grupo Editorial","og_description":"ISBN: 9791370297640  SINOPSIS Como una mariposa, la vida es ligera, fr\u00e1gil, imprevisible. Un aleteo basta para torcer un destino: un columpio en un pueblo de la sierra, un avi\u00f3n lanzado hacia la estratosfera, una madre que abandona el hogar, una carta sin destino, una obsesi\u00f3n con el n\u00famero siete... El Hombre de las Mariposas es un caleidoscopio de relatos donde nada es lo que parece y todo puede quebrarse de repente: la memoria, el amor, la familia, la identidad. Sus protagonistas atraviesan metamorfosis inesperadas y se mueven en escenarios donde la ternura convive con la crueldad, la risa con la tragedia y la confesi\u00f3n \u00edntima con el disparate. Aqu\u00ed caben el recuerdo de un hermano que tal vez nunca existi\u00f3, la conspiraci\u00f3n de un ejecutivo despechado, los juegos irreflexivos de la adolescencia, un inventor de historias en busca de \u00e1vidos lectores o un padre al que suele fallarle la memoria. Con humor negro, iron\u00eda y un pulso narrativo que va de la memoria al delirio, Francisco Alarc\u00f3n sugiere, en esta su segunda obra, que nuestra existencia es breve y vulnerable, pero que tambi\u00e9n somos capaces de desplegar las alas y reinventarnos. Un libro, en definitiva, sorprendente y de \u00e1gil lectura que a nadie va a defraudar.","og_url":"https:\/\/letrame.com\/catalogo\/producto\/el-hombre-de-las-mariposas\/","og_site_name":"Catalogo | Letrame Grupo Editorial","article_modified_time":"2026-04-07T12:29:13+00:00","og_image":[{"width":886,"height":1299,"url":"https:\/\/letrame.com\/catalogo\/wp-content\/uploads\/2026\/04\/elhombrelasmariposas_1271mm4.jpg","type":"image\/jpeg"}],"twitter_card":"summary_large_image","twitter_misc":{"Tiempo de lectura":"2 minutos"},"schema":{"@context":"https:\/\/schema.org","@graph":[{"@type":"WebPage","@id":"https:\/\/letrame.com\/catalogo\/producto\/el-hombre-de-las-mariposas\/","url":"https:\/\/letrame.com\/catalogo\/producto\/el-hombre-de-las-mariposas\/","name":"El hombre de las mariposas - Catalogo | Letrame Grupo Editorial","isPartOf":{"@id":"https:\/\/letrame.com\/catalogo\/#website"},"primaryImageOfPage":{"@id":"https:\/\/letrame.com\/catalogo\/producto\/el-hombre-de-las-mariposas\/#primaryimage"},"image":{"@id":"https:\/\/letrame.com\/catalogo\/producto\/el-hombre-de-las-mariposas\/#primaryimage"},"thumbnailUrl":"https:\/\/letrame.com\/catalogo\/wp-content\/uploads\/2026\/04\/elhombrelasmariposas_1271mm4.jpg","datePublished":"2026-04-07T12:29:12+00:00","dateModified":"2026-04-07T12:29:13+00:00","breadcrumb":{"@id":"https:\/\/letrame.com\/catalogo\/producto\/el-hombre-de-las-mariposas\/#breadcrumb"},"inLanguage":"es","potentialAction":[{"@type":"ReadAction","target":["https:\/\/letrame.com\/catalogo\/producto\/el-hombre-de-las-mariposas\/"]}]},{"@type":"ImageObject","inLanguage":"es","@id":"https:\/\/letrame.com\/catalogo\/producto\/el-hombre-de-las-mariposas\/#primaryimage","url":"https:\/\/letrame.com\/catalogo\/wp-content\/uploads\/2026\/04\/elhombrelasmariposas_1271mm4.jpg","contentUrl":"https:\/\/letrame.com\/catalogo\/wp-content\/uploads\/2026\/04\/elhombrelasmariposas_1271mm4.jpg","width":886,"height":1299},{"@type":"BreadcrumbList","@id":"https:\/\/letrame.com\/catalogo\/producto\/el-hombre-de-las-mariposas\/#breadcrumb","itemListElement":[{"@type":"ListItem","position":1,"name":"Portada","item":"https:\/\/letrame.com\/catalogo\/"},{"@type":"ListItem","position":2,"name":"Cat\u00e1logo","item":"https:\/\/letrame.com\/catalogo\/"},{"@type":"ListItem","position":3,"name":"El hombre de las mariposas"}]},{"@type":"WebSite","@id":"https:\/\/letrame.com\/catalogo\/#website","url":"https:\/\/letrame.com\/catalogo\/","name":"Catalogo | Letrame Grupo Editorial","description":"","publisher":{"@id":"https:\/\/letrame.com\/catalogo\/#organization"},"potentialAction":[{"@type":"SearchAction","target":{"@type":"EntryPoint","urlTemplate":"https:\/\/letrame.com\/catalogo\/?s={search_term_string}"},"query-input":{"@type":"PropertyValueSpecification","valueRequired":true,"valueName":"search_term_string"}}],"inLanguage":"es"},{"@type":"Organization","@id":"https:\/\/letrame.com\/catalogo\/#organization","name":"Catalogo | Letrame Grupo Editorial","url":"https:\/\/letrame.com\/catalogo\/","logo":{"@type":"ImageObject","inLanguage":"es","@id":"https:\/\/letrame.com\/catalogo\/#\/schema\/logo\/image\/","url":"https:\/\/letrame.com\/catalogo\/wp-content\/uploads\/2024\/03\/logo2.webp","contentUrl":"https:\/\/letrame.com\/catalogo\/wp-content\/uploads\/2024\/03\/logo2.webp","width":394,"height":128,"caption":"Catalogo | Letrame Grupo Editorial"},"image":{"@id":"https:\/\/letrame.com\/catalogo\/#\/schema\/logo\/image\/"}}]}},"_links":{"self":[{"href":"https:\/\/letrame.com\/catalogo\/wp-json\/wp\/v2\/product\/111732","targetHints":{"allow":["GET"]}}],"collection":[{"href":"https:\/\/letrame.com\/catalogo\/wp-json\/wp\/v2\/product"}],"about":[{"href":"https:\/\/letrame.com\/catalogo\/wp-json\/wp\/v2\/types\/product"}],"replies":[{"embeddable":true,"href":"https:\/\/letrame.com\/catalogo\/wp-json\/wp\/v2\/comments?post=111732"}],"acf:post":[{"embeddable":true,"href":"https:\/\/letrame.com\/catalogo\/wp-json\/wp\/v2\/author_book\/111733"}],"wp:featuredmedia":[{"embeddable":true,"href":"https:\/\/letrame.com\/catalogo\/wp-json\/wp\/v2\/media\/111735"}],"wp:attachment":[{"href":"https:\/\/letrame.com\/catalogo\/wp-json\/wp\/v2\/media?parent=111732"}],"wp:term":[{"taxonomy":"libro","embeddable":true,"href":"https:\/\/letrame.com\/catalogo\/wp-json\/wp\/v2\/libro?post=111732"},{"taxonomy":"product_brand","embeddable":true,"href":"https:\/\/letrame.com\/catalogo\/wp-json\/wp\/v2\/product_brand?post=111732"},{"taxonomy":"product_cat","embeddable":true,"href":"https:\/\/letrame.com\/catalogo\/wp-json\/wp\/v2\/product_cat?post=111732"},{"taxonomy":"product_tag","embeddable":true,"href":"https:\/\/letrame.com\/catalogo\/wp-json\/wp\/v2\/product_tag?post=111732"}],"curies":[{"name":"wp","href":"https:\/\/api.w.org\/{rel}","templated":true}]}}