{"id":111726,"date":"2026-04-07T14:23:23","date_gmt":"2026-04-07T12:23:23","guid":{"rendered":"https:\/\/letrame.com\/catalogo\/?post_type=product&#038;p=111726"},"modified":"2026-04-07T14:23:24","modified_gmt":"2026-04-07T12:23:24","slug":"la-desastrosa-y-autentica-historia-de-mi-puta-vida","status":"publish","type":"product","link":"https:\/\/letrame.com\/catalogo\/producto\/la-desastrosa-y-autentica-historia-de-mi-puta-vida\/","title":{"rendered":"La desastrosa y aut\u00e9ntica historia de mi puta vida"},"content":{"rendered":"<p><strong>ISBN: 9791370296650<\/strong><br \/>\n<strong>T\u00edtulo: La desastrosa y aut\u00e9ntica historia de mi puta vida<\/strong><br \/>\n<strong>Fecha: 2025<\/strong><br \/>\n<strong>P\u00e1ginas: 150<\/strong><\/p>\n<p><strong>SINOPSIS<\/strong><\/p>\n<p data-start=\"0\" data-end=\"190\">\u00bfSer\u00edas capaz de confiar en alguien cuando te han roto en mil pedazos? \u00bfY si necesitas saldar deudas pendientes con alguien para ser feliz? Pero, \u00bfqu\u00e9 pasar\u00eda si ese alguien eres t\u00fa mismo?<\/p>\n<p data-start=\"192\" data-end=\"473\">Esta novela presenta a un hombre que, casi en la mitad de sus treinta a\u00f1os, sigue obstinado en conseguir su objetivo vital. Aunque el anonimato y la soledad de una gran ciudad no se lo pondr\u00e1n nada f\u00e1cil. Desamor, obsesi\u00f3n, desesperaci\u00f3n y traici\u00f3n se dan la mano en este relato.<\/p>\n<p data-start=\"475\" data-end=\"802\">Podr\u00eda ser un drama, tal vez lo es. Pero, por suerte, el humor, la iron\u00eda y la resiliencia forman parte de esta novela, que adem\u00e1s de desdicha y caos, contiene autenticidad y verdad. Una gran verdad. Pero, sobre todo, muestra la historia de una vida exprimida al l\u00edmite y un reencuentro inesperado hasta para el protagonista.<\/p>\n<p data-start=\"804\" data-end=\"838\" data-is-last-node=\"\" data-is-only-node=\"\">\u00bfNo lo crees? Te lo cuento dentro.<\/p>\n","protected":false},"excerpt":{"rendered":"<p><strong>ISBN: 9791370296650<\/strong><\/p>\n<p><strong>SINOPSIS<\/strong><\/p>\n<p data-start=\"0\" data-end=\"190\">\u00bfSer\u00edas capaz de confiar en alguien cuando te han roto en mil pedazos? \u00bfY si necesitas saldar deudas pendientes con alguien para ser feliz? Pero, \u00bfqu\u00e9 pasar\u00eda si ese alguien eres t\u00fa mismo?<\/p>\n<p data-start=\"192\" data-end=\"473\">Esta novela presenta a un hombre que, casi en la mitad de sus treinta a\u00f1os, sigue obstinado en conseguir su objetivo vital. Aunque el anonimato y la soledad de una gran ciudad no se lo pondr\u00e1n nada f\u00e1cil. Desamor, obsesi\u00f3n, desesperaci\u00f3n y traici\u00f3n se dan la mano en este relato.<\/p>\n<p data-start=\"475\" data-end=\"802\">Podr\u00eda ser un drama, tal vez lo es. Pero, por suerte, el humor, la iron\u00eda y la resiliencia forman parte de esta novela, que adem\u00e1s de desdicha y caos, contiene autenticidad y verdad. Una gran verdad. Pero, sobre todo, muestra la historia de una vida exprimida al l\u00edmite y un reencuentro inesperado hasta para el protagonista.<\/p>\n<p data-start=\"804\" data-end=\"838\" data-is-last-node=\"\" data-is-only-node=\"\">\u00bfNo lo crees? Te lo cuento dentro.<\/p>\n","protected":false},"featured_media":111730,"comment_status":"open","ping_status":"closed","template":"","meta":{"_acf_changed":false},"libro":[],"product_brand":[],"product_cat":[133],"product_tag":[],"class_list":{"0":"post-111726","1":"product","2":"type-product","3":"status-publish","4":"has-post-thumbnail","6":"product_cat-no-ficcion","8":"first","9":"instock","10":"shipping-taxable","11":"product-type-simple"},"acf":{"autor":[111727],"enlace_de_compra":"https:\/\/amzn.to\/4slX8Oi"},"yoast_head":"<!-- This site is optimized with the Yoast SEO plugin v26.6 - https:\/\/yoast.com\/wordpress\/plugins\/seo\/ -->\n<title>La desastrosa y aut\u00e9ntica historia de mi puta vida - Catalogo | Letrame Grupo Editorial<\/title>\n<meta name=\"robots\" content=\"index, follow, max-snippet:-1, max-image-preview:large, max-video-preview:-1\" \/>\n<link rel=\"canonical\" href=\"https:\/\/letrame.com\/catalogo\/producto\/la-desastrosa-y-autentica-historia-de-mi-puta-vida\/\" \/>\n<meta property=\"og:locale\" content=\"es_ES\" \/>\n<meta property=\"og:type\" content=\"article\" \/>\n<meta property=\"og:title\" content=\"La desastrosa y aut\u00e9ntica historia de mi puta vida - Catalogo | Letrame Grupo Editorial\" \/>\n<meta property=\"og:description\" content=\"ISBN: 9791370296650  SINOPSIS \u00bfSer\u00edas capaz de confiar en alguien cuando te han roto en mil pedazos? \u00bfY si necesitas saldar deudas pendientes con alguien para ser feliz? Pero, \u00bfqu\u00e9 pasar\u00eda si ese alguien eres t\u00fa mismo? Esta novela presenta a un hombre que, casi en la mitad de sus treinta a\u00f1os, sigue obstinado en conseguir su objetivo vital. Aunque el anonimato y la soledad de una gran ciudad no se lo pondr\u00e1n nada f\u00e1cil. Desamor, obsesi\u00f3n, desesperaci\u00f3n y traici\u00f3n se dan la mano en este relato. Podr\u00eda ser un drama, tal vez lo es. Pero, por suerte, el humor, la iron\u00eda y la resiliencia forman parte de esta novela, que adem\u00e1s de desdicha y caos, contiene autenticidad y verdad. Una gran verdad. Pero, sobre todo, muestra la historia de una vida exprimida al l\u00edmite y un reencuentro inesperado hasta para el protagonista. \u00bfNo lo crees? Te lo cuento dentro.\" \/>\n<meta property=\"og:url\" content=\"https:\/\/letrame.com\/catalogo\/producto\/la-desastrosa-y-autentica-historia-de-mi-puta-vida\/\" \/>\n<meta property=\"og:site_name\" content=\"Catalogo | Letrame Grupo Editorial\" \/>\n<meta property=\"article:modified_time\" content=\"2026-04-07T12:23:24+00:00\" \/>\n<meta property=\"og:image\" content=\"https:\/\/letrame.com\/catalogo\/wp-content\/uploads\/2026\/04\/ladesastrosayautentica_757mm4.jpg\" \/>\n\t<meta property=\"og:image:width\" content=\"532\" \/>\n\t<meta property=\"og:image:height\" content=\"745\" \/>\n\t<meta property=\"og:image:type\" content=\"image\/jpeg\" \/>\n<meta name=\"twitter:card\" content=\"summary_large_image\" \/>\n<meta name=\"twitter:label1\" content=\"Tiempo de lectura\" \/>\n\t<meta name=\"twitter:data1\" content=\"1 minuto\" \/>\n<script type=\"application\/ld+json\" class=\"yoast-schema-graph\">{\"@context\":\"https:\/\/schema.org\",\"@graph\":[{\"@type\":\"WebPage\",\"@id\":\"https:\/\/letrame.com\/catalogo\/producto\/la-desastrosa-y-autentica-historia-de-mi-puta-vida\/\",\"url\":\"https:\/\/letrame.com\/catalogo\/producto\/la-desastrosa-y-autentica-historia-de-mi-puta-vida\/\",\"name\":\"La desastrosa y aut\u00e9ntica historia de mi puta vida - Catalogo | Letrame Grupo Editorial\",\"isPartOf\":{\"@id\":\"https:\/\/letrame.com\/catalogo\/#website\"},\"primaryImageOfPage\":{\"@id\":\"https:\/\/letrame.com\/catalogo\/producto\/la-desastrosa-y-autentica-historia-de-mi-puta-vida\/#primaryimage\"},\"image\":{\"@id\":\"https:\/\/letrame.com\/catalogo\/producto\/la-desastrosa-y-autentica-historia-de-mi-puta-vida\/#primaryimage\"},\"thumbnailUrl\":\"https:\/\/letrame.com\/catalogo\/wp-content\/uploads\/2026\/04\/ladesastrosayautentica_757mm4.jpg\",\"datePublished\":\"2026-04-07T12:23:23+00:00\",\"dateModified\":\"2026-04-07T12:23:24+00:00\",\"breadcrumb\":{\"@id\":\"https:\/\/letrame.com\/catalogo\/producto\/la-desastrosa-y-autentica-historia-de-mi-puta-vida\/#breadcrumb\"},\"inLanguage\":\"es\",\"potentialAction\":[{\"@type\":\"ReadAction\",\"target\":[\"https:\/\/letrame.com\/catalogo\/producto\/la-desastrosa-y-autentica-historia-de-mi-puta-vida\/\"]}]},{\"@type\":\"ImageObject\",\"inLanguage\":\"es\",\"@id\":\"https:\/\/letrame.com\/catalogo\/producto\/la-desastrosa-y-autentica-historia-de-mi-puta-vida\/#primaryimage\",\"url\":\"https:\/\/letrame.com\/catalogo\/wp-content\/uploads\/2026\/04\/ladesastrosayautentica_757mm4.jpg\",\"contentUrl\":\"https:\/\/letrame.com\/catalogo\/wp-content\/uploads\/2026\/04\/ladesastrosayautentica_757mm4.jpg\",\"width\":532,\"height\":745},{\"@type\":\"BreadcrumbList\",\"@id\":\"https:\/\/letrame.com\/catalogo\/producto\/la-desastrosa-y-autentica-historia-de-mi-puta-vida\/#breadcrumb\",\"itemListElement\":[{\"@type\":\"ListItem\",\"position\":1,\"name\":\"Portada\",\"item\":\"https:\/\/letrame.com\/catalogo\/\"},{\"@type\":\"ListItem\",\"position\":2,\"name\":\"Cat\u00e1logo\",\"item\":\"https:\/\/letrame.com\/catalogo\/\"},{\"@type\":\"ListItem\",\"position\":3,\"name\":\"La desastrosa y aut\u00e9ntica historia de mi puta vida\"}]},{\"@type\":\"WebSite\",\"@id\":\"https:\/\/letrame.com\/catalogo\/#website\",\"url\":\"https:\/\/letrame.com\/catalogo\/\",\"name\":\"Catalogo | Letrame Grupo Editorial\",\"description\":\"\",\"publisher\":{\"@id\":\"https:\/\/letrame.com\/catalogo\/#organization\"},\"potentialAction\":[{\"@type\":\"SearchAction\",\"target\":{\"@type\":\"EntryPoint\",\"urlTemplate\":\"https:\/\/letrame.com\/catalogo\/?s={search_term_string}\"},\"query-input\":{\"@type\":\"PropertyValueSpecification\",\"valueRequired\":true,\"valueName\":\"search_term_string\"}}],\"inLanguage\":\"es\"},{\"@type\":\"Organization\",\"@id\":\"https:\/\/letrame.com\/catalogo\/#organization\",\"name\":\"Catalogo | Letrame Grupo Editorial\",\"url\":\"https:\/\/letrame.com\/catalogo\/\",\"logo\":{\"@type\":\"ImageObject\",\"inLanguage\":\"es\",\"@id\":\"https:\/\/letrame.com\/catalogo\/#\/schema\/logo\/image\/\",\"url\":\"https:\/\/letrame.com\/catalogo\/wp-content\/uploads\/2024\/03\/logo2.webp\",\"contentUrl\":\"https:\/\/letrame.com\/catalogo\/wp-content\/uploads\/2024\/03\/logo2.webp\",\"width\":394,\"height\":128,\"caption\":\"Catalogo | Letrame Grupo Editorial\"},\"image\":{\"@id\":\"https:\/\/letrame.com\/catalogo\/#\/schema\/logo\/image\/\"}}]}<\/script>\n<!-- \/ Yoast SEO plugin. -->","yoast_head_json":{"title":"La desastrosa y aut\u00e9ntica historia de mi puta vida - Catalogo | Letrame Grupo Editorial","robots":{"index":"index","follow":"follow","max-snippet":"max-snippet:-1","max-image-preview":"max-image-preview:large","max-video-preview":"max-video-preview:-1"},"canonical":"https:\/\/letrame.com\/catalogo\/producto\/la-desastrosa-y-autentica-historia-de-mi-puta-vida\/","og_locale":"es_ES","og_type":"article","og_title":"La desastrosa y aut\u00e9ntica historia de mi puta vida - Catalogo | Letrame Grupo Editorial","og_description":"ISBN: 9791370296650  SINOPSIS \u00bfSer\u00edas capaz de confiar en alguien cuando te han roto en mil pedazos? \u00bfY si necesitas saldar deudas pendientes con alguien para ser feliz? Pero, \u00bfqu\u00e9 pasar\u00eda si ese alguien eres t\u00fa mismo? Esta novela presenta a un hombre que, casi en la mitad de sus treinta a\u00f1os, sigue obstinado en conseguir su objetivo vital. Aunque el anonimato y la soledad de una gran ciudad no se lo pondr\u00e1n nada f\u00e1cil. Desamor, obsesi\u00f3n, desesperaci\u00f3n y traici\u00f3n se dan la mano en este relato. Podr\u00eda ser un drama, tal vez lo es. Pero, por suerte, el humor, la iron\u00eda y la resiliencia forman parte de esta novela, que adem\u00e1s de desdicha y caos, contiene autenticidad y verdad. Una gran verdad. Pero, sobre todo, muestra la historia de una vida exprimida al l\u00edmite y un reencuentro inesperado hasta para el protagonista. \u00bfNo lo crees? Te lo cuento dentro.","og_url":"https:\/\/letrame.com\/catalogo\/producto\/la-desastrosa-y-autentica-historia-de-mi-puta-vida\/","og_site_name":"Catalogo | Letrame Grupo Editorial","article_modified_time":"2026-04-07T12:23:24+00:00","og_image":[{"width":532,"height":745,"url":"https:\/\/letrame.com\/catalogo\/wp-content\/uploads\/2026\/04\/ladesastrosayautentica_757mm4.jpg","type":"image\/jpeg"}],"twitter_card":"summary_large_image","twitter_misc":{"Tiempo de lectura":"1 minuto"},"schema":{"@context":"https:\/\/schema.org","@graph":[{"@type":"WebPage","@id":"https:\/\/letrame.com\/catalogo\/producto\/la-desastrosa-y-autentica-historia-de-mi-puta-vida\/","url":"https:\/\/letrame.com\/catalogo\/producto\/la-desastrosa-y-autentica-historia-de-mi-puta-vida\/","name":"La desastrosa y aut\u00e9ntica historia de mi puta vida - Catalogo | Letrame Grupo Editorial","isPartOf":{"@id":"https:\/\/letrame.com\/catalogo\/#website"},"primaryImageOfPage":{"@id":"https:\/\/letrame.com\/catalogo\/producto\/la-desastrosa-y-autentica-historia-de-mi-puta-vida\/#primaryimage"},"image":{"@id":"https:\/\/letrame.com\/catalogo\/producto\/la-desastrosa-y-autentica-historia-de-mi-puta-vida\/#primaryimage"},"thumbnailUrl":"https:\/\/letrame.com\/catalogo\/wp-content\/uploads\/2026\/04\/ladesastrosayautentica_757mm4.jpg","datePublished":"2026-04-07T12:23:23+00:00","dateModified":"2026-04-07T12:23:24+00:00","breadcrumb":{"@id":"https:\/\/letrame.com\/catalogo\/producto\/la-desastrosa-y-autentica-historia-de-mi-puta-vida\/#breadcrumb"},"inLanguage":"es","potentialAction":[{"@type":"ReadAction","target":["https:\/\/letrame.com\/catalogo\/producto\/la-desastrosa-y-autentica-historia-de-mi-puta-vida\/"]}]},{"@type":"ImageObject","inLanguage":"es","@id":"https:\/\/letrame.com\/catalogo\/producto\/la-desastrosa-y-autentica-historia-de-mi-puta-vida\/#primaryimage","url":"https:\/\/letrame.com\/catalogo\/wp-content\/uploads\/2026\/04\/ladesastrosayautentica_757mm4.jpg","contentUrl":"https:\/\/letrame.com\/catalogo\/wp-content\/uploads\/2026\/04\/ladesastrosayautentica_757mm4.jpg","width":532,"height":745},{"@type":"BreadcrumbList","@id":"https:\/\/letrame.com\/catalogo\/producto\/la-desastrosa-y-autentica-historia-de-mi-puta-vida\/#breadcrumb","itemListElement":[{"@type":"ListItem","position":1,"name":"Portada","item":"https:\/\/letrame.com\/catalogo\/"},{"@type":"ListItem","position":2,"name":"Cat\u00e1logo","item":"https:\/\/letrame.com\/catalogo\/"},{"@type":"ListItem","position":3,"name":"La desastrosa y aut\u00e9ntica historia de mi puta vida"}]},{"@type":"WebSite","@id":"https:\/\/letrame.com\/catalogo\/#website","url":"https:\/\/letrame.com\/catalogo\/","name":"Catalogo | Letrame Grupo Editorial","description":"","publisher":{"@id":"https:\/\/letrame.com\/catalogo\/#organization"},"potentialAction":[{"@type":"SearchAction","target":{"@type":"EntryPoint","urlTemplate":"https:\/\/letrame.com\/catalogo\/?s={search_term_string}"},"query-input":{"@type":"PropertyValueSpecification","valueRequired":true,"valueName":"search_term_string"}}],"inLanguage":"es"},{"@type":"Organization","@id":"https:\/\/letrame.com\/catalogo\/#organization","name":"Catalogo | Letrame Grupo Editorial","url":"https:\/\/letrame.com\/catalogo\/","logo":{"@type":"ImageObject","inLanguage":"es","@id":"https:\/\/letrame.com\/catalogo\/#\/schema\/logo\/image\/","url":"https:\/\/letrame.com\/catalogo\/wp-content\/uploads\/2024\/03\/logo2.webp","contentUrl":"https:\/\/letrame.com\/catalogo\/wp-content\/uploads\/2024\/03\/logo2.webp","width":394,"height":128,"caption":"Catalogo | Letrame Grupo Editorial"},"image":{"@id":"https:\/\/letrame.com\/catalogo\/#\/schema\/logo\/image\/"}}]}},"_links":{"self":[{"href":"https:\/\/letrame.com\/catalogo\/wp-json\/wp\/v2\/product\/111726","targetHints":{"allow":["GET"]}}],"collection":[{"href":"https:\/\/letrame.com\/catalogo\/wp-json\/wp\/v2\/product"}],"about":[{"href":"https:\/\/letrame.com\/catalogo\/wp-json\/wp\/v2\/types\/product"}],"replies":[{"embeddable":true,"href":"https:\/\/letrame.com\/catalogo\/wp-json\/wp\/v2\/comments?post=111726"}],"acf:post":[{"embeddable":true,"href":"https:\/\/letrame.com\/catalogo\/wp-json\/wp\/v2\/author_book\/111727"}],"wp:featuredmedia":[{"embeddable":true,"href":"https:\/\/letrame.com\/catalogo\/wp-json\/wp\/v2\/media\/111730"}],"wp:attachment":[{"href":"https:\/\/letrame.com\/catalogo\/wp-json\/wp\/v2\/media?parent=111726"}],"wp:term":[{"taxonomy":"libro","embeddable":true,"href":"https:\/\/letrame.com\/catalogo\/wp-json\/wp\/v2\/libro?post=111726"},{"taxonomy":"product_brand","embeddable":true,"href":"https:\/\/letrame.com\/catalogo\/wp-json\/wp\/v2\/product_brand?post=111726"},{"taxonomy":"product_cat","embeddable":true,"href":"https:\/\/letrame.com\/catalogo\/wp-json\/wp\/v2\/product_cat?post=111726"},{"taxonomy":"product_tag","embeddable":true,"href":"https:\/\/letrame.com\/catalogo\/wp-json\/wp\/v2\/product_tag?post=111726"}],"curies":[{"name":"wp","href":"https:\/\/api.w.org\/{rel}","templated":true}]}}