{"id":111721,"date":"2026-04-07T14:16:45","date_gmt":"2026-04-07T12:16:45","guid":{"rendered":"https:\/\/letrame.com\/catalogo\/?post_type=product&#038;p=111721"},"modified":"2026-04-07T14:16:45","modified_gmt":"2026-04-07T12:16:45","slug":"la-cara-oculta-de-nobel","status":"publish","type":"product","link":"https:\/\/letrame.com\/catalogo\/producto\/la-cara-oculta-de-nobel\/","title":{"rendered":"La cara oculta de Nobel"},"content":{"rendered":"<p><strong>ISBN: 9791370296742<\/strong><br \/>\n<strong>T\u00edtulo: La cara oculta de Nobel<\/strong><br \/>\n<strong>Fecha: 2025<\/strong><br \/>\n<strong>P\u00e1ginas: 272<\/strong><\/p>\n<p><strong>SINOPSIS<\/strong><\/p>\n<p data-start=\"0\" data-end=\"444\">El Premio Nobel naci\u00f3 para reconocer la paz, la ciencia y el progreso humano. Sin embargo, con el paso del tiempo, ese s\u00edmbolo se ha ido deformando hasta convertirse, en demasiadas ocasiones, en una herramienta pol\u00edtica al servicio del poder. <em data-start=\"243\" data-end=\"269\">La cara oculta del Nobel<\/em> se adentra en esa transformaci\u00f3n inc\u00f3moda, analizando c\u00f3mo un galard\u00f3n moral ha terminado funcionando como moneda de cambio en un mundo dominado por intereses geopol\u00edticos.<\/p>\n<p data-start=\"446\" data-end=\"841\">A trav\u00e9s de hechos documentados, contexto hist\u00f3rico y an\u00e1lisis cr\u00edtico, el libro muestra c\u00f3mo determinados premios no responden ya a valores universales, sino a equilibrios estrat\u00e9gicos, alianzas internacionales y conveniencias coyunturales. La paz se invoca mientras se firman contratos de armas; la democracia se premia mientras se toleran abusos; los s\u00edmbolos se vac\u00edan mientras se exhiben.<\/p>\n<p data-start=\"843\" data-end=\"1206\">El relato conecta el uso pol\u00edtico del Nobel con un fen\u00f3meno m\u00e1s amplio: la degradaci\u00f3n de los referentes morales en las democracias contempor\u00e1neas. Cuando los premios sustituyen a los votos y el reconocimiento internacional reemplaza a la soberan\u00eda popular, el mensaje que desciende a la ciudadan\u00eda es devastador: no importa la legitimidad, importa la utilidad.<\/p>\n<p data-start=\"1208\" data-end=\"1521\" data-is-last-node=\"\" data-is-only-node=\"\">Este libro no busca desacreditar la idea de la paz ni negar los m\u00e9ritos reales que en otros momentos tuvo el Nobel. Busca algo m\u00e1s inc\u00f3modo: obligar al lector a preguntarse cu\u00e1ndo un s\u00edmbolo deja de proteger valores y empieza a encubrir poder. Y qu\u00e9 ocurre cuando aceptamos esa transformaci\u00f3n sin hacer preguntas.<\/p>\n","protected":false},"excerpt":{"rendered":"<p><strong>ISBN: 9791370296742<\/strong><\/p>\n<p><strong>SINOPSIS<\/strong><\/p>\n<p data-start=\"0\" data-end=\"444\">El Premio Nobel naci\u00f3 para reconocer la paz, la ciencia y el progreso humano. Sin embargo, con el paso del tiempo, ese s\u00edmbolo se ha ido deformando hasta convertirse, en demasiadas ocasiones, en una herramienta pol\u00edtica al servicio del poder. <em data-start=\"243\" data-end=\"269\">La cara oculta del Nobel<\/em> se adentra en esa transformaci\u00f3n inc\u00f3moda, analizando c\u00f3mo un galard\u00f3n moral ha terminado funcionando como moneda de cambio en un mundo dominado por intereses geopol\u00edticos.<\/p>\n<p data-start=\"446\" data-end=\"841\">A trav\u00e9s de hechos documentados, contexto hist\u00f3rico y an\u00e1lisis cr\u00edtico, el libro muestra c\u00f3mo determinados premios no responden ya a valores universales, sino a equilibrios estrat\u00e9gicos, alianzas internacionales y conveniencias coyunturales. La paz se invoca mientras se firman contratos de armas; la democracia se premia mientras se toleran abusos; los s\u00edmbolos se vac\u00edan mientras se exhiben.<\/p>\n<p data-start=\"843\" data-end=\"1206\">El relato conecta el uso pol\u00edtico del Nobel con un fen\u00f3meno m\u00e1s amplio: la degradaci\u00f3n de los referentes morales en las democracias contempor\u00e1neas. Cuando los premios sustituyen a los votos y el reconocimiento internacional reemplaza a la soberan\u00eda popular, el mensaje que desciende a la ciudadan\u00eda es devastador: no importa la legitimidad, importa la utilidad.<\/p>\n<p data-start=\"1208\" data-end=\"1521\" data-is-last-node=\"\" data-is-only-node=\"\">Este libro no busca desacreditar la idea de la paz ni negar los m\u00e9ritos reales que en otros momentos tuvo el Nobel. Busca algo m\u00e1s inc\u00f3modo: obligar al lector a preguntarse cu\u00e1ndo un s\u00edmbolo deja de proteger valores y empieza a encubrir poder. Y qu\u00e9 ocurre cuando aceptamos esa transformaci\u00f3n sin hacer preguntas.<\/p>\n","protected":false},"featured_media":111725,"comment_status":"open","ping_status":"closed","template":"","meta":{"_acf_changed":false},"libro":[],"product_brand":[],"product_cat":[23],"product_tag":[],"class_list":{"0":"post-111721","1":"product","2":"type-product","3":"status-publish","4":"has-post-thumbnail","6":"product_cat-ensayos","8":"first","9":"instock","10":"shipping-taxable","11":"product-type-simple"},"acf":{"autor":[111722],"enlace_de_compra":"https:\/\/amzn.to\/4txXpi3"},"yoast_head":"<!-- This site is optimized with the Yoast SEO plugin v26.6 - https:\/\/yoast.com\/wordpress\/plugins\/seo\/ -->\n<title>La cara oculta de Nobel - Catalogo | Letrame Grupo Editorial<\/title>\n<meta name=\"robots\" content=\"index, follow, max-snippet:-1, max-image-preview:large, max-video-preview:-1\" \/>\n<link rel=\"canonical\" href=\"https:\/\/letrame.com\/catalogo\/producto\/la-cara-oculta-de-nobel\/\" \/>\n<meta property=\"og:locale\" content=\"es_ES\" \/>\n<meta property=\"og:type\" content=\"article\" \/>\n<meta property=\"og:title\" content=\"La cara oculta de Nobel - Catalogo | Letrame Grupo Editorial\" \/>\n<meta property=\"og:description\" content=\"ISBN: 9791370296742  SINOPSIS El Premio Nobel naci\u00f3 para reconocer la paz, la ciencia y el progreso humano. Sin embargo, con el paso del tiempo, ese s\u00edmbolo se ha ido deformando hasta convertirse, en demasiadas ocasiones, en una herramienta pol\u00edtica al servicio del poder. La cara oculta del Nobel se adentra en esa transformaci\u00f3n inc\u00f3moda, analizando c\u00f3mo un galard\u00f3n moral ha terminado funcionando como moneda de cambio en un mundo dominado por intereses geopol\u00edticos. A trav\u00e9s de hechos documentados, contexto hist\u00f3rico y an\u00e1lisis cr\u00edtico, el libro muestra c\u00f3mo determinados premios no responden ya a valores universales, sino a equilibrios estrat\u00e9gicos, alianzas internacionales y conveniencias coyunturales. La paz se invoca mientras se firman contratos de armas; la democracia se premia mientras se toleran abusos; los s\u00edmbolos se vac\u00edan mientras se exhiben. El relato conecta el uso pol\u00edtico del Nobel con un fen\u00f3meno m\u00e1s amplio: la degradaci\u00f3n de los referentes morales en las democracias contempor\u00e1neas. Cuando los premios sustituyen a los votos y el reconocimiento internacional reemplaza a la soberan\u00eda popular, el mensaje que desciende a la ciudadan\u00eda es devastador: no importa la legitimidad, importa la utilidad. Este libro no busca desacreditar la idea de la paz ni negar los m\u00e9ritos reales que en otros momentos tuvo el Nobel. Busca algo m\u00e1s inc\u00f3modo: obligar al lector a preguntarse cu\u00e1ndo un s\u00edmbolo deja de proteger valores y empieza a encubrir poder. Y qu\u00e9 ocurre cuando aceptamos esa transformaci\u00f3n sin hacer preguntas.\" \/>\n<meta property=\"og:url\" content=\"https:\/\/letrame.com\/catalogo\/producto\/la-cara-oculta-de-nobel\/\" \/>\n<meta property=\"og:site_name\" content=\"Catalogo | Letrame Grupo Editorial\" \/>\n<meta property=\"og:image\" content=\"https:\/\/letrame.com\/catalogo\/wp-content\/uploads\/2026\/04\/lacaraoculta_1349mm4.jpg\" \/>\n\t<meta property=\"og:image:width\" content=\"886\" \/>\n\t<meta property=\"og:image:height\" content=\"1240\" \/>\n\t<meta property=\"og:image:type\" content=\"image\/jpeg\" \/>\n<meta name=\"twitter:card\" content=\"summary_large_image\" \/>\n<meta name=\"twitter:label1\" content=\"Tiempo de lectura\" \/>\n\t<meta name=\"twitter:data1\" content=\"2 minutos\" \/>\n<script type=\"application\/ld+json\" class=\"yoast-schema-graph\">{\"@context\":\"https:\/\/schema.org\",\"@graph\":[{\"@type\":\"WebPage\",\"@id\":\"https:\/\/letrame.com\/catalogo\/producto\/la-cara-oculta-de-nobel\/\",\"url\":\"https:\/\/letrame.com\/catalogo\/producto\/la-cara-oculta-de-nobel\/\",\"name\":\"La cara oculta de Nobel - Catalogo | Letrame Grupo Editorial\",\"isPartOf\":{\"@id\":\"https:\/\/letrame.com\/catalogo\/#website\"},\"primaryImageOfPage\":{\"@id\":\"https:\/\/letrame.com\/catalogo\/producto\/la-cara-oculta-de-nobel\/#primaryimage\"},\"image\":{\"@id\":\"https:\/\/letrame.com\/catalogo\/producto\/la-cara-oculta-de-nobel\/#primaryimage\"},\"thumbnailUrl\":\"https:\/\/letrame.com\/catalogo\/wp-content\/uploads\/2026\/04\/lacaraoculta_1349mm4.jpg\",\"datePublished\":\"2026-04-07T12:16:45+00:00\",\"breadcrumb\":{\"@id\":\"https:\/\/letrame.com\/catalogo\/producto\/la-cara-oculta-de-nobel\/#breadcrumb\"},\"inLanguage\":\"es\",\"potentialAction\":[{\"@type\":\"ReadAction\",\"target\":[\"https:\/\/letrame.com\/catalogo\/producto\/la-cara-oculta-de-nobel\/\"]}]},{\"@type\":\"ImageObject\",\"inLanguage\":\"es\",\"@id\":\"https:\/\/letrame.com\/catalogo\/producto\/la-cara-oculta-de-nobel\/#primaryimage\",\"url\":\"https:\/\/letrame.com\/catalogo\/wp-content\/uploads\/2026\/04\/lacaraoculta_1349mm4.jpg\",\"contentUrl\":\"https:\/\/letrame.com\/catalogo\/wp-content\/uploads\/2026\/04\/lacaraoculta_1349mm4.jpg\",\"width\":886,\"height\":1240},{\"@type\":\"BreadcrumbList\",\"@id\":\"https:\/\/letrame.com\/catalogo\/producto\/la-cara-oculta-de-nobel\/#breadcrumb\",\"itemListElement\":[{\"@type\":\"ListItem\",\"position\":1,\"name\":\"Portada\",\"item\":\"https:\/\/letrame.com\/catalogo\/\"},{\"@type\":\"ListItem\",\"position\":2,\"name\":\"Cat\u00e1logo\",\"item\":\"https:\/\/letrame.com\/catalogo\/\"},{\"@type\":\"ListItem\",\"position\":3,\"name\":\"La cara oculta de Nobel\"}]},{\"@type\":\"WebSite\",\"@id\":\"https:\/\/letrame.com\/catalogo\/#website\",\"url\":\"https:\/\/letrame.com\/catalogo\/\",\"name\":\"Catalogo | Letrame Grupo Editorial\",\"description\":\"\",\"publisher\":{\"@id\":\"https:\/\/letrame.com\/catalogo\/#organization\"},\"potentialAction\":[{\"@type\":\"SearchAction\",\"target\":{\"@type\":\"EntryPoint\",\"urlTemplate\":\"https:\/\/letrame.com\/catalogo\/?s={search_term_string}\"},\"query-input\":{\"@type\":\"PropertyValueSpecification\",\"valueRequired\":true,\"valueName\":\"search_term_string\"}}],\"inLanguage\":\"es\"},{\"@type\":\"Organization\",\"@id\":\"https:\/\/letrame.com\/catalogo\/#organization\",\"name\":\"Catalogo | Letrame Grupo Editorial\",\"url\":\"https:\/\/letrame.com\/catalogo\/\",\"logo\":{\"@type\":\"ImageObject\",\"inLanguage\":\"es\",\"@id\":\"https:\/\/letrame.com\/catalogo\/#\/schema\/logo\/image\/\",\"url\":\"https:\/\/letrame.com\/catalogo\/wp-content\/uploads\/2024\/03\/logo2.webp\",\"contentUrl\":\"https:\/\/letrame.com\/catalogo\/wp-content\/uploads\/2024\/03\/logo2.webp\",\"width\":394,\"height\":128,\"caption\":\"Catalogo | Letrame Grupo Editorial\"},\"image\":{\"@id\":\"https:\/\/letrame.com\/catalogo\/#\/schema\/logo\/image\/\"}}]}<\/script>\n<!-- \/ Yoast SEO plugin. -->","yoast_head_json":{"title":"La cara oculta de Nobel - Catalogo | Letrame Grupo Editorial","robots":{"index":"index","follow":"follow","max-snippet":"max-snippet:-1","max-image-preview":"max-image-preview:large","max-video-preview":"max-video-preview:-1"},"canonical":"https:\/\/letrame.com\/catalogo\/producto\/la-cara-oculta-de-nobel\/","og_locale":"es_ES","og_type":"article","og_title":"La cara oculta de Nobel - Catalogo | Letrame Grupo Editorial","og_description":"ISBN: 9791370296742  SINOPSIS El Premio Nobel naci\u00f3 para reconocer la paz, la ciencia y el progreso humano. Sin embargo, con el paso del tiempo, ese s\u00edmbolo se ha ido deformando hasta convertirse, en demasiadas ocasiones, en una herramienta pol\u00edtica al servicio del poder. La cara oculta del Nobel se adentra en esa transformaci\u00f3n inc\u00f3moda, analizando c\u00f3mo un galard\u00f3n moral ha terminado funcionando como moneda de cambio en un mundo dominado por intereses geopol\u00edticos. A trav\u00e9s de hechos documentados, contexto hist\u00f3rico y an\u00e1lisis cr\u00edtico, el libro muestra c\u00f3mo determinados premios no responden ya a valores universales, sino a equilibrios estrat\u00e9gicos, alianzas internacionales y conveniencias coyunturales. La paz se invoca mientras se firman contratos de armas; la democracia se premia mientras se toleran abusos; los s\u00edmbolos se vac\u00edan mientras se exhiben. El relato conecta el uso pol\u00edtico del Nobel con un fen\u00f3meno m\u00e1s amplio: la degradaci\u00f3n de los referentes morales en las democracias contempor\u00e1neas. Cuando los premios sustituyen a los votos y el reconocimiento internacional reemplaza a la soberan\u00eda popular, el mensaje que desciende a la ciudadan\u00eda es devastador: no importa la legitimidad, importa la utilidad. Este libro no busca desacreditar la idea de la paz ni negar los m\u00e9ritos reales que en otros momentos tuvo el Nobel. Busca algo m\u00e1s inc\u00f3modo: obligar al lector a preguntarse cu\u00e1ndo un s\u00edmbolo deja de proteger valores y empieza a encubrir poder. Y qu\u00e9 ocurre cuando aceptamos esa transformaci\u00f3n sin hacer preguntas.","og_url":"https:\/\/letrame.com\/catalogo\/producto\/la-cara-oculta-de-nobel\/","og_site_name":"Catalogo | Letrame Grupo Editorial","og_image":[{"width":886,"height":1240,"url":"https:\/\/letrame.com\/catalogo\/wp-content\/uploads\/2026\/04\/lacaraoculta_1349mm4.jpg","type":"image\/jpeg"}],"twitter_card":"summary_large_image","twitter_misc":{"Tiempo de lectura":"2 minutos"},"schema":{"@context":"https:\/\/schema.org","@graph":[{"@type":"WebPage","@id":"https:\/\/letrame.com\/catalogo\/producto\/la-cara-oculta-de-nobel\/","url":"https:\/\/letrame.com\/catalogo\/producto\/la-cara-oculta-de-nobel\/","name":"La cara oculta de Nobel - Catalogo | Letrame Grupo Editorial","isPartOf":{"@id":"https:\/\/letrame.com\/catalogo\/#website"},"primaryImageOfPage":{"@id":"https:\/\/letrame.com\/catalogo\/producto\/la-cara-oculta-de-nobel\/#primaryimage"},"image":{"@id":"https:\/\/letrame.com\/catalogo\/producto\/la-cara-oculta-de-nobel\/#primaryimage"},"thumbnailUrl":"https:\/\/letrame.com\/catalogo\/wp-content\/uploads\/2026\/04\/lacaraoculta_1349mm4.jpg","datePublished":"2026-04-07T12:16:45+00:00","breadcrumb":{"@id":"https:\/\/letrame.com\/catalogo\/producto\/la-cara-oculta-de-nobel\/#breadcrumb"},"inLanguage":"es","potentialAction":[{"@type":"ReadAction","target":["https:\/\/letrame.com\/catalogo\/producto\/la-cara-oculta-de-nobel\/"]}]},{"@type":"ImageObject","inLanguage":"es","@id":"https:\/\/letrame.com\/catalogo\/producto\/la-cara-oculta-de-nobel\/#primaryimage","url":"https:\/\/letrame.com\/catalogo\/wp-content\/uploads\/2026\/04\/lacaraoculta_1349mm4.jpg","contentUrl":"https:\/\/letrame.com\/catalogo\/wp-content\/uploads\/2026\/04\/lacaraoculta_1349mm4.jpg","width":886,"height":1240},{"@type":"BreadcrumbList","@id":"https:\/\/letrame.com\/catalogo\/producto\/la-cara-oculta-de-nobel\/#breadcrumb","itemListElement":[{"@type":"ListItem","position":1,"name":"Portada","item":"https:\/\/letrame.com\/catalogo\/"},{"@type":"ListItem","position":2,"name":"Cat\u00e1logo","item":"https:\/\/letrame.com\/catalogo\/"},{"@type":"ListItem","position":3,"name":"La cara oculta de Nobel"}]},{"@type":"WebSite","@id":"https:\/\/letrame.com\/catalogo\/#website","url":"https:\/\/letrame.com\/catalogo\/","name":"Catalogo | Letrame Grupo Editorial","description":"","publisher":{"@id":"https:\/\/letrame.com\/catalogo\/#organization"},"potentialAction":[{"@type":"SearchAction","target":{"@type":"EntryPoint","urlTemplate":"https:\/\/letrame.com\/catalogo\/?s={search_term_string}"},"query-input":{"@type":"PropertyValueSpecification","valueRequired":true,"valueName":"search_term_string"}}],"inLanguage":"es"},{"@type":"Organization","@id":"https:\/\/letrame.com\/catalogo\/#organization","name":"Catalogo | Letrame Grupo Editorial","url":"https:\/\/letrame.com\/catalogo\/","logo":{"@type":"ImageObject","inLanguage":"es","@id":"https:\/\/letrame.com\/catalogo\/#\/schema\/logo\/image\/","url":"https:\/\/letrame.com\/catalogo\/wp-content\/uploads\/2024\/03\/logo2.webp","contentUrl":"https:\/\/letrame.com\/catalogo\/wp-content\/uploads\/2024\/03\/logo2.webp","width":394,"height":128,"caption":"Catalogo | Letrame Grupo Editorial"},"image":{"@id":"https:\/\/letrame.com\/catalogo\/#\/schema\/logo\/image\/"}}]}},"_links":{"self":[{"href":"https:\/\/letrame.com\/catalogo\/wp-json\/wp\/v2\/product\/111721","targetHints":{"allow":["GET"]}}],"collection":[{"href":"https:\/\/letrame.com\/catalogo\/wp-json\/wp\/v2\/product"}],"about":[{"href":"https:\/\/letrame.com\/catalogo\/wp-json\/wp\/v2\/types\/product"}],"replies":[{"embeddable":true,"href":"https:\/\/letrame.com\/catalogo\/wp-json\/wp\/v2\/comments?post=111721"}],"acf:post":[{"embeddable":true,"href":"https:\/\/letrame.com\/catalogo\/wp-json\/wp\/v2\/author_book\/111722"}],"wp:featuredmedia":[{"embeddable":true,"href":"https:\/\/letrame.com\/catalogo\/wp-json\/wp\/v2\/media\/111725"}],"wp:attachment":[{"href":"https:\/\/letrame.com\/catalogo\/wp-json\/wp\/v2\/media?parent=111721"}],"wp:term":[{"taxonomy":"libro","embeddable":true,"href":"https:\/\/letrame.com\/catalogo\/wp-json\/wp\/v2\/libro?post=111721"},{"taxonomy":"product_brand","embeddable":true,"href":"https:\/\/letrame.com\/catalogo\/wp-json\/wp\/v2\/product_brand?post=111721"},{"taxonomy":"product_cat","embeddable":true,"href":"https:\/\/letrame.com\/catalogo\/wp-json\/wp\/v2\/product_cat?post=111721"},{"taxonomy":"product_tag","embeddable":true,"href":"https:\/\/letrame.com\/catalogo\/wp-json\/wp\/v2\/product_tag?post=111721"}],"curies":[{"name":"wp","href":"https:\/\/api.w.org\/{rel}","templated":true}]}}