{"id":111713,"date":"2026-04-07T12:38:00","date_gmt":"2026-04-07T10:38:00","guid":{"rendered":"https:\/\/letrame.com\/catalogo\/?post_type=product&#038;p=111713"},"modified":"2026-04-07T12:38:01","modified_gmt":"2026-04-07T10:38:01","slug":"escuelas-que-laten-2a-edicion","status":"publish","type":"product","link":"https:\/\/letrame.com\/catalogo\/producto\/escuelas-que-laten-2a-edicion\/","title":{"rendered":"Escuelas que laten. 2\u00aa edici\u00f3n"},"content":{"rendered":"<p><strong>ISBN: 9791370299910<\/strong><br \/>\n<strong>T\u00edtulo: Escuelas que laten. 2\u00aa edici\u00f3n<\/strong><br \/>\n<strong>Fecha: 2026<\/strong><br \/>\n<strong>P\u00e1ginas: 264<\/strong><\/p>\n<p><strong>SINOPSIS<\/strong><\/p>\n<p data-start=\"0\" data-end=\"228\">Escuelas que laten es una invitaci\u00f3n a transformar la escuela desde el coraz\u00f3n. Nace de la experiencia real de liderazgo educativo y de una convicci\u00f3n profunda: cuando las personas laten juntas, la escuela vibra con prop\u00f3sito.<\/p>\n<p data-start=\"230\" data-end=\"640\">Este libro ofrece un enfoque pr\u00e1ctico y emocional para acompa\u00f1ar a equipos directivos, docentes y comunidades educativas en la construcci\u00f3n de culturas escolares s\u00f3lidas, humanas y sostenibles. A trav\u00e9s de herramientas de liderazgo emocional, din\u00e1micas de cohesi\u00f3n, comunicaci\u00f3n efectiva y visi\u00f3n compartida, la autora gu\u00eda paso a paso el proceso para pasar de la gesti\u00f3n diaria a un liderazgo transformador.<\/p>\n<p data-start=\"642\" data-end=\"760\" data-is-last-node=\"\" data-is-only-node=\"\">M\u00e1s que un manual, es una br\u00fajula para quienes quieren dirigir con alma, crear equipos comprometidos y escuelas vivas.<\/p>\n","protected":false},"excerpt":{"rendered":"<p><strong>ISBN: 9791370299910<\/strong><\/p>\n<p><strong>SINOPSIS<\/strong><\/p>\n<p data-start=\"0\" data-end=\"228\">Escuelas que laten es una invitaci\u00f3n a transformar la escuela desde el coraz\u00f3n. Nace de la experiencia real de liderazgo educativo y de una convicci\u00f3n profunda: cuando las personas laten juntas, la escuela vibra con prop\u00f3sito.<\/p>\n<p data-start=\"230\" data-end=\"640\">Este libro ofrece un enfoque pr\u00e1ctico y emocional para acompa\u00f1ar a equipos directivos, docentes y comunidades educativas en la construcci\u00f3n de culturas escolares s\u00f3lidas, humanas y sostenibles. A trav\u00e9s de herramientas de liderazgo emocional, din\u00e1micas de cohesi\u00f3n, comunicaci\u00f3n efectiva y visi\u00f3n compartida, la autora gu\u00eda paso a paso el proceso para pasar de la gesti\u00f3n diaria a un liderazgo transformador.<\/p>\n<p data-start=\"642\" data-end=\"760\" data-is-last-node=\"\" data-is-only-node=\"\">M\u00e1s que un manual, es una br\u00fajula para quienes quieren dirigir con alma, crear equipos comprometidos y escuelas vivas.<\/p>\n","protected":false},"featured_media":111717,"comment_status":"open","ping_status":"closed","template":"","meta":{"_acf_changed":false},"libro":[],"product_brand":[],"product_cat":[113],"product_tag":[],"class_list":{"0":"post-111713","1":"product","2":"type-product","3":"status-publish","4":"has-post-thumbnail","6":"product_cat-educacion","8":"first","9":"instock","10":"shipping-taxable","11":"product-type-simple"},"acf":{"autor":[111714],"enlace_de_compra":"https:\/\/amzn.to\/4c97PgL"},"yoast_head":"<!-- This site is optimized with the Yoast SEO plugin v26.6 - https:\/\/yoast.com\/wordpress\/plugins\/seo\/ -->\n<title>Escuelas que laten. 2\u00aa edici\u00f3n - Catalogo | Letrame Grupo Editorial<\/title>\n<meta name=\"robots\" content=\"index, follow, max-snippet:-1, max-image-preview:large, max-video-preview:-1\" \/>\n<link rel=\"canonical\" href=\"https:\/\/letrame.com\/catalogo\/producto\/escuelas-que-laten-2a-edicion\/\" \/>\n<meta property=\"og:locale\" content=\"es_ES\" \/>\n<meta property=\"og:type\" content=\"article\" \/>\n<meta property=\"og:title\" content=\"Escuelas que laten. 2\u00aa edici\u00f3n - Catalogo | Letrame Grupo Editorial\" \/>\n<meta property=\"og:description\" content=\"ISBN: 9791370299910  SINOPSIS Escuelas que laten es una invitaci\u00f3n a transformar la escuela desde el coraz\u00f3n. Nace de la experiencia real de liderazgo educativo y de una convicci\u00f3n profunda: cuando las personas laten juntas, la escuela vibra con prop\u00f3sito. Este libro ofrece un enfoque pr\u00e1ctico y emocional para acompa\u00f1ar a equipos directivos, docentes y comunidades educativas en la construcci\u00f3n de culturas escolares s\u00f3lidas, humanas y sostenibles. A trav\u00e9s de herramientas de liderazgo emocional, din\u00e1micas de cohesi\u00f3n, comunicaci\u00f3n efectiva y visi\u00f3n compartida, la autora gu\u00eda paso a paso el proceso para pasar de la gesti\u00f3n diaria a un liderazgo transformador. M\u00e1s que un manual, es una br\u00fajula para quienes quieren dirigir con alma, crear equipos comprometidos y escuelas vivas.\" \/>\n<meta property=\"og:url\" content=\"https:\/\/letrame.com\/catalogo\/producto\/escuelas-que-laten-2a-edicion\/\" \/>\n<meta property=\"og:site_name\" content=\"Catalogo | Letrame Grupo Editorial\" \/>\n<meta property=\"article:modified_time\" content=\"2026-04-07T10:38:01+00:00\" \/>\n<meta property=\"og:image\" content=\"https:\/\/letrame.com\/catalogo\/wp-content\/uploads\/2026\/04\/escuelasquelaten_1136mm4.jpg\" \/>\n\t<meta property=\"og:image:width\" content=\"886\" \/>\n\t<meta property=\"og:image:height\" content=\"1240\" \/>\n\t<meta property=\"og:image:type\" content=\"image\/jpeg\" \/>\n<meta name=\"twitter:card\" content=\"summary_large_image\" \/>\n<meta name=\"twitter:label1\" content=\"Tiempo de lectura\" \/>\n\t<meta name=\"twitter:data1\" content=\"1 minuto\" \/>\n<script type=\"application\/ld+json\" class=\"yoast-schema-graph\">{\"@context\":\"https:\/\/schema.org\",\"@graph\":[{\"@type\":\"WebPage\",\"@id\":\"https:\/\/letrame.com\/catalogo\/producto\/escuelas-que-laten-2a-edicion\/\",\"url\":\"https:\/\/letrame.com\/catalogo\/producto\/escuelas-que-laten-2a-edicion\/\",\"name\":\"Escuelas que laten. 2\u00aa edici\u00f3n - Catalogo | Letrame Grupo Editorial\",\"isPartOf\":{\"@id\":\"https:\/\/letrame.com\/catalogo\/#website\"},\"primaryImageOfPage\":{\"@id\":\"https:\/\/letrame.com\/catalogo\/producto\/escuelas-que-laten-2a-edicion\/#primaryimage\"},\"image\":{\"@id\":\"https:\/\/letrame.com\/catalogo\/producto\/escuelas-que-laten-2a-edicion\/#primaryimage\"},\"thumbnailUrl\":\"https:\/\/letrame.com\/catalogo\/wp-content\/uploads\/2026\/04\/escuelasquelaten_1136mm4.jpg\",\"datePublished\":\"2026-04-07T10:38:00+00:00\",\"dateModified\":\"2026-04-07T10:38:01+00:00\",\"breadcrumb\":{\"@id\":\"https:\/\/letrame.com\/catalogo\/producto\/escuelas-que-laten-2a-edicion\/#breadcrumb\"},\"inLanguage\":\"es\",\"potentialAction\":[{\"@type\":\"ReadAction\",\"target\":[\"https:\/\/letrame.com\/catalogo\/producto\/escuelas-que-laten-2a-edicion\/\"]}]},{\"@type\":\"ImageObject\",\"inLanguage\":\"es\",\"@id\":\"https:\/\/letrame.com\/catalogo\/producto\/escuelas-que-laten-2a-edicion\/#primaryimage\",\"url\":\"https:\/\/letrame.com\/catalogo\/wp-content\/uploads\/2026\/04\/escuelasquelaten_1136mm4.jpg\",\"contentUrl\":\"https:\/\/letrame.com\/catalogo\/wp-content\/uploads\/2026\/04\/escuelasquelaten_1136mm4.jpg\",\"width\":886,\"height\":1240},{\"@type\":\"BreadcrumbList\",\"@id\":\"https:\/\/letrame.com\/catalogo\/producto\/escuelas-que-laten-2a-edicion\/#breadcrumb\",\"itemListElement\":[{\"@type\":\"ListItem\",\"position\":1,\"name\":\"Portada\",\"item\":\"https:\/\/letrame.com\/catalogo\/\"},{\"@type\":\"ListItem\",\"position\":2,\"name\":\"Cat\u00e1logo\",\"item\":\"https:\/\/letrame.com\/catalogo\/\"},{\"@type\":\"ListItem\",\"position\":3,\"name\":\"Escuelas que laten. 2\u00aa edici\u00f3n\"}]},{\"@type\":\"WebSite\",\"@id\":\"https:\/\/letrame.com\/catalogo\/#website\",\"url\":\"https:\/\/letrame.com\/catalogo\/\",\"name\":\"Catalogo | Letrame Grupo Editorial\",\"description\":\"\",\"publisher\":{\"@id\":\"https:\/\/letrame.com\/catalogo\/#organization\"},\"potentialAction\":[{\"@type\":\"SearchAction\",\"target\":{\"@type\":\"EntryPoint\",\"urlTemplate\":\"https:\/\/letrame.com\/catalogo\/?s={search_term_string}\"},\"query-input\":{\"@type\":\"PropertyValueSpecification\",\"valueRequired\":true,\"valueName\":\"search_term_string\"}}],\"inLanguage\":\"es\"},{\"@type\":\"Organization\",\"@id\":\"https:\/\/letrame.com\/catalogo\/#organization\",\"name\":\"Catalogo | Letrame Grupo Editorial\",\"url\":\"https:\/\/letrame.com\/catalogo\/\",\"logo\":{\"@type\":\"ImageObject\",\"inLanguage\":\"es\",\"@id\":\"https:\/\/letrame.com\/catalogo\/#\/schema\/logo\/image\/\",\"url\":\"https:\/\/letrame.com\/catalogo\/wp-content\/uploads\/2024\/03\/logo2.webp\",\"contentUrl\":\"https:\/\/letrame.com\/catalogo\/wp-content\/uploads\/2024\/03\/logo2.webp\",\"width\":394,\"height\":128,\"caption\":\"Catalogo | Letrame Grupo Editorial\"},\"image\":{\"@id\":\"https:\/\/letrame.com\/catalogo\/#\/schema\/logo\/image\/\"}}]}<\/script>\n<!-- \/ Yoast SEO plugin. -->","yoast_head_json":{"title":"Escuelas que laten. 2\u00aa edici\u00f3n - Catalogo | Letrame Grupo Editorial","robots":{"index":"index","follow":"follow","max-snippet":"max-snippet:-1","max-image-preview":"max-image-preview:large","max-video-preview":"max-video-preview:-1"},"canonical":"https:\/\/letrame.com\/catalogo\/producto\/escuelas-que-laten-2a-edicion\/","og_locale":"es_ES","og_type":"article","og_title":"Escuelas que laten. 2\u00aa edici\u00f3n - Catalogo | Letrame Grupo Editorial","og_description":"ISBN: 9791370299910  SINOPSIS Escuelas que laten es una invitaci\u00f3n a transformar la escuela desde el coraz\u00f3n. Nace de la experiencia real de liderazgo educativo y de una convicci\u00f3n profunda: cuando las personas laten juntas, la escuela vibra con prop\u00f3sito. Este libro ofrece un enfoque pr\u00e1ctico y emocional para acompa\u00f1ar a equipos directivos, docentes y comunidades educativas en la construcci\u00f3n de culturas escolares s\u00f3lidas, humanas y sostenibles. A trav\u00e9s de herramientas de liderazgo emocional, din\u00e1micas de cohesi\u00f3n, comunicaci\u00f3n efectiva y visi\u00f3n compartida, la autora gu\u00eda paso a paso el proceso para pasar de la gesti\u00f3n diaria a un liderazgo transformador. M\u00e1s que un manual, es una br\u00fajula para quienes quieren dirigir con alma, crear equipos comprometidos y escuelas vivas.","og_url":"https:\/\/letrame.com\/catalogo\/producto\/escuelas-que-laten-2a-edicion\/","og_site_name":"Catalogo | Letrame Grupo Editorial","article_modified_time":"2026-04-07T10:38:01+00:00","og_image":[{"width":886,"height":1240,"url":"https:\/\/letrame.com\/catalogo\/wp-content\/uploads\/2026\/04\/escuelasquelaten_1136mm4.jpg","type":"image\/jpeg"}],"twitter_card":"summary_large_image","twitter_misc":{"Tiempo de lectura":"1 minuto"},"schema":{"@context":"https:\/\/schema.org","@graph":[{"@type":"WebPage","@id":"https:\/\/letrame.com\/catalogo\/producto\/escuelas-que-laten-2a-edicion\/","url":"https:\/\/letrame.com\/catalogo\/producto\/escuelas-que-laten-2a-edicion\/","name":"Escuelas que laten. 2\u00aa edici\u00f3n - Catalogo | Letrame Grupo Editorial","isPartOf":{"@id":"https:\/\/letrame.com\/catalogo\/#website"},"primaryImageOfPage":{"@id":"https:\/\/letrame.com\/catalogo\/producto\/escuelas-que-laten-2a-edicion\/#primaryimage"},"image":{"@id":"https:\/\/letrame.com\/catalogo\/producto\/escuelas-que-laten-2a-edicion\/#primaryimage"},"thumbnailUrl":"https:\/\/letrame.com\/catalogo\/wp-content\/uploads\/2026\/04\/escuelasquelaten_1136mm4.jpg","datePublished":"2026-04-07T10:38:00+00:00","dateModified":"2026-04-07T10:38:01+00:00","breadcrumb":{"@id":"https:\/\/letrame.com\/catalogo\/producto\/escuelas-que-laten-2a-edicion\/#breadcrumb"},"inLanguage":"es","potentialAction":[{"@type":"ReadAction","target":["https:\/\/letrame.com\/catalogo\/producto\/escuelas-que-laten-2a-edicion\/"]}]},{"@type":"ImageObject","inLanguage":"es","@id":"https:\/\/letrame.com\/catalogo\/producto\/escuelas-que-laten-2a-edicion\/#primaryimage","url":"https:\/\/letrame.com\/catalogo\/wp-content\/uploads\/2026\/04\/escuelasquelaten_1136mm4.jpg","contentUrl":"https:\/\/letrame.com\/catalogo\/wp-content\/uploads\/2026\/04\/escuelasquelaten_1136mm4.jpg","width":886,"height":1240},{"@type":"BreadcrumbList","@id":"https:\/\/letrame.com\/catalogo\/producto\/escuelas-que-laten-2a-edicion\/#breadcrumb","itemListElement":[{"@type":"ListItem","position":1,"name":"Portada","item":"https:\/\/letrame.com\/catalogo\/"},{"@type":"ListItem","position":2,"name":"Cat\u00e1logo","item":"https:\/\/letrame.com\/catalogo\/"},{"@type":"ListItem","position":3,"name":"Escuelas que laten. 2\u00aa edici\u00f3n"}]},{"@type":"WebSite","@id":"https:\/\/letrame.com\/catalogo\/#website","url":"https:\/\/letrame.com\/catalogo\/","name":"Catalogo | Letrame Grupo Editorial","description":"","publisher":{"@id":"https:\/\/letrame.com\/catalogo\/#organization"},"potentialAction":[{"@type":"SearchAction","target":{"@type":"EntryPoint","urlTemplate":"https:\/\/letrame.com\/catalogo\/?s={search_term_string}"},"query-input":{"@type":"PropertyValueSpecification","valueRequired":true,"valueName":"search_term_string"}}],"inLanguage":"es"},{"@type":"Organization","@id":"https:\/\/letrame.com\/catalogo\/#organization","name":"Catalogo | Letrame Grupo Editorial","url":"https:\/\/letrame.com\/catalogo\/","logo":{"@type":"ImageObject","inLanguage":"es","@id":"https:\/\/letrame.com\/catalogo\/#\/schema\/logo\/image\/","url":"https:\/\/letrame.com\/catalogo\/wp-content\/uploads\/2024\/03\/logo2.webp","contentUrl":"https:\/\/letrame.com\/catalogo\/wp-content\/uploads\/2024\/03\/logo2.webp","width":394,"height":128,"caption":"Catalogo | Letrame Grupo Editorial"},"image":{"@id":"https:\/\/letrame.com\/catalogo\/#\/schema\/logo\/image\/"}}]}},"_links":{"self":[{"href":"https:\/\/letrame.com\/catalogo\/wp-json\/wp\/v2\/product\/111713","targetHints":{"allow":["GET"]}}],"collection":[{"href":"https:\/\/letrame.com\/catalogo\/wp-json\/wp\/v2\/product"}],"about":[{"href":"https:\/\/letrame.com\/catalogo\/wp-json\/wp\/v2\/types\/product"}],"replies":[{"embeddable":true,"href":"https:\/\/letrame.com\/catalogo\/wp-json\/wp\/v2\/comments?post=111713"}],"acf:post":[{"embeddable":true,"href":"https:\/\/letrame.com\/catalogo\/wp-json\/wp\/v2\/author_book\/111714"}],"wp:featuredmedia":[{"embeddable":true,"href":"https:\/\/letrame.com\/catalogo\/wp-json\/wp\/v2\/media\/111717"}],"wp:attachment":[{"href":"https:\/\/letrame.com\/catalogo\/wp-json\/wp\/v2\/media?parent=111713"}],"wp:term":[{"taxonomy":"libro","embeddable":true,"href":"https:\/\/letrame.com\/catalogo\/wp-json\/wp\/v2\/libro?post=111713"},{"taxonomy":"product_brand","embeddable":true,"href":"https:\/\/letrame.com\/catalogo\/wp-json\/wp\/v2\/product_brand?post=111713"},{"taxonomy":"product_cat","embeddable":true,"href":"https:\/\/letrame.com\/catalogo\/wp-json\/wp\/v2\/product_cat?post=111713"},{"taxonomy":"product_tag","embeddable":true,"href":"https:\/\/letrame.com\/catalogo\/wp-json\/wp\/v2\/product_tag?post=111713"}],"curies":[{"name":"wp","href":"https:\/\/api.w.org\/{rel}","templated":true}]}}