{"id":111708,"date":"2026-04-06T16:49:10","date_gmt":"2026-04-06T14:49:10","guid":{"rendered":"https:\/\/letrame.com\/catalogo\/?post_type=product&#038;p=111708"},"modified":"2026-04-06T16:49:11","modified_gmt":"2026-04-06T14:49:11","slug":"la-maldicion-de-una-guerra","status":"publish","type":"product","link":"https:\/\/letrame.com\/catalogo\/producto\/la-maldicion-de-una-guerra\/","title":{"rendered":"La maldici\u00f3n de una guerra"},"content":{"rendered":"<p><strong>ISBN: 9791370294953<\/strong><br \/>\n<strong>T\u00edtulo: La maldici\u00f3n de una guerra<\/strong><br \/>\n<strong>Fecha: 2025<\/strong><br \/>\n<strong>P\u00e1ginas: 288<\/strong><\/p>\n<p><strong>SINOPSIS<\/strong><\/p>\n<p data-start=\"0\" data-end=\"227\">Tras el asesinato de su esposo y el reclutamiento forzado de su hijo Daniel, de trece a\u00f1os, por la guerrilla, Ana, junto a su hijo menor Juan, de doce a\u00f1os, abandona la finca y se traslada a Bogot\u00e1 para comenzar una nueva vida.<\/p>\n<p data-start=\"229\" data-end=\"552\">La novela narra en paralelo la dura existencia que Daniel se ve obligado a llevar como guerrillero en la selva, y la de su madre y su hermano, quienes intentan salir adelante en una gran ciudad. El camino de Juan, guiado por su ambici\u00f3n, se cruzar\u00e1 tr\u00e1gicamente con el de su hermano, marcado por el odio y el resentimiento.<\/p>\n<p data-start=\"554\" data-end=\"900\" data-is-last-node=\"\" data-is-only-node=\"\">La maldici\u00f3n de una guerra es una radiograf\u00eda de la realidad colombiana, donde se entrelazan el conflicto armado, el narcotr\u00e1fico y la corrupci\u00f3n. Es una historia de ficci\u00f3n y, como tal, cualquier parecido con la realidad es pura coincidencia, aunque quiz\u00e1 no lo sea tanto cuando muchos lectores se sientan identificados con uno o m\u00e1s personajes.<\/p>\n","protected":false},"excerpt":{"rendered":"<p><strong>ISBN: 9791370294953<\/strong><\/p>\n<p><strong>SINOPSIS<\/strong><\/p>\n<p data-start=\"0\" data-end=\"227\">Tras el asesinato de su esposo y el reclutamiento forzado de su hijo Daniel, de trece a\u00f1os, por la guerrilla, Ana, junto a su hijo menor Juan, de doce a\u00f1os, abandona la finca y se traslada a Bogot\u00e1 para comenzar una nueva vida.<\/p>\n<p data-start=\"229\" data-end=\"552\">La novela narra en paralelo la dura existencia que Daniel se ve obligado a llevar como guerrillero en la selva, y la de su madre y su hermano, quienes intentan salir adelante en una gran ciudad. El camino de Juan, guiado por su ambici\u00f3n, se cruzar\u00e1 tr\u00e1gicamente con el de su hermano, marcado por el odio y el resentimiento.<\/p>\n<p data-start=\"554\" data-end=\"900\" data-is-last-node=\"\" data-is-only-node=\"\">La maldici\u00f3n de una guerra es una radiograf\u00eda de la realidad colombiana, donde se entrelazan el conflicto armado, el narcotr\u00e1fico y la corrupci\u00f3n. Es una historia de ficci\u00f3n y, como tal, cualquier parecido con la realidad es pura coincidencia, aunque quiz\u00e1 no lo sea tanto cuando muchos lectores se sientan identificados con uno o m\u00e1s personajes.<\/p>\n","protected":false},"featured_media":111712,"comment_status":"open","ping_status":"closed","template":"","meta":{"_acf_changed":false},"libro":[],"product_brand":[],"product_cat":[141],"product_tag":[],"class_list":{"0":"post-111708","1":"product","2":"type-product","3":"status-publish","4":"has-post-thumbnail","6":"product_cat-ficcion","8":"first","9":"instock","10":"shipping-taxable","11":"product-type-simple"},"acf":{"autor":[111709],"enlace_de_compra":"https:\/\/amzn.to\/3Q3V2VC"},"yoast_head":"<!-- This site is optimized with the Yoast SEO plugin v26.6 - https:\/\/yoast.com\/wordpress\/plugins\/seo\/ -->\n<title>La maldici\u00f3n de una guerra - Catalogo | Letrame Grupo Editorial<\/title>\n<meta name=\"robots\" content=\"index, follow, max-snippet:-1, max-image-preview:large, max-video-preview:-1\" \/>\n<link rel=\"canonical\" href=\"https:\/\/letrame.com\/catalogo\/producto\/la-maldicion-de-una-guerra\/\" \/>\n<meta property=\"og:locale\" content=\"es_ES\" \/>\n<meta property=\"og:type\" content=\"article\" \/>\n<meta property=\"og:title\" content=\"La maldici\u00f3n de una guerra - Catalogo | Letrame Grupo Editorial\" \/>\n<meta property=\"og:description\" content=\"ISBN: 9791370294953   SINOPSIS Tras el asesinato de su esposo y el reclutamiento forzado de su hijo Daniel, de trece a\u00f1os, por la guerrilla, Ana, junto a su hijo menor Juan, de doce a\u00f1os, abandona la finca y se traslada a Bogot\u00e1 para comenzar una nueva vida. La novela narra en paralelo la dura existencia que Daniel se ve obligado a llevar como guerrillero en la selva, y la de su madre y su hermano, quienes intentan salir adelante en una gran ciudad. El camino de Juan, guiado por su ambici\u00f3n, se cruzar\u00e1 tr\u00e1gicamente con el de su hermano, marcado por el odio y el resentimiento. La maldici\u00f3n de una guerra es una radiograf\u00eda de la realidad colombiana, donde se entrelazan el conflicto armado, el narcotr\u00e1fico y la corrupci\u00f3n. Es una historia de ficci\u00f3n y, como tal, cualquier parecido con la realidad es pura coincidencia, aunque quiz\u00e1 no lo sea tanto cuando muchos lectores se sientan identificados con uno o m\u00e1s personajes.\" \/>\n<meta property=\"og:url\" content=\"https:\/\/letrame.com\/catalogo\/producto\/la-maldicion-de-una-guerra\/\" \/>\n<meta property=\"og:site_name\" content=\"Catalogo | Letrame Grupo Editorial\" \/>\n<meta property=\"article:modified_time\" content=\"2026-04-06T14:49:11+00:00\" \/>\n<meta property=\"og:image\" content=\"https:\/\/letrame.com\/catalogo\/wp-content\/uploads\/2026\/04\/lamaldiciondeunaguerra_1427mm4.jpg\" \/>\n\t<meta property=\"og:image:width\" content=\"886\" \/>\n\t<meta property=\"og:image:height\" content=\"1240\" \/>\n\t<meta property=\"og:image:type\" content=\"image\/jpeg\" \/>\n<meta name=\"twitter:card\" content=\"summary_large_image\" \/>\n<meta name=\"twitter:label1\" content=\"Tiempo de lectura\" \/>\n\t<meta name=\"twitter:data1\" content=\"1 minuto\" \/>\n<script type=\"application\/ld+json\" class=\"yoast-schema-graph\">{\"@context\":\"https:\/\/schema.org\",\"@graph\":[{\"@type\":\"WebPage\",\"@id\":\"https:\/\/letrame.com\/catalogo\/producto\/la-maldicion-de-una-guerra\/\",\"url\":\"https:\/\/letrame.com\/catalogo\/producto\/la-maldicion-de-una-guerra\/\",\"name\":\"La maldici\u00f3n de una guerra - Catalogo | Letrame Grupo Editorial\",\"isPartOf\":{\"@id\":\"https:\/\/letrame.com\/catalogo\/#website\"},\"primaryImageOfPage\":{\"@id\":\"https:\/\/letrame.com\/catalogo\/producto\/la-maldicion-de-una-guerra\/#primaryimage\"},\"image\":{\"@id\":\"https:\/\/letrame.com\/catalogo\/producto\/la-maldicion-de-una-guerra\/#primaryimage\"},\"thumbnailUrl\":\"https:\/\/letrame.com\/catalogo\/wp-content\/uploads\/2026\/04\/lamaldiciondeunaguerra_1427mm4.jpg\",\"datePublished\":\"2026-04-06T14:49:10+00:00\",\"dateModified\":\"2026-04-06T14:49:11+00:00\",\"breadcrumb\":{\"@id\":\"https:\/\/letrame.com\/catalogo\/producto\/la-maldicion-de-una-guerra\/#breadcrumb\"},\"inLanguage\":\"es\",\"potentialAction\":[{\"@type\":\"ReadAction\",\"target\":[\"https:\/\/letrame.com\/catalogo\/producto\/la-maldicion-de-una-guerra\/\"]}]},{\"@type\":\"ImageObject\",\"inLanguage\":\"es\",\"@id\":\"https:\/\/letrame.com\/catalogo\/producto\/la-maldicion-de-una-guerra\/#primaryimage\",\"url\":\"https:\/\/letrame.com\/catalogo\/wp-content\/uploads\/2026\/04\/lamaldiciondeunaguerra_1427mm4.jpg\",\"contentUrl\":\"https:\/\/letrame.com\/catalogo\/wp-content\/uploads\/2026\/04\/lamaldiciondeunaguerra_1427mm4.jpg\",\"width\":886,\"height\":1240},{\"@type\":\"BreadcrumbList\",\"@id\":\"https:\/\/letrame.com\/catalogo\/producto\/la-maldicion-de-una-guerra\/#breadcrumb\",\"itemListElement\":[{\"@type\":\"ListItem\",\"position\":1,\"name\":\"Portada\",\"item\":\"https:\/\/letrame.com\/catalogo\/\"},{\"@type\":\"ListItem\",\"position\":2,\"name\":\"Cat\u00e1logo\",\"item\":\"https:\/\/letrame.com\/catalogo\/\"},{\"@type\":\"ListItem\",\"position\":3,\"name\":\"La maldici\u00f3n de una guerra\"}]},{\"@type\":\"WebSite\",\"@id\":\"https:\/\/letrame.com\/catalogo\/#website\",\"url\":\"https:\/\/letrame.com\/catalogo\/\",\"name\":\"Catalogo | Letrame Grupo Editorial\",\"description\":\"\",\"publisher\":{\"@id\":\"https:\/\/letrame.com\/catalogo\/#organization\"},\"potentialAction\":[{\"@type\":\"SearchAction\",\"target\":{\"@type\":\"EntryPoint\",\"urlTemplate\":\"https:\/\/letrame.com\/catalogo\/?s={search_term_string}\"},\"query-input\":{\"@type\":\"PropertyValueSpecification\",\"valueRequired\":true,\"valueName\":\"search_term_string\"}}],\"inLanguage\":\"es\"},{\"@type\":\"Organization\",\"@id\":\"https:\/\/letrame.com\/catalogo\/#organization\",\"name\":\"Catalogo | Letrame Grupo Editorial\",\"url\":\"https:\/\/letrame.com\/catalogo\/\",\"logo\":{\"@type\":\"ImageObject\",\"inLanguage\":\"es\",\"@id\":\"https:\/\/letrame.com\/catalogo\/#\/schema\/logo\/image\/\",\"url\":\"https:\/\/letrame.com\/catalogo\/wp-content\/uploads\/2024\/03\/logo2.webp\",\"contentUrl\":\"https:\/\/letrame.com\/catalogo\/wp-content\/uploads\/2024\/03\/logo2.webp\",\"width\":394,\"height\":128,\"caption\":\"Catalogo | Letrame Grupo Editorial\"},\"image\":{\"@id\":\"https:\/\/letrame.com\/catalogo\/#\/schema\/logo\/image\/\"}}]}<\/script>\n<!-- \/ Yoast SEO plugin. -->","yoast_head_json":{"title":"La maldici\u00f3n de una guerra - Catalogo | Letrame Grupo Editorial","robots":{"index":"index","follow":"follow","max-snippet":"max-snippet:-1","max-image-preview":"max-image-preview:large","max-video-preview":"max-video-preview:-1"},"canonical":"https:\/\/letrame.com\/catalogo\/producto\/la-maldicion-de-una-guerra\/","og_locale":"es_ES","og_type":"article","og_title":"La maldici\u00f3n de una guerra - Catalogo | Letrame Grupo Editorial","og_description":"ISBN: 9791370294953   SINOPSIS Tras el asesinato de su esposo y el reclutamiento forzado de su hijo Daniel, de trece a\u00f1os, por la guerrilla, Ana, junto a su hijo menor Juan, de doce a\u00f1os, abandona la finca y se traslada a Bogot\u00e1 para comenzar una nueva vida. La novela narra en paralelo la dura existencia que Daniel se ve obligado a llevar como guerrillero en la selva, y la de su madre y su hermano, quienes intentan salir adelante en una gran ciudad. El camino de Juan, guiado por su ambici\u00f3n, se cruzar\u00e1 tr\u00e1gicamente con el de su hermano, marcado por el odio y el resentimiento. La maldici\u00f3n de una guerra es una radiograf\u00eda de la realidad colombiana, donde se entrelazan el conflicto armado, el narcotr\u00e1fico y la corrupci\u00f3n. Es una historia de ficci\u00f3n y, como tal, cualquier parecido con la realidad es pura coincidencia, aunque quiz\u00e1 no lo sea tanto cuando muchos lectores se sientan identificados con uno o m\u00e1s personajes.","og_url":"https:\/\/letrame.com\/catalogo\/producto\/la-maldicion-de-una-guerra\/","og_site_name":"Catalogo | Letrame Grupo Editorial","article_modified_time":"2026-04-06T14:49:11+00:00","og_image":[{"width":886,"height":1240,"url":"https:\/\/letrame.com\/catalogo\/wp-content\/uploads\/2026\/04\/lamaldiciondeunaguerra_1427mm4.jpg","type":"image\/jpeg"}],"twitter_card":"summary_large_image","twitter_misc":{"Tiempo de lectura":"1 minuto"},"schema":{"@context":"https:\/\/schema.org","@graph":[{"@type":"WebPage","@id":"https:\/\/letrame.com\/catalogo\/producto\/la-maldicion-de-una-guerra\/","url":"https:\/\/letrame.com\/catalogo\/producto\/la-maldicion-de-una-guerra\/","name":"La maldici\u00f3n de una guerra - Catalogo | Letrame Grupo Editorial","isPartOf":{"@id":"https:\/\/letrame.com\/catalogo\/#website"},"primaryImageOfPage":{"@id":"https:\/\/letrame.com\/catalogo\/producto\/la-maldicion-de-una-guerra\/#primaryimage"},"image":{"@id":"https:\/\/letrame.com\/catalogo\/producto\/la-maldicion-de-una-guerra\/#primaryimage"},"thumbnailUrl":"https:\/\/letrame.com\/catalogo\/wp-content\/uploads\/2026\/04\/lamaldiciondeunaguerra_1427mm4.jpg","datePublished":"2026-04-06T14:49:10+00:00","dateModified":"2026-04-06T14:49:11+00:00","breadcrumb":{"@id":"https:\/\/letrame.com\/catalogo\/producto\/la-maldicion-de-una-guerra\/#breadcrumb"},"inLanguage":"es","potentialAction":[{"@type":"ReadAction","target":["https:\/\/letrame.com\/catalogo\/producto\/la-maldicion-de-una-guerra\/"]}]},{"@type":"ImageObject","inLanguage":"es","@id":"https:\/\/letrame.com\/catalogo\/producto\/la-maldicion-de-una-guerra\/#primaryimage","url":"https:\/\/letrame.com\/catalogo\/wp-content\/uploads\/2026\/04\/lamaldiciondeunaguerra_1427mm4.jpg","contentUrl":"https:\/\/letrame.com\/catalogo\/wp-content\/uploads\/2026\/04\/lamaldiciondeunaguerra_1427mm4.jpg","width":886,"height":1240},{"@type":"BreadcrumbList","@id":"https:\/\/letrame.com\/catalogo\/producto\/la-maldicion-de-una-guerra\/#breadcrumb","itemListElement":[{"@type":"ListItem","position":1,"name":"Portada","item":"https:\/\/letrame.com\/catalogo\/"},{"@type":"ListItem","position":2,"name":"Cat\u00e1logo","item":"https:\/\/letrame.com\/catalogo\/"},{"@type":"ListItem","position":3,"name":"La maldici\u00f3n de una guerra"}]},{"@type":"WebSite","@id":"https:\/\/letrame.com\/catalogo\/#website","url":"https:\/\/letrame.com\/catalogo\/","name":"Catalogo | Letrame Grupo Editorial","description":"","publisher":{"@id":"https:\/\/letrame.com\/catalogo\/#organization"},"potentialAction":[{"@type":"SearchAction","target":{"@type":"EntryPoint","urlTemplate":"https:\/\/letrame.com\/catalogo\/?s={search_term_string}"},"query-input":{"@type":"PropertyValueSpecification","valueRequired":true,"valueName":"search_term_string"}}],"inLanguage":"es"},{"@type":"Organization","@id":"https:\/\/letrame.com\/catalogo\/#organization","name":"Catalogo | Letrame Grupo Editorial","url":"https:\/\/letrame.com\/catalogo\/","logo":{"@type":"ImageObject","inLanguage":"es","@id":"https:\/\/letrame.com\/catalogo\/#\/schema\/logo\/image\/","url":"https:\/\/letrame.com\/catalogo\/wp-content\/uploads\/2024\/03\/logo2.webp","contentUrl":"https:\/\/letrame.com\/catalogo\/wp-content\/uploads\/2024\/03\/logo2.webp","width":394,"height":128,"caption":"Catalogo | Letrame Grupo Editorial"},"image":{"@id":"https:\/\/letrame.com\/catalogo\/#\/schema\/logo\/image\/"}}]}},"_links":{"self":[{"href":"https:\/\/letrame.com\/catalogo\/wp-json\/wp\/v2\/product\/111708","targetHints":{"allow":["GET"]}}],"collection":[{"href":"https:\/\/letrame.com\/catalogo\/wp-json\/wp\/v2\/product"}],"about":[{"href":"https:\/\/letrame.com\/catalogo\/wp-json\/wp\/v2\/types\/product"}],"replies":[{"embeddable":true,"href":"https:\/\/letrame.com\/catalogo\/wp-json\/wp\/v2\/comments?post=111708"}],"acf:post":[{"embeddable":true,"href":"https:\/\/letrame.com\/catalogo\/wp-json\/wp\/v2\/author_book\/111709"}],"wp:featuredmedia":[{"embeddable":true,"href":"https:\/\/letrame.com\/catalogo\/wp-json\/wp\/v2\/media\/111712"}],"wp:attachment":[{"href":"https:\/\/letrame.com\/catalogo\/wp-json\/wp\/v2\/media?parent=111708"}],"wp:term":[{"taxonomy":"libro","embeddable":true,"href":"https:\/\/letrame.com\/catalogo\/wp-json\/wp\/v2\/libro?post=111708"},{"taxonomy":"product_brand","embeddable":true,"href":"https:\/\/letrame.com\/catalogo\/wp-json\/wp\/v2\/product_brand?post=111708"},{"taxonomy":"product_cat","embeddable":true,"href":"https:\/\/letrame.com\/catalogo\/wp-json\/wp\/v2\/product_cat?post=111708"},{"taxonomy":"product_tag","embeddable":true,"href":"https:\/\/letrame.com\/catalogo\/wp-json\/wp\/v2\/product_tag?post=111708"}],"curies":[{"name":"wp","href":"https:\/\/api.w.org\/{rel}","templated":true}]}}