{"id":111703,"date":"2026-04-06T16:31:15","date_gmt":"2026-04-06T14:31:15","guid":{"rendered":"https:\/\/letrame.com\/catalogo\/?post_type=product&#038;p=111703"},"modified":"2026-04-06T16:31:17","modified_gmt":"2026-04-06T14:31:17","slug":"viaje-a-la-puesta-de-sol","status":"publish","type":"product","link":"https:\/\/letrame.com\/catalogo\/producto\/viaje-a-la-puesta-de-sol\/","title":{"rendered":"Viaje a la puesta de sol"},"content":{"rendered":"<p><strong>ISBN: 9791370292911<\/strong><br \/>\n<strong>T\u00edtulo: Viaje a la puesta de sol<\/strong><br \/>\n<strong>Fecha: 2025<\/strong><br \/>\n<strong>P\u00e1ginas: 374<\/strong><\/p>\n<p><strong>SINOPSIS<\/strong><\/p>\n<p data-start=\"0\" data-end=\"289\">Cora est\u00e1 por fin en paz. Despu\u00e9s de a\u00f1os sinti\u00e9ndose dividida entre su Espa\u00f1a natal y Nueva Zelanda, disfruta de la vida en la preciosa Golden Bay neozelandesa y tiene el valor para cumplir sus sue\u00f1os. En ese momento, la vida le asesta un golpe fatal que amenaza con robarle la felicidad.<\/p>\n<p data-start=\"291\" data-end=\"585\">Irene, la mejor amiga de Cora, una mujer tranquila y con los pies en la tierra, siempre ha sido la madre perfecta. Sin embargo, cuando sus hijas se hacen mayores y se van de casa, se siente perdida. Entonces, recibe una carta de Cora en la que su amiga le pide un favor que le cambiar\u00e1 la vida.<\/p>\n<p data-start=\"587\" data-end=\"925\">Sof\u00eda, la hermana de Cora, lleva una vida gris en Madrid. Ense\u00f1a literatura en la universidad, pero a\u00f1ora hacer algo diferente. Cuando Irene la invita a embarcarse en un viaje inolvidable, le cuesta dejar a un lado la ira que siente hacia su hermana y concentrarse en su propia necesidad de abrir las alas y volar en busca de la libertad.<\/p>\n<p data-start=\"927\" data-end=\"1163\" data-is-last-node=\"\" data-is-only-node=\"\">Viaje a la puesta de sol se desarrolla entre los maravillosos parajes de Nueva Zelanda, Escocia, Espa\u00f1a y Alemania, y es una historia de duelo, amor, la b\u00fasqueda de la autorrealizaci\u00f3n y los v\u00ednculos irrompibles entre amigas y hermanas.<\/p>\n","protected":false},"excerpt":{"rendered":"<p><strong>ISBN: 9791370292911<\/strong><\/p>\n<p><strong>SINOPSIS<\/strong><\/p>\n<p data-start=\"0\" data-end=\"289\">Cora est\u00e1 por fin en paz. Despu\u00e9s de a\u00f1os sinti\u00e9ndose dividida entre su Espa\u00f1a natal y Nueva Zelanda, disfruta de la vida en la preciosa Golden Bay neozelandesa y tiene el valor para cumplir sus sue\u00f1os. En ese momento, la vida le asesta un golpe fatal que amenaza con robarle la felicidad.<\/p>\n<p data-start=\"291\" data-end=\"585\">Irene, la mejor amiga de Cora, una mujer tranquila y con los pies en la tierra, siempre ha sido la madre perfecta. Sin embargo, cuando sus hijas se hacen mayores y se van de casa, se siente perdida. Entonces, recibe una carta de Cora en la que su amiga le pide un favor que le cambiar\u00e1 la vida.<\/p>\n<p data-start=\"587\" data-end=\"925\">Sof\u00eda, la hermana de Cora, lleva una vida gris en Madrid. Ense\u00f1a literatura en la universidad, pero a\u00f1ora hacer algo diferente. Cuando Irene la invita a embarcarse en un viaje inolvidable, le cuesta dejar a un lado la ira que siente hacia su hermana y concentrarse en su propia necesidad de abrir las alas y volar en busca de la libertad.<\/p>\n<p data-start=\"927\" data-end=\"1163\" data-is-last-node=\"\" data-is-only-node=\"\">Viaje a la puesta de sol se desarrolla entre los maravillosos parajes de Nueva Zelanda, Escocia, Espa\u00f1a y Alemania, y es una historia de duelo, amor, la b\u00fasqueda de la autorrealizaci\u00f3n y los v\u00ednculos irrompibles entre amigas y hermanas.<\/p>\n","protected":false},"featured_media":111707,"comment_status":"open","ping_status":"closed","template":"","meta":{"_acf_changed":false},"libro":[],"product_brand":[],"product_cat":[141],"product_tag":[],"class_list":{"0":"post-111703","1":"product","2":"type-product","3":"status-publish","4":"has-post-thumbnail","6":"product_cat-ficcion","8":"first","9":"instock","10":"shipping-taxable","11":"product-type-simple"},"acf":{"autor":[111704],"enlace_de_compra":"https:\/\/www.amazon.es\/Viaje-puesta-sol-Tatiana-Goded-ebook\/dp\/B0GSK5LYQD\/ref=tmm_kin_swatch_0?_encoding=UTF8&dib_tag=se&dib=eyJ2IjoiMSJ9.kdf64-Mtoj3mAI8tDWKKFA.BNaeJnG3rB266vykg6jhN6TS1RNsPc8DdrUe4pQTy0s&qid=1775485173&sr=8-1"},"yoast_head":"<!-- This site is optimized with the Yoast SEO plugin v26.6 - https:\/\/yoast.com\/wordpress\/plugins\/seo\/ -->\n<title>Viaje a la puesta de sol - Catalogo | Letrame Grupo Editorial<\/title>\n<meta name=\"robots\" content=\"index, follow, max-snippet:-1, max-image-preview:large, max-video-preview:-1\" \/>\n<link rel=\"canonical\" href=\"https:\/\/letrame.com\/catalogo\/producto\/viaje-a-la-puesta-de-sol\/\" \/>\n<meta property=\"og:locale\" content=\"es_ES\" \/>\n<meta property=\"og:type\" content=\"article\" \/>\n<meta property=\"og:title\" content=\"Viaje a la puesta de sol - Catalogo | Letrame Grupo Editorial\" \/>\n<meta property=\"og:description\" content=\"ISBN: 9791370292911  SINOPSIS Cora est\u00e1 por fin en paz. Despu\u00e9s de a\u00f1os sinti\u00e9ndose dividida entre su Espa\u00f1a natal y Nueva Zelanda, disfruta de la vida en la preciosa Golden Bay neozelandesa y tiene el valor para cumplir sus sue\u00f1os. En ese momento, la vida le asesta un golpe fatal que amenaza con robarle la felicidad. Irene, la mejor amiga de Cora, una mujer tranquila y con los pies en la tierra, siempre ha sido la madre perfecta. Sin embargo, cuando sus hijas se hacen mayores y se van de casa, se siente perdida. Entonces, recibe una carta de Cora en la que su amiga le pide un favor que le cambiar\u00e1 la vida. Sof\u00eda, la hermana de Cora, lleva una vida gris en Madrid. Ense\u00f1a literatura en la universidad, pero a\u00f1ora hacer algo diferente. Cuando Irene la invita a embarcarse en un viaje inolvidable, le cuesta dejar a un lado la ira que siente hacia su hermana y concentrarse en su propia necesidad de abrir las alas y volar en busca de la libertad. Viaje a la puesta de sol se desarrolla entre los maravillosos parajes de Nueva Zelanda, Escocia, Espa\u00f1a y Alemania, y es una historia de duelo, amor, la b\u00fasqueda de la autorrealizaci\u00f3n y los v\u00ednculos irrompibles entre amigas y hermanas.\" \/>\n<meta property=\"og:url\" content=\"https:\/\/letrame.com\/catalogo\/producto\/viaje-a-la-puesta-de-sol\/\" \/>\n<meta property=\"og:site_name\" content=\"Catalogo | Letrame Grupo Editorial\" \/>\n<meta property=\"article:modified_time\" content=\"2026-04-06T14:31:17+00:00\" \/>\n<meta property=\"og:image\" content=\"https:\/\/letrame.com\/catalogo\/wp-content\/uploads\/2026\/04\/viajealapuestadesol_1844mm4.jpg\" \/>\n\t<meta property=\"og:image:width\" content=\"886\" \/>\n\t<meta property=\"og:image:height\" content=\"1240\" \/>\n\t<meta property=\"og:image:type\" content=\"image\/jpeg\" \/>\n<meta name=\"twitter:card\" content=\"summary_large_image\" \/>\n<meta name=\"twitter:label1\" content=\"Tiempo de lectura\" \/>\n\t<meta name=\"twitter:data1\" content=\"2 minutos\" \/>\n<script type=\"application\/ld+json\" class=\"yoast-schema-graph\">{\"@context\":\"https:\/\/schema.org\",\"@graph\":[{\"@type\":\"WebPage\",\"@id\":\"https:\/\/letrame.com\/catalogo\/producto\/viaje-a-la-puesta-de-sol\/\",\"url\":\"https:\/\/letrame.com\/catalogo\/producto\/viaje-a-la-puesta-de-sol\/\",\"name\":\"Viaje a la puesta de sol - Catalogo | Letrame Grupo Editorial\",\"isPartOf\":{\"@id\":\"https:\/\/letrame.com\/catalogo\/#website\"},\"primaryImageOfPage\":{\"@id\":\"https:\/\/letrame.com\/catalogo\/producto\/viaje-a-la-puesta-de-sol\/#primaryimage\"},\"image\":{\"@id\":\"https:\/\/letrame.com\/catalogo\/producto\/viaje-a-la-puesta-de-sol\/#primaryimage\"},\"thumbnailUrl\":\"https:\/\/letrame.com\/catalogo\/wp-content\/uploads\/2026\/04\/viajealapuestadesol_1844mm4.jpg\",\"datePublished\":\"2026-04-06T14:31:15+00:00\",\"dateModified\":\"2026-04-06T14:31:17+00:00\",\"breadcrumb\":{\"@id\":\"https:\/\/letrame.com\/catalogo\/producto\/viaje-a-la-puesta-de-sol\/#breadcrumb\"},\"inLanguage\":\"es\",\"potentialAction\":[{\"@type\":\"ReadAction\",\"target\":[\"https:\/\/letrame.com\/catalogo\/producto\/viaje-a-la-puesta-de-sol\/\"]}]},{\"@type\":\"ImageObject\",\"inLanguage\":\"es\",\"@id\":\"https:\/\/letrame.com\/catalogo\/producto\/viaje-a-la-puesta-de-sol\/#primaryimage\",\"url\":\"https:\/\/letrame.com\/catalogo\/wp-content\/uploads\/2026\/04\/viajealapuestadesol_1844mm4.jpg\",\"contentUrl\":\"https:\/\/letrame.com\/catalogo\/wp-content\/uploads\/2026\/04\/viajealapuestadesol_1844mm4.jpg\",\"width\":886,\"height\":1240},{\"@type\":\"BreadcrumbList\",\"@id\":\"https:\/\/letrame.com\/catalogo\/producto\/viaje-a-la-puesta-de-sol\/#breadcrumb\",\"itemListElement\":[{\"@type\":\"ListItem\",\"position\":1,\"name\":\"Portada\",\"item\":\"https:\/\/letrame.com\/catalogo\/\"},{\"@type\":\"ListItem\",\"position\":2,\"name\":\"Cat\u00e1logo\",\"item\":\"https:\/\/letrame.com\/catalogo\/\"},{\"@type\":\"ListItem\",\"position\":3,\"name\":\"Viaje a la puesta de sol\"}]},{\"@type\":\"WebSite\",\"@id\":\"https:\/\/letrame.com\/catalogo\/#website\",\"url\":\"https:\/\/letrame.com\/catalogo\/\",\"name\":\"Catalogo | Letrame Grupo Editorial\",\"description\":\"\",\"publisher\":{\"@id\":\"https:\/\/letrame.com\/catalogo\/#organization\"},\"potentialAction\":[{\"@type\":\"SearchAction\",\"target\":{\"@type\":\"EntryPoint\",\"urlTemplate\":\"https:\/\/letrame.com\/catalogo\/?s={search_term_string}\"},\"query-input\":{\"@type\":\"PropertyValueSpecification\",\"valueRequired\":true,\"valueName\":\"search_term_string\"}}],\"inLanguage\":\"es\"},{\"@type\":\"Organization\",\"@id\":\"https:\/\/letrame.com\/catalogo\/#organization\",\"name\":\"Catalogo | Letrame Grupo Editorial\",\"url\":\"https:\/\/letrame.com\/catalogo\/\",\"logo\":{\"@type\":\"ImageObject\",\"inLanguage\":\"es\",\"@id\":\"https:\/\/letrame.com\/catalogo\/#\/schema\/logo\/image\/\",\"url\":\"https:\/\/letrame.com\/catalogo\/wp-content\/uploads\/2024\/03\/logo2.webp\",\"contentUrl\":\"https:\/\/letrame.com\/catalogo\/wp-content\/uploads\/2024\/03\/logo2.webp\",\"width\":394,\"height\":128,\"caption\":\"Catalogo | Letrame Grupo Editorial\"},\"image\":{\"@id\":\"https:\/\/letrame.com\/catalogo\/#\/schema\/logo\/image\/\"}}]}<\/script>\n<!-- \/ Yoast SEO plugin. -->","yoast_head_json":{"title":"Viaje a la puesta de sol - Catalogo | Letrame Grupo Editorial","robots":{"index":"index","follow":"follow","max-snippet":"max-snippet:-1","max-image-preview":"max-image-preview:large","max-video-preview":"max-video-preview:-1"},"canonical":"https:\/\/letrame.com\/catalogo\/producto\/viaje-a-la-puesta-de-sol\/","og_locale":"es_ES","og_type":"article","og_title":"Viaje a la puesta de sol - Catalogo | Letrame Grupo Editorial","og_description":"ISBN: 9791370292911  SINOPSIS Cora est\u00e1 por fin en paz. Despu\u00e9s de a\u00f1os sinti\u00e9ndose dividida entre su Espa\u00f1a natal y Nueva Zelanda, disfruta de la vida en la preciosa Golden Bay neozelandesa y tiene el valor para cumplir sus sue\u00f1os. En ese momento, la vida le asesta un golpe fatal que amenaza con robarle la felicidad. Irene, la mejor amiga de Cora, una mujer tranquila y con los pies en la tierra, siempre ha sido la madre perfecta. Sin embargo, cuando sus hijas se hacen mayores y se van de casa, se siente perdida. Entonces, recibe una carta de Cora en la que su amiga le pide un favor que le cambiar\u00e1 la vida. Sof\u00eda, la hermana de Cora, lleva una vida gris en Madrid. Ense\u00f1a literatura en la universidad, pero a\u00f1ora hacer algo diferente. Cuando Irene la invita a embarcarse en un viaje inolvidable, le cuesta dejar a un lado la ira que siente hacia su hermana y concentrarse en su propia necesidad de abrir las alas y volar en busca de la libertad. Viaje a la puesta de sol se desarrolla entre los maravillosos parajes de Nueva Zelanda, Escocia, Espa\u00f1a y Alemania, y es una historia de duelo, amor, la b\u00fasqueda de la autorrealizaci\u00f3n y los v\u00ednculos irrompibles entre amigas y hermanas.","og_url":"https:\/\/letrame.com\/catalogo\/producto\/viaje-a-la-puesta-de-sol\/","og_site_name":"Catalogo | Letrame Grupo Editorial","article_modified_time":"2026-04-06T14:31:17+00:00","og_image":[{"width":886,"height":1240,"url":"https:\/\/letrame.com\/catalogo\/wp-content\/uploads\/2026\/04\/viajealapuestadesol_1844mm4.jpg","type":"image\/jpeg"}],"twitter_card":"summary_large_image","twitter_misc":{"Tiempo de lectura":"2 minutos"},"schema":{"@context":"https:\/\/schema.org","@graph":[{"@type":"WebPage","@id":"https:\/\/letrame.com\/catalogo\/producto\/viaje-a-la-puesta-de-sol\/","url":"https:\/\/letrame.com\/catalogo\/producto\/viaje-a-la-puesta-de-sol\/","name":"Viaje a la puesta de sol - Catalogo | Letrame Grupo Editorial","isPartOf":{"@id":"https:\/\/letrame.com\/catalogo\/#website"},"primaryImageOfPage":{"@id":"https:\/\/letrame.com\/catalogo\/producto\/viaje-a-la-puesta-de-sol\/#primaryimage"},"image":{"@id":"https:\/\/letrame.com\/catalogo\/producto\/viaje-a-la-puesta-de-sol\/#primaryimage"},"thumbnailUrl":"https:\/\/letrame.com\/catalogo\/wp-content\/uploads\/2026\/04\/viajealapuestadesol_1844mm4.jpg","datePublished":"2026-04-06T14:31:15+00:00","dateModified":"2026-04-06T14:31:17+00:00","breadcrumb":{"@id":"https:\/\/letrame.com\/catalogo\/producto\/viaje-a-la-puesta-de-sol\/#breadcrumb"},"inLanguage":"es","potentialAction":[{"@type":"ReadAction","target":["https:\/\/letrame.com\/catalogo\/producto\/viaje-a-la-puesta-de-sol\/"]}]},{"@type":"ImageObject","inLanguage":"es","@id":"https:\/\/letrame.com\/catalogo\/producto\/viaje-a-la-puesta-de-sol\/#primaryimage","url":"https:\/\/letrame.com\/catalogo\/wp-content\/uploads\/2026\/04\/viajealapuestadesol_1844mm4.jpg","contentUrl":"https:\/\/letrame.com\/catalogo\/wp-content\/uploads\/2026\/04\/viajealapuestadesol_1844mm4.jpg","width":886,"height":1240},{"@type":"BreadcrumbList","@id":"https:\/\/letrame.com\/catalogo\/producto\/viaje-a-la-puesta-de-sol\/#breadcrumb","itemListElement":[{"@type":"ListItem","position":1,"name":"Portada","item":"https:\/\/letrame.com\/catalogo\/"},{"@type":"ListItem","position":2,"name":"Cat\u00e1logo","item":"https:\/\/letrame.com\/catalogo\/"},{"@type":"ListItem","position":3,"name":"Viaje a la puesta de sol"}]},{"@type":"WebSite","@id":"https:\/\/letrame.com\/catalogo\/#website","url":"https:\/\/letrame.com\/catalogo\/","name":"Catalogo | Letrame Grupo Editorial","description":"","publisher":{"@id":"https:\/\/letrame.com\/catalogo\/#organization"},"potentialAction":[{"@type":"SearchAction","target":{"@type":"EntryPoint","urlTemplate":"https:\/\/letrame.com\/catalogo\/?s={search_term_string}"},"query-input":{"@type":"PropertyValueSpecification","valueRequired":true,"valueName":"search_term_string"}}],"inLanguage":"es"},{"@type":"Organization","@id":"https:\/\/letrame.com\/catalogo\/#organization","name":"Catalogo | Letrame Grupo Editorial","url":"https:\/\/letrame.com\/catalogo\/","logo":{"@type":"ImageObject","inLanguage":"es","@id":"https:\/\/letrame.com\/catalogo\/#\/schema\/logo\/image\/","url":"https:\/\/letrame.com\/catalogo\/wp-content\/uploads\/2024\/03\/logo2.webp","contentUrl":"https:\/\/letrame.com\/catalogo\/wp-content\/uploads\/2024\/03\/logo2.webp","width":394,"height":128,"caption":"Catalogo | Letrame Grupo Editorial"},"image":{"@id":"https:\/\/letrame.com\/catalogo\/#\/schema\/logo\/image\/"}}]}},"_links":{"self":[{"href":"https:\/\/letrame.com\/catalogo\/wp-json\/wp\/v2\/product\/111703","targetHints":{"allow":["GET"]}}],"collection":[{"href":"https:\/\/letrame.com\/catalogo\/wp-json\/wp\/v2\/product"}],"about":[{"href":"https:\/\/letrame.com\/catalogo\/wp-json\/wp\/v2\/types\/product"}],"replies":[{"embeddable":true,"href":"https:\/\/letrame.com\/catalogo\/wp-json\/wp\/v2\/comments?post=111703"}],"acf:post":[{"embeddable":true,"href":"https:\/\/letrame.com\/catalogo\/wp-json\/wp\/v2\/author_book\/111704"}],"wp:featuredmedia":[{"embeddable":true,"href":"https:\/\/letrame.com\/catalogo\/wp-json\/wp\/v2\/media\/111707"}],"wp:attachment":[{"href":"https:\/\/letrame.com\/catalogo\/wp-json\/wp\/v2\/media?parent=111703"}],"wp:term":[{"taxonomy":"libro","embeddable":true,"href":"https:\/\/letrame.com\/catalogo\/wp-json\/wp\/v2\/libro?post=111703"},{"taxonomy":"product_brand","embeddable":true,"href":"https:\/\/letrame.com\/catalogo\/wp-json\/wp\/v2\/product_brand?post=111703"},{"taxonomy":"product_cat","embeddable":true,"href":"https:\/\/letrame.com\/catalogo\/wp-json\/wp\/v2\/product_cat?post=111703"},{"taxonomy":"product_tag","embeddable":true,"href":"https:\/\/letrame.com\/catalogo\/wp-json\/wp\/v2\/product_tag?post=111703"}],"curies":[{"name":"wp","href":"https:\/\/api.w.org\/{rel}","templated":true}]}}