{"id":111697,"date":"2026-04-06T16:04:45","date_gmt":"2026-04-06T14:04:45","guid":{"rendered":"https:\/\/letrame.com\/catalogo\/?post_type=product&#038;p=111697"},"modified":"2026-04-06T16:04:46","modified_gmt":"2026-04-06T14:04:46","slug":"a-imagen-y-semejanza-de____","status":"publish","type":"product","link":"https:\/\/letrame.com\/catalogo\/producto\/a-imagen-y-semejanza-de____\/","title":{"rendered":"A imagen y semejanza de:____"},"content":{"rendered":"<p><strong>ISBN: 9791370292836<\/strong><br \/>\n<strong>T\u00edtulo: A imagen y semejanza de:____<\/strong><br \/>\n<strong>Fecha: 2025<\/strong><br \/>\n<strong>P\u00e1ginas: 146<\/strong><\/p>\n<p><strong>SINOPSIS<\/strong><\/p>\n<p data-start=\"143\" data-end=\"538\">Todos caminamos entre dudas y certezas parciales, con la sensaci\u00f3n de mirar la vida a trav\u00e9s de un espejo empa\u00f1ado. Queremos claridad, buscamos respuestas, pero a menudo lo que encontramos es cansancio, contradicciones y un coraz\u00f3n que no sabe por d\u00f3nde avanzar. Es en medio de esa fragilidad donde la pregunta se vuelve inevitable: \u00bfqu\u00e9 significa realmente vivir conforme a la voluntad de Dios?<\/p>\n<p data-start=\"540\" data-end=\"852\">Rodrigo Ruiz abre un camino hacia esa vulnerabilidad que se vuelve encuentro, record\u00e1ndonos que la voluntad divina no es un mapa de instrucciones, sino una transformaci\u00f3n que comienza en lo secreto del coraz\u00f3n. En estas p\u00e1ginas, la gracia aparece como la clave que despeja la identidad y la devuelve a su origen.<\/p>\n<p data-start=\"854\" data-end=\"1053\" data-is-last-node=\"\" data-is-only-node=\"\">Aqu\u00ed la fe no se mide por decisiones perfectas, sino por una forma de ser que se va forjando con paciencia y verdad, hasta conformarse, paso a paso, a la huella de Cristo: a imagen y semejanza de \u00c9l.<\/p>\n","protected":false},"excerpt":{"rendered":"<p><strong>ISBN: 9791370292836<\/strong><\/p>\n<p><strong>SINOPSIS<\/strong><\/p>\n<p data-start=\"143\" data-end=\"538\">Todos caminamos entre dudas y certezas parciales, con la sensaci\u00f3n de mirar la vida a trav\u00e9s de un espejo empa\u00f1ado. Queremos claridad, buscamos respuestas, pero a menudo lo que encontramos es cansancio, contradicciones y un coraz\u00f3n que no sabe por d\u00f3nde avanzar. Es en medio de esa fragilidad donde la pregunta se vuelve inevitable: \u00bfqu\u00e9 significa realmente vivir conforme a la voluntad de Dios?<\/p>\n<p data-start=\"540\" data-end=\"852\">Rodrigo Ruiz abre un camino hacia esa vulnerabilidad que se vuelve encuentro, record\u00e1ndonos que la voluntad divina no es un mapa de instrucciones, sino una transformaci\u00f3n que comienza en lo secreto del coraz\u00f3n. En estas p\u00e1ginas, la gracia aparece como la clave que despeja la identidad y la devuelve a su origen.<\/p>\n<p data-start=\"854\" data-end=\"1053\" data-is-last-node=\"\" data-is-only-node=\"\">Aqu\u00ed la fe no se mide por decisiones perfectas, sino por una forma de ser que se va forjando con paciencia y verdad, hasta conformarse, paso a paso, a la huella de Cristo: a imagen y semejanza de \u00c9l.<\/p>\n","protected":false},"featured_media":111699,"comment_status":"open","ping_status":"closed","template":"","meta":{"_acf_changed":false},"libro":[],"product_brand":[],"product_cat":[25],"product_tag":[],"class_list":{"0":"post-111697","1":"product","2":"type-product","3":"status-publish","4":"has-post-thumbnail","6":"product_cat-religion-y-espiritualidad","8":"first","9":"instock","10":"shipping-taxable","11":"product-type-simple"},"acf":{"autor":[111698],"enlace_de_compra":"https:\/\/amzn.to\/4vfcF4T"},"yoast_head":"<!-- This site is optimized with the Yoast SEO plugin v26.6 - https:\/\/yoast.com\/wordpress\/plugins\/seo\/ -->\n<title>A imagen y semejanza de:____ - Catalogo | Letrame Grupo Editorial<\/title>\n<meta name=\"robots\" content=\"index, follow, max-snippet:-1, max-image-preview:large, max-video-preview:-1\" \/>\n<link rel=\"canonical\" href=\"https:\/\/letrame.com\/catalogo\/producto\/a-imagen-y-semejanza-de____\/\" \/>\n<meta property=\"og:locale\" content=\"es_ES\" \/>\n<meta property=\"og:type\" content=\"article\" \/>\n<meta property=\"og:title\" content=\"A imagen y semejanza de:____ - Catalogo | Letrame Grupo Editorial\" \/>\n<meta property=\"og:description\" content=\"ISBN: 9791370292836  SINOPSIS Todos caminamos entre dudas y certezas parciales, con la sensaci\u00f3n de mirar la vida a trav\u00e9s de un espejo empa\u00f1ado. Queremos claridad, buscamos respuestas, pero a menudo lo que encontramos es cansancio, contradicciones y un coraz\u00f3n que no sabe por d\u00f3nde avanzar. Es en medio de esa fragilidad donde la pregunta se vuelve inevitable: \u00bfqu\u00e9 significa realmente vivir conforme a la voluntad de Dios? Rodrigo Ruiz abre un camino hacia esa vulnerabilidad que se vuelve encuentro, record\u00e1ndonos que la voluntad divina no es un mapa de instrucciones, sino una transformaci\u00f3n que comienza en lo secreto del coraz\u00f3n. En estas p\u00e1ginas, la gracia aparece como la clave que despeja la identidad y la devuelve a su origen. Aqu\u00ed la fe no se mide por decisiones perfectas, sino por una forma de ser que se va forjando con paciencia y verdad, hasta conformarse, paso a paso, a la huella de Cristo: a imagen y semejanza de \u00c9l.\" \/>\n<meta property=\"og:url\" content=\"https:\/\/letrame.com\/catalogo\/producto\/a-imagen-y-semejanza-de____\/\" \/>\n<meta property=\"og:site_name\" content=\"Catalogo | Letrame Grupo Editorial\" \/>\n<meta property=\"article:modified_time\" content=\"2026-04-06T14:04:46+00:00\" \/>\n<meta property=\"og:image\" content=\"https:\/\/letrame.com\/catalogo\/wp-content\/uploads\/2026\/04\/aimagenysemejanza_719mm4.jpg\" \/>\n\t<meta property=\"og:image:width\" content=\"886\" \/>\n\t<meta property=\"og:image:height\" content=\"1299\" \/>\n\t<meta property=\"og:image:type\" content=\"image\/jpeg\" \/>\n<meta name=\"twitter:card\" content=\"summary_large_image\" \/>\n<meta name=\"twitter:label1\" content=\"Tiempo de lectura\" \/>\n\t<meta name=\"twitter:data1\" content=\"1 minuto\" \/>\n<script type=\"application\/ld+json\" class=\"yoast-schema-graph\">{\"@context\":\"https:\/\/schema.org\",\"@graph\":[{\"@type\":\"WebPage\",\"@id\":\"https:\/\/letrame.com\/catalogo\/producto\/a-imagen-y-semejanza-de____\/\",\"url\":\"https:\/\/letrame.com\/catalogo\/producto\/a-imagen-y-semejanza-de____\/\",\"name\":\"A imagen y semejanza de:____ - Catalogo | Letrame Grupo Editorial\",\"isPartOf\":{\"@id\":\"https:\/\/letrame.com\/catalogo\/#website\"},\"primaryImageOfPage\":{\"@id\":\"https:\/\/letrame.com\/catalogo\/producto\/a-imagen-y-semejanza-de____\/#primaryimage\"},\"image\":{\"@id\":\"https:\/\/letrame.com\/catalogo\/producto\/a-imagen-y-semejanza-de____\/#primaryimage\"},\"thumbnailUrl\":\"https:\/\/letrame.com\/catalogo\/wp-content\/uploads\/2026\/04\/aimagenysemejanza_719mm4.jpg\",\"datePublished\":\"2026-04-06T14:04:45+00:00\",\"dateModified\":\"2026-04-06T14:04:46+00:00\",\"breadcrumb\":{\"@id\":\"https:\/\/letrame.com\/catalogo\/producto\/a-imagen-y-semejanza-de____\/#breadcrumb\"},\"inLanguage\":\"es\",\"potentialAction\":[{\"@type\":\"ReadAction\",\"target\":[\"https:\/\/letrame.com\/catalogo\/producto\/a-imagen-y-semejanza-de____\/\"]}]},{\"@type\":\"ImageObject\",\"inLanguage\":\"es\",\"@id\":\"https:\/\/letrame.com\/catalogo\/producto\/a-imagen-y-semejanza-de____\/#primaryimage\",\"url\":\"https:\/\/letrame.com\/catalogo\/wp-content\/uploads\/2026\/04\/aimagenysemejanza_719mm4.jpg\",\"contentUrl\":\"https:\/\/letrame.com\/catalogo\/wp-content\/uploads\/2026\/04\/aimagenysemejanza_719mm4.jpg\",\"width\":886,\"height\":1299},{\"@type\":\"BreadcrumbList\",\"@id\":\"https:\/\/letrame.com\/catalogo\/producto\/a-imagen-y-semejanza-de____\/#breadcrumb\",\"itemListElement\":[{\"@type\":\"ListItem\",\"position\":1,\"name\":\"Portada\",\"item\":\"https:\/\/letrame.com\/catalogo\/\"},{\"@type\":\"ListItem\",\"position\":2,\"name\":\"Cat\u00e1logo\",\"item\":\"https:\/\/letrame.com\/catalogo\/\"},{\"@type\":\"ListItem\",\"position\":3,\"name\":\"A imagen y semejanza de:____\"}]},{\"@type\":\"WebSite\",\"@id\":\"https:\/\/letrame.com\/catalogo\/#website\",\"url\":\"https:\/\/letrame.com\/catalogo\/\",\"name\":\"Catalogo | Letrame Grupo Editorial\",\"description\":\"\",\"publisher\":{\"@id\":\"https:\/\/letrame.com\/catalogo\/#organization\"},\"potentialAction\":[{\"@type\":\"SearchAction\",\"target\":{\"@type\":\"EntryPoint\",\"urlTemplate\":\"https:\/\/letrame.com\/catalogo\/?s={search_term_string}\"},\"query-input\":{\"@type\":\"PropertyValueSpecification\",\"valueRequired\":true,\"valueName\":\"search_term_string\"}}],\"inLanguage\":\"es\"},{\"@type\":\"Organization\",\"@id\":\"https:\/\/letrame.com\/catalogo\/#organization\",\"name\":\"Catalogo | Letrame Grupo Editorial\",\"url\":\"https:\/\/letrame.com\/catalogo\/\",\"logo\":{\"@type\":\"ImageObject\",\"inLanguage\":\"es\",\"@id\":\"https:\/\/letrame.com\/catalogo\/#\/schema\/logo\/image\/\",\"url\":\"https:\/\/letrame.com\/catalogo\/wp-content\/uploads\/2024\/03\/logo2.webp\",\"contentUrl\":\"https:\/\/letrame.com\/catalogo\/wp-content\/uploads\/2024\/03\/logo2.webp\",\"width\":394,\"height\":128,\"caption\":\"Catalogo | Letrame Grupo Editorial\"},\"image\":{\"@id\":\"https:\/\/letrame.com\/catalogo\/#\/schema\/logo\/image\/\"}}]}<\/script>\n<!-- \/ Yoast SEO plugin. -->","yoast_head_json":{"title":"A imagen y semejanza de:____ - Catalogo | Letrame Grupo Editorial","robots":{"index":"index","follow":"follow","max-snippet":"max-snippet:-1","max-image-preview":"max-image-preview:large","max-video-preview":"max-video-preview:-1"},"canonical":"https:\/\/letrame.com\/catalogo\/producto\/a-imagen-y-semejanza-de____\/","og_locale":"es_ES","og_type":"article","og_title":"A imagen y semejanza de:____ - Catalogo | Letrame Grupo Editorial","og_description":"ISBN: 9791370292836  SINOPSIS Todos caminamos entre dudas y certezas parciales, con la sensaci\u00f3n de mirar la vida a trav\u00e9s de un espejo empa\u00f1ado. Queremos claridad, buscamos respuestas, pero a menudo lo que encontramos es cansancio, contradicciones y un coraz\u00f3n que no sabe por d\u00f3nde avanzar. Es en medio de esa fragilidad donde la pregunta se vuelve inevitable: \u00bfqu\u00e9 significa realmente vivir conforme a la voluntad de Dios? Rodrigo Ruiz abre un camino hacia esa vulnerabilidad que se vuelve encuentro, record\u00e1ndonos que la voluntad divina no es un mapa de instrucciones, sino una transformaci\u00f3n que comienza en lo secreto del coraz\u00f3n. En estas p\u00e1ginas, la gracia aparece como la clave que despeja la identidad y la devuelve a su origen. Aqu\u00ed la fe no se mide por decisiones perfectas, sino por una forma de ser que se va forjando con paciencia y verdad, hasta conformarse, paso a paso, a la huella de Cristo: a imagen y semejanza de \u00c9l.","og_url":"https:\/\/letrame.com\/catalogo\/producto\/a-imagen-y-semejanza-de____\/","og_site_name":"Catalogo | Letrame Grupo Editorial","article_modified_time":"2026-04-06T14:04:46+00:00","og_image":[{"width":886,"height":1299,"url":"https:\/\/letrame.com\/catalogo\/wp-content\/uploads\/2026\/04\/aimagenysemejanza_719mm4.jpg","type":"image\/jpeg"}],"twitter_card":"summary_large_image","twitter_misc":{"Tiempo de lectura":"1 minuto"},"schema":{"@context":"https:\/\/schema.org","@graph":[{"@type":"WebPage","@id":"https:\/\/letrame.com\/catalogo\/producto\/a-imagen-y-semejanza-de____\/","url":"https:\/\/letrame.com\/catalogo\/producto\/a-imagen-y-semejanza-de____\/","name":"A imagen y semejanza de:____ - Catalogo | Letrame Grupo Editorial","isPartOf":{"@id":"https:\/\/letrame.com\/catalogo\/#website"},"primaryImageOfPage":{"@id":"https:\/\/letrame.com\/catalogo\/producto\/a-imagen-y-semejanza-de____\/#primaryimage"},"image":{"@id":"https:\/\/letrame.com\/catalogo\/producto\/a-imagen-y-semejanza-de____\/#primaryimage"},"thumbnailUrl":"https:\/\/letrame.com\/catalogo\/wp-content\/uploads\/2026\/04\/aimagenysemejanza_719mm4.jpg","datePublished":"2026-04-06T14:04:45+00:00","dateModified":"2026-04-06T14:04:46+00:00","breadcrumb":{"@id":"https:\/\/letrame.com\/catalogo\/producto\/a-imagen-y-semejanza-de____\/#breadcrumb"},"inLanguage":"es","potentialAction":[{"@type":"ReadAction","target":["https:\/\/letrame.com\/catalogo\/producto\/a-imagen-y-semejanza-de____\/"]}]},{"@type":"ImageObject","inLanguage":"es","@id":"https:\/\/letrame.com\/catalogo\/producto\/a-imagen-y-semejanza-de____\/#primaryimage","url":"https:\/\/letrame.com\/catalogo\/wp-content\/uploads\/2026\/04\/aimagenysemejanza_719mm4.jpg","contentUrl":"https:\/\/letrame.com\/catalogo\/wp-content\/uploads\/2026\/04\/aimagenysemejanza_719mm4.jpg","width":886,"height":1299},{"@type":"BreadcrumbList","@id":"https:\/\/letrame.com\/catalogo\/producto\/a-imagen-y-semejanza-de____\/#breadcrumb","itemListElement":[{"@type":"ListItem","position":1,"name":"Portada","item":"https:\/\/letrame.com\/catalogo\/"},{"@type":"ListItem","position":2,"name":"Cat\u00e1logo","item":"https:\/\/letrame.com\/catalogo\/"},{"@type":"ListItem","position":3,"name":"A imagen y semejanza de:____"}]},{"@type":"WebSite","@id":"https:\/\/letrame.com\/catalogo\/#website","url":"https:\/\/letrame.com\/catalogo\/","name":"Catalogo | Letrame Grupo Editorial","description":"","publisher":{"@id":"https:\/\/letrame.com\/catalogo\/#organization"},"potentialAction":[{"@type":"SearchAction","target":{"@type":"EntryPoint","urlTemplate":"https:\/\/letrame.com\/catalogo\/?s={search_term_string}"},"query-input":{"@type":"PropertyValueSpecification","valueRequired":true,"valueName":"search_term_string"}}],"inLanguage":"es"},{"@type":"Organization","@id":"https:\/\/letrame.com\/catalogo\/#organization","name":"Catalogo | Letrame Grupo Editorial","url":"https:\/\/letrame.com\/catalogo\/","logo":{"@type":"ImageObject","inLanguage":"es","@id":"https:\/\/letrame.com\/catalogo\/#\/schema\/logo\/image\/","url":"https:\/\/letrame.com\/catalogo\/wp-content\/uploads\/2024\/03\/logo2.webp","contentUrl":"https:\/\/letrame.com\/catalogo\/wp-content\/uploads\/2024\/03\/logo2.webp","width":394,"height":128,"caption":"Catalogo | Letrame Grupo Editorial"},"image":{"@id":"https:\/\/letrame.com\/catalogo\/#\/schema\/logo\/image\/"}}]}},"_links":{"self":[{"href":"https:\/\/letrame.com\/catalogo\/wp-json\/wp\/v2\/product\/111697","targetHints":{"allow":["GET"]}}],"collection":[{"href":"https:\/\/letrame.com\/catalogo\/wp-json\/wp\/v2\/product"}],"about":[{"href":"https:\/\/letrame.com\/catalogo\/wp-json\/wp\/v2\/types\/product"}],"replies":[{"embeddable":true,"href":"https:\/\/letrame.com\/catalogo\/wp-json\/wp\/v2\/comments?post=111697"}],"acf:post":[{"embeddable":true,"href":"https:\/\/letrame.com\/catalogo\/wp-json\/wp\/v2\/author_book\/111698"}],"wp:featuredmedia":[{"embeddable":true,"href":"https:\/\/letrame.com\/catalogo\/wp-json\/wp\/v2\/media\/111699"}],"wp:attachment":[{"href":"https:\/\/letrame.com\/catalogo\/wp-json\/wp\/v2\/media?parent=111697"}],"wp:term":[{"taxonomy":"libro","embeddable":true,"href":"https:\/\/letrame.com\/catalogo\/wp-json\/wp\/v2\/libro?post=111697"},{"taxonomy":"product_brand","embeddable":true,"href":"https:\/\/letrame.com\/catalogo\/wp-json\/wp\/v2\/product_brand?post=111697"},{"taxonomy":"product_cat","embeddable":true,"href":"https:\/\/letrame.com\/catalogo\/wp-json\/wp\/v2\/product_cat?post=111697"},{"taxonomy":"product_tag","embeddable":true,"href":"https:\/\/letrame.com\/catalogo\/wp-json\/wp\/v2\/product_tag?post=111697"}],"curies":[{"name":"wp","href":"https:\/\/api.w.org\/{rel}","templated":true}]}}