{"id":111681,"date":"2026-04-06T14:37:10","date_gmt":"2026-04-06T12:37:10","guid":{"rendered":"https:\/\/letrame.com\/catalogo\/?post_type=product&#038;p=111681"},"modified":"2026-04-06T14:37:10","modified_gmt":"2026-04-06T12:37:10","slug":"a-contracorriente-otra-educacion-es-posible","status":"publish","type":"product","link":"https:\/\/letrame.com\/catalogo\/producto\/a-contracorriente-otra-educacion-es-posible\/","title":{"rendered":"A Contracorriente: Otra educaci\u00f3n es posible"},"content":{"rendered":"<p class=\"p1\"><b>ISBN: 9791370295929<\/b><b><\/b><\/p>\n<p class=\"p1\"><b>T\u00edtulo: A Contracorriente: Otra educaci\u00f3n es posible<\/b><br \/>\n<b>Fecha: 2025<\/b><br \/>\n<b>P\u00e1ginas:\u00a0 150<\/b><b><\/b><\/p>\n<p class=\"p1\"><b>SINOPSIS<\/b><\/p>\n<p class=\"p1\">Criar a un hijo nunca fue f\u00e1cil. Criar a tres \u2014sin pantallas, sin az\u00facar, sin prisas, sin atajos\u2014 puede parecer imposible. Pero Juan Carlos Hermos\u00edn demuestra que no lo es, y que es, sobre todo, una elecci\u00f3n.<\/p>\n<p class=\"p1\">A contracorriente es el testimonio honesto de un padre que decidi\u00f3 educar desde la presencia, la firmeza y el amor.<\/p>\n<p class=\"p1\">Noches sin dormir, rabietas interminables, agotamiento, dudas, culpas&#8230; y, aun as\u00ed, una convicci\u00f3n inamovible: otra manera de educar es no solo viable, sino urgente.<\/p>\n<p class=\"p1\">Juan Carlos comparte c\u00f3mo ha criado a sus hijos sin az\u00facar, sosteniendo frustraciones sin recurrir a pantallas, instaurado rutinas firmes de sue\u00f1o y alimentaci\u00f3n, pasado de los gritos heredados a la crianza respetuosa, y c\u00f3mo ha descubierto que los l\u00edmites \u2014bien puestos\u2014 son una forma profunda de amor.<\/p>\n<p class=\"p1\">Este libro es el diario de una lucha de un padre contra la inercia social y la cultura de la inmediatez, contra la sobreestimulaci\u00f3n y el miedo al conflicto emocional. Es tambi\u00e9n una gu\u00eda pr\u00e1ctica llena de ejemplos reales sobre qu\u00e9 comen los ni\u00f1os, c\u00f3mo gestionar las rabietas, c\u00f3mo funcionan las ventanas del sue\u00f1o, por qu\u00e9 es vital el aburrimiento o c\u00f3mo se establece un c\u00edrculo de seguridad. Todo contado desde la vida misma, sin adornos ni pretensiones de perfecci\u00f3n.<\/p>\n<p class=\"p1\">Pero, sobre todo, A contracorriente es una invitaci\u00f3n a educar con consciencia, a sostener el llanto sin apagarlo, a acompa\u00f1ar en lugar de imponer y a elegir lo dif\u00edcil porque es lo correcto. Para madres y padres cansados o confundidos, y para quienes buscan una crianza m\u00e1s sensata y presente, este libro ofrece un camino imperfecto pero real: el camino de criar desde el amor que act\u00faa.<\/p>\n","protected":false},"excerpt":{"rendered":"<p class=\"p1\"><b>ISBN: 9791370295929<\/b><b><\/b><\/p>\n<p class=\"p1\"><b>SINOPSIS<\/b><\/p>\n<p class=\"p1\">Criar a un hijo nunca fue f\u00e1cil. Criar a tres \u2014sin pantallas, sin az\u00facar, sin prisas, sin atajos\u2014 puede parecer imposible. Pero Juan Carlos Hermos\u00edn demuestra que no lo es, y que es, sobre todo, una elecci\u00f3n.<\/p>\n<p class=\"p1\">A contracorriente es el testimonio honesto de un padre que decidi\u00f3 educar desde la presencia, la firmeza y el amor.<\/p>\n<p class=\"p1\">Noches sin dormir, rabietas interminables, agotamiento, dudas, culpas&#8230; y, aun as\u00ed, una convicci\u00f3n inamovible: otra manera de educar es no solo viable, sino urgente.<\/p>\n<p class=\"p1\">Juan Carlos comparte c\u00f3mo ha criado a sus hijos sin az\u00facar, sosteniendo frustraciones sin recurrir a pantallas, instaurado rutinas firmes de sue\u00f1o y alimentaci\u00f3n, pasado de los gritos heredados a la crianza respetuosa, y c\u00f3mo ha descubierto que los l\u00edmites \u2014bien puestos\u2014 son una forma profunda de amor.<\/p>\n<p class=\"p1\">Este libro es el diario de una lucha de un padre contra la inercia social y la cultura de la inmediatez, contra la sobreestimulaci\u00f3n y el miedo al conflicto emocional. Es tambi\u00e9n una gu\u00eda pr\u00e1ctica llena de ejemplos reales sobre qu\u00e9 comen los ni\u00f1os, c\u00f3mo gestionar las rabietas, c\u00f3mo funcionan las ventanas del sue\u00f1o, por qu\u00e9 es vital el aburrimiento o c\u00f3mo se establece un c\u00edrculo de seguridad. Todo contado desde la vida misma, sin adornos ni pretensiones de perfecci\u00f3n.<\/p>\n<p class=\"p1\">Pero, sobre todo, A contracorriente es una invitaci\u00f3n a educar con consciencia, a sostener el llanto sin apagarlo, a acompa\u00f1ar en lugar de imponer y a elegir lo dif\u00edcil porque es lo correcto. Para madres y padres cansados o confundidos, y para quienes buscan una crianza m\u00e1s sensata y presente, este libro ofrece un camino imperfecto pero real: el camino de criar desde el amor que act\u00faa.<\/p>\n","protected":false},"featured_media":111685,"comment_status":"open","ping_status":"closed","template":"","meta":{"_acf_changed":false},"libro":[],"product_brand":[],"product_cat":[113],"product_tag":[],"class_list":{"0":"post-111681","1":"product","2":"type-product","3":"status-publish","4":"has-post-thumbnail","6":"product_cat-educacion","8":"first","9":"instock","10":"shipping-taxable","11":"product-type-simple"},"acf":{"autor":[111682],"enlace_de_compra":"https:\/\/amzn.to\/4sONF2Q"},"yoast_head":"<!-- This site is optimized with the Yoast SEO plugin v26.6 - https:\/\/yoast.com\/wordpress\/plugins\/seo\/ -->\n<title>A Contracorriente: Otra educaci\u00f3n es posible - Catalogo | Letrame Grupo Editorial<\/title>\n<meta name=\"robots\" content=\"index, follow, max-snippet:-1, max-image-preview:large, max-video-preview:-1\" \/>\n<link rel=\"canonical\" href=\"https:\/\/letrame.com\/catalogo\/producto\/a-contracorriente-otra-educacion-es-posible\/\" \/>\n<meta property=\"og:locale\" content=\"es_ES\" \/>\n<meta property=\"og:type\" content=\"article\" \/>\n<meta property=\"og:title\" content=\"A Contracorriente: Otra educaci\u00f3n es posible - Catalogo | Letrame Grupo Editorial\" \/>\n<meta property=\"og:description\" content=\"ISBN: 9791370295929 SINOPSIS Criar a un hijo nunca fue f\u00e1cil. Criar a tres \u2014sin pantallas, sin az\u00facar, sin prisas, sin atajos\u2014 puede parecer imposible. Pero Juan Carlos Hermos\u00edn demuestra que no lo es, y que es, sobre todo, una elecci\u00f3n. A contracorriente es el testimonio honesto de un padre que decidi\u00f3 educar desde la presencia, la firmeza y el amor. Noches sin dormir, rabietas interminables, agotamiento, dudas, culpas... y, aun as\u00ed, una convicci\u00f3n inamovible: otra manera de educar es no solo viable, sino urgente. Juan Carlos comparte c\u00f3mo ha criado a sus hijos sin az\u00facar, sosteniendo frustraciones sin recurrir a pantallas, instaurado rutinas firmes de sue\u00f1o y alimentaci\u00f3n, pasado de los gritos heredados a la crianza respetuosa, y c\u00f3mo ha descubierto que los l\u00edmites \u2014bien puestos\u2014 son una forma profunda de amor. Este libro es el diario de una lucha de un padre contra la inercia social y la cultura de la inmediatez, contra la sobreestimulaci\u00f3n y el miedo al conflicto emocional. Es tambi\u00e9n una gu\u00eda pr\u00e1ctica llena de ejemplos reales sobre qu\u00e9 comen los ni\u00f1os, c\u00f3mo gestionar las rabietas, c\u00f3mo funcionan las ventanas del sue\u00f1o, por qu\u00e9 es vital el aburrimiento o c\u00f3mo se establece un c\u00edrculo de seguridad. Todo contado desde la vida misma, sin adornos ni pretensiones de perfecci\u00f3n. Pero, sobre todo, A contracorriente es una invitaci\u00f3n a educar con consciencia, a sostener el llanto sin apagarlo, a acompa\u00f1ar en lugar de imponer y a elegir lo dif\u00edcil porque es lo correcto. Para madres y padres cansados o confundidos, y para quienes buscan una crianza m\u00e1s sensata y presente, este libro ofrece un camino imperfecto pero real: el camino de criar desde el amor que act\u00faa.\" \/>\n<meta property=\"og:url\" content=\"https:\/\/letrame.com\/catalogo\/producto\/a-contracorriente-otra-educacion-es-posible\/\" \/>\n<meta property=\"og:site_name\" content=\"Catalogo | Letrame Grupo Editorial\" \/>\n<meta property=\"og:image\" content=\"https:\/\/letrame.com\/catalogo\/wp-content\/uploads\/2026\/04\/portadacatalogo-3.jpg\" \/>\n\t<meta property=\"og:image:width\" content=\"709\" \/>\n\t<meta property=\"og:image:height\" content=\"1024\" \/>\n\t<meta property=\"og:image:type\" content=\"image\/jpeg\" \/>\n<meta name=\"twitter:card\" content=\"summary_large_image\" \/>\n<meta name=\"twitter:label1\" content=\"Tiempo de lectura\" \/>\n\t<meta name=\"twitter:data1\" content=\"2 minutos\" \/>\n<script type=\"application\/ld+json\" class=\"yoast-schema-graph\">{\"@context\":\"https:\/\/schema.org\",\"@graph\":[{\"@type\":\"WebPage\",\"@id\":\"https:\/\/letrame.com\/catalogo\/producto\/a-contracorriente-otra-educacion-es-posible\/\",\"url\":\"https:\/\/letrame.com\/catalogo\/producto\/a-contracorriente-otra-educacion-es-posible\/\",\"name\":\"A Contracorriente: Otra educaci\u00f3n es posible - Catalogo | Letrame Grupo Editorial\",\"isPartOf\":{\"@id\":\"https:\/\/letrame.com\/catalogo\/#website\"},\"primaryImageOfPage\":{\"@id\":\"https:\/\/letrame.com\/catalogo\/producto\/a-contracorriente-otra-educacion-es-posible\/#primaryimage\"},\"image\":{\"@id\":\"https:\/\/letrame.com\/catalogo\/producto\/a-contracorriente-otra-educacion-es-posible\/#primaryimage\"},\"thumbnailUrl\":\"https:\/\/letrame.com\/catalogo\/wp-content\/uploads\/2026\/04\/portadacatalogo-3.jpg\",\"datePublished\":\"2026-04-06T12:37:10+00:00\",\"breadcrumb\":{\"@id\":\"https:\/\/letrame.com\/catalogo\/producto\/a-contracorriente-otra-educacion-es-posible\/#breadcrumb\"},\"inLanguage\":\"es\",\"potentialAction\":[{\"@type\":\"ReadAction\",\"target\":[\"https:\/\/letrame.com\/catalogo\/producto\/a-contracorriente-otra-educacion-es-posible\/\"]}]},{\"@type\":\"ImageObject\",\"inLanguage\":\"es\",\"@id\":\"https:\/\/letrame.com\/catalogo\/producto\/a-contracorriente-otra-educacion-es-posible\/#primaryimage\",\"url\":\"https:\/\/letrame.com\/catalogo\/wp-content\/uploads\/2026\/04\/portadacatalogo-3.jpg\",\"contentUrl\":\"https:\/\/letrame.com\/catalogo\/wp-content\/uploads\/2026\/04\/portadacatalogo-3.jpg\",\"width\":709,\"height\":1024},{\"@type\":\"BreadcrumbList\",\"@id\":\"https:\/\/letrame.com\/catalogo\/producto\/a-contracorriente-otra-educacion-es-posible\/#breadcrumb\",\"itemListElement\":[{\"@type\":\"ListItem\",\"position\":1,\"name\":\"Portada\",\"item\":\"https:\/\/letrame.com\/catalogo\/\"},{\"@type\":\"ListItem\",\"position\":2,\"name\":\"Cat\u00e1logo\",\"item\":\"https:\/\/letrame.com\/catalogo\/\"},{\"@type\":\"ListItem\",\"position\":3,\"name\":\"A Contracorriente: Otra educaci\u00f3n es posible\"}]},{\"@type\":\"WebSite\",\"@id\":\"https:\/\/letrame.com\/catalogo\/#website\",\"url\":\"https:\/\/letrame.com\/catalogo\/\",\"name\":\"Catalogo | Letrame Grupo Editorial\",\"description\":\"\",\"publisher\":{\"@id\":\"https:\/\/letrame.com\/catalogo\/#organization\"},\"potentialAction\":[{\"@type\":\"SearchAction\",\"target\":{\"@type\":\"EntryPoint\",\"urlTemplate\":\"https:\/\/letrame.com\/catalogo\/?s={search_term_string}\"},\"query-input\":{\"@type\":\"PropertyValueSpecification\",\"valueRequired\":true,\"valueName\":\"search_term_string\"}}],\"inLanguage\":\"es\"},{\"@type\":\"Organization\",\"@id\":\"https:\/\/letrame.com\/catalogo\/#organization\",\"name\":\"Catalogo | Letrame Grupo Editorial\",\"url\":\"https:\/\/letrame.com\/catalogo\/\",\"logo\":{\"@type\":\"ImageObject\",\"inLanguage\":\"es\",\"@id\":\"https:\/\/letrame.com\/catalogo\/#\/schema\/logo\/image\/\",\"url\":\"https:\/\/letrame.com\/catalogo\/wp-content\/uploads\/2024\/03\/logo2.webp\",\"contentUrl\":\"https:\/\/letrame.com\/catalogo\/wp-content\/uploads\/2024\/03\/logo2.webp\",\"width\":394,\"height\":128,\"caption\":\"Catalogo | Letrame Grupo Editorial\"},\"image\":{\"@id\":\"https:\/\/letrame.com\/catalogo\/#\/schema\/logo\/image\/\"}}]}<\/script>\n<!-- \/ Yoast SEO plugin. -->","yoast_head_json":{"title":"A Contracorriente: Otra educaci\u00f3n es posible - Catalogo | Letrame Grupo Editorial","robots":{"index":"index","follow":"follow","max-snippet":"max-snippet:-1","max-image-preview":"max-image-preview:large","max-video-preview":"max-video-preview:-1"},"canonical":"https:\/\/letrame.com\/catalogo\/producto\/a-contracorriente-otra-educacion-es-posible\/","og_locale":"es_ES","og_type":"article","og_title":"A Contracorriente: Otra educaci\u00f3n es posible - Catalogo | Letrame Grupo Editorial","og_description":"ISBN: 9791370295929 SINOPSIS Criar a un hijo nunca fue f\u00e1cil. Criar a tres \u2014sin pantallas, sin az\u00facar, sin prisas, sin atajos\u2014 puede parecer imposible. Pero Juan Carlos Hermos\u00edn demuestra que no lo es, y que es, sobre todo, una elecci\u00f3n. A contracorriente es el testimonio honesto de un padre que decidi\u00f3 educar desde la presencia, la firmeza y el amor. Noches sin dormir, rabietas interminables, agotamiento, dudas, culpas... y, aun as\u00ed, una convicci\u00f3n inamovible: otra manera de educar es no solo viable, sino urgente. Juan Carlos comparte c\u00f3mo ha criado a sus hijos sin az\u00facar, sosteniendo frustraciones sin recurrir a pantallas, instaurado rutinas firmes de sue\u00f1o y alimentaci\u00f3n, pasado de los gritos heredados a la crianza respetuosa, y c\u00f3mo ha descubierto que los l\u00edmites \u2014bien puestos\u2014 son una forma profunda de amor. Este libro es el diario de una lucha de un padre contra la inercia social y la cultura de la inmediatez, contra la sobreestimulaci\u00f3n y el miedo al conflicto emocional. Es tambi\u00e9n una gu\u00eda pr\u00e1ctica llena de ejemplos reales sobre qu\u00e9 comen los ni\u00f1os, c\u00f3mo gestionar las rabietas, c\u00f3mo funcionan las ventanas del sue\u00f1o, por qu\u00e9 es vital el aburrimiento o c\u00f3mo se establece un c\u00edrculo de seguridad. Todo contado desde la vida misma, sin adornos ni pretensiones de perfecci\u00f3n. Pero, sobre todo, A contracorriente es una invitaci\u00f3n a educar con consciencia, a sostener el llanto sin apagarlo, a acompa\u00f1ar en lugar de imponer y a elegir lo dif\u00edcil porque es lo correcto. Para madres y padres cansados o confundidos, y para quienes buscan una crianza m\u00e1s sensata y presente, este libro ofrece un camino imperfecto pero real: el camino de criar desde el amor que act\u00faa.","og_url":"https:\/\/letrame.com\/catalogo\/producto\/a-contracorriente-otra-educacion-es-posible\/","og_site_name":"Catalogo | Letrame Grupo Editorial","og_image":[{"width":709,"height":1024,"url":"https:\/\/letrame.com\/catalogo\/wp-content\/uploads\/2026\/04\/portadacatalogo-3.jpg","type":"image\/jpeg"}],"twitter_card":"summary_large_image","twitter_misc":{"Tiempo de lectura":"2 minutos"},"schema":{"@context":"https:\/\/schema.org","@graph":[{"@type":"WebPage","@id":"https:\/\/letrame.com\/catalogo\/producto\/a-contracorriente-otra-educacion-es-posible\/","url":"https:\/\/letrame.com\/catalogo\/producto\/a-contracorriente-otra-educacion-es-posible\/","name":"A Contracorriente: Otra educaci\u00f3n es posible - Catalogo | Letrame Grupo Editorial","isPartOf":{"@id":"https:\/\/letrame.com\/catalogo\/#website"},"primaryImageOfPage":{"@id":"https:\/\/letrame.com\/catalogo\/producto\/a-contracorriente-otra-educacion-es-posible\/#primaryimage"},"image":{"@id":"https:\/\/letrame.com\/catalogo\/producto\/a-contracorriente-otra-educacion-es-posible\/#primaryimage"},"thumbnailUrl":"https:\/\/letrame.com\/catalogo\/wp-content\/uploads\/2026\/04\/portadacatalogo-3.jpg","datePublished":"2026-04-06T12:37:10+00:00","breadcrumb":{"@id":"https:\/\/letrame.com\/catalogo\/producto\/a-contracorriente-otra-educacion-es-posible\/#breadcrumb"},"inLanguage":"es","potentialAction":[{"@type":"ReadAction","target":["https:\/\/letrame.com\/catalogo\/producto\/a-contracorriente-otra-educacion-es-posible\/"]}]},{"@type":"ImageObject","inLanguage":"es","@id":"https:\/\/letrame.com\/catalogo\/producto\/a-contracorriente-otra-educacion-es-posible\/#primaryimage","url":"https:\/\/letrame.com\/catalogo\/wp-content\/uploads\/2026\/04\/portadacatalogo-3.jpg","contentUrl":"https:\/\/letrame.com\/catalogo\/wp-content\/uploads\/2026\/04\/portadacatalogo-3.jpg","width":709,"height":1024},{"@type":"BreadcrumbList","@id":"https:\/\/letrame.com\/catalogo\/producto\/a-contracorriente-otra-educacion-es-posible\/#breadcrumb","itemListElement":[{"@type":"ListItem","position":1,"name":"Portada","item":"https:\/\/letrame.com\/catalogo\/"},{"@type":"ListItem","position":2,"name":"Cat\u00e1logo","item":"https:\/\/letrame.com\/catalogo\/"},{"@type":"ListItem","position":3,"name":"A Contracorriente: Otra educaci\u00f3n es posible"}]},{"@type":"WebSite","@id":"https:\/\/letrame.com\/catalogo\/#website","url":"https:\/\/letrame.com\/catalogo\/","name":"Catalogo | Letrame Grupo Editorial","description":"","publisher":{"@id":"https:\/\/letrame.com\/catalogo\/#organization"},"potentialAction":[{"@type":"SearchAction","target":{"@type":"EntryPoint","urlTemplate":"https:\/\/letrame.com\/catalogo\/?s={search_term_string}"},"query-input":{"@type":"PropertyValueSpecification","valueRequired":true,"valueName":"search_term_string"}}],"inLanguage":"es"},{"@type":"Organization","@id":"https:\/\/letrame.com\/catalogo\/#organization","name":"Catalogo | Letrame Grupo Editorial","url":"https:\/\/letrame.com\/catalogo\/","logo":{"@type":"ImageObject","inLanguage":"es","@id":"https:\/\/letrame.com\/catalogo\/#\/schema\/logo\/image\/","url":"https:\/\/letrame.com\/catalogo\/wp-content\/uploads\/2024\/03\/logo2.webp","contentUrl":"https:\/\/letrame.com\/catalogo\/wp-content\/uploads\/2024\/03\/logo2.webp","width":394,"height":128,"caption":"Catalogo | Letrame Grupo Editorial"},"image":{"@id":"https:\/\/letrame.com\/catalogo\/#\/schema\/logo\/image\/"}}]}},"_links":{"self":[{"href":"https:\/\/letrame.com\/catalogo\/wp-json\/wp\/v2\/product\/111681","targetHints":{"allow":["GET"]}}],"collection":[{"href":"https:\/\/letrame.com\/catalogo\/wp-json\/wp\/v2\/product"}],"about":[{"href":"https:\/\/letrame.com\/catalogo\/wp-json\/wp\/v2\/types\/product"}],"replies":[{"embeddable":true,"href":"https:\/\/letrame.com\/catalogo\/wp-json\/wp\/v2\/comments?post=111681"}],"acf:post":[{"embeddable":true,"href":"https:\/\/letrame.com\/catalogo\/wp-json\/wp\/v2\/author_book\/111682"}],"wp:featuredmedia":[{"embeddable":true,"href":"https:\/\/letrame.com\/catalogo\/wp-json\/wp\/v2\/media\/111685"}],"wp:attachment":[{"href":"https:\/\/letrame.com\/catalogo\/wp-json\/wp\/v2\/media?parent=111681"}],"wp:term":[{"taxonomy":"libro","embeddable":true,"href":"https:\/\/letrame.com\/catalogo\/wp-json\/wp\/v2\/libro?post=111681"},{"taxonomy":"product_brand","embeddable":true,"href":"https:\/\/letrame.com\/catalogo\/wp-json\/wp\/v2\/product_brand?post=111681"},{"taxonomy":"product_cat","embeddable":true,"href":"https:\/\/letrame.com\/catalogo\/wp-json\/wp\/v2\/product_cat?post=111681"},{"taxonomy":"product_tag","embeddable":true,"href":"https:\/\/letrame.com\/catalogo\/wp-json\/wp\/v2\/product_tag?post=111681"}],"curies":[{"name":"wp","href":"https:\/\/api.w.org\/{rel}","templated":true}]}}