{"id":111676,"date":"2026-04-06T14:31:14","date_gmt":"2026-04-06T12:31:14","guid":{"rendered":"https:\/\/letrame.com\/catalogo\/?post_type=product&#038;p=111676"},"modified":"2026-04-06T14:31:15","modified_gmt":"2026-04-06T12:31:15","slug":"el-indiano-juan-noble-hidalgo-de-rionansa","status":"publish","type":"product","link":"https:\/\/letrame.com\/catalogo\/producto\/el-indiano-juan-noble-hidalgo-de-rionansa\/","title":{"rendered":"El indiano Juan, noble hidalgo de Rionansa"},"content":{"rendered":"<p class=\"p1\"><b>ISBN: 9791370295097<\/b><b><\/b><\/p>\n<p class=\"p1\"><b>T\u00edtulo: El indiano Juan, noble hidalgo de Rionansa<\/b><br \/>\n<b>Fecha: 2026<\/b><br \/>\n<b>P\u00e1ginas: 318<\/b><b><\/b><\/p>\n<p class=\"p1\"><b>SINOPSIS<\/b><\/p>\n<p class=\"p1\">Hace m\u00e1s de 250 a\u00f1os naci\u00f3 en La Herrer\u00eda del concejo de Celis (Rionansa) Juan Francisco Guti\u00e9rrez De Celis y Rubin de Celis. Emigr\u00f3 a Nueva Espa\u00f1a a finales del siglo XVII y fue all\u00ed coronel del ej\u00e9rcito, caballero de la orden de Santiago y prior del consulado. En 1735 firm\u00f3 edictos como Corregidor del Cabildo de M\u00e9xico. En 1746 suscribi\u00f3 un poder para enviar dinero a su sobrino D. Diego Rubin de Celis y construir as\u00ed escuelas en la Herrer\u00eda, una iglesia, tra\u00edda de aguas a Celis y un puente sobre el r\u00edo Nansa.<\/p>\n<p class=\"p1\">Obras que a d\u00eda de hoy siguen disfrutando los vecinos de las monta\u00f1as del Nansa. El indiano Juan, con tanto legado otorgado, no es una persona reconocida en la historiograf\u00eda regional de Cantabria.<\/p>\n","protected":false},"excerpt":{"rendered":"<p class=\"p1\"><b>ISBN: 9791370295097<\/b><b><\/b><\/p>\n<p class=\"p1\"><b>SINOPSIS<\/b><\/p>\n<p class=\"p1\">Hace m\u00e1s de 250 a\u00f1os naci\u00f3 en La Herrer\u00eda del concejo de Celis (Rionansa) Juan Francisco Guti\u00e9rrez De Celis y Rubin de Celis. Emigr\u00f3 a Nueva Espa\u00f1a a finales del siglo XVII y fue all\u00ed coronel del ej\u00e9rcito, caballero de la orden de Santiago y prior del consulado. En 1735 firm\u00f3 edictos como Corregidor del Cabildo de M\u00e9xico. En 1746 suscribi\u00f3 un poder para enviar dinero a su sobrino D. Diego Rubin de Celis y construir as\u00ed escuelas en la Herrer\u00eda, una iglesia, tra\u00edda de aguas a Celis y un puente sobre el r\u00edo Nansa.<\/p>\n<p class=\"p1\">Obras que a d\u00eda de hoy siguen disfrutando los vecinos de las monta\u00f1as del Nansa. El indiano Juan, con tanto legado otorgado, no es una persona reconocida en la historiograf\u00eda regional de Cantabria.<\/p>\n","protected":false},"featured_media":111680,"comment_status":"open","ping_status":"closed","template":"","meta":{"_acf_changed":false},"libro":[],"product_brand":[],"product_cat":[102],"product_tag":[],"class_list":{"0":"post-111676","1":"product","2":"type-product","3":"status-publish","4":"has-post-thumbnail","6":"product_cat-biografia","8":"first","9":"instock","10":"shipping-taxable","11":"product-type-simple"},"acf":{"autor":[111677],"enlace_de_compra":"https:\/\/amzn.to\/3PQ9EYJ"},"yoast_head":"<!-- This site is optimized with the Yoast SEO plugin v26.6 - https:\/\/yoast.com\/wordpress\/plugins\/seo\/ -->\n<title>El indiano Juan, noble hidalgo de Rionansa - Catalogo | Letrame Grupo Editorial<\/title>\n<meta name=\"robots\" content=\"index, follow, max-snippet:-1, max-image-preview:large, max-video-preview:-1\" \/>\n<link rel=\"canonical\" href=\"https:\/\/letrame.com\/catalogo\/producto\/el-indiano-juan-noble-hidalgo-de-rionansa\/\" \/>\n<meta property=\"og:locale\" content=\"es_ES\" \/>\n<meta property=\"og:type\" content=\"article\" \/>\n<meta property=\"og:title\" content=\"El indiano Juan, noble hidalgo de Rionansa - Catalogo | Letrame Grupo Editorial\" \/>\n<meta property=\"og:description\" content=\"ISBN: 9791370295097 SINOPSIS Hace m\u00e1s de 250 a\u00f1os naci\u00f3 en La Herrer\u00eda del concejo de Celis (Rionansa) Juan Francisco Guti\u00e9rrez De Celis y Rubin de Celis. Emigr\u00f3 a Nueva Espa\u00f1a a finales del siglo XVII y fue all\u00ed coronel del ej\u00e9rcito, caballero de la orden de Santiago y prior del consulado. En 1735 firm\u00f3 edictos como Corregidor del Cabildo de M\u00e9xico. En 1746 suscribi\u00f3 un poder para enviar dinero a su sobrino D. Diego Rubin de Celis y construir as\u00ed escuelas en la Herrer\u00eda, una iglesia, tra\u00edda de aguas a Celis y un puente sobre el r\u00edo Nansa. Obras que a d\u00eda de hoy siguen disfrutando los vecinos de las monta\u00f1as del Nansa. El indiano Juan, con tanto legado otorgado, no es una persona reconocida en la historiograf\u00eda regional de Cantabria.\" \/>\n<meta property=\"og:url\" content=\"https:\/\/letrame.com\/catalogo\/producto\/el-indiano-juan-noble-hidalgo-de-rionansa\/\" \/>\n<meta property=\"og:site_name\" content=\"Catalogo | Letrame Grupo Editorial\" \/>\n<meta property=\"article:modified_time\" content=\"2026-04-06T12:31:15+00:00\" \/>\n<meta property=\"og:image\" content=\"https:\/\/letrame.com\/catalogo\/wp-content\/uploads\/2026\/04\/portadacatalogo-2.jpg\" \/>\n\t<meta property=\"og:image:width\" content=\"738\" \/>\n\t<meta property=\"og:image:height\" content=\"1034\" \/>\n\t<meta property=\"og:image:type\" content=\"image\/jpeg\" \/>\n<meta name=\"twitter:card\" content=\"summary_large_image\" \/>\n<meta name=\"twitter:label1\" content=\"Tiempo de lectura\" \/>\n\t<meta name=\"twitter:data1\" content=\"1 minuto\" \/>\n<script type=\"application\/ld+json\" class=\"yoast-schema-graph\">{\"@context\":\"https:\/\/schema.org\",\"@graph\":[{\"@type\":\"WebPage\",\"@id\":\"https:\/\/letrame.com\/catalogo\/producto\/el-indiano-juan-noble-hidalgo-de-rionansa\/\",\"url\":\"https:\/\/letrame.com\/catalogo\/producto\/el-indiano-juan-noble-hidalgo-de-rionansa\/\",\"name\":\"El indiano Juan, noble hidalgo de Rionansa - Catalogo | Letrame Grupo Editorial\",\"isPartOf\":{\"@id\":\"https:\/\/letrame.com\/catalogo\/#website\"},\"primaryImageOfPage\":{\"@id\":\"https:\/\/letrame.com\/catalogo\/producto\/el-indiano-juan-noble-hidalgo-de-rionansa\/#primaryimage\"},\"image\":{\"@id\":\"https:\/\/letrame.com\/catalogo\/producto\/el-indiano-juan-noble-hidalgo-de-rionansa\/#primaryimage\"},\"thumbnailUrl\":\"https:\/\/letrame.com\/catalogo\/wp-content\/uploads\/2026\/04\/portadacatalogo-2.jpg\",\"datePublished\":\"2026-04-06T12:31:14+00:00\",\"dateModified\":\"2026-04-06T12:31:15+00:00\",\"breadcrumb\":{\"@id\":\"https:\/\/letrame.com\/catalogo\/producto\/el-indiano-juan-noble-hidalgo-de-rionansa\/#breadcrumb\"},\"inLanguage\":\"es\",\"potentialAction\":[{\"@type\":\"ReadAction\",\"target\":[\"https:\/\/letrame.com\/catalogo\/producto\/el-indiano-juan-noble-hidalgo-de-rionansa\/\"]}]},{\"@type\":\"ImageObject\",\"inLanguage\":\"es\",\"@id\":\"https:\/\/letrame.com\/catalogo\/producto\/el-indiano-juan-noble-hidalgo-de-rionansa\/#primaryimage\",\"url\":\"https:\/\/letrame.com\/catalogo\/wp-content\/uploads\/2026\/04\/portadacatalogo-2.jpg\",\"contentUrl\":\"https:\/\/letrame.com\/catalogo\/wp-content\/uploads\/2026\/04\/portadacatalogo-2.jpg\",\"width\":738,\"height\":1034},{\"@type\":\"BreadcrumbList\",\"@id\":\"https:\/\/letrame.com\/catalogo\/producto\/el-indiano-juan-noble-hidalgo-de-rionansa\/#breadcrumb\",\"itemListElement\":[{\"@type\":\"ListItem\",\"position\":1,\"name\":\"Portada\",\"item\":\"https:\/\/letrame.com\/catalogo\/\"},{\"@type\":\"ListItem\",\"position\":2,\"name\":\"Cat\u00e1logo\",\"item\":\"https:\/\/letrame.com\/catalogo\/\"},{\"@type\":\"ListItem\",\"position\":3,\"name\":\"El indiano Juan, noble hidalgo de Rionansa\"}]},{\"@type\":\"WebSite\",\"@id\":\"https:\/\/letrame.com\/catalogo\/#website\",\"url\":\"https:\/\/letrame.com\/catalogo\/\",\"name\":\"Catalogo | Letrame Grupo Editorial\",\"description\":\"\",\"publisher\":{\"@id\":\"https:\/\/letrame.com\/catalogo\/#organization\"},\"potentialAction\":[{\"@type\":\"SearchAction\",\"target\":{\"@type\":\"EntryPoint\",\"urlTemplate\":\"https:\/\/letrame.com\/catalogo\/?s={search_term_string}\"},\"query-input\":{\"@type\":\"PropertyValueSpecification\",\"valueRequired\":true,\"valueName\":\"search_term_string\"}}],\"inLanguage\":\"es\"},{\"@type\":\"Organization\",\"@id\":\"https:\/\/letrame.com\/catalogo\/#organization\",\"name\":\"Catalogo | Letrame Grupo Editorial\",\"url\":\"https:\/\/letrame.com\/catalogo\/\",\"logo\":{\"@type\":\"ImageObject\",\"inLanguage\":\"es\",\"@id\":\"https:\/\/letrame.com\/catalogo\/#\/schema\/logo\/image\/\",\"url\":\"https:\/\/letrame.com\/catalogo\/wp-content\/uploads\/2024\/03\/logo2.webp\",\"contentUrl\":\"https:\/\/letrame.com\/catalogo\/wp-content\/uploads\/2024\/03\/logo2.webp\",\"width\":394,\"height\":128,\"caption\":\"Catalogo | Letrame Grupo Editorial\"},\"image\":{\"@id\":\"https:\/\/letrame.com\/catalogo\/#\/schema\/logo\/image\/\"}}]}<\/script>\n<!-- \/ Yoast SEO plugin. -->","yoast_head_json":{"title":"El indiano Juan, noble hidalgo de Rionansa - Catalogo | Letrame Grupo Editorial","robots":{"index":"index","follow":"follow","max-snippet":"max-snippet:-1","max-image-preview":"max-image-preview:large","max-video-preview":"max-video-preview:-1"},"canonical":"https:\/\/letrame.com\/catalogo\/producto\/el-indiano-juan-noble-hidalgo-de-rionansa\/","og_locale":"es_ES","og_type":"article","og_title":"El indiano Juan, noble hidalgo de Rionansa - Catalogo | Letrame Grupo Editorial","og_description":"ISBN: 9791370295097 SINOPSIS Hace m\u00e1s de 250 a\u00f1os naci\u00f3 en La Herrer\u00eda del concejo de Celis (Rionansa) Juan Francisco Guti\u00e9rrez De Celis y Rubin de Celis. Emigr\u00f3 a Nueva Espa\u00f1a a finales del siglo XVII y fue all\u00ed coronel del ej\u00e9rcito, caballero de la orden de Santiago y prior del consulado. En 1735 firm\u00f3 edictos como Corregidor del Cabildo de M\u00e9xico. En 1746 suscribi\u00f3 un poder para enviar dinero a su sobrino D. Diego Rubin de Celis y construir as\u00ed escuelas en la Herrer\u00eda, una iglesia, tra\u00edda de aguas a Celis y un puente sobre el r\u00edo Nansa. Obras que a d\u00eda de hoy siguen disfrutando los vecinos de las monta\u00f1as del Nansa. El indiano Juan, con tanto legado otorgado, no es una persona reconocida en la historiograf\u00eda regional de Cantabria.","og_url":"https:\/\/letrame.com\/catalogo\/producto\/el-indiano-juan-noble-hidalgo-de-rionansa\/","og_site_name":"Catalogo | Letrame Grupo Editorial","article_modified_time":"2026-04-06T12:31:15+00:00","og_image":[{"width":738,"height":1034,"url":"https:\/\/letrame.com\/catalogo\/wp-content\/uploads\/2026\/04\/portadacatalogo-2.jpg","type":"image\/jpeg"}],"twitter_card":"summary_large_image","twitter_misc":{"Tiempo de lectura":"1 minuto"},"schema":{"@context":"https:\/\/schema.org","@graph":[{"@type":"WebPage","@id":"https:\/\/letrame.com\/catalogo\/producto\/el-indiano-juan-noble-hidalgo-de-rionansa\/","url":"https:\/\/letrame.com\/catalogo\/producto\/el-indiano-juan-noble-hidalgo-de-rionansa\/","name":"El indiano Juan, noble hidalgo de Rionansa - Catalogo | Letrame Grupo Editorial","isPartOf":{"@id":"https:\/\/letrame.com\/catalogo\/#website"},"primaryImageOfPage":{"@id":"https:\/\/letrame.com\/catalogo\/producto\/el-indiano-juan-noble-hidalgo-de-rionansa\/#primaryimage"},"image":{"@id":"https:\/\/letrame.com\/catalogo\/producto\/el-indiano-juan-noble-hidalgo-de-rionansa\/#primaryimage"},"thumbnailUrl":"https:\/\/letrame.com\/catalogo\/wp-content\/uploads\/2026\/04\/portadacatalogo-2.jpg","datePublished":"2026-04-06T12:31:14+00:00","dateModified":"2026-04-06T12:31:15+00:00","breadcrumb":{"@id":"https:\/\/letrame.com\/catalogo\/producto\/el-indiano-juan-noble-hidalgo-de-rionansa\/#breadcrumb"},"inLanguage":"es","potentialAction":[{"@type":"ReadAction","target":["https:\/\/letrame.com\/catalogo\/producto\/el-indiano-juan-noble-hidalgo-de-rionansa\/"]}]},{"@type":"ImageObject","inLanguage":"es","@id":"https:\/\/letrame.com\/catalogo\/producto\/el-indiano-juan-noble-hidalgo-de-rionansa\/#primaryimage","url":"https:\/\/letrame.com\/catalogo\/wp-content\/uploads\/2026\/04\/portadacatalogo-2.jpg","contentUrl":"https:\/\/letrame.com\/catalogo\/wp-content\/uploads\/2026\/04\/portadacatalogo-2.jpg","width":738,"height":1034},{"@type":"BreadcrumbList","@id":"https:\/\/letrame.com\/catalogo\/producto\/el-indiano-juan-noble-hidalgo-de-rionansa\/#breadcrumb","itemListElement":[{"@type":"ListItem","position":1,"name":"Portada","item":"https:\/\/letrame.com\/catalogo\/"},{"@type":"ListItem","position":2,"name":"Cat\u00e1logo","item":"https:\/\/letrame.com\/catalogo\/"},{"@type":"ListItem","position":3,"name":"El indiano Juan, noble hidalgo de Rionansa"}]},{"@type":"WebSite","@id":"https:\/\/letrame.com\/catalogo\/#website","url":"https:\/\/letrame.com\/catalogo\/","name":"Catalogo | Letrame Grupo Editorial","description":"","publisher":{"@id":"https:\/\/letrame.com\/catalogo\/#organization"},"potentialAction":[{"@type":"SearchAction","target":{"@type":"EntryPoint","urlTemplate":"https:\/\/letrame.com\/catalogo\/?s={search_term_string}"},"query-input":{"@type":"PropertyValueSpecification","valueRequired":true,"valueName":"search_term_string"}}],"inLanguage":"es"},{"@type":"Organization","@id":"https:\/\/letrame.com\/catalogo\/#organization","name":"Catalogo | Letrame Grupo Editorial","url":"https:\/\/letrame.com\/catalogo\/","logo":{"@type":"ImageObject","inLanguage":"es","@id":"https:\/\/letrame.com\/catalogo\/#\/schema\/logo\/image\/","url":"https:\/\/letrame.com\/catalogo\/wp-content\/uploads\/2024\/03\/logo2.webp","contentUrl":"https:\/\/letrame.com\/catalogo\/wp-content\/uploads\/2024\/03\/logo2.webp","width":394,"height":128,"caption":"Catalogo | Letrame Grupo Editorial"},"image":{"@id":"https:\/\/letrame.com\/catalogo\/#\/schema\/logo\/image\/"}}]}},"_links":{"self":[{"href":"https:\/\/letrame.com\/catalogo\/wp-json\/wp\/v2\/product\/111676","targetHints":{"allow":["GET"]}}],"collection":[{"href":"https:\/\/letrame.com\/catalogo\/wp-json\/wp\/v2\/product"}],"about":[{"href":"https:\/\/letrame.com\/catalogo\/wp-json\/wp\/v2\/types\/product"}],"replies":[{"embeddable":true,"href":"https:\/\/letrame.com\/catalogo\/wp-json\/wp\/v2\/comments?post=111676"}],"acf:post":[{"embeddable":true,"href":"https:\/\/letrame.com\/catalogo\/wp-json\/wp\/v2\/author_book\/111677"}],"wp:featuredmedia":[{"embeddable":true,"href":"https:\/\/letrame.com\/catalogo\/wp-json\/wp\/v2\/media\/111680"}],"wp:attachment":[{"href":"https:\/\/letrame.com\/catalogo\/wp-json\/wp\/v2\/media?parent=111676"}],"wp:term":[{"taxonomy":"libro","embeddable":true,"href":"https:\/\/letrame.com\/catalogo\/wp-json\/wp\/v2\/libro?post=111676"},{"taxonomy":"product_brand","embeddable":true,"href":"https:\/\/letrame.com\/catalogo\/wp-json\/wp\/v2\/product_brand?post=111676"},{"taxonomy":"product_cat","embeddable":true,"href":"https:\/\/letrame.com\/catalogo\/wp-json\/wp\/v2\/product_cat?post=111676"},{"taxonomy":"product_tag","embeddable":true,"href":"https:\/\/letrame.com\/catalogo\/wp-json\/wp\/v2\/product_tag?post=111676"}],"curies":[{"name":"wp","href":"https:\/\/api.w.org\/{rel}","templated":true}]}}