{"id":111671,"date":"2026-04-06T14:23:49","date_gmt":"2026-04-06T12:23:49","guid":{"rendered":"https:\/\/letrame.com\/catalogo\/?post_type=product&#038;p=111671"},"modified":"2026-04-06T14:23:50","modified_gmt":"2026-04-06T12:23:50","slug":"el-circulo-cromatico","status":"publish","type":"product","link":"https:\/\/letrame.com\/catalogo\/producto\/el-circulo-cromatico\/","title":{"rendered":"El c\u00edrculo crom\u00e1tico"},"content":{"rendered":"<p class=\"p1\"><b>ISBN: 9791370298395<\/b><b><\/b><\/p>\n<p class=\"p1\"><b>T\u00edtulo: El c\u00edrculo crom\u00e1tico<\/b><br \/>\n<b>Fecha: 2026<\/b><br \/>\n<b>P\u00e1ginas:\u00a0 478<\/b><b><\/b><\/p>\n<p class=\"p1\"><b>SINOPSIS<\/b><\/p>\n<p class=\"p1\">7historias, 7 colores<\/p>\n<p class=\"p1\">El reloj adorna un corredor amarillo que se retuerce y supura sobre una estirpe desconocida que mora en el bosque, donde el silencio silba una ponzo\u00f1a verde que aguarda el veredicto de un mago; este sella con sangre de ciervo el destino de una celda donde ya solo somos microbios alimentados por el humo azul de las pantallas, peones de una desesperaci\u00f3n burocr\u00e1tica y g\u00e9lida. En ese ambiente emergen doce globos rojos para escoltar el descenso de una ninfa hacia el fango, hacia un circo de espejos fragmentados donde los caballos galopan hasta dejar una mancha que palpita marr\u00f3n en la pared, inhalando el dolor de una guerra arraigada a los huesos de una mujer que sangra un pigmento violeta en calles sin nombre, a merced de un detective difuso respecto a s\u00ed mismo. Todo para despertar, al fin, entre la seda y el desinfectante de un espacio blanco donde la memoria y la locura libran su batalla bajo la mirada de las sombras ennegrecidas.<\/p>\n<p class=\"p1\">Que todos aquellos amantes de la narrativa, del teatro y de la poes\u00eda sepan que este es su libro.<\/p>\n","protected":false},"excerpt":{"rendered":"<p class=\"p1\"><b>ISBN: 9791370298395<\/b><b><\/b><\/p>\n<p class=\"p1\"><b>SINOPSIS<\/b><\/p>\n<p class=\"p1\">7historias, 7 colores<\/p>\n<p class=\"p1\">El reloj adorna un corredor amarillo que se retuerce y supura sobre una estirpe desconocida que mora en el bosque, donde el silencio silba una ponzo\u00f1a verde que aguarda el veredicto de un mago; este sella con sangre de ciervo el destino de una celda donde ya solo somos microbios alimentados por el humo azul de las pantallas, peones de una desesperaci\u00f3n burocr\u00e1tica y g\u00e9lida. En ese ambiente emergen doce globos rojos para escoltar el descenso de una ninfa hacia el fango, hacia un circo de espejos fragmentados donde los caballos galopan hasta dejar una mancha que palpita marr\u00f3n en la pared, inhalando el dolor de una guerra arraigada a los huesos de una mujer que sangra un pigmento violeta en calles sin nombre, a merced de un detective difuso respecto a s\u00ed mismo. Todo para despertar, al fin, entre la seda y el desinfectante de un espacio blanco donde la memoria y la locura libran su batalla bajo la mirada de las sombras ennegrecidas.<\/p>\n<p class=\"p1\">Que todos aquellos amantes de la narrativa, del teatro y de la poes\u00eda sepan que este es su libro.<\/p>\n","protected":false},"featured_media":111675,"comment_status":"open","ping_status":"closed","template":"","meta":{"_acf_changed":false},"libro":[],"product_brand":[],"product_cat":[132],"product_tag":[],"class_list":{"0":"post-111671","1":"product","2":"type-product","3":"status-publish","4":"has-post-thumbnail","6":"product_cat-terror","8":"first","9":"instock","10":"shipping-taxable","11":"product-type-simple"},"acf":{"autor":[111672],"enlace_de_compra":"https:\/\/amzn.to\/3Oo3grd"},"yoast_head":"<!-- This site is optimized with the Yoast SEO plugin v26.6 - https:\/\/yoast.com\/wordpress\/plugins\/seo\/ -->\n<title>El c\u00edrculo crom\u00e1tico - Catalogo | Letrame Grupo Editorial<\/title>\n<meta name=\"robots\" content=\"index, follow, max-snippet:-1, max-image-preview:large, max-video-preview:-1\" \/>\n<link rel=\"canonical\" href=\"https:\/\/letrame.com\/catalogo\/producto\/el-circulo-cromatico\/\" \/>\n<meta property=\"og:locale\" content=\"es_ES\" \/>\n<meta property=\"og:type\" content=\"article\" \/>\n<meta property=\"og:title\" content=\"El c\u00edrculo crom\u00e1tico - Catalogo | Letrame Grupo Editorial\" \/>\n<meta property=\"og:description\" content=\"ISBN: 9791370298395 SINOPSIS 7historias, 7 colores El reloj adorna un corredor amarillo que se retuerce y supura sobre una estirpe desconocida que mora en el bosque, donde el silencio silba una ponzo\u00f1a verde que aguarda el veredicto de un mago; este sella con sangre de ciervo el destino de una celda donde ya solo somos microbios alimentados por el humo azul de las pantallas, peones de una desesperaci\u00f3n burocr\u00e1tica y g\u00e9lida. En ese ambiente emergen doce globos rojos para escoltar el descenso de una ninfa hacia el fango, hacia un circo de espejos fragmentados donde los caballos galopan hasta dejar una mancha que palpita marr\u00f3n en la pared, inhalando el dolor de una guerra arraigada a los huesos de una mujer que sangra un pigmento violeta en calles sin nombre, a merced de un detective difuso respecto a s\u00ed mismo. Todo para despertar, al fin, entre la seda y el desinfectante de un espacio blanco donde la memoria y la locura libran su batalla bajo la mirada de las sombras ennegrecidas. Que todos aquellos amantes de la narrativa, del teatro y de la poes\u00eda sepan que este es su libro.\" \/>\n<meta property=\"og:url\" content=\"https:\/\/letrame.com\/catalogo\/producto\/el-circulo-cromatico\/\" \/>\n<meta property=\"og:site_name\" content=\"Catalogo | Letrame Grupo Editorial\" \/>\n<meta property=\"article:modified_time\" content=\"2026-04-06T12:23:50+00:00\" \/>\n<meta property=\"og:image\" content=\"https:\/\/letrame.com\/catalogo\/wp-content\/uploads\/2026\/04\/elciruclocromatico_2348mm4.jpg\" \/>\n\t<meta property=\"og:image:width\" content=\"886\" \/>\n\t<meta property=\"og:image:height\" content=\"1299\" \/>\n\t<meta property=\"og:image:type\" content=\"image\/jpeg\" \/>\n<meta name=\"twitter:card\" content=\"summary_large_image\" \/>\n<meta name=\"twitter:label1\" content=\"Tiempo de lectura\" \/>\n\t<meta name=\"twitter:data1\" content=\"2 minutos\" \/>\n<script type=\"application\/ld+json\" class=\"yoast-schema-graph\">{\"@context\":\"https:\/\/schema.org\",\"@graph\":[{\"@type\":\"WebPage\",\"@id\":\"https:\/\/letrame.com\/catalogo\/producto\/el-circulo-cromatico\/\",\"url\":\"https:\/\/letrame.com\/catalogo\/producto\/el-circulo-cromatico\/\",\"name\":\"El c\u00edrculo crom\u00e1tico - Catalogo | Letrame Grupo Editorial\",\"isPartOf\":{\"@id\":\"https:\/\/letrame.com\/catalogo\/#website\"},\"primaryImageOfPage\":{\"@id\":\"https:\/\/letrame.com\/catalogo\/producto\/el-circulo-cromatico\/#primaryimage\"},\"image\":{\"@id\":\"https:\/\/letrame.com\/catalogo\/producto\/el-circulo-cromatico\/#primaryimage\"},\"thumbnailUrl\":\"https:\/\/letrame.com\/catalogo\/wp-content\/uploads\/2026\/04\/elciruclocromatico_2348mm4.jpg\",\"datePublished\":\"2026-04-06T12:23:49+00:00\",\"dateModified\":\"2026-04-06T12:23:50+00:00\",\"breadcrumb\":{\"@id\":\"https:\/\/letrame.com\/catalogo\/producto\/el-circulo-cromatico\/#breadcrumb\"},\"inLanguage\":\"es\",\"potentialAction\":[{\"@type\":\"ReadAction\",\"target\":[\"https:\/\/letrame.com\/catalogo\/producto\/el-circulo-cromatico\/\"]}]},{\"@type\":\"ImageObject\",\"inLanguage\":\"es\",\"@id\":\"https:\/\/letrame.com\/catalogo\/producto\/el-circulo-cromatico\/#primaryimage\",\"url\":\"https:\/\/letrame.com\/catalogo\/wp-content\/uploads\/2026\/04\/elciruclocromatico_2348mm4.jpg\",\"contentUrl\":\"https:\/\/letrame.com\/catalogo\/wp-content\/uploads\/2026\/04\/elciruclocromatico_2348mm4.jpg\",\"width\":886,\"height\":1299},{\"@type\":\"BreadcrumbList\",\"@id\":\"https:\/\/letrame.com\/catalogo\/producto\/el-circulo-cromatico\/#breadcrumb\",\"itemListElement\":[{\"@type\":\"ListItem\",\"position\":1,\"name\":\"Portada\",\"item\":\"https:\/\/letrame.com\/catalogo\/\"},{\"@type\":\"ListItem\",\"position\":2,\"name\":\"Cat\u00e1logo\",\"item\":\"https:\/\/letrame.com\/catalogo\/\"},{\"@type\":\"ListItem\",\"position\":3,\"name\":\"El c\u00edrculo crom\u00e1tico\"}]},{\"@type\":\"WebSite\",\"@id\":\"https:\/\/letrame.com\/catalogo\/#website\",\"url\":\"https:\/\/letrame.com\/catalogo\/\",\"name\":\"Catalogo | Letrame Grupo Editorial\",\"description\":\"\",\"publisher\":{\"@id\":\"https:\/\/letrame.com\/catalogo\/#organization\"},\"potentialAction\":[{\"@type\":\"SearchAction\",\"target\":{\"@type\":\"EntryPoint\",\"urlTemplate\":\"https:\/\/letrame.com\/catalogo\/?s={search_term_string}\"},\"query-input\":{\"@type\":\"PropertyValueSpecification\",\"valueRequired\":true,\"valueName\":\"search_term_string\"}}],\"inLanguage\":\"es\"},{\"@type\":\"Organization\",\"@id\":\"https:\/\/letrame.com\/catalogo\/#organization\",\"name\":\"Catalogo | Letrame Grupo Editorial\",\"url\":\"https:\/\/letrame.com\/catalogo\/\",\"logo\":{\"@type\":\"ImageObject\",\"inLanguage\":\"es\",\"@id\":\"https:\/\/letrame.com\/catalogo\/#\/schema\/logo\/image\/\",\"url\":\"https:\/\/letrame.com\/catalogo\/wp-content\/uploads\/2024\/03\/logo2.webp\",\"contentUrl\":\"https:\/\/letrame.com\/catalogo\/wp-content\/uploads\/2024\/03\/logo2.webp\",\"width\":394,\"height\":128,\"caption\":\"Catalogo | Letrame Grupo Editorial\"},\"image\":{\"@id\":\"https:\/\/letrame.com\/catalogo\/#\/schema\/logo\/image\/\"}}]}<\/script>\n<!-- \/ Yoast SEO plugin. -->","yoast_head_json":{"title":"El c\u00edrculo crom\u00e1tico - Catalogo | Letrame Grupo Editorial","robots":{"index":"index","follow":"follow","max-snippet":"max-snippet:-1","max-image-preview":"max-image-preview:large","max-video-preview":"max-video-preview:-1"},"canonical":"https:\/\/letrame.com\/catalogo\/producto\/el-circulo-cromatico\/","og_locale":"es_ES","og_type":"article","og_title":"El c\u00edrculo crom\u00e1tico - Catalogo | Letrame Grupo Editorial","og_description":"ISBN: 9791370298395 SINOPSIS 7historias, 7 colores El reloj adorna un corredor amarillo que se retuerce y supura sobre una estirpe desconocida que mora en el bosque, donde el silencio silba una ponzo\u00f1a verde que aguarda el veredicto de un mago; este sella con sangre de ciervo el destino de una celda donde ya solo somos microbios alimentados por el humo azul de las pantallas, peones de una desesperaci\u00f3n burocr\u00e1tica y g\u00e9lida. En ese ambiente emergen doce globos rojos para escoltar el descenso de una ninfa hacia el fango, hacia un circo de espejos fragmentados donde los caballos galopan hasta dejar una mancha que palpita marr\u00f3n en la pared, inhalando el dolor de una guerra arraigada a los huesos de una mujer que sangra un pigmento violeta en calles sin nombre, a merced de un detective difuso respecto a s\u00ed mismo. Todo para despertar, al fin, entre la seda y el desinfectante de un espacio blanco donde la memoria y la locura libran su batalla bajo la mirada de las sombras ennegrecidas. Que todos aquellos amantes de la narrativa, del teatro y de la poes\u00eda sepan que este es su libro.","og_url":"https:\/\/letrame.com\/catalogo\/producto\/el-circulo-cromatico\/","og_site_name":"Catalogo | Letrame Grupo Editorial","article_modified_time":"2026-04-06T12:23:50+00:00","og_image":[{"width":886,"height":1299,"url":"https:\/\/letrame.com\/catalogo\/wp-content\/uploads\/2026\/04\/elciruclocromatico_2348mm4.jpg","type":"image\/jpeg"}],"twitter_card":"summary_large_image","twitter_misc":{"Tiempo de lectura":"2 minutos"},"schema":{"@context":"https:\/\/schema.org","@graph":[{"@type":"WebPage","@id":"https:\/\/letrame.com\/catalogo\/producto\/el-circulo-cromatico\/","url":"https:\/\/letrame.com\/catalogo\/producto\/el-circulo-cromatico\/","name":"El c\u00edrculo crom\u00e1tico - Catalogo | Letrame Grupo Editorial","isPartOf":{"@id":"https:\/\/letrame.com\/catalogo\/#website"},"primaryImageOfPage":{"@id":"https:\/\/letrame.com\/catalogo\/producto\/el-circulo-cromatico\/#primaryimage"},"image":{"@id":"https:\/\/letrame.com\/catalogo\/producto\/el-circulo-cromatico\/#primaryimage"},"thumbnailUrl":"https:\/\/letrame.com\/catalogo\/wp-content\/uploads\/2026\/04\/elciruclocromatico_2348mm4.jpg","datePublished":"2026-04-06T12:23:49+00:00","dateModified":"2026-04-06T12:23:50+00:00","breadcrumb":{"@id":"https:\/\/letrame.com\/catalogo\/producto\/el-circulo-cromatico\/#breadcrumb"},"inLanguage":"es","potentialAction":[{"@type":"ReadAction","target":["https:\/\/letrame.com\/catalogo\/producto\/el-circulo-cromatico\/"]}]},{"@type":"ImageObject","inLanguage":"es","@id":"https:\/\/letrame.com\/catalogo\/producto\/el-circulo-cromatico\/#primaryimage","url":"https:\/\/letrame.com\/catalogo\/wp-content\/uploads\/2026\/04\/elciruclocromatico_2348mm4.jpg","contentUrl":"https:\/\/letrame.com\/catalogo\/wp-content\/uploads\/2026\/04\/elciruclocromatico_2348mm4.jpg","width":886,"height":1299},{"@type":"BreadcrumbList","@id":"https:\/\/letrame.com\/catalogo\/producto\/el-circulo-cromatico\/#breadcrumb","itemListElement":[{"@type":"ListItem","position":1,"name":"Portada","item":"https:\/\/letrame.com\/catalogo\/"},{"@type":"ListItem","position":2,"name":"Cat\u00e1logo","item":"https:\/\/letrame.com\/catalogo\/"},{"@type":"ListItem","position":3,"name":"El c\u00edrculo crom\u00e1tico"}]},{"@type":"WebSite","@id":"https:\/\/letrame.com\/catalogo\/#website","url":"https:\/\/letrame.com\/catalogo\/","name":"Catalogo | Letrame Grupo Editorial","description":"","publisher":{"@id":"https:\/\/letrame.com\/catalogo\/#organization"},"potentialAction":[{"@type":"SearchAction","target":{"@type":"EntryPoint","urlTemplate":"https:\/\/letrame.com\/catalogo\/?s={search_term_string}"},"query-input":{"@type":"PropertyValueSpecification","valueRequired":true,"valueName":"search_term_string"}}],"inLanguage":"es"},{"@type":"Organization","@id":"https:\/\/letrame.com\/catalogo\/#organization","name":"Catalogo | Letrame Grupo Editorial","url":"https:\/\/letrame.com\/catalogo\/","logo":{"@type":"ImageObject","inLanguage":"es","@id":"https:\/\/letrame.com\/catalogo\/#\/schema\/logo\/image\/","url":"https:\/\/letrame.com\/catalogo\/wp-content\/uploads\/2024\/03\/logo2.webp","contentUrl":"https:\/\/letrame.com\/catalogo\/wp-content\/uploads\/2024\/03\/logo2.webp","width":394,"height":128,"caption":"Catalogo | Letrame Grupo Editorial"},"image":{"@id":"https:\/\/letrame.com\/catalogo\/#\/schema\/logo\/image\/"}}]}},"_links":{"self":[{"href":"https:\/\/letrame.com\/catalogo\/wp-json\/wp\/v2\/product\/111671","targetHints":{"allow":["GET"]}}],"collection":[{"href":"https:\/\/letrame.com\/catalogo\/wp-json\/wp\/v2\/product"}],"about":[{"href":"https:\/\/letrame.com\/catalogo\/wp-json\/wp\/v2\/types\/product"}],"replies":[{"embeddable":true,"href":"https:\/\/letrame.com\/catalogo\/wp-json\/wp\/v2\/comments?post=111671"}],"acf:post":[{"embeddable":true,"href":"https:\/\/letrame.com\/catalogo\/wp-json\/wp\/v2\/author_book\/111672"}],"wp:featuredmedia":[{"embeddable":true,"href":"https:\/\/letrame.com\/catalogo\/wp-json\/wp\/v2\/media\/111675"}],"wp:attachment":[{"href":"https:\/\/letrame.com\/catalogo\/wp-json\/wp\/v2\/media?parent=111671"}],"wp:term":[{"taxonomy":"libro","embeddable":true,"href":"https:\/\/letrame.com\/catalogo\/wp-json\/wp\/v2\/libro?post=111671"},{"taxonomy":"product_brand","embeddable":true,"href":"https:\/\/letrame.com\/catalogo\/wp-json\/wp\/v2\/product_brand?post=111671"},{"taxonomy":"product_cat","embeddable":true,"href":"https:\/\/letrame.com\/catalogo\/wp-json\/wp\/v2\/product_cat?post=111671"},{"taxonomy":"product_tag","embeddable":true,"href":"https:\/\/letrame.com\/catalogo\/wp-json\/wp\/v2\/product_tag?post=111671"}],"curies":[{"name":"wp","href":"https:\/\/api.w.org\/{rel}","templated":true}]}}