{"id":111658,"date":"2026-04-06T14:05:47","date_gmt":"2026-04-06T12:05:47","guid":{"rendered":"https:\/\/letrame.com\/catalogo\/?post_type=product&#038;p=111658"},"modified":"2026-04-06T14:05:48","modified_gmt":"2026-04-06T12:05:48","slug":"expedicion-cristiana-a-alfa-centauri","status":"publish","type":"product","link":"https:\/\/letrame.com\/catalogo\/producto\/expedicion-cristiana-a-alfa-centauri\/","title":{"rendered":"Expedici\u00f3n cristiana a Alfa Centauri"},"content":{"rendered":"<p class=\"p1\"><b>ISBN: 9791370294755<\/b><b><\/b><\/p>\n<p class=\"p1\"><b>T\u00edtulo: Expedici\u00f3n cristiana a Alfa Centauri<\/b><br \/>\n<b>Fecha: 2026<\/b><br \/>\n<b>P\u00e1ginas: 326<\/b><b><\/b><\/p>\n<p class=\"p1\"><b>SINOPSIS<\/b><\/p>\n<p class=\"p1\">En el siglo XXII, la humanidad ha alcanzado el c\u00e9nit de la ingenier\u00eda gen\u00e9tica y la colonizaci\u00f3n espacial. La Tierra est\u00e1 dividida entre dos civilizaciones: los supremos, seres creados a partir de una selecci\u00f3n gen\u00e9tica rigurosa, y los primitivos, humanos naturales relegados a un segundo plano. Mientras los primeros controlan la ciencia y la tecnolog\u00eda, los segundos buscan sentido en la fe y la tradici\u00f3n.<\/p>\n<p class=\"p1\">Cuando un \u00e1ngel transmite un mensaje divino a l\u00edderes cristianos en un congreso mundial, se desencadena una misi\u00f3n que cambiar\u00e1 la historia: Dios ordena construir arcas espaciales para llevar a miles de creyentes hacia Alfa Centauri, con el fin de preservar la pureza espiritual y fundar un nuevo mundo seg\u00fan Su ley. As\u00ed comienza una traves\u00eda de siglos, donde robots, ni\u00f1os y pastores viajan en colosales naves autosuficientes, en busca de una nueva<\/p>\n<p class=\"p1\">Tierra guiados por la fe.<\/p>\n<p class=\"p1\">Pero mientras los cristianos parten al espacio impulsados por la promesa divina, en el Sistema Solar los supremos prosperan, convencidos de su superioridad gen\u00e9tica y su destino de dominar el cosmos. Dos visiones irreconciliables \u2014la espiritual y la cient\u00edfica, la fe y la perfecci\u00f3n gen\u00e9tica\u2014 se encaminan al mismo destino estelar.<\/p>\n<p class=\"p1\">\u00bfSer\u00e1 Alfa Centauri el nuevo Ed\u00e9n prometido&#8230; o el escenario del reencuentro entre<\/p>\n<p class=\"p1\">Dios y la soberbia del hombre?<\/p>\n","protected":false},"excerpt":{"rendered":"<p class=\"p1\"><b>ISBN: 9791370294755<\/b><b><\/b><\/p>\n<p class=\"p1\"><b>SINOPSIS<\/b><\/p>\n<p class=\"p1\">En el siglo XXII, la humanidad ha alcanzado el c\u00e9nit de la ingenier\u00eda gen\u00e9tica y la colonizaci\u00f3n espacial. La Tierra est\u00e1 dividida entre dos civilizaciones: los supremos, seres creados a partir de una selecci\u00f3n gen\u00e9tica rigurosa, y los primitivos, humanos naturales relegados a un segundo plano. Mientras los primeros controlan la ciencia y la tecnolog\u00eda, los segundos buscan sentido en la fe y la tradici\u00f3n.<\/p>\n<p class=\"p1\">Cuando un \u00e1ngel transmite un mensaje divino a l\u00edderes cristianos en un congreso mundial, se desencadena una misi\u00f3n que cambiar\u00e1 la historia: Dios ordena construir arcas espaciales para llevar a miles de creyentes hacia Alfa Centauri, con el fin de preservar la pureza espiritual y fundar un nuevo mundo seg\u00fan Su ley. As\u00ed comienza una traves\u00eda de siglos, donde robots, ni\u00f1os y pastores viajan en colosales naves autosuficientes, en busca de una nueva<\/p>\n<p class=\"p1\">Tierra guiados por la fe.<\/p>\n<p class=\"p1\">Pero mientras los cristianos parten al espacio impulsados por la promesa divina, en el Sistema Solar los supremos prosperan, convencidos de su superioridad gen\u00e9tica y su destino de dominar el cosmos. Dos visiones irreconciliables \u2014la espiritual y la cient\u00edfica, la fe y la perfecci\u00f3n gen\u00e9tica\u2014 se encaminan al mismo destino estelar.<\/p>\n<p class=\"p1\">\u00bfSer\u00e1 Alfa Centauri el nuevo Ed\u00e9n prometido&#8230; o el escenario del reencuentro entre<\/p>\n<p class=\"p1\">Dios y la soberbia del hombre?<\/p>\n","protected":false},"featured_media":111661,"comment_status":"open","ping_status":"closed","template":"","meta":{"_acf_changed":false},"libro":[],"product_brand":[],"product_cat":[47],"product_tag":[],"class_list":{"0":"post-111658","1":"product","2":"type-product","3":"status-publish","4":"has-post-thumbnail","6":"product_cat-ciencia-ficcion-misterio","8":"first","9":"instock","10":"shipping-taxable","11":"product-type-simple"},"acf":{"autor":[111659],"enlace_de_compra":"https:\/\/amzn.to\/4dv6sLZ"},"yoast_head":"<!-- This site is optimized with the Yoast SEO plugin v26.6 - https:\/\/yoast.com\/wordpress\/plugins\/seo\/ -->\n<title>Expedici\u00f3n cristiana a Alfa Centauri - Catalogo | Letrame Grupo Editorial<\/title>\n<meta name=\"robots\" content=\"index, follow, max-snippet:-1, max-image-preview:large, max-video-preview:-1\" \/>\n<link rel=\"canonical\" href=\"https:\/\/letrame.com\/catalogo\/producto\/expedicion-cristiana-a-alfa-centauri\/\" \/>\n<meta property=\"og:locale\" content=\"es_ES\" \/>\n<meta property=\"og:type\" content=\"article\" \/>\n<meta property=\"og:title\" content=\"Expedici\u00f3n cristiana a Alfa Centauri - Catalogo | Letrame Grupo Editorial\" \/>\n<meta property=\"og:description\" content=\"ISBN: 9791370294755 SINOPSIS En el siglo XXII, la humanidad ha alcanzado el c\u00e9nit de la ingenier\u00eda gen\u00e9tica y la colonizaci\u00f3n espacial. La Tierra est\u00e1 dividida entre dos civilizaciones: los supremos, seres creados a partir de una selecci\u00f3n gen\u00e9tica rigurosa, y los primitivos, humanos naturales relegados a un segundo plano. Mientras los primeros controlan la ciencia y la tecnolog\u00eda, los segundos buscan sentido en la fe y la tradici\u00f3n. Cuando un \u00e1ngel transmite un mensaje divino a l\u00edderes cristianos en un congreso mundial, se desencadena una misi\u00f3n que cambiar\u00e1 la historia: Dios ordena construir arcas espaciales para llevar a miles de creyentes hacia Alfa Centauri, con el fin de preservar la pureza espiritual y fundar un nuevo mundo seg\u00fan Su ley. As\u00ed comienza una traves\u00eda de siglos, donde robots, ni\u00f1os y pastores viajan en colosales naves autosuficientes, en busca de una nueva Tierra guiados por la fe. Pero mientras los cristianos parten al espacio impulsados por la promesa divina, en el Sistema Solar los supremos prosperan, convencidos de su superioridad gen\u00e9tica y su destino de dominar el cosmos. Dos visiones irreconciliables \u2014la espiritual y la cient\u00edfica, la fe y la perfecci\u00f3n gen\u00e9tica\u2014 se encaminan al mismo destino estelar. \u00bfSer\u00e1 Alfa Centauri el nuevo Ed\u00e9n prometido... o el escenario del reencuentro entre Dios y la soberbia del hombre?\" \/>\n<meta property=\"og:url\" content=\"https:\/\/letrame.com\/catalogo\/producto\/expedicion-cristiana-a-alfa-centauri\/\" \/>\n<meta property=\"og:site_name\" content=\"Catalogo | Letrame Grupo Editorial\" \/>\n<meta property=\"article:modified_time\" content=\"2026-04-06T12:05:48+00:00\" \/>\n<meta property=\"og:image\" content=\"https:\/\/letrame.com\/catalogo\/wp-content\/uploads\/2026\/04\/expedicioncristiana_1611mm4.jpg\" \/>\n\t<meta property=\"og:image:width\" content=\"886\" \/>\n\t<meta property=\"og:image:height\" content=\"1240\" \/>\n\t<meta property=\"og:image:type\" content=\"image\/jpeg\" \/>\n<meta name=\"twitter:card\" content=\"summary_large_image\" \/>\n<meta name=\"twitter:label1\" content=\"Tiempo de lectura\" \/>\n\t<meta name=\"twitter:data1\" content=\"2 minutos\" \/>\n<script type=\"application\/ld+json\" class=\"yoast-schema-graph\">{\"@context\":\"https:\/\/schema.org\",\"@graph\":[{\"@type\":\"WebPage\",\"@id\":\"https:\/\/letrame.com\/catalogo\/producto\/expedicion-cristiana-a-alfa-centauri\/\",\"url\":\"https:\/\/letrame.com\/catalogo\/producto\/expedicion-cristiana-a-alfa-centauri\/\",\"name\":\"Expedici\u00f3n cristiana a Alfa Centauri - Catalogo | Letrame Grupo Editorial\",\"isPartOf\":{\"@id\":\"https:\/\/letrame.com\/catalogo\/#website\"},\"primaryImageOfPage\":{\"@id\":\"https:\/\/letrame.com\/catalogo\/producto\/expedicion-cristiana-a-alfa-centauri\/#primaryimage\"},\"image\":{\"@id\":\"https:\/\/letrame.com\/catalogo\/producto\/expedicion-cristiana-a-alfa-centauri\/#primaryimage\"},\"thumbnailUrl\":\"https:\/\/letrame.com\/catalogo\/wp-content\/uploads\/2026\/04\/expedicioncristiana_1611mm4.jpg\",\"datePublished\":\"2026-04-06T12:05:47+00:00\",\"dateModified\":\"2026-04-06T12:05:48+00:00\",\"breadcrumb\":{\"@id\":\"https:\/\/letrame.com\/catalogo\/producto\/expedicion-cristiana-a-alfa-centauri\/#breadcrumb\"},\"inLanguage\":\"es\",\"potentialAction\":[{\"@type\":\"ReadAction\",\"target\":[\"https:\/\/letrame.com\/catalogo\/producto\/expedicion-cristiana-a-alfa-centauri\/\"]}]},{\"@type\":\"ImageObject\",\"inLanguage\":\"es\",\"@id\":\"https:\/\/letrame.com\/catalogo\/producto\/expedicion-cristiana-a-alfa-centauri\/#primaryimage\",\"url\":\"https:\/\/letrame.com\/catalogo\/wp-content\/uploads\/2026\/04\/expedicioncristiana_1611mm4.jpg\",\"contentUrl\":\"https:\/\/letrame.com\/catalogo\/wp-content\/uploads\/2026\/04\/expedicioncristiana_1611mm4.jpg\",\"width\":886,\"height\":1240},{\"@type\":\"BreadcrumbList\",\"@id\":\"https:\/\/letrame.com\/catalogo\/producto\/expedicion-cristiana-a-alfa-centauri\/#breadcrumb\",\"itemListElement\":[{\"@type\":\"ListItem\",\"position\":1,\"name\":\"Portada\",\"item\":\"https:\/\/letrame.com\/catalogo\/\"},{\"@type\":\"ListItem\",\"position\":2,\"name\":\"Cat\u00e1logo\",\"item\":\"https:\/\/letrame.com\/catalogo\/\"},{\"@type\":\"ListItem\",\"position\":3,\"name\":\"Expedici\u00f3n cristiana a Alfa Centauri\"}]},{\"@type\":\"WebSite\",\"@id\":\"https:\/\/letrame.com\/catalogo\/#website\",\"url\":\"https:\/\/letrame.com\/catalogo\/\",\"name\":\"Catalogo | Letrame Grupo Editorial\",\"description\":\"\",\"publisher\":{\"@id\":\"https:\/\/letrame.com\/catalogo\/#organization\"},\"potentialAction\":[{\"@type\":\"SearchAction\",\"target\":{\"@type\":\"EntryPoint\",\"urlTemplate\":\"https:\/\/letrame.com\/catalogo\/?s={search_term_string}\"},\"query-input\":{\"@type\":\"PropertyValueSpecification\",\"valueRequired\":true,\"valueName\":\"search_term_string\"}}],\"inLanguage\":\"es\"},{\"@type\":\"Organization\",\"@id\":\"https:\/\/letrame.com\/catalogo\/#organization\",\"name\":\"Catalogo | Letrame Grupo Editorial\",\"url\":\"https:\/\/letrame.com\/catalogo\/\",\"logo\":{\"@type\":\"ImageObject\",\"inLanguage\":\"es\",\"@id\":\"https:\/\/letrame.com\/catalogo\/#\/schema\/logo\/image\/\",\"url\":\"https:\/\/letrame.com\/catalogo\/wp-content\/uploads\/2024\/03\/logo2.webp\",\"contentUrl\":\"https:\/\/letrame.com\/catalogo\/wp-content\/uploads\/2024\/03\/logo2.webp\",\"width\":394,\"height\":128,\"caption\":\"Catalogo | Letrame Grupo Editorial\"},\"image\":{\"@id\":\"https:\/\/letrame.com\/catalogo\/#\/schema\/logo\/image\/\"}}]}<\/script>\n<!-- \/ Yoast SEO plugin. -->","yoast_head_json":{"title":"Expedici\u00f3n cristiana a Alfa Centauri - Catalogo | Letrame Grupo Editorial","robots":{"index":"index","follow":"follow","max-snippet":"max-snippet:-1","max-image-preview":"max-image-preview:large","max-video-preview":"max-video-preview:-1"},"canonical":"https:\/\/letrame.com\/catalogo\/producto\/expedicion-cristiana-a-alfa-centauri\/","og_locale":"es_ES","og_type":"article","og_title":"Expedici\u00f3n cristiana a Alfa Centauri - Catalogo | Letrame Grupo Editorial","og_description":"ISBN: 9791370294755 SINOPSIS En el siglo XXII, la humanidad ha alcanzado el c\u00e9nit de la ingenier\u00eda gen\u00e9tica y la colonizaci\u00f3n espacial. La Tierra est\u00e1 dividida entre dos civilizaciones: los supremos, seres creados a partir de una selecci\u00f3n gen\u00e9tica rigurosa, y los primitivos, humanos naturales relegados a un segundo plano. Mientras los primeros controlan la ciencia y la tecnolog\u00eda, los segundos buscan sentido en la fe y la tradici\u00f3n. Cuando un \u00e1ngel transmite un mensaje divino a l\u00edderes cristianos en un congreso mundial, se desencadena una misi\u00f3n que cambiar\u00e1 la historia: Dios ordena construir arcas espaciales para llevar a miles de creyentes hacia Alfa Centauri, con el fin de preservar la pureza espiritual y fundar un nuevo mundo seg\u00fan Su ley. As\u00ed comienza una traves\u00eda de siglos, donde robots, ni\u00f1os y pastores viajan en colosales naves autosuficientes, en busca de una nueva Tierra guiados por la fe. Pero mientras los cristianos parten al espacio impulsados por la promesa divina, en el Sistema Solar los supremos prosperan, convencidos de su superioridad gen\u00e9tica y su destino de dominar el cosmos. Dos visiones irreconciliables \u2014la espiritual y la cient\u00edfica, la fe y la perfecci\u00f3n gen\u00e9tica\u2014 se encaminan al mismo destino estelar. \u00bfSer\u00e1 Alfa Centauri el nuevo Ed\u00e9n prometido... o el escenario del reencuentro entre Dios y la soberbia del hombre?","og_url":"https:\/\/letrame.com\/catalogo\/producto\/expedicion-cristiana-a-alfa-centauri\/","og_site_name":"Catalogo | Letrame Grupo Editorial","article_modified_time":"2026-04-06T12:05:48+00:00","og_image":[{"width":886,"height":1240,"url":"https:\/\/letrame.com\/catalogo\/wp-content\/uploads\/2026\/04\/expedicioncristiana_1611mm4.jpg","type":"image\/jpeg"}],"twitter_card":"summary_large_image","twitter_misc":{"Tiempo de lectura":"2 minutos"},"schema":{"@context":"https:\/\/schema.org","@graph":[{"@type":"WebPage","@id":"https:\/\/letrame.com\/catalogo\/producto\/expedicion-cristiana-a-alfa-centauri\/","url":"https:\/\/letrame.com\/catalogo\/producto\/expedicion-cristiana-a-alfa-centauri\/","name":"Expedici\u00f3n cristiana a Alfa Centauri - Catalogo | Letrame Grupo Editorial","isPartOf":{"@id":"https:\/\/letrame.com\/catalogo\/#website"},"primaryImageOfPage":{"@id":"https:\/\/letrame.com\/catalogo\/producto\/expedicion-cristiana-a-alfa-centauri\/#primaryimage"},"image":{"@id":"https:\/\/letrame.com\/catalogo\/producto\/expedicion-cristiana-a-alfa-centauri\/#primaryimage"},"thumbnailUrl":"https:\/\/letrame.com\/catalogo\/wp-content\/uploads\/2026\/04\/expedicioncristiana_1611mm4.jpg","datePublished":"2026-04-06T12:05:47+00:00","dateModified":"2026-04-06T12:05:48+00:00","breadcrumb":{"@id":"https:\/\/letrame.com\/catalogo\/producto\/expedicion-cristiana-a-alfa-centauri\/#breadcrumb"},"inLanguage":"es","potentialAction":[{"@type":"ReadAction","target":["https:\/\/letrame.com\/catalogo\/producto\/expedicion-cristiana-a-alfa-centauri\/"]}]},{"@type":"ImageObject","inLanguage":"es","@id":"https:\/\/letrame.com\/catalogo\/producto\/expedicion-cristiana-a-alfa-centauri\/#primaryimage","url":"https:\/\/letrame.com\/catalogo\/wp-content\/uploads\/2026\/04\/expedicioncristiana_1611mm4.jpg","contentUrl":"https:\/\/letrame.com\/catalogo\/wp-content\/uploads\/2026\/04\/expedicioncristiana_1611mm4.jpg","width":886,"height":1240},{"@type":"BreadcrumbList","@id":"https:\/\/letrame.com\/catalogo\/producto\/expedicion-cristiana-a-alfa-centauri\/#breadcrumb","itemListElement":[{"@type":"ListItem","position":1,"name":"Portada","item":"https:\/\/letrame.com\/catalogo\/"},{"@type":"ListItem","position":2,"name":"Cat\u00e1logo","item":"https:\/\/letrame.com\/catalogo\/"},{"@type":"ListItem","position":3,"name":"Expedici\u00f3n cristiana a Alfa Centauri"}]},{"@type":"WebSite","@id":"https:\/\/letrame.com\/catalogo\/#website","url":"https:\/\/letrame.com\/catalogo\/","name":"Catalogo | Letrame Grupo Editorial","description":"","publisher":{"@id":"https:\/\/letrame.com\/catalogo\/#organization"},"potentialAction":[{"@type":"SearchAction","target":{"@type":"EntryPoint","urlTemplate":"https:\/\/letrame.com\/catalogo\/?s={search_term_string}"},"query-input":{"@type":"PropertyValueSpecification","valueRequired":true,"valueName":"search_term_string"}}],"inLanguage":"es"},{"@type":"Organization","@id":"https:\/\/letrame.com\/catalogo\/#organization","name":"Catalogo | Letrame Grupo Editorial","url":"https:\/\/letrame.com\/catalogo\/","logo":{"@type":"ImageObject","inLanguage":"es","@id":"https:\/\/letrame.com\/catalogo\/#\/schema\/logo\/image\/","url":"https:\/\/letrame.com\/catalogo\/wp-content\/uploads\/2024\/03\/logo2.webp","contentUrl":"https:\/\/letrame.com\/catalogo\/wp-content\/uploads\/2024\/03\/logo2.webp","width":394,"height":128,"caption":"Catalogo | Letrame Grupo Editorial"},"image":{"@id":"https:\/\/letrame.com\/catalogo\/#\/schema\/logo\/image\/"}}]}},"_links":{"self":[{"href":"https:\/\/letrame.com\/catalogo\/wp-json\/wp\/v2\/product\/111658","targetHints":{"allow":["GET"]}}],"collection":[{"href":"https:\/\/letrame.com\/catalogo\/wp-json\/wp\/v2\/product"}],"about":[{"href":"https:\/\/letrame.com\/catalogo\/wp-json\/wp\/v2\/types\/product"}],"replies":[{"embeddable":true,"href":"https:\/\/letrame.com\/catalogo\/wp-json\/wp\/v2\/comments?post=111658"}],"acf:post":[{"embeddable":true,"href":"https:\/\/letrame.com\/catalogo\/wp-json\/wp\/v2\/author_book\/111659"}],"wp:featuredmedia":[{"embeddable":true,"href":"https:\/\/letrame.com\/catalogo\/wp-json\/wp\/v2\/media\/111661"}],"wp:attachment":[{"href":"https:\/\/letrame.com\/catalogo\/wp-json\/wp\/v2\/media?parent=111658"}],"wp:term":[{"taxonomy":"libro","embeddable":true,"href":"https:\/\/letrame.com\/catalogo\/wp-json\/wp\/v2\/libro?post=111658"},{"taxonomy":"product_brand","embeddable":true,"href":"https:\/\/letrame.com\/catalogo\/wp-json\/wp\/v2\/product_brand?post=111658"},{"taxonomy":"product_cat","embeddable":true,"href":"https:\/\/letrame.com\/catalogo\/wp-json\/wp\/v2\/product_cat?post=111658"},{"taxonomy":"product_tag","embeddable":true,"href":"https:\/\/letrame.com\/catalogo\/wp-json\/wp\/v2\/product_tag?post=111658"}],"curies":[{"name":"wp","href":"https:\/\/api.w.org\/{rel}","templated":true}]}}