{"id":111644,"date":"2026-04-06T13:48:32","date_gmt":"2026-04-06T11:48:32","guid":{"rendered":"https:\/\/letrame.com\/catalogo\/?post_type=product&#038;p=111644"},"modified":"2026-04-06T13:48:33","modified_gmt":"2026-04-06T11:48:33","slug":"construyendo-talento","status":"publish","type":"product","link":"https:\/\/letrame.com\/catalogo\/producto\/construyendo-talento\/","title":{"rendered":"Construyendo talento"},"content":{"rendered":"<p class=\"p1\"><b>ISBN: 9791370293789<\/b><b><\/b><\/p>\n<p class=\"p1\"><b>T\u00edtulo: Construyendo talento<\/b><br \/>\n<b>Fecha: 2026<\/b><br \/>\n<b>P\u00e1ginas: 358<\/b><b><\/b><\/p>\n<p class=\"p1\"><b>SINOPSIS<\/b><\/p>\n<p class=\"p1\">Este libro aborda la formaci\u00f3n del talento desde una premisa clara y fundamental: el jugador es el eje central de todo proceso formativo. Lejos de modelos r\u00edgidos o estandarizados, la obra propone entender el desarrollo del talento como un camino din\u00e1mico, en el que los entornos, metodolog\u00edas y decisiones deben estar orientados a favorecer la expresi\u00f3n plena del potencial individual de cada jugador. Bajo esta mirada, la formaci\u00f3n deja de ser un fin en s\u00ed mismo para convertirse en un medio al servicio del crecimiento integral del futbolista.<\/p>\n<p class=\"p1\">A lo largo de sus cap\u00edtulos, el libro establece una hoja de ruta precisa y estructurada sobre los elementos esenciales que debe contener un modelo de formaci\u00f3n moderno y eficaz: principios, contextos de aprendizaje, roles de los formadores, toma de decisiones y evaluaci\u00f3n del progreso. Su principal valor diferencial reside en la capacidad de conectar la teor\u00eda con la pr\u00e1ctica. En su cap\u00edtulo final, el lector encontrar\u00e1 un caso aplicado basado en una experiencia real dentro de la cantera de un club de \u00e9lite, hoy reconocido como referente internacional en el desarrollo de talento. Este ejemplo pr\u00e1ctico no solo valida el marco conceptual propuesto, sino que ofrece una gu\u00eda concreta y transferible para profesionales que buscan dise\u00f1ar o mejorar modelos formativos centrados verdaderamente en el jugador.<\/p>\n","protected":false},"excerpt":{"rendered":"<p class=\"p1\"><b>ISBN: 9791370293789<\/b><b><\/b><\/p>\n<p class=\"p1\"><b>SINOPSIS<\/b><\/p>\n<p class=\"p1\">Este libro aborda la formaci\u00f3n del talento desde una premisa clara y fundamental: el jugador es el eje central de todo proceso formativo. Lejos de modelos r\u00edgidos o estandarizados, la obra propone entender el desarrollo del talento como un camino din\u00e1mico, en el que los entornos, metodolog\u00edas y decisiones deben estar orientados a favorecer la expresi\u00f3n plena del potencial individual de cada jugador. Bajo esta mirada, la formaci\u00f3n deja de ser un fin en s\u00ed mismo para convertirse en un medio al servicio del crecimiento integral del futbolista.<\/p>\n<p class=\"p1\">A lo largo de sus cap\u00edtulos, el libro establece una hoja de ruta precisa y estructurada sobre los elementos esenciales que debe contener un modelo de formaci\u00f3n moderno y eficaz: principios, contextos de aprendizaje, roles de los formadores, toma de decisiones y evaluaci\u00f3n del progreso. Su principal valor diferencial reside en la capacidad de conectar la teor\u00eda con la pr\u00e1ctica. En su cap\u00edtulo final, el lector encontrar\u00e1 un caso aplicado basado en una experiencia real dentro de la cantera de un club de \u00e9lite, hoy reconocido como referente internacional en el desarrollo de talento. Este ejemplo pr\u00e1ctico no solo valida el marco conceptual propuesto, sino que ofrece una gu\u00eda concreta y transferible para profesionales que buscan dise\u00f1ar o mejorar modelos formativos centrados verdaderamente en el jugador.<\/p>\n","protected":false},"featured_media":111651,"comment_status":"open","ping_status":"closed","template":"","meta":{"_acf_changed":false},"libro":[],"product_brand":[],"product_cat":[109],"product_tag":[],"class_list":{"0":"post-111644","1":"product","2":"type-product","3":"status-publish","4":"has-post-thumbnail","6":"product_cat-deporte","8":"first","9":"instock","10":"shipping-taxable","11":"product-type-simple"},"acf":{"autor":[111645,111648],"enlace_de_compra":"https:\/\/amzn.to\/41UNRSd"},"yoast_head":"<!-- This site is optimized with the Yoast SEO plugin v26.6 - https:\/\/yoast.com\/wordpress\/plugins\/seo\/ -->\n<title>Construyendo talento - Catalogo | Letrame Grupo Editorial<\/title>\n<meta name=\"robots\" content=\"index, follow, max-snippet:-1, max-image-preview:large, max-video-preview:-1\" \/>\n<link rel=\"canonical\" href=\"https:\/\/letrame.com\/catalogo\/producto\/construyendo-talento\/\" \/>\n<meta property=\"og:locale\" content=\"es_ES\" \/>\n<meta property=\"og:type\" content=\"article\" \/>\n<meta property=\"og:title\" content=\"Construyendo talento - Catalogo | Letrame Grupo Editorial\" \/>\n<meta property=\"og:description\" content=\"ISBN: 9791370293789 SINOPSIS Este libro aborda la formaci\u00f3n del talento desde una premisa clara y fundamental: el jugador es el eje central de todo proceso formativo. Lejos de modelos r\u00edgidos o estandarizados, la obra propone entender el desarrollo del talento como un camino din\u00e1mico, en el que los entornos, metodolog\u00edas y decisiones deben estar orientados a favorecer la expresi\u00f3n plena del potencial individual de cada jugador. Bajo esta mirada, la formaci\u00f3n deja de ser un fin en s\u00ed mismo para convertirse en un medio al servicio del crecimiento integral del futbolista. A lo largo de sus cap\u00edtulos, el libro establece una hoja de ruta precisa y estructurada sobre los elementos esenciales que debe contener un modelo de formaci\u00f3n moderno y eficaz: principios, contextos de aprendizaje, roles de los formadores, toma de decisiones y evaluaci\u00f3n del progreso. Su principal valor diferencial reside en la capacidad de conectar la teor\u00eda con la pr\u00e1ctica. En su cap\u00edtulo final, el lector encontrar\u00e1 un caso aplicado basado en una experiencia real dentro de la cantera de un club de \u00e9lite, hoy reconocido como referente internacional en el desarrollo de talento. Este ejemplo pr\u00e1ctico no solo valida el marco conceptual propuesto, sino que ofrece una gu\u00eda concreta y transferible para profesionales que buscan dise\u00f1ar o mejorar modelos formativos centrados verdaderamente en el jugador.\" \/>\n<meta property=\"og:url\" content=\"https:\/\/letrame.com\/catalogo\/producto\/construyendo-talento\/\" \/>\n<meta property=\"og:site_name\" content=\"Catalogo | Letrame Grupo Editorial\" \/>\n<meta property=\"article:modified_time\" content=\"2026-04-06T11:48:33+00:00\" \/>\n<meta property=\"og:image\" content=\"https:\/\/letrame.com\/catalogo\/wp-content\/uploads\/2026\/04\/portadacatalogo.jpg\" \/>\n\t<meta property=\"og:image:width\" content=\"738\" \/>\n\t<meta property=\"og:image:height\" content=\"1083\" \/>\n\t<meta property=\"og:image:type\" content=\"image\/jpeg\" \/>\n<meta name=\"twitter:card\" content=\"summary_large_image\" \/>\n<meta name=\"twitter:label1\" content=\"Tiempo de lectura\" \/>\n\t<meta name=\"twitter:data1\" content=\"2 minutos\" \/>\n<script type=\"application\/ld+json\" class=\"yoast-schema-graph\">{\"@context\":\"https:\/\/schema.org\",\"@graph\":[{\"@type\":\"WebPage\",\"@id\":\"https:\/\/letrame.com\/catalogo\/producto\/construyendo-talento\/\",\"url\":\"https:\/\/letrame.com\/catalogo\/producto\/construyendo-talento\/\",\"name\":\"Construyendo talento - Catalogo | Letrame Grupo Editorial\",\"isPartOf\":{\"@id\":\"https:\/\/letrame.com\/catalogo\/#website\"},\"primaryImageOfPage\":{\"@id\":\"https:\/\/letrame.com\/catalogo\/producto\/construyendo-talento\/#primaryimage\"},\"image\":{\"@id\":\"https:\/\/letrame.com\/catalogo\/producto\/construyendo-talento\/#primaryimage\"},\"thumbnailUrl\":\"https:\/\/letrame.com\/catalogo\/wp-content\/uploads\/2026\/04\/portadacatalogo.jpg\",\"datePublished\":\"2026-04-06T11:48:32+00:00\",\"dateModified\":\"2026-04-06T11:48:33+00:00\",\"breadcrumb\":{\"@id\":\"https:\/\/letrame.com\/catalogo\/producto\/construyendo-talento\/#breadcrumb\"},\"inLanguage\":\"es\",\"potentialAction\":[{\"@type\":\"ReadAction\",\"target\":[\"https:\/\/letrame.com\/catalogo\/producto\/construyendo-talento\/\"]}]},{\"@type\":\"ImageObject\",\"inLanguage\":\"es\",\"@id\":\"https:\/\/letrame.com\/catalogo\/producto\/construyendo-talento\/#primaryimage\",\"url\":\"https:\/\/letrame.com\/catalogo\/wp-content\/uploads\/2026\/04\/portadacatalogo.jpg\",\"contentUrl\":\"https:\/\/letrame.com\/catalogo\/wp-content\/uploads\/2026\/04\/portadacatalogo.jpg\",\"width\":738,\"height\":1083},{\"@type\":\"BreadcrumbList\",\"@id\":\"https:\/\/letrame.com\/catalogo\/producto\/construyendo-talento\/#breadcrumb\",\"itemListElement\":[{\"@type\":\"ListItem\",\"position\":1,\"name\":\"Portada\",\"item\":\"https:\/\/letrame.com\/catalogo\/\"},{\"@type\":\"ListItem\",\"position\":2,\"name\":\"Cat\u00e1logo\",\"item\":\"https:\/\/letrame.com\/catalogo\/\"},{\"@type\":\"ListItem\",\"position\":3,\"name\":\"Construyendo talento\"}]},{\"@type\":\"WebSite\",\"@id\":\"https:\/\/letrame.com\/catalogo\/#website\",\"url\":\"https:\/\/letrame.com\/catalogo\/\",\"name\":\"Catalogo | Letrame Grupo Editorial\",\"description\":\"\",\"publisher\":{\"@id\":\"https:\/\/letrame.com\/catalogo\/#organization\"},\"potentialAction\":[{\"@type\":\"SearchAction\",\"target\":{\"@type\":\"EntryPoint\",\"urlTemplate\":\"https:\/\/letrame.com\/catalogo\/?s={search_term_string}\"},\"query-input\":{\"@type\":\"PropertyValueSpecification\",\"valueRequired\":true,\"valueName\":\"search_term_string\"}}],\"inLanguage\":\"es\"},{\"@type\":\"Organization\",\"@id\":\"https:\/\/letrame.com\/catalogo\/#organization\",\"name\":\"Catalogo | Letrame Grupo Editorial\",\"url\":\"https:\/\/letrame.com\/catalogo\/\",\"logo\":{\"@type\":\"ImageObject\",\"inLanguage\":\"es\",\"@id\":\"https:\/\/letrame.com\/catalogo\/#\/schema\/logo\/image\/\",\"url\":\"https:\/\/letrame.com\/catalogo\/wp-content\/uploads\/2024\/03\/logo2.webp\",\"contentUrl\":\"https:\/\/letrame.com\/catalogo\/wp-content\/uploads\/2024\/03\/logo2.webp\",\"width\":394,\"height\":128,\"caption\":\"Catalogo | Letrame Grupo Editorial\"},\"image\":{\"@id\":\"https:\/\/letrame.com\/catalogo\/#\/schema\/logo\/image\/\"}}]}<\/script>\n<!-- \/ Yoast SEO plugin. -->","yoast_head_json":{"title":"Construyendo talento - Catalogo | Letrame Grupo Editorial","robots":{"index":"index","follow":"follow","max-snippet":"max-snippet:-1","max-image-preview":"max-image-preview:large","max-video-preview":"max-video-preview:-1"},"canonical":"https:\/\/letrame.com\/catalogo\/producto\/construyendo-talento\/","og_locale":"es_ES","og_type":"article","og_title":"Construyendo talento - Catalogo | Letrame Grupo Editorial","og_description":"ISBN: 9791370293789 SINOPSIS Este libro aborda la formaci\u00f3n del talento desde una premisa clara y fundamental: el jugador es el eje central de todo proceso formativo. Lejos de modelos r\u00edgidos o estandarizados, la obra propone entender el desarrollo del talento como un camino din\u00e1mico, en el que los entornos, metodolog\u00edas y decisiones deben estar orientados a favorecer la expresi\u00f3n plena del potencial individual de cada jugador. Bajo esta mirada, la formaci\u00f3n deja de ser un fin en s\u00ed mismo para convertirse en un medio al servicio del crecimiento integral del futbolista. A lo largo de sus cap\u00edtulos, el libro establece una hoja de ruta precisa y estructurada sobre los elementos esenciales que debe contener un modelo de formaci\u00f3n moderno y eficaz: principios, contextos de aprendizaje, roles de los formadores, toma de decisiones y evaluaci\u00f3n del progreso. Su principal valor diferencial reside en la capacidad de conectar la teor\u00eda con la pr\u00e1ctica. En su cap\u00edtulo final, el lector encontrar\u00e1 un caso aplicado basado en una experiencia real dentro de la cantera de un club de \u00e9lite, hoy reconocido como referente internacional en el desarrollo de talento. Este ejemplo pr\u00e1ctico no solo valida el marco conceptual propuesto, sino que ofrece una gu\u00eda concreta y transferible para profesionales que buscan dise\u00f1ar o mejorar modelos formativos centrados verdaderamente en el jugador.","og_url":"https:\/\/letrame.com\/catalogo\/producto\/construyendo-talento\/","og_site_name":"Catalogo | Letrame Grupo Editorial","article_modified_time":"2026-04-06T11:48:33+00:00","og_image":[{"width":738,"height":1083,"url":"https:\/\/letrame.com\/catalogo\/wp-content\/uploads\/2026\/04\/portadacatalogo.jpg","type":"image\/jpeg"}],"twitter_card":"summary_large_image","twitter_misc":{"Tiempo de lectura":"2 minutos"},"schema":{"@context":"https:\/\/schema.org","@graph":[{"@type":"WebPage","@id":"https:\/\/letrame.com\/catalogo\/producto\/construyendo-talento\/","url":"https:\/\/letrame.com\/catalogo\/producto\/construyendo-talento\/","name":"Construyendo talento - Catalogo | Letrame Grupo Editorial","isPartOf":{"@id":"https:\/\/letrame.com\/catalogo\/#website"},"primaryImageOfPage":{"@id":"https:\/\/letrame.com\/catalogo\/producto\/construyendo-talento\/#primaryimage"},"image":{"@id":"https:\/\/letrame.com\/catalogo\/producto\/construyendo-talento\/#primaryimage"},"thumbnailUrl":"https:\/\/letrame.com\/catalogo\/wp-content\/uploads\/2026\/04\/portadacatalogo.jpg","datePublished":"2026-04-06T11:48:32+00:00","dateModified":"2026-04-06T11:48:33+00:00","breadcrumb":{"@id":"https:\/\/letrame.com\/catalogo\/producto\/construyendo-talento\/#breadcrumb"},"inLanguage":"es","potentialAction":[{"@type":"ReadAction","target":["https:\/\/letrame.com\/catalogo\/producto\/construyendo-talento\/"]}]},{"@type":"ImageObject","inLanguage":"es","@id":"https:\/\/letrame.com\/catalogo\/producto\/construyendo-talento\/#primaryimage","url":"https:\/\/letrame.com\/catalogo\/wp-content\/uploads\/2026\/04\/portadacatalogo.jpg","contentUrl":"https:\/\/letrame.com\/catalogo\/wp-content\/uploads\/2026\/04\/portadacatalogo.jpg","width":738,"height":1083},{"@type":"BreadcrumbList","@id":"https:\/\/letrame.com\/catalogo\/producto\/construyendo-talento\/#breadcrumb","itemListElement":[{"@type":"ListItem","position":1,"name":"Portada","item":"https:\/\/letrame.com\/catalogo\/"},{"@type":"ListItem","position":2,"name":"Cat\u00e1logo","item":"https:\/\/letrame.com\/catalogo\/"},{"@type":"ListItem","position":3,"name":"Construyendo talento"}]},{"@type":"WebSite","@id":"https:\/\/letrame.com\/catalogo\/#website","url":"https:\/\/letrame.com\/catalogo\/","name":"Catalogo | Letrame Grupo Editorial","description":"","publisher":{"@id":"https:\/\/letrame.com\/catalogo\/#organization"},"potentialAction":[{"@type":"SearchAction","target":{"@type":"EntryPoint","urlTemplate":"https:\/\/letrame.com\/catalogo\/?s={search_term_string}"},"query-input":{"@type":"PropertyValueSpecification","valueRequired":true,"valueName":"search_term_string"}}],"inLanguage":"es"},{"@type":"Organization","@id":"https:\/\/letrame.com\/catalogo\/#organization","name":"Catalogo | Letrame Grupo Editorial","url":"https:\/\/letrame.com\/catalogo\/","logo":{"@type":"ImageObject","inLanguage":"es","@id":"https:\/\/letrame.com\/catalogo\/#\/schema\/logo\/image\/","url":"https:\/\/letrame.com\/catalogo\/wp-content\/uploads\/2024\/03\/logo2.webp","contentUrl":"https:\/\/letrame.com\/catalogo\/wp-content\/uploads\/2024\/03\/logo2.webp","width":394,"height":128,"caption":"Catalogo | Letrame Grupo Editorial"},"image":{"@id":"https:\/\/letrame.com\/catalogo\/#\/schema\/logo\/image\/"}}]}},"_links":{"self":[{"href":"https:\/\/letrame.com\/catalogo\/wp-json\/wp\/v2\/product\/111644","targetHints":{"allow":["GET"]}}],"collection":[{"href":"https:\/\/letrame.com\/catalogo\/wp-json\/wp\/v2\/product"}],"about":[{"href":"https:\/\/letrame.com\/catalogo\/wp-json\/wp\/v2\/types\/product"}],"replies":[{"embeddable":true,"href":"https:\/\/letrame.com\/catalogo\/wp-json\/wp\/v2\/comments?post=111644"}],"acf:post":[{"embeddable":true,"href":"https:\/\/letrame.com\/catalogo\/wp-json\/wp\/v2\/author_book\/111648"},{"embeddable":true,"href":"https:\/\/letrame.com\/catalogo\/wp-json\/wp\/v2\/author_book\/111645"}],"wp:featuredmedia":[{"embeddable":true,"href":"https:\/\/letrame.com\/catalogo\/wp-json\/wp\/v2\/media\/111651"}],"wp:attachment":[{"href":"https:\/\/letrame.com\/catalogo\/wp-json\/wp\/v2\/media?parent=111644"}],"wp:term":[{"taxonomy":"libro","embeddable":true,"href":"https:\/\/letrame.com\/catalogo\/wp-json\/wp\/v2\/libro?post=111644"},{"taxonomy":"product_brand","embeddable":true,"href":"https:\/\/letrame.com\/catalogo\/wp-json\/wp\/v2\/product_brand?post=111644"},{"taxonomy":"product_cat","embeddable":true,"href":"https:\/\/letrame.com\/catalogo\/wp-json\/wp\/v2\/product_cat?post=111644"},{"taxonomy":"product_tag","embeddable":true,"href":"https:\/\/letrame.com\/catalogo\/wp-json\/wp\/v2\/product_tag?post=111644"}],"curies":[{"name":"wp","href":"https:\/\/api.w.org\/{rel}","templated":true}]}}