{"id":111637,"date":"2026-04-06T13:32:37","date_gmt":"2026-04-06T11:32:37","guid":{"rendered":"https:\/\/letrame.com\/catalogo\/?post_type=product&#038;p=111637"},"modified":"2026-04-06T13:32:38","modified_gmt":"2026-04-06T11:32:38","slug":"montanas-malditas","status":"publish","type":"product","link":"https:\/\/letrame.com\/catalogo\/producto\/montanas-malditas\/","title":{"rendered":"Monta\u00f1as malditas"},"content":{"rendered":"<p class=\"p1\"><b>ISBN: 9791370294786<\/b><b><\/b><\/p>\n<p class=\"p1\"><b>T\u00edtulo: Monta\u00f1as malditas<\/b><br \/>\n<b>Fecha: 2025<\/b><br \/>\n<b>P\u00e1ginas: 124<\/b><b><\/b><\/p>\n<p class=\"p1\"><b>SINOPSIS<\/b><\/p>\n<p class=\"p1\">En las agrestes cumbres del Maestrazgo, donde la historia se mezcla con la leyenda y la sangre se confunde con la tierra, nace el relato de Ram\u00f3n Cabre-ra, el Tigre del Maestrazgo, figura temible e inolvidable de las Guerras Carlistas.<\/p>\n<p class=\"p1\">A trav\u00e9s de su propia voz conoceremos un camino leno de lealtades rotas, hambre, caballos, p\u00f3lvora y decisiones imposibles. La guerra lo empuja a ver la crueldad del hombre y tambi\u00e9n su nobleza; le arrebata a su madre, a su amada, y lo obliga a seguir adelante aunque el alma pese m\u00e1s que el fusil.<\/p>\n<p class=\"p1\">En Monta\u00f1as malditas, Juan Alapont Ram\u00f3n nos lleva al coraz\u00f3n de un pa\u00eds dividido, donde la frontera entre h\u00e9roe y villano se vuelve borrosa.<\/p>\n<p class=\"p1\">Una historia intensa y cruda, que combina documentaci\u00f3n rigurosa y ficci\u00f3n narrativa para retratar las guerras fratricidas que asolaron Espa\u00f1a.<\/p>\n","protected":false},"excerpt":{"rendered":"<p class=\"p1\"><b>ISBN: 9791370294786<\/b><b><\/b><\/p>\n<p class=\"p1\"><b>SINOPSIS<\/b><\/p>\n<p class=\"p1\">En las agrestes cumbres del Maestrazgo, donde la historia se mezcla con la leyenda y la sangre se confunde con la tierra, nace el relato de Ram\u00f3n Cabre-ra, el Tigre del Maestrazgo, figura temible e inolvidable de las Guerras Carlistas.<\/p>\n<p class=\"p1\">A trav\u00e9s de su propia voz conoceremos un camino leno de lealtades rotas, hambre, caballos, p\u00f3lvora y decisiones imposibles. La guerra lo empuja a ver la crueldad del hombre y tambi\u00e9n su nobleza; le arrebata a su madre, a su amada, y lo obliga a seguir adelante aunque el alma pese m\u00e1s que el fusil.<\/p>\n<p class=\"p1\">En Monta\u00f1as malditas, Juan Alapont Ram\u00f3n nos lleva al coraz\u00f3n de un pa\u00eds dividido, donde la frontera entre h\u00e9roe y villano se vuelve borrosa.<\/p>\n<p class=\"p1\">Una historia intensa y cruda, que combina documentaci\u00f3n rigurosa y ficci\u00f3n narrativa para retratar las guerras fratricidas que asolaron Espa\u00f1a.<\/p>\n","protected":false},"featured_media":111638,"comment_status":"open","ping_status":"closed","template":"","meta":{"_acf_changed":false},"libro":[],"product_brand":[],"product_cat":[148],"product_tag":[],"class_list":{"0":"post-111637","1":"product","2":"type-product","3":"status-publish","4":"has-post-thumbnail","6":"product_cat-historia","8":"first","9":"instock","10":"shipping-taxable","11":"product-type-simple"},"acf":{"autor":[100646],"enlace_de_compra":"https:\/\/amzn.to\/4c6cz6X"},"yoast_head":"<!-- This site is optimized with the Yoast SEO plugin v26.6 - https:\/\/yoast.com\/wordpress\/plugins\/seo\/ -->\n<title>Monta\u00f1as malditas - Catalogo | Letrame Grupo Editorial<\/title>\n<meta name=\"robots\" content=\"index, follow, max-snippet:-1, max-image-preview:large, max-video-preview:-1\" \/>\n<link rel=\"canonical\" href=\"https:\/\/letrame.com\/catalogo\/producto\/montanas-malditas\/\" \/>\n<meta property=\"og:locale\" content=\"es_ES\" \/>\n<meta property=\"og:type\" content=\"article\" \/>\n<meta property=\"og:title\" content=\"Monta\u00f1as malditas - Catalogo | Letrame Grupo Editorial\" \/>\n<meta property=\"og:description\" content=\"ISBN: 9791370294786 SINOPSIS En las agrestes cumbres del Maestrazgo, donde la historia se mezcla con la leyenda y la sangre se confunde con la tierra, nace el relato de Ram\u00f3n Cabre-ra, el Tigre del Maestrazgo, figura temible e inolvidable de las Guerras Carlistas. A trav\u00e9s de su propia voz conoceremos un camino leno de lealtades rotas, hambre, caballos, p\u00f3lvora y decisiones imposibles. La guerra lo empuja a ver la crueldad del hombre y tambi\u00e9n su nobleza; le arrebata a su madre, a su amada, y lo obliga a seguir adelante aunque el alma pese m\u00e1s que el fusil. En Monta\u00f1as malditas, Juan Alapont Ram\u00f3n nos lleva al coraz\u00f3n de un pa\u00eds dividido, donde la frontera entre h\u00e9roe y villano se vuelve borrosa. Una historia intensa y cruda, que combina documentaci\u00f3n rigurosa y ficci\u00f3n narrativa para retratar las guerras fratricidas que asolaron Espa\u00f1a.\" \/>\n<meta property=\"og:url\" content=\"https:\/\/letrame.com\/catalogo\/producto\/montanas-malditas\/\" \/>\n<meta property=\"og:site_name\" content=\"Catalogo | Letrame Grupo Editorial\" \/>\n<meta property=\"article:modified_time\" content=\"2026-04-06T11:32:38+00:00\" \/>\n<meta property=\"og:image\" content=\"https:\/\/letrame.com\/catalogo\/wp-content\/uploads\/2026\/04\/montanasmalditas_622mm4.jpg\" \/>\n\t<meta property=\"og:image:width\" content=\"827\" \/>\n\t<meta property=\"og:image:height\" content=\"1240\" \/>\n\t<meta property=\"og:image:type\" content=\"image\/jpeg\" \/>\n<meta name=\"twitter:card\" content=\"summary_large_image\" \/>\n<meta name=\"twitter:label1\" content=\"Tiempo de lectura\" \/>\n\t<meta name=\"twitter:data1\" content=\"1 minuto\" \/>\n<script type=\"application\/ld+json\" class=\"yoast-schema-graph\">{\"@context\":\"https:\/\/schema.org\",\"@graph\":[{\"@type\":\"WebPage\",\"@id\":\"https:\/\/letrame.com\/catalogo\/producto\/montanas-malditas\/\",\"url\":\"https:\/\/letrame.com\/catalogo\/producto\/montanas-malditas\/\",\"name\":\"Monta\u00f1as malditas - Catalogo | Letrame Grupo Editorial\",\"isPartOf\":{\"@id\":\"https:\/\/letrame.com\/catalogo\/#website\"},\"primaryImageOfPage\":{\"@id\":\"https:\/\/letrame.com\/catalogo\/producto\/montanas-malditas\/#primaryimage\"},\"image\":{\"@id\":\"https:\/\/letrame.com\/catalogo\/producto\/montanas-malditas\/#primaryimage\"},\"thumbnailUrl\":\"https:\/\/letrame.com\/catalogo\/wp-content\/uploads\/2026\/04\/montanasmalditas_622mm4.jpg\",\"datePublished\":\"2026-04-06T11:32:37+00:00\",\"dateModified\":\"2026-04-06T11:32:38+00:00\",\"breadcrumb\":{\"@id\":\"https:\/\/letrame.com\/catalogo\/producto\/montanas-malditas\/#breadcrumb\"},\"inLanguage\":\"es\",\"potentialAction\":[{\"@type\":\"ReadAction\",\"target\":[\"https:\/\/letrame.com\/catalogo\/producto\/montanas-malditas\/\"]}]},{\"@type\":\"ImageObject\",\"inLanguage\":\"es\",\"@id\":\"https:\/\/letrame.com\/catalogo\/producto\/montanas-malditas\/#primaryimage\",\"url\":\"https:\/\/letrame.com\/catalogo\/wp-content\/uploads\/2026\/04\/montanasmalditas_622mm4.jpg\",\"contentUrl\":\"https:\/\/letrame.com\/catalogo\/wp-content\/uploads\/2026\/04\/montanasmalditas_622mm4.jpg\",\"width\":827,\"height\":1240},{\"@type\":\"BreadcrumbList\",\"@id\":\"https:\/\/letrame.com\/catalogo\/producto\/montanas-malditas\/#breadcrumb\",\"itemListElement\":[{\"@type\":\"ListItem\",\"position\":1,\"name\":\"Portada\",\"item\":\"https:\/\/letrame.com\/catalogo\/\"},{\"@type\":\"ListItem\",\"position\":2,\"name\":\"Cat\u00e1logo\",\"item\":\"https:\/\/letrame.com\/catalogo\/\"},{\"@type\":\"ListItem\",\"position\":3,\"name\":\"Monta\u00f1as malditas\"}]},{\"@type\":\"WebSite\",\"@id\":\"https:\/\/letrame.com\/catalogo\/#website\",\"url\":\"https:\/\/letrame.com\/catalogo\/\",\"name\":\"Catalogo | Letrame Grupo Editorial\",\"description\":\"\",\"publisher\":{\"@id\":\"https:\/\/letrame.com\/catalogo\/#organization\"},\"potentialAction\":[{\"@type\":\"SearchAction\",\"target\":{\"@type\":\"EntryPoint\",\"urlTemplate\":\"https:\/\/letrame.com\/catalogo\/?s={search_term_string}\"},\"query-input\":{\"@type\":\"PropertyValueSpecification\",\"valueRequired\":true,\"valueName\":\"search_term_string\"}}],\"inLanguage\":\"es\"},{\"@type\":\"Organization\",\"@id\":\"https:\/\/letrame.com\/catalogo\/#organization\",\"name\":\"Catalogo | Letrame Grupo Editorial\",\"url\":\"https:\/\/letrame.com\/catalogo\/\",\"logo\":{\"@type\":\"ImageObject\",\"inLanguage\":\"es\",\"@id\":\"https:\/\/letrame.com\/catalogo\/#\/schema\/logo\/image\/\",\"url\":\"https:\/\/letrame.com\/catalogo\/wp-content\/uploads\/2024\/03\/logo2.webp\",\"contentUrl\":\"https:\/\/letrame.com\/catalogo\/wp-content\/uploads\/2024\/03\/logo2.webp\",\"width\":394,\"height\":128,\"caption\":\"Catalogo | Letrame Grupo Editorial\"},\"image\":{\"@id\":\"https:\/\/letrame.com\/catalogo\/#\/schema\/logo\/image\/\"}}]}<\/script>\n<!-- \/ Yoast SEO plugin. -->","yoast_head_json":{"title":"Monta\u00f1as malditas - Catalogo | Letrame Grupo Editorial","robots":{"index":"index","follow":"follow","max-snippet":"max-snippet:-1","max-image-preview":"max-image-preview:large","max-video-preview":"max-video-preview:-1"},"canonical":"https:\/\/letrame.com\/catalogo\/producto\/montanas-malditas\/","og_locale":"es_ES","og_type":"article","og_title":"Monta\u00f1as malditas - Catalogo | Letrame Grupo Editorial","og_description":"ISBN: 9791370294786 SINOPSIS En las agrestes cumbres del Maestrazgo, donde la historia se mezcla con la leyenda y la sangre se confunde con la tierra, nace el relato de Ram\u00f3n Cabre-ra, el Tigre del Maestrazgo, figura temible e inolvidable de las Guerras Carlistas. A trav\u00e9s de su propia voz conoceremos un camino leno de lealtades rotas, hambre, caballos, p\u00f3lvora y decisiones imposibles. La guerra lo empuja a ver la crueldad del hombre y tambi\u00e9n su nobleza; le arrebata a su madre, a su amada, y lo obliga a seguir adelante aunque el alma pese m\u00e1s que el fusil. En Monta\u00f1as malditas, Juan Alapont Ram\u00f3n nos lleva al coraz\u00f3n de un pa\u00eds dividido, donde la frontera entre h\u00e9roe y villano se vuelve borrosa. Una historia intensa y cruda, que combina documentaci\u00f3n rigurosa y ficci\u00f3n narrativa para retratar las guerras fratricidas que asolaron Espa\u00f1a.","og_url":"https:\/\/letrame.com\/catalogo\/producto\/montanas-malditas\/","og_site_name":"Catalogo | Letrame Grupo Editorial","article_modified_time":"2026-04-06T11:32:38+00:00","og_image":[{"width":827,"height":1240,"url":"https:\/\/letrame.com\/catalogo\/wp-content\/uploads\/2026\/04\/montanasmalditas_622mm4.jpg","type":"image\/jpeg"}],"twitter_card":"summary_large_image","twitter_misc":{"Tiempo de lectura":"1 minuto"},"schema":{"@context":"https:\/\/schema.org","@graph":[{"@type":"WebPage","@id":"https:\/\/letrame.com\/catalogo\/producto\/montanas-malditas\/","url":"https:\/\/letrame.com\/catalogo\/producto\/montanas-malditas\/","name":"Monta\u00f1as malditas - Catalogo | Letrame Grupo Editorial","isPartOf":{"@id":"https:\/\/letrame.com\/catalogo\/#website"},"primaryImageOfPage":{"@id":"https:\/\/letrame.com\/catalogo\/producto\/montanas-malditas\/#primaryimage"},"image":{"@id":"https:\/\/letrame.com\/catalogo\/producto\/montanas-malditas\/#primaryimage"},"thumbnailUrl":"https:\/\/letrame.com\/catalogo\/wp-content\/uploads\/2026\/04\/montanasmalditas_622mm4.jpg","datePublished":"2026-04-06T11:32:37+00:00","dateModified":"2026-04-06T11:32:38+00:00","breadcrumb":{"@id":"https:\/\/letrame.com\/catalogo\/producto\/montanas-malditas\/#breadcrumb"},"inLanguage":"es","potentialAction":[{"@type":"ReadAction","target":["https:\/\/letrame.com\/catalogo\/producto\/montanas-malditas\/"]}]},{"@type":"ImageObject","inLanguage":"es","@id":"https:\/\/letrame.com\/catalogo\/producto\/montanas-malditas\/#primaryimage","url":"https:\/\/letrame.com\/catalogo\/wp-content\/uploads\/2026\/04\/montanasmalditas_622mm4.jpg","contentUrl":"https:\/\/letrame.com\/catalogo\/wp-content\/uploads\/2026\/04\/montanasmalditas_622mm4.jpg","width":827,"height":1240},{"@type":"BreadcrumbList","@id":"https:\/\/letrame.com\/catalogo\/producto\/montanas-malditas\/#breadcrumb","itemListElement":[{"@type":"ListItem","position":1,"name":"Portada","item":"https:\/\/letrame.com\/catalogo\/"},{"@type":"ListItem","position":2,"name":"Cat\u00e1logo","item":"https:\/\/letrame.com\/catalogo\/"},{"@type":"ListItem","position":3,"name":"Monta\u00f1as malditas"}]},{"@type":"WebSite","@id":"https:\/\/letrame.com\/catalogo\/#website","url":"https:\/\/letrame.com\/catalogo\/","name":"Catalogo | Letrame Grupo Editorial","description":"","publisher":{"@id":"https:\/\/letrame.com\/catalogo\/#organization"},"potentialAction":[{"@type":"SearchAction","target":{"@type":"EntryPoint","urlTemplate":"https:\/\/letrame.com\/catalogo\/?s={search_term_string}"},"query-input":{"@type":"PropertyValueSpecification","valueRequired":true,"valueName":"search_term_string"}}],"inLanguage":"es"},{"@type":"Organization","@id":"https:\/\/letrame.com\/catalogo\/#organization","name":"Catalogo | Letrame Grupo Editorial","url":"https:\/\/letrame.com\/catalogo\/","logo":{"@type":"ImageObject","inLanguage":"es","@id":"https:\/\/letrame.com\/catalogo\/#\/schema\/logo\/image\/","url":"https:\/\/letrame.com\/catalogo\/wp-content\/uploads\/2024\/03\/logo2.webp","contentUrl":"https:\/\/letrame.com\/catalogo\/wp-content\/uploads\/2024\/03\/logo2.webp","width":394,"height":128,"caption":"Catalogo | Letrame Grupo Editorial"},"image":{"@id":"https:\/\/letrame.com\/catalogo\/#\/schema\/logo\/image\/"}}]}},"_links":{"self":[{"href":"https:\/\/letrame.com\/catalogo\/wp-json\/wp\/v2\/product\/111637","targetHints":{"allow":["GET"]}}],"collection":[{"href":"https:\/\/letrame.com\/catalogo\/wp-json\/wp\/v2\/product"}],"about":[{"href":"https:\/\/letrame.com\/catalogo\/wp-json\/wp\/v2\/types\/product"}],"replies":[{"embeddable":true,"href":"https:\/\/letrame.com\/catalogo\/wp-json\/wp\/v2\/comments?post=111637"}],"acf:post":[{"embeddable":true,"href":"https:\/\/letrame.com\/catalogo\/wp-json\/wp\/v2\/author_book\/100646"}],"wp:featuredmedia":[{"embeddable":true,"href":"https:\/\/letrame.com\/catalogo\/wp-json\/wp\/v2\/media\/111638"}],"wp:attachment":[{"href":"https:\/\/letrame.com\/catalogo\/wp-json\/wp\/v2\/media?parent=111637"}],"wp:term":[{"taxonomy":"libro","embeddable":true,"href":"https:\/\/letrame.com\/catalogo\/wp-json\/wp\/v2\/libro?post=111637"},{"taxonomy":"product_brand","embeddable":true,"href":"https:\/\/letrame.com\/catalogo\/wp-json\/wp\/v2\/product_brand?post=111637"},{"taxonomy":"product_cat","embeddable":true,"href":"https:\/\/letrame.com\/catalogo\/wp-json\/wp\/v2\/product_cat?post=111637"},{"taxonomy":"product_tag","embeddable":true,"href":"https:\/\/letrame.com\/catalogo\/wp-json\/wp\/v2\/product_tag?post=111637"}],"curies":[{"name":"wp","href":"https:\/\/api.w.org\/{rel}","templated":true}]}}