{"id":111631,"date":"2026-04-06T13:27:49","date_gmt":"2026-04-06T11:27:49","guid":{"rendered":"https:\/\/letrame.com\/catalogo\/?post_type=product&#038;p=111631"},"modified":"2026-04-06T13:27:50","modified_gmt":"2026-04-06T11:27:50","slug":"los-caminos-del-autoconocimiento","status":"publish","type":"product","link":"https:\/\/letrame.com\/catalogo\/producto\/los-caminos-del-autoconocimiento\/","title":{"rendered":"Los caminos del autoconocimiento"},"content":{"rendered":"<p class=\"p1\"><b>ISBN: 9791370292751<\/b><b><\/b><\/p>\n<p class=\"p1\"><b>T\u00edtulo: Los caminos del autoconocimiento<\/b><br \/>\n<b>Fecha: 2025<\/b><br \/>\n<b>P\u00e1ginas: 280<\/b><b><\/b><\/p>\n<p class=\"p1\"><b>SINOPSIS<\/b><\/p>\n<p class=\"p1\">El autoconocimiento no es un ideal abstracto, es una necesidad pr\u00e1ctica, comprender qui\u00e9n eres, c\u00f3mo piensas y qu\u00e9 fuerzas han moldeado tu vida es el fundamento para tomar mejores decisiones, construir relaciones m\u00e1s aut\u00e9nticas y alcanzar un equilibrio real entre tu vida personal y profesional. Este libro ofrece un recorrido estructurado y profundo que combina experiencia personal con herramientas conceptuales s\u00f3lidas, a trav\u00e9s de la reflexi\u00f3n y de modelos ampliamente reconocidos en la psicolog\u00eda y la filosof\u00eda, descubrir\u00e1s c\u00f3mo tu identidad se ha formado, qu\u00e9 factores la condicionan y qu\u00e9 recursos tienes disponibles para transformarla.<\/p>\n<p class=\"p1\">En estas p\u00e1ginas aprender\u00e1s a:<\/p>\n<p class=\"p1\">Explorar las bases de tu identidad y reconocer los elementos que te han configurado. Comprender los cuatro planos que sostienen tu existencia: f\u00edsico, mental, emocional y espiritual. Analizar modelos como el An\u00e1lisis Transaccional de Eric Berne, la Logoterapia de Viktor Frankl y la Filosof\u00eda de Valor de Erich Fromm. Identificar estigmas educacionales y creencias limitantes que afectan tu desarrollo personal y profesional. Integrar el conocimiento acad\u00e9mico con tu propia experiencia para tomar decisiones m\u00e1s conscientes. Este no es un texto de autoayuda r\u00e1pida ni un ensayo te\u00f3rico aislado, es una obra dise\u00f1ada para conectar la reflexi\u00f3n personal con herramientas pr\u00e1cticas y acad\u00e9micas que fortalecen la vida profesional, empresarial y humana&#8230;<\/p>\n<p class=\"p1\">\u00bfEst\u00e1s listo para abrir estas p\u00e1ginas y descubrir lo que a\u00fan no sabes de ti mismo?<\/p>\n","protected":false},"excerpt":{"rendered":"<p class=\"p1\"><b>ISBN: 9791370292751<\/b><b><\/b><\/p>\n<p class=\"p1\"><b>SINOPSIS<\/b><\/p>\n<p class=\"p1\">El autoconocimiento no es un ideal abstracto, es una necesidad pr\u00e1ctica, comprender qui\u00e9n eres, c\u00f3mo piensas y qu\u00e9 fuerzas han moldeado tu vida es el fundamento para tomar mejores decisiones, construir relaciones m\u00e1s aut\u00e9nticas y alcanzar un equilibrio real entre tu vida personal y profesional. Este libro ofrece un recorrido estructurado y profundo que combina experiencia personal con herramientas conceptuales s\u00f3lidas, a trav\u00e9s de la reflexi\u00f3n y de modelos ampliamente reconocidos en la psicolog\u00eda y la filosof\u00eda, descubrir\u00e1s c\u00f3mo tu identidad se ha formado, qu\u00e9 factores la condicionan y qu\u00e9 recursos tienes disponibles para transformarla.<\/p>\n<p class=\"p1\">En estas p\u00e1ginas aprender\u00e1s a:<\/p>\n<p class=\"p1\">Explorar las bases de tu identidad y reconocer los elementos que te han configurado. Comprender los cuatro planos que sostienen tu existencia: f\u00edsico, mental, emocional y espiritual. Analizar modelos como el An\u00e1lisis Transaccional de Eric Berne, la Logoterapia de Viktor Frankl y la Filosof\u00eda de Valor de Erich Fromm. Identificar estigmas educacionales y creencias limitantes que afectan tu desarrollo personal y profesional. Integrar el conocimiento acad\u00e9mico con tu propia experiencia para tomar decisiones m\u00e1s conscientes. Este no es un texto de autoayuda r\u00e1pida ni un ensayo te\u00f3rico aislado, es una obra dise\u00f1ada para conectar la reflexi\u00f3n personal con herramientas pr\u00e1cticas y acad\u00e9micas que fortalecen la vida profesional, empresarial y humana&#8230;<\/p>\n<p class=\"p1\">\u00bfEst\u00e1s listo para abrir estas p\u00e1ginas y descubrir lo que a\u00fan no sabes de ti mismo?<\/p>\n","protected":false},"featured_media":111636,"comment_status":"open","ping_status":"closed","template":"","meta":{"_acf_changed":false},"libro":[],"product_brand":[],"product_cat":[30],"product_tag":[],"class_list":{"0":"post-111631","1":"product","2":"type-product","3":"status-publish","4":"has-post-thumbnail","6":"product_cat-desarrollo-personal-y-autoconocimiento","8":"first","9":"instock","10":"shipping-taxable","11":"product-type-simple"},"acf":{"autor":[111632,111634],"enlace_de_compra":"https:\/\/amzn.to\/4seZpdS"},"yoast_head":"<!-- This site is optimized with the Yoast SEO plugin v26.6 - https:\/\/yoast.com\/wordpress\/plugins\/seo\/ -->\n<title>Los caminos del autoconocimiento - Catalogo | Letrame Grupo Editorial<\/title>\n<meta name=\"robots\" content=\"index, follow, max-snippet:-1, max-image-preview:large, max-video-preview:-1\" \/>\n<link rel=\"canonical\" href=\"https:\/\/letrame.com\/catalogo\/producto\/los-caminos-del-autoconocimiento\/\" \/>\n<meta property=\"og:locale\" content=\"es_ES\" \/>\n<meta property=\"og:type\" content=\"article\" \/>\n<meta property=\"og:title\" content=\"Los caminos del autoconocimiento - Catalogo | Letrame Grupo Editorial\" \/>\n<meta property=\"og:description\" content=\"ISBN: 9791370292751 SINOPSIS El autoconocimiento no es un ideal abstracto, es una necesidad pr\u00e1ctica, comprender qui\u00e9n eres, c\u00f3mo piensas y qu\u00e9 fuerzas han moldeado tu vida es el fundamento para tomar mejores decisiones, construir relaciones m\u00e1s aut\u00e9nticas y alcanzar un equilibrio real entre tu vida personal y profesional. Este libro ofrece un recorrido estructurado y profundo que combina experiencia personal con herramientas conceptuales s\u00f3lidas, a trav\u00e9s de la reflexi\u00f3n y de modelos ampliamente reconocidos en la psicolog\u00eda y la filosof\u00eda, descubrir\u00e1s c\u00f3mo tu identidad se ha formado, qu\u00e9 factores la condicionan y qu\u00e9 recursos tienes disponibles para transformarla. En estas p\u00e1ginas aprender\u00e1s a: Explorar las bases de tu identidad y reconocer los elementos que te han configurado. Comprender los cuatro planos que sostienen tu existencia: f\u00edsico, mental, emocional y espiritual. Analizar modelos como el An\u00e1lisis Transaccional de Eric Berne, la Logoterapia de Viktor Frankl y la Filosof\u00eda de Valor de Erich Fromm. Identificar estigmas educacionales y creencias limitantes que afectan tu desarrollo personal y profesional. Integrar el conocimiento acad\u00e9mico con tu propia experiencia para tomar decisiones m\u00e1s conscientes. Este no es un texto de autoayuda r\u00e1pida ni un ensayo te\u00f3rico aislado, es una obra dise\u00f1ada para conectar la reflexi\u00f3n personal con herramientas pr\u00e1cticas y acad\u00e9micas que fortalecen la vida profesional, empresarial y humana... \u00bfEst\u00e1s listo para abrir estas p\u00e1ginas y descubrir lo que a\u00fan no sabes de ti mismo?\" \/>\n<meta property=\"og:url\" content=\"https:\/\/letrame.com\/catalogo\/producto\/los-caminos-del-autoconocimiento\/\" \/>\n<meta property=\"og:site_name\" content=\"Catalogo | Letrame Grupo Editorial\" \/>\n<meta property=\"article:modified_time\" content=\"2026-04-06T11:27:50+00:00\" \/>\n<meta property=\"og:image\" content=\"https:\/\/letrame.com\/catalogo\/wp-content\/uploads\/2026\/04\/loscaminosdelauto_1388mm4.jpg\" \/>\n\t<meta property=\"og:image:width\" content=\"886\" \/>\n\t<meta property=\"og:image:height\" content=\"1299\" \/>\n\t<meta property=\"og:image:type\" content=\"image\/jpeg\" \/>\n<meta name=\"twitter:card\" content=\"summary_large_image\" \/>\n<meta name=\"twitter:label1\" content=\"Tiempo de lectura\" \/>\n\t<meta name=\"twitter:data1\" content=\"2 minutos\" \/>\n<script type=\"application\/ld+json\" class=\"yoast-schema-graph\">{\"@context\":\"https:\/\/schema.org\",\"@graph\":[{\"@type\":\"WebPage\",\"@id\":\"https:\/\/letrame.com\/catalogo\/producto\/los-caminos-del-autoconocimiento\/\",\"url\":\"https:\/\/letrame.com\/catalogo\/producto\/los-caminos-del-autoconocimiento\/\",\"name\":\"Los caminos del autoconocimiento - Catalogo | Letrame Grupo Editorial\",\"isPartOf\":{\"@id\":\"https:\/\/letrame.com\/catalogo\/#website\"},\"primaryImageOfPage\":{\"@id\":\"https:\/\/letrame.com\/catalogo\/producto\/los-caminos-del-autoconocimiento\/#primaryimage\"},\"image\":{\"@id\":\"https:\/\/letrame.com\/catalogo\/producto\/los-caminos-del-autoconocimiento\/#primaryimage\"},\"thumbnailUrl\":\"https:\/\/letrame.com\/catalogo\/wp-content\/uploads\/2026\/04\/loscaminosdelauto_1388mm4.jpg\",\"datePublished\":\"2026-04-06T11:27:49+00:00\",\"dateModified\":\"2026-04-06T11:27:50+00:00\",\"breadcrumb\":{\"@id\":\"https:\/\/letrame.com\/catalogo\/producto\/los-caminos-del-autoconocimiento\/#breadcrumb\"},\"inLanguage\":\"es\",\"potentialAction\":[{\"@type\":\"ReadAction\",\"target\":[\"https:\/\/letrame.com\/catalogo\/producto\/los-caminos-del-autoconocimiento\/\"]}]},{\"@type\":\"ImageObject\",\"inLanguage\":\"es\",\"@id\":\"https:\/\/letrame.com\/catalogo\/producto\/los-caminos-del-autoconocimiento\/#primaryimage\",\"url\":\"https:\/\/letrame.com\/catalogo\/wp-content\/uploads\/2026\/04\/loscaminosdelauto_1388mm4.jpg\",\"contentUrl\":\"https:\/\/letrame.com\/catalogo\/wp-content\/uploads\/2026\/04\/loscaminosdelauto_1388mm4.jpg\",\"width\":886,\"height\":1299},{\"@type\":\"BreadcrumbList\",\"@id\":\"https:\/\/letrame.com\/catalogo\/producto\/los-caminos-del-autoconocimiento\/#breadcrumb\",\"itemListElement\":[{\"@type\":\"ListItem\",\"position\":1,\"name\":\"Portada\",\"item\":\"https:\/\/letrame.com\/catalogo\/\"},{\"@type\":\"ListItem\",\"position\":2,\"name\":\"Cat\u00e1logo\",\"item\":\"https:\/\/letrame.com\/catalogo\/\"},{\"@type\":\"ListItem\",\"position\":3,\"name\":\"Los caminos del autoconocimiento\"}]},{\"@type\":\"WebSite\",\"@id\":\"https:\/\/letrame.com\/catalogo\/#website\",\"url\":\"https:\/\/letrame.com\/catalogo\/\",\"name\":\"Catalogo | Letrame Grupo Editorial\",\"description\":\"\",\"publisher\":{\"@id\":\"https:\/\/letrame.com\/catalogo\/#organization\"},\"potentialAction\":[{\"@type\":\"SearchAction\",\"target\":{\"@type\":\"EntryPoint\",\"urlTemplate\":\"https:\/\/letrame.com\/catalogo\/?s={search_term_string}\"},\"query-input\":{\"@type\":\"PropertyValueSpecification\",\"valueRequired\":true,\"valueName\":\"search_term_string\"}}],\"inLanguage\":\"es\"},{\"@type\":\"Organization\",\"@id\":\"https:\/\/letrame.com\/catalogo\/#organization\",\"name\":\"Catalogo | Letrame Grupo Editorial\",\"url\":\"https:\/\/letrame.com\/catalogo\/\",\"logo\":{\"@type\":\"ImageObject\",\"inLanguage\":\"es\",\"@id\":\"https:\/\/letrame.com\/catalogo\/#\/schema\/logo\/image\/\",\"url\":\"https:\/\/letrame.com\/catalogo\/wp-content\/uploads\/2024\/03\/logo2.webp\",\"contentUrl\":\"https:\/\/letrame.com\/catalogo\/wp-content\/uploads\/2024\/03\/logo2.webp\",\"width\":394,\"height\":128,\"caption\":\"Catalogo | Letrame Grupo Editorial\"},\"image\":{\"@id\":\"https:\/\/letrame.com\/catalogo\/#\/schema\/logo\/image\/\"}}]}<\/script>\n<!-- \/ Yoast SEO plugin. -->","yoast_head_json":{"title":"Los caminos del autoconocimiento - Catalogo | Letrame Grupo Editorial","robots":{"index":"index","follow":"follow","max-snippet":"max-snippet:-1","max-image-preview":"max-image-preview:large","max-video-preview":"max-video-preview:-1"},"canonical":"https:\/\/letrame.com\/catalogo\/producto\/los-caminos-del-autoconocimiento\/","og_locale":"es_ES","og_type":"article","og_title":"Los caminos del autoconocimiento - Catalogo | Letrame Grupo Editorial","og_description":"ISBN: 9791370292751 SINOPSIS El autoconocimiento no es un ideal abstracto, es una necesidad pr\u00e1ctica, comprender qui\u00e9n eres, c\u00f3mo piensas y qu\u00e9 fuerzas han moldeado tu vida es el fundamento para tomar mejores decisiones, construir relaciones m\u00e1s aut\u00e9nticas y alcanzar un equilibrio real entre tu vida personal y profesional. Este libro ofrece un recorrido estructurado y profundo que combina experiencia personal con herramientas conceptuales s\u00f3lidas, a trav\u00e9s de la reflexi\u00f3n y de modelos ampliamente reconocidos en la psicolog\u00eda y la filosof\u00eda, descubrir\u00e1s c\u00f3mo tu identidad se ha formado, qu\u00e9 factores la condicionan y qu\u00e9 recursos tienes disponibles para transformarla. En estas p\u00e1ginas aprender\u00e1s a: Explorar las bases de tu identidad y reconocer los elementos que te han configurado. Comprender los cuatro planos que sostienen tu existencia: f\u00edsico, mental, emocional y espiritual. Analizar modelos como el An\u00e1lisis Transaccional de Eric Berne, la Logoterapia de Viktor Frankl y la Filosof\u00eda de Valor de Erich Fromm. Identificar estigmas educacionales y creencias limitantes que afectan tu desarrollo personal y profesional. Integrar el conocimiento acad\u00e9mico con tu propia experiencia para tomar decisiones m\u00e1s conscientes. Este no es un texto de autoayuda r\u00e1pida ni un ensayo te\u00f3rico aislado, es una obra dise\u00f1ada para conectar la reflexi\u00f3n personal con herramientas pr\u00e1cticas y acad\u00e9micas que fortalecen la vida profesional, empresarial y humana... \u00bfEst\u00e1s listo para abrir estas p\u00e1ginas y descubrir lo que a\u00fan no sabes de ti mismo?","og_url":"https:\/\/letrame.com\/catalogo\/producto\/los-caminos-del-autoconocimiento\/","og_site_name":"Catalogo | Letrame Grupo Editorial","article_modified_time":"2026-04-06T11:27:50+00:00","og_image":[{"width":886,"height":1299,"url":"https:\/\/letrame.com\/catalogo\/wp-content\/uploads\/2026\/04\/loscaminosdelauto_1388mm4.jpg","type":"image\/jpeg"}],"twitter_card":"summary_large_image","twitter_misc":{"Tiempo de lectura":"2 minutos"},"schema":{"@context":"https:\/\/schema.org","@graph":[{"@type":"WebPage","@id":"https:\/\/letrame.com\/catalogo\/producto\/los-caminos-del-autoconocimiento\/","url":"https:\/\/letrame.com\/catalogo\/producto\/los-caminos-del-autoconocimiento\/","name":"Los caminos del autoconocimiento - Catalogo | Letrame Grupo Editorial","isPartOf":{"@id":"https:\/\/letrame.com\/catalogo\/#website"},"primaryImageOfPage":{"@id":"https:\/\/letrame.com\/catalogo\/producto\/los-caminos-del-autoconocimiento\/#primaryimage"},"image":{"@id":"https:\/\/letrame.com\/catalogo\/producto\/los-caminos-del-autoconocimiento\/#primaryimage"},"thumbnailUrl":"https:\/\/letrame.com\/catalogo\/wp-content\/uploads\/2026\/04\/loscaminosdelauto_1388mm4.jpg","datePublished":"2026-04-06T11:27:49+00:00","dateModified":"2026-04-06T11:27:50+00:00","breadcrumb":{"@id":"https:\/\/letrame.com\/catalogo\/producto\/los-caminos-del-autoconocimiento\/#breadcrumb"},"inLanguage":"es","potentialAction":[{"@type":"ReadAction","target":["https:\/\/letrame.com\/catalogo\/producto\/los-caminos-del-autoconocimiento\/"]}]},{"@type":"ImageObject","inLanguage":"es","@id":"https:\/\/letrame.com\/catalogo\/producto\/los-caminos-del-autoconocimiento\/#primaryimage","url":"https:\/\/letrame.com\/catalogo\/wp-content\/uploads\/2026\/04\/loscaminosdelauto_1388mm4.jpg","contentUrl":"https:\/\/letrame.com\/catalogo\/wp-content\/uploads\/2026\/04\/loscaminosdelauto_1388mm4.jpg","width":886,"height":1299},{"@type":"BreadcrumbList","@id":"https:\/\/letrame.com\/catalogo\/producto\/los-caminos-del-autoconocimiento\/#breadcrumb","itemListElement":[{"@type":"ListItem","position":1,"name":"Portada","item":"https:\/\/letrame.com\/catalogo\/"},{"@type":"ListItem","position":2,"name":"Cat\u00e1logo","item":"https:\/\/letrame.com\/catalogo\/"},{"@type":"ListItem","position":3,"name":"Los caminos del autoconocimiento"}]},{"@type":"WebSite","@id":"https:\/\/letrame.com\/catalogo\/#website","url":"https:\/\/letrame.com\/catalogo\/","name":"Catalogo | Letrame Grupo Editorial","description":"","publisher":{"@id":"https:\/\/letrame.com\/catalogo\/#organization"},"potentialAction":[{"@type":"SearchAction","target":{"@type":"EntryPoint","urlTemplate":"https:\/\/letrame.com\/catalogo\/?s={search_term_string}"},"query-input":{"@type":"PropertyValueSpecification","valueRequired":true,"valueName":"search_term_string"}}],"inLanguage":"es"},{"@type":"Organization","@id":"https:\/\/letrame.com\/catalogo\/#organization","name":"Catalogo | Letrame Grupo Editorial","url":"https:\/\/letrame.com\/catalogo\/","logo":{"@type":"ImageObject","inLanguage":"es","@id":"https:\/\/letrame.com\/catalogo\/#\/schema\/logo\/image\/","url":"https:\/\/letrame.com\/catalogo\/wp-content\/uploads\/2024\/03\/logo2.webp","contentUrl":"https:\/\/letrame.com\/catalogo\/wp-content\/uploads\/2024\/03\/logo2.webp","width":394,"height":128,"caption":"Catalogo | Letrame Grupo Editorial"},"image":{"@id":"https:\/\/letrame.com\/catalogo\/#\/schema\/logo\/image\/"}}]}},"_links":{"self":[{"href":"https:\/\/letrame.com\/catalogo\/wp-json\/wp\/v2\/product\/111631","targetHints":{"allow":["GET"]}}],"collection":[{"href":"https:\/\/letrame.com\/catalogo\/wp-json\/wp\/v2\/product"}],"about":[{"href":"https:\/\/letrame.com\/catalogo\/wp-json\/wp\/v2\/types\/product"}],"replies":[{"embeddable":true,"href":"https:\/\/letrame.com\/catalogo\/wp-json\/wp\/v2\/comments?post=111631"}],"acf:post":[{"embeddable":true,"href":"https:\/\/letrame.com\/catalogo\/wp-json\/wp\/v2\/author_book\/111634"},{"embeddable":true,"href":"https:\/\/letrame.com\/catalogo\/wp-json\/wp\/v2\/author_book\/111632"}],"wp:featuredmedia":[{"embeddable":true,"href":"https:\/\/letrame.com\/catalogo\/wp-json\/wp\/v2\/media\/111636"}],"wp:attachment":[{"href":"https:\/\/letrame.com\/catalogo\/wp-json\/wp\/v2\/media?parent=111631"}],"wp:term":[{"taxonomy":"libro","embeddable":true,"href":"https:\/\/letrame.com\/catalogo\/wp-json\/wp\/v2\/libro?post=111631"},{"taxonomy":"product_brand","embeddable":true,"href":"https:\/\/letrame.com\/catalogo\/wp-json\/wp\/v2\/product_brand?post=111631"},{"taxonomy":"product_cat","embeddable":true,"href":"https:\/\/letrame.com\/catalogo\/wp-json\/wp\/v2\/product_cat?post=111631"},{"taxonomy":"product_tag","embeddable":true,"href":"https:\/\/letrame.com\/catalogo\/wp-json\/wp\/v2\/product_tag?post=111631"}],"curies":[{"name":"wp","href":"https:\/\/api.w.org\/{rel}","templated":true}]}}