{"id":111619,"date":"2026-04-01T10:06:12","date_gmt":"2026-04-01T08:06:12","guid":{"rendered":"https:\/\/letrame.com\/catalogo\/?post_type=product&#038;p=111619"},"modified":"2026-04-01T10:06:17","modified_gmt":"2026-04-01T08:06:17","slug":"el-juego-de-los-grandes-tomo-i","status":"publish","type":"product","link":"https:\/\/letrame.com\/catalogo\/producto\/el-juego-de-los-grandes-tomo-i\/","title":{"rendered":"El juego de los grandes. Tomo I"},"content":{"rendered":"<p><strong>ISBN: 9791370293246<\/strong><br \/>\n<strong>T\u00edtulo: El juego de los grandes. Tomo I<\/strong><br \/>\n<strong>Fecha: 2025<\/strong><br \/>\n<strong>P\u00e1ginas: 574<\/strong><\/p>\n<p><strong>SINOPSIS<\/strong><\/p>\n<p data-start=\"0\" data-end=\"399\">\u00c1frica no fue solo un destino. Fue un desaf\u00edo, un descubrimiento y una experiencia salvaje.<br data-start=\"91\" data-end=\"94\" \/>Durante veintiocho d\u00edas en la selva de Zimbabue, Ram\u00f3n Mart\u00ednez escribi\u00f3 un diario que termin\u00f3 siendo mucho m\u00e1s que la cr\u00f3nica de un viaje: es la memoria de un hombre enfrentado a lo desconocido, a la soledad, al riesgo, y tambi\u00e9n a la belleza inesperada de lo real, cambiando su forma de ver las cosas.<\/p>\n<p data-start=\"401\" data-end=\"707\">Lo que parec\u00eda una expedici\u00f3n se transform\u00f3 en una experiencia de vida. Detr\u00e1s de cada an\u00e9cdota hay una lecci\u00f3n de resistencia, de humor frente a la adversidad, de amistad y de descubrimiento personal.<br data-start=\"602\" data-end=\"605\" \/>El riesgo, la cultura y el contacto directo con lo m\u00e1s primitivo de la naturaleza marcaron cada d\u00eda.<\/p>\n<p data-start=\"709\" data-end=\"914\">El juego de los grandes es el testimonio de alguien que se atrevi\u00f3 a mirar de frente a lo salvaje y descubri\u00f3 que la vida es una aventura irrepetible en la que conviven el miedo, la pasi\u00f3n y la gratitud.<\/p>\n<p data-start=\"916\" data-end=\"994\" data-is-last-node=\"\" data-is-only-node=\"\">Historia real, con tintes motivacionales, de superaci\u00f3n y convivencia extrema.<\/p>\n","protected":false},"excerpt":{"rendered":"<p><strong>ISBN: 9791370293246<\/strong><\/p>\n<p><strong>SINOPSIS<\/strong><\/p>\n<p data-start=\"0\" data-end=\"399\">\u00c1frica no fue solo un destino. Fue un desaf\u00edo, un descubrimiento y una experiencia salvaje.<br data-start=\"91\" data-end=\"94\" \/>Durante veintiocho d\u00edas en la selva de Zimbabue, Ram\u00f3n Mart\u00ednez escribi\u00f3 un diario que termin\u00f3 siendo mucho m\u00e1s que la cr\u00f3nica de un viaje: es la memoria de un hombre enfrentado a lo desconocido, a la soledad, al riesgo, y tambi\u00e9n a la belleza inesperada de lo real, cambiando su forma de ver las cosas.<\/p>\n<p data-start=\"401\" data-end=\"707\">Lo que parec\u00eda una expedici\u00f3n se transform\u00f3 en una experiencia de vida. Detr\u00e1s de cada an\u00e9cdota hay una lecci\u00f3n de resistencia, de humor frente a la adversidad, de amistad y de descubrimiento personal.<br data-start=\"602\" data-end=\"605\" \/>El riesgo, la cultura y el contacto directo con lo m\u00e1s primitivo de la naturaleza marcaron cada d\u00eda.<\/p>\n<p data-start=\"709\" data-end=\"914\">El juego de los grandes es el testimonio de alguien que se atrevi\u00f3 a mirar de frente a lo salvaje y descubri\u00f3 que la vida es una aventura irrepetible en la que conviven el miedo, la pasi\u00f3n y la gratitud.<\/p>\n<p data-start=\"916\" data-end=\"994\" data-is-last-node=\"\" data-is-only-node=\"\">Historia real, con tintes motivacionales, de superaci\u00f3n y convivencia extrema.<\/p>\n","protected":false},"featured_media":111623,"comment_status":"open","ping_status":"closed","template":"","meta":{"_acf_changed":false},"libro":[],"product_brand":[],"product_cat":[43],"product_tag":[],"class_list":{"0":"post-111619","1":"product","2":"type-product","3":"status-publish","4":"has-post-thumbnail","6":"product_cat-aventura","8":"first","9":"instock","10":"shipping-taxable","11":"product-type-simple"},"acf":{"autor":[111620],"enlace_de_compra":"https:\/\/amzn.to\/4tl3b6u"},"yoast_head":"<!-- This site is optimized with the Yoast SEO plugin v27.4 - https:\/\/yoast.com\/product\/yoast-seo-wordpress\/ -->\n<title>El juego de los grandes. Tomo I - Catalogo | Letrame Grupo Editorial<\/title>\n<meta name=\"robots\" content=\"index, follow, max-snippet:-1, max-image-preview:large, max-video-preview:-1\" \/>\n<link rel=\"canonical\" href=\"https:\/\/letrame.com\/catalogo\/producto\/el-juego-de-los-grandes-tomo-i\/\" \/>\n<meta property=\"og:locale\" content=\"es_ES\" \/>\n<meta property=\"og:type\" content=\"article\" \/>\n<meta property=\"og:title\" content=\"El juego de los grandes. Tomo I - Catalogo | Letrame Grupo Editorial\" \/>\n<meta property=\"og:description\" content=\"ISBN: 9791370293246  SINOPSIS \u00c1frica no fue solo un destino. Fue un desaf\u00edo, un descubrimiento y una experiencia salvaje.Durante veintiocho d\u00edas en la selva de Zimbabue, Ram\u00f3n Mart\u00ednez escribi\u00f3 un diario que termin\u00f3 siendo mucho m\u00e1s que la cr\u00f3nica de un viaje: es la memoria de un hombre enfrentado a lo desconocido, a la soledad, al riesgo, y tambi\u00e9n a la belleza inesperada de lo real, cambiando su forma de ver las cosas. Lo que parec\u00eda una expedici\u00f3n se transform\u00f3 en una experiencia de vida. Detr\u00e1s de cada an\u00e9cdota hay una lecci\u00f3n de resistencia, de humor frente a la adversidad, de amistad y de descubrimiento personal.El riesgo, la cultura y el contacto directo con lo m\u00e1s primitivo de la naturaleza marcaron cada d\u00eda. El juego de los grandes es el testimonio de alguien que se atrevi\u00f3 a mirar de frente a lo salvaje y descubri\u00f3 que la vida es una aventura irrepetible en la que conviven el miedo, la pasi\u00f3n y la gratitud. Historia real, con tintes motivacionales, de superaci\u00f3n y convivencia extrema.\" \/>\n<meta property=\"og:url\" content=\"https:\/\/letrame.com\/catalogo\/producto\/el-juego-de-los-grandes-tomo-i\/\" \/>\n<meta property=\"og:site_name\" content=\"Catalogo | Letrame Grupo Editorial\" \/>\n<meta property=\"article:modified_time\" content=\"2026-04-01T08:06:17+00:00\" \/>\n<meta property=\"og:image\" content=\"https:\/\/letrame.com\/catalogo\/wp-content\/uploads\/2026\/04\/eljuegodelosgrandes1_2645mm4.jpg\" \/>\n\t<meta property=\"og:image:width\" content=\"502\" \/>\n\t<meta property=\"og:image:height\" content=\"709\" \/>\n\t<meta property=\"og:image:type\" content=\"image\/jpeg\" \/>\n<meta name=\"twitter:card\" content=\"summary_large_image\" \/>\n<meta name=\"twitter:label1\" content=\"Tiempo de lectura\" \/>\n\t<meta name=\"twitter:data1\" content=\"2 minutos\" \/>\n<script type=\"application\/ld+json\" class=\"yoast-schema-graph\">{\"@context\":\"https:\\\/\\\/schema.org\",\"@graph\":[{\"@type\":\"WebPage\",\"@id\":\"https:\\\/\\\/letrame.com\\\/catalogo\\\/producto\\\/el-juego-de-los-grandes-tomo-i\\\/\",\"url\":\"https:\\\/\\\/letrame.com\\\/catalogo\\\/producto\\\/el-juego-de-los-grandes-tomo-i\\\/\",\"name\":\"El juego de los grandes. Tomo I - Catalogo | Letrame Grupo Editorial\",\"isPartOf\":{\"@id\":\"https:\\\/\\\/letrame.com\\\/catalogo\\\/#website\"},\"primaryImageOfPage\":{\"@id\":\"https:\\\/\\\/letrame.com\\\/catalogo\\\/producto\\\/el-juego-de-los-grandes-tomo-i\\\/#primaryimage\"},\"image\":{\"@id\":\"https:\\\/\\\/letrame.com\\\/catalogo\\\/producto\\\/el-juego-de-los-grandes-tomo-i\\\/#primaryimage\"},\"thumbnailUrl\":\"https:\\\/\\\/letrame.com\\\/catalogo\\\/wp-content\\\/uploads\\\/2026\\\/04\\\/eljuegodelosgrandes1_2645mm4.jpg\",\"datePublished\":\"2026-04-01T08:06:12+00:00\",\"dateModified\":\"2026-04-01T08:06:17+00:00\",\"breadcrumb\":{\"@id\":\"https:\\\/\\\/letrame.com\\\/catalogo\\\/producto\\\/el-juego-de-los-grandes-tomo-i\\\/#breadcrumb\"},\"inLanguage\":\"es\",\"potentialAction\":[{\"@type\":\"ReadAction\",\"target\":[\"https:\\\/\\\/letrame.com\\\/catalogo\\\/producto\\\/el-juego-de-los-grandes-tomo-i\\\/\"]}]},{\"@type\":\"ImageObject\",\"inLanguage\":\"es\",\"@id\":\"https:\\\/\\\/letrame.com\\\/catalogo\\\/producto\\\/el-juego-de-los-grandes-tomo-i\\\/#primaryimage\",\"url\":\"https:\\\/\\\/letrame.com\\\/catalogo\\\/wp-content\\\/uploads\\\/2026\\\/04\\\/eljuegodelosgrandes1_2645mm4.jpg\",\"contentUrl\":\"https:\\\/\\\/letrame.com\\\/catalogo\\\/wp-content\\\/uploads\\\/2026\\\/04\\\/eljuegodelosgrandes1_2645mm4.jpg\",\"width\":502,\"height\":709},{\"@type\":\"BreadcrumbList\",\"@id\":\"https:\\\/\\\/letrame.com\\\/catalogo\\\/producto\\\/el-juego-de-los-grandes-tomo-i\\\/#breadcrumb\",\"itemListElement\":[{\"@type\":\"ListItem\",\"position\":1,\"name\":\"Portada\",\"item\":\"https:\\\/\\\/letrame.com\\\/catalogo\\\/\"},{\"@type\":\"ListItem\",\"position\":2,\"name\":\"Cat\u00e1logo\",\"item\":\"https:\\\/\\\/letrame.com\\\/catalogo\\\/\"},{\"@type\":\"ListItem\",\"position\":3,\"name\":\"El juego de los grandes. Tomo I\"}]},{\"@type\":\"WebSite\",\"@id\":\"https:\\\/\\\/letrame.com\\\/catalogo\\\/#website\",\"url\":\"https:\\\/\\\/letrame.com\\\/catalogo\\\/\",\"name\":\"Catalogo | Letrame Grupo Editorial\",\"description\":\"\",\"publisher\":{\"@id\":\"https:\\\/\\\/letrame.com\\\/catalogo\\\/#organization\"},\"potentialAction\":[{\"@type\":\"SearchAction\",\"target\":{\"@type\":\"EntryPoint\",\"urlTemplate\":\"https:\\\/\\\/letrame.com\\\/catalogo\\\/?s={search_term_string}\"},\"query-input\":{\"@type\":\"PropertyValueSpecification\",\"valueRequired\":true,\"valueName\":\"search_term_string\"}}],\"inLanguage\":\"es\"},{\"@type\":\"Organization\",\"@id\":\"https:\\\/\\\/letrame.com\\\/catalogo\\\/#organization\",\"name\":\"Catalogo | Letrame Grupo Editorial\",\"url\":\"https:\\\/\\\/letrame.com\\\/catalogo\\\/\",\"logo\":{\"@type\":\"ImageObject\",\"inLanguage\":\"es\",\"@id\":\"https:\\\/\\\/letrame.com\\\/catalogo\\\/#\\\/schema\\\/logo\\\/image\\\/\",\"url\":\"https:\\\/\\\/letrame.com\\\/catalogo\\\/wp-content\\\/uploads\\\/2024\\\/03\\\/logo2.webp\",\"contentUrl\":\"https:\\\/\\\/letrame.com\\\/catalogo\\\/wp-content\\\/uploads\\\/2024\\\/03\\\/logo2.webp\",\"width\":394,\"height\":128,\"caption\":\"Catalogo | Letrame Grupo Editorial\"},\"image\":{\"@id\":\"https:\\\/\\\/letrame.com\\\/catalogo\\\/#\\\/schema\\\/logo\\\/image\\\/\"}}]}<\/script>\n<!-- \/ Yoast SEO plugin. -->","yoast_head_json":{"title":"El juego de los grandes. Tomo I - Catalogo | Letrame Grupo Editorial","robots":{"index":"index","follow":"follow","max-snippet":"max-snippet:-1","max-image-preview":"max-image-preview:large","max-video-preview":"max-video-preview:-1"},"canonical":"https:\/\/letrame.com\/catalogo\/producto\/el-juego-de-los-grandes-tomo-i\/","og_locale":"es_ES","og_type":"article","og_title":"El juego de los grandes. Tomo I - Catalogo | Letrame Grupo Editorial","og_description":"ISBN: 9791370293246  SINOPSIS \u00c1frica no fue solo un destino. Fue un desaf\u00edo, un descubrimiento y una experiencia salvaje.Durante veintiocho d\u00edas en la selva de Zimbabue, Ram\u00f3n Mart\u00ednez escribi\u00f3 un diario que termin\u00f3 siendo mucho m\u00e1s que la cr\u00f3nica de un viaje: es la memoria de un hombre enfrentado a lo desconocido, a la soledad, al riesgo, y tambi\u00e9n a la belleza inesperada de lo real, cambiando su forma de ver las cosas. Lo que parec\u00eda una expedici\u00f3n se transform\u00f3 en una experiencia de vida. Detr\u00e1s de cada an\u00e9cdota hay una lecci\u00f3n de resistencia, de humor frente a la adversidad, de amistad y de descubrimiento personal.El riesgo, la cultura y el contacto directo con lo m\u00e1s primitivo de la naturaleza marcaron cada d\u00eda. El juego de los grandes es el testimonio de alguien que se atrevi\u00f3 a mirar de frente a lo salvaje y descubri\u00f3 que la vida es una aventura irrepetible en la que conviven el miedo, la pasi\u00f3n y la gratitud. Historia real, con tintes motivacionales, de superaci\u00f3n y convivencia extrema.","og_url":"https:\/\/letrame.com\/catalogo\/producto\/el-juego-de-los-grandes-tomo-i\/","og_site_name":"Catalogo | Letrame Grupo Editorial","article_modified_time":"2026-04-01T08:06:17+00:00","og_image":[{"width":502,"height":709,"url":"https:\/\/letrame.com\/catalogo\/wp-content\/uploads\/2026\/04\/eljuegodelosgrandes1_2645mm4.jpg","type":"image\/jpeg"}],"twitter_card":"summary_large_image","twitter_misc":{"Tiempo de lectura":"2 minutos"},"schema":{"@context":"https:\/\/schema.org","@graph":[{"@type":"WebPage","@id":"https:\/\/letrame.com\/catalogo\/producto\/el-juego-de-los-grandes-tomo-i\/","url":"https:\/\/letrame.com\/catalogo\/producto\/el-juego-de-los-grandes-tomo-i\/","name":"El juego de los grandes. Tomo I - Catalogo | Letrame Grupo Editorial","isPartOf":{"@id":"https:\/\/letrame.com\/catalogo\/#website"},"primaryImageOfPage":{"@id":"https:\/\/letrame.com\/catalogo\/producto\/el-juego-de-los-grandes-tomo-i\/#primaryimage"},"image":{"@id":"https:\/\/letrame.com\/catalogo\/producto\/el-juego-de-los-grandes-tomo-i\/#primaryimage"},"thumbnailUrl":"https:\/\/letrame.com\/catalogo\/wp-content\/uploads\/2026\/04\/eljuegodelosgrandes1_2645mm4.jpg","datePublished":"2026-04-01T08:06:12+00:00","dateModified":"2026-04-01T08:06:17+00:00","breadcrumb":{"@id":"https:\/\/letrame.com\/catalogo\/producto\/el-juego-de-los-grandes-tomo-i\/#breadcrumb"},"inLanguage":"es","potentialAction":[{"@type":"ReadAction","target":["https:\/\/letrame.com\/catalogo\/producto\/el-juego-de-los-grandes-tomo-i\/"]}]},{"@type":"ImageObject","inLanguage":"es","@id":"https:\/\/letrame.com\/catalogo\/producto\/el-juego-de-los-grandes-tomo-i\/#primaryimage","url":"https:\/\/letrame.com\/catalogo\/wp-content\/uploads\/2026\/04\/eljuegodelosgrandes1_2645mm4.jpg","contentUrl":"https:\/\/letrame.com\/catalogo\/wp-content\/uploads\/2026\/04\/eljuegodelosgrandes1_2645mm4.jpg","width":502,"height":709},{"@type":"BreadcrumbList","@id":"https:\/\/letrame.com\/catalogo\/producto\/el-juego-de-los-grandes-tomo-i\/#breadcrumb","itemListElement":[{"@type":"ListItem","position":1,"name":"Portada","item":"https:\/\/letrame.com\/catalogo\/"},{"@type":"ListItem","position":2,"name":"Cat\u00e1logo","item":"https:\/\/letrame.com\/catalogo\/"},{"@type":"ListItem","position":3,"name":"El juego de los grandes. Tomo I"}]},{"@type":"WebSite","@id":"https:\/\/letrame.com\/catalogo\/#website","url":"https:\/\/letrame.com\/catalogo\/","name":"Catalogo | Letrame Grupo Editorial","description":"","publisher":{"@id":"https:\/\/letrame.com\/catalogo\/#organization"},"potentialAction":[{"@type":"SearchAction","target":{"@type":"EntryPoint","urlTemplate":"https:\/\/letrame.com\/catalogo\/?s={search_term_string}"},"query-input":{"@type":"PropertyValueSpecification","valueRequired":true,"valueName":"search_term_string"}}],"inLanguage":"es"},{"@type":"Organization","@id":"https:\/\/letrame.com\/catalogo\/#organization","name":"Catalogo | Letrame Grupo Editorial","url":"https:\/\/letrame.com\/catalogo\/","logo":{"@type":"ImageObject","inLanguage":"es","@id":"https:\/\/letrame.com\/catalogo\/#\/schema\/logo\/image\/","url":"https:\/\/letrame.com\/catalogo\/wp-content\/uploads\/2024\/03\/logo2.webp","contentUrl":"https:\/\/letrame.com\/catalogo\/wp-content\/uploads\/2024\/03\/logo2.webp","width":394,"height":128,"caption":"Catalogo | Letrame Grupo Editorial"},"image":{"@id":"https:\/\/letrame.com\/catalogo\/#\/schema\/logo\/image\/"}}]}},"_links":{"self":[{"href":"https:\/\/letrame.com\/catalogo\/wp-json\/wp\/v2\/product\/111619","targetHints":{"allow":["GET"]}}],"collection":[{"href":"https:\/\/letrame.com\/catalogo\/wp-json\/wp\/v2\/product"}],"about":[{"href":"https:\/\/letrame.com\/catalogo\/wp-json\/wp\/v2\/types\/product"}],"replies":[{"embeddable":true,"href":"https:\/\/letrame.com\/catalogo\/wp-json\/wp\/v2\/comments?post=111619"}],"acf:post":[{"embeddable":true,"href":"https:\/\/letrame.com\/catalogo\/wp-json\/wp\/v2\/author_book\/111620"}],"wp:featuredmedia":[{"embeddable":true,"href":"https:\/\/letrame.com\/catalogo\/wp-json\/wp\/v2\/media\/111623"}],"wp:attachment":[{"href":"https:\/\/letrame.com\/catalogo\/wp-json\/wp\/v2\/media?parent=111619"}],"wp:term":[{"taxonomy":"libro","embeddable":true,"href":"https:\/\/letrame.com\/catalogo\/wp-json\/wp\/v2\/libro?post=111619"},{"taxonomy":"product_brand","embeddable":true,"href":"https:\/\/letrame.com\/catalogo\/wp-json\/wp\/v2\/product_brand?post=111619"},{"taxonomy":"product_cat","embeddable":true,"href":"https:\/\/letrame.com\/catalogo\/wp-json\/wp\/v2\/product_cat?post=111619"},{"taxonomy":"product_tag","embeddable":true,"href":"https:\/\/letrame.com\/catalogo\/wp-json\/wp\/v2\/product_tag?post=111619"}],"curies":[{"name":"wp","href":"https:\/\/api.w.org\/{rel}","templated":true}]}}