{"id":111612,"date":"2026-03-30T13:13:47","date_gmt":"2026-03-30T11:13:47","guid":{"rendered":"https:\/\/letrame.com\/catalogo\/?post_type=product&#038;p=111612"},"modified":"2026-04-01T10:35:02","modified_gmt":"2026-04-01T08:35:02","slug":"el-nino-dormido","status":"publish","type":"product","link":"https:\/\/letrame.com\/catalogo\/producto\/el-nino-dormido\/","title":{"rendered":"El ni\u00f1o dormido"},"content":{"rendered":"<p class=\"p1\"><b>ISBN: 9791370123987<\/b><b><\/b><\/p>\n<p class=\"p1\"><b>T\u00edtulo: El ni\u00f1o dormido<\/b><br \/>\n<b>Fecha: 2025<\/b><br \/>\n<b>P\u00e1ginas: 60<\/b><b><\/b><\/p>\n<p class=\"p1\"><b>SINOPSIS<\/b><b><\/b><\/p>\n<p class=\"p1\">Un ni\u00f1o despierta, pero no abre los ojos. O tal vez los tiene abiertos, pero sigue dormido. As\u00ed comienza esta f\u00e1bula luminosa y valiente, donde una gaviota \u2014men-sajera de otro tiempo, de otra conciencia\u2014 acompa\u00f1a al peque\u00f1o en un viaje interior y revelador.<\/p>\n<p class=\"p1\">El ni\u00f1o dormido es un espejo que nos enfrenta, sin violencia, a nuestras contradicciones como sociedad y como especie. Hebert Alejandro Tejera P\u00e9rez despliega una cr\u00edtica sutil pero tirme al sistema, a las estructuras impuestas, a la ambici\u00f3n desmedida, al olvido de lo esencial. Y, a la vez, se abre una puerta: la posibilidad de despertar, de amar de verdad, de recuperar la ternura como motor de vida.<\/p>\n<p class=\"p1\">Esta obra, escrita hace m\u00e1s de treinta a\u00f1os y recuperada hoy con la madurez que da el tiempo, es m\u00e1s actual que nunca. Porque en un mundo que sigue corriendo sin mirar, necesitamos detenernos a escuchar lo que a\u00fan duerme dentro de nosotros.<\/p>\n","protected":false},"excerpt":{"rendered":"<p class=\"p1\"><b>ISBN: 9791370123987<\/b><b><\/b><\/p>\n<p class=\"p1\"><b>SINOPSIS<\/b><b><\/b><\/p>\n<p class=\"p1\">Un ni\u00f1o despierta, pero no abre los ojos. O tal vez los tiene abiertos, pero sigue dormido. As\u00ed comienza esta f\u00e1bula luminosa y valiente, donde una gaviota \u2014men-sajera de otro tiempo, de otra conciencia\u2014 acompa\u00f1a al peque\u00f1o en un viaje interior y revelador.<\/p>\n<p class=\"p1\">El ni\u00f1o dormido es un espejo que nos enfrenta, sin violencia, a nuestras contradicciones como sociedad y como especie. Hebert Alejandro Tejera P\u00e9rez despliega una cr\u00edtica sutil pero tirme al sistema, a las estructuras impuestas, a la ambici\u00f3n desmedida, al olvido de lo esencial. Y, a la vez, se abre una puerta: la posibilidad de despertar, de amar de verdad, de recuperar la ternura como motor de vida.<\/p>\n<p class=\"p1\">Esta obra, escrita hace m\u00e1s de treinta a\u00f1os y recuperada hoy con la madurez que da el tiempo, es m\u00e1s actual que nunca. Porque en un mundo que sigue corriendo sin mirar, necesitamos detenernos a escuchar lo que a\u00fan duerme dentro de nosotros.<\/p>\n","protected":false},"featured_media":111615,"comment_status":"open","ping_status":"closed","template":"","meta":{"_acf_changed":false},"libro":[],"product_brand":[],"product_cat":[118],"product_tag":[],"class_list":{"0":"post-111612","1":"product","2":"type-product","3":"status-publish","4":"has-post-thumbnail","6":"product_cat-fantasia","8":"first","9":"instock","10":"shipping-taxable","11":"product-type-simple"},"acf":{"autor":[111613],"enlace_de_compra":"https:\/\/amzn.to\/47BZktr"},"yoast_head":"<!-- This site is optimized with the Yoast SEO plugin v27.4 - https:\/\/yoast.com\/product\/yoast-seo-wordpress\/ -->\n<title>El ni\u00f1o dormido - Catalogo | Letrame Grupo Editorial<\/title>\n<meta name=\"robots\" content=\"index, follow, max-snippet:-1, max-image-preview:large, max-video-preview:-1\" \/>\n<link rel=\"canonical\" href=\"https:\/\/letrame.com\/catalogo\/producto\/el-nino-dormido\/\" \/>\n<meta property=\"og:locale\" content=\"es_ES\" \/>\n<meta property=\"og:type\" content=\"article\" \/>\n<meta property=\"og:title\" content=\"El ni\u00f1o dormido - Catalogo | Letrame Grupo Editorial\" \/>\n<meta property=\"og:description\" content=\"ISBN: 9791370123987 SINOPSIS Un ni\u00f1o despierta, pero no abre los ojos. O tal vez los tiene abiertos, pero sigue dormido. As\u00ed comienza esta f\u00e1bula luminosa y valiente, donde una gaviota \u2014men-sajera de otro tiempo, de otra conciencia\u2014 acompa\u00f1a al peque\u00f1o en un viaje interior y revelador. El ni\u00f1o dormido es un espejo que nos enfrenta, sin violencia, a nuestras contradicciones como sociedad y como especie. Hebert Alejandro Tejera P\u00e9rez despliega una cr\u00edtica sutil pero tirme al sistema, a las estructuras impuestas, a la ambici\u00f3n desmedida, al olvido de lo esencial. Y, a la vez, se abre una puerta: la posibilidad de despertar, de amar de verdad, de recuperar la ternura como motor de vida. Esta obra, escrita hace m\u00e1s de treinta a\u00f1os y recuperada hoy con la madurez que da el tiempo, es m\u00e1s actual que nunca. Porque en un mundo que sigue corriendo sin mirar, necesitamos detenernos a escuchar lo que a\u00fan duerme dentro de nosotros.\" \/>\n<meta property=\"og:url\" content=\"https:\/\/letrame.com\/catalogo\/producto\/el-nino-dormido\/\" \/>\n<meta property=\"og:site_name\" content=\"Catalogo | Letrame Grupo Editorial\" \/>\n<meta property=\"article:modified_time\" content=\"2026-04-01T08:35:02+00:00\" \/>\n<meta property=\"og:image\" content=\"https:\/\/letrame.com\/catalogo\/wp-content\/uploads\/2026\/03\/elninodormido_384mm4.jpg\" \/>\n\t<meta property=\"og:image:width\" content=\"591\" \/>\n\t<meta property=\"og:image:height\" content=\"886\" \/>\n\t<meta property=\"og:image:type\" content=\"image\/jpeg\" \/>\n<meta name=\"twitter:card\" content=\"summary_large_image\" \/>\n<meta name=\"twitter:label1\" content=\"Tiempo de lectura\" \/>\n\t<meta name=\"twitter:data1\" content=\"1 minuto\" \/>\n<script type=\"application\/ld+json\" class=\"yoast-schema-graph\">{\"@context\":\"https:\\\/\\\/schema.org\",\"@graph\":[{\"@type\":\"WebPage\",\"@id\":\"https:\\\/\\\/letrame.com\\\/catalogo\\\/producto\\\/el-nino-dormido\\\/\",\"url\":\"https:\\\/\\\/letrame.com\\\/catalogo\\\/producto\\\/el-nino-dormido\\\/\",\"name\":\"El ni\u00f1o dormido - Catalogo | Letrame Grupo Editorial\",\"isPartOf\":{\"@id\":\"https:\\\/\\\/letrame.com\\\/catalogo\\\/#website\"},\"primaryImageOfPage\":{\"@id\":\"https:\\\/\\\/letrame.com\\\/catalogo\\\/producto\\\/el-nino-dormido\\\/#primaryimage\"},\"image\":{\"@id\":\"https:\\\/\\\/letrame.com\\\/catalogo\\\/producto\\\/el-nino-dormido\\\/#primaryimage\"},\"thumbnailUrl\":\"https:\\\/\\\/letrame.com\\\/catalogo\\\/wp-content\\\/uploads\\\/2026\\\/03\\\/elninodormido_384mm4.jpg\",\"datePublished\":\"2026-03-30T11:13:47+00:00\",\"dateModified\":\"2026-04-01T08:35:02+00:00\",\"breadcrumb\":{\"@id\":\"https:\\\/\\\/letrame.com\\\/catalogo\\\/producto\\\/el-nino-dormido\\\/#breadcrumb\"},\"inLanguage\":\"es\",\"potentialAction\":[{\"@type\":\"ReadAction\",\"target\":[\"https:\\\/\\\/letrame.com\\\/catalogo\\\/producto\\\/el-nino-dormido\\\/\"]}]},{\"@type\":\"ImageObject\",\"inLanguage\":\"es\",\"@id\":\"https:\\\/\\\/letrame.com\\\/catalogo\\\/producto\\\/el-nino-dormido\\\/#primaryimage\",\"url\":\"https:\\\/\\\/letrame.com\\\/catalogo\\\/wp-content\\\/uploads\\\/2026\\\/03\\\/elninodormido_384mm4.jpg\",\"contentUrl\":\"https:\\\/\\\/letrame.com\\\/catalogo\\\/wp-content\\\/uploads\\\/2026\\\/03\\\/elninodormido_384mm4.jpg\",\"width\":591,\"height\":886},{\"@type\":\"BreadcrumbList\",\"@id\":\"https:\\\/\\\/letrame.com\\\/catalogo\\\/producto\\\/el-nino-dormido\\\/#breadcrumb\",\"itemListElement\":[{\"@type\":\"ListItem\",\"position\":1,\"name\":\"Portada\",\"item\":\"https:\\\/\\\/letrame.com\\\/catalogo\\\/\"},{\"@type\":\"ListItem\",\"position\":2,\"name\":\"Cat\u00e1logo\",\"item\":\"https:\\\/\\\/letrame.com\\\/catalogo\\\/\"},{\"@type\":\"ListItem\",\"position\":3,\"name\":\"El ni\u00f1o dormido\"}]},{\"@type\":\"WebSite\",\"@id\":\"https:\\\/\\\/letrame.com\\\/catalogo\\\/#website\",\"url\":\"https:\\\/\\\/letrame.com\\\/catalogo\\\/\",\"name\":\"Catalogo | Letrame Grupo Editorial\",\"description\":\"\",\"publisher\":{\"@id\":\"https:\\\/\\\/letrame.com\\\/catalogo\\\/#organization\"},\"potentialAction\":[{\"@type\":\"SearchAction\",\"target\":{\"@type\":\"EntryPoint\",\"urlTemplate\":\"https:\\\/\\\/letrame.com\\\/catalogo\\\/?s={search_term_string}\"},\"query-input\":{\"@type\":\"PropertyValueSpecification\",\"valueRequired\":true,\"valueName\":\"search_term_string\"}}],\"inLanguage\":\"es\"},{\"@type\":\"Organization\",\"@id\":\"https:\\\/\\\/letrame.com\\\/catalogo\\\/#organization\",\"name\":\"Catalogo | Letrame Grupo Editorial\",\"url\":\"https:\\\/\\\/letrame.com\\\/catalogo\\\/\",\"logo\":{\"@type\":\"ImageObject\",\"inLanguage\":\"es\",\"@id\":\"https:\\\/\\\/letrame.com\\\/catalogo\\\/#\\\/schema\\\/logo\\\/image\\\/\",\"url\":\"https:\\\/\\\/letrame.com\\\/catalogo\\\/wp-content\\\/uploads\\\/2024\\\/03\\\/logo2.webp\",\"contentUrl\":\"https:\\\/\\\/letrame.com\\\/catalogo\\\/wp-content\\\/uploads\\\/2024\\\/03\\\/logo2.webp\",\"width\":394,\"height\":128,\"caption\":\"Catalogo | Letrame Grupo Editorial\"},\"image\":{\"@id\":\"https:\\\/\\\/letrame.com\\\/catalogo\\\/#\\\/schema\\\/logo\\\/image\\\/\"}}]}<\/script>\n<!-- \/ Yoast SEO plugin. -->","yoast_head_json":{"title":"El ni\u00f1o dormido - Catalogo | Letrame Grupo Editorial","robots":{"index":"index","follow":"follow","max-snippet":"max-snippet:-1","max-image-preview":"max-image-preview:large","max-video-preview":"max-video-preview:-1"},"canonical":"https:\/\/letrame.com\/catalogo\/producto\/el-nino-dormido\/","og_locale":"es_ES","og_type":"article","og_title":"El ni\u00f1o dormido - Catalogo | Letrame Grupo Editorial","og_description":"ISBN: 9791370123987 SINOPSIS Un ni\u00f1o despierta, pero no abre los ojos. O tal vez los tiene abiertos, pero sigue dormido. As\u00ed comienza esta f\u00e1bula luminosa y valiente, donde una gaviota \u2014men-sajera de otro tiempo, de otra conciencia\u2014 acompa\u00f1a al peque\u00f1o en un viaje interior y revelador. El ni\u00f1o dormido es un espejo que nos enfrenta, sin violencia, a nuestras contradicciones como sociedad y como especie. Hebert Alejandro Tejera P\u00e9rez despliega una cr\u00edtica sutil pero tirme al sistema, a las estructuras impuestas, a la ambici\u00f3n desmedida, al olvido de lo esencial. Y, a la vez, se abre una puerta: la posibilidad de despertar, de amar de verdad, de recuperar la ternura como motor de vida. Esta obra, escrita hace m\u00e1s de treinta a\u00f1os y recuperada hoy con la madurez que da el tiempo, es m\u00e1s actual que nunca. Porque en un mundo que sigue corriendo sin mirar, necesitamos detenernos a escuchar lo que a\u00fan duerme dentro de nosotros.","og_url":"https:\/\/letrame.com\/catalogo\/producto\/el-nino-dormido\/","og_site_name":"Catalogo | Letrame Grupo Editorial","article_modified_time":"2026-04-01T08:35:02+00:00","og_image":[{"width":591,"height":886,"url":"https:\/\/letrame.com\/catalogo\/wp-content\/uploads\/2026\/03\/elninodormido_384mm4.jpg","type":"image\/jpeg"}],"twitter_card":"summary_large_image","twitter_misc":{"Tiempo de lectura":"1 minuto"},"schema":{"@context":"https:\/\/schema.org","@graph":[{"@type":"WebPage","@id":"https:\/\/letrame.com\/catalogo\/producto\/el-nino-dormido\/","url":"https:\/\/letrame.com\/catalogo\/producto\/el-nino-dormido\/","name":"El ni\u00f1o dormido - Catalogo | Letrame Grupo Editorial","isPartOf":{"@id":"https:\/\/letrame.com\/catalogo\/#website"},"primaryImageOfPage":{"@id":"https:\/\/letrame.com\/catalogo\/producto\/el-nino-dormido\/#primaryimage"},"image":{"@id":"https:\/\/letrame.com\/catalogo\/producto\/el-nino-dormido\/#primaryimage"},"thumbnailUrl":"https:\/\/letrame.com\/catalogo\/wp-content\/uploads\/2026\/03\/elninodormido_384mm4.jpg","datePublished":"2026-03-30T11:13:47+00:00","dateModified":"2026-04-01T08:35:02+00:00","breadcrumb":{"@id":"https:\/\/letrame.com\/catalogo\/producto\/el-nino-dormido\/#breadcrumb"},"inLanguage":"es","potentialAction":[{"@type":"ReadAction","target":["https:\/\/letrame.com\/catalogo\/producto\/el-nino-dormido\/"]}]},{"@type":"ImageObject","inLanguage":"es","@id":"https:\/\/letrame.com\/catalogo\/producto\/el-nino-dormido\/#primaryimage","url":"https:\/\/letrame.com\/catalogo\/wp-content\/uploads\/2026\/03\/elninodormido_384mm4.jpg","contentUrl":"https:\/\/letrame.com\/catalogo\/wp-content\/uploads\/2026\/03\/elninodormido_384mm4.jpg","width":591,"height":886},{"@type":"BreadcrumbList","@id":"https:\/\/letrame.com\/catalogo\/producto\/el-nino-dormido\/#breadcrumb","itemListElement":[{"@type":"ListItem","position":1,"name":"Portada","item":"https:\/\/letrame.com\/catalogo\/"},{"@type":"ListItem","position":2,"name":"Cat\u00e1logo","item":"https:\/\/letrame.com\/catalogo\/"},{"@type":"ListItem","position":3,"name":"El ni\u00f1o dormido"}]},{"@type":"WebSite","@id":"https:\/\/letrame.com\/catalogo\/#website","url":"https:\/\/letrame.com\/catalogo\/","name":"Catalogo | Letrame Grupo Editorial","description":"","publisher":{"@id":"https:\/\/letrame.com\/catalogo\/#organization"},"potentialAction":[{"@type":"SearchAction","target":{"@type":"EntryPoint","urlTemplate":"https:\/\/letrame.com\/catalogo\/?s={search_term_string}"},"query-input":{"@type":"PropertyValueSpecification","valueRequired":true,"valueName":"search_term_string"}}],"inLanguage":"es"},{"@type":"Organization","@id":"https:\/\/letrame.com\/catalogo\/#organization","name":"Catalogo | Letrame Grupo Editorial","url":"https:\/\/letrame.com\/catalogo\/","logo":{"@type":"ImageObject","inLanguage":"es","@id":"https:\/\/letrame.com\/catalogo\/#\/schema\/logo\/image\/","url":"https:\/\/letrame.com\/catalogo\/wp-content\/uploads\/2024\/03\/logo2.webp","contentUrl":"https:\/\/letrame.com\/catalogo\/wp-content\/uploads\/2024\/03\/logo2.webp","width":394,"height":128,"caption":"Catalogo | Letrame Grupo Editorial"},"image":{"@id":"https:\/\/letrame.com\/catalogo\/#\/schema\/logo\/image\/"}}]}},"_links":{"self":[{"href":"https:\/\/letrame.com\/catalogo\/wp-json\/wp\/v2\/product\/111612","targetHints":{"allow":["GET"]}}],"collection":[{"href":"https:\/\/letrame.com\/catalogo\/wp-json\/wp\/v2\/product"}],"about":[{"href":"https:\/\/letrame.com\/catalogo\/wp-json\/wp\/v2\/types\/product"}],"replies":[{"embeddable":true,"href":"https:\/\/letrame.com\/catalogo\/wp-json\/wp\/v2\/comments?post=111612"}],"acf:post":[{"embeddable":true,"href":"https:\/\/letrame.com\/catalogo\/wp-json\/wp\/v2\/author_book\/111613"}],"wp:featuredmedia":[{"embeddable":true,"href":"https:\/\/letrame.com\/catalogo\/wp-json\/wp\/v2\/media\/111615"}],"wp:attachment":[{"href":"https:\/\/letrame.com\/catalogo\/wp-json\/wp\/v2\/media?parent=111612"}],"wp:term":[{"taxonomy":"libro","embeddable":true,"href":"https:\/\/letrame.com\/catalogo\/wp-json\/wp\/v2\/libro?post=111612"},{"taxonomy":"product_brand","embeddable":true,"href":"https:\/\/letrame.com\/catalogo\/wp-json\/wp\/v2\/product_brand?post=111612"},{"taxonomy":"product_cat","embeddable":true,"href":"https:\/\/letrame.com\/catalogo\/wp-json\/wp\/v2\/product_cat?post=111612"},{"taxonomy":"product_tag","embeddable":true,"href":"https:\/\/letrame.com\/catalogo\/wp-json\/wp\/v2\/product_tag?post=111612"}],"curies":[{"name":"wp","href":"https:\/\/api.w.org\/{rel}","templated":true}]}}