{"id":111596,"date":"2026-03-27T13:35:10","date_gmt":"2026-03-27T12:35:10","guid":{"rendered":"https:\/\/letrame.com\/catalogo\/?post_type=product&#038;p=111596"},"modified":"2026-03-27T13:35:11","modified_gmt":"2026-03-27T12:35:11","slug":"el-retorno-a-la-frecuencia-original","status":"publish","type":"product","link":"https:\/\/letrame.com\/catalogo\/producto\/el-retorno-a-la-frecuencia-original\/","title":{"rendered":"El retorno a la frecuencia original"},"content":{"rendered":"<p class=\"p1\"><b>ISBN: 9791370291693<\/b><b><\/b><\/p>\n<p class=\"p1\"><b>T\u00edtulo: El retorno a la frecuencia original<\/b><br \/>\n<b>Fecha: 2025<\/b><br \/>\n<b>P\u00e1ginas: 204<\/b><b><\/b><\/p>\n<p class=\"p1\"><b>SINOPSIS<\/b><\/p>\n<p class=\"p1\">\u00bfY si el mayor avance de tu vida no consistiera en descubrir algo nuevo, sino en recordar qui\u00e9n eres?<\/p>\n<p class=\"p1\">En un mundo saturado de informaci\u00f3n y desconectado de su esencia, este libro es una invitaci\u00f3n a detenerte y regresar a tu origen.<\/p>\n<p class=\"p1\">El Retorno a la Frecuencia Original une ciencia y conciencia en un enfoque claro y profundo que muestra c\u00f3mo mente, emoci\u00f3n, cuerpo y energ\u00eda forman un sistema interconecta-do. A trav\u00e9s de la neurolog\u00eda cu\u00e1ntica del ser, revela c\u00f3mo lo sutil influye en lo f\u00edsico y c\u00f3mo las emociones act\u00faan como br\u00fajula interna de coherencia y equilibrio.<\/p>\n<p class=\"p1\">Lejos de teor\u00edas abstractas, esta obra ofrece una comprensi\u00f3n pr\u00e1ctica del ser humano como entramado vibracional capaz de reconfigurar su experiencia cuando recupera su frecuencia esencial. Cada cap\u00edtulo es una llave para despertar la memoria interna y ampliar el potencial consciente.<\/p>\n<p class=\"p1\">Este no es un libro para leer y olvidar. Es una experiencia transformadora que acompa\u00f1a al lector en un proceso de re-torno, alineaci\u00f3n y presencia. Porque volver a tu frecuencia original no es una meta futura: es un recuerdo que puede activarse aqu\u00ed y ahora.<\/p>\n","protected":false},"excerpt":{"rendered":"<p class=\"p1\"><b>ISBN: 9791370291693<\/b><b><\/b><\/p>\n<p class=\"p1\"><b>SINOPSIS<\/b><\/p>\n<p class=\"p1\">\u00bfY si el mayor avance de tu vida no consistiera en descubrir algo nuevo, sino en recordar qui\u00e9n eres?<\/p>\n<p class=\"p1\">En un mundo saturado de informaci\u00f3n y desconectado de su esencia, este libro es una invitaci\u00f3n a detenerte y regresar a tu origen.<\/p>\n<p class=\"p1\">El Retorno a la Frecuencia Original une ciencia y conciencia en un enfoque claro y profundo que muestra c\u00f3mo mente, emoci\u00f3n, cuerpo y energ\u00eda forman un sistema interconecta-do. A trav\u00e9s de la neurolog\u00eda cu\u00e1ntica del ser, revela c\u00f3mo lo sutil influye en lo f\u00edsico y c\u00f3mo las emociones act\u00faan como br\u00fajula interna de coherencia y equilibrio.<\/p>\n<p class=\"p1\">Lejos de teor\u00edas abstractas, esta obra ofrece una comprensi\u00f3n pr\u00e1ctica del ser humano como entramado vibracional capaz de reconfigurar su experiencia cuando recupera su frecuencia esencial. Cada cap\u00edtulo es una llave para despertar la memoria interna y ampliar el potencial consciente.<\/p>\n<p class=\"p1\">Este no es un libro para leer y olvidar. Es una experiencia transformadora que acompa\u00f1a al lector en un proceso de re-torno, alineaci\u00f3n y presencia. Porque volver a tu frecuencia original no es una meta futura: es un recuerdo que puede activarse aqu\u00ed y ahora.<\/p>\n","protected":false},"featured_media":111599,"comment_status":"open","ping_status":"closed","template":"","meta":{"_acf_changed":false},"libro":[],"product_brand":[],"product_cat":[23],"product_tag":[],"class_list":{"0":"post-111596","1":"product","2":"type-product","3":"status-publish","4":"has-post-thumbnail","6":"product_cat-ensayos","8":"first","9":"instock","10":"shipping-taxable","11":"product-type-simple"},"acf":{"autor":[77691],"enlace_de_compra":"https:\/\/amzn.to\/3O7dEn3"},"yoast_head":"<!-- This site is optimized with the Yoast SEO plugin v26.6 - https:\/\/yoast.com\/wordpress\/plugins\/seo\/ -->\n<title>El retorno a la frecuencia original - Catalogo | Letrame Grupo Editorial<\/title>\n<meta name=\"robots\" content=\"index, follow, max-snippet:-1, max-image-preview:large, max-video-preview:-1\" \/>\n<link rel=\"canonical\" href=\"https:\/\/letrame.com\/catalogo\/producto\/el-retorno-a-la-frecuencia-original\/\" \/>\n<meta property=\"og:locale\" content=\"es_ES\" \/>\n<meta property=\"og:type\" content=\"article\" \/>\n<meta property=\"og:title\" content=\"El retorno a la frecuencia original - Catalogo | Letrame Grupo Editorial\" \/>\n<meta property=\"og:description\" content=\"ISBN: 9791370291693 SINOPSIS \u00bfY si el mayor avance de tu vida no consistiera en descubrir algo nuevo, sino en recordar qui\u00e9n eres? En un mundo saturado de informaci\u00f3n y desconectado de su esencia, este libro es una invitaci\u00f3n a detenerte y regresar a tu origen. El Retorno a la Frecuencia Original une ciencia y conciencia en un enfoque claro y profundo que muestra c\u00f3mo mente, emoci\u00f3n, cuerpo y energ\u00eda forman un sistema interconecta-do. A trav\u00e9s de la neurolog\u00eda cu\u00e1ntica del ser, revela c\u00f3mo lo sutil influye en lo f\u00edsico y c\u00f3mo las emociones act\u00faan como br\u00fajula interna de coherencia y equilibrio. Lejos de teor\u00edas abstractas, esta obra ofrece una comprensi\u00f3n pr\u00e1ctica del ser humano como entramado vibracional capaz de reconfigurar su experiencia cuando recupera su frecuencia esencial. Cada cap\u00edtulo es una llave para despertar la memoria interna y ampliar el potencial consciente. Este no es un libro para leer y olvidar. Es una experiencia transformadora que acompa\u00f1a al lector en un proceso de re-torno, alineaci\u00f3n y presencia. Porque volver a tu frecuencia original no es una meta futura: es un recuerdo que puede activarse aqu\u00ed y ahora.\" \/>\n<meta property=\"og:url\" content=\"https:\/\/letrame.com\/catalogo\/producto\/el-retorno-a-la-frecuencia-original\/\" \/>\n<meta property=\"og:site_name\" content=\"Catalogo | Letrame Grupo Editorial\" \/>\n<meta property=\"article:modified_time\" content=\"2026-03-27T12:35:11+00:00\" \/>\n<meta property=\"og:image\" content=\"https:\/\/letrame.com\/catalogo\/wp-content\/uploads\/2026\/03\/elretornodela_1039mm4.jpg\" \/>\n\t<meta property=\"og:image:width\" content=\"886\" \/>\n\t<meta property=\"og:image:height\" content=\"1299\" \/>\n\t<meta property=\"og:image:type\" content=\"image\/jpeg\" \/>\n<meta name=\"twitter:card\" content=\"summary_large_image\" \/>\n<meta name=\"twitter:label1\" content=\"Tiempo de lectura\" \/>\n\t<meta name=\"twitter:data1\" content=\"2 minutos\" \/>\n<script type=\"application\/ld+json\" class=\"yoast-schema-graph\">{\"@context\":\"https:\/\/schema.org\",\"@graph\":[{\"@type\":\"WebPage\",\"@id\":\"https:\/\/letrame.com\/catalogo\/producto\/el-retorno-a-la-frecuencia-original\/\",\"url\":\"https:\/\/letrame.com\/catalogo\/producto\/el-retorno-a-la-frecuencia-original\/\",\"name\":\"El retorno a la frecuencia original - Catalogo | Letrame Grupo Editorial\",\"isPartOf\":{\"@id\":\"https:\/\/letrame.com\/catalogo\/#website\"},\"primaryImageOfPage\":{\"@id\":\"https:\/\/letrame.com\/catalogo\/producto\/el-retorno-a-la-frecuencia-original\/#primaryimage\"},\"image\":{\"@id\":\"https:\/\/letrame.com\/catalogo\/producto\/el-retorno-a-la-frecuencia-original\/#primaryimage\"},\"thumbnailUrl\":\"https:\/\/letrame.com\/catalogo\/wp-content\/uploads\/2026\/03\/elretornodela_1039mm4.jpg\",\"datePublished\":\"2026-03-27T12:35:10+00:00\",\"dateModified\":\"2026-03-27T12:35:11+00:00\",\"breadcrumb\":{\"@id\":\"https:\/\/letrame.com\/catalogo\/producto\/el-retorno-a-la-frecuencia-original\/#breadcrumb\"},\"inLanguage\":\"es\",\"potentialAction\":[{\"@type\":\"ReadAction\",\"target\":[\"https:\/\/letrame.com\/catalogo\/producto\/el-retorno-a-la-frecuencia-original\/\"]}]},{\"@type\":\"ImageObject\",\"inLanguage\":\"es\",\"@id\":\"https:\/\/letrame.com\/catalogo\/producto\/el-retorno-a-la-frecuencia-original\/#primaryimage\",\"url\":\"https:\/\/letrame.com\/catalogo\/wp-content\/uploads\/2026\/03\/elretornodela_1039mm4.jpg\",\"contentUrl\":\"https:\/\/letrame.com\/catalogo\/wp-content\/uploads\/2026\/03\/elretornodela_1039mm4.jpg\",\"width\":886,\"height\":1299},{\"@type\":\"BreadcrumbList\",\"@id\":\"https:\/\/letrame.com\/catalogo\/producto\/el-retorno-a-la-frecuencia-original\/#breadcrumb\",\"itemListElement\":[{\"@type\":\"ListItem\",\"position\":1,\"name\":\"Portada\",\"item\":\"https:\/\/letrame.com\/catalogo\/\"},{\"@type\":\"ListItem\",\"position\":2,\"name\":\"Cat\u00e1logo\",\"item\":\"https:\/\/letrame.com\/catalogo\/\"},{\"@type\":\"ListItem\",\"position\":3,\"name\":\"El retorno a la frecuencia original\"}]},{\"@type\":\"WebSite\",\"@id\":\"https:\/\/letrame.com\/catalogo\/#website\",\"url\":\"https:\/\/letrame.com\/catalogo\/\",\"name\":\"Catalogo | Letrame Grupo Editorial\",\"description\":\"\",\"publisher\":{\"@id\":\"https:\/\/letrame.com\/catalogo\/#organization\"},\"potentialAction\":[{\"@type\":\"SearchAction\",\"target\":{\"@type\":\"EntryPoint\",\"urlTemplate\":\"https:\/\/letrame.com\/catalogo\/?s={search_term_string}\"},\"query-input\":{\"@type\":\"PropertyValueSpecification\",\"valueRequired\":true,\"valueName\":\"search_term_string\"}}],\"inLanguage\":\"es\"},{\"@type\":\"Organization\",\"@id\":\"https:\/\/letrame.com\/catalogo\/#organization\",\"name\":\"Catalogo | Letrame Grupo Editorial\",\"url\":\"https:\/\/letrame.com\/catalogo\/\",\"logo\":{\"@type\":\"ImageObject\",\"inLanguage\":\"es\",\"@id\":\"https:\/\/letrame.com\/catalogo\/#\/schema\/logo\/image\/\",\"url\":\"https:\/\/letrame.com\/catalogo\/wp-content\/uploads\/2024\/03\/logo2.webp\",\"contentUrl\":\"https:\/\/letrame.com\/catalogo\/wp-content\/uploads\/2024\/03\/logo2.webp\",\"width\":394,\"height\":128,\"caption\":\"Catalogo | Letrame Grupo Editorial\"},\"image\":{\"@id\":\"https:\/\/letrame.com\/catalogo\/#\/schema\/logo\/image\/\"}}]}<\/script>\n<!-- \/ Yoast SEO plugin. -->","yoast_head_json":{"title":"El retorno a la frecuencia original - Catalogo | Letrame Grupo Editorial","robots":{"index":"index","follow":"follow","max-snippet":"max-snippet:-1","max-image-preview":"max-image-preview:large","max-video-preview":"max-video-preview:-1"},"canonical":"https:\/\/letrame.com\/catalogo\/producto\/el-retorno-a-la-frecuencia-original\/","og_locale":"es_ES","og_type":"article","og_title":"El retorno a la frecuencia original - Catalogo | Letrame Grupo Editorial","og_description":"ISBN: 9791370291693 SINOPSIS \u00bfY si el mayor avance de tu vida no consistiera en descubrir algo nuevo, sino en recordar qui\u00e9n eres? En un mundo saturado de informaci\u00f3n y desconectado de su esencia, este libro es una invitaci\u00f3n a detenerte y regresar a tu origen. El Retorno a la Frecuencia Original une ciencia y conciencia en un enfoque claro y profundo que muestra c\u00f3mo mente, emoci\u00f3n, cuerpo y energ\u00eda forman un sistema interconecta-do. A trav\u00e9s de la neurolog\u00eda cu\u00e1ntica del ser, revela c\u00f3mo lo sutil influye en lo f\u00edsico y c\u00f3mo las emociones act\u00faan como br\u00fajula interna de coherencia y equilibrio. Lejos de teor\u00edas abstractas, esta obra ofrece una comprensi\u00f3n pr\u00e1ctica del ser humano como entramado vibracional capaz de reconfigurar su experiencia cuando recupera su frecuencia esencial. Cada cap\u00edtulo es una llave para despertar la memoria interna y ampliar el potencial consciente. Este no es un libro para leer y olvidar. Es una experiencia transformadora que acompa\u00f1a al lector en un proceso de re-torno, alineaci\u00f3n y presencia. Porque volver a tu frecuencia original no es una meta futura: es un recuerdo que puede activarse aqu\u00ed y ahora.","og_url":"https:\/\/letrame.com\/catalogo\/producto\/el-retorno-a-la-frecuencia-original\/","og_site_name":"Catalogo | Letrame Grupo Editorial","article_modified_time":"2026-03-27T12:35:11+00:00","og_image":[{"width":886,"height":1299,"url":"https:\/\/letrame.com\/catalogo\/wp-content\/uploads\/2026\/03\/elretornodela_1039mm4.jpg","type":"image\/jpeg"}],"twitter_card":"summary_large_image","twitter_misc":{"Tiempo de lectura":"2 minutos"},"schema":{"@context":"https:\/\/schema.org","@graph":[{"@type":"WebPage","@id":"https:\/\/letrame.com\/catalogo\/producto\/el-retorno-a-la-frecuencia-original\/","url":"https:\/\/letrame.com\/catalogo\/producto\/el-retorno-a-la-frecuencia-original\/","name":"El retorno a la frecuencia original - Catalogo | Letrame Grupo Editorial","isPartOf":{"@id":"https:\/\/letrame.com\/catalogo\/#website"},"primaryImageOfPage":{"@id":"https:\/\/letrame.com\/catalogo\/producto\/el-retorno-a-la-frecuencia-original\/#primaryimage"},"image":{"@id":"https:\/\/letrame.com\/catalogo\/producto\/el-retorno-a-la-frecuencia-original\/#primaryimage"},"thumbnailUrl":"https:\/\/letrame.com\/catalogo\/wp-content\/uploads\/2026\/03\/elretornodela_1039mm4.jpg","datePublished":"2026-03-27T12:35:10+00:00","dateModified":"2026-03-27T12:35:11+00:00","breadcrumb":{"@id":"https:\/\/letrame.com\/catalogo\/producto\/el-retorno-a-la-frecuencia-original\/#breadcrumb"},"inLanguage":"es","potentialAction":[{"@type":"ReadAction","target":["https:\/\/letrame.com\/catalogo\/producto\/el-retorno-a-la-frecuencia-original\/"]}]},{"@type":"ImageObject","inLanguage":"es","@id":"https:\/\/letrame.com\/catalogo\/producto\/el-retorno-a-la-frecuencia-original\/#primaryimage","url":"https:\/\/letrame.com\/catalogo\/wp-content\/uploads\/2026\/03\/elretornodela_1039mm4.jpg","contentUrl":"https:\/\/letrame.com\/catalogo\/wp-content\/uploads\/2026\/03\/elretornodela_1039mm4.jpg","width":886,"height":1299},{"@type":"BreadcrumbList","@id":"https:\/\/letrame.com\/catalogo\/producto\/el-retorno-a-la-frecuencia-original\/#breadcrumb","itemListElement":[{"@type":"ListItem","position":1,"name":"Portada","item":"https:\/\/letrame.com\/catalogo\/"},{"@type":"ListItem","position":2,"name":"Cat\u00e1logo","item":"https:\/\/letrame.com\/catalogo\/"},{"@type":"ListItem","position":3,"name":"El retorno a la frecuencia original"}]},{"@type":"WebSite","@id":"https:\/\/letrame.com\/catalogo\/#website","url":"https:\/\/letrame.com\/catalogo\/","name":"Catalogo | Letrame Grupo Editorial","description":"","publisher":{"@id":"https:\/\/letrame.com\/catalogo\/#organization"},"potentialAction":[{"@type":"SearchAction","target":{"@type":"EntryPoint","urlTemplate":"https:\/\/letrame.com\/catalogo\/?s={search_term_string}"},"query-input":{"@type":"PropertyValueSpecification","valueRequired":true,"valueName":"search_term_string"}}],"inLanguage":"es"},{"@type":"Organization","@id":"https:\/\/letrame.com\/catalogo\/#organization","name":"Catalogo | Letrame Grupo Editorial","url":"https:\/\/letrame.com\/catalogo\/","logo":{"@type":"ImageObject","inLanguage":"es","@id":"https:\/\/letrame.com\/catalogo\/#\/schema\/logo\/image\/","url":"https:\/\/letrame.com\/catalogo\/wp-content\/uploads\/2024\/03\/logo2.webp","contentUrl":"https:\/\/letrame.com\/catalogo\/wp-content\/uploads\/2024\/03\/logo2.webp","width":394,"height":128,"caption":"Catalogo | Letrame Grupo Editorial"},"image":{"@id":"https:\/\/letrame.com\/catalogo\/#\/schema\/logo\/image\/"}}]}},"_links":{"self":[{"href":"https:\/\/letrame.com\/catalogo\/wp-json\/wp\/v2\/product\/111596","targetHints":{"allow":["GET"]}}],"collection":[{"href":"https:\/\/letrame.com\/catalogo\/wp-json\/wp\/v2\/product"}],"about":[{"href":"https:\/\/letrame.com\/catalogo\/wp-json\/wp\/v2\/types\/product"}],"replies":[{"embeddable":true,"href":"https:\/\/letrame.com\/catalogo\/wp-json\/wp\/v2\/comments?post=111596"}],"acf:post":[{"embeddable":true,"href":"https:\/\/letrame.com\/catalogo\/wp-json\/wp\/v2\/author_book\/77691"}],"wp:featuredmedia":[{"embeddable":true,"href":"https:\/\/letrame.com\/catalogo\/wp-json\/wp\/v2\/media\/111599"}],"wp:attachment":[{"href":"https:\/\/letrame.com\/catalogo\/wp-json\/wp\/v2\/media?parent=111596"}],"wp:term":[{"taxonomy":"libro","embeddable":true,"href":"https:\/\/letrame.com\/catalogo\/wp-json\/wp\/v2\/libro?post=111596"},{"taxonomy":"product_brand","embeddable":true,"href":"https:\/\/letrame.com\/catalogo\/wp-json\/wp\/v2\/product_brand?post=111596"},{"taxonomy":"product_cat","embeddable":true,"href":"https:\/\/letrame.com\/catalogo\/wp-json\/wp\/v2\/product_cat?post=111596"},{"taxonomy":"product_tag","embeddable":true,"href":"https:\/\/letrame.com\/catalogo\/wp-json\/wp\/v2\/product_tag?post=111596"}],"curies":[{"name":"wp","href":"https:\/\/api.w.org\/{rel}","templated":true}]}}