{"id":111593,"date":"2026-03-27T13:16:55","date_gmt":"2026-03-27T12:16:55","guid":{"rendered":"https:\/\/letrame.com\/catalogo\/?post_type=product&#038;p=111593"},"modified":"2026-03-27T13:16:55","modified_gmt":"2026-03-27T12:16:55","slug":"bios-zoe","status":"publish","type":"product","link":"https:\/\/letrame.com\/catalogo\/producto\/bios-zoe\/","title":{"rendered":"Bios Zo\u00e9"},"content":{"rendered":"<p class=\"p1\"><b>ISBN: 9791370293710<\/b><b><\/b><\/p>\n<p class=\"p1\"><b>T\u00edtulo: Bios Zo\u00e9<\/b><br \/>\n<b>Fecha: 2025<\/b><br \/>\n<b>P\u00e1ginas: 156<\/b><b><\/b><\/p>\n<p class=\"p1\"><b>SINOPSIS<\/b><\/p>\n<p class=\"p1\">En distintos rincones aislados des Mundo, una ni\u00f1a llamada Daniela descubre que la realidad no es m\u00e1s que una ecuaci\u00f3n esperando ser resuelta. Desde su ni\u00f1ez, guiada por su padre un visionario al borde de la locura\u2014, explora los l\u00edmites del conocimiento humano: la conciencia, el tiempo, la muerte y las dimensiones ocultas del universo.<\/p>\n<p class=\"p1\">A medida que crece, su curiosidad se convierte en una fuerza c\u00f3smica. Daniela no solo observa las leyes del universo, sino que las modifica, abriendo portales, descifrando la materia y demostrando que el pensamiento humano puede reescribir la existencia.<\/p>\n<p class=\"p1\">Pero todo descubrimiento tiene un precio. Mientras la humanidad se desmorona entre su arrogancia y su miedo, Daniela debe decidir entre trascender hacia el infinito o permanecer para guiar a los que a\u00fan no han despertado.<\/p>\n<p class=\"p1\">Bios Zoe: El Dominio de las Dimensiones es una obra donde la ciencia y la espiritualidad se entrelazan en un relato que desaf\u00eda los l\u00edmites de la ficci\u00f3n y la fe.<\/p>\n<p class=\"p1\">Es la historia de una mente que intenta comprender lo divino con la l\u00f3gica del universo, y de un alma que descubre que el verdadero poder no es saberlo todo, sino sentirlo todo.<\/p>\n","protected":false},"excerpt":{"rendered":"<p class=\"p1\"><b>ISBN: 9791370293710<\/b><b><\/b><\/p>\n<p class=\"p1\"><b>SINOPSIS<\/b><\/p>\n<p class=\"p1\">En distintos rincones aislados des Mundo, una ni\u00f1a llamada Daniela descubre que la realidad no es m\u00e1s que una ecuaci\u00f3n esperando ser resuelta. Desde su ni\u00f1ez, guiada por su padre un visionario al borde de la locura\u2014, explora los l\u00edmites del conocimiento humano: la conciencia, el tiempo, la muerte y las dimensiones ocultas del universo.<\/p>\n<p class=\"p1\">A medida que crece, su curiosidad se convierte en una fuerza c\u00f3smica. Daniela no solo observa las leyes del universo, sino que las modifica, abriendo portales, descifrando la materia y demostrando que el pensamiento humano puede reescribir la existencia.<\/p>\n<p class=\"p1\">Pero todo descubrimiento tiene un precio. Mientras la humanidad se desmorona entre su arrogancia y su miedo, Daniela debe decidir entre trascender hacia el infinito o permanecer para guiar a los que a\u00fan no han despertado.<\/p>\n<p class=\"p1\">Bios Zoe: El Dominio de las Dimensiones es una obra donde la ciencia y la espiritualidad se entrelazan en un relato que desaf\u00eda los l\u00edmites de la ficci\u00f3n y la fe.<\/p>\n<p class=\"p1\">Es la historia de una mente que intenta comprender lo divino con la l\u00f3gica del universo, y de un alma que descubre que el verdadero poder no es saberlo todo, sino sentirlo todo.<\/p>\n","protected":false},"featured_media":111594,"comment_status":"open","ping_status":"closed","template":"","meta":{"_acf_changed":false},"libro":[],"product_brand":[],"product_cat":[47],"product_tag":[],"class_list":{"0":"post-111593","1":"product","2":"type-product","3":"status-publish","4":"has-post-thumbnail","6":"product_cat-ciencia-ficcion-misterio","8":"first","9":"instock","10":"shipping-taxable","11":"product-type-simple"},"acf":{"autor":[111589],"enlace_de_compra":"https:\/\/amzn.to\/3PMkHC2"},"yoast_head":"<!-- This site is optimized with the Yoast SEO plugin v26.6 - https:\/\/yoast.com\/wordpress\/plugins\/seo\/ -->\n<title>Bios Zo\u00e9 - Catalogo | Letrame Grupo Editorial<\/title>\n<meta name=\"robots\" content=\"index, follow, max-snippet:-1, max-image-preview:large, max-video-preview:-1\" \/>\n<link rel=\"canonical\" href=\"https:\/\/letrame.com\/catalogo\/producto\/bios-zoe\/\" \/>\n<meta property=\"og:locale\" content=\"es_ES\" \/>\n<meta property=\"og:type\" content=\"article\" \/>\n<meta property=\"og:title\" content=\"Bios Zo\u00e9 - Catalogo | Letrame Grupo Editorial\" \/>\n<meta property=\"og:description\" content=\"ISBN: 9791370293710 SINOPSIS En distintos rincones aislados des Mundo, una ni\u00f1a llamada Daniela descubre que la realidad no es m\u00e1s que una ecuaci\u00f3n esperando ser resuelta. Desde su ni\u00f1ez, guiada por su padre un visionario al borde de la locura\u2014, explora los l\u00edmites del conocimiento humano: la conciencia, el tiempo, la muerte y las dimensiones ocultas del universo. A medida que crece, su curiosidad se convierte en una fuerza c\u00f3smica. Daniela no solo observa las leyes del universo, sino que las modifica, abriendo portales, descifrando la materia y demostrando que el pensamiento humano puede reescribir la existencia. Pero todo descubrimiento tiene un precio. Mientras la humanidad se desmorona entre su arrogancia y su miedo, Daniela debe decidir entre trascender hacia el infinito o permanecer para guiar a los que a\u00fan no han despertado. Bios Zoe: El Dominio de las Dimensiones es una obra donde la ciencia y la espiritualidad se entrelazan en un relato que desaf\u00eda los l\u00edmites de la ficci\u00f3n y la fe. Es la historia de una mente que intenta comprender lo divino con la l\u00f3gica del universo, y de un alma que descubre que el verdadero poder no es saberlo todo, sino sentirlo todo.\" \/>\n<meta property=\"og:url\" content=\"https:\/\/letrame.com\/catalogo\/producto\/bios-zoe\/\" \/>\n<meta property=\"og:site_name\" content=\"Catalogo | Letrame Grupo Editorial\" \/>\n<meta property=\"og:image\" content=\"https:\/\/letrame.com\/catalogo\/wp-content\/uploads\/2026\/03\/Bioszoe_786mm4.jpg\" \/>\n\t<meta property=\"og:image:width\" content=\"886\" \/>\n\t<meta property=\"og:image:height\" content=\"1299\" \/>\n\t<meta property=\"og:image:type\" content=\"image\/jpeg\" \/>\n<meta name=\"twitter:card\" content=\"summary_large_image\" \/>\n<meta name=\"twitter:label1\" content=\"Tiempo de lectura\" \/>\n\t<meta name=\"twitter:data1\" content=\"2 minutos\" \/>\n<script type=\"application\/ld+json\" class=\"yoast-schema-graph\">{\"@context\":\"https:\/\/schema.org\",\"@graph\":[{\"@type\":\"WebPage\",\"@id\":\"https:\/\/letrame.com\/catalogo\/producto\/bios-zoe\/\",\"url\":\"https:\/\/letrame.com\/catalogo\/producto\/bios-zoe\/\",\"name\":\"Bios Zo\u00e9 - Catalogo | Letrame Grupo Editorial\",\"isPartOf\":{\"@id\":\"https:\/\/letrame.com\/catalogo\/#website\"},\"primaryImageOfPage\":{\"@id\":\"https:\/\/letrame.com\/catalogo\/producto\/bios-zoe\/#primaryimage\"},\"image\":{\"@id\":\"https:\/\/letrame.com\/catalogo\/producto\/bios-zoe\/#primaryimage\"},\"thumbnailUrl\":\"https:\/\/letrame.com\/catalogo\/wp-content\/uploads\/2026\/03\/Bioszoe_786mm4.jpg\",\"datePublished\":\"2026-03-27T12:16:55+00:00\",\"breadcrumb\":{\"@id\":\"https:\/\/letrame.com\/catalogo\/producto\/bios-zoe\/#breadcrumb\"},\"inLanguage\":\"es\",\"potentialAction\":[{\"@type\":\"ReadAction\",\"target\":[\"https:\/\/letrame.com\/catalogo\/producto\/bios-zoe\/\"]}]},{\"@type\":\"ImageObject\",\"inLanguage\":\"es\",\"@id\":\"https:\/\/letrame.com\/catalogo\/producto\/bios-zoe\/#primaryimage\",\"url\":\"https:\/\/letrame.com\/catalogo\/wp-content\/uploads\/2026\/03\/Bioszoe_786mm4.jpg\",\"contentUrl\":\"https:\/\/letrame.com\/catalogo\/wp-content\/uploads\/2026\/03\/Bioszoe_786mm4.jpg\",\"width\":886,\"height\":1299},{\"@type\":\"BreadcrumbList\",\"@id\":\"https:\/\/letrame.com\/catalogo\/producto\/bios-zoe\/#breadcrumb\",\"itemListElement\":[{\"@type\":\"ListItem\",\"position\":1,\"name\":\"Portada\",\"item\":\"https:\/\/letrame.com\/catalogo\/\"},{\"@type\":\"ListItem\",\"position\":2,\"name\":\"Cat\u00e1logo\",\"item\":\"https:\/\/letrame.com\/catalogo\/\"},{\"@type\":\"ListItem\",\"position\":3,\"name\":\"Bios Zo\u00e9\"}]},{\"@type\":\"WebSite\",\"@id\":\"https:\/\/letrame.com\/catalogo\/#website\",\"url\":\"https:\/\/letrame.com\/catalogo\/\",\"name\":\"Catalogo | Letrame Grupo Editorial\",\"description\":\"\",\"publisher\":{\"@id\":\"https:\/\/letrame.com\/catalogo\/#organization\"},\"potentialAction\":[{\"@type\":\"SearchAction\",\"target\":{\"@type\":\"EntryPoint\",\"urlTemplate\":\"https:\/\/letrame.com\/catalogo\/?s={search_term_string}\"},\"query-input\":{\"@type\":\"PropertyValueSpecification\",\"valueRequired\":true,\"valueName\":\"search_term_string\"}}],\"inLanguage\":\"es\"},{\"@type\":\"Organization\",\"@id\":\"https:\/\/letrame.com\/catalogo\/#organization\",\"name\":\"Catalogo | Letrame Grupo Editorial\",\"url\":\"https:\/\/letrame.com\/catalogo\/\",\"logo\":{\"@type\":\"ImageObject\",\"inLanguage\":\"es\",\"@id\":\"https:\/\/letrame.com\/catalogo\/#\/schema\/logo\/image\/\",\"url\":\"https:\/\/letrame.com\/catalogo\/wp-content\/uploads\/2024\/03\/logo2.webp\",\"contentUrl\":\"https:\/\/letrame.com\/catalogo\/wp-content\/uploads\/2024\/03\/logo2.webp\",\"width\":394,\"height\":128,\"caption\":\"Catalogo | Letrame Grupo Editorial\"},\"image\":{\"@id\":\"https:\/\/letrame.com\/catalogo\/#\/schema\/logo\/image\/\"}}]}<\/script>\n<!-- \/ Yoast SEO plugin. -->","yoast_head_json":{"title":"Bios Zo\u00e9 - Catalogo | Letrame Grupo Editorial","robots":{"index":"index","follow":"follow","max-snippet":"max-snippet:-1","max-image-preview":"max-image-preview:large","max-video-preview":"max-video-preview:-1"},"canonical":"https:\/\/letrame.com\/catalogo\/producto\/bios-zoe\/","og_locale":"es_ES","og_type":"article","og_title":"Bios Zo\u00e9 - Catalogo | Letrame Grupo Editorial","og_description":"ISBN: 9791370293710 SINOPSIS En distintos rincones aislados des Mundo, una ni\u00f1a llamada Daniela descubre que la realidad no es m\u00e1s que una ecuaci\u00f3n esperando ser resuelta. Desde su ni\u00f1ez, guiada por su padre un visionario al borde de la locura\u2014, explora los l\u00edmites del conocimiento humano: la conciencia, el tiempo, la muerte y las dimensiones ocultas del universo. A medida que crece, su curiosidad se convierte en una fuerza c\u00f3smica. Daniela no solo observa las leyes del universo, sino que las modifica, abriendo portales, descifrando la materia y demostrando que el pensamiento humano puede reescribir la existencia. Pero todo descubrimiento tiene un precio. Mientras la humanidad se desmorona entre su arrogancia y su miedo, Daniela debe decidir entre trascender hacia el infinito o permanecer para guiar a los que a\u00fan no han despertado. Bios Zoe: El Dominio de las Dimensiones es una obra donde la ciencia y la espiritualidad se entrelazan en un relato que desaf\u00eda los l\u00edmites de la ficci\u00f3n y la fe. Es la historia de una mente que intenta comprender lo divino con la l\u00f3gica del universo, y de un alma que descubre que el verdadero poder no es saberlo todo, sino sentirlo todo.","og_url":"https:\/\/letrame.com\/catalogo\/producto\/bios-zoe\/","og_site_name":"Catalogo | Letrame Grupo Editorial","og_image":[{"width":886,"height":1299,"url":"https:\/\/letrame.com\/catalogo\/wp-content\/uploads\/2026\/03\/Bioszoe_786mm4.jpg","type":"image\/jpeg"}],"twitter_card":"summary_large_image","twitter_misc":{"Tiempo de lectura":"2 minutos"},"schema":{"@context":"https:\/\/schema.org","@graph":[{"@type":"WebPage","@id":"https:\/\/letrame.com\/catalogo\/producto\/bios-zoe\/","url":"https:\/\/letrame.com\/catalogo\/producto\/bios-zoe\/","name":"Bios Zo\u00e9 - Catalogo | Letrame Grupo Editorial","isPartOf":{"@id":"https:\/\/letrame.com\/catalogo\/#website"},"primaryImageOfPage":{"@id":"https:\/\/letrame.com\/catalogo\/producto\/bios-zoe\/#primaryimage"},"image":{"@id":"https:\/\/letrame.com\/catalogo\/producto\/bios-zoe\/#primaryimage"},"thumbnailUrl":"https:\/\/letrame.com\/catalogo\/wp-content\/uploads\/2026\/03\/Bioszoe_786mm4.jpg","datePublished":"2026-03-27T12:16:55+00:00","breadcrumb":{"@id":"https:\/\/letrame.com\/catalogo\/producto\/bios-zoe\/#breadcrumb"},"inLanguage":"es","potentialAction":[{"@type":"ReadAction","target":["https:\/\/letrame.com\/catalogo\/producto\/bios-zoe\/"]}]},{"@type":"ImageObject","inLanguage":"es","@id":"https:\/\/letrame.com\/catalogo\/producto\/bios-zoe\/#primaryimage","url":"https:\/\/letrame.com\/catalogo\/wp-content\/uploads\/2026\/03\/Bioszoe_786mm4.jpg","contentUrl":"https:\/\/letrame.com\/catalogo\/wp-content\/uploads\/2026\/03\/Bioszoe_786mm4.jpg","width":886,"height":1299},{"@type":"BreadcrumbList","@id":"https:\/\/letrame.com\/catalogo\/producto\/bios-zoe\/#breadcrumb","itemListElement":[{"@type":"ListItem","position":1,"name":"Portada","item":"https:\/\/letrame.com\/catalogo\/"},{"@type":"ListItem","position":2,"name":"Cat\u00e1logo","item":"https:\/\/letrame.com\/catalogo\/"},{"@type":"ListItem","position":3,"name":"Bios Zo\u00e9"}]},{"@type":"WebSite","@id":"https:\/\/letrame.com\/catalogo\/#website","url":"https:\/\/letrame.com\/catalogo\/","name":"Catalogo | Letrame Grupo Editorial","description":"","publisher":{"@id":"https:\/\/letrame.com\/catalogo\/#organization"},"potentialAction":[{"@type":"SearchAction","target":{"@type":"EntryPoint","urlTemplate":"https:\/\/letrame.com\/catalogo\/?s={search_term_string}"},"query-input":{"@type":"PropertyValueSpecification","valueRequired":true,"valueName":"search_term_string"}}],"inLanguage":"es"},{"@type":"Organization","@id":"https:\/\/letrame.com\/catalogo\/#organization","name":"Catalogo | Letrame Grupo Editorial","url":"https:\/\/letrame.com\/catalogo\/","logo":{"@type":"ImageObject","inLanguage":"es","@id":"https:\/\/letrame.com\/catalogo\/#\/schema\/logo\/image\/","url":"https:\/\/letrame.com\/catalogo\/wp-content\/uploads\/2024\/03\/logo2.webp","contentUrl":"https:\/\/letrame.com\/catalogo\/wp-content\/uploads\/2024\/03\/logo2.webp","width":394,"height":128,"caption":"Catalogo | Letrame Grupo Editorial"},"image":{"@id":"https:\/\/letrame.com\/catalogo\/#\/schema\/logo\/image\/"}}]}},"_links":{"self":[{"href":"https:\/\/letrame.com\/catalogo\/wp-json\/wp\/v2\/product\/111593","targetHints":{"allow":["GET"]}}],"collection":[{"href":"https:\/\/letrame.com\/catalogo\/wp-json\/wp\/v2\/product"}],"about":[{"href":"https:\/\/letrame.com\/catalogo\/wp-json\/wp\/v2\/types\/product"}],"replies":[{"embeddable":true,"href":"https:\/\/letrame.com\/catalogo\/wp-json\/wp\/v2\/comments?post=111593"}],"acf:post":[{"embeddable":true,"href":"https:\/\/letrame.com\/catalogo\/wp-json\/wp\/v2\/author_book\/111589"}],"wp:featuredmedia":[{"embeddable":true,"href":"https:\/\/letrame.com\/catalogo\/wp-json\/wp\/v2\/media\/111594"}],"wp:attachment":[{"href":"https:\/\/letrame.com\/catalogo\/wp-json\/wp\/v2\/media?parent=111593"}],"wp:term":[{"taxonomy":"libro","embeddable":true,"href":"https:\/\/letrame.com\/catalogo\/wp-json\/wp\/v2\/libro?post=111593"},{"taxonomy":"product_brand","embeddable":true,"href":"https:\/\/letrame.com\/catalogo\/wp-json\/wp\/v2\/product_brand?post=111593"},{"taxonomy":"product_cat","embeddable":true,"href":"https:\/\/letrame.com\/catalogo\/wp-json\/wp\/v2\/product_cat?post=111593"},{"taxonomy":"product_tag","embeddable":true,"href":"https:\/\/letrame.com\/catalogo\/wp-json\/wp\/v2\/product_tag?post=111593"}],"curies":[{"name":"wp","href":"https:\/\/api.w.org\/{rel}","templated":true}]}}