{"id":111577,"date":"2026-03-27T12:52:37","date_gmt":"2026-03-27T11:52:37","guid":{"rendered":"https:\/\/letrame.com\/catalogo\/?post_type=product&#038;p=111577"},"modified":"2026-03-27T12:52:38","modified_gmt":"2026-03-27T11:52:38","slug":"umbral","status":"publish","type":"product","link":"https:\/\/letrame.com\/catalogo\/producto\/umbral\/","title":{"rendered":"Umbral"},"content":{"rendered":"<p class=\"p1\"><b>ISBN: 9791370127084<\/b><b><\/b><\/p>\n<p class=\"p1\"><b>T\u00edtulo: Umbral<\/b><br \/>\n<b>Fecha: 2025<\/b><br \/>\n<b>P\u00e1ginas: 182<\/b><b><\/b><\/p>\n<p class=\"p1\"><b>SINOPSIS<\/b><\/p>\n<p class=\"p1\">Umbral es una novela de ciencia ficci\u00f3n que combina la exploraci\u00f3n espacial cl\u00e1sica con drama humano, intriga poli-tica y una amenaza de escala supraplanetaria. Se inscribe en el g\u00e9nero de la \u00f3pera espacial, aunque enfocada en una escala m\u00e1s \u00edntima y emocional.<\/p>\n<p class=\"p1\">En un futuro donde las alianzas interplanetarias se tambalean bajo el peso de sus propios secretos, un antiguo artefacto -el Aparato- comienza a despertar. Su origen desaf\u00eda la historia conocida, y su poder, imposible de controlar, pone en jaque a los poderes establecidos.<\/p>\n<p class=\"p1\">Gregor Roth, un capit\u00e1n marcado por la p\u00e9rdida, debe reconstruir su tripulaci\u00f3n y enfrentar retos imposibles para evitar que la codicia por el Aparato destruya el fr\u00e1gil equilibrio entre facciones. Mientras la Federaci\u00f3n se prepara para intervenir con fuerza, una red de lealtades rotas y secretos enterrados amenaza con desatar una guerra silenciosa.<\/p>\n<p class=\"p1\">Entre lanzaderas furtivas, estaciones ocultas y memorias que no cicatrizan, Umbral nos sumerge en un conflicto donde la tecnolog\u00eda ya no obedece a sus creadores&#8230; y donde la \u00fanica salida podr\u00eda estar m\u00e1s all\u00e1 de lo humano.<\/p>\n<p class=\"p1\">Ideal para lectores de ciencia ficci\u00f3n que buscan una expresi\u00f3n fresca de los tropos cl\u00e1sicos.<\/p>\n","protected":false},"excerpt":{"rendered":"<p class=\"p1\"><b>ISBN: 9791370127084<\/b><b><\/b><\/p>\n<p class=\"p1\"><b>SINOPSIS<\/b><\/p>\n<p class=\"p1\">Umbral es una novela de ciencia ficci\u00f3n que combina la exploraci\u00f3n espacial cl\u00e1sica con drama humano, intriga poli-tica y una amenaza de escala supraplanetaria. Se inscribe en el g\u00e9nero de la \u00f3pera espacial, aunque enfocada en una escala m\u00e1s \u00edntima y emocional.<\/p>\n<p class=\"p1\">En un futuro donde las alianzas interplanetarias se tambalean bajo el peso de sus propios secretos, un antiguo artefacto -el Aparato- comienza a despertar. Su origen desaf\u00eda la historia conocida, y su poder, imposible de controlar, pone en jaque a los poderes establecidos.<\/p>\n<p class=\"p1\">Gregor Roth, un capit\u00e1n marcado por la p\u00e9rdida, debe reconstruir su tripulaci\u00f3n y enfrentar retos imposibles para evitar que la codicia por el Aparato destruya el fr\u00e1gil equilibrio entre facciones. Mientras la Federaci\u00f3n se prepara para intervenir con fuerza, una red de lealtades rotas y secretos enterrados amenaza con desatar una guerra silenciosa.<\/p>\n<p class=\"p1\">Entre lanzaderas furtivas, estaciones ocultas y memorias que no cicatrizan, Umbral nos sumerge en un conflicto donde la tecnolog\u00eda ya no obedece a sus creadores&#8230; y donde la \u00fanica salida podr\u00eda estar m\u00e1s all\u00e1 de lo humano.<\/p>\n<p class=\"p1\">Ideal para lectores de ciencia ficci\u00f3n que buscan una expresi\u00f3n fresca de los tropos cl\u00e1sicos.<\/p>\n","protected":false},"featured_media":111580,"comment_status":"open","ping_status":"closed","template":"","meta":{"_acf_changed":false},"libro":[],"product_brand":[],"product_cat":[141],"product_tag":[],"class_list":{"0":"post-111577","1":"product","2":"type-product","3":"status-publish","4":"has-post-thumbnail","6":"product_cat-ficcion","8":"first","9":"instock","10":"shipping-taxable","11":"product-type-simple"},"acf":{"autor":[111578],"enlace_de_compra":"https:\/\/amzn.to\/4bDww68"},"yoast_head":"<!-- This site is optimized with the Yoast SEO plugin v27.4 - https:\/\/yoast.com\/product\/yoast-seo-wordpress\/ -->\n<title>Umbral - Catalogo | Letrame Grupo Editorial<\/title>\n<meta name=\"robots\" content=\"index, follow, max-snippet:-1, max-image-preview:large, max-video-preview:-1\" \/>\n<link rel=\"canonical\" href=\"https:\/\/letrame.com\/catalogo\/producto\/umbral\/\" \/>\n<meta property=\"og:locale\" content=\"es_ES\" \/>\n<meta property=\"og:type\" content=\"article\" \/>\n<meta property=\"og:title\" content=\"Umbral - Catalogo | Letrame Grupo Editorial\" \/>\n<meta property=\"og:description\" content=\"ISBN: 9791370127084 SINOPSIS Umbral es una novela de ciencia ficci\u00f3n que combina la exploraci\u00f3n espacial cl\u00e1sica con drama humano, intriga poli-tica y una amenaza de escala supraplanetaria. Se inscribe en el g\u00e9nero de la \u00f3pera espacial, aunque enfocada en una escala m\u00e1s \u00edntima y emocional. En un futuro donde las alianzas interplanetarias se tambalean bajo el peso de sus propios secretos, un antiguo artefacto -el Aparato- comienza a despertar. Su origen desaf\u00eda la historia conocida, y su poder, imposible de controlar, pone en jaque a los poderes establecidos. Gregor Roth, un capit\u00e1n marcado por la p\u00e9rdida, debe reconstruir su tripulaci\u00f3n y enfrentar retos imposibles para evitar que la codicia por el Aparato destruya el fr\u00e1gil equilibrio entre facciones. Mientras la Federaci\u00f3n se prepara para intervenir con fuerza, una red de lealtades rotas y secretos enterrados amenaza con desatar una guerra silenciosa. Entre lanzaderas furtivas, estaciones ocultas y memorias que no cicatrizan, Umbral nos sumerge en un conflicto donde la tecnolog\u00eda ya no obedece a sus creadores... y donde la \u00fanica salida podr\u00eda estar m\u00e1s all\u00e1 de lo humano. Ideal para lectores de ciencia ficci\u00f3n que buscan una expresi\u00f3n fresca de los tropos cl\u00e1sicos.\" \/>\n<meta property=\"og:url\" content=\"https:\/\/letrame.com\/catalogo\/producto\/umbral\/\" \/>\n<meta property=\"og:site_name\" content=\"Catalogo | Letrame Grupo Editorial\" \/>\n<meta property=\"article:modified_time\" content=\"2026-03-27T11:52:38+00:00\" \/>\n<meta property=\"og:image\" content=\"https:\/\/letrame.com\/catalogo\/wp-content\/uploads\/2026\/03\/umbral_913mm4.jpg\" \/>\n\t<meta property=\"og:image:width\" content=\"886\" \/>\n\t<meta property=\"og:image:height\" content=\"1299\" \/>\n\t<meta property=\"og:image:type\" content=\"image\/jpeg\" \/>\n<meta name=\"twitter:card\" content=\"summary_large_image\" \/>\n<meta name=\"twitter:label1\" content=\"Tiempo de lectura\" \/>\n\t<meta name=\"twitter:data1\" content=\"2 minutos\" \/>\n<script type=\"application\/ld+json\" class=\"yoast-schema-graph\">{\"@context\":\"https:\\\/\\\/schema.org\",\"@graph\":[{\"@type\":\"WebPage\",\"@id\":\"https:\\\/\\\/letrame.com\\\/catalogo\\\/producto\\\/umbral\\\/\",\"url\":\"https:\\\/\\\/letrame.com\\\/catalogo\\\/producto\\\/umbral\\\/\",\"name\":\"Umbral - Catalogo | Letrame Grupo Editorial\",\"isPartOf\":{\"@id\":\"https:\\\/\\\/letrame.com\\\/catalogo\\\/#website\"},\"primaryImageOfPage\":{\"@id\":\"https:\\\/\\\/letrame.com\\\/catalogo\\\/producto\\\/umbral\\\/#primaryimage\"},\"image\":{\"@id\":\"https:\\\/\\\/letrame.com\\\/catalogo\\\/producto\\\/umbral\\\/#primaryimage\"},\"thumbnailUrl\":\"https:\\\/\\\/letrame.com\\\/catalogo\\\/wp-content\\\/uploads\\\/2026\\\/03\\\/umbral_913mm4.jpg\",\"datePublished\":\"2026-03-27T11:52:37+00:00\",\"dateModified\":\"2026-03-27T11:52:38+00:00\",\"breadcrumb\":{\"@id\":\"https:\\\/\\\/letrame.com\\\/catalogo\\\/producto\\\/umbral\\\/#breadcrumb\"},\"inLanguage\":\"es\",\"potentialAction\":[{\"@type\":\"ReadAction\",\"target\":[\"https:\\\/\\\/letrame.com\\\/catalogo\\\/producto\\\/umbral\\\/\"]}]},{\"@type\":\"ImageObject\",\"inLanguage\":\"es\",\"@id\":\"https:\\\/\\\/letrame.com\\\/catalogo\\\/producto\\\/umbral\\\/#primaryimage\",\"url\":\"https:\\\/\\\/letrame.com\\\/catalogo\\\/wp-content\\\/uploads\\\/2026\\\/03\\\/umbral_913mm4.jpg\",\"contentUrl\":\"https:\\\/\\\/letrame.com\\\/catalogo\\\/wp-content\\\/uploads\\\/2026\\\/03\\\/umbral_913mm4.jpg\",\"width\":886,\"height\":1299},{\"@type\":\"BreadcrumbList\",\"@id\":\"https:\\\/\\\/letrame.com\\\/catalogo\\\/producto\\\/umbral\\\/#breadcrumb\",\"itemListElement\":[{\"@type\":\"ListItem\",\"position\":1,\"name\":\"Portada\",\"item\":\"https:\\\/\\\/letrame.com\\\/catalogo\\\/\"},{\"@type\":\"ListItem\",\"position\":2,\"name\":\"Cat\u00e1logo\",\"item\":\"https:\\\/\\\/letrame.com\\\/catalogo\\\/\"},{\"@type\":\"ListItem\",\"position\":3,\"name\":\"Umbral\"}]},{\"@type\":\"WebSite\",\"@id\":\"https:\\\/\\\/letrame.com\\\/catalogo\\\/#website\",\"url\":\"https:\\\/\\\/letrame.com\\\/catalogo\\\/\",\"name\":\"Catalogo | Letrame Grupo Editorial\",\"description\":\"\",\"publisher\":{\"@id\":\"https:\\\/\\\/letrame.com\\\/catalogo\\\/#organization\"},\"potentialAction\":[{\"@type\":\"SearchAction\",\"target\":{\"@type\":\"EntryPoint\",\"urlTemplate\":\"https:\\\/\\\/letrame.com\\\/catalogo\\\/?s={search_term_string}\"},\"query-input\":{\"@type\":\"PropertyValueSpecification\",\"valueRequired\":true,\"valueName\":\"search_term_string\"}}],\"inLanguage\":\"es\"},{\"@type\":\"Organization\",\"@id\":\"https:\\\/\\\/letrame.com\\\/catalogo\\\/#organization\",\"name\":\"Catalogo | Letrame Grupo Editorial\",\"url\":\"https:\\\/\\\/letrame.com\\\/catalogo\\\/\",\"logo\":{\"@type\":\"ImageObject\",\"inLanguage\":\"es\",\"@id\":\"https:\\\/\\\/letrame.com\\\/catalogo\\\/#\\\/schema\\\/logo\\\/image\\\/\",\"url\":\"https:\\\/\\\/letrame.com\\\/catalogo\\\/wp-content\\\/uploads\\\/2024\\\/03\\\/logo2.webp\",\"contentUrl\":\"https:\\\/\\\/letrame.com\\\/catalogo\\\/wp-content\\\/uploads\\\/2024\\\/03\\\/logo2.webp\",\"width\":394,\"height\":128,\"caption\":\"Catalogo | Letrame Grupo Editorial\"},\"image\":{\"@id\":\"https:\\\/\\\/letrame.com\\\/catalogo\\\/#\\\/schema\\\/logo\\\/image\\\/\"}}]}<\/script>\n<!-- \/ Yoast SEO plugin. -->","yoast_head_json":{"title":"Umbral - Catalogo | Letrame Grupo Editorial","robots":{"index":"index","follow":"follow","max-snippet":"max-snippet:-1","max-image-preview":"max-image-preview:large","max-video-preview":"max-video-preview:-1"},"canonical":"https:\/\/letrame.com\/catalogo\/producto\/umbral\/","og_locale":"es_ES","og_type":"article","og_title":"Umbral - Catalogo | Letrame Grupo Editorial","og_description":"ISBN: 9791370127084 SINOPSIS Umbral es una novela de ciencia ficci\u00f3n que combina la exploraci\u00f3n espacial cl\u00e1sica con drama humano, intriga poli-tica y una amenaza de escala supraplanetaria. Se inscribe en el g\u00e9nero de la \u00f3pera espacial, aunque enfocada en una escala m\u00e1s \u00edntima y emocional. En un futuro donde las alianzas interplanetarias se tambalean bajo el peso de sus propios secretos, un antiguo artefacto -el Aparato- comienza a despertar. Su origen desaf\u00eda la historia conocida, y su poder, imposible de controlar, pone en jaque a los poderes establecidos. Gregor Roth, un capit\u00e1n marcado por la p\u00e9rdida, debe reconstruir su tripulaci\u00f3n y enfrentar retos imposibles para evitar que la codicia por el Aparato destruya el fr\u00e1gil equilibrio entre facciones. Mientras la Federaci\u00f3n se prepara para intervenir con fuerza, una red de lealtades rotas y secretos enterrados amenaza con desatar una guerra silenciosa. Entre lanzaderas furtivas, estaciones ocultas y memorias que no cicatrizan, Umbral nos sumerge en un conflicto donde la tecnolog\u00eda ya no obedece a sus creadores... y donde la \u00fanica salida podr\u00eda estar m\u00e1s all\u00e1 de lo humano. Ideal para lectores de ciencia ficci\u00f3n que buscan una expresi\u00f3n fresca de los tropos cl\u00e1sicos.","og_url":"https:\/\/letrame.com\/catalogo\/producto\/umbral\/","og_site_name":"Catalogo | Letrame Grupo Editorial","article_modified_time":"2026-03-27T11:52:38+00:00","og_image":[{"width":886,"height":1299,"url":"https:\/\/letrame.com\/catalogo\/wp-content\/uploads\/2026\/03\/umbral_913mm4.jpg","type":"image\/jpeg"}],"twitter_card":"summary_large_image","twitter_misc":{"Tiempo de lectura":"2 minutos"},"schema":{"@context":"https:\/\/schema.org","@graph":[{"@type":"WebPage","@id":"https:\/\/letrame.com\/catalogo\/producto\/umbral\/","url":"https:\/\/letrame.com\/catalogo\/producto\/umbral\/","name":"Umbral - Catalogo | Letrame Grupo Editorial","isPartOf":{"@id":"https:\/\/letrame.com\/catalogo\/#website"},"primaryImageOfPage":{"@id":"https:\/\/letrame.com\/catalogo\/producto\/umbral\/#primaryimage"},"image":{"@id":"https:\/\/letrame.com\/catalogo\/producto\/umbral\/#primaryimage"},"thumbnailUrl":"https:\/\/letrame.com\/catalogo\/wp-content\/uploads\/2026\/03\/umbral_913mm4.jpg","datePublished":"2026-03-27T11:52:37+00:00","dateModified":"2026-03-27T11:52:38+00:00","breadcrumb":{"@id":"https:\/\/letrame.com\/catalogo\/producto\/umbral\/#breadcrumb"},"inLanguage":"es","potentialAction":[{"@type":"ReadAction","target":["https:\/\/letrame.com\/catalogo\/producto\/umbral\/"]}]},{"@type":"ImageObject","inLanguage":"es","@id":"https:\/\/letrame.com\/catalogo\/producto\/umbral\/#primaryimage","url":"https:\/\/letrame.com\/catalogo\/wp-content\/uploads\/2026\/03\/umbral_913mm4.jpg","contentUrl":"https:\/\/letrame.com\/catalogo\/wp-content\/uploads\/2026\/03\/umbral_913mm4.jpg","width":886,"height":1299},{"@type":"BreadcrumbList","@id":"https:\/\/letrame.com\/catalogo\/producto\/umbral\/#breadcrumb","itemListElement":[{"@type":"ListItem","position":1,"name":"Portada","item":"https:\/\/letrame.com\/catalogo\/"},{"@type":"ListItem","position":2,"name":"Cat\u00e1logo","item":"https:\/\/letrame.com\/catalogo\/"},{"@type":"ListItem","position":3,"name":"Umbral"}]},{"@type":"WebSite","@id":"https:\/\/letrame.com\/catalogo\/#website","url":"https:\/\/letrame.com\/catalogo\/","name":"Catalogo | Letrame Grupo Editorial","description":"","publisher":{"@id":"https:\/\/letrame.com\/catalogo\/#organization"},"potentialAction":[{"@type":"SearchAction","target":{"@type":"EntryPoint","urlTemplate":"https:\/\/letrame.com\/catalogo\/?s={search_term_string}"},"query-input":{"@type":"PropertyValueSpecification","valueRequired":true,"valueName":"search_term_string"}}],"inLanguage":"es"},{"@type":"Organization","@id":"https:\/\/letrame.com\/catalogo\/#organization","name":"Catalogo | Letrame Grupo Editorial","url":"https:\/\/letrame.com\/catalogo\/","logo":{"@type":"ImageObject","inLanguage":"es","@id":"https:\/\/letrame.com\/catalogo\/#\/schema\/logo\/image\/","url":"https:\/\/letrame.com\/catalogo\/wp-content\/uploads\/2024\/03\/logo2.webp","contentUrl":"https:\/\/letrame.com\/catalogo\/wp-content\/uploads\/2024\/03\/logo2.webp","width":394,"height":128,"caption":"Catalogo | Letrame Grupo Editorial"},"image":{"@id":"https:\/\/letrame.com\/catalogo\/#\/schema\/logo\/image\/"}}]}},"_links":{"self":[{"href":"https:\/\/letrame.com\/catalogo\/wp-json\/wp\/v2\/product\/111577","targetHints":{"allow":["GET"]}}],"collection":[{"href":"https:\/\/letrame.com\/catalogo\/wp-json\/wp\/v2\/product"}],"about":[{"href":"https:\/\/letrame.com\/catalogo\/wp-json\/wp\/v2\/types\/product"}],"replies":[{"embeddable":true,"href":"https:\/\/letrame.com\/catalogo\/wp-json\/wp\/v2\/comments?post=111577"}],"acf:post":[{"embeddable":true,"href":"https:\/\/letrame.com\/catalogo\/wp-json\/wp\/v2\/author_book\/111578"}],"wp:featuredmedia":[{"embeddable":true,"href":"https:\/\/letrame.com\/catalogo\/wp-json\/wp\/v2\/media\/111580"}],"wp:attachment":[{"href":"https:\/\/letrame.com\/catalogo\/wp-json\/wp\/v2\/media?parent=111577"}],"wp:term":[{"taxonomy":"libro","embeddable":true,"href":"https:\/\/letrame.com\/catalogo\/wp-json\/wp\/v2\/libro?post=111577"},{"taxonomy":"product_brand","embeddable":true,"href":"https:\/\/letrame.com\/catalogo\/wp-json\/wp\/v2\/product_brand?post=111577"},{"taxonomy":"product_cat","embeddable":true,"href":"https:\/\/letrame.com\/catalogo\/wp-json\/wp\/v2\/product_cat?post=111577"},{"taxonomy":"product_tag","embeddable":true,"href":"https:\/\/letrame.com\/catalogo\/wp-json\/wp\/v2\/product_tag?post=111577"}],"curies":[{"name":"wp","href":"https:\/\/api.w.org\/{rel}","templated":true}]}}