{"id":111564,"date":"2026-03-27T12:28:17","date_gmt":"2026-03-27T11:28:17","guid":{"rendered":"https:\/\/letrame.com\/catalogo\/?post_type=product&#038;p=111564"},"modified":"2026-03-27T12:28:18","modified_gmt":"2026-03-27T11:28:18","slug":"consciente-mente","status":"publish","type":"product","link":"https:\/\/letrame.com\/catalogo\/producto\/consciente-mente\/","title":{"rendered":"Consciente-Mente"},"content":{"rendered":"<p class=\"p1\"><b>ISBN: 9791370290887<\/b><b><\/b><\/p>\n<p class=\"p1\"><b>T\u00edtulo: Consciente-Mente<\/b><br \/>\n<b>Fecha: 2025<\/b><br \/>\n<b>P\u00e1ginas: 188<\/b><b><\/b><\/p>\n<p class=\"p1\"><b>SINOPSIS<\/b><\/p>\n<p class=\"p1\">\u00bfAlguna vez has dicho o hecho algo que no reflejaba lo que sent\u00edas?<\/p>\n<p class=\"p1\">Seguramente s\u00ed, \u00bfy a que no sabes por qu\u00e9? Principalmente porque no conocemos la esencia de ese pensamiento y creemos que lo controlamos.<\/p>\n<p class=\"p1\">Esto suele ocurrir para evitar conflictos, para cumplir expectativas o en situaciones inesperadas. Como resultado, generamos sentimientos de culpabilidad, frustraci\u00f3n, rabia o arrepentimiento.<\/p>\n<p class=\"p1\">Es en ese momento cuando el conocimiento de nuestra mente, se vuelve una herramienta necesaria y profundamente valiosa, para alinear lo que pensamos, sentimos y hacemos. La clave no est\u00e1 en luchar con tus pensamientos, sino conocerlos y aprender a usarlos con sabidur\u00eda.<\/p>\n<p class=\"p1\">Todo lo que habita en tu mente tiene un prop\u00f3sito, una energ\u00eda y una capacidad incre\u00edble que a\u00fan no has descubierto lo suficiente.<\/p>\n<p class=\"p1\">Consciente-mente te gu\u00eda en el proceso de comprender todo lo que ocurre con tus pensamientos y a descifrar los patrones ocultos que los rodean. Aprender\u00e1s a actuar de forma acertada en situaciones inc\u00f3modas e imprevistas, creando conexiones llenas de oportunidades en todos los \u00e1mbitos de tu vida.<\/p>\n<p class=\"p1\">No se trata de cambiar qui\u00e9n eres, se trata de comprender, conocer y aprovechar el verdadero potencial de tus pensamientos y de tu mente, para comenzar a construir una versi\u00f3n m\u00e1s consciente y plena de ti misma\/o.<\/p>\n","protected":false},"excerpt":{"rendered":"<p class=\"p1\"><b>ISBN: 9791370290887<\/b><b><\/b><\/p>\n<p class=\"p1\"><b>SINOPSIS<\/b><\/p>\n<p class=\"p1\">\u00bfAlguna vez has dicho o hecho algo que no reflejaba lo que sent\u00edas?<\/p>\n<p class=\"p1\">Seguramente s\u00ed, \u00bfy a que no sabes por qu\u00e9? Principalmente porque no conocemos la esencia de ese pensamiento y creemos que lo controlamos.<\/p>\n<p class=\"p1\">Esto suele ocurrir para evitar conflictos, para cumplir expectativas o en situaciones inesperadas. Como resultado, generamos sentimientos de culpabilidad, frustraci\u00f3n, rabia o arrepentimiento.<\/p>\n<p class=\"p1\">Es en ese momento cuando el conocimiento de nuestra mente, se vuelve una herramienta necesaria y profundamente valiosa, para alinear lo que pensamos, sentimos y hacemos. La clave no est\u00e1 en luchar con tus pensamientos, sino conocerlos y aprender a usarlos con sabidur\u00eda.<\/p>\n<p class=\"p1\">Todo lo que habita en tu mente tiene un prop\u00f3sito, una energ\u00eda y una capacidad incre\u00edble que a\u00fan no has descubierto lo suficiente.<\/p>\n<p class=\"p1\">Consciente-mente te gu\u00eda en el proceso de comprender todo lo que ocurre con tus pensamientos y a descifrar los patrones ocultos que los rodean. Aprender\u00e1s a actuar de forma acertada en situaciones inc\u00f3modas e imprevistas, creando conexiones llenas de oportunidades en todos los \u00e1mbitos de tu vida.<\/p>\n<p class=\"p1\">No se trata de cambiar qui\u00e9n eres, se trata de comprender, conocer y aprovechar el verdadero potencial de tus pensamientos y de tu mente, para comenzar a construir una versi\u00f3n m\u00e1s consciente y plena de ti misma\/o.<\/p>\n","protected":false},"featured_media":111568,"comment_status":"open","ping_status":"closed","template":"","meta":{"_acf_changed":false},"libro":[],"product_brand":[],"product_cat":[124],"product_tag":[],"class_list":{"0":"post-111564","1":"product","2":"type-product","3":"status-publish","4":"has-post-thumbnail","6":"product_cat-psicologia","8":"first","9":"instock","10":"shipping-taxable","11":"product-type-simple"},"acf":{"autor":[111565],"enlace_de_compra":"https:\/\/amzn.to\/3NToL2K"},"yoast_head":"<!-- This site is optimized with the Yoast SEO plugin v26.6 - https:\/\/yoast.com\/wordpress\/plugins\/seo\/ -->\n<title>Consciente-Mente - Catalogo | Letrame Grupo Editorial<\/title>\n<meta name=\"robots\" content=\"index, follow, max-snippet:-1, max-image-preview:large, max-video-preview:-1\" \/>\n<link rel=\"canonical\" href=\"https:\/\/letrame.com\/catalogo\/producto\/consciente-mente\/\" \/>\n<meta property=\"og:locale\" content=\"es_ES\" \/>\n<meta property=\"og:type\" content=\"article\" \/>\n<meta property=\"og:title\" content=\"Consciente-Mente - Catalogo | Letrame Grupo Editorial\" \/>\n<meta property=\"og:description\" content=\"ISBN: 9791370290887 SINOPSIS \u00bfAlguna vez has dicho o hecho algo que no reflejaba lo que sent\u00edas? Seguramente s\u00ed, \u00bfy a que no sabes por qu\u00e9? Principalmente porque no conocemos la esencia de ese pensamiento y creemos que lo controlamos. Esto suele ocurrir para evitar conflictos, para cumplir expectativas o en situaciones inesperadas. Como resultado, generamos sentimientos de culpabilidad, frustraci\u00f3n, rabia o arrepentimiento. Es en ese momento cuando el conocimiento de nuestra mente, se vuelve una herramienta necesaria y profundamente valiosa, para alinear lo que pensamos, sentimos y hacemos. La clave no est\u00e1 en luchar con tus pensamientos, sino conocerlos y aprender a usarlos con sabidur\u00eda. Todo lo que habita en tu mente tiene un prop\u00f3sito, una energ\u00eda y una capacidad incre\u00edble que a\u00fan no has descubierto lo suficiente. Consciente-mente te gu\u00eda en el proceso de comprender todo lo que ocurre con tus pensamientos y a descifrar los patrones ocultos que los rodean. Aprender\u00e1s a actuar de forma acertada en situaciones inc\u00f3modas e imprevistas, creando conexiones llenas de oportunidades en todos los \u00e1mbitos de tu vida. No se trata de cambiar qui\u00e9n eres, se trata de comprender, conocer y aprovechar el verdadero potencial de tus pensamientos y de tu mente, para comenzar a construir una versi\u00f3n m\u00e1s consciente y plena de ti misma\/o.\" \/>\n<meta property=\"og:url\" content=\"https:\/\/letrame.com\/catalogo\/producto\/consciente-mente\/\" \/>\n<meta property=\"og:site_name\" content=\"Catalogo | Letrame Grupo Editorial\" \/>\n<meta property=\"article:modified_time\" content=\"2026-03-27T11:28:18+00:00\" \/>\n<meta property=\"og:image\" content=\"https:\/\/letrame.com\/catalogo\/wp-content\/uploads\/2026\/03\/consciente-mente_2086mm4.jpg\" \/>\n\t<meta property=\"og:image:width\" content=\"709\" \/>\n\t<meta property=\"og:image:height\" content=\"1040\" \/>\n\t<meta property=\"og:image:type\" content=\"image\/jpeg\" \/>\n<meta name=\"twitter:card\" content=\"summary_large_image\" \/>\n<meta name=\"twitter:label1\" content=\"Tiempo de lectura\" \/>\n\t<meta name=\"twitter:data1\" content=\"2 minutos\" \/>\n<script type=\"application\/ld+json\" class=\"yoast-schema-graph\">{\"@context\":\"https:\/\/schema.org\",\"@graph\":[{\"@type\":\"WebPage\",\"@id\":\"https:\/\/letrame.com\/catalogo\/producto\/consciente-mente\/\",\"url\":\"https:\/\/letrame.com\/catalogo\/producto\/consciente-mente\/\",\"name\":\"Consciente-Mente - Catalogo | Letrame Grupo Editorial\",\"isPartOf\":{\"@id\":\"https:\/\/letrame.com\/catalogo\/#website\"},\"primaryImageOfPage\":{\"@id\":\"https:\/\/letrame.com\/catalogo\/producto\/consciente-mente\/#primaryimage\"},\"image\":{\"@id\":\"https:\/\/letrame.com\/catalogo\/producto\/consciente-mente\/#primaryimage\"},\"thumbnailUrl\":\"https:\/\/letrame.com\/catalogo\/wp-content\/uploads\/2026\/03\/consciente-mente_2086mm4.jpg\",\"datePublished\":\"2026-03-27T11:28:17+00:00\",\"dateModified\":\"2026-03-27T11:28:18+00:00\",\"breadcrumb\":{\"@id\":\"https:\/\/letrame.com\/catalogo\/producto\/consciente-mente\/#breadcrumb\"},\"inLanguage\":\"es\",\"potentialAction\":[{\"@type\":\"ReadAction\",\"target\":[\"https:\/\/letrame.com\/catalogo\/producto\/consciente-mente\/\"]}]},{\"@type\":\"ImageObject\",\"inLanguage\":\"es\",\"@id\":\"https:\/\/letrame.com\/catalogo\/producto\/consciente-mente\/#primaryimage\",\"url\":\"https:\/\/letrame.com\/catalogo\/wp-content\/uploads\/2026\/03\/consciente-mente_2086mm4.jpg\",\"contentUrl\":\"https:\/\/letrame.com\/catalogo\/wp-content\/uploads\/2026\/03\/consciente-mente_2086mm4.jpg\",\"width\":709,\"height\":1040},{\"@type\":\"BreadcrumbList\",\"@id\":\"https:\/\/letrame.com\/catalogo\/producto\/consciente-mente\/#breadcrumb\",\"itemListElement\":[{\"@type\":\"ListItem\",\"position\":1,\"name\":\"Portada\",\"item\":\"https:\/\/letrame.com\/catalogo\/\"},{\"@type\":\"ListItem\",\"position\":2,\"name\":\"Cat\u00e1logo\",\"item\":\"https:\/\/letrame.com\/catalogo\/\"},{\"@type\":\"ListItem\",\"position\":3,\"name\":\"Consciente-Mente\"}]},{\"@type\":\"WebSite\",\"@id\":\"https:\/\/letrame.com\/catalogo\/#website\",\"url\":\"https:\/\/letrame.com\/catalogo\/\",\"name\":\"Catalogo | Letrame Grupo Editorial\",\"description\":\"\",\"publisher\":{\"@id\":\"https:\/\/letrame.com\/catalogo\/#organization\"},\"potentialAction\":[{\"@type\":\"SearchAction\",\"target\":{\"@type\":\"EntryPoint\",\"urlTemplate\":\"https:\/\/letrame.com\/catalogo\/?s={search_term_string}\"},\"query-input\":{\"@type\":\"PropertyValueSpecification\",\"valueRequired\":true,\"valueName\":\"search_term_string\"}}],\"inLanguage\":\"es\"},{\"@type\":\"Organization\",\"@id\":\"https:\/\/letrame.com\/catalogo\/#organization\",\"name\":\"Catalogo | Letrame Grupo Editorial\",\"url\":\"https:\/\/letrame.com\/catalogo\/\",\"logo\":{\"@type\":\"ImageObject\",\"inLanguage\":\"es\",\"@id\":\"https:\/\/letrame.com\/catalogo\/#\/schema\/logo\/image\/\",\"url\":\"https:\/\/letrame.com\/catalogo\/wp-content\/uploads\/2024\/03\/logo2.webp\",\"contentUrl\":\"https:\/\/letrame.com\/catalogo\/wp-content\/uploads\/2024\/03\/logo2.webp\",\"width\":394,\"height\":128,\"caption\":\"Catalogo | Letrame Grupo Editorial\"},\"image\":{\"@id\":\"https:\/\/letrame.com\/catalogo\/#\/schema\/logo\/image\/\"}}]}<\/script>\n<!-- \/ Yoast SEO plugin. -->","yoast_head_json":{"title":"Consciente-Mente - Catalogo | Letrame Grupo Editorial","robots":{"index":"index","follow":"follow","max-snippet":"max-snippet:-1","max-image-preview":"max-image-preview:large","max-video-preview":"max-video-preview:-1"},"canonical":"https:\/\/letrame.com\/catalogo\/producto\/consciente-mente\/","og_locale":"es_ES","og_type":"article","og_title":"Consciente-Mente - Catalogo | Letrame Grupo Editorial","og_description":"ISBN: 9791370290887 SINOPSIS \u00bfAlguna vez has dicho o hecho algo que no reflejaba lo que sent\u00edas? Seguramente s\u00ed, \u00bfy a que no sabes por qu\u00e9? Principalmente porque no conocemos la esencia de ese pensamiento y creemos que lo controlamos. Esto suele ocurrir para evitar conflictos, para cumplir expectativas o en situaciones inesperadas. Como resultado, generamos sentimientos de culpabilidad, frustraci\u00f3n, rabia o arrepentimiento. Es en ese momento cuando el conocimiento de nuestra mente, se vuelve una herramienta necesaria y profundamente valiosa, para alinear lo que pensamos, sentimos y hacemos. La clave no est\u00e1 en luchar con tus pensamientos, sino conocerlos y aprender a usarlos con sabidur\u00eda. Todo lo que habita en tu mente tiene un prop\u00f3sito, una energ\u00eda y una capacidad incre\u00edble que a\u00fan no has descubierto lo suficiente. Consciente-mente te gu\u00eda en el proceso de comprender todo lo que ocurre con tus pensamientos y a descifrar los patrones ocultos que los rodean. Aprender\u00e1s a actuar de forma acertada en situaciones inc\u00f3modas e imprevistas, creando conexiones llenas de oportunidades en todos los \u00e1mbitos de tu vida. No se trata de cambiar qui\u00e9n eres, se trata de comprender, conocer y aprovechar el verdadero potencial de tus pensamientos y de tu mente, para comenzar a construir una versi\u00f3n m\u00e1s consciente y plena de ti misma\/o.","og_url":"https:\/\/letrame.com\/catalogo\/producto\/consciente-mente\/","og_site_name":"Catalogo | Letrame Grupo Editorial","article_modified_time":"2026-03-27T11:28:18+00:00","og_image":[{"width":709,"height":1040,"url":"https:\/\/letrame.com\/catalogo\/wp-content\/uploads\/2026\/03\/consciente-mente_2086mm4.jpg","type":"image\/jpeg"}],"twitter_card":"summary_large_image","twitter_misc":{"Tiempo de lectura":"2 minutos"},"schema":{"@context":"https:\/\/schema.org","@graph":[{"@type":"WebPage","@id":"https:\/\/letrame.com\/catalogo\/producto\/consciente-mente\/","url":"https:\/\/letrame.com\/catalogo\/producto\/consciente-mente\/","name":"Consciente-Mente - Catalogo | Letrame Grupo Editorial","isPartOf":{"@id":"https:\/\/letrame.com\/catalogo\/#website"},"primaryImageOfPage":{"@id":"https:\/\/letrame.com\/catalogo\/producto\/consciente-mente\/#primaryimage"},"image":{"@id":"https:\/\/letrame.com\/catalogo\/producto\/consciente-mente\/#primaryimage"},"thumbnailUrl":"https:\/\/letrame.com\/catalogo\/wp-content\/uploads\/2026\/03\/consciente-mente_2086mm4.jpg","datePublished":"2026-03-27T11:28:17+00:00","dateModified":"2026-03-27T11:28:18+00:00","breadcrumb":{"@id":"https:\/\/letrame.com\/catalogo\/producto\/consciente-mente\/#breadcrumb"},"inLanguage":"es","potentialAction":[{"@type":"ReadAction","target":["https:\/\/letrame.com\/catalogo\/producto\/consciente-mente\/"]}]},{"@type":"ImageObject","inLanguage":"es","@id":"https:\/\/letrame.com\/catalogo\/producto\/consciente-mente\/#primaryimage","url":"https:\/\/letrame.com\/catalogo\/wp-content\/uploads\/2026\/03\/consciente-mente_2086mm4.jpg","contentUrl":"https:\/\/letrame.com\/catalogo\/wp-content\/uploads\/2026\/03\/consciente-mente_2086mm4.jpg","width":709,"height":1040},{"@type":"BreadcrumbList","@id":"https:\/\/letrame.com\/catalogo\/producto\/consciente-mente\/#breadcrumb","itemListElement":[{"@type":"ListItem","position":1,"name":"Portada","item":"https:\/\/letrame.com\/catalogo\/"},{"@type":"ListItem","position":2,"name":"Cat\u00e1logo","item":"https:\/\/letrame.com\/catalogo\/"},{"@type":"ListItem","position":3,"name":"Consciente-Mente"}]},{"@type":"WebSite","@id":"https:\/\/letrame.com\/catalogo\/#website","url":"https:\/\/letrame.com\/catalogo\/","name":"Catalogo | Letrame Grupo Editorial","description":"","publisher":{"@id":"https:\/\/letrame.com\/catalogo\/#organization"},"potentialAction":[{"@type":"SearchAction","target":{"@type":"EntryPoint","urlTemplate":"https:\/\/letrame.com\/catalogo\/?s={search_term_string}"},"query-input":{"@type":"PropertyValueSpecification","valueRequired":true,"valueName":"search_term_string"}}],"inLanguage":"es"},{"@type":"Organization","@id":"https:\/\/letrame.com\/catalogo\/#organization","name":"Catalogo | Letrame Grupo Editorial","url":"https:\/\/letrame.com\/catalogo\/","logo":{"@type":"ImageObject","inLanguage":"es","@id":"https:\/\/letrame.com\/catalogo\/#\/schema\/logo\/image\/","url":"https:\/\/letrame.com\/catalogo\/wp-content\/uploads\/2024\/03\/logo2.webp","contentUrl":"https:\/\/letrame.com\/catalogo\/wp-content\/uploads\/2024\/03\/logo2.webp","width":394,"height":128,"caption":"Catalogo | Letrame Grupo Editorial"},"image":{"@id":"https:\/\/letrame.com\/catalogo\/#\/schema\/logo\/image\/"}}]}},"_links":{"self":[{"href":"https:\/\/letrame.com\/catalogo\/wp-json\/wp\/v2\/product\/111564","targetHints":{"allow":["GET"]}}],"collection":[{"href":"https:\/\/letrame.com\/catalogo\/wp-json\/wp\/v2\/product"}],"about":[{"href":"https:\/\/letrame.com\/catalogo\/wp-json\/wp\/v2\/types\/product"}],"replies":[{"embeddable":true,"href":"https:\/\/letrame.com\/catalogo\/wp-json\/wp\/v2\/comments?post=111564"}],"acf:post":[{"embeddable":true,"href":"https:\/\/letrame.com\/catalogo\/wp-json\/wp\/v2\/author_book\/111565"}],"wp:featuredmedia":[{"embeddable":true,"href":"https:\/\/letrame.com\/catalogo\/wp-json\/wp\/v2\/media\/111568"}],"wp:attachment":[{"href":"https:\/\/letrame.com\/catalogo\/wp-json\/wp\/v2\/media?parent=111564"}],"wp:term":[{"taxonomy":"libro","embeddable":true,"href":"https:\/\/letrame.com\/catalogo\/wp-json\/wp\/v2\/libro?post=111564"},{"taxonomy":"product_brand","embeddable":true,"href":"https:\/\/letrame.com\/catalogo\/wp-json\/wp\/v2\/product_brand?post=111564"},{"taxonomy":"product_cat","embeddable":true,"href":"https:\/\/letrame.com\/catalogo\/wp-json\/wp\/v2\/product_cat?post=111564"},{"taxonomy":"product_tag","embeddable":true,"href":"https:\/\/letrame.com\/catalogo\/wp-json\/wp\/v2\/product_tag?post=111564"}],"curies":[{"name":"wp","href":"https:\/\/api.w.org\/{rel}","templated":true}]}}