{"id":111551,"date":"2026-03-23T12:38:58","date_gmt":"2026-03-23T11:38:58","guid":{"rendered":"https:\/\/letrame.com\/catalogo\/?post_type=product&#038;p=111551"},"modified":"2026-03-23T12:47:55","modified_gmt":"2026-03-23T11:47:55","slug":"el-peso-del-agua-y-la-flor","status":"publish","type":"product","link":"https:\/\/letrame.com\/catalogo\/producto\/el-peso-del-agua-y-la-flor\/","title":{"rendered":"El peso del agua y la flor"},"content":{"rendered":"<p class=\"p1\"><b>ISBN: 9791370294816<\/b><b><\/b><\/p>\n<p class=\"p1\"><b>T\u00edtulo: El peso del agua y la flor<\/b><br \/>\n<b>Fecha: 2026<\/b><br \/>\n<b>P\u00e1ginas: 182<\/b><b><\/b><\/p>\n<p class=\"p1\"><b>SINOPSIS<\/b><\/p>\n<p class=\"p1\">El peso del agua y la flor es el relato \u00edntimo de una vida compartida entre memoria, amor y p\u00e9rdida. Heinz, marcado por la guerra, el exilio y una infancia sin abrazos, busca reconstruir qui\u00e9n es. Martha, su compa\u00f1era, lo acompa\u00f1a con ternura mientras el Alzheimer borra los contornos de su historia. Entre Alemania y M\u00e9xico, este libro viaja por internados severos, migraciones, silencios familiares, encuentros improbables y renacimientos.<\/p>\n<p class=\"p1\">Es tambi\u00e9n la historia de un amor que no siempre supo nombrarse, pero que aprendi\u00f3 a sostenerse en gestos senci-llos: una mano, un recuerdo, un regreso&#8230; A trav\u00e9s de voces alternadas, ambos reconstruyen lo que se pierde cuando la memoria se fuga. Pero lo esencial permanece: los v\u00ednculos, los hijos, las fragilidades que nos hacen humanos y las flores que a\u00fan nacen en mitad del agua.<\/p>\n<p class=\"p1\">Un testimonio conmovedor sobre el paso del tiempo, la identidad, el perd\u00f3n y la fuerza de permanecer juntos incluso cuando ya no recordamos el camino.<\/p>\n<p>&nbsp;<\/p>\n<p>&nbsp;<\/p>\n","protected":false},"excerpt":{"rendered":"<p class=\"p1\"><b>ISBN: 9791370294816<\/b><b><\/b><\/p>\n<p class=\"p1\"><b>SINOPSIS<\/b><\/p>\n<p class=\"p1\">El peso del agua y la flor es el relato \u00edntimo de una vida compartida entre memoria, amor y p\u00e9rdida. Heinz, marcado por la guerra, el exilio y una infancia sin abrazos, busca reconstruir qui\u00e9n es. Martha, su compa\u00f1era, lo acompa\u00f1a con ternura mientras el Alzheimer borra los contornos de su historia. Entre Alemania y M\u00e9xico, este libro viaja por internados severos, migraciones, silencios familiares, encuentros improbables y renacimientos.<\/p>\n<p class=\"p1\">Es tambi\u00e9n la historia de un amor que no siempre supo nombrarse, pero que aprendi\u00f3 a sostenerse en gestos senci-llos: una mano, un recuerdo, un regreso&#8230; A trav\u00e9s de voces alternadas, ambos reconstruyen lo que se pierde cuando la memoria se fuga. Pero lo esencial permanece: los v\u00ednculos, los hijos, las fragilidades que nos hacen humanos y las flores que a\u00fan nacen en mitad del agua.<\/p>\n<p class=\"p1\">Un testimonio conmovedor sobre el paso del tiempo, la identidad, el perd\u00f3n y la fuerza de permanecer juntos incluso cuando ya no recordamos el camino.<\/p>\n<p>&nbsp;<\/p>\n<p>&nbsp;<\/p>\n","protected":false},"featured_media":111557,"comment_status":"open","ping_status":"closed","template":"","meta":{"_acf_changed":false},"libro":[],"product_brand":[],"product_cat":[59],"product_tag":[],"class_list":{"0":"post-111551","1":"product","2":"type-product","3":"status-publish","4":"has-post-thumbnail","6":"product_cat-memorias","8":"first","9":"instock","10":"shipping-taxable","11":"product-type-simple"},"acf":{"autor":[111554],"enlace_de_compra":"https:\/\/amzn.to\/4rN8HgU"},"yoast_head":"<!-- This site is optimized with the Yoast SEO plugin v27.4 - https:\/\/yoast.com\/product\/yoast-seo-wordpress\/ -->\n<title>El peso del agua y la flor - Catalogo | Letrame Grupo Editorial<\/title>\n<meta name=\"robots\" content=\"index, follow, max-snippet:-1, max-image-preview:large, max-video-preview:-1\" \/>\n<link rel=\"canonical\" href=\"https:\/\/letrame.com\/catalogo\/producto\/el-peso-del-agua-y-la-flor\/\" \/>\n<meta property=\"og:locale\" content=\"es_ES\" \/>\n<meta property=\"og:type\" content=\"article\" \/>\n<meta property=\"og:title\" content=\"El peso del agua y la flor - Catalogo | Letrame Grupo Editorial\" \/>\n<meta property=\"og:description\" content=\"ISBN: 9791370294816 SINOPSIS El peso del agua y la flor es el relato \u00edntimo de una vida compartida entre memoria, amor y p\u00e9rdida. Heinz, marcado por la guerra, el exilio y una infancia sin abrazos, busca reconstruir qui\u00e9n es. Martha, su compa\u00f1era, lo acompa\u00f1a con ternura mientras el Alzheimer borra los contornos de su historia. Entre Alemania y M\u00e9xico, este libro viaja por internados severos, migraciones, silencios familiares, encuentros improbables y renacimientos. Es tambi\u00e9n la historia de un amor que no siempre supo nombrarse, pero que aprendi\u00f3 a sostenerse en gestos senci-llos: una mano, un recuerdo, un regreso... A trav\u00e9s de voces alternadas, ambos reconstruyen lo que se pierde cuando la memoria se fuga. Pero lo esencial permanece: los v\u00ednculos, los hijos, las fragilidades que nos hacen humanos y las flores que a\u00fan nacen en mitad del agua. Un testimonio conmovedor sobre el paso del tiempo, la identidad, el perd\u00f3n y la fuerza de permanecer juntos incluso cuando ya no recordamos el camino. &nbsp;  &nbsp;\" \/>\n<meta property=\"og:url\" content=\"https:\/\/letrame.com\/catalogo\/producto\/el-peso-del-agua-y-la-flor\/\" \/>\n<meta property=\"og:site_name\" content=\"Catalogo | Letrame Grupo Editorial\" \/>\n<meta property=\"article:modified_time\" content=\"2026-03-23T11:47:55+00:00\" \/>\n<meta property=\"og:image\" content=\"https:\/\/letrame.com\/catalogo\/wp-content\/uploads\/2026\/03\/elpesodelaguaylaflor_719mm4.jpg\" \/>\n\t<meta property=\"og:image:width\" content=\"551\" \/>\n\t<meta property=\"og:image:height\" content=\"827\" \/>\n\t<meta property=\"og:image:type\" content=\"image\/jpeg\" \/>\n<meta name=\"twitter:card\" content=\"summary_large_image\" \/>\n<meta name=\"twitter:label1\" content=\"Tiempo de lectura\" \/>\n\t<meta name=\"twitter:data1\" content=\"2 minutos\" \/>\n<script type=\"application\/ld+json\" class=\"yoast-schema-graph\">{\"@context\":\"https:\\\/\\\/schema.org\",\"@graph\":[{\"@type\":\"WebPage\",\"@id\":\"https:\\\/\\\/letrame.com\\\/catalogo\\\/producto\\\/el-peso-del-agua-y-la-flor\\\/\",\"url\":\"https:\\\/\\\/letrame.com\\\/catalogo\\\/producto\\\/el-peso-del-agua-y-la-flor\\\/\",\"name\":\"El peso del agua y la flor - Catalogo | Letrame Grupo Editorial\",\"isPartOf\":{\"@id\":\"https:\\\/\\\/letrame.com\\\/catalogo\\\/#website\"},\"primaryImageOfPage\":{\"@id\":\"https:\\\/\\\/letrame.com\\\/catalogo\\\/producto\\\/el-peso-del-agua-y-la-flor\\\/#primaryimage\"},\"image\":{\"@id\":\"https:\\\/\\\/letrame.com\\\/catalogo\\\/producto\\\/el-peso-del-agua-y-la-flor\\\/#primaryimage\"},\"thumbnailUrl\":\"https:\\\/\\\/letrame.com\\\/catalogo\\\/wp-content\\\/uploads\\\/2026\\\/03\\\/elpesodelaguaylaflor_719mm4.jpg\",\"datePublished\":\"2026-03-23T11:38:58+00:00\",\"dateModified\":\"2026-03-23T11:47:55+00:00\",\"breadcrumb\":{\"@id\":\"https:\\\/\\\/letrame.com\\\/catalogo\\\/producto\\\/el-peso-del-agua-y-la-flor\\\/#breadcrumb\"},\"inLanguage\":\"es\",\"potentialAction\":[{\"@type\":\"ReadAction\",\"target\":[\"https:\\\/\\\/letrame.com\\\/catalogo\\\/producto\\\/el-peso-del-agua-y-la-flor\\\/\"]}]},{\"@type\":\"ImageObject\",\"inLanguage\":\"es\",\"@id\":\"https:\\\/\\\/letrame.com\\\/catalogo\\\/producto\\\/el-peso-del-agua-y-la-flor\\\/#primaryimage\",\"url\":\"https:\\\/\\\/letrame.com\\\/catalogo\\\/wp-content\\\/uploads\\\/2026\\\/03\\\/elpesodelaguaylaflor_719mm4.jpg\",\"contentUrl\":\"https:\\\/\\\/letrame.com\\\/catalogo\\\/wp-content\\\/uploads\\\/2026\\\/03\\\/elpesodelaguaylaflor_719mm4.jpg\",\"width\":551,\"height\":827},{\"@type\":\"BreadcrumbList\",\"@id\":\"https:\\\/\\\/letrame.com\\\/catalogo\\\/producto\\\/el-peso-del-agua-y-la-flor\\\/#breadcrumb\",\"itemListElement\":[{\"@type\":\"ListItem\",\"position\":1,\"name\":\"Portada\",\"item\":\"https:\\\/\\\/letrame.com\\\/catalogo\\\/\"},{\"@type\":\"ListItem\",\"position\":2,\"name\":\"Cat\u00e1logo\",\"item\":\"https:\\\/\\\/letrame.com\\\/catalogo\\\/\"},{\"@type\":\"ListItem\",\"position\":3,\"name\":\"El peso del agua y la flor\"}]},{\"@type\":\"WebSite\",\"@id\":\"https:\\\/\\\/letrame.com\\\/catalogo\\\/#website\",\"url\":\"https:\\\/\\\/letrame.com\\\/catalogo\\\/\",\"name\":\"Catalogo | Letrame Grupo Editorial\",\"description\":\"\",\"publisher\":{\"@id\":\"https:\\\/\\\/letrame.com\\\/catalogo\\\/#organization\"},\"potentialAction\":[{\"@type\":\"SearchAction\",\"target\":{\"@type\":\"EntryPoint\",\"urlTemplate\":\"https:\\\/\\\/letrame.com\\\/catalogo\\\/?s={search_term_string}\"},\"query-input\":{\"@type\":\"PropertyValueSpecification\",\"valueRequired\":true,\"valueName\":\"search_term_string\"}}],\"inLanguage\":\"es\"},{\"@type\":\"Organization\",\"@id\":\"https:\\\/\\\/letrame.com\\\/catalogo\\\/#organization\",\"name\":\"Catalogo | Letrame Grupo Editorial\",\"url\":\"https:\\\/\\\/letrame.com\\\/catalogo\\\/\",\"logo\":{\"@type\":\"ImageObject\",\"inLanguage\":\"es\",\"@id\":\"https:\\\/\\\/letrame.com\\\/catalogo\\\/#\\\/schema\\\/logo\\\/image\\\/\",\"url\":\"https:\\\/\\\/letrame.com\\\/catalogo\\\/wp-content\\\/uploads\\\/2024\\\/03\\\/logo2.webp\",\"contentUrl\":\"https:\\\/\\\/letrame.com\\\/catalogo\\\/wp-content\\\/uploads\\\/2024\\\/03\\\/logo2.webp\",\"width\":394,\"height\":128,\"caption\":\"Catalogo | Letrame Grupo Editorial\"},\"image\":{\"@id\":\"https:\\\/\\\/letrame.com\\\/catalogo\\\/#\\\/schema\\\/logo\\\/image\\\/\"}}]}<\/script>\n<!-- \/ Yoast SEO plugin. -->","yoast_head_json":{"title":"El peso del agua y la flor - Catalogo | Letrame Grupo Editorial","robots":{"index":"index","follow":"follow","max-snippet":"max-snippet:-1","max-image-preview":"max-image-preview:large","max-video-preview":"max-video-preview:-1"},"canonical":"https:\/\/letrame.com\/catalogo\/producto\/el-peso-del-agua-y-la-flor\/","og_locale":"es_ES","og_type":"article","og_title":"El peso del agua y la flor - Catalogo | Letrame Grupo Editorial","og_description":"ISBN: 9791370294816 SINOPSIS El peso del agua y la flor es el relato \u00edntimo de una vida compartida entre memoria, amor y p\u00e9rdida. Heinz, marcado por la guerra, el exilio y una infancia sin abrazos, busca reconstruir qui\u00e9n es. Martha, su compa\u00f1era, lo acompa\u00f1a con ternura mientras el Alzheimer borra los contornos de su historia. Entre Alemania y M\u00e9xico, este libro viaja por internados severos, migraciones, silencios familiares, encuentros improbables y renacimientos. Es tambi\u00e9n la historia de un amor que no siempre supo nombrarse, pero que aprendi\u00f3 a sostenerse en gestos senci-llos: una mano, un recuerdo, un regreso... A trav\u00e9s de voces alternadas, ambos reconstruyen lo que se pierde cuando la memoria se fuga. Pero lo esencial permanece: los v\u00ednculos, los hijos, las fragilidades que nos hacen humanos y las flores que a\u00fan nacen en mitad del agua. Un testimonio conmovedor sobre el paso del tiempo, la identidad, el perd\u00f3n y la fuerza de permanecer juntos incluso cuando ya no recordamos el camino. &nbsp;  &nbsp;","og_url":"https:\/\/letrame.com\/catalogo\/producto\/el-peso-del-agua-y-la-flor\/","og_site_name":"Catalogo | Letrame Grupo Editorial","article_modified_time":"2026-03-23T11:47:55+00:00","og_image":[{"width":551,"height":827,"url":"https:\/\/letrame.com\/catalogo\/wp-content\/uploads\/2026\/03\/elpesodelaguaylaflor_719mm4.jpg","type":"image\/jpeg"}],"twitter_card":"summary_large_image","twitter_misc":{"Tiempo de lectura":"2 minutos"},"schema":{"@context":"https:\/\/schema.org","@graph":[{"@type":"WebPage","@id":"https:\/\/letrame.com\/catalogo\/producto\/el-peso-del-agua-y-la-flor\/","url":"https:\/\/letrame.com\/catalogo\/producto\/el-peso-del-agua-y-la-flor\/","name":"El peso del agua y la flor - Catalogo | Letrame Grupo Editorial","isPartOf":{"@id":"https:\/\/letrame.com\/catalogo\/#website"},"primaryImageOfPage":{"@id":"https:\/\/letrame.com\/catalogo\/producto\/el-peso-del-agua-y-la-flor\/#primaryimage"},"image":{"@id":"https:\/\/letrame.com\/catalogo\/producto\/el-peso-del-agua-y-la-flor\/#primaryimage"},"thumbnailUrl":"https:\/\/letrame.com\/catalogo\/wp-content\/uploads\/2026\/03\/elpesodelaguaylaflor_719mm4.jpg","datePublished":"2026-03-23T11:38:58+00:00","dateModified":"2026-03-23T11:47:55+00:00","breadcrumb":{"@id":"https:\/\/letrame.com\/catalogo\/producto\/el-peso-del-agua-y-la-flor\/#breadcrumb"},"inLanguage":"es","potentialAction":[{"@type":"ReadAction","target":["https:\/\/letrame.com\/catalogo\/producto\/el-peso-del-agua-y-la-flor\/"]}]},{"@type":"ImageObject","inLanguage":"es","@id":"https:\/\/letrame.com\/catalogo\/producto\/el-peso-del-agua-y-la-flor\/#primaryimage","url":"https:\/\/letrame.com\/catalogo\/wp-content\/uploads\/2026\/03\/elpesodelaguaylaflor_719mm4.jpg","contentUrl":"https:\/\/letrame.com\/catalogo\/wp-content\/uploads\/2026\/03\/elpesodelaguaylaflor_719mm4.jpg","width":551,"height":827},{"@type":"BreadcrumbList","@id":"https:\/\/letrame.com\/catalogo\/producto\/el-peso-del-agua-y-la-flor\/#breadcrumb","itemListElement":[{"@type":"ListItem","position":1,"name":"Portada","item":"https:\/\/letrame.com\/catalogo\/"},{"@type":"ListItem","position":2,"name":"Cat\u00e1logo","item":"https:\/\/letrame.com\/catalogo\/"},{"@type":"ListItem","position":3,"name":"El peso del agua y la flor"}]},{"@type":"WebSite","@id":"https:\/\/letrame.com\/catalogo\/#website","url":"https:\/\/letrame.com\/catalogo\/","name":"Catalogo | Letrame Grupo Editorial","description":"","publisher":{"@id":"https:\/\/letrame.com\/catalogo\/#organization"},"potentialAction":[{"@type":"SearchAction","target":{"@type":"EntryPoint","urlTemplate":"https:\/\/letrame.com\/catalogo\/?s={search_term_string}"},"query-input":{"@type":"PropertyValueSpecification","valueRequired":true,"valueName":"search_term_string"}}],"inLanguage":"es"},{"@type":"Organization","@id":"https:\/\/letrame.com\/catalogo\/#organization","name":"Catalogo | Letrame Grupo Editorial","url":"https:\/\/letrame.com\/catalogo\/","logo":{"@type":"ImageObject","inLanguage":"es","@id":"https:\/\/letrame.com\/catalogo\/#\/schema\/logo\/image\/","url":"https:\/\/letrame.com\/catalogo\/wp-content\/uploads\/2024\/03\/logo2.webp","contentUrl":"https:\/\/letrame.com\/catalogo\/wp-content\/uploads\/2024\/03\/logo2.webp","width":394,"height":128,"caption":"Catalogo | Letrame Grupo Editorial"},"image":{"@id":"https:\/\/letrame.com\/catalogo\/#\/schema\/logo\/image\/"}}]}},"_links":{"self":[{"href":"https:\/\/letrame.com\/catalogo\/wp-json\/wp\/v2\/product\/111551","targetHints":{"allow":["GET"]}}],"collection":[{"href":"https:\/\/letrame.com\/catalogo\/wp-json\/wp\/v2\/product"}],"about":[{"href":"https:\/\/letrame.com\/catalogo\/wp-json\/wp\/v2\/types\/product"}],"replies":[{"embeddable":true,"href":"https:\/\/letrame.com\/catalogo\/wp-json\/wp\/v2\/comments?post=111551"}],"acf:post":[{"embeddable":true,"href":"https:\/\/letrame.com\/catalogo\/wp-json\/wp\/v2\/author_book\/111554"}],"wp:featuredmedia":[{"embeddable":true,"href":"https:\/\/letrame.com\/catalogo\/wp-json\/wp\/v2\/media\/111557"}],"wp:attachment":[{"href":"https:\/\/letrame.com\/catalogo\/wp-json\/wp\/v2\/media?parent=111551"}],"wp:term":[{"taxonomy":"libro","embeddable":true,"href":"https:\/\/letrame.com\/catalogo\/wp-json\/wp\/v2\/libro?post=111551"},{"taxonomy":"product_brand","embeddable":true,"href":"https:\/\/letrame.com\/catalogo\/wp-json\/wp\/v2\/product_brand?post=111551"},{"taxonomy":"product_cat","embeddable":true,"href":"https:\/\/letrame.com\/catalogo\/wp-json\/wp\/v2\/product_cat?post=111551"},{"taxonomy":"product_tag","embeddable":true,"href":"https:\/\/letrame.com\/catalogo\/wp-json\/wp\/v2\/product_tag?post=111551"}],"curies":[{"name":"wp","href":"https:\/\/api.w.org\/{rel}","templated":true}]}}