{"id":111546,"date":"2026-03-23T12:35:33","date_gmt":"2026-03-23T11:35:33","guid":{"rendered":"https:\/\/letrame.com\/catalogo\/?post_type=product&#038;p=111546"},"modified":"2026-03-23T12:35:34","modified_gmt":"2026-03-23T11:35:34","slug":"el-sol-y-la-luna","status":"publish","type":"product","link":"https:\/\/letrame.com\/catalogo\/producto\/el-sol-y-la-luna\/","title":{"rendered":"El sol y la luna"},"content":{"rendered":"<p class=\"p1\"><b>ISBN: 9791370294779<\/b><b><\/b><\/p>\n<p class=\"p1\"><b>T\u00edtulo: El sol y la luna<\/b><br \/>\n<b>Fecha: 2026<\/b><br \/>\n<b>P\u00e1ginas: 140<\/b><b><\/b><\/p>\n<p class=\"p1\"><b>SINOPSIS<\/b><\/p>\n<p class=\"p1\">JESUS LANTIGUA<\/p>\n<p class=\"p1\">El amor puede ser un milagro&#8230; o una herida que nunca cierra.<\/p>\n<p class=\"p1\">En estas p\u00e1ginas se canta a ambos.<\/p>\n<p class=\"p1\">Jes\u00fas Lantigua re\u00fane una colecci\u00f3n de textos que nacen desde la piel y la memoria. Son palabras que no buscan explicar el amor, sino sen-tirlo, en el beso que enciende, en la ausencia que quema, en el recuerdo que insiste cuando todos callan&#8230;<\/p>\n<p class=\"p1\">Aqu\u00ed, el sol y la luna no solo iluminan el cielo, son amantes tercos, destinos cruzados, s\u00edmbolos de encuentros breves y eternos.<\/p>\n<p class=\"p1\">Entre ellos desfilan historias de amistad que se desborda, de pasiones que transforman, de inocencias perdidas y de paternidades que asoman como milagro y responsabilidad.<\/p>\n<p class=\"p1\">Hay poemas que duelen, otros que sonr\u00eden. Algunos parecen confesio-nes; otros, sue\u00f1os que apenas rozan la realidad. Pero todos guardan una verdad sencilla: nadie sale ileso del amor.<\/p>\n","protected":false},"excerpt":{"rendered":"<p class=\"p1\"><b>ISBN: 9791370294779<\/b><b><\/b><\/p>\n<p class=\"p1\"><b>SINOPSIS<\/b><\/p>\n<p class=\"p1\">JESUS LANTIGUA<\/p>\n<p class=\"p1\">El amor puede ser un milagro&#8230; o una herida que nunca cierra.<\/p>\n<p class=\"p1\">En estas p\u00e1ginas se canta a ambos.<\/p>\n<p class=\"p1\">Jes\u00fas Lantigua re\u00fane una colecci\u00f3n de textos que nacen desde la piel y la memoria. Son palabras que no buscan explicar el amor, sino sen-tirlo, en el beso que enciende, en la ausencia que quema, en el recuerdo que insiste cuando todos callan&#8230;<\/p>\n<p class=\"p1\">Aqu\u00ed, el sol y la luna no solo iluminan el cielo, son amantes tercos, destinos cruzados, s\u00edmbolos de encuentros breves y eternos.<\/p>\n<p class=\"p1\">Entre ellos desfilan historias de amistad que se desborda, de pasiones que transforman, de inocencias perdidas y de paternidades que asoman como milagro y responsabilidad.<\/p>\n<p class=\"p1\">Hay poemas que duelen, otros que sonr\u00eden. Algunos parecen confesio-nes; otros, sue\u00f1os que apenas rozan la realidad. Pero todos guardan una verdad sencilla: nadie sale ileso del amor.<\/p>\n","protected":false},"featured_media":111550,"comment_status":"open","ping_status":"closed","template":"","meta":{"_acf_changed":false},"libro":[],"product_brand":[],"product_cat":[20],"product_tag":[],"class_list":{"0":"post-111546","1":"product","2":"type-product","3":"status-publish","4":"has-post-thumbnail","6":"product_cat-poesia","8":"first","9":"instock","10":"shipping-taxable","11":"product-type-simple"},"acf":{"autor":[111547],"enlace_de_compra":"https:\/\/amzn.to\/47CEhqL"},"yoast_head":"<!-- This site is optimized with the Yoast SEO plugin v26.6 - https:\/\/yoast.com\/wordpress\/plugins\/seo\/ -->\n<title>El sol y la luna - Catalogo | Letrame Grupo Editorial<\/title>\n<meta name=\"robots\" content=\"index, follow, max-snippet:-1, max-image-preview:large, max-video-preview:-1\" \/>\n<link rel=\"canonical\" href=\"https:\/\/letrame.com\/catalogo\/producto\/el-sol-y-la-luna\/\" \/>\n<meta property=\"og:locale\" content=\"es_ES\" \/>\n<meta property=\"og:type\" content=\"article\" \/>\n<meta property=\"og:title\" content=\"El sol y la luna - Catalogo | Letrame Grupo Editorial\" \/>\n<meta property=\"og:description\" content=\"ISBN: 9791370294779 SINOPSIS JESUS LANTIGUA El amor puede ser un milagro... o una herida que nunca cierra. En estas p\u00e1ginas se canta a ambos. Jes\u00fas Lantigua re\u00fane una colecci\u00f3n de textos que nacen desde la piel y la memoria. Son palabras que no buscan explicar el amor, sino sen-tirlo, en el beso que enciende, en la ausencia que quema, en el recuerdo que insiste cuando todos callan... Aqu\u00ed, el sol y la luna no solo iluminan el cielo, son amantes tercos, destinos cruzados, s\u00edmbolos de encuentros breves y eternos. Entre ellos desfilan historias de amistad que se desborda, de pasiones que transforman, de inocencias perdidas y de paternidades que asoman como milagro y responsabilidad. Hay poemas que duelen, otros que sonr\u00eden. Algunos parecen confesio-nes; otros, sue\u00f1os que apenas rozan la realidad. Pero todos guardan una verdad sencilla: nadie sale ileso del amor.\" \/>\n<meta property=\"og:url\" content=\"https:\/\/letrame.com\/catalogo\/producto\/el-sol-y-la-luna\/\" \/>\n<meta property=\"og:site_name\" content=\"Catalogo | Letrame Grupo Editorial\" \/>\n<meta property=\"article:modified_time\" content=\"2026-03-23T11:35:34+00:00\" \/>\n<meta property=\"og:image\" content=\"https:\/\/letrame.com\/catalogo\/wp-content\/uploads\/2026\/03\/elsolylaluna_71mm4.jpg\" \/>\n\t<meta property=\"og:image:width\" content=\"886\" \/>\n\t<meta property=\"og:image:height\" content=\"1240\" \/>\n\t<meta property=\"og:image:type\" content=\"image\/jpeg\" \/>\n<meta name=\"twitter:card\" content=\"summary_large_image\" \/>\n<meta name=\"twitter:label1\" content=\"Tiempo de lectura\" \/>\n\t<meta name=\"twitter:data1\" content=\"1 minuto\" \/>\n<script type=\"application\/ld+json\" class=\"yoast-schema-graph\">{\"@context\":\"https:\/\/schema.org\",\"@graph\":[{\"@type\":\"WebPage\",\"@id\":\"https:\/\/letrame.com\/catalogo\/producto\/el-sol-y-la-luna\/\",\"url\":\"https:\/\/letrame.com\/catalogo\/producto\/el-sol-y-la-luna\/\",\"name\":\"El sol y la luna - Catalogo | Letrame Grupo Editorial\",\"isPartOf\":{\"@id\":\"https:\/\/letrame.com\/catalogo\/#website\"},\"primaryImageOfPage\":{\"@id\":\"https:\/\/letrame.com\/catalogo\/producto\/el-sol-y-la-luna\/#primaryimage\"},\"image\":{\"@id\":\"https:\/\/letrame.com\/catalogo\/producto\/el-sol-y-la-luna\/#primaryimage\"},\"thumbnailUrl\":\"https:\/\/letrame.com\/catalogo\/wp-content\/uploads\/2026\/03\/elsolylaluna_71mm4.jpg\",\"datePublished\":\"2026-03-23T11:35:33+00:00\",\"dateModified\":\"2026-03-23T11:35:34+00:00\",\"breadcrumb\":{\"@id\":\"https:\/\/letrame.com\/catalogo\/producto\/el-sol-y-la-luna\/#breadcrumb\"},\"inLanguage\":\"es\",\"potentialAction\":[{\"@type\":\"ReadAction\",\"target\":[\"https:\/\/letrame.com\/catalogo\/producto\/el-sol-y-la-luna\/\"]}]},{\"@type\":\"ImageObject\",\"inLanguage\":\"es\",\"@id\":\"https:\/\/letrame.com\/catalogo\/producto\/el-sol-y-la-luna\/#primaryimage\",\"url\":\"https:\/\/letrame.com\/catalogo\/wp-content\/uploads\/2026\/03\/elsolylaluna_71mm4.jpg\",\"contentUrl\":\"https:\/\/letrame.com\/catalogo\/wp-content\/uploads\/2026\/03\/elsolylaluna_71mm4.jpg\",\"width\":886,\"height\":1240},{\"@type\":\"BreadcrumbList\",\"@id\":\"https:\/\/letrame.com\/catalogo\/producto\/el-sol-y-la-luna\/#breadcrumb\",\"itemListElement\":[{\"@type\":\"ListItem\",\"position\":1,\"name\":\"Portada\",\"item\":\"https:\/\/letrame.com\/catalogo\/\"},{\"@type\":\"ListItem\",\"position\":2,\"name\":\"Cat\u00e1logo\",\"item\":\"https:\/\/letrame.com\/catalogo\/\"},{\"@type\":\"ListItem\",\"position\":3,\"name\":\"El sol y la luna\"}]},{\"@type\":\"WebSite\",\"@id\":\"https:\/\/letrame.com\/catalogo\/#website\",\"url\":\"https:\/\/letrame.com\/catalogo\/\",\"name\":\"Catalogo | Letrame Grupo Editorial\",\"description\":\"\",\"publisher\":{\"@id\":\"https:\/\/letrame.com\/catalogo\/#organization\"},\"potentialAction\":[{\"@type\":\"SearchAction\",\"target\":{\"@type\":\"EntryPoint\",\"urlTemplate\":\"https:\/\/letrame.com\/catalogo\/?s={search_term_string}\"},\"query-input\":{\"@type\":\"PropertyValueSpecification\",\"valueRequired\":true,\"valueName\":\"search_term_string\"}}],\"inLanguage\":\"es\"},{\"@type\":\"Organization\",\"@id\":\"https:\/\/letrame.com\/catalogo\/#organization\",\"name\":\"Catalogo | Letrame Grupo Editorial\",\"url\":\"https:\/\/letrame.com\/catalogo\/\",\"logo\":{\"@type\":\"ImageObject\",\"inLanguage\":\"es\",\"@id\":\"https:\/\/letrame.com\/catalogo\/#\/schema\/logo\/image\/\",\"url\":\"https:\/\/letrame.com\/catalogo\/wp-content\/uploads\/2024\/03\/logo2.webp\",\"contentUrl\":\"https:\/\/letrame.com\/catalogo\/wp-content\/uploads\/2024\/03\/logo2.webp\",\"width\":394,\"height\":128,\"caption\":\"Catalogo | Letrame Grupo Editorial\"},\"image\":{\"@id\":\"https:\/\/letrame.com\/catalogo\/#\/schema\/logo\/image\/\"}}]}<\/script>\n<!-- \/ Yoast SEO plugin. -->","yoast_head_json":{"title":"El sol y la luna - Catalogo | Letrame Grupo Editorial","robots":{"index":"index","follow":"follow","max-snippet":"max-snippet:-1","max-image-preview":"max-image-preview:large","max-video-preview":"max-video-preview:-1"},"canonical":"https:\/\/letrame.com\/catalogo\/producto\/el-sol-y-la-luna\/","og_locale":"es_ES","og_type":"article","og_title":"El sol y la luna - Catalogo | Letrame Grupo Editorial","og_description":"ISBN: 9791370294779 SINOPSIS JESUS LANTIGUA El amor puede ser un milagro... o una herida que nunca cierra. En estas p\u00e1ginas se canta a ambos. Jes\u00fas Lantigua re\u00fane una colecci\u00f3n de textos que nacen desde la piel y la memoria. Son palabras que no buscan explicar el amor, sino sen-tirlo, en el beso que enciende, en la ausencia que quema, en el recuerdo que insiste cuando todos callan... Aqu\u00ed, el sol y la luna no solo iluminan el cielo, son amantes tercos, destinos cruzados, s\u00edmbolos de encuentros breves y eternos. Entre ellos desfilan historias de amistad que se desborda, de pasiones que transforman, de inocencias perdidas y de paternidades que asoman como milagro y responsabilidad. Hay poemas que duelen, otros que sonr\u00eden. Algunos parecen confesio-nes; otros, sue\u00f1os que apenas rozan la realidad. Pero todos guardan una verdad sencilla: nadie sale ileso del amor.","og_url":"https:\/\/letrame.com\/catalogo\/producto\/el-sol-y-la-luna\/","og_site_name":"Catalogo | Letrame Grupo Editorial","article_modified_time":"2026-03-23T11:35:34+00:00","og_image":[{"width":886,"height":1240,"url":"https:\/\/letrame.com\/catalogo\/wp-content\/uploads\/2026\/03\/elsolylaluna_71mm4.jpg","type":"image\/jpeg"}],"twitter_card":"summary_large_image","twitter_misc":{"Tiempo de lectura":"1 minuto"},"schema":{"@context":"https:\/\/schema.org","@graph":[{"@type":"WebPage","@id":"https:\/\/letrame.com\/catalogo\/producto\/el-sol-y-la-luna\/","url":"https:\/\/letrame.com\/catalogo\/producto\/el-sol-y-la-luna\/","name":"El sol y la luna - Catalogo | Letrame Grupo Editorial","isPartOf":{"@id":"https:\/\/letrame.com\/catalogo\/#website"},"primaryImageOfPage":{"@id":"https:\/\/letrame.com\/catalogo\/producto\/el-sol-y-la-luna\/#primaryimage"},"image":{"@id":"https:\/\/letrame.com\/catalogo\/producto\/el-sol-y-la-luna\/#primaryimage"},"thumbnailUrl":"https:\/\/letrame.com\/catalogo\/wp-content\/uploads\/2026\/03\/elsolylaluna_71mm4.jpg","datePublished":"2026-03-23T11:35:33+00:00","dateModified":"2026-03-23T11:35:34+00:00","breadcrumb":{"@id":"https:\/\/letrame.com\/catalogo\/producto\/el-sol-y-la-luna\/#breadcrumb"},"inLanguage":"es","potentialAction":[{"@type":"ReadAction","target":["https:\/\/letrame.com\/catalogo\/producto\/el-sol-y-la-luna\/"]}]},{"@type":"ImageObject","inLanguage":"es","@id":"https:\/\/letrame.com\/catalogo\/producto\/el-sol-y-la-luna\/#primaryimage","url":"https:\/\/letrame.com\/catalogo\/wp-content\/uploads\/2026\/03\/elsolylaluna_71mm4.jpg","contentUrl":"https:\/\/letrame.com\/catalogo\/wp-content\/uploads\/2026\/03\/elsolylaluna_71mm4.jpg","width":886,"height":1240},{"@type":"BreadcrumbList","@id":"https:\/\/letrame.com\/catalogo\/producto\/el-sol-y-la-luna\/#breadcrumb","itemListElement":[{"@type":"ListItem","position":1,"name":"Portada","item":"https:\/\/letrame.com\/catalogo\/"},{"@type":"ListItem","position":2,"name":"Cat\u00e1logo","item":"https:\/\/letrame.com\/catalogo\/"},{"@type":"ListItem","position":3,"name":"El sol y la luna"}]},{"@type":"WebSite","@id":"https:\/\/letrame.com\/catalogo\/#website","url":"https:\/\/letrame.com\/catalogo\/","name":"Catalogo | Letrame Grupo Editorial","description":"","publisher":{"@id":"https:\/\/letrame.com\/catalogo\/#organization"},"potentialAction":[{"@type":"SearchAction","target":{"@type":"EntryPoint","urlTemplate":"https:\/\/letrame.com\/catalogo\/?s={search_term_string}"},"query-input":{"@type":"PropertyValueSpecification","valueRequired":true,"valueName":"search_term_string"}}],"inLanguage":"es"},{"@type":"Organization","@id":"https:\/\/letrame.com\/catalogo\/#organization","name":"Catalogo | Letrame Grupo Editorial","url":"https:\/\/letrame.com\/catalogo\/","logo":{"@type":"ImageObject","inLanguage":"es","@id":"https:\/\/letrame.com\/catalogo\/#\/schema\/logo\/image\/","url":"https:\/\/letrame.com\/catalogo\/wp-content\/uploads\/2024\/03\/logo2.webp","contentUrl":"https:\/\/letrame.com\/catalogo\/wp-content\/uploads\/2024\/03\/logo2.webp","width":394,"height":128,"caption":"Catalogo | Letrame Grupo Editorial"},"image":{"@id":"https:\/\/letrame.com\/catalogo\/#\/schema\/logo\/image\/"}}]}},"_links":{"self":[{"href":"https:\/\/letrame.com\/catalogo\/wp-json\/wp\/v2\/product\/111546","targetHints":{"allow":["GET"]}}],"collection":[{"href":"https:\/\/letrame.com\/catalogo\/wp-json\/wp\/v2\/product"}],"about":[{"href":"https:\/\/letrame.com\/catalogo\/wp-json\/wp\/v2\/types\/product"}],"replies":[{"embeddable":true,"href":"https:\/\/letrame.com\/catalogo\/wp-json\/wp\/v2\/comments?post=111546"}],"acf:post":[{"embeddable":true,"href":"https:\/\/letrame.com\/catalogo\/wp-json\/wp\/v2\/author_book\/111547"}],"wp:featuredmedia":[{"embeddable":true,"href":"https:\/\/letrame.com\/catalogo\/wp-json\/wp\/v2\/media\/111550"}],"wp:attachment":[{"href":"https:\/\/letrame.com\/catalogo\/wp-json\/wp\/v2\/media?parent=111546"}],"wp:term":[{"taxonomy":"libro","embeddable":true,"href":"https:\/\/letrame.com\/catalogo\/wp-json\/wp\/v2\/libro?post=111546"},{"taxonomy":"product_brand","embeddable":true,"href":"https:\/\/letrame.com\/catalogo\/wp-json\/wp\/v2\/product_brand?post=111546"},{"taxonomy":"product_cat","embeddable":true,"href":"https:\/\/letrame.com\/catalogo\/wp-json\/wp\/v2\/product_cat?post=111546"},{"taxonomy":"product_tag","embeddable":true,"href":"https:\/\/letrame.com\/catalogo\/wp-json\/wp\/v2\/product_tag?post=111546"}],"curies":[{"name":"wp","href":"https:\/\/api.w.org\/{rel}","templated":true}]}}