{"id":111541,"date":"2026-03-23T12:29:09","date_gmt":"2026-03-23T11:29:09","guid":{"rendered":"https:\/\/letrame.com\/catalogo\/?post_type=product&#038;p=111541"},"modified":"2026-03-23T12:29:11","modified_gmt":"2026-03-23T11:29:11","slug":"el-cancer-me-salvo","status":"publish","type":"product","link":"https:\/\/letrame.com\/catalogo\/producto\/el-cancer-me-salvo\/","title":{"rendered":"El c\u00e1ncer me salv\u00f3"},"content":{"rendered":"<p class=\"p1\"><b>ISBN: 9791370294687<\/b><b><\/b><\/p>\n<p class=\"p1\"><b>T\u00edtulo: El c\u00e1ncer me salv\u00f3<\/b><br \/>\n<b>Fecha: 2025<\/b><br \/>\n<b>P\u00e1ginas:\u00a0 124<\/b><b><\/b><\/p>\n<p class=\"p1\"><b>SINOPSIS<\/b><\/p>\n<p class=\"p1\">El c\u00e1ncer me salv\u00f3 es un \u00edntimo y conmovedor testimonio sobre c\u00f3mo un diagn\u00f3stico que promet\u00eda ser el fin se convirti\u00f3 en el catalizador de un nuevo comienzo. La autora, Mihaela Toader, narra en primera persona c\u00f3mo la palabra \u00abtumor\u00bb detuvo su mundo, hasta entonces consumido por el estr\u00e9s de gestionar una pasteler\u00eda en Marbella, las deudas econ\u00f3micas y una vida personal insatisfactoria.<\/p>\n<p class=\"p1\">Lo que comienza como un viaje a trav\u00e9s del miedo y el dolor, se transforma en un despertar innegablemente revelador.<\/p>\n<p class=\"p1\">La enfermedad obliga a la autora a mirar hacia adentro, a redescubrir la fuerza que hab\u00eda olvidado y a desenterrar a la mujer que hab\u00eda dejado de lado. A trav\u00e9s de sus p\u00e1ginas, Mihaela comparte c\u00f3mo este punto de inflexi\u00f3n la llev\u00f3 a cerrar su negocio, no como un fracaso, sino como el acto de amor propio m\u00e1s grande que hab\u00eda hecho hasta ese mo-mento, permiti\u00e9ndole priorizar su salud.<\/p>\n<p class=\"p1\">Este libro no es una cr\u00f3nica sobre la enfermedad, sino sobre la vida que florece despu\u00e9s de la tormenta. Es una invitaci\u00f3n a abrazar el valor propio, a sanar heridas del pasado y a aprender a disfrutar de cada instante. La autora relata con honestidad su proceso de transformaci\u00f3n, demostrando que, a veces, la mayor salvaci\u00f3n llega disfrazada de la prueba m\u00e1s dif\u00edcil.<\/p>\n","protected":false},"excerpt":{"rendered":"<p class=\"p1\"><b>ISBN: 9791370294687<\/b><b><\/b><\/p>\n<p class=\"p1\"><b>SINOPSIS<\/b><\/p>\n<p class=\"p1\">El c\u00e1ncer me salv\u00f3 es un \u00edntimo y conmovedor testimonio sobre c\u00f3mo un diagn\u00f3stico que promet\u00eda ser el fin se convirti\u00f3 en el catalizador de un nuevo comienzo. La autora, Mihaela Toader, narra en primera persona c\u00f3mo la palabra \u00abtumor\u00bb detuvo su mundo, hasta entonces consumido por el estr\u00e9s de gestionar una pasteler\u00eda en Marbella, las deudas econ\u00f3micas y una vida personal insatisfactoria.<\/p>\n<p class=\"p1\">Lo que comienza como un viaje a trav\u00e9s del miedo y el dolor, se transforma en un despertar innegablemente revelador.<\/p>\n<p class=\"p1\">La enfermedad obliga a la autora a mirar hacia adentro, a redescubrir la fuerza que hab\u00eda olvidado y a desenterrar a la mujer que hab\u00eda dejado de lado. A trav\u00e9s de sus p\u00e1ginas, Mihaela comparte c\u00f3mo este punto de inflexi\u00f3n la llev\u00f3 a cerrar su negocio, no como un fracaso, sino como el acto de amor propio m\u00e1s grande que hab\u00eda hecho hasta ese mo-mento, permiti\u00e9ndole priorizar su salud.<\/p>\n<p class=\"p1\">Este libro no es una cr\u00f3nica sobre la enfermedad, sino sobre la vida que florece despu\u00e9s de la tormenta. Es una invitaci\u00f3n a abrazar el valor propio, a sanar heridas del pasado y a aprender a disfrutar de cada instante. La autora relata con honestidad su proceso de transformaci\u00f3n, demostrando que, a veces, la mayor salvaci\u00f3n llega disfrazada de la prueba m\u00e1s dif\u00edcil.<\/p>\n","protected":false},"featured_media":111543,"comment_status":"open","ping_status":"closed","template":"","meta":{"_acf_changed":false},"libro":[],"product_brand":[],"product_cat":[18],"product_tag":[],"class_list":{"0":"post-111541","1":"product","2":"type-product","3":"status-publish","4":"has-post-thumbnail","6":"product_cat-autoayuda","8":"first","9":"instock","10":"shipping-taxable","11":"product-type-simple"},"acf":{"autor":[111542],"enlace_de_compra":"https:\/\/amzn.to\/4rU6LU7"},"yoast_head":"<!-- This site is optimized with the Yoast SEO plugin v26.6 - https:\/\/yoast.com\/wordpress\/plugins\/seo\/ -->\n<title>El c\u00e1ncer me salv\u00f3 - Catalogo | Letrame Grupo Editorial<\/title>\n<meta name=\"robots\" content=\"index, follow, max-snippet:-1, max-image-preview:large, max-video-preview:-1\" \/>\n<link rel=\"canonical\" href=\"https:\/\/letrame.com\/catalogo\/producto\/el-cancer-me-salvo\/\" \/>\n<meta property=\"og:locale\" content=\"es_ES\" \/>\n<meta property=\"og:type\" content=\"article\" \/>\n<meta property=\"og:title\" content=\"El c\u00e1ncer me salv\u00f3 - Catalogo | Letrame Grupo Editorial\" \/>\n<meta property=\"og:description\" content=\"ISBN: 9791370294687 SINOPSIS El c\u00e1ncer me salv\u00f3 es un \u00edntimo y conmovedor testimonio sobre c\u00f3mo un diagn\u00f3stico que promet\u00eda ser el fin se convirti\u00f3 en el catalizador de un nuevo comienzo. La autora, Mihaela Toader, narra en primera persona c\u00f3mo la palabra \u00abtumor\u00bb detuvo su mundo, hasta entonces consumido por el estr\u00e9s de gestionar una pasteler\u00eda en Marbella, las deudas econ\u00f3micas y una vida personal insatisfactoria. Lo que comienza como un viaje a trav\u00e9s del miedo y el dolor, se transforma en un despertar innegablemente revelador. La enfermedad obliga a la autora a mirar hacia adentro, a redescubrir la fuerza que hab\u00eda olvidado y a desenterrar a la mujer que hab\u00eda dejado de lado. A trav\u00e9s de sus p\u00e1ginas, Mihaela comparte c\u00f3mo este punto de inflexi\u00f3n la llev\u00f3 a cerrar su negocio, no como un fracaso, sino como el acto de amor propio m\u00e1s grande que hab\u00eda hecho hasta ese mo-mento, permiti\u00e9ndole priorizar su salud. Este libro no es una cr\u00f3nica sobre la enfermedad, sino sobre la vida que florece despu\u00e9s de la tormenta. Es una invitaci\u00f3n a abrazar el valor propio, a sanar heridas del pasado y a aprender a disfrutar de cada instante. La autora relata con honestidad su proceso de transformaci\u00f3n, demostrando que, a veces, la mayor salvaci\u00f3n llega disfrazada de la prueba m\u00e1s dif\u00edcil.\" \/>\n<meta property=\"og:url\" content=\"https:\/\/letrame.com\/catalogo\/producto\/el-cancer-me-salvo\/\" \/>\n<meta property=\"og:site_name\" content=\"Catalogo | Letrame Grupo Editorial\" \/>\n<meta property=\"article:modified_time\" content=\"2026-03-23T11:29:11+00:00\" \/>\n<meta property=\"og:image\" content=\"https:\/\/letrame.com\/catalogo\/wp-content\/uploads\/2026\/03\/elcancermesalvo_622mm4.jpg\" \/>\n\t<meta property=\"og:image:width\" content=\"945\" \/>\n\t<meta property=\"og:image:height\" content=\"1323\" \/>\n\t<meta property=\"og:image:type\" content=\"image\/jpeg\" \/>\n<meta name=\"twitter:card\" content=\"summary_large_image\" \/>\n<meta name=\"twitter:label1\" content=\"Tiempo de lectura\" \/>\n\t<meta name=\"twitter:data1\" content=\"2 minutos\" \/>\n<script type=\"application\/ld+json\" class=\"yoast-schema-graph\">{\"@context\":\"https:\/\/schema.org\",\"@graph\":[{\"@type\":\"WebPage\",\"@id\":\"https:\/\/letrame.com\/catalogo\/producto\/el-cancer-me-salvo\/\",\"url\":\"https:\/\/letrame.com\/catalogo\/producto\/el-cancer-me-salvo\/\",\"name\":\"El c\u00e1ncer me salv\u00f3 - Catalogo | Letrame Grupo Editorial\",\"isPartOf\":{\"@id\":\"https:\/\/letrame.com\/catalogo\/#website\"},\"primaryImageOfPage\":{\"@id\":\"https:\/\/letrame.com\/catalogo\/producto\/el-cancer-me-salvo\/#primaryimage\"},\"image\":{\"@id\":\"https:\/\/letrame.com\/catalogo\/producto\/el-cancer-me-salvo\/#primaryimage\"},\"thumbnailUrl\":\"https:\/\/letrame.com\/catalogo\/wp-content\/uploads\/2026\/03\/elcancermesalvo_622mm4.jpg\",\"datePublished\":\"2026-03-23T11:29:09+00:00\",\"dateModified\":\"2026-03-23T11:29:11+00:00\",\"breadcrumb\":{\"@id\":\"https:\/\/letrame.com\/catalogo\/producto\/el-cancer-me-salvo\/#breadcrumb\"},\"inLanguage\":\"es\",\"potentialAction\":[{\"@type\":\"ReadAction\",\"target\":[\"https:\/\/letrame.com\/catalogo\/producto\/el-cancer-me-salvo\/\"]}]},{\"@type\":\"ImageObject\",\"inLanguage\":\"es\",\"@id\":\"https:\/\/letrame.com\/catalogo\/producto\/el-cancer-me-salvo\/#primaryimage\",\"url\":\"https:\/\/letrame.com\/catalogo\/wp-content\/uploads\/2026\/03\/elcancermesalvo_622mm4.jpg\",\"contentUrl\":\"https:\/\/letrame.com\/catalogo\/wp-content\/uploads\/2026\/03\/elcancermesalvo_622mm4.jpg\",\"width\":945,\"height\":1323},{\"@type\":\"BreadcrumbList\",\"@id\":\"https:\/\/letrame.com\/catalogo\/producto\/el-cancer-me-salvo\/#breadcrumb\",\"itemListElement\":[{\"@type\":\"ListItem\",\"position\":1,\"name\":\"Portada\",\"item\":\"https:\/\/letrame.com\/catalogo\/\"},{\"@type\":\"ListItem\",\"position\":2,\"name\":\"Cat\u00e1logo\",\"item\":\"https:\/\/letrame.com\/catalogo\/\"},{\"@type\":\"ListItem\",\"position\":3,\"name\":\"El c\u00e1ncer me salv\u00f3\"}]},{\"@type\":\"WebSite\",\"@id\":\"https:\/\/letrame.com\/catalogo\/#website\",\"url\":\"https:\/\/letrame.com\/catalogo\/\",\"name\":\"Catalogo | Letrame Grupo Editorial\",\"description\":\"\",\"publisher\":{\"@id\":\"https:\/\/letrame.com\/catalogo\/#organization\"},\"potentialAction\":[{\"@type\":\"SearchAction\",\"target\":{\"@type\":\"EntryPoint\",\"urlTemplate\":\"https:\/\/letrame.com\/catalogo\/?s={search_term_string}\"},\"query-input\":{\"@type\":\"PropertyValueSpecification\",\"valueRequired\":true,\"valueName\":\"search_term_string\"}}],\"inLanguage\":\"es\"},{\"@type\":\"Organization\",\"@id\":\"https:\/\/letrame.com\/catalogo\/#organization\",\"name\":\"Catalogo | Letrame Grupo Editorial\",\"url\":\"https:\/\/letrame.com\/catalogo\/\",\"logo\":{\"@type\":\"ImageObject\",\"inLanguage\":\"es\",\"@id\":\"https:\/\/letrame.com\/catalogo\/#\/schema\/logo\/image\/\",\"url\":\"https:\/\/letrame.com\/catalogo\/wp-content\/uploads\/2024\/03\/logo2.webp\",\"contentUrl\":\"https:\/\/letrame.com\/catalogo\/wp-content\/uploads\/2024\/03\/logo2.webp\",\"width\":394,\"height\":128,\"caption\":\"Catalogo | Letrame Grupo Editorial\"},\"image\":{\"@id\":\"https:\/\/letrame.com\/catalogo\/#\/schema\/logo\/image\/\"}}]}<\/script>\n<!-- \/ Yoast SEO plugin. -->","yoast_head_json":{"title":"El c\u00e1ncer me salv\u00f3 - Catalogo | Letrame Grupo Editorial","robots":{"index":"index","follow":"follow","max-snippet":"max-snippet:-1","max-image-preview":"max-image-preview:large","max-video-preview":"max-video-preview:-1"},"canonical":"https:\/\/letrame.com\/catalogo\/producto\/el-cancer-me-salvo\/","og_locale":"es_ES","og_type":"article","og_title":"El c\u00e1ncer me salv\u00f3 - Catalogo | Letrame Grupo Editorial","og_description":"ISBN: 9791370294687 SINOPSIS El c\u00e1ncer me salv\u00f3 es un \u00edntimo y conmovedor testimonio sobre c\u00f3mo un diagn\u00f3stico que promet\u00eda ser el fin se convirti\u00f3 en el catalizador de un nuevo comienzo. La autora, Mihaela Toader, narra en primera persona c\u00f3mo la palabra \u00abtumor\u00bb detuvo su mundo, hasta entonces consumido por el estr\u00e9s de gestionar una pasteler\u00eda en Marbella, las deudas econ\u00f3micas y una vida personal insatisfactoria. Lo que comienza como un viaje a trav\u00e9s del miedo y el dolor, se transforma en un despertar innegablemente revelador. La enfermedad obliga a la autora a mirar hacia adentro, a redescubrir la fuerza que hab\u00eda olvidado y a desenterrar a la mujer que hab\u00eda dejado de lado. A trav\u00e9s de sus p\u00e1ginas, Mihaela comparte c\u00f3mo este punto de inflexi\u00f3n la llev\u00f3 a cerrar su negocio, no como un fracaso, sino como el acto de amor propio m\u00e1s grande que hab\u00eda hecho hasta ese mo-mento, permiti\u00e9ndole priorizar su salud. Este libro no es una cr\u00f3nica sobre la enfermedad, sino sobre la vida que florece despu\u00e9s de la tormenta. Es una invitaci\u00f3n a abrazar el valor propio, a sanar heridas del pasado y a aprender a disfrutar de cada instante. La autora relata con honestidad su proceso de transformaci\u00f3n, demostrando que, a veces, la mayor salvaci\u00f3n llega disfrazada de la prueba m\u00e1s dif\u00edcil.","og_url":"https:\/\/letrame.com\/catalogo\/producto\/el-cancer-me-salvo\/","og_site_name":"Catalogo | Letrame Grupo Editorial","article_modified_time":"2026-03-23T11:29:11+00:00","og_image":[{"width":945,"height":1323,"url":"https:\/\/letrame.com\/catalogo\/wp-content\/uploads\/2026\/03\/elcancermesalvo_622mm4.jpg","type":"image\/jpeg"}],"twitter_card":"summary_large_image","twitter_misc":{"Tiempo de lectura":"2 minutos"},"schema":{"@context":"https:\/\/schema.org","@graph":[{"@type":"WebPage","@id":"https:\/\/letrame.com\/catalogo\/producto\/el-cancer-me-salvo\/","url":"https:\/\/letrame.com\/catalogo\/producto\/el-cancer-me-salvo\/","name":"El c\u00e1ncer me salv\u00f3 - Catalogo | Letrame Grupo Editorial","isPartOf":{"@id":"https:\/\/letrame.com\/catalogo\/#website"},"primaryImageOfPage":{"@id":"https:\/\/letrame.com\/catalogo\/producto\/el-cancer-me-salvo\/#primaryimage"},"image":{"@id":"https:\/\/letrame.com\/catalogo\/producto\/el-cancer-me-salvo\/#primaryimage"},"thumbnailUrl":"https:\/\/letrame.com\/catalogo\/wp-content\/uploads\/2026\/03\/elcancermesalvo_622mm4.jpg","datePublished":"2026-03-23T11:29:09+00:00","dateModified":"2026-03-23T11:29:11+00:00","breadcrumb":{"@id":"https:\/\/letrame.com\/catalogo\/producto\/el-cancer-me-salvo\/#breadcrumb"},"inLanguage":"es","potentialAction":[{"@type":"ReadAction","target":["https:\/\/letrame.com\/catalogo\/producto\/el-cancer-me-salvo\/"]}]},{"@type":"ImageObject","inLanguage":"es","@id":"https:\/\/letrame.com\/catalogo\/producto\/el-cancer-me-salvo\/#primaryimage","url":"https:\/\/letrame.com\/catalogo\/wp-content\/uploads\/2026\/03\/elcancermesalvo_622mm4.jpg","contentUrl":"https:\/\/letrame.com\/catalogo\/wp-content\/uploads\/2026\/03\/elcancermesalvo_622mm4.jpg","width":945,"height":1323},{"@type":"BreadcrumbList","@id":"https:\/\/letrame.com\/catalogo\/producto\/el-cancer-me-salvo\/#breadcrumb","itemListElement":[{"@type":"ListItem","position":1,"name":"Portada","item":"https:\/\/letrame.com\/catalogo\/"},{"@type":"ListItem","position":2,"name":"Cat\u00e1logo","item":"https:\/\/letrame.com\/catalogo\/"},{"@type":"ListItem","position":3,"name":"El c\u00e1ncer me salv\u00f3"}]},{"@type":"WebSite","@id":"https:\/\/letrame.com\/catalogo\/#website","url":"https:\/\/letrame.com\/catalogo\/","name":"Catalogo | Letrame Grupo Editorial","description":"","publisher":{"@id":"https:\/\/letrame.com\/catalogo\/#organization"},"potentialAction":[{"@type":"SearchAction","target":{"@type":"EntryPoint","urlTemplate":"https:\/\/letrame.com\/catalogo\/?s={search_term_string}"},"query-input":{"@type":"PropertyValueSpecification","valueRequired":true,"valueName":"search_term_string"}}],"inLanguage":"es"},{"@type":"Organization","@id":"https:\/\/letrame.com\/catalogo\/#organization","name":"Catalogo | Letrame Grupo Editorial","url":"https:\/\/letrame.com\/catalogo\/","logo":{"@type":"ImageObject","inLanguage":"es","@id":"https:\/\/letrame.com\/catalogo\/#\/schema\/logo\/image\/","url":"https:\/\/letrame.com\/catalogo\/wp-content\/uploads\/2024\/03\/logo2.webp","contentUrl":"https:\/\/letrame.com\/catalogo\/wp-content\/uploads\/2024\/03\/logo2.webp","width":394,"height":128,"caption":"Catalogo | Letrame Grupo Editorial"},"image":{"@id":"https:\/\/letrame.com\/catalogo\/#\/schema\/logo\/image\/"}}]}},"_links":{"self":[{"href":"https:\/\/letrame.com\/catalogo\/wp-json\/wp\/v2\/product\/111541","targetHints":{"allow":["GET"]}}],"collection":[{"href":"https:\/\/letrame.com\/catalogo\/wp-json\/wp\/v2\/product"}],"about":[{"href":"https:\/\/letrame.com\/catalogo\/wp-json\/wp\/v2\/types\/product"}],"replies":[{"embeddable":true,"href":"https:\/\/letrame.com\/catalogo\/wp-json\/wp\/v2\/comments?post=111541"}],"acf:post":[{"embeddable":true,"href":"https:\/\/letrame.com\/catalogo\/wp-json\/wp\/v2\/author_book\/111542"}],"wp:featuredmedia":[{"embeddable":true,"href":"https:\/\/letrame.com\/catalogo\/wp-json\/wp\/v2\/media\/111543"}],"wp:attachment":[{"href":"https:\/\/letrame.com\/catalogo\/wp-json\/wp\/v2\/media?parent=111541"}],"wp:term":[{"taxonomy":"libro","embeddable":true,"href":"https:\/\/letrame.com\/catalogo\/wp-json\/wp\/v2\/libro?post=111541"},{"taxonomy":"product_brand","embeddable":true,"href":"https:\/\/letrame.com\/catalogo\/wp-json\/wp\/v2\/product_brand?post=111541"},{"taxonomy":"product_cat","embeddable":true,"href":"https:\/\/letrame.com\/catalogo\/wp-json\/wp\/v2\/product_cat?post=111541"},{"taxonomy":"product_tag","embeddable":true,"href":"https:\/\/letrame.com\/catalogo\/wp-json\/wp\/v2\/product_tag?post=111541"}],"curies":[{"name":"wp","href":"https:\/\/api.w.org\/{rel}","templated":true}]}}