{"id":111501,"date":"2026-03-23T10:49:33","date_gmt":"2026-03-23T09:49:33","guid":{"rendered":"https:\/\/letrame.com\/catalogo\/?post_type=product&#038;p=111501"},"modified":"2026-03-23T10:49:34","modified_gmt":"2026-03-23T09:49:34","slug":"batalla-letral","status":"publish","type":"product","link":"https:\/\/letrame.com\/catalogo\/producto\/batalla-letral\/","title":{"rendered":"Batalla let(r)al"},"content":{"rendered":"<p class=\"p1\"><b>ISBN: 9791370295141<\/b><b><\/b><\/p>\n<p class=\"p1\"><b>T\u00edtulo: Batalla let(r)al<\/b><br \/>\n<b>Fecha: 2025<\/b><br \/>\n<b>P\u00e1ginas: 196<\/b><b><\/b><\/p>\n<p class=\"p1\"><b>SINOPSIS<\/b><\/p>\n<p class=\"p1\">La lectura de este libro permite disfrutar de una novela polic\u00edaca en la que los personajes est\u00e1n inmersos en un concurso de televisi\u00f3n que se mezcla con los intereses de los distintos personales.<\/p>\n<p class=\"p1\">Corresponde la resoluci\u00f3n de los hechos al inspector Garc\u00eda, cuya fama se ha consolidado desde que solucion\u00f3 el problema planteado en \u00ab\u00bfQui\u00e9n mat\u00f3 al embajador?\u00bb y el lector puede acompa\u00f1ar al polic\u00eda y el equipo investigador que forma para realizar su propia investigaci\u00f3n, pues el texto le proporciona la misma informaci\u00f3n que obtiene los polic\u00edas y la obtiene al mismo tiempo que ellos, de forma que pueda llegar por s\u00ed mismo a las conclusiones de los personajes, o a otra distinta si eso es posible.<\/p>\n<p class=\"p1\">As\u00ed que le invito a que se una a la investigaci\u00f3n y, sin dejarse enga\u00f1ar por la evidencia, desentra\u00f1e el misterio por s\u00ed mismo.<\/p>\n","protected":false},"excerpt":{"rendered":"<p class=\"p1\"><b>ISBN: 9791370295141<\/b><b><\/b><\/p>\n<p class=\"p1\"><b>SINOPSIS<\/b><\/p>\n<p class=\"p1\">La lectura de este libro permite disfrutar de una novela polic\u00edaca en la que los personajes est\u00e1n inmersos en un concurso de televisi\u00f3n que se mezcla con los intereses de los distintos personales.<\/p>\n<p class=\"p1\">Corresponde la resoluci\u00f3n de los hechos al inspector Garc\u00eda, cuya fama se ha consolidado desde que solucion\u00f3 el problema planteado en \u00ab\u00bfQui\u00e9n mat\u00f3 al embajador?\u00bb y el lector puede acompa\u00f1ar al polic\u00eda y el equipo investigador que forma para realizar su propia investigaci\u00f3n, pues el texto le proporciona la misma informaci\u00f3n que obtiene los polic\u00edas y la obtiene al mismo tiempo que ellos, de forma que pueda llegar por s\u00ed mismo a las conclusiones de los personajes, o a otra distinta si eso es posible.<\/p>\n<p class=\"p1\">As\u00ed que le invito a que se una a la investigaci\u00f3n y, sin dejarse enga\u00f1ar por la evidencia, desentra\u00f1e el misterio por s\u00ed mismo.<\/p>\n","protected":false},"featured_media":111502,"comment_status":"open","ping_status":"closed","template":"","meta":{"_acf_changed":false},"libro":[],"product_brand":[],"product_cat":[146],"product_tag":[],"class_list":{"0":"post-111501","1":"product","2":"type-product","3":"status-publish","4":"has-post-thumbnail","6":"product_cat-policiaca","8":"first","9":"instock","10":"shipping-taxable","11":"product-type-simple"},"acf":{"autor":[108484],"enlace_de_compra":"https:\/\/amzn.to\/4lOefGT"},"yoast_head":"<!-- This site is optimized with the Yoast SEO plugin v26.6 - https:\/\/yoast.com\/wordpress\/plugins\/seo\/ -->\n<title>Batalla let(r)al - Catalogo | Letrame Grupo Editorial<\/title>\n<meta name=\"robots\" content=\"index, follow, max-snippet:-1, max-image-preview:large, max-video-preview:-1\" \/>\n<link rel=\"canonical\" href=\"https:\/\/letrame.com\/catalogo\/producto\/batalla-letral\/\" \/>\n<meta property=\"og:locale\" content=\"es_ES\" \/>\n<meta property=\"og:type\" content=\"article\" \/>\n<meta property=\"og:title\" content=\"Batalla let(r)al - Catalogo | Letrame Grupo Editorial\" \/>\n<meta property=\"og:description\" content=\"ISBN: 9791370295141 SINOPSIS La lectura de este libro permite disfrutar de una novela polic\u00edaca en la que los personajes est\u00e1n inmersos en un concurso de televisi\u00f3n que se mezcla con los intereses de los distintos personales. Corresponde la resoluci\u00f3n de los hechos al inspector Garc\u00eda, cuya fama se ha consolidado desde que solucion\u00f3 el problema planteado en \u00ab\u00bfQui\u00e9n mat\u00f3 al embajador?\u00bb y el lector puede acompa\u00f1ar al polic\u00eda y el equipo investigador que forma para realizar su propia investigaci\u00f3n, pues el texto le proporciona la misma informaci\u00f3n que obtiene los polic\u00edas y la obtiene al mismo tiempo que ellos, de forma que pueda llegar por s\u00ed mismo a las conclusiones de los personajes, o a otra distinta si eso es posible. As\u00ed que le invito a que se una a la investigaci\u00f3n y, sin dejarse enga\u00f1ar por la evidencia, desentra\u00f1e el misterio por s\u00ed mismo.\" \/>\n<meta property=\"og:url\" content=\"https:\/\/letrame.com\/catalogo\/producto\/batalla-letral\/\" \/>\n<meta property=\"og:site_name\" content=\"Catalogo | Letrame Grupo Editorial\" \/>\n<meta property=\"article:modified_time\" content=\"2026-03-23T09:49:34+00:00\" \/>\n<meta property=\"og:image\" content=\"https:\/\/letrame.com\/catalogo\/wp-content\/uploads\/2026\/03\/portadacatalogobatalla-scaled.jpg\" \/>\n\t<meta property=\"og:image:width\" content=\"1828\" \/>\n\t<meta property=\"og:image:height\" content=\"2560\" \/>\n\t<meta property=\"og:image:type\" content=\"image\/jpeg\" \/>\n<meta name=\"twitter:card\" content=\"summary_large_image\" \/>\n<meta name=\"twitter:label1\" content=\"Tiempo de lectura\" \/>\n\t<meta name=\"twitter:data1\" content=\"1 minuto\" \/>\n<script type=\"application\/ld+json\" class=\"yoast-schema-graph\">{\"@context\":\"https:\/\/schema.org\",\"@graph\":[{\"@type\":\"WebPage\",\"@id\":\"https:\/\/letrame.com\/catalogo\/producto\/batalla-letral\/\",\"url\":\"https:\/\/letrame.com\/catalogo\/producto\/batalla-letral\/\",\"name\":\"Batalla let(r)al - Catalogo | Letrame Grupo Editorial\",\"isPartOf\":{\"@id\":\"https:\/\/letrame.com\/catalogo\/#website\"},\"primaryImageOfPage\":{\"@id\":\"https:\/\/letrame.com\/catalogo\/producto\/batalla-letral\/#primaryimage\"},\"image\":{\"@id\":\"https:\/\/letrame.com\/catalogo\/producto\/batalla-letral\/#primaryimage\"},\"thumbnailUrl\":\"https:\/\/letrame.com\/catalogo\/wp-content\/uploads\/2026\/03\/portadacatalogobatalla-scaled.jpg\",\"datePublished\":\"2026-03-23T09:49:33+00:00\",\"dateModified\":\"2026-03-23T09:49:34+00:00\",\"breadcrumb\":{\"@id\":\"https:\/\/letrame.com\/catalogo\/producto\/batalla-letral\/#breadcrumb\"},\"inLanguage\":\"es\",\"potentialAction\":[{\"@type\":\"ReadAction\",\"target\":[\"https:\/\/letrame.com\/catalogo\/producto\/batalla-letral\/\"]}]},{\"@type\":\"ImageObject\",\"inLanguage\":\"es\",\"@id\":\"https:\/\/letrame.com\/catalogo\/producto\/batalla-letral\/#primaryimage\",\"url\":\"https:\/\/letrame.com\/catalogo\/wp-content\/uploads\/2026\/03\/portadacatalogobatalla-scaled.jpg\",\"contentUrl\":\"https:\/\/letrame.com\/catalogo\/wp-content\/uploads\/2026\/03\/portadacatalogobatalla-scaled.jpg\",\"width\":1828,\"height\":2560},{\"@type\":\"BreadcrumbList\",\"@id\":\"https:\/\/letrame.com\/catalogo\/producto\/batalla-letral\/#breadcrumb\",\"itemListElement\":[{\"@type\":\"ListItem\",\"position\":1,\"name\":\"Portada\",\"item\":\"https:\/\/letrame.com\/catalogo\/\"},{\"@type\":\"ListItem\",\"position\":2,\"name\":\"Cat\u00e1logo\",\"item\":\"https:\/\/letrame.com\/catalogo\/\"},{\"@type\":\"ListItem\",\"position\":3,\"name\":\"Batalla let(r)al\"}]},{\"@type\":\"WebSite\",\"@id\":\"https:\/\/letrame.com\/catalogo\/#website\",\"url\":\"https:\/\/letrame.com\/catalogo\/\",\"name\":\"Catalogo | Letrame Grupo Editorial\",\"description\":\"\",\"publisher\":{\"@id\":\"https:\/\/letrame.com\/catalogo\/#organization\"},\"potentialAction\":[{\"@type\":\"SearchAction\",\"target\":{\"@type\":\"EntryPoint\",\"urlTemplate\":\"https:\/\/letrame.com\/catalogo\/?s={search_term_string}\"},\"query-input\":{\"@type\":\"PropertyValueSpecification\",\"valueRequired\":true,\"valueName\":\"search_term_string\"}}],\"inLanguage\":\"es\"},{\"@type\":\"Organization\",\"@id\":\"https:\/\/letrame.com\/catalogo\/#organization\",\"name\":\"Catalogo | Letrame Grupo Editorial\",\"url\":\"https:\/\/letrame.com\/catalogo\/\",\"logo\":{\"@type\":\"ImageObject\",\"inLanguage\":\"es\",\"@id\":\"https:\/\/letrame.com\/catalogo\/#\/schema\/logo\/image\/\",\"url\":\"https:\/\/letrame.com\/catalogo\/wp-content\/uploads\/2024\/03\/logo2.webp\",\"contentUrl\":\"https:\/\/letrame.com\/catalogo\/wp-content\/uploads\/2024\/03\/logo2.webp\",\"width\":394,\"height\":128,\"caption\":\"Catalogo | Letrame Grupo Editorial\"},\"image\":{\"@id\":\"https:\/\/letrame.com\/catalogo\/#\/schema\/logo\/image\/\"}}]}<\/script>\n<!-- \/ Yoast SEO plugin. -->","yoast_head_json":{"title":"Batalla let(r)al - Catalogo | Letrame Grupo Editorial","robots":{"index":"index","follow":"follow","max-snippet":"max-snippet:-1","max-image-preview":"max-image-preview:large","max-video-preview":"max-video-preview:-1"},"canonical":"https:\/\/letrame.com\/catalogo\/producto\/batalla-letral\/","og_locale":"es_ES","og_type":"article","og_title":"Batalla let(r)al - Catalogo | Letrame Grupo Editorial","og_description":"ISBN: 9791370295141 SINOPSIS La lectura de este libro permite disfrutar de una novela polic\u00edaca en la que los personajes est\u00e1n inmersos en un concurso de televisi\u00f3n que se mezcla con los intereses de los distintos personales. Corresponde la resoluci\u00f3n de los hechos al inspector Garc\u00eda, cuya fama se ha consolidado desde que solucion\u00f3 el problema planteado en \u00ab\u00bfQui\u00e9n mat\u00f3 al embajador?\u00bb y el lector puede acompa\u00f1ar al polic\u00eda y el equipo investigador que forma para realizar su propia investigaci\u00f3n, pues el texto le proporciona la misma informaci\u00f3n que obtiene los polic\u00edas y la obtiene al mismo tiempo que ellos, de forma que pueda llegar por s\u00ed mismo a las conclusiones de los personajes, o a otra distinta si eso es posible. As\u00ed que le invito a que se una a la investigaci\u00f3n y, sin dejarse enga\u00f1ar por la evidencia, desentra\u00f1e el misterio por s\u00ed mismo.","og_url":"https:\/\/letrame.com\/catalogo\/producto\/batalla-letral\/","og_site_name":"Catalogo | Letrame Grupo Editorial","article_modified_time":"2026-03-23T09:49:34+00:00","og_image":[{"width":1828,"height":2560,"url":"https:\/\/letrame.com\/catalogo\/wp-content\/uploads\/2026\/03\/portadacatalogobatalla-scaled.jpg","type":"image\/jpeg"}],"twitter_card":"summary_large_image","twitter_misc":{"Tiempo de lectura":"1 minuto"},"schema":{"@context":"https:\/\/schema.org","@graph":[{"@type":"WebPage","@id":"https:\/\/letrame.com\/catalogo\/producto\/batalla-letral\/","url":"https:\/\/letrame.com\/catalogo\/producto\/batalla-letral\/","name":"Batalla let(r)al - Catalogo | Letrame Grupo Editorial","isPartOf":{"@id":"https:\/\/letrame.com\/catalogo\/#website"},"primaryImageOfPage":{"@id":"https:\/\/letrame.com\/catalogo\/producto\/batalla-letral\/#primaryimage"},"image":{"@id":"https:\/\/letrame.com\/catalogo\/producto\/batalla-letral\/#primaryimage"},"thumbnailUrl":"https:\/\/letrame.com\/catalogo\/wp-content\/uploads\/2026\/03\/portadacatalogobatalla-scaled.jpg","datePublished":"2026-03-23T09:49:33+00:00","dateModified":"2026-03-23T09:49:34+00:00","breadcrumb":{"@id":"https:\/\/letrame.com\/catalogo\/producto\/batalla-letral\/#breadcrumb"},"inLanguage":"es","potentialAction":[{"@type":"ReadAction","target":["https:\/\/letrame.com\/catalogo\/producto\/batalla-letral\/"]}]},{"@type":"ImageObject","inLanguage":"es","@id":"https:\/\/letrame.com\/catalogo\/producto\/batalla-letral\/#primaryimage","url":"https:\/\/letrame.com\/catalogo\/wp-content\/uploads\/2026\/03\/portadacatalogobatalla-scaled.jpg","contentUrl":"https:\/\/letrame.com\/catalogo\/wp-content\/uploads\/2026\/03\/portadacatalogobatalla-scaled.jpg","width":1828,"height":2560},{"@type":"BreadcrumbList","@id":"https:\/\/letrame.com\/catalogo\/producto\/batalla-letral\/#breadcrumb","itemListElement":[{"@type":"ListItem","position":1,"name":"Portada","item":"https:\/\/letrame.com\/catalogo\/"},{"@type":"ListItem","position":2,"name":"Cat\u00e1logo","item":"https:\/\/letrame.com\/catalogo\/"},{"@type":"ListItem","position":3,"name":"Batalla let(r)al"}]},{"@type":"WebSite","@id":"https:\/\/letrame.com\/catalogo\/#website","url":"https:\/\/letrame.com\/catalogo\/","name":"Catalogo | Letrame Grupo Editorial","description":"","publisher":{"@id":"https:\/\/letrame.com\/catalogo\/#organization"},"potentialAction":[{"@type":"SearchAction","target":{"@type":"EntryPoint","urlTemplate":"https:\/\/letrame.com\/catalogo\/?s={search_term_string}"},"query-input":{"@type":"PropertyValueSpecification","valueRequired":true,"valueName":"search_term_string"}}],"inLanguage":"es"},{"@type":"Organization","@id":"https:\/\/letrame.com\/catalogo\/#organization","name":"Catalogo | Letrame Grupo Editorial","url":"https:\/\/letrame.com\/catalogo\/","logo":{"@type":"ImageObject","inLanguage":"es","@id":"https:\/\/letrame.com\/catalogo\/#\/schema\/logo\/image\/","url":"https:\/\/letrame.com\/catalogo\/wp-content\/uploads\/2024\/03\/logo2.webp","contentUrl":"https:\/\/letrame.com\/catalogo\/wp-content\/uploads\/2024\/03\/logo2.webp","width":394,"height":128,"caption":"Catalogo | Letrame Grupo Editorial"},"image":{"@id":"https:\/\/letrame.com\/catalogo\/#\/schema\/logo\/image\/"}}]}},"_links":{"self":[{"href":"https:\/\/letrame.com\/catalogo\/wp-json\/wp\/v2\/product\/111501","targetHints":{"allow":["GET"]}}],"collection":[{"href":"https:\/\/letrame.com\/catalogo\/wp-json\/wp\/v2\/product"}],"about":[{"href":"https:\/\/letrame.com\/catalogo\/wp-json\/wp\/v2\/types\/product"}],"replies":[{"embeddable":true,"href":"https:\/\/letrame.com\/catalogo\/wp-json\/wp\/v2\/comments?post=111501"}],"acf:post":[{"embeddable":true,"href":"https:\/\/letrame.com\/catalogo\/wp-json\/wp\/v2\/author_book\/108484"}],"wp:featuredmedia":[{"embeddable":true,"href":"https:\/\/letrame.com\/catalogo\/wp-json\/wp\/v2\/media\/111502"}],"wp:attachment":[{"href":"https:\/\/letrame.com\/catalogo\/wp-json\/wp\/v2\/media?parent=111501"}],"wp:term":[{"taxonomy":"libro","embeddable":true,"href":"https:\/\/letrame.com\/catalogo\/wp-json\/wp\/v2\/libro?post=111501"},{"taxonomy":"product_brand","embeddable":true,"href":"https:\/\/letrame.com\/catalogo\/wp-json\/wp\/v2\/product_brand?post=111501"},{"taxonomy":"product_cat","embeddable":true,"href":"https:\/\/letrame.com\/catalogo\/wp-json\/wp\/v2\/product_cat?post=111501"},{"taxonomy":"product_tag","embeddable":true,"href":"https:\/\/letrame.com\/catalogo\/wp-json\/wp\/v2\/product_tag?post=111501"}],"curies":[{"name":"wp","href":"https:\/\/api.w.org\/{rel}","templated":true}]}}