{"id":111481,"date":"2026-03-20T13:14:55","date_gmt":"2026-03-20T12:14:55","guid":{"rendered":"https:\/\/letrame.com\/catalogo\/?post_type=product&#038;p=111481"},"modified":"2026-03-20T13:15:54","modified_gmt":"2026-03-20T12:15:54","slug":"el-rugido-que-me-salvo","status":"publish","type":"product","link":"https:\/\/letrame.com\/catalogo\/producto\/el-rugido-que-me-salvo\/","title":{"rendered":"El rugido que me salv\u00f3"},"content":{"rendered":"<p class=\"p1\"><b>ISBN: 9791370293727<\/b><b><\/b><\/p>\n<p class=\"p1\"><b>T\u00edtulo: El rugido que me salv\u00f3<\/b><br \/>\n<b>Fecha:2025<\/b><br \/>\n<b>P\u00e1ginas: 144<\/b><b><\/b><\/p>\n<p class=\"p1\"><b>SINOPSIS<\/b><\/p>\n<p class=\"p1\">Carmen Sarabia P\u00e9rez escuch\u00f3 un rugido en mitad del silencio, cuando la vida pesaba demasiado y la esperanza parec\u00eda haberse apagado.<\/p>\n<p class=\"p1\">Ese rugido la despierta. La llama. La salva.<\/p>\n<p class=\"p1\">Kinky Tail, uno de los legendarios Mapogos, y otros leones como Half Tail, Nguvu, Jesse, Tripod, Lorkulup y otros rugen desde estas p\u00e1ginas como arquetipos de valent\u00eda, p\u00e9rdida, amor y resistencia. A trav\u00e9s de ellos, Sarabia reconstruye su historia personal de duelo, de depresi\u00f3n, de familia, del v\u00ednculo con los animales y la decisi\u00f3n de transformar el dolor en memoria.<\/p>\n<p class=\"p1\">El rugido que me salv\u00f3 es un testimonio sobre lo humano, sobre la fuerza que emerge cuando decidimos seguir vivos, incluso con las cicatrices abiertas.<\/p>\n<p class=\"p1\">Entre tatuajes, recuerdos y ecos de la sabana, Carmen construye un refugio con los rugidos que la sostuvieron cuando el suyo se hab\u00eda apagado.<\/p>\n","protected":false},"excerpt":{"rendered":"<p class=\"p1\"><b>ISBN: 9791370293727<\/b><b><\/b><\/p>\n<p class=\"p1\"><b>SINOPSIS<\/b><\/p>\n<p class=\"p1\">Carmen Sarabia P\u00e9rez escuch\u00f3 un rugido en mitad del silencio, cuando la vida pesaba demasiado y la esperanza parec\u00eda haberse apagado.<\/p>\n<p class=\"p1\">Ese rugido la despierta. La llama. La salva.<\/p>\n<p class=\"p1\">Kinky Tail, uno de los legendarios Mapogos, y otros leones como Half Tail, Nguvu, Jesse, Tripod, Lorkulup y otros rugen desde estas p\u00e1ginas como arquetipos de valent\u00eda, p\u00e9rdida, amor y resistencia. A trav\u00e9s de ellos, Sarabia reconstruye su historia personal de duelo, de depresi\u00f3n, de familia, del v\u00ednculo con los animales y la decisi\u00f3n de transformar el dolor en memoria.<\/p>\n<p class=\"p1\">El rugido que me salv\u00f3 es un testimonio sobre lo humano, sobre la fuerza que emerge cuando decidimos seguir vivos, incluso con las cicatrices abiertas.<\/p>\n<p class=\"p1\">Entre tatuajes, recuerdos y ecos de la sabana, Carmen construye un refugio con los rugidos que la sostuvieron cuando el suyo se hab\u00eda apagado.<\/p>\n","protected":false},"featured_media":111485,"comment_status":"open","ping_status":"closed","template":"","meta":{"_acf_changed":false},"libro":[],"product_brand":[],"product_cat":[135],"product_tag":[],"class_list":{"0":"post-111481","1":"product","2":"type-product","3":"status-publish","4":"has-post-thumbnail","6":"product_cat-diarios","8":"first","9":"instock","10":"shipping-taxable","11":"product-type-simple"},"acf":{"autor":[111482],"enlace_de_compra":"https:\/\/amzn.to\/4uHCb2o"},"yoast_head":"<!-- This site is optimized with the Yoast SEO plugin v26.6 - https:\/\/yoast.com\/wordpress\/plugins\/seo\/ -->\n<title>El rugido que me salv\u00f3 - Catalogo | Letrame Grupo Editorial<\/title>\n<meta name=\"robots\" content=\"index, follow, max-snippet:-1, max-image-preview:large, max-video-preview:-1\" \/>\n<link rel=\"canonical\" href=\"https:\/\/letrame.com\/catalogo\/producto\/el-rugido-que-me-salvo\/\" \/>\n<meta property=\"og:locale\" content=\"es_ES\" \/>\n<meta property=\"og:type\" content=\"article\" \/>\n<meta property=\"og:title\" content=\"El rugido que me salv\u00f3 - Catalogo | Letrame Grupo Editorial\" \/>\n<meta property=\"og:description\" content=\"ISBN: 9791370293727 SINOPSIS Carmen Sarabia P\u00e9rez escuch\u00f3 un rugido en mitad del silencio, cuando la vida pesaba demasiado y la esperanza parec\u00eda haberse apagado. Ese rugido la despierta. La llama. La salva. Kinky Tail, uno de los legendarios Mapogos, y otros leones como Half Tail, Nguvu, Jesse, Tripod, Lorkulup y otros rugen desde estas p\u00e1ginas como arquetipos de valent\u00eda, p\u00e9rdida, amor y resistencia. A trav\u00e9s de ellos, Sarabia reconstruye su historia personal de duelo, de depresi\u00f3n, de familia, del v\u00ednculo con los animales y la decisi\u00f3n de transformar el dolor en memoria. El rugido que me salv\u00f3 es un testimonio sobre lo humano, sobre la fuerza que emerge cuando decidimos seguir vivos, incluso con las cicatrices abiertas. Entre tatuajes, recuerdos y ecos de la sabana, Carmen construye un refugio con los rugidos que la sostuvieron cuando el suyo se hab\u00eda apagado.\" \/>\n<meta property=\"og:url\" content=\"https:\/\/letrame.com\/catalogo\/producto\/el-rugido-que-me-salvo\/\" \/>\n<meta property=\"og:site_name\" content=\"Catalogo | Letrame Grupo Editorial\" \/>\n<meta property=\"article:modified_time\" content=\"2026-03-20T12:15:54+00:00\" \/>\n<meta property=\"og:image\" content=\"https:\/\/letrame.com\/catalogo\/wp-content\/uploads\/2026\/03\/elrugidoquemesalvo_728mm4-scaled.jpg\" \/>\n\t<meta property=\"og:image:width\" content=\"1745\" \/>\n\t<meta property=\"og:image:height\" content=\"2560\" \/>\n\t<meta property=\"og:image:type\" content=\"image\/jpeg\" \/>\n<meta name=\"twitter:card\" content=\"summary_large_image\" \/>\n<meta name=\"twitter:label1\" content=\"Tiempo de lectura\" \/>\n\t<meta name=\"twitter:data1\" content=\"1 minuto\" \/>\n<script type=\"application\/ld+json\" class=\"yoast-schema-graph\">{\"@context\":\"https:\/\/schema.org\",\"@graph\":[{\"@type\":\"WebPage\",\"@id\":\"https:\/\/letrame.com\/catalogo\/producto\/el-rugido-que-me-salvo\/\",\"url\":\"https:\/\/letrame.com\/catalogo\/producto\/el-rugido-que-me-salvo\/\",\"name\":\"El rugido que me salv\u00f3 - Catalogo | Letrame Grupo Editorial\",\"isPartOf\":{\"@id\":\"https:\/\/letrame.com\/catalogo\/#website\"},\"primaryImageOfPage\":{\"@id\":\"https:\/\/letrame.com\/catalogo\/producto\/el-rugido-que-me-salvo\/#primaryimage\"},\"image\":{\"@id\":\"https:\/\/letrame.com\/catalogo\/producto\/el-rugido-que-me-salvo\/#primaryimage\"},\"thumbnailUrl\":\"https:\/\/letrame.com\/catalogo\/wp-content\/uploads\/2026\/03\/elrugidoquemesalvo_728mm4-scaled.jpg\",\"datePublished\":\"2026-03-20T12:14:55+00:00\",\"dateModified\":\"2026-03-20T12:15:54+00:00\",\"breadcrumb\":{\"@id\":\"https:\/\/letrame.com\/catalogo\/producto\/el-rugido-que-me-salvo\/#breadcrumb\"},\"inLanguage\":\"es\",\"potentialAction\":[{\"@type\":\"ReadAction\",\"target\":[\"https:\/\/letrame.com\/catalogo\/producto\/el-rugido-que-me-salvo\/\"]}]},{\"@type\":\"ImageObject\",\"inLanguage\":\"es\",\"@id\":\"https:\/\/letrame.com\/catalogo\/producto\/el-rugido-que-me-salvo\/#primaryimage\",\"url\":\"https:\/\/letrame.com\/catalogo\/wp-content\/uploads\/2026\/03\/elrugidoquemesalvo_728mm4-scaled.jpg\",\"contentUrl\":\"https:\/\/letrame.com\/catalogo\/wp-content\/uploads\/2026\/03\/elrugidoquemesalvo_728mm4-scaled.jpg\",\"width\":1745,\"height\":2560},{\"@type\":\"BreadcrumbList\",\"@id\":\"https:\/\/letrame.com\/catalogo\/producto\/el-rugido-que-me-salvo\/#breadcrumb\",\"itemListElement\":[{\"@type\":\"ListItem\",\"position\":1,\"name\":\"Portada\",\"item\":\"https:\/\/letrame.com\/catalogo\/\"},{\"@type\":\"ListItem\",\"position\":2,\"name\":\"Cat\u00e1logo\",\"item\":\"https:\/\/letrame.com\/catalogo\/\"},{\"@type\":\"ListItem\",\"position\":3,\"name\":\"El rugido que me salv\u00f3\"}]},{\"@type\":\"WebSite\",\"@id\":\"https:\/\/letrame.com\/catalogo\/#website\",\"url\":\"https:\/\/letrame.com\/catalogo\/\",\"name\":\"Catalogo | Letrame Grupo Editorial\",\"description\":\"\",\"publisher\":{\"@id\":\"https:\/\/letrame.com\/catalogo\/#organization\"},\"potentialAction\":[{\"@type\":\"SearchAction\",\"target\":{\"@type\":\"EntryPoint\",\"urlTemplate\":\"https:\/\/letrame.com\/catalogo\/?s={search_term_string}\"},\"query-input\":{\"@type\":\"PropertyValueSpecification\",\"valueRequired\":true,\"valueName\":\"search_term_string\"}}],\"inLanguage\":\"es\"},{\"@type\":\"Organization\",\"@id\":\"https:\/\/letrame.com\/catalogo\/#organization\",\"name\":\"Catalogo | Letrame Grupo Editorial\",\"url\":\"https:\/\/letrame.com\/catalogo\/\",\"logo\":{\"@type\":\"ImageObject\",\"inLanguage\":\"es\",\"@id\":\"https:\/\/letrame.com\/catalogo\/#\/schema\/logo\/image\/\",\"url\":\"https:\/\/letrame.com\/catalogo\/wp-content\/uploads\/2024\/03\/logo2.webp\",\"contentUrl\":\"https:\/\/letrame.com\/catalogo\/wp-content\/uploads\/2024\/03\/logo2.webp\",\"width\":394,\"height\":128,\"caption\":\"Catalogo | Letrame Grupo Editorial\"},\"image\":{\"@id\":\"https:\/\/letrame.com\/catalogo\/#\/schema\/logo\/image\/\"}}]}<\/script>\n<!-- \/ Yoast SEO plugin. -->","yoast_head_json":{"title":"El rugido que me salv\u00f3 - Catalogo | Letrame Grupo Editorial","robots":{"index":"index","follow":"follow","max-snippet":"max-snippet:-1","max-image-preview":"max-image-preview:large","max-video-preview":"max-video-preview:-1"},"canonical":"https:\/\/letrame.com\/catalogo\/producto\/el-rugido-que-me-salvo\/","og_locale":"es_ES","og_type":"article","og_title":"El rugido que me salv\u00f3 - Catalogo | Letrame Grupo Editorial","og_description":"ISBN: 9791370293727 SINOPSIS Carmen Sarabia P\u00e9rez escuch\u00f3 un rugido en mitad del silencio, cuando la vida pesaba demasiado y la esperanza parec\u00eda haberse apagado. Ese rugido la despierta. La llama. La salva. Kinky Tail, uno de los legendarios Mapogos, y otros leones como Half Tail, Nguvu, Jesse, Tripod, Lorkulup y otros rugen desde estas p\u00e1ginas como arquetipos de valent\u00eda, p\u00e9rdida, amor y resistencia. A trav\u00e9s de ellos, Sarabia reconstruye su historia personal de duelo, de depresi\u00f3n, de familia, del v\u00ednculo con los animales y la decisi\u00f3n de transformar el dolor en memoria. El rugido que me salv\u00f3 es un testimonio sobre lo humano, sobre la fuerza que emerge cuando decidimos seguir vivos, incluso con las cicatrices abiertas. Entre tatuajes, recuerdos y ecos de la sabana, Carmen construye un refugio con los rugidos que la sostuvieron cuando el suyo se hab\u00eda apagado.","og_url":"https:\/\/letrame.com\/catalogo\/producto\/el-rugido-que-me-salvo\/","og_site_name":"Catalogo | Letrame Grupo Editorial","article_modified_time":"2026-03-20T12:15:54+00:00","og_image":[{"width":1745,"height":2560,"url":"https:\/\/letrame.com\/catalogo\/wp-content\/uploads\/2026\/03\/elrugidoquemesalvo_728mm4-scaled.jpg","type":"image\/jpeg"}],"twitter_card":"summary_large_image","twitter_misc":{"Tiempo de lectura":"1 minuto"},"schema":{"@context":"https:\/\/schema.org","@graph":[{"@type":"WebPage","@id":"https:\/\/letrame.com\/catalogo\/producto\/el-rugido-que-me-salvo\/","url":"https:\/\/letrame.com\/catalogo\/producto\/el-rugido-que-me-salvo\/","name":"El rugido que me salv\u00f3 - Catalogo | Letrame Grupo Editorial","isPartOf":{"@id":"https:\/\/letrame.com\/catalogo\/#website"},"primaryImageOfPage":{"@id":"https:\/\/letrame.com\/catalogo\/producto\/el-rugido-que-me-salvo\/#primaryimage"},"image":{"@id":"https:\/\/letrame.com\/catalogo\/producto\/el-rugido-que-me-salvo\/#primaryimage"},"thumbnailUrl":"https:\/\/letrame.com\/catalogo\/wp-content\/uploads\/2026\/03\/elrugidoquemesalvo_728mm4-scaled.jpg","datePublished":"2026-03-20T12:14:55+00:00","dateModified":"2026-03-20T12:15:54+00:00","breadcrumb":{"@id":"https:\/\/letrame.com\/catalogo\/producto\/el-rugido-que-me-salvo\/#breadcrumb"},"inLanguage":"es","potentialAction":[{"@type":"ReadAction","target":["https:\/\/letrame.com\/catalogo\/producto\/el-rugido-que-me-salvo\/"]}]},{"@type":"ImageObject","inLanguage":"es","@id":"https:\/\/letrame.com\/catalogo\/producto\/el-rugido-que-me-salvo\/#primaryimage","url":"https:\/\/letrame.com\/catalogo\/wp-content\/uploads\/2026\/03\/elrugidoquemesalvo_728mm4-scaled.jpg","contentUrl":"https:\/\/letrame.com\/catalogo\/wp-content\/uploads\/2026\/03\/elrugidoquemesalvo_728mm4-scaled.jpg","width":1745,"height":2560},{"@type":"BreadcrumbList","@id":"https:\/\/letrame.com\/catalogo\/producto\/el-rugido-que-me-salvo\/#breadcrumb","itemListElement":[{"@type":"ListItem","position":1,"name":"Portada","item":"https:\/\/letrame.com\/catalogo\/"},{"@type":"ListItem","position":2,"name":"Cat\u00e1logo","item":"https:\/\/letrame.com\/catalogo\/"},{"@type":"ListItem","position":3,"name":"El rugido que me salv\u00f3"}]},{"@type":"WebSite","@id":"https:\/\/letrame.com\/catalogo\/#website","url":"https:\/\/letrame.com\/catalogo\/","name":"Catalogo | Letrame Grupo Editorial","description":"","publisher":{"@id":"https:\/\/letrame.com\/catalogo\/#organization"},"potentialAction":[{"@type":"SearchAction","target":{"@type":"EntryPoint","urlTemplate":"https:\/\/letrame.com\/catalogo\/?s={search_term_string}"},"query-input":{"@type":"PropertyValueSpecification","valueRequired":true,"valueName":"search_term_string"}}],"inLanguage":"es"},{"@type":"Organization","@id":"https:\/\/letrame.com\/catalogo\/#organization","name":"Catalogo | Letrame Grupo Editorial","url":"https:\/\/letrame.com\/catalogo\/","logo":{"@type":"ImageObject","inLanguage":"es","@id":"https:\/\/letrame.com\/catalogo\/#\/schema\/logo\/image\/","url":"https:\/\/letrame.com\/catalogo\/wp-content\/uploads\/2024\/03\/logo2.webp","contentUrl":"https:\/\/letrame.com\/catalogo\/wp-content\/uploads\/2024\/03\/logo2.webp","width":394,"height":128,"caption":"Catalogo | Letrame Grupo Editorial"},"image":{"@id":"https:\/\/letrame.com\/catalogo\/#\/schema\/logo\/image\/"}}]}},"_links":{"self":[{"href":"https:\/\/letrame.com\/catalogo\/wp-json\/wp\/v2\/product\/111481","targetHints":{"allow":["GET"]}}],"collection":[{"href":"https:\/\/letrame.com\/catalogo\/wp-json\/wp\/v2\/product"}],"about":[{"href":"https:\/\/letrame.com\/catalogo\/wp-json\/wp\/v2\/types\/product"}],"replies":[{"embeddable":true,"href":"https:\/\/letrame.com\/catalogo\/wp-json\/wp\/v2\/comments?post=111481"}],"acf:post":[{"embeddable":true,"href":"https:\/\/letrame.com\/catalogo\/wp-json\/wp\/v2\/author_book\/111482"}],"wp:featuredmedia":[{"embeddable":true,"href":"https:\/\/letrame.com\/catalogo\/wp-json\/wp\/v2\/media\/111485"}],"wp:attachment":[{"href":"https:\/\/letrame.com\/catalogo\/wp-json\/wp\/v2\/media?parent=111481"}],"wp:term":[{"taxonomy":"libro","embeddable":true,"href":"https:\/\/letrame.com\/catalogo\/wp-json\/wp\/v2\/libro?post=111481"},{"taxonomy":"product_brand","embeddable":true,"href":"https:\/\/letrame.com\/catalogo\/wp-json\/wp\/v2\/product_brand?post=111481"},{"taxonomy":"product_cat","embeddable":true,"href":"https:\/\/letrame.com\/catalogo\/wp-json\/wp\/v2\/product_cat?post=111481"},{"taxonomy":"product_tag","embeddable":true,"href":"https:\/\/letrame.com\/catalogo\/wp-json\/wp\/v2\/product_tag?post=111481"}],"curies":[{"name":"wp","href":"https:\/\/api.w.org\/{rel}","templated":true}]}}