{"id":111473,"date":"2026-03-23T13:21:48","date_gmt":"2026-03-23T12:21:48","guid":{"rendered":"https:\/\/letrame.com\/catalogo\/?post_type=product&#038;p=111473"},"modified":"2026-03-23T13:21:49","modified_gmt":"2026-03-23T12:21:49","slug":"pensar-colaborar-crear","status":"publish","type":"product","link":"https:\/\/letrame.com\/catalogo\/producto\/pensar-colaborar-crear\/","title":{"rendered":"Pensar, colaborar, crear"},"content":{"rendered":"<p class=\"p1\"><b>ISBN: 9791370292638<\/b><b><\/b><\/p>\n<p class=\"p1\"><b>T\u00edtulo: Pensar, colaborar, crear<\/b><br \/>\n<b>Fecha: 2025<\/b><br \/>\n<b>P\u00e1ginas: 216<\/b><b><\/b><\/p>\n<p class=\"p1\"><b>SINOPSIS<\/b><\/p>\n<p class=\"p1\">UNA EDUCACI\u00d3N QUE UNE CONOCIMIENTO, EMOCI\u00d3N Y CREATIVIDAD.<\/p>\n<p class=\"p1\">Un libro para quienes creen que ense\u00f1ar puede ser tambi\u00e9n<\/p>\n<p class=\"p1\">transformar vidas.<\/p>\n<p class=\"p1\">Educar en Secundaria no es solo transmitir contenidos, es acompa\u00f1ar a los y las j\u00f3venes en un momento clave de su vida.<\/p>\n<p class=\"p1\">Este libro nace de la experiencia diaria en el aula y ofrece recursos, ideas y propuestas para que aprender sea tambi\u00e9n descubrir, emocionarse y crecer en comunidad<\/p>\n<p class=\"p1\">Dirigido a docentes que desean innovar sin perder de vista lo humano, y a familias que quieren comprender c\u00f3mo aprenden hoy sus hijos e hijas, propone una educaci\u00f3n viva, colaborativa y significativa, donde cada estudiante pueda encontrar su lugar.<\/p>\n","protected":false},"excerpt":{"rendered":"<p class=\"p1\"><b>ISBN: 9791370292638<\/b><b><\/b><\/p>\n<p class=\"p1\"><b>SINOPSIS<\/b><\/p>\n<p class=\"p1\">UNA EDUCACI\u00d3N QUE UNE CONOCIMIENTO, EMOCI\u00d3N Y CREATIVIDAD.<\/p>\n<p class=\"p1\">Un libro para quienes creen que ense\u00f1ar puede ser tambi\u00e9n<\/p>\n<p class=\"p1\">transformar vidas.<\/p>\n<p class=\"p1\">Educar en Secundaria no es solo transmitir contenidos, es acompa\u00f1ar a los y las j\u00f3venes en un momento clave de su vida.<\/p>\n<p class=\"p1\">Este libro nace de la experiencia diaria en el aula y ofrece recursos, ideas y propuestas para que aprender sea tambi\u00e9n descubrir, emocionarse y crecer en comunidad<\/p>\n<p class=\"p1\">Dirigido a docentes que desean innovar sin perder de vista lo humano, y a familias que quieren comprender c\u00f3mo aprenden hoy sus hijos e hijas, propone una educaci\u00f3n viva, colaborativa y significativa, donde cada estudiante pueda encontrar su lugar.<\/p>\n","protected":false},"featured_media":111478,"comment_status":"open","ping_status":"closed","template":"","meta":{"_acf_changed":false},"libro":[],"product_brand":[],"product_cat":[113],"product_tag":[],"class_list":{"0":"post-111473","1":"product","2":"type-product","3":"status-publish","4":"has-post-thumbnail","6":"product_cat-educacion","8":"first","9":"instock","10":"shipping-taxable","11":"product-type-simple"},"acf":{"autor":[111474],"enlace_de_compra":"https:\/\/amzn.to\/4buue9m"},"yoast_head":"<!-- This site is optimized with the Yoast SEO plugin v26.6 - https:\/\/yoast.com\/wordpress\/plugins\/seo\/ -->\n<title>Pensar, colaborar, crear - Catalogo | Letrame Grupo Editorial<\/title>\n<meta name=\"robots\" content=\"index, follow, max-snippet:-1, max-image-preview:large, max-video-preview:-1\" \/>\n<link rel=\"canonical\" href=\"https:\/\/letrame.com\/catalogo\/producto\/pensar-colaborar-crear\/\" \/>\n<meta property=\"og:locale\" content=\"es_ES\" \/>\n<meta property=\"og:type\" content=\"article\" \/>\n<meta property=\"og:title\" content=\"Pensar, colaborar, crear - Catalogo | Letrame Grupo Editorial\" \/>\n<meta property=\"og:description\" content=\"ISBN: 9791370292638 SINOPSIS UNA EDUCACI\u00d3N QUE UNE CONOCIMIENTO, EMOCI\u00d3N Y CREATIVIDAD. Un libro para quienes creen que ense\u00f1ar puede ser tambi\u00e9n transformar vidas. Educar en Secundaria no es solo transmitir contenidos, es acompa\u00f1ar a los y las j\u00f3venes en un momento clave de su vida. Este libro nace de la experiencia diaria en el aula y ofrece recursos, ideas y propuestas para que aprender sea tambi\u00e9n descubrir, emocionarse y crecer en comunidad Dirigido a docentes que desean innovar sin perder de vista lo humano, y a familias que quieren comprender c\u00f3mo aprenden hoy sus hijos e hijas, propone una educaci\u00f3n viva, colaborativa y significativa, donde cada estudiante pueda encontrar su lugar.\" \/>\n<meta property=\"og:url\" content=\"https:\/\/letrame.com\/catalogo\/producto\/pensar-colaborar-crear\/\" \/>\n<meta property=\"og:site_name\" content=\"Catalogo | Letrame Grupo Editorial\" \/>\n<meta property=\"article:modified_time\" content=\"2026-03-23T12:21:49+00:00\" \/>\n<meta property=\"og:image\" content=\"https:\/\/letrame.com\/catalogo\/wp-content\/uploads\/2026\/03\/POrtada-8-scaled.jpg\" \/>\n\t<meta property=\"og:image:width\" content=\"1814\" \/>\n\t<meta property=\"og:image:height\" content=\"2560\" \/>\n\t<meta property=\"og:image:type\" content=\"image\/jpeg\" \/>\n<meta name=\"twitter:card\" content=\"summary_large_image\" \/>\n<meta name=\"twitter:label1\" content=\"Tiempo de lectura\" \/>\n\t<meta name=\"twitter:data1\" content=\"1 minuto\" \/>\n<script type=\"application\/ld+json\" class=\"yoast-schema-graph\">{\"@context\":\"https:\/\/schema.org\",\"@graph\":[{\"@type\":\"WebPage\",\"@id\":\"https:\/\/letrame.com\/catalogo\/producto\/pensar-colaborar-crear\/\",\"url\":\"https:\/\/letrame.com\/catalogo\/producto\/pensar-colaborar-crear\/\",\"name\":\"Pensar, colaborar, crear - Catalogo | Letrame Grupo Editorial\",\"isPartOf\":{\"@id\":\"https:\/\/letrame.com\/catalogo\/#website\"},\"primaryImageOfPage\":{\"@id\":\"https:\/\/letrame.com\/catalogo\/producto\/pensar-colaborar-crear\/#primaryimage\"},\"image\":{\"@id\":\"https:\/\/letrame.com\/catalogo\/producto\/pensar-colaborar-crear\/#primaryimage\"},\"thumbnailUrl\":\"https:\/\/letrame.com\/catalogo\/wp-content\/uploads\/2026\/03\/POrtada-8-scaled.jpg\",\"datePublished\":\"2026-03-23T12:21:48+00:00\",\"dateModified\":\"2026-03-23T12:21:49+00:00\",\"breadcrumb\":{\"@id\":\"https:\/\/letrame.com\/catalogo\/producto\/pensar-colaborar-crear\/#breadcrumb\"},\"inLanguage\":\"es\",\"potentialAction\":[{\"@type\":\"ReadAction\",\"target\":[\"https:\/\/letrame.com\/catalogo\/producto\/pensar-colaborar-crear\/\"]}]},{\"@type\":\"ImageObject\",\"inLanguage\":\"es\",\"@id\":\"https:\/\/letrame.com\/catalogo\/producto\/pensar-colaborar-crear\/#primaryimage\",\"url\":\"https:\/\/letrame.com\/catalogo\/wp-content\/uploads\/2026\/03\/POrtada-8-scaled.jpg\",\"contentUrl\":\"https:\/\/letrame.com\/catalogo\/wp-content\/uploads\/2026\/03\/POrtada-8-scaled.jpg\",\"width\":1814,\"height\":2560},{\"@type\":\"BreadcrumbList\",\"@id\":\"https:\/\/letrame.com\/catalogo\/producto\/pensar-colaborar-crear\/#breadcrumb\",\"itemListElement\":[{\"@type\":\"ListItem\",\"position\":1,\"name\":\"Portada\",\"item\":\"https:\/\/letrame.com\/catalogo\/\"},{\"@type\":\"ListItem\",\"position\":2,\"name\":\"Cat\u00e1logo\",\"item\":\"https:\/\/letrame.com\/catalogo\/\"},{\"@type\":\"ListItem\",\"position\":3,\"name\":\"Pensar, colaborar, crear\"}]},{\"@type\":\"WebSite\",\"@id\":\"https:\/\/letrame.com\/catalogo\/#website\",\"url\":\"https:\/\/letrame.com\/catalogo\/\",\"name\":\"Catalogo | Letrame Grupo Editorial\",\"description\":\"\",\"publisher\":{\"@id\":\"https:\/\/letrame.com\/catalogo\/#organization\"},\"potentialAction\":[{\"@type\":\"SearchAction\",\"target\":{\"@type\":\"EntryPoint\",\"urlTemplate\":\"https:\/\/letrame.com\/catalogo\/?s={search_term_string}\"},\"query-input\":{\"@type\":\"PropertyValueSpecification\",\"valueRequired\":true,\"valueName\":\"search_term_string\"}}],\"inLanguage\":\"es\"},{\"@type\":\"Organization\",\"@id\":\"https:\/\/letrame.com\/catalogo\/#organization\",\"name\":\"Catalogo | Letrame Grupo Editorial\",\"url\":\"https:\/\/letrame.com\/catalogo\/\",\"logo\":{\"@type\":\"ImageObject\",\"inLanguage\":\"es\",\"@id\":\"https:\/\/letrame.com\/catalogo\/#\/schema\/logo\/image\/\",\"url\":\"https:\/\/letrame.com\/catalogo\/wp-content\/uploads\/2024\/03\/logo2.webp\",\"contentUrl\":\"https:\/\/letrame.com\/catalogo\/wp-content\/uploads\/2024\/03\/logo2.webp\",\"width\":394,\"height\":128,\"caption\":\"Catalogo | Letrame Grupo Editorial\"},\"image\":{\"@id\":\"https:\/\/letrame.com\/catalogo\/#\/schema\/logo\/image\/\"}}]}<\/script>\n<!-- \/ Yoast SEO plugin. -->","yoast_head_json":{"title":"Pensar, colaborar, crear - Catalogo | Letrame Grupo Editorial","robots":{"index":"index","follow":"follow","max-snippet":"max-snippet:-1","max-image-preview":"max-image-preview:large","max-video-preview":"max-video-preview:-1"},"canonical":"https:\/\/letrame.com\/catalogo\/producto\/pensar-colaborar-crear\/","og_locale":"es_ES","og_type":"article","og_title":"Pensar, colaborar, crear - Catalogo | Letrame Grupo Editorial","og_description":"ISBN: 9791370292638 SINOPSIS UNA EDUCACI\u00d3N QUE UNE CONOCIMIENTO, EMOCI\u00d3N Y CREATIVIDAD. Un libro para quienes creen que ense\u00f1ar puede ser tambi\u00e9n transformar vidas. Educar en Secundaria no es solo transmitir contenidos, es acompa\u00f1ar a los y las j\u00f3venes en un momento clave de su vida. Este libro nace de la experiencia diaria en el aula y ofrece recursos, ideas y propuestas para que aprender sea tambi\u00e9n descubrir, emocionarse y crecer en comunidad Dirigido a docentes que desean innovar sin perder de vista lo humano, y a familias que quieren comprender c\u00f3mo aprenden hoy sus hijos e hijas, propone una educaci\u00f3n viva, colaborativa y significativa, donde cada estudiante pueda encontrar su lugar.","og_url":"https:\/\/letrame.com\/catalogo\/producto\/pensar-colaborar-crear\/","og_site_name":"Catalogo | Letrame Grupo Editorial","article_modified_time":"2026-03-23T12:21:49+00:00","og_image":[{"width":1814,"height":2560,"url":"https:\/\/letrame.com\/catalogo\/wp-content\/uploads\/2026\/03\/POrtada-8-scaled.jpg","type":"image\/jpeg"}],"twitter_card":"summary_large_image","twitter_misc":{"Tiempo de lectura":"1 minuto"},"schema":{"@context":"https:\/\/schema.org","@graph":[{"@type":"WebPage","@id":"https:\/\/letrame.com\/catalogo\/producto\/pensar-colaborar-crear\/","url":"https:\/\/letrame.com\/catalogo\/producto\/pensar-colaborar-crear\/","name":"Pensar, colaborar, crear - Catalogo | Letrame Grupo Editorial","isPartOf":{"@id":"https:\/\/letrame.com\/catalogo\/#website"},"primaryImageOfPage":{"@id":"https:\/\/letrame.com\/catalogo\/producto\/pensar-colaborar-crear\/#primaryimage"},"image":{"@id":"https:\/\/letrame.com\/catalogo\/producto\/pensar-colaborar-crear\/#primaryimage"},"thumbnailUrl":"https:\/\/letrame.com\/catalogo\/wp-content\/uploads\/2026\/03\/POrtada-8-scaled.jpg","datePublished":"2026-03-23T12:21:48+00:00","dateModified":"2026-03-23T12:21:49+00:00","breadcrumb":{"@id":"https:\/\/letrame.com\/catalogo\/producto\/pensar-colaborar-crear\/#breadcrumb"},"inLanguage":"es","potentialAction":[{"@type":"ReadAction","target":["https:\/\/letrame.com\/catalogo\/producto\/pensar-colaborar-crear\/"]}]},{"@type":"ImageObject","inLanguage":"es","@id":"https:\/\/letrame.com\/catalogo\/producto\/pensar-colaborar-crear\/#primaryimage","url":"https:\/\/letrame.com\/catalogo\/wp-content\/uploads\/2026\/03\/POrtada-8-scaled.jpg","contentUrl":"https:\/\/letrame.com\/catalogo\/wp-content\/uploads\/2026\/03\/POrtada-8-scaled.jpg","width":1814,"height":2560},{"@type":"BreadcrumbList","@id":"https:\/\/letrame.com\/catalogo\/producto\/pensar-colaborar-crear\/#breadcrumb","itemListElement":[{"@type":"ListItem","position":1,"name":"Portada","item":"https:\/\/letrame.com\/catalogo\/"},{"@type":"ListItem","position":2,"name":"Cat\u00e1logo","item":"https:\/\/letrame.com\/catalogo\/"},{"@type":"ListItem","position":3,"name":"Pensar, colaborar, crear"}]},{"@type":"WebSite","@id":"https:\/\/letrame.com\/catalogo\/#website","url":"https:\/\/letrame.com\/catalogo\/","name":"Catalogo | Letrame Grupo Editorial","description":"","publisher":{"@id":"https:\/\/letrame.com\/catalogo\/#organization"},"potentialAction":[{"@type":"SearchAction","target":{"@type":"EntryPoint","urlTemplate":"https:\/\/letrame.com\/catalogo\/?s={search_term_string}"},"query-input":{"@type":"PropertyValueSpecification","valueRequired":true,"valueName":"search_term_string"}}],"inLanguage":"es"},{"@type":"Organization","@id":"https:\/\/letrame.com\/catalogo\/#organization","name":"Catalogo | Letrame Grupo Editorial","url":"https:\/\/letrame.com\/catalogo\/","logo":{"@type":"ImageObject","inLanguage":"es","@id":"https:\/\/letrame.com\/catalogo\/#\/schema\/logo\/image\/","url":"https:\/\/letrame.com\/catalogo\/wp-content\/uploads\/2024\/03\/logo2.webp","contentUrl":"https:\/\/letrame.com\/catalogo\/wp-content\/uploads\/2024\/03\/logo2.webp","width":394,"height":128,"caption":"Catalogo | Letrame Grupo Editorial"},"image":{"@id":"https:\/\/letrame.com\/catalogo\/#\/schema\/logo\/image\/"}}]}},"_links":{"self":[{"href":"https:\/\/letrame.com\/catalogo\/wp-json\/wp\/v2\/product\/111473","targetHints":{"allow":["GET"]}}],"collection":[{"href":"https:\/\/letrame.com\/catalogo\/wp-json\/wp\/v2\/product"}],"about":[{"href":"https:\/\/letrame.com\/catalogo\/wp-json\/wp\/v2\/types\/product"}],"replies":[{"embeddable":true,"href":"https:\/\/letrame.com\/catalogo\/wp-json\/wp\/v2\/comments?post=111473"}],"acf:post":[{"embeddable":true,"href":"https:\/\/letrame.com\/catalogo\/wp-json\/wp\/v2\/author_book\/111474"}],"wp:featuredmedia":[{"embeddable":true,"href":"https:\/\/letrame.com\/catalogo\/wp-json\/wp\/v2\/media\/111478"}],"wp:attachment":[{"href":"https:\/\/letrame.com\/catalogo\/wp-json\/wp\/v2\/media?parent=111473"}],"wp:term":[{"taxonomy":"libro","embeddable":true,"href":"https:\/\/letrame.com\/catalogo\/wp-json\/wp\/v2\/libro?post=111473"},{"taxonomy":"product_brand","embeddable":true,"href":"https:\/\/letrame.com\/catalogo\/wp-json\/wp\/v2\/product_brand?post=111473"},{"taxonomy":"product_cat","embeddable":true,"href":"https:\/\/letrame.com\/catalogo\/wp-json\/wp\/v2\/product_cat?post=111473"},{"taxonomy":"product_tag","embeddable":true,"href":"https:\/\/letrame.com\/catalogo\/wp-json\/wp\/v2\/product_tag?post=111473"}],"curies":[{"name":"wp","href":"https:\/\/api.w.org\/{rel}","templated":true}]}}