{"id":111454,"date":"2026-03-17T15:49:05","date_gmt":"2026-03-17T14:49:05","guid":{"rendered":"https:\/\/letrame.com\/catalogo\/?post_type=product&#038;p=111454"},"modified":"2026-03-17T15:49:06","modified_gmt":"2026-03-17T14:49:06","slug":"lo-que-nadie-te-enseno-de-la-bolsa-2o-edicion","status":"publish","type":"product","link":"https:\/\/letrame.com\/catalogo\/producto\/lo-que-nadie-te-enseno-de-la-bolsa-2o-edicion\/","title":{"rendered":"Lo que nadie te ense\u00f1\u00f3 de la bolsa. 2\u00ba Edici\u00f3n"},"content":{"rendered":"<p class=\"p1\"><b>ISBN: 9791370295608<\/b><b><\/b><\/p>\n<p class=\"p1\"><b>T\u00edtulo: Lo que nadie te ense\u00f1\u00f3 de la bolsa. 2\u00ba Edici\u00f3n<br \/>\nEl libro para aprender a invertir sin falsas promesas<\/b><br \/>\n<b>Fecha: 2025<\/b><br \/>\n<b>P\u00e1ginas: 414<\/b><b><\/b><\/p>\n<p class=\"p1\"><b>SINOPSIS<\/b><\/p>\n<p class=\"p1\">\u00bfCansado de falsas promesas sobre c\u00f3mo hacerte rico en tiempo r\u00e9cord? Este libro no es otro cuento de hadas financiero. En Lo que nadie te ense\u00f1\u00f3 de la bolsa, descubrir\u00e1s las verdades inc\u00f3modas y las claves esenciales para entender el mercado burs\u00e1til y empezar a invertir con confianza. Desde los cimientos hasta las estrategias avanzadas, este manual combina teor\u00eda y pr\u00e1ctica con un enfoque directo y sin edulcorantes.<\/p>\n<p class=\"p1\">Aprender\u00e1s:<\/p>\n<ul class=\"ul1\">\n<li class=\"li1\">C\u00f3mo funcionan realmente la bolsa y sus actores principales.<\/li>\n<li class=\"li1\">Las herramientas esenciales para gestionar el riesgo y diversificar tus inversiones.<\/li>\n<li class=\"li1\">M\u00e9todos pr\u00e1cticos para interpretar gr\u00e1ficos, patrones y tendencias.<\/li>\n<li class=\"li1\">La importancia de la psicolog\u00eda y la disciplina emocional en cada decisi\u00f3n.<\/li>\n<\/ul>\n<p class=\"p1\">Acompa\u00f1ado por an\u00e9cdotas personales y ejemplos claros, este libro ofrece una gu\u00eda estructurada y accesible tanto para principiantes como para quienes buscan consolidar sus conocimientos en un mundo financiero cada vez m\u00e1s complejo. Aqu\u00ed no encontrar\u00e1s atajos ni milagros, pero s\u00ed el camino para convertirte en un inversor informado y preparado.<\/p>\n<p class=\"p1\">Aqu\u00ed aprender\u00e1s lo que nadie te ense\u00f1\u00f3 de la bolsa.<\/p>\n","protected":false},"excerpt":{"rendered":"<p class=\"p1\"><b>ISBN: 9791370295608<\/b><b><\/b><\/p>\n<p class=\"p1\"><b>SINOPSIS<\/b><\/p>\n<p class=\"p1\">\u00bfCansado de falsas promesas sobre c\u00f3mo hacerte rico en tiempo r\u00e9cord? Este libro no es otro cuento de hadas financiero. En Lo que nadie te ense\u00f1\u00f3 de la bolsa, descubrir\u00e1s las verdades inc\u00f3modas y las claves esenciales para entender el mercado burs\u00e1til y empezar a invertir con confianza. Desde los cimientos hasta las estrategias avanzadas, este manual combina teor\u00eda y pr\u00e1ctica con un enfoque directo y sin edulcorantes.<\/p>\n<p class=\"p1\">Aprender\u00e1s:<\/p>\n<ul class=\"ul1\">\n<li class=\"li1\">C\u00f3mo funcionan realmente la bolsa y sus actores principales.<\/li>\n<li class=\"li1\">Las herramientas esenciales para gestionar el riesgo y diversificar tus inversiones.<\/li>\n<li class=\"li1\">M\u00e9todos pr\u00e1cticos para interpretar gr\u00e1ficos, patrones y tendencias.<\/li>\n<li class=\"li1\">La importancia de la psicolog\u00eda y la disciplina emocional en cada decisi\u00f3n.<\/li>\n<\/ul>\n<p class=\"p1\">Acompa\u00f1ado por an\u00e9cdotas personales y ejemplos claros, este libro ofrece una gu\u00eda estructurada y accesible tanto para principiantes como para quienes buscan consolidar sus conocimientos en un mundo financiero cada vez m\u00e1s complejo. Aqu\u00ed no encontrar\u00e1s atajos ni milagros, pero s\u00ed el camino para convertirte en un inversor informado y preparado.<\/p>\n<p class=\"p1\">Aqu\u00ed aprender\u00e1s lo que nadie te ense\u00f1\u00f3 de la bolsa.<\/p>\n","protected":false},"featured_media":111457,"comment_status":"open","ping_status":"closed","template":"","meta":{"_acf_changed":false},"libro":[],"product_brand":[],"product_cat":[40],"product_tag":[],"class_list":{"0":"post-111454","1":"product","2":"type-product","3":"status-publish","4":"has-post-thumbnail","6":"product_cat-economia","8":"first","9":"instock","10":"shipping-taxable","11":"product-type-simple"},"acf":{"autor":[111455],"enlace_de_compra":"https:\/\/amzn.to\/4uuLl2t"},"yoast_head":"<!-- This site is optimized with the Yoast SEO plugin v27.4 - https:\/\/yoast.com\/product\/yoast-seo-wordpress\/ -->\n<title>Lo que nadie te ense\u00f1\u00f3 de la bolsa. 2\u00ba Edici\u00f3n - Catalogo | Letrame Grupo Editorial<\/title>\n<meta name=\"robots\" content=\"index, follow, max-snippet:-1, max-image-preview:large, max-video-preview:-1\" \/>\n<link rel=\"canonical\" href=\"https:\/\/letrame.com\/catalogo\/producto\/lo-que-nadie-te-enseno-de-la-bolsa-2o-edicion\/\" \/>\n<meta property=\"og:locale\" content=\"es_ES\" \/>\n<meta property=\"og:type\" content=\"article\" \/>\n<meta property=\"og:title\" content=\"Lo que nadie te ense\u00f1\u00f3 de la bolsa. 2\u00ba Edici\u00f3n - Catalogo | Letrame Grupo Editorial\" \/>\n<meta property=\"og:description\" content=\"ISBN: 9791370295608 SINOPSIS \u00bfCansado de falsas promesas sobre c\u00f3mo hacerte rico en tiempo r\u00e9cord? Este libro no es otro cuento de hadas financiero. En Lo que nadie te ense\u00f1\u00f3 de la bolsa, descubrir\u00e1s las verdades inc\u00f3modas y las claves esenciales para entender el mercado burs\u00e1til y empezar a invertir con confianza. Desde los cimientos hasta las estrategias avanzadas, este manual combina teor\u00eda y pr\u00e1ctica con un enfoque directo y sin edulcorantes. Aprender\u00e1s:    C\u00f3mo funcionan realmente la bolsa y sus actores principales.  Las herramientas esenciales para gestionar el riesgo y diversificar tus inversiones.  M\u00e9todos pr\u00e1cticos para interpretar gr\u00e1ficos, patrones y tendencias.  La importancia de la psicolog\u00eda y la disciplina emocional en cada decisi\u00f3n.  Acompa\u00f1ado por an\u00e9cdotas personales y ejemplos claros, este libro ofrece una gu\u00eda estructurada y accesible tanto para principiantes como para quienes buscan consolidar sus conocimientos en un mundo financiero cada vez m\u00e1s complejo. Aqu\u00ed no encontrar\u00e1s atajos ni milagros, pero s\u00ed el camino para convertirte en un inversor informado y preparado. Aqu\u00ed aprender\u00e1s lo que nadie te ense\u00f1\u00f3 de la bolsa.\" \/>\n<meta property=\"og:url\" content=\"https:\/\/letrame.com\/catalogo\/producto\/lo-que-nadie-te-enseno-de-la-bolsa-2o-edicion\/\" \/>\n<meta property=\"og:site_name\" content=\"Catalogo | Letrame Grupo Editorial\" \/>\n<meta property=\"article:modified_time\" content=\"2026-03-17T14:49:06+00:00\" \/>\n<meta property=\"og:image\" content=\"https:\/\/letrame.com\/catalogo\/wp-content\/uploads\/2026\/03\/portada-5.jpg\" \/>\n\t<meta property=\"og:image:width\" content=\"1772\" \/>\n\t<meta property=\"og:image:height\" content=\"2480\" \/>\n\t<meta property=\"og:image:type\" content=\"image\/jpeg\" \/>\n<meta name=\"twitter:card\" content=\"summary_large_image\" \/>\n<meta name=\"twitter:label1\" content=\"Tiempo de lectura\" \/>\n\t<meta name=\"twitter:data1\" content=\"1 minuto\" \/>\n<script type=\"application\/ld+json\" class=\"yoast-schema-graph\">{\"@context\":\"https:\\\/\\\/schema.org\",\"@graph\":[{\"@type\":\"WebPage\",\"@id\":\"https:\\\/\\\/letrame.com\\\/catalogo\\\/producto\\\/lo-que-nadie-te-enseno-de-la-bolsa-2o-edicion\\\/\",\"url\":\"https:\\\/\\\/letrame.com\\\/catalogo\\\/producto\\\/lo-que-nadie-te-enseno-de-la-bolsa-2o-edicion\\\/\",\"name\":\"Lo que nadie te ense\u00f1\u00f3 de la bolsa. 2\u00ba Edici\u00f3n - Catalogo | Letrame Grupo Editorial\",\"isPartOf\":{\"@id\":\"https:\\\/\\\/letrame.com\\\/catalogo\\\/#website\"},\"primaryImageOfPage\":{\"@id\":\"https:\\\/\\\/letrame.com\\\/catalogo\\\/producto\\\/lo-que-nadie-te-enseno-de-la-bolsa-2o-edicion\\\/#primaryimage\"},\"image\":{\"@id\":\"https:\\\/\\\/letrame.com\\\/catalogo\\\/producto\\\/lo-que-nadie-te-enseno-de-la-bolsa-2o-edicion\\\/#primaryimage\"},\"thumbnailUrl\":\"https:\\\/\\\/letrame.com\\\/catalogo\\\/wp-content\\\/uploads\\\/2026\\\/03\\\/portada-5.jpg\",\"datePublished\":\"2026-03-17T14:49:05+00:00\",\"dateModified\":\"2026-03-17T14:49:06+00:00\",\"breadcrumb\":{\"@id\":\"https:\\\/\\\/letrame.com\\\/catalogo\\\/producto\\\/lo-que-nadie-te-enseno-de-la-bolsa-2o-edicion\\\/#breadcrumb\"},\"inLanguage\":\"es\",\"potentialAction\":[{\"@type\":\"ReadAction\",\"target\":[\"https:\\\/\\\/letrame.com\\\/catalogo\\\/producto\\\/lo-que-nadie-te-enseno-de-la-bolsa-2o-edicion\\\/\"]}]},{\"@type\":\"ImageObject\",\"inLanguage\":\"es\",\"@id\":\"https:\\\/\\\/letrame.com\\\/catalogo\\\/producto\\\/lo-que-nadie-te-enseno-de-la-bolsa-2o-edicion\\\/#primaryimage\",\"url\":\"https:\\\/\\\/letrame.com\\\/catalogo\\\/wp-content\\\/uploads\\\/2026\\\/03\\\/portada-5.jpg\",\"contentUrl\":\"https:\\\/\\\/letrame.com\\\/catalogo\\\/wp-content\\\/uploads\\\/2026\\\/03\\\/portada-5.jpg\",\"width\":1772,\"height\":2480},{\"@type\":\"BreadcrumbList\",\"@id\":\"https:\\\/\\\/letrame.com\\\/catalogo\\\/producto\\\/lo-que-nadie-te-enseno-de-la-bolsa-2o-edicion\\\/#breadcrumb\",\"itemListElement\":[{\"@type\":\"ListItem\",\"position\":1,\"name\":\"Portada\",\"item\":\"https:\\\/\\\/letrame.com\\\/catalogo\\\/\"},{\"@type\":\"ListItem\",\"position\":2,\"name\":\"Cat\u00e1logo\",\"item\":\"https:\\\/\\\/letrame.com\\\/catalogo\\\/\"},{\"@type\":\"ListItem\",\"position\":3,\"name\":\"Lo que nadie te ense\u00f1\u00f3 de la bolsa. 2\u00ba Edici\u00f3n\"}]},{\"@type\":\"WebSite\",\"@id\":\"https:\\\/\\\/letrame.com\\\/catalogo\\\/#website\",\"url\":\"https:\\\/\\\/letrame.com\\\/catalogo\\\/\",\"name\":\"Catalogo | Letrame Grupo Editorial\",\"description\":\"\",\"publisher\":{\"@id\":\"https:\\\/\\\/letrame.com\\\/catalogo\\\/#organization\"},\"potentialAction\":[{\"@type\":\"SearchAction\",\"target\":{\"@type\":\"EntryPoint\",\"urlTemplate\":\"https:\\\/\\\/letrame.com\\\/catalogo\\\/?s={search_term_string}\"},\"query-input\":{\"@type\":\"PropertyValueSpecification\",\"valueRequired\":true,\"valueName\":\"search_term_string\"}}],\"inLanguage\":\"es\"},{\"@type\":\"Organization\",\"@id\":\"https:\\\/\\\/letrame.com\\\/catalogo\\\/#organization\",\"name\":\"Catalogo | Letrame Grupo Editorial\",\"url\":\"https:\\\/\\\/letrame.com\\\/catalogo\\\/\",\"logo\":{\"@type\":\"ImageObject\",\"inLanguage\":\"es\",\"@id\":\"https:\\\/\\\/letrame.com\\\/catalogo\\\/#\\\/schema\\\/logo\\\/image\\\/\",\"url\":\"https:\\\/\\\/letrame.com\\\/catalogo\\\/wp-content\\\/uploads\\\/2024\\\/03\\\/logo2.webp\",\"contentUrl\":\"https:\\\/\\\/letrame.com\\\/catalogo\\\/wp-content\\\/uploads\\\/2024\\\/03\\\/logo2.webp\",\"width\":394,\"height\":128,\"caption\":\"Catalogo | Letrame Grupo Editorial\"},\"image\":{\"@id\":\"https:\\\/\\\/letrame.com\\\/catalogo\\\/#\\\/schema\\\/logo\\\/image\\\/\"}}]}<\/script>\n<!-- \/ Yoast SEO plugin. -->","yoast_head_json":{"title":"Lo que nadie te ense\u00f1\u00f3 de la bolsa. 2\u00ba Edici\u00f3n - Catalogo | Letrame Grupo Editorial","robots":{"index":"index","follow":"follow","max-snippet":"max-snippet:-1","max-image-preview":"max-image-preview:large","max-video-preview":"max-video-preview:-1"},"canonical":"https:\/\/letrame.com\/catalogo\/producto\/lo-que-nadie-te-enseno-de-la-bolsa-2o-edicion\/","og_locale":"es_ES","og_type":"article","og_title":"Lo que nadie te ense\u00f1\u00f3 de la bolsa. 2\u00ba Edici\u00f3n - Catalogo | Letrame Grupo Editorial","og_description":"ISBN: 9791370295608 SINOPSIS \u00bfCansado de falsas promesas sobre c\u00f3mo hacerte rico en tiempo r\u00e9cord? Este libro no es otro cuento de hadas financiero. En Lo que nadie te ense\u00f1\u00f3 de la bolsa, descubrir\u00e1s las verdades inc\u00f3modas y las claves esenciales para entender el mercado burs\u00e1til y empezar a invertir con confianza. Desde los cimientos hasta las estrategias avanzadas, este manual combina teor\u00eda y pr\u00e1ctica con un enfoque directo y sin edulcorantes. Aprender\u00e1s:    C\u00f3mo funcionan realmente la bolsa y sus actores principales.  Las herramientas esenciales para gestionar el riesgo y diversificar tus inversiones.  M\u00e9todos pr\u00e1cticos para interpretar gr\u00e1ficos, patrones y tendencias.  La importancia de la psicolog\u00eda y la disciplina emocional en cada decisi\u00f3n.  Acompa\u00f1ado por an\u00e9cdotas personales y ejemplos claros, este libro ofrece una gu\u00eda estructurada y accesible tanto para principiantes como para quienes buscan consolidar sus conocimientos en un mundo financiero cada vez m\u00e1s complejo. Aqu\u00ed no encontrar\u00e1s atajos ni milagros, pero s\u00ed el camino para convertirte en un inversor informado y preparado. Aqu\u00ed aprender\u00e1s lo que nadie te ense\u00f1\u00f3 de la bolsa.","og_url":"https:\/\/letrame.com\/catalogo\/producto\/lo-que-nadie-te-enseno-de-la-bolsa-2o-edicion\/","og_site_name":"Catalogo | Letrame Grupo Editorial","article_modified_time":"2026-03-17T14:49:06+00:00","og_image":[{"width":1772,"height":2480,"url":"https:\/\/letrame.com\/catalogo\/wp-content\/uploads\/2026\/03\/portada-5.jpg","type":"image\/jpeg"}],"twitter_card":"summary_large_image","twitter_misc":{"Tiempo de lectura":"1 minuto"},"schema":{"@context":"https:\/\/schema.org","@graph":[{"@type":"WebPage","@id":"https:\/\/letrame.com\/catalogo\/producto\/lo-que-nadie-te-enseno-de-la-bolsa-2o-edicion\/","url":"https:\/\/letrame.com\/catalogo\/producto\/lo-que-nadie-te-enseno-de-la-bolsa-2o-edicion\/","name":"Lo que nadie te ense\u00f1\u00f3 de la bolsa. 2\u00ba Edici\u00f3n - Catalogo | Letrame Grupo Editorial","isPartOf":{"@id":"https:\/\/letrame.com\/catalogo\/#website"},"primaryImageOfPage":{"@id":"https:\/\/letrame.com\/catalogo\/producto\/lo-que-nadie-te-enseno-de-la-bolsa-2o-edicion\/#primaryimage"},"image":{"@id":"https:\/\/letrame.com\/catalogo\/producto\/lo-que-nadie-te-enseno-de-la-bolsa-2o-edicion\/#primaryimage"},"thumbnailUrl":"https:\/\/letrame.com\/catalogo\/wp-content\/uploads\/2026\/03\/portada-5.jpg","datePublished":"2026-03-17T14:49:05+00:00","dateModified":"2026-03-17T14:49:06+00:00","breadcrumb":{"@id":"https:\/\/letrame.com\/catalogo\/producto\/lo-que-nadie-te-enseno-de-la-bolsa-2o-edicion\/#breadcrumb"},"inLanguage":"es","potentialAction":[{"@type":"ReadAction","target":["https:\/\/letrame.com\/catalogo\/producto\/lo-que-nadie-te-enseno-de-la-bolsa-2o-edicion\/"]}]},{"@type":"ImageObject","inLanguage":"es","@id":"https:\/\/letrame.com\/catalogo\/producto\/lo-que-nadie-te-enseno-de-la-bolsa-2o-edicion\/#primaryimage","url":"https:\/\/letrame.com\/catalogo\/wp-content\/uploads\/2026\/03\/portada-5.jpg","contentUrl":"https:\/\/letrame.com\/catalogo\/wp-content\/uploads\/2026\/03\/portada-5.jpg","width":1772,"height":2480},{"@type":"BreadcrumbList","@id":"https:\/\/letrame.com\/catalogo\/producto\/lo-que-nadie-te-enseno-de-la-bolsa-2o-edicion\/#breadcrumb","itemListElement":[{"@type":"ListItem","position":1,"name":"Portada","item":"https:\/\/letrame.com\/catalogo\/"},{"@type":"ListItem","position":2,"name":"Cat\u00e1logo","item":"https:\/\/letrame.com\/catalogo\/"},{"@type":"ListItem","position":3,"name":"Lo que nadie te ense\u00f1\u00f3 de la bolsa. 2\u00ba Edici\u00f3n"}]},{"@type":"WebSite","@id":"https:\/\/letrame.com\/catalogo\/#website","url":"https:\/\/letrame.com\/catalogo\/","name":"Catalogo | Letrame Grupo Editorial","description":"","publisher":{"@id":"https:\/\/letrame.com\/catalogo\/#organization"},"potentialAction":[{"@type":"SearchAction","target":{"@type":"EntryPoint","urlTemplate":"https:\/\/letrame.com\/catalogo\/?s={search_term_string}"},"query-input":{"@type":"PropertyValueSpecification","valueRequired":true,"valueName":"search_term_string"}}],"inLanguage":"es"},{"@type":"Organization","@id":"https:\/\/letrame.com\/catalogo\/#organization","name":"Catalogo | Letrame Grupo Editorial","url":"https:\/\/letrame.com\/catalogo\/","logo":{"@type":"ImageObject","inLanguage":"es","@id":"https:\/\/letrame.com\/catalogo\/#\/schema\/logo\/image\/","url":"https:\/\/letrame.com\/catalogo\/wp-content\/uploads\/2024\/03\/logo2.webp","contentUrl":"https:\/\/letrame.com\/catalogo\/wp-content\/uploads\/2024\/03\/logo2.webp","width":394,"height":128,"caption":"Catalogo | Letrame Grupo Editorial"},"image":{"@id":"https:\/\/letrame.com\/catalogo\/#\/schema\/logo\/image\/"}}]}},"_links":{"self":[{"href":"https:\/\/letrame.com\/catalogo\/wp-json\/wp\/v2\/product\/111454","targetHints":{"allow":["GET"]}}],"collection":[{"href":"https:\/\/letrame.com\/catalogo\/wp-json\/wp\/v2\/product"}],"about":[{"href":"https:\/\/letrame.com\/catalogo\/wp-json\/wp\/v2\/types\/product"}],"replies":[{"embeddable":true,"href":"https:\/\/letrame.com\/catalogo\/wp-json\/wp\/v2\/comments?post=111454"}],"acf:post":[{"embeddable":true,"href":"https:\/\/letrame.com\/catalogo\/wp-json\/wp\/v2\/author_book\/111455"}],"wp:featuredmedia":[{"embeddable":true,"href":"https:\/\/letrame.com\/catalogo\/wp-json\/wp\/v2\/media\/111457"}],"wp:attachment":[{"href":"https:\/\/letrame.com\/catalogo\/wp-json\/wp\/v2\/media?parent=111454"}],"wp:term":[{"taxonomy":"libro","embeddable":true,"href":"https:\/\/letrame.com\/catalogo\/wp-json\/wp\/v2\/libro?post=111454"},{"taxonomy":"product_brand","embeddable":true,"href":"https:\/\/letrame.com\/catalogo\/wp-json\/wp\/v2\/product_brand?post=111454"},{"taxonomy":"product_cat","embeddable":true,"href":"https:\/\/letrame.com\/catalogo\/wp-json\/wp\/v2\/product_cat?post=111454"},{"taxonomy":"product_tag","embeddable":true,"href":"https:\/\/letrame.com\/catalogo\/wp-json\/wp\/v2\/product_tag?post=111454"}],"curies":[{"name":"wp","href":"https:\/\/api.w.org\/{rel}","templated":true}]}}