{"id":111449,"date":"2026-03-20T12:03:46","date_gmt":"2026-03-20T11:03:46","guid":{"rendered":"https:\/\/letrame.com\/catalogo\/?post_type=product&#038;p=111449"},"modified":"2026-03-20T12:06:54","modified_gmt":"2026-03-20T11:06:54","slug":"sin-peto-y-sin-espaldar-2","status":"publish","type":"product","link":"https:\/\/letrame.com\/catalogo\/producto\/sin-peto-y-sin-espaldar-2\/","title":{"rendered":"Sin peto y sin espaldar"},"content":{"rendered":"<p class=\"p1\"><b>ISBN: 9791370293628<\/b><b><\/b><\/p>\n<p class=\"p1\"><b>T\u00edtulo: Sin peto y sin espaldar<\/b><br \/>\n<b>Fecha: 2025<\/b><br \/>\n<b>P\u00e1ginas: 214<\/b><b><\/b><\/p>\n<p class=\"p1\"><b>SINOPSIS<\/b><\/p>\n<p class=\"p1\">Si tienes m\u00e1s de cincuenta a\u00f1os, aqu\u00ed est\u00e1 tu vida, encontrar\u00e1s cosas que hiciste por tu iniciativa o porque no te qued\u00f3 m\u00e1s remedio, cosas que seguro superar\u00e1n las que hice yo, logros que conseguiste por tu esfuerzo y perseverancia, regalar\u00e1s esta biogratia a tus amigos para que sepan lo que pasaste t\u00fa y lo que pasaron ellos, cada uno en su recorrido, \u00abdesnudos\u00bb. Sin embargo hoy, gracias a ti mismo, caminas por la vida, como yo.<\/p>\n<p class=\"p1\">CON PETO Y CON ESPALDAR<\/p>\n<p class=\"p1\">Si eres m\u00e1s joven, recordar\u00e1s cosas de tus padres que seguramente te contaron, tal vez les regales esta historia por considerar que son protagonistas de ella y, encontrar\u00e1s similitud a los esfuerzos que est\u00e1s realizando, aunque los medios, siempre dif\u00edciles, ser\u00e1n distintos por la diferencia en los tiempos. En la vida se aprende de dos formas, una es la \u00abobligada\u00bb, la que te ense\u00f1an en el colegio y la universidad, que aprendes con m\u00e1s o menos inter\u00e9s. La otra es la que te ense\u00f1a la vida, mucho m\u00e1s dura pero mucho m\u00e1s eficaz. Esta la aprendes aunque no quieras, nada de lo que te ense\u00f1a la vida se olvida jam\u00e1s.<\/p>\n","protected":false},"excerpt":{"rendered":"<p class=\"p1\"><b>ISBN: 9791370293628<\/b><b><\/b><\/p>\n<p class=\"p1\"><b>SINOPSIS<\/b><\/p>\n<p class=\"p1\">Si tienes m\u00e1s de cincuenta a\u00f1os, aqu\u00ed est\u00e1 tu vida, encontrar\u00e1s cosas que hiciste por tu iniciativa o porque no te qued\u00f3 m\u00e1s remedio, cosas que seguro superar\u00e1n las que hice yo, logros que conseguiste por tu esfuerzo y perseverancia, regalar\u00e1s esta biogratia a tus amigos para que sepan lo que pasaste t\u00fa y lo que pasaron ellos, cada uno en su recorrido, \u00abdesnudos\u00bb. Sin embargo hoy, gracias a ti mismo, caminas por la vida, como yo.<\/p>\n<p class=\"p1\">CON PETO Y CON ESPALDAR<\/p>\n<p class=\"p1\">Si eres m\u00e1s joven, recordar\u00e1s cosas de tus padres que seguramente te contaron, tal vez les regales esta historia por considerar que son protagonistas de ella y, encontrar\u00e1s similitud a los esfuerzos que est\u00e1s realizando, aunque los medios, siempre dif\u00edciles, ser\u00e1n distintos por la diferencia en los tiempos. En la vida se aprende de dos formas, una es la \u00abobligada\u00bb, la que te ense\u00f1an en el colegio y la universidad, que aprendes con m\u00e1s o menos inter\u00e9s. La otra es la que te ense\u00f1a la vida, mucho m\u00e1s dura pero mucho m\u00e1s eficaz. Esta la aprendes aunque no quieras, nada de lo que te ense\u00f1a la vida se olvida jam\u00e1s.<\/p>\n","protected":false},"featured_media":111453,"comment_status":"open","ping_status":"closed","template":"","meta":{"_acf_changed":false},"libro":[],"product_brand":[],"product_cat":[133],"product_tag":[],"class_list":{"0":"post-111449","1":"product","2":"type-product","3":"status-publish","4":"has-post-thumbnail","6":"product_cat-no-ficcion","8":"first","9":"instock","10":"shipping-taxable","11":"product-type-simple"},"acf":{"autor":[111451],"enlace_de_compra":"https:\/\/amzn.to\/40EZyfx"},"yoast_head":"<!-- This site is optimized with the Yoast SEO plugin v26.6 - https:\/\/yoast.com\/wordpress\/plugins\/seo\/ -->\n<title>Sin peto y sin espaldar - Catalogo | Letrame Grupo Editorial<\/title>\n<meta name=\"robots\" content=\"index, follow, max-snippet:-1, max-image-preview:large, max-video-preview:-1\" \/>\n<link rel=\"canonical\" href=\"https:\/\/letrame.com\/catalogo\/producto\/sin-peto-y-sin-espaldar-2\/\" \/>\n<meta property=\"og:locale\" content=\"es_ES\" \/>\n<meta property=\"og:type\" content=\"article\" \/>\n<meta property=\"og:title\" content=\"Sin peto y sin espaldar - Catalogo | Letrame Grupo Editorial\" \/>\n<meta property=\"og:description\" content=\"ISBN: 9791370293628 SINOPSIS Si tienes m\u00e1s de cincuenta a\u00f1os, aqu\u00ed est\u00e1 tu vida, encontrar\u00e1s cosas que hiciste por tu iniciativa o porque no te qued\u00f3 m\u00e1s remedio, cosas que seguro superar\u00e1n las que hice yo, logros que conseguiste por tu esfuerzo y perseverancia, regalar\u00e1s esta biogratia a tus amigos para que sepan lo que pasaste t\u00fa y lo que pasaron ellos, cada uno en su recorrido, \u00abdesnudos\u00bb. Sin embargo hoy, gracias a ti mismo, caminas por la vida, como yo. CON PETO Y CON ESPALDAR Si eres m\u00e1s joven, recordar\u00e1s cosas de tus padres que seguramente te contaron, tal vez les regales esta historia por considerar que son protagonistas de ella y, encontrar\u00e1s similitud a los esfuerzos que est\u00e1s realizando, aunque los medios, siempre dif\u00edciles, ser\u00e1n distintos por la diferencia en los tiempos. En la vida se aprende de dos formas, una es la \u00abobligada\u00bb, la que te ense\u00f1an en el colegio y la universidad, que aprendes con m\u00e1s o menos inter\u00e9s. La otra es la que te ense\u00f1a la vida, mucho m\u00e1s dura pero mucho m\u00e1s eficaz. Esta la aprendes aunque no quieras, nada de lo que te ense\u00f1a la vida se olvida jam\u00e1s.\" \/>\n<meta property=\"og:url\" content=\"https:\/\/letrame.com\/catalogo\/producto\/sin-peto-y-sin-espaldar-2\/\" \/>\n<meta property=\"og:site_name\" content=\"Catalogo | Letrame Grupo Editorial\" \/>\n<meta property=\"article:modified_time\" content=\"2026-03-20T11:06:54+00:00\" \/>\n<meta property=\"og:image\" content=\"https:\/\/letrame.com\/catalogo\/wp-content\/uploads\/2026\/03\/portada-4-scaled.jpg\" \/>\n\t<meta property=\"og:image:width\" content=\"1828\" \/>\n\t<meta property=\"og:image:height\" content=\"2560\" \/>\n\t<meta property=\"og:image:type\" content=\"image\/jpeg\" \/>\n<meta name=\"twitter:card\" content=\"summary_large_image\" \/>\n<meta name=\"twitter:label1\" content=\"Tiempo de lectura\" \/>\n\t<meta name=\"twitter:data1\" content=\"2 minutos\" \/>\n<script type=\"application\/ld+json\" class=\"yoast-schema-graph\">{\"@context\":\"https:\/\/schema.org\",\"@graph\":[{\"@type\":\"WebPage\",\"@id\":\"https:\/\/letrame.com\/catalogo\/producto\/sin-peto-y-sin-espaldar-2\/\",\"url\":\"https:\/\/letrame.com\/catalogo\/producto\/sin-peto-y-sin-espaldar-2\/\",\"name\":\"Sin peto y sin espaldar - Catalogo | Letrame Grupo Editorial\",\"isPartOf\":{\"@id\":\"https:\/\/letrame.com\/catalogo\/#website\"},\"primaryImageOfPage\":{\"@id\":\"https:\/\/letrame.com\/catalogo\/producto\/sin-peto-y-sin-espaldar-2\/#primaryimage\"},\"image\":{\"@id\":\"https:\/\/letrame.com\/catalogo\/producto\/sin-peto-y-sin-espaldar-2\/#primaryimage\"},\"thumbnailUrl\":\"https:\/\/letrame.com\/catalogo\/wp-content\/uploads\/2026\/03\/portada-4-scaled.jpg\",\"datePublished\":\"2026-03-20T11:03:46+00:00\",\"dateModified\":\"2026-03-20T11:06:54+00:00\",\"breadcrumb\":{\"@id\":\"https:\/\/letrame.com\/catalogo\/producto\/sin-peto-y-sin-espaldar-2\/#breadcrumb\"},\"inLanguage\":\"es\",\"potentialAction\":[{\"@type\":\"ReadAction\",\"target\":[\"https:\/\/letrame.com\/catalogo\/producto\/sin-peto-y-sin-espaldar-2\/\"]}]},{\"@type\":\"ImageObject\",\"inLanguage\":\"es\",\"@id\":\"https:\/\/letrame.com\/catalogo\/producto\/sin-peto-y-sin-espaldar-2\/#primaryimage\",\"url\":\"https:\/\/letrame.com\/catalogo\/wp-content\/uploads\/2026\/03\/portada-4-scaled.jpg\",\"contentUrl\":\"https:\/\/letrame.com\/catalogo\/wp-content\/uploads\/2026\/03\/portada-4-scaled.jpg\",\"width\":1828,\"height\":2560},{\"@type\":\"BreadcrumbList\",\"@id\":\"https:\/\/letrame.com\/catalogo\/producto\/sin-peto-y-sin-espaldar-2\/#breadcrumb\",\"itemListElement\":[{\"@type\":\"ListItem\",\"position\":1,\"name\":\"Portada\",\"item\":\"https:\/\/letrame.com\/catalogo\/\"},{\"@type\":\"ListItem\",\"position\":2,\"name\":\"Cat\u00e1logo\",\"item\":\"https:\/\/letrame.com\/catalogo\/\"},{\"@type\":\"ListItem\",\"position\":3,\"name\":\"Sin peto y sin espaldar\"}]},{\"@type\":\"WebSite\",\"@id\":\"https:\/\/letrame.com\/catalogo\/#website\",\"url\":\"https:\/\/letrame.com\/catalogo\/\",\"name\":\"Catalogo | Letrame Grupo Editorial\",\"description\":\"\",\"publisher\":{\"@id\":\"https:\/\/letrame.com\/catalogo\/#organization\"},\"potentialAction\":[{\"@type\":\"SearchAction\",\"target\":{\"@type\":\"EntryPoint\",\"urlTemplate\":\"https:\/\/letrame.com\/catalogo\/?s={search_term_string}\"},\"query-input\":{\"@type\":\"PropertyValueSpecification\",\"valueRequired\":true,\"valueName\":\"search_term_string\"}}],\"inLanguage\":\"es\"},{\"@type\":\"Organization\",\"@id\":\"https:\/\/letrame.com\/catalogo\/#organization\",\"name\":\"Catalogo | Letrame Grupo Editorial\",\"url\":\"https:\/\/letrame.com\/catalogo\/\",\"logo\":{\"@type\":\"ImageObject\",\"inLanguage\":\"es\",\"@id\":\"https:\/\/letrame.com\/catalogo\/#\/schema\/logo\/image\/\",\"url\":\"https:\/\/letrame.com\/catalogo\/wp-content\/uploads\/2024\/03\/logo2.webp\",\"contentUrl\":\"https:\/\/letrame.com\/catalogo\/wp-content\/uploads\/2024\/03\/logo2.webp\",\"width\":394,\"height\":128,\"caption\":\"Catalogo | Letrame Grupo Editorial\"},\"image\":{\"@id\":\"https:\/\/letrame.com\/catalogo\/#\/schema\/logo\/image\/\"}}]}<\/script>\n<!-- \/ Yoast SEO plugin. -->","yoast_head_json":{"title":"Sin peto y sin espaldar - Catalogo | Letrame Grupo Editorial","robots":{"index":"index","follow":"follow","max-snippet":"max-snippet:-1","max-image-preview":"max-image-preview:large","max-video-preview":"max-video-preview:-1"},"canonical":"https:\/\/letrame.com\/catalogo\/producto\/sin-peto-y-sin-espaldar-2\/","og_locale":"es_ES","og_type":"article","og_title":"Sin peto y sin espaldar - Catalogo | Letrame Grupo Editorial","og_description":"ISBN: 9791370293628 SINOPSIS Si tienes m\u00e1s de cincuenta a\u00f1os, aqu\u00ed est\u00e1 tu vida, encontrar\u00e1s cosas que hiciste por tu iniciativa o porque no te qued\u00f3 m\u00e1s remedio, cosas que seguro superar\u00e1n las que hice yo, logros que conseguiste por tu esfuerzo y perseverancia, regalar\u00e1s esta biogratia a tus amigos para que sepan lo que pasaste t\u00fa y lo que pasaron ellos, cada uno en su recorrido, \u00abdesnudos\u00bb. Sin embargo hoy, gracias a ti mismo, caminas por la vida, como yo. CON PETO Y CON ESPALDAR Si eres m\u00e1s joven, recordar\u00e1s cosas de tus padres que seguramente te contaron, tal vez les regales esta historia por considerar que son protagonistas de ella y, encontrar\u00e1s similitud a los esfuerzos que est\u00e1s realizando, aunque los medios, siempre dif\u00edciles, ser\u00e1n distintos por la diferencia en los tiempos. En la vida se aprende de dos formas, una es la \u00abobligada\u00bb, la que te ense\u00f1an en el colegio y la universidad, que aprendes con m\u00e1s o menos inter\u00e9s. La otra es la que te ense\u00f1a la vida, mucho m\u00e1s dura pero mucho m\u00e1s eficaz. Esta la aprendes aunque no quieras, nada de lo que te ense\u00f1a la vida se olvida jam\u00e1s.","og_url":"https:\/\/letrame.com\/catalogo\/producto\/sin-peto-y-sin-espaldar-2\/","og_site_name":"Catalogo | Letrame Grupo Editorial","article_modified_time":"2026-03-20T11:06:54+00:00","og_image":[{"width":1828,"height":2560,"url":"https:\/\/letrame.com\/catalogo\/wp-content\/uploads\/2026\/03\/portada-4-scaled.jpg","type":"image\/jpeg"}],"twitter_card":"summary_large_image","twitter_misc":{"Tiempo de lectura":"2 minutos"},"schema":{"@context":"https:\/\/schema.org","@graph":[{"@type":"WebPage","@id":"https:\/\/letrame.com\/catalogo\/producto\/sin-peto-y-sin-espaldar-2\/","url":"https:\/\/letrame.com\/catalogo\/producto\/sin-peto-y-sin-espaldar-2\/","name":"Sin peto y sin espaldar - Catalogo | Letrame Grupo Editorial","isPartOf":{"@id":"https:\/\/letrame.com\/catalogo\/#website"},"primaryImageOfPage":{"@id":"https:\/\/letrame.com\/catalogo\/producto\/sin-peto-y-sin-espaldar-2\/#primaryimage"},"image":{"@id":"https:\/\/letrame.com\/catalogo\/producto\/sin-peto-y-sin-espaldar-2\/#primaryimage"},"thumbnailUrl":"https:\/\/letrame.com\/catalogo\/wp-content\/uploads\/2026\/03\/portada-4-scaled.jpg","datePublished":"2026-03-20T11:03:46+00:00","dateModified":"2026-03-20T11:06:54+00:00","breadcrumb":{"@id":"https:\/\/letrame.com\/catalogo\/producto\/sin-peto-y-sin-espaldar-2\/#breadcrumb"},"inLanguage":"es","potentialAction":[{"@type":"ReadAction","target":["https:\/\/letrame.com\/catalogo\/producto\/sin-peto-y-sin-espaldar-2\/"]}]},{"@type":"ImageObject","inLanguage":"es","@id":"https:\/\/letrame.com\/catalogo\/producto\/sin-peto-y-sin-espaldar-2\/#primaryimage","url":"https:\/\/letrame.com\/catalogo\/wp-content\/uploads\/2026\/03\/portada-4-scaled.jpg","contentUrl":"https:\/\/letrame.com\/catalogo\/wp-content\/uploads\/2026\/03\/portada-4-scaled.jpg","width":1828,"height":2560},{"@type":"BreadcrumbList","@id":"https:\/\/letrame.com\/catalogo\/producto\/sin-peto-y-sin-espaldar-2\/#breadcrumb","itemListElement":[{"@type":"ListItem","position":1,"name":"Portada","item":"https:\/\/letrame.com\/catalogo\/"},{"@type":"ListItem","position":2,"name":"Cat\u00e1logo","item":"https:\/\/letrame.com\/catalogo\/"},{"@type":"ListItem","position":3,"name":"Sin peto y sin espaldar"}]},{"@type":"WebSite","@id":"https:\/\/letrame.com\/catalogo\/#website","url":"https:\/\/letrame.com\/catalogo\/","name":"Catalogo | Letrame Grupo Editorial","description":"","publisher":{"@id":"https:\/\/letrame.com\/catalogo\/#organization"},"potentialAction":[{"@type":"SearchAction","target":{"@type":"EntryPoint","urlTemplate":"https:\/\/letrame.com\/catalogo\/?s={search_term_string}"},"query-input":{"@type":"PropertyValueSpecification","valueRequired":true,"valueName":"search_term_string"}}],"inLanguage":"es"},{"@type":"Organization","@id":"https:\/\/letrame.com\/catalogo\/#organization","name":"Catalogo | Letrame Grupo Editorial","url":"https:\/\/letrame.com\/catalogo\/","logo":{"@type":"ImageObject","inLanguage":"es","@id":"https:\/\/letrame.com\/catalogo\/#\/schema\/logo\/image\/","url":"https:\/\/letrame.com\/catalogo\/wp-content\/uploads\/2024\/03\/logo2.webp","contentUrl":"https:\/\/letrame.com\/catalogo\/wp-content\/uploads\/2024\/03\/logo2.webp","width":394,"height":128,"caption":"Catalogo | Letrame Grupo Editorial"},"image":{"@id":"https:\/\/letrame.com\/catalogo\/#\/schema\/logo\/image\/"}}]}},"_links":{"self":[{"href":"https:\/\/letrame.com\/catalogo\/wp-json\/wp\/v2\/product\/111449","targetHints":{"allow":["GET"]}}],"collection":[{"href":"https:\/\/letrame.com\/catalogo\/wp-json\/wp\/v2\/product"}],"about":[{"href":"https:\/\/letrame.com\/catalogo\/wp-json\/wp\/v2\/types\/product"}],"replies":[{"embeddable":true,"href":"https:\/\/letrame.com\/catalogo\/wp-json\/wp\/v2\/comments?post=111449"}],"acf:post":[{"embeddable":true,"href":"https:\/\/letrame.com\/catalogo\/wp-json\/wp\/v2\/author_book\/111451"}],"wp:featuredmedia":[{"embeddable":true,"href":"https:\/\/letrame.com\/catalogo\/wp-json\/wp\/v2\/media\/111453"}],"wp:attachment":[{"href":"https:\/\/letrame.com\/catalogo\/wp-json\/wp\/v2\/media?parent=111449"}],"wp:term":[{"taxonomy":"libro","embeddable":true,"href":"https:\/\/letrame.com\/catalogo\/wp-json\/wp\/v2\/libro?post=111449"},{"taxonomy":"product_brand","embeddable":true,"href":"https:\/\/letrame.com\/catalogo\/wp-json\/wp\/v2\/product_brand?post=111449"},{"taxonomy":"product_cat","embeddable":true,"href":"https:\/\/letrame.com\/catalogo\/wp-json\/wp\/v2\/product_cat?post=111449"},{"taxonomy":"product_tag","embeddable":true,"href":"https:\/\/letrame.com\/catalogo\/wp-json\/wp\/v2\/product_tag?post=111449"}],"curies":[{"name":"wp","href":"https:\/\/api.w.org\/{rel}","templated":true}]}}