{"id":111447,"date":"2026-03-17T15:35:05","date_gmt":"2026-03-17T14:35:05","guid":{"rendered":"https:\/\/letrame.com\/catalogo\/?post_type=product&#038;p=111447"},"modified":"2026-03-17T15:35:06","modified_gmt":"2026-03-17T14:35:06","slug":"evolucion-en-la-oscuridad","status":"publish","type":"product","link":"https:\/\/letrame.com\/catalogo\/producto\/evolucion-en-la-oscuridad\/","title":{"rendered":"Evoluci\u00f3n en la oscuridad"},"content":{"rendered":"<p class=\"p1\"><b>ISBN: 9791370297237<\/b><b><\/b><\/p>\n<p class=\"p1\"><b>T\u00edtulo: Evoluci\u00f3n en la oscuridad<\/b><br \/>\n<b>Fecha: 2025<\/b><br \/>\n<b>P\u00e1ginas: 436<\/b><b><\/b><\/p>\n<p class=\"p1\"><b>SINOPSIS<\/b><\/p>\n<p class=\"p1\">La guerra es inevitable. En un mundo devastado por un invierno volc\u00e1nico, la tensi\u00f3n entre los sapiens supervivientes y los conexus evolucionados est\u00e1 a punto de estallar. Pero la verdadera batalla se libra en las sombras, donde regresan los protagonistas de Evoluci\u00f3n: Habilidades singulares.<\/p>\n<p class=\"p1\">Los singulares recorren caminos diferentes. Mientras Nina y Sofi cazan al Shinigami, descubren que \u00e9l es solo una pieza en un juego mucho m\u00e1s antiguo. Al mismo tiempo, Hanna y Jean Paul investigan una profec\u00eda que advierte sobre una nueva amenaza: Mrak, una oscuridad capaz de anular sus habilidades y que ha esperado pacientemente el momento de consumir el mundo.<\/p>\n<p class=\"p1\">Atrapados entre un conflicto inminente y visiones de futuros alternos donde ya han sido derrotados, los singulares deben reunirse para una batalla desesperada. En la oscuridad es una obra reflexiva sobre el tiempo, la inmortalidad, las energ\u00edas que habitan el mundo y los procesos de transformaci\u00f3n que surgen durante la evoluci\u00f3n.<\/p>\n<p class=\"p1\">Viajes en el tiempo, sue\u00f1os premonitorios, telequinesis y alquimia se combinan con robots inteligentes, teor\u00edas de campos magn\u00e9ticos y espacios multiversales para dar vida a una historia \u00e9pica que mezcla la fantas\u00eda oscura con la ciencia ficci\u00f3n.<\/p>\n","protected":false},"excerpt":{"rendered":"<p class=\"p1\"><b>ISBN: 9791370297237<\/b><b><\/b><\/p>\n<p class=\"p1\"><b>SINOPSIS<\/b><\/p>\n<p class=\"p1\">La guerra es inevitable. En un mundo devastado por un invierno volc\u00e1nico, la tensi\u00f3n entre los sapiens supervivientes y los conexus evolucionados est\u00e1 a punto de estallar. Pero la verdadera batalla se libra en las sombras, donde regresan los protagonistas de Evoluci\u00f3n: Habilidades singulares.<\/p>\n<p class=\"p1\">Los singulares recorren caminos diferentes. Mientras Nina y Sofi cazan al Shinigami, descubren que \u00e9l es solo una pieza en un juego mucho m\u00e1s antiguo. Al mismo tiempo, Hanna y Jean Paul investigan una profec\u00eda que advierte sobre una nueva amenaza: Mrak, una oscuridad capaz de anular sus habilidades y que ha esperado pacientemente el momento de consumir el mundo.<\/p>\n<p class=\"p1\">Atrapados entre un conflicto inminente y visiones de futuros alternos donde ya han sido derrotados, los singulares deben reunirse para una batalla desesperada. En la oscuridad es una obra reflexiva sobre el tiempo, la inmortalidad, las energ\u00edas que habitan el mundo y los procesos de transformaci\u00f3n que surgen durante la evoluci\u00f3n.<\/p>\n<p class=\"p1\">Viajes en el tiempo, sue\u00f1os premonitorios, telequinesis y alquimia se combinan con robots inteligentes, teor\u00edas de campos magn\u00e9ticos y espacios multiversales para dar vida a una historia \u00e9pica que mezcla la fantas\u00eda oscura con la ciencia ficci\u00f3n.<\/p>\n","protected":false},"featured_media":111448,"comment_status":"open","ping_status":"closed","template":"","meta":{"_acf_changed":false},"libro":[],"product_brand":[],"product_cat":[47],"product_tag":[],"class_list":{"0":"post-111447","1":"product","2":"type-product","3":"status-publish","4":"has-post-thumbnail","6":"product_cat-ciencia-ficcion-misterio","8":"first","9":"instock","10":"shipping-taxable","11":"product-type-simple"},"acf":{"autor":[75565],"enlace_de_compra":"https:\/\/amzn.to\/4taldsf"},"yoast_head":"<!-- This site is optimized with the Yoast SEO plugin v26.6 - https:\/\/yoast.com\/wordpress\/plugins\/seo\/ -->\n<title>Evoluci\u00f3n en la oscuridad - Catalogo | Letrame Grupo Editorial<\/title>\n<meta name=\"robots\" content=\"index, follow, max-snippet:-1, max-image-preview:large, max-video-preview:-1\" \/>\n<link rel=\"canonical\" href=\"https:\/\/letrame.com\/catalogo\/producto\/evolucion-en-la-oscuridad\/\" \/>\n<meta property=\"og:locale\" content=\"es_ES\" \/>\n<meta property=\"og:type\" content=\"article\" \/>\n<meta property=\"og:title\" content=\"Evoluci\u00f3n en la oscuridad - Catalogo | Letrame Grupo Editorial\" \/>\n<meta property=\"og:description\" content=\"ISBN: 9791370297237 SINOPSIS La guerra es inevitable. En un mundo devastado por un invierno volc\u00e1nico, la tensi\u00f3n entre los sapiens supervivientes y los conexus evolucionados est\u00e1 a punto de estallar. Pero la verdadera batalla se libra en las sombras, donde regresan los protagonistas de Evoluci\u00f3n: Habilidades singulares. Los singulares recorren caminos diferentes. Mientras Nina y Sofi cazan al Shinigami, descubren que \u00e9l es solo una pieza en un juego mucho m\u00e1s antiguo. Al mismo tiempo, Hanna y Jean Paul investigan una profec\u00eda que advierte sobre una nueva amenaza: Mrak, una oscuridad capaz de anular sus habilidades y que ha esperado pacientemente el momento de consumir el mundo. Atrapados entre un conflicto inminente y visiones de futuros alternos donde ya han sido derrotados, los singulares deben reunirse para una batalla desesperada. En la oscuridad es una obra reflexiva sobre el tiempo, la inmortalidad, las energ\u00edas que habitan el mundo y los procesos de transformaci\u00f3n que surgen durante la evoluci\u00f3n. Viajes en el tiempo, sue\u00f1os premonitorios, telequinesis y alquimia se combinan con robots inteligentes, teor\u00edas de campos magn\u00e9ticos y espacios multiversales para dar vida a una historia \u00e9pica que mezcla la fantas\u00eda oscura con la ciencia ficci\u00f3n.\" \/>\n<meta property=\"og:url\" content=\"https:\/\/letrame.com\/catalogo\/producto\/evolucion-en-la-oscuridad\/\" \/>\n<meta property=\"og:site_name\" content=\"Catalogo | Letrame Grupo Editorial\" \/>\n<meta property=\"article:modified_time\" content=\"2026-03-17T14:35:06+00:00\" \/>\n<meta property=\"og:image\" content=\"https:\/\/letrame.com\/catalogo\/wp-content\/uploads\/2026\/03\/portada-3-scaled.jpg\" \/>\n\t<meta property=\"og:image:width\" content=\"1828\" \/>\n\t<meta property=\"og:image:height\" content=\"2560\" \/>\n\t<meta property=\"og:image:type\" content=\"image\/jpeg\" \/>\n<meta name=\"twitter:card\" content=\"summary_large_image\" \/>\n<meta name=\"twitter:label1\" content=\"Tiempo de lectura\" \/>\n\t<meta name=\"twitter:data1\" content=\"2 minutos\" \/>\n<script type=\"application\/ld+json\" class=\"yoast-schema-graph\">{\"@context\":\"https:\/\/schema.org\",\"@graph\":[{\"@type\":\"WebPage\",\"@id\":\"https:\/\/letrame.com\/catalogo\/producto\/evolucion-en-la-oscuridad\/\",\"url\":\"https:\/\/letrame.com\/catalogo\/producto\/evolucion-en-la-oscuridad\/\",\"name\":\"Evoluci\u00f3n en la oscuridad - Catalogo | Letrame Grupo Editorial\",\"isPartOf\":{\"@id\":\"https:\/\/letrame.com\/catalogo\/#website\"},\"primaryImageOfPage\":{\"@id\":\"https:\/\/letrame.com\/catalogo\/producto\/evolucion-en-la-oscuridad\/#primaryimage\"},\"image\":{\"@id\":\"https:\/\/letrame.com\/catalogo\/producto\/evolucion-en-la-oscuridad\/#primaryimage\"},\"thumbnailUrl\":\"https:\/\/letrame.com\/catalogo\/wp-content\/uploads\/2026\/03\/portada-3-scaled.jpg\",\"datePublished\":\"2026-03-17T14:35:05+00:00\",\"dateModified\":\"2026-03-17T14:35:06+00:00\",\"breadcrumb\":{\"@id\":\"https:\/\/letrame.com\/catalogo\/producto\/evolucion-en-la-oscuridad\/#breadcrumb\"},\"inLanguage\":\"es\",\"potentialAction\":[{\"@type\":\"ReadAction\",\"target\":[\"https:\/\/letrame.com\/catalogo\/producto\/evolucion-en-la-oscuridad\/\"]}]},{\"@type\":\"ImageObject\",\"inLanguage\":\"es\",\"@id\":\"https:\/\/letrame.com\/catalogo\/producto\/evolucion-en-la-oscuridad\/#primaryimage\",\"url\":\"https:\/\/letrame.com\/catalogo\/wp-content\/uploads\/2026\/03\/portada-3-scaled.jpg\",\"contentUrl\":\"https:\/\/letrame.com\/catalogo\/wp-content\/uploads\/2026\/03\/portada-3-scaled.jpg\",\"width\":1828,\"height\":2560},{\"@type\":\"BreadcrumbList\",\"@id\":\"https:\/\/letrame.com\/catalogo\/producto\/evolucion-en-la-oscuridad\/#breadcrumb\",\"itemListElement\":[{\"@type\":\"ListItem\",\"position\":1,\"name\":\"Portada\",\"item\":\"https:\/\/letrame.com\/catalogo\/\"},{\"@type\":\"ListItem\",\"position\":2,\"name\":\"Cat\u00e1logo\",\"item\":\"https:\/\/letrame.com\/catalogo\/\"},{\"@type\":\"ListItem\",\"position\":3,\"name\":\"Evoluci\u00f3n en la oscuridad\"}]},{\"@type\":\"WebSite\",\"@id\":\"https:\/\/letrame.com\/catalogo\/#website\",\"url\":\"https:\/\/letrame.com\/catalogo\/\",\"name\":\"Catalogo | Letrame Grupo Editorial\",\"description\":\"\",\"publisher\":{\"@id\":\"https:\/\/letrame.com\/catalogo\/#organization\"},\"potentialAction\":[{\"@type\":\"SearchAction\",\"target\":{\"@type\":\"EntryPoint\",\"urlTemplate\":\"https:\/\/letrame.com\/catalogo\/?s={search_term_string}\"},\"query-input\":{\"@type\":\"PropertyValueSpecification\",\"valueRequired\":true,\"valueName\":\"search_term_string\"}}],\"inLanguage\":\"es\"},{\"@type\":\"Organization\",\"@id\":\"https:\/\/letrame.com\/catalogo\/#organization\",\"name\":\"Catalogo | Letrame Grupo Editorial\",\"url\":\"https:\/\/letrame.com\/catalogo\/\",\"logo\":{\"@type\":\"ImageObject\",\"inLanguage\":\"es\",\"@id\":\"https:\/\/letrame.com\/catalogo\/#\/schema\/logo\/image\/\",\"url\":\"https:\/\/letrame.com\/catalogo\/wp-content\/uploads\/2024\/03\/logo2.webp\",\"contentUrl\":\"https:\/\/letrame.com\/catalogo\/wp-content\/uploads\/2024\/03\/logo2.webp\",\"width\":394,\"height\":128,\"caption\":\"Catalogo | Letrame Grupo Editorial\"},\"image\":{\"@id\":\"https:\/\/letrame.com\/catalogo\/#\/schema\/logo\/image\/\"}}]}<\/script>\n<!-- \/ Yoast SEO plugin. -->","yoast_head_json":{"title":"Evoluci\u00f3n en la oscuridad - Catalogo | Letrame Grupo Editorial","robots":{"index":"index","follow":"follow","max-snippet":"max-snippet:-1","max-image-preview":"max-image-preview:large","max-video-preview":"max-video-preview:-1"},"canonical":"https:\/\/letrame.com\/catalogo\/producto\/evolucion-en-la-oscuridad\/","og_locale":"es_ES","og_type":"article","og_title":"Evoluci\u00f3n en la oscuridad - Catalogo | Letrame Grupo Editorial","og_description":"ISBN: 9791370297237 SINOPSIS La guerra es inevitable. En un mundo devastado por un invierno volc\u00e1nico, la tensi\u00f3n entre los sapiens supervivientes y los conexus evolucionados est\u00e1 a punto de estallar. Pero la verdadera batalla se libra en las sombras, donde regresan los protagonistas de Evoluci\u00f3n: Habilidades singulares. Los singulares recorren caminos diferentes. Mientras Nina y Sofi cazan al Shinigami, descubren que \u00e9l es solo una pieza en un juego mucho m\u00e1s antiguo. Al mismo tiempo, Hanna y Jean Paul investigan una profec\u00eda que advierte sobre una nueva amenaza: Mrak, una oscuridad capaz de anular sus habilidades y que ha esperado pacientemente el momento de consumir el mundo. Atrapados entre un conflicto inminente y visiones de futuros alternos donde ya han sido derrotados, los singulares deben reunirse para una batalla desesperada. En la oscuridad es una obra reflexiva sobre el tiempo, la inmortalidad, las energ\u00edas que habitan el mundo y los procesos de transformaci\u00f3n que surgen durante la evoluci\u00f3n. Viajes en el tiempo, sue\u00f1os premonitorios, telequinesis y alquimia se combinan con robots inteligentes, teor\u00edas de campos magn\u00e9ticos y espacios multiversales para dar vida a una historia \u00e9pica que mezcla la fantas\u00eda oscura con la ciencia ficci\u00f3n.","og_url":"https:\/\/letrame.com\/catalogo\/producto\/evolucion-en-la-oscuridad\/","og_site_name":"Catalogo | Letrame Grupo Editorial","article_modified_time":"2026-03-17T14:35:06+00:00","og_image":[{"width":1828,"height":2560,"url":"https:\/\/letrame.com\/catalogo\/wp-content\/uploads\/2026\/03\/portada-3-scaled.jpg","type":"image\/jpeg"}],"twitter_card":"summary_large_image","twitter_misc":{"Tiempo de lectura":"2 minutos"},"schema":{"@context":"https:\/\/schema.org","@graph":[{"@type":"WebPage","@id":"https:\/\/letrame.com\/catalogo\/producto\/evolucion-en-la-oscuridad\/","url":"https:\/\/letrame.com\/catalogo\/producto\/evolucion-en-la-oscuridad\/","name":"Evoluci\u00f3n en la oscuridad - Catalogo | Letrame Grupo Editorial","isPartOf":{"@id":"https:\/\/letrame.com\/catalogo\/#website"},"primaryImageOfPage":{"@id":"https:\/\/letrame.com\/catalogo\/producto\/evolucion-en-la-oscuridad\/#primaryimage"},"image":{"@id":"https:\/\/letrame.com\/catalogo\/producto\/evolucion-en-la-oscuridad\/#primaryimage"},"thumbnailUrl":"https:\/\/letrame.com\/catalogo\/wp-content\/uploads\/2026\/03\/portada-3-scaled.jpg","datePublished":"2026-03-17T14:35:05+00:00","dateModified":"2026-03-17T14:35:06+00:00","breadcrumb":{"@id":"https:\/\/letrame.com\/catalogo\/producto\/evolucion-en-la-oscuridad\/#breadcrumb"},"inLanguage":"es","potentialAction":[{"@type":"ReadAction","target":["https:\/\/letrame.com\/catalogo\/producto\/evolucion-en-la-oscuridad\/"]}]},{"@type":"ImageObject","inLanguage":"es","@id":"https:\/\/letrame.com\/catalogo\/producto\/evolucion-en-la-oscuridad\/#primaryimage","url":"https:\/\/letrame.com\/catalogo\/wp-content\/uploads\/2026\/03\/portada-3-scaled.jpg","contentUrl":"https:\/\/letrame.com\/catalogo\/wp-content\/uploads\/2026\/03\/portada-3-scaled.jpg","width":1828,"height":2560},{"@type":"BreadcrumbList","@id":"https:\/\/letrame.com\/catalogo\/producto\/evolucion-en-la-oscuridad\/#breadcrumb","itemListElement":[{"@type":"ListItem","position":1,"name":"Portada","item":"https:\/\/letrame.com\/catalogo\/"},{"@type":"ListItem","position":2,"name":"Cat\u00e1logo","item":"https:\/\/letrame.com\/catalogo\/"},{"@type":"ListItem","position":3,"name":"Evoluci\u00f3n en la oscuridad"}]},{"@type":"WebSite","@id":"https:\/\/letrame.com\/catalogo\/#website","url":"https:\/\/letrame.com\/catalogo\/","name":"Catalogo | Letrame Grupo Editorial","description":"","publisher":{"@id":"https:\/\/letrame.com\/catalogo\/#organization"},"potentialAction":[{"@type":"SearchAction","target":{"@type":"EntryPoint","urlTemplate":"https:\/\/letrame.com\/catalogo\/?s={search_term_string}"},"query-input":{"@type":"PropertyValueSpecification","valueRequired":true,"valueName":"search_term_string"}}],"inLanguage":"es"},{"@type":"Organization","@id":"https:\/\/letrame.com\/catalogo\/#organization","name":"Catalogo | Letrame Grupo Editorial","url":"https:\/\/letrame.com\/catalogo\/","logo":{"@type":"ImageObject","inLanguage":"es","@id":"https:\/\/letrame.com\/catalogo\/#\/schema\/logo\/image\/","url":"https:\/\/letrame.com\/catalogo\/wp-content\/uploads\/2024\/03\/logo2.webp","contentUrl":"https:\/\/letrame.com\/catalogo\/wp-content\/uploads\/2024\/03\/logo2.webp","width":394,"height":128,"caption":"Catalogo | Letrame Grupo Editorial"},"image":{"@id":"https:\/\/letrame.com\/catalogo\/#\/schema\/logo\/image\/"}}]}},"_links":{"self":[{"href":"https:\/\/letrame.com\/catalogo\/wp-json\/wp\/v2\/product\/111447","targetHints":{"allow":["GET"]}}],"collection":[{"href":"https:\/\/letrame.com\/catalogo\/wp-json\/wp\/v2\/product"}],"about":[{"href":"https:\/\/letrame.com\/catalogo\/wp-json\/wp\/v2\/types\/product"}],"replies":[{"embeddable":true,"href":"https:\/\/letrame.com\/catalogo\/wp-json\/wp\/v2\/comments?post=111447"}],"acf:post":[{"embeddable":true,"href":"https:\/\/letrame.com\/catalogo\/wp-json\/wp\/v2\/author_book\/75565"}],"wp:featuredmedia":[{"embeddable":true,"href":"https:\/\/letrame.com\/catalogo\/wp-json\/wp\/v2\/media\/111448"}],"wp:attachment":[{"href":"https:\/\/letrame.com\/catalogo\/wp-json\/wp\/v2\/media?parent=111447"}],"wp:term":[{"taxonomy":"libro","embeddable":true,"href":"https:\/\/letrame.com\/catalogo\/wp-json\/wp\/v2\/libro?post=111447"},{"taxonomy":"product_brand","embeddable":true,"href":"https:\/\/letrame.com\/catalogo\/wp-json\/wp\/v2\/product_brand?post=111447"},{"taxonomy":"product_cat","embeddable":true,"href":"https:\/\/letrame.com\/catalogo\/wp-json\/wp\/v2\/product_cat?post=111447"},{"taxonomy":"product_tag","embeddable":true,"href":"https:\/\/letrame.com\/catalogo\/wp-json\/wp\/v2\/product_tag?post=111447"}],"curies":[{"name":"wp","href":"https:\/\/api.w.org\/{rel}","templated":true}]}}