{"id":111421,"date":"2026-03-17T14:03:01","date_gmt":"2026-03-17T13:03:01","guid":{"rendered":"https:\/\/letrame.com\/catalogo\/?post_type=product&#038;p=111421"},"modified":"2026-03-17T14:03:01","modified_gmt":"2026-03-17T13:03:01","slug":"vive-plenamente-cada-segundo-de-tu-vida","status":"publish","type":"product","link":"https:\/\/letrame.com\/catalogo\/producto\/vive-plenamente-cada-segundo-de-tu-vida\/","title":{"rendered":"Vive plenamente cada segundo de tu vida"},"content":{"rendered":"<p class=\"p1\"><b>ISBN: 9791370291549<\/b><b><\/b><\/p>\n<p class=\"p1\"><b>T\u00edtulo: Vive plenamente cada segundo de tu vida<\/b><br \/>\n<b>Fecha: 2025<\/b><br \/>\n<b>P\u00e1ginas: 750<\/b><b><\/b><\/p>\n<p class=\"p1\"><b>SINOPSIS<\/b><\/p>\n<p class=\"p1\">Vivimos en un mundo donde la prisa muchas veces apaga el alma y donde las palabras correctas en el momento adecuado pueden encender una luz en nuestro interior. Este libro nace del deseo profundo de compartir pensamientos que toquen el coraz\u00f3n, eleven el esp\u00edritu y acompa\u00f1en cada d\u00eda del a\u00f1o con una dosis de motivaci\u00f3n y reflexi\u00f3n.<\/p>\n<p class=\"p1\">A trav\u00e9s de 365 frases motivadoras y 665 pensamientos inspiradores, esta obra invita al lector a una transformaci\u00f3n diaria, sencilla pero poderosa. M\u00e1s all\u00e1 del idioma, estas palabras buscan conectar con la esencia universal del ser humano: su capacidad de so\u00f1ar, cambiar y amar.<\/p>\n","protected":false},"excerpt":{"rendered":"<p class=\"p1\"><b>ISBN: 9791370291549<\/b><b><\/b><\/p>\n<p class=\"p1\"><b>SINOPSIS<\/b><\/p>\n<p class=\"p1\">Vivimos en un mundo donde la prisa muchas veces apaga el alma y donde las palabras correctas en el momento adecuado pueden encender una luz en nuestro interior. Este libro nace del deseo profundo de compartir pensamientos que toquen el coraz\u00f3n, eleven el esp\u00edritu y acompa\u00f1en cada d\u00eda del a\u00f1o con una dosis de motivaci\u00f3n y reflexi\u00f3n.<\/p>\n<p class=\"p1\">A trav\u00e9s de 365 frases motivadoras y 665 pensamientos inspiradores, esta obra invita al lector a una transformaci\u00f3n diaria, sencilla pero poderosa. M\u00e1s all\u00e1 del idioma, estas palabras buscan conectar con la esencia universal del ser humano: su capacidad de so\u00f1ar, cambiar y amar.<\/p>\n","protected":false},"featured_media":111425,"comment_status":"open","ping_status":"closed","template":"","meta":{"_acf_changed":false},"libro":[],"product_brand":[],"product_cat":[30],"product_tag":[],"class_list":{"0":"post-111421","1":"product","2":"type-product","3":"status-publish","4":"has-post-thumbnail","6":"product_cat-desarrollo-personal-y-autoconocimiento","8":"first","9":"instock","10":"shipping-taxable","11":"product-type-simple"},"acf":{"autor":[111422],"enlace_de_compra":"https:\/\/amzn.to\/4sTfiHS"},"yoast_head":"<!-- This site is optimized with the Yoast SEO plugin v26.6 - https:\/\/yoast.com\/wordpress\/plugins\/seo\/ -->\n<title>Vive plenamente cada segundo de tu vida - Catalogo | Letrame Grupo Editorial<\/title>\n<meta name=\"robots\" content=\"index, follow, max-snippet:-1, max-image-preview:large, max-video-preview:-1\" \/>\n<link rel=\"canonical\" href=\"https:\/\/letrame.com\/catalogo\/producto\/vive-plenamente-cada-segundo-de-tu-vida\/\" \/>\n<meta property=\"og:locale\" content=\"es_ES\" \/>\n<meta property=\"og:type\" content=\"article\" \/>\n<meta property=\"og:title\" content=\"Vive plenamente cada segundo de tu vida - Catalogo | Letrame Grupo Editorial\" \/>\n<meta property=\"og:description\" content=\"ISBN: 9791370291549 SINOPSIS Vivimos en un mundo donde la prisa muchas veces apaga el alma y donde las palabras correctas en el momento adecuado pueden encender una luz en nuestro interior. Este libro nace del deseo profundo de compartir pensamientos que toquen el coraz\u00f3n, eleven el esp\u00edritu y acompa\u00f1en cada d\u00eda del a\u00f1o con una dosis de motivaci\u00f3n y reflexi\u00f3n. A trav\u00e9s de 365 frases motivadoras y 665 pensamientos inspiradores, esta obra invita al lector a una transformaci\u00f3n diaria, sencilla pero poderosa. M\u00e1s all\u00e1 del idioma, estas palabras buscan conectar con la esencia universal del ser humano: su capacidad de so\u00f1ar, cambiar y amar.\" \/>\n<meta property=\"og:url\" content=\"https:\/\/letrame.com\/catalogo\/producto\/vive-plenamente-cada-segundo-de-tu-vida\/\" \/>\n<meta property=\"og:site_name\" content=\"Catalogo | Letrame Grupo Editorial\" \/>\n<meta property=\"og:image\" content=\"https:\/\/letrame.com\/catalogo\/wp-content\/uploads\/2026\/03\/portadacatalogo-29-scaled.jpg\" \/>\n\t<meta property=\"og:image:width\" content=\"1814\" \/>\n\t<meta property=\"og:image:height\" content=\"2560\" \/>\n\t<meta property=\"og:image:type\" content=\"image\/jpeg\" \/>\n<meta name=\"twitter:card\" content=\"summary_large_image\" \/>\n<meta name=\"twitter:label1\" content=\"Tiempo de lectura\" \/>\n\t<meta name=\"twitter:data1\" content=\"1 minuto\" \/>\n<script type=\"application\/ld+json\" class=\"yoast-schema-graph\">{\"@context\":\"https:\/\/schema.org\",\"@graph\":[{\"@type\":\"WebPage\",\"@id\":\"https:\/\/letrame.com\/catalogo\/producto\/vive-plenamente-cada-segundo-de-tu-vida\/\",\"url\":\"https:\/\/letrame.com\/catalogo\/producto\/vive-plenamente-cada-segundo-de-tu-vida\/\",\"name\":\"Vive plenamente cada segundo de tu vida - Catalogo | Letrame Grupo Editorial\",\"isPartOf\":{\"@id\":\"https:\/\/letrame.com\/catalogo\/#website\"},\"primaryImageOfPage\":{\"@id\":\"https:\/\/letrame.com\/catalogo\/producto\/vive-plenamente-cada-segundo-de-tu-vida\/#primaryimage\"},\"image\":{\"@id\":\"https:\/\/letrame.com\/catalogo\/producto\/vive-plenamente-cada-segundo-de-tu-vida\/#primaryimage\"},\"thumbnailUrl\":\"https:\/\/letrame.com\/catalogo\/wp-content\/uploads\/2026\/03\/portadacatalogo-29-scaled.jpg\",\"datePublished\":\"2026-03-17T13:03:01+00:00\",\"breadcrumb\":{\"@id\":\"https:\/\/letrame.com\/catalogo\/producto\/vive-plenamente-cada-segundo-de-tu-vida\/#breadcrumb\"},\"inLanguage\":\"es\",\"potentialAction\":[{\"@type\":\"ReadAction\",\"target\":[\"https:\/\/letrame.com\/catalogo\/producto\/vive-plenamente-cada-segundo-de-tu-vida\/\"]}]},{\"@type\":\"ImageObject\",\"inLanguage\":\"es\",\"@id\":\"https:\/\/letrame.com\/catalogo\/producto\/vive-plenamente-cada-segundo-de-tu-vida\/#primaryimage\",\"url\":\"https:\/\/letrame.com\/catalogo\/wp-content\/uploads\/2026\/03\/portadacatalogo-29-scaled.jpg\",\"contentUrl\":\"https:\/\/letrame.com\/catalogo\/wp-content\/uploads\/2026\/03\/portadacatalogo-29-scaled.jpg\",\"width\":1814,\"height\":2560},{\"@type\":\"BreadcrumbList\",\"@id\":\"https:\/\/letrame.com\/catalogo\/producto\/vive-plenamente-cada-segundo-de-tu-vida\/#breadcrumb\",\"itemListElement\":[{\"@type\":\"ListItem\",\"position\":1,\"name\":\"Portada\",\"item\":\"https:\/\/letrame.com\/catalogo\/\"},{\"@type\":\"ListItem\",\"position\":2,\"name\":\"Cat\u00e1logo\",\"item\":\"https:\/\/letrame.com\/catalogo\/\"},{\"@type\":\"ListItem\",\"position\":3,\"name\":\"Vive plenamente cada segundo de tu vida\"}]},{\"@type\":\"WebSite\",\"@id\":\"https:\/\/letrame.com\/catalogo\/#website\",\"url\":\"https:\/\/letrame.com\/catalogo\/\",\"name\":\"Catalogo | Letrame Grupo Editorial\",\"description\":\"\",\"publisher\":{\"@id\":\"https:\/\/letrame.com\/catalogo\/#organization\"},\"potentialAction\":[{\"@type\":\"SearchAction\",\"target\":{\"@type\":\"EntryPoint\",\"urlTemplate\":\"https:\/\/letrame.com\/catalogo\/?s={search_term_string}\"},\"query-input\":{\"@type\":\"PropertyValueSpecification\",\"valueRequired\":true,\"valueName\":\"search_term_string\"}}],\"inLanguage\":\"es\"},{\"@type\":\"Organization\",\"@id\":\"https:\/\/letrame.com\/catalogo\/#organization\",\"name\":\"Catalogo | Letrame Grupo Editorial\",\"url\":\"https:\/\/letrame.com\/catalogo\/\",\"logo\":{\"@type\":\"ImageObject\",\"inLanguage\":\"es\",\"@id\":\"https:\/\/letrame.com\/catalogo\/#\/schema\/logo\/image\/\",\"url\":\"https:\/\/letrame.com\/catalogo\/wp-content\/uploads\/2024\/03\/logo2.webp\",\"contentUrl\":\"https:\/\/letrame.com\/catalogo\/wp-content\/uploads\/2024\/03\/logo2.webp\",\"width\":394,\"height\":128,\"caption\":\"Catalogo | Letrame Grupo Editorial\"},\"image\":{\"@id\":\"https:\/\/letrame.com\/catalogo\/#\/schema\/logo\/image\/\"}}]}<\/script>\n<!-- \/ Yoast SEO plugin. -->","yoast_head_json":{"title":"Vive plenamente cada segundo de tu vida - Catalogo | Letrame Grupo Editorial","robots":{"index":"index","follow":"follow","max-snippet":"max-snippet:-1","max-image-preview":"max-image-preview:large","max-video-preview":"max-video-preview:-1"},"canonical":"https:\/\/letrame.com\/catalogo\/producto\/vive-plenamente-cada-segundo-de-tu-vida\/","og_locale":"es_ES","og_type":"article","og_title":"Vive plenamente cada segundo de tu vida - Catalogo | Letrame Grupo Editorial","og_description":"ISBN: 9791370291549 SINOPSIS Vivimos en un mundo donde la prisa muchas veces apaga el alma y donde las palabras correctas en el momento adecuado pueden encender una luz en nuestro interior. Este libro nace del deseo profundo de compartir pensamientos que toquen el coraz\u00f3n, eleven el esp\u00edritu y acompa\u00f1en cada d\u00eda del a\u00f1o con una dosis de motivaci\u00f3n y reflexi\u00f3n. A trav\u00e9s de 365 frases motivadoras y 665 pensamientos inspiradores, esta obra invita al lector a una transformaci\u00f3n diaria, sencilla pero poderosa. M\u00e1s all\u00e1 del idioma, estas palabras buscan conectar con la esencia universal del ser humano: su capacidad de so\u00f1ar, cambiar y amar.","og_url":"https:\/\/letrame.com\/catalogo\/producto\/vive-plenamente-cada-segundo-de-tu-vida\/","og_site_name":"Catalogo | Letrame Grupo Editorial","og_image":[{"width":1814,"height":2560,"url":"https:\/\/letrame.com\/catalogo\/wp-content\/uploads\/2026\/03\/portadacatalogo-29-scaled.jpg","type":"image\/jpeg"}],"twitter_card":"summary_large_image","twitter_misc":{"Tiempo de lectura":"1 minuto"},"schema":{"@context":"https:\/\/schema.org","@graph":[{"@type":"WebPage","@id":"https:\/\/letrame.com\/catalogo\/producto\/vive-plenamente-cada-segundo-de-tu-vida\/","url":"https:\/\/letrame.com\/catalogo\/producto\/vive-plenamente-cada-segundo-de-tu-vida\/","name":"Vive plenamente cada segundo de tu vida - Catalogo | Letrame Grupo Editorial","isPartOf":{"@id":"https:\/\/letrame.com\/catalogo\/#website"},"primaryImageOfPage":{"@id":"https:\/\/letrame.com\/catalogo\/producto\/vive-plenamente-cada-segundo-de-tu-vida\/#primaryimage"},"image":{"@id":"https:\/\/letrame.com\/catalogo\/producto\/vive-plenamente-cada-segundo-de-tu-vida\/#primaryimage"},"thumbnailUrl":"https:\/\/letrame.com\/catalogo\/wp-content\/uploads\/2026\/03\/portadacatalogo-29-scaled.jpg","datePublished":"2026-03-17T13:03:01+00:00","breadcrumb":{"@id":"https:\/\/letrame.com\/catalogo\/producto\/vive-plenamente-cada-segundo-de-tu-vida\/#breadcrumb"},"inLanguage":"es","potentialAction":[{"@type":"ReadAction","target":["https:\/\/letrame.com\/catalogo\/producto\/vive-plenamente-cada-segundo-de-tu-vida\/"]}]},{"@type":"ImageObject","inLanguage":"es","@id":"https:\/\/letrame.com\/catalogo\/producto\/vive-plenamente-cada-segundo-de-tu-vida\/#primaryimage","url":"https:\/\/letrame.com\/catalogo\/wp-content\/uploads\/2026\/03\/portadacatalogo-29-scaled.jpg","contentUrl":"https:\/\/letrame.com\/catalogo\/wp-content\/uploads\/2026\/03\/portadacatalogo-29-scaled.jpg","width":1814,"height":2560},{"@type":"BreadcrumbList","@id":"https:\/\/letrame.com\/catalogo\/producto\/vive-plenamente-cada-segundo-de-tu-vida\/#breadcrumb","itemListElement":[{"@type":"ListItem","position":1,"name":"Portada","item":"https:\/\/letrame.com\/catalogo\/"},{"@type":"ListItem","position":2,"name":"Cat\u00e1logo","item":"https:\/\/letrame.com\/catalogo\/"},{"@type":"ListItem","position":3,"name":"Vive plenamente cada segundo de tu vida"}]},{"@type":"WebSite","@id":"https:\/\/letrame.com\/catalogo\/#website","url":"https:\/\/letrame.com\/catalogo\/","name":"Catalogo | Letrame Grupo Editorial","description":"","publisher":{"@id":"https:\/\/letrame.com\/catalogo\/#organization"},"potentialAction":[{"@type":"SearchAction","target":{"@type":"EntryPoint","urlTemplate":"https:\/\/letrame.com\/catalogo\/?s={search_term_string}"},"query-input":{"@type":"PropertyValueSpecification","valueRequired":true,"valueName":"search_term_string"}}],"inLanguage":"es"},{"@type":"Organization","@id":"https:\/\/letrame.com\/catalogo\/#organization","name":"Catalogo | Letrame Grupo Editorial","url":"https:\/\/letrame.com\/catalogo\/","logo":{"@type":"ImageObject","inLanguage":"es","@id":"https:\/\/letrame.com\/catalogo\/#\/schema\/logo\/image\/","url":"https:\/\/letrame.com\/catalogo\/wp-content\/uploads\/2024\/03\/logo2.webp","contentUrl":"https:\/\/letrame.com\/catalogo\/wp-content\/uploads\/2024\/03\/logo2.webp","width":394,"height":128,"caption":"Catalogo | Letrame Grupo Editorial"},"image":{"@id":"https:\/\/letrame.com\/catalogo\/#\/schema\/logo\/image\/"}}]}},"_links":{"self":[{"href":"https:\/\/letrame.com\/catalogo\/wp-json\/wp\/v2\/product\/111421","targetHints":{"allow":["GET"]}}],"collection":[{"href":"https:\/\/letrame.com\/catalogo\/wp-json\/wp\/v2\/product"}],"about":[{"href":"https:\/\/letrame.com\/catalogo\/wp-json\/wp\/v2\/types\/product"}],"replies":[{"embeddable":true,"href":"https:\/\/letrame.com\/catalogo\/wp-json\/wp\/v2\/comments?post=111421"}],"acf:post":[{"embeddable":true,"href":"https:\/\/letrame.com\/catalogo\/wp-json\/wp\/v2\/author_book\/111422"}],"wp:featuredmedia":[{"embeddable":true,"href":"https:\/\/letrame.com\/catalogo\/wp-json\/wp\/v2\/media\/111425"}],"wp:attachment":[{"href":"https:\/\/letrame.com\/catalogo\/wp-json\/wp\/v2\/media?parent=111421"}],"wp:term":[{"taxonomy":"libro","embeddable":true,"href":"https:\/\/letrame.com\/catalogo\/wp-json\/wp\/v2\/libro?post=111421"},{"taxonomy":"product_brand","embeddable":true,"href":"https:\/\/letrame.com\/catalogo\/wp-json\/wp\/v2\/product_brand?post=111421"},{"taxonomy":"product_cat","embeddable":true,"href":"https:\/\/letrame.com\/catalogo\/wp-json\/wp\/v2\/product_cat?post=111421"},{"taxonomy":"product_tag","embeddable":true,"href":"https:\/\/letrame.com\/catalogo\/wp-json\/wp\/v2\/product_tag?post=111421"}],"curies":[{"name":"wp","href":"https:\/\/api.w.org\/{rel}","templated":true}]}}