{"id":111412,"date":"2026-03-17T13:48:04","date_gmt":"2026-03-17T12:48:04","guid":{"rendered":"https:\/\/letrame.com\/catalogo\/?post_type=product&#038;p=111412"},"modified":"2026-03-17T13:48:04","modified_gmt":"2026-03-17T12:48:04","slug":"la-interrupcion-del-embarazo-una-verdad-escalofriante","status":"publish","type":"product","link":"https:\/\/letrame.com\/catalogo\/producto\/la-interrupcion-del-embarazo-una-verdad-escalofriante\/","title":{"rendered":"La interrupci\u00f3n del embarazo: una verdad escalofriante"},"content":{"rendered":"<p class=\"p1\"><b>ISBN: 9791370295110<\/b><b><\/b><\/p>\n<p class=\"p1\"><b>T\u00edtulo: La interrupci\u00f3n del embarazo: una verdad escalofriante<\/b><br \/>\n<b>Fecha: 2025<\/b><br \/>\n<b>P\u00e1ginas: 330<\/b><b><\/b><\/p>\n<p class=\"p1\"><b>SINOPSIS<\/b><\/p>\n<p class=\"p1\">\u00abInterrupci\u00f3n del embarazo\u00bb es el eufemismo con el que ahora se conoce al aborto. Este se encuentra amparado por la ley en muchos pa\u00ed-ses, pero \u00bfen realidad sabemos de qu\u00e9 se trata la pr\u00e1ctica abortiva?, \u00bfsabemos sobre sus repercusiones f\u00edsicas o psicol\u00f3gicas? Y peor a\u00fan,<\/p>\n<p class=\"p1\">\u00bfsabemos c\u00f3mo, d\u00f3nde y con qu\u00e9 objetivo surgi\u00f3 esta pr\u00e1ctica?<\/p>\n<p class=\"p1\">Desde una perspectiva biol\u00f3gica, un tratamiento hist\u00f3rico y una \u00f3ptica personal, La interrupci\u00f3n del embarazo: una verdad escalofriante te dar\u00e1 las respuestas que necesitas en relaci\u00f3n a uno de los m\u00e1s grandes tab\u00faes de nuestra sociedad actual.<\/p>\n","protected":false},"excerpt":{"rendered":"<p class=\"p1\"><b>ISBN: 9791370295110<\/b><b><\/b><\/p>\n<p class=\"p1\"><b>SINOPSIS<\/b><\/p>\n<p class=\"p1\">\u00abInterrupci\u00f3n del embarazo\u00bb es el eufemismo con el que ahora se conoce al aborto. Este se encuentra amparado por la ley en muchos pa\u00ed-ses, pero \u00bfen realidad sabemos de qu\u00e9 se trata la pr\u00e1ctica abortiva?, \u00bfsabemos sobre sus repercusiones f\u00edsicas o psicol\u00f3gicas? Y peor a\u00fan,<\/p>\n<p class=\"p1\">\u00bfsabemos c\u00f3mo, d\u00f3nde y con qu\u00e9 objetivo surgi\u00f3 esta pr\u00e1ctica?<\/p>\n<p class=\"p1\">Desde una perspectiva biol\u00f3gica, un tratamiento hist\u00f3rico y una \u00f3ptica personal, La interrupci\u00f3n del embarazo: una verdad escalofriante te dar\u00e1 las respuestas que necesitas en relaci\u00f3n a uno de los m\u00e1s grandes tab\u00faes de nuestra sociedad actual.<\/p>\n","protected":false},"featured_media":111415,"comment_status":"open","ping_status":"closed","template":"","meta":{"_acf_changed":false},"libro":[],"product_brand":[],"product_cat":[23],"product_tag":[],"class_list":{"0":"post-111412","1":"product","2":"type-product","3":"status-publish","4":"has-post-thumbnail","6":"product_cat-ensayos","8":"first","9":"instock","10":"shipping-taxable","11":"product-type-simple"},"acf":{"autor":[111413],"enlace_de_compra":"https:\/\/amzn.to\/40EnwaD"},"yoast_head":"<!-- This site is optimized with the Yoast SEO plugin v26.6 - https:\/\/yoast.com\/wordpress\/plugins\/seo\/ -->\n<title>La interrupci\u00f3n del embarazo: una verdad escalofriante - Catalogo | Letrame Grupo Editorial<\/title>\n<meta name=\"robots\" content=\"index, follow, max-snippet:-1, max-image-preview:large, max-video-preview:-1\" \/>\n<link rel=\"canonical\" href=\"https:\/\/letrame.com\/catalogo\/producto\/la-interrupcion-del-embarazo-una-verdad-escalofriante\/\" \/>\n<meta property=\"og:locale\" content=\"es_ES\" \/>\n<meta property=\"og:type\" content=\"article\" \/>\n<meta property=\"og:title\" content=\"La interrupci\u00f3n del embarazo: una verdad escalofriante - Catalogo | Letrame Grupo Editorial\" \/>\n<meta property=\"og:description\" content=\"ISBN: 9791370295110 SINOPSIS \u00abInterrupci\u00f3n del embarazo\u00bb es el eufemismo con el que ahora se conoce al aborto. Este se encuentra amparado por la ley en muchos pa\u00ed-ses, pero \u00bfen realidad sabemos de qu\u00e9 se trata la pr\u00e1ctica abortiva?, \u00bfsabemos sobre sus repercusiones f\u00edsicas o psicol\u00f3gicas? Y peor a\u00fan, \u00bfsabemos c\u00f3mo, d\u00f3nde y con qu\u00e9 objetivo surgi\u00f3 esta pr\u00e1ctica? Desde una perspectiva biol\u00f3gica, un tratamiento hist\u00f3rico y una \u00f3ptica personal, La interrupci\u00f3n del embarazo: una verdad escalofriante te dar\u00e1 las respuestas que necesitas en relaci\u00f3n a uno de los m\u00e1s grandes tab\u00faes de nuestra sociedad actual.\" \/>\n<meta property=\"og:url\" content=\"https:\/\/letrame.com\/catalogo\/producto\/la-interrupcion-del-embarazo-una-verdad-escalofriante\/\" \/>\n<meta property=\"og:site_name\" content=\"Catalogo | Letrame Grupo Editorial\" \/>\n<meta property=\"og:image\" content=\"https:\/\/letrame.com\/catalogo\/wp-content\/uploads\/2026\/03\/portadacatalogo-27-scaled.jpg\" \/>\n\t<meta property=\"og:image:width\" content=\"1828\" \/>\n\t<meta property=\"og:image:height\" content=\"2560\" \/>\n\t<meta property=\"og:image:type\" content=\"image\/jpeg\" \/>\n<meta name=\"twitter:card\" content=\"summary_large_image\" \/>\n<meta name=\"twitter:label1\" content=\"Tiempo de lectura\" \/>\n\t<meta name=\"twitter:data1\" content=\"1 minuto\" \/>\n<script type=\"application\/ld+json\" class=\"yoast-schema-graph\">{\"@context\":\"https:\/\/schema.org\",\"@graph\":[{\"@type\":\"WebPage\",\"@id\":\"https:\/\/letrame.com\/catalogo\/producto\/la-interrupcion-del-embarazo-una-verdad-escalofriante\/\",\"url\":\"https:\/\/letrame.com\/catalogo\/producto\/la-interrupcion-del-embarazo-una-verdad-escalofriante\/\",\"name\":\"La interrupci\u00f3n del embarazo: una verdad escalofriante - Catalogo | Letrame Grupo Editorial\",\"isPartOf\":{\"@id\":\"https:\/\/letrame.com\/catalogo\/#website\"},\"primaryImageOfPage\":{\"@id\":\"https:\/\/letrame.com\/catalogo\/producto\/la-interrupcion-del-embarazo-una-verdad-escalofriante\/#primaryimage\"},\"image\":{\"@id\":\"https:\/\/letrame.com\/catalogo\/producto\/la-interrupcion-del-embarazo-una-verdad-escalofriante\/#primaryimage\"},\"thumbnailUrl\":\"https:\/\/letrame.com\/catalogo\/wp-content\/uploads\/2026\/03\/portadacatalogo-27-scaled.jpg\",\"datePublished\":\"2026-03-17T12:48:04+00:00\",\"breadcrumb\":{\"@id\":\"https:\/\/letrame.com\/catalogo\/producto\/la-interrupcion-del-embarazo-una-verdad-escalofriante\/#breadcrumb\"},\"inLanguage\":\"es\",\"potentialAction\":[{\"@type\":\"ReadAction\",\"target\":[\"https:\/\/letrame.com\/catalogo\/producto\/la-interrupcion-del-embarazo-una-verdad-escalofriante\/\"]}]},{\"@type\":\"ImageObject\",\"inLanguage\":\"es\",\"@id\":\"https:\/\/letrame.com\/catalogo\/producto\/la-interrupcion-del-embarazo-una-verdad-escalofriante\/#primaryimage\",\"url\":\"https:\/\/letrame.com\/catalogo\/wp-content\/uploads\/2026\/03\/portadacatalogo-27-scaled.jpg\",\"contentUrl\":\"https:\/\/letrame.com\/catalogo\/wp-content\/uploads\/2026\/03\/portadacatalogo-27-scaled.jpg\",\"width\":1828,\"height\":2560},{\"@type\":\"BreadcrumbList\",\"@id\":\"https:\/\/letrame.com\/catalogo\/producto\/la-interrupcion-del-embarazo-una-verdad-escalofriante\/#breadcrumb\",\"itemListElement\":[{\"@type\":\"ListItem\",\"position\":1,\"name\":\"Portada\",\"item\":\"https:\/\/letrame.com\/catalogo\/\"},{\"@type\":\"ListItem\",\"position\":2,\"name\":\"Cat\u00e1logo\",\"item\":\"https:\/\/letrame.com\/catalogo\/\"},{\"@type\":\"ListItem\",\"position\":3,\"name\":\"La interrupci\u00f3n del embarazo: una verdad escalofriante\"}]},{\"@type\":\"WebSite\",\"@id\":\"https:\/\/letrame.com\/catalogo\/#website\",\"url\":\"https:\/\/letrame.com\/catalogo\/\",\"name\":\"Catalogo | Letrame Grupo Editorial\",\"description\":\"\",\"publisher\":{\"@id\":\"https:\/\/letrame.com\/catalogo\/#organization\"},\"potentialAction\":[{\"@type\":\"SearchAction\",\"target\":{\"@type\":\"EntryPoint\",\"urlTemplate\":\"https:\/\/letrame.com\/catalogo\/?s={search_term_string}\"},\"query-input\":{\"@type\":\"PropertyValueSpecification\",\"valueRequired\":true,\"valueName\":\"search_term_string\"}}],\"inLanguage\":\"es\"},{\"@type\":\"Organization\",\"@id\":\"https:\/\/letrame.com\/catalogo\/#organization\",\"name\":\"Catalogo | Letrame Grupo Editorial\",\"url\":\"https:\/\/letrame.com\/catalogo\/\",\"logo\":{\"@type\":\"ImageObject\",\"inLanguage\":\"es\",\"@id\":\"https:\/\/letrame.com\/catalogo\/#\/schema\/logo\/image\/\",\"url\":\"https:\/\/letrame.com\/catalogo\/wp-content\/uploads\/2024\/03\/logo2.webp\",\"contentUrl\":\"https:\/\/letrame.com\/catalogo\/wp-content\/uploads\/2024\/03\/logo2.webp\",\"width\":394,\"height\":128,\"caption\":\"Catalogo | Letrame Grupo Editorial\"},\"image\":{\"@id\":\"https:\/\/letrame.com\/catalogo\/#\/schema\/logo\/image\/\"}}]}<\/script>\n<!-- \/ Yoast SEO plugin. -->","yoast_head_json":{"title":"La interrupci\u00f3n del embarazo: una verdad escalofriante - Catalogo | Letrame Grupo Editorial","robots":{"index":"index","follow":"follow","max-snippet":"max-snippet:-1","max-image-preview":"max-image-preview:large","max-video-preview":"max-video-preview:-1"},"canonical":"https:\/\/letrame.com\/catalogo\/producto\/la-interrupcion-del-embarazo-una-verdad-escalofriante\/","og_locale":"es_ES","og_type":"article","og_title":"La interrupci\u00f3n del embarazo: una verdad escalofriante - Catalogo | Letrame Grupo Editorial","og_description":"ISBN: 9791370295110 SINOPSIS \u00abInterrupci\u00f3n del embarazo\u00bb es el eufemismo con el que ahora se conoce al aborto. Este se encuentra amparado por la ley en muchos pa\u00ed-ses, pero \u00bfen realidad sabemos de qu\u00e9 se trata la pr\u00e1ctica abortiva?, \u00bfsabemos sobre sus repercusiones f\u00edsicas o psicol\u00f3gicas? Y peor a\u00fan, \u00bfsabemos c\u00f3mo, d\u00f3nde y con qu\u00e9 objetivo surgi\u00f3 esta pr\u00e1ctica? Desde una perspectiva biol\u00f3gica, un tratamiento hist\u00f3rico y una \u00f3ptica personal, La interrupci\u00f3n del embarazo: una verdad escalofriante te dar\u00e1 las respuestas que necesitas en relaci\u00f3n a uno de los m\u00e1s grandes tab\u00faes de nuestra sociedad actual.","og_url":"https:\/\/letrame.com\/catalogo\/producto\/la-interrupcion-del-embarazo-una-verdad-escalofriante\/","og_site_name":"Catalogo | Letrame Grupo Editorial","og_image":[{"width":1828,"height":2560,"url":"https:\/\/letrame.com\/catalogo\/wp-content\/uploads\/2026\/03\/portadacatalogo-27-scaled.jpg","type":"image\/jpeg"}],"twitter_card":"summary_large_image","twitter_misc":{"Tiempo de lectura":"1 minuto"},"schema":{"@context":"https:\/\/schema.org","@graph":[{"@type":"WebPage","@id":"https:\/\/letrame.com\/catalogo\/producto\/la-interrupcion-del-embarazo-una-verdad-escalofriante\/","url":"https:\/\/letrame.com\/catalogo\/producto\/la-interrupcion-del-embarazo-una-verdad-escalofriante\/","name":"La interrupci\u00f3n del embarazo: una verdad escalofriante - Catalogo | Letrame Grupo Editorial","isPartOf":{"@id":"https:\/\/letrame.com\/catalogo\/#website"},"primaryImageOfPage":{"@id":"https:\/\/letrame.com\/catalogo\/producto\/la-interrupcion-del-embarazo-una-verdad-escalofriante\/#primaryimage"},"image":{"@id":"https:\/\/letrame.com\/catalogo\/producto\/la-interrupcion-del-embarazo-una-verdad-escalofriante\/#primaryimage"},"thumbnailUrl":"https:\/\/letrame.com\/catalogo\/wp-content\/uploads\/2026\/03\/portadacatalogo-27-scaled.jpg","datePublished":"2026-03-17T12:48:04+00:00","breadcrumb":{"@id":"https:\/\/letrame.com\/catalogo\/producto\/la-interrupcion-del-embarazo-una-verdad-escalofriante\/#breadcrumb"},"inLanguage":"es","potentialAction":[{"@type":"ReadAction","target":["https:\/\/letrame.com\/catalogo\/producto\/la-interrupcion-del-embarazo-una-verdad-escalofriante\/"]}]},{"@type":"ImageObject","inLanguage":"es","@id":"https:\/\/letrame.com\/catalogo\/producto\/la-interrupcion-del-embarazo-una-verdad-escalofriante\/#primaryimage","url":"https:\/\/letrame.com\/catalogo\/wp-content\/uploads\/2026\/03\/portadacatalogo-27-scaled.jpg","contentUrl":"https:\/\/letrame.com\/catalogo\/wp-content\/uploads\/2026\/03\/portadacatalogo-27-scaled.jpg","width":1828,"height":2560},{"@type":"BreadcrumbList","@id":"https:\/\/letrame.com\/catalogo\/producto\/la-interrupcion-del-embarazo-una-verdad-escalofriante\/#breadcrumb","itemListElement":[{"@type":"ListItem","position":1,"name":"Portada","item":"https:\/\/letrame.com\/catalogo\/"},{"@type":"ListItem","position":2,"name":"Cat\u00e1logo","item":"https:\/\/letrame.com\/catalogo\/"},{"@type":"ListItem","position":3,"name":"La interrupci\u00f3n del embarazo: una verdad escalofriante"}]},{"@type":"WebSite","@id":"https:\/\/letrame.com\/catalogo\/#website","url":"https:\/\/letrame.com\/catalogo\/","name":"Catalogo | Letrame Grupo Editorial","description":"","publisher":{"@id":"https:\/\/letrame.com\/catalogo\/#organization"},"potentialAction":[{"@type":"SearchAction","target":{"@type":"EntryPoint","urlTemplate":"https:\/\/letrame.com\/catalogo\/?s={search_term_string}"},"query-input":{"@type":"PropertyValueSpecification","valueRequired":true,"valueName":"search_term_string"}}],"inLanguage":"es"},{"@type":"Organization","@id":"https:\/\/letrame.com\/catalogo\/#organization","name":"Catalogo | Letrame Grupo Editorial","url":"https:\/\/letrame.com\/catalogo\/","logo":{"@type":"ImageObject","inLanguage":"es","@id":"https:\/\/letrame.com\/catalogo\/#\/schema\/logo\/image\/","url":"https:\/\/letrame.com\/catalogo\/wp-content\/uploads\/2024\/03\/logo2.webp","contentUrl":"https:\/\/letrame.com\/catalogo\/wp-content\/uploads\/2024\/03\/logo2.webp","width":394,"height":128,"caption":"Catalogo | Letrame Grupo Editorial"},"image":{"@id":"https:\/\/letrame.com\/catalogo\/#\/schema\/logo\/image\/"}}]}},"_links":{"self":[{"href":"https:\/\/letrame.com\/catalogo\/wp-json\/wp\/v2\/product\/111412","targetHints":{"allow":["GET"]}}],"collection":[{"href":"https:\/\/letrame.com\/catalogo\/wp-json\/wp\/v2\/product"}],"about":[{"href":"https:\/\/letrame.com\/catalogo\/wp-json\/wp\/v2\/types\/product"}],"replies":[{"embeddable":true,"href":"https:\/\/letrame.com\/catalogo\/wp-json\/wp\/v2\/comments?post=111412"}],"acf:post":[{"embeddable":true,"href":"https:\/\/letrame.com\/catalogo\/wp-json\/wp\/v2\/author_book\/111413"}],"wp:featuredmedia":[{"embeddable":true,"href":"https:\/\/letrame.com\/catalogo\/wp-json\/wp\/v2\/media\/111415"}],"wp:attachment":[{"href":"https:\/\/letrame.com\/catalogo\/wp-json\/wp\/v2\/media?parent=111412"}],"wp:term":[{"taxonomy":"libro","embeddable":true,"href":"https:\/\/letrame.com\/catalogo\/wp-json\/wp\/v2\/libro?post=111412"},{"taxonomy":"product_brand","embeddable":true,"href":"https:\/\/letrame.com\/catalogo\/wp-json\/wp\/v2\/product_brand?post=111412"},{"taxonomy":"product_cat","embeddable":true,"href":"https:\/\/letrame.com\/catalogo\/wp-json\/wp\/v2\/product_cat?post=111412"},{"taxonomy":"product_tag","embeddable":true,"href":"https:\/\/letrame.com\/catalogo\/wp-json\/wp\/v2\/product_tag?post=111412"}],"curies":[{"name":"wp","href":"https:\/\/api.w.org\/{rel}","templated":true}]}}