{"id":111405,"date":"2026-03-17T13:35:27","date_gmt":"2026-03-17T12:35:27","guid":{"rendered":"https:\/\/letrame.com\/catalogo\/?post_type=product&#038;p=111405"},"modified":"2026-03-17T13:35:28","modified_gmt":"2026-03-17T12:35:28","slug":"sentimientos-con-s-de-manas","status":"publish","type":"product","link":"https:\/\/letrame.com\/catalogo\/producto\/sentimientos-con-s-de-manas\/","title":{"rendered":"Sentimientos con S de Ma\u00f1as"},"content":{"rendered":"<p class=\"p1\"><b>ISBN: 9791370296025<\/b><b><\/b><\/p>\n<p class=\"p1\"><b>T\u00edtulo: Sentimientos con S de Ma\u00f1as<\/b><br \/>\n<b>Fecha: 2025<\/b><br \/>\n<b>P\u00e1ginas: 204<\/b><b><\/b><\/p>\n<p class=\"p1\"><b>SINOPSIS<\/b><\/p>\n<p class=\"p1\">Este libro contiene f\u00f3rmulas m\u00e1gicas tan reales y sinceras como mi nombre. Mis cortos relatos son humanos, parte de la bondad del ser humano. Sufro la p\u00e9rdida de mis seres queridos.<\/p>\n<p class=\"p1\">Busco, en mi l\u00e1mpara de sal, la intuici\u00f3n viva,<\/p>\n<p class=\"p1\">una puerta de salida para sobrevivir.<\/p>\n<p class=\"p1\">La admiraci\u00f3n eterna de quien ocupa mi coraz\u00f3n!!!<\/p>\n<p class=\"p1\">Soy mujer luchadora, que al hacerse adulta y traspasar el medio siglo, recuerda sus ra\u00edces con nostalgia y admiraci\u00f3n. Una infancia y juventud preciosas; entre Barcelona, \u00abque es mi vida\u00bb y el precioso pueblo de l&#8217; Alt Empord\u00e0: Llan\u00e7\u00e0, \u00abmi mar de plata\u00bb.<\/p>\n<p class=\"p1\">El destino de la vida me ha castigado duramente. Hago m\u00e1gicos todos mis relatos, llenos de a\u00f1oranza y una realidad estremecedora. Ca\u00ed en una gran depresi\u00f3n, un divorcio duro, dos hijos que me daban alas para volar. Diagnosticada mi enfermedad en el a\u00f1o 2016, quise dejar este mundo. Pero la escritura fue la clave y mi mejor medicina hasta el d\u00eda de hoy.<\/p>\n<p class=\"p1\">He plasmado una vida con orgullo, tristeza y eterna pasi\u00f3n.<\/p>\n","protected":false},"excerpt":{"rendered":"<p class=\"p1\"><b>ISBN: 9791370296025<\/b><b><\/b><\/p>\n<p class=\"p1\"><b>SINOPSIS<\/b><\/p>\n<p class=\"p1\">Este libro contiene f\u00f3rmulas m\u00e1gicas tan reales y sinceras como mi nombre. Mis cortos relatos son humanos, parte de la bondad del ser humano. Sufro la p\u00e9rdida de mis seres queridos.<\/p>\n<p class=\"p1\">Busco, en mi l\u00e1mpara de sal, la intuici\u00f3n viva,<\/p>\n<p class=\"p1\">una puerta de salida para sobrevivir.<\/p>\n<p class=\"p1\">La admiraci\u00f3n eterna de quien ocupa mi coraz\u00f3n!!!<\/p>\n<p class=\"p1\">Soy mujer luchadora, que al hacerse adulta y traspasar el medio siglo, recuerda sus ra\u00edces con nostalgia y admiraci\u00f3n. Una infancia y juventud preciosas; entre Barcelona, \u00abque es mi vida\u00bb y el precioso pueblo de l&#8217; Alt Empord\u00e0: Llan\u00e7\u00e0, \u00abmi mar de plata\u00bb.<\/p>\n<p class=\"p1\">El destino de la vida me ha castigado duramente. Hago m\u00e1gicos todos mis relatos, llenos de a\u00f1oranza y una realidad estremecedora. Ca\u00ed en una gran depresi\u00f3n, un divorcio duro, dos hijos que me daban alas para volar. Diagnosticada mi enfermedad en el a\u00f1o 2016, quise dejar este mundo. Pero la escritura fue la clave y mi mejor medicina hasta el d\u00eda de hoy.<\/p>\n<p class=\"p1\">He plasmado una vida con orgullo, tristeza y eterna pasi\u00f3n.<\/p>\n","protected":false},"featured_media":111409,"comment_status":"open","ping_status":"closed","template":"","meta":{"_acf_changed":false},"libro":[],"product_brand":[],"product_cat":[59],"product_tag":[],"class_list":{"0":"post-111405","1":"product","2":"type-product","3":"status-publish","4":"has-post-thumbnail","6":"product_cat-memorias","8":"first","9":"instock","10":"shipping-taxable","11":"product-type-simple"},"acf":{"autor":[111406],"enlace_de_compra":"https:\/\/amzn.to\/4doDrBk"},"yoast_head":"<!-- This site is optimized with the Yoast SEO plugin v26.6 - https:\/\/yoast.com\/wordpress\/plugins\/seo\/ -->\n<title>Sentimientos con S de Ma\u00f1as - Catalogo | Letrame Grupo Editorial<\/title>\n<meta name=\"robots\" content=\"index, follow, max-snippet:-1, max-image-preview:large, max-video-preview:-1\" \/>\n<link rel=\"canonical\" href=\"https:\/\/letrame.com\/catalogo\/producto\/sentimientos-con-s-de-manas\/\" \/>\n<meta property=\"og:locale\" content=\"es_ES\" \/>\n<meta property=\"og:type\" content=\"article\" \/>\n<meta property=\"og:title\" content=\"Sentimientos con S de Ma\u00f1as - Catalogo | Letrame Grupo Editorial\" \/>\n<meta property=\"og:description\" content=\"ISBN: 9791370296025 SINOPSIS Este libro contiene f\u00f3rmulas m\u00e1gicas tan reales y sinceras como mi nombre. Mis cortos relatos son humanos, parte de la bondad del ser humano. Sufro la p\u00e9rdida de mis seres queridos. Busco, en mi l\u00e1mpara de sal, la intuici\u00f3n viva, una puerta de salida para sobrevivir. La admiraci\u00f3n eterna de quien ocupa mi coraz\u00f3n!!! Soy mujer luchadora, que al hacerse adulta y traspasar el medio siglo, recuerda sus ra\u00edces con nostalgia y admiraci\u00f3n. Una infancia y juventud preciosas; entre Barcelona, \u00abque es mi vida\u00bb y el precioso pueblo de l&#039; Alt Empord\u00e0: Llan\u00e7\u00e0, \u00abmi mar de plata\u00bb. El destino de la vida me ha castigado duramente. Hago m\u00e1gicos todos mis relatos, llenos de a\u00f1oranza y una realidad estremecedora. Ca\u00ed en una gran depresi\u00f3n, un divorcio duro, dos hijos que me daban alas para volar. Diagnosticada mi enfermedad en el a\u00f1o 2016, quise dejar este mundo. Pero la escritura fue la clave y mi mejor medicina hasta el d\u00eda de hoy. He plasmado una vida con orgullo, tristeza y eterna pasi\u00f3n.\" \/>\n<meta property=\"og:url\" content=\"https:\/\/letrame.com\/catalogo\/producto\/sentimientos-con-s-de-manas\/\" \/>\n<meta property=\"og:site_name\" content=\"Catalogo | Letrame Grupo Editorial\" \/>\n<meta property=\"article:modified_time\" content=\"2026-03-17T12:35:28+00:00\" \/>\n<meta property=\"og:image\" content=\"https:\/\/letrame.com\/catalogo\/wp-content\/uploads\/2026\/03\/portadacatlogo-scaled.jpg\" \/>\n\t<meta property=\"og:image:width\" content=\"1804\" \/>\n\t<meta property=\"og:image:height\" content=\"2560\" \/>\n\t<meta property=\"og:image:type\" content=\"image\/jpeg\" \/>\n<meta name=\"twitter:card\" content=\"summary_large_image\" \/>\n<meta name=\"twitter:label1\" content=\"Tiempo de lectura\" \/>\n\t<meta name=\"twitter:data1\" content=\"2 minutos\" \/>\n<script type=\"application\/ld+json\" class=\"yoast-schema-graph\">{\"@context\":\"https:\/\/schema.org\",\"@graph\":[{\"@type\":\"WebPage\",\"@id\":\"https:\/\/letrame.com\/catalogo\/producto\/sentimientos-con-s-de-manas\/\",\"url\":\"https:\/\/letrame.com\/catalogo\/producto\/sentimientos-con-s-de-manas\/\",\"name\":\"Sentimientos con S de Ma\u00f1as - Catalogo | Letrame Grupo Editorial\",\"isPartOf\":{\"@id\":\"https:\/\/letrame.com\/catalogo\/#website\"},\"primaryImageOfPage\":{\"@id\":\"https:\/\/letrame.com\/catalogo\/producto\/sentimientos-con-s-de-manas\/#primaryimage\"},\"image\":{\"@id\":\"https:\/\/letrame.com\/catalogo\/producto\/sentimientos-con-s-de-manas\/#primaryimage\"},\"thumbnailUrl\":\"https:\/\/letrame.com\/catalogo\/wp-content\/uploads\/2026\/03\/portadacatlogo-scaled.jpg\",\"datePublished\":\"2026-03-17T12:35:27+00:00\",\"dateModified\":\"2026-03-17T12:35:28+00:00\",\"breadcrumb\":{\"@id\":\"https:\/\/letrame.com\/catalogo\/producto\/sentimientos-con-s-de-manas\/#breadcrumb\"},\"inLanguage\":\"es\",\"potentialAction\":[{\"@type\":\"ReadAction\",\"target\":[\"https:\/\/letrame.com\/catalogo\/producto\/sentimientos-con-s-de-manas\/\"]}]},{\"@type\":\"ImageObject\",\"inLanguage\":\"es\",\"@id\":\"https:\/\/letrame.com\/catalogo\/producto\/sentimientos-con-s-de-manas\/#primaryimage\",\"url\":\"https:\/\/letrame.com\/catalogo\/wp-content\/uploads\/2026\/03\/portadacatlogo-scaled.jpg\",\"contentUrl\":\"https:\/\/letrame.com\/catalogo\/wp-content\/uploads\/2026\/03\/portadacatlogo-scaled.jpg\",\"width\":1804,\"height\":2560},{\"@type\":\"BreadcrumbList\",\"@id\":\"https:\/\/letrame.com\/catalogo\/producto\/sentimientos-con-s-de-manas\/#breadcrumb\",\"itemListElement\":[{\"@type\":\"ListItem\",\"position\":1,\"name\":\"Portada\",\"item\":\"https:\/\/letrame.com\/catalogo\/\"},{\"@type\":\"ListItem\",\"position\":2,\"name\":\"Cat\u00e1logo\",\"item\":\"https:\/\/letrame.com\/catalogo\/\"},{\"@type\":\"ListItem\",\"position\":3,\"name\":\"Sentimientos con S de Ma\u00f1as\"}]},{\"@type\":\"WebSite\",\"@id\":\"https:\/\/letrame.com\/catalogo\/#website\",\"url\":\"https:\/\/letrame.com\/catalogo\/\",\"name\":\"Catalogo | Letrame Grupo Editorial\",\"description\":\"\",\"publisher\":{\"@id\":\"https:\/\/letrame.com\/catalogo\/#organization\"},\"potentialAction\":[{\"@type\":\"SearchAction\",\"target\":{\"@type\":\"EntryPoint\",\"urlTemplate\":\"https:\/\/letrame.com\/catalogo\/?s={search_term_string}\"},\"query-input\":{\"@type\":\"PropertyValueSpecification\",\"valueRequired\":true,\"valueName\":\"search_term_string\"}}],\"inLanguage\":\"es\"},{\"@type\":\"Organization\",\"@id\":\"https:\/\/letrame.com\/catalogo\/#organization\",\"name\":\"Catalogo | Letrame Grupo Editorial\",\"url\":\"https:\/\/letrame.com\/catalogo\/\",\"logo\":{\"@type\":\"ImageObject\",\"inLanguage\":\"es\",\"@id\":\"https:\/\/letrame.com\/catalogo\/#\/schema\/logo\/image\/\",\"url\":\"https:\/\/letrame.com\/catalogo\/wp-content\/uploads\/2024\/03\/logo2.webp\",\"contentUrl\":\"https:\/\/letrame.com\/catalogo\/wp-content\/uploads\/2024\/03\/logo2.webp\",\"width\":394,\"height\":128,\"caption\":\"Catalogo | Letrame Grupo Editorial\"},\"image\":{\"@id\":\"https:\/\/letrame.com\/catalogo\/#\/schema\/logo\/image\/\"}}]}<\/script>\n<!-- \/ Yoast SEO plugin. -->","yoast_head_json":{"title":"Sentimientos con S de Ma\u00f1as - Catalogo | Letrame Grupo Editorial","robots":{"index":"index","follow":"follow","max-snippet":"max-snippet:-1","max-image-preview":"max-image-preview:large","max-video-preview":"max-video-preview:-1"},"canonical":"https:\/\/letrame.com\/catalogo\/producto\/sentimientos-con-s-de-manas\/","og_locale":"es_ES","og_type":"article","og_title":"Sentimientos con S de Ma\u00f1as - Catalogo | Letrame Grupo Editorial","og_description":"ISBN: 9791370296025 SINOPSIS Este libro contiene f\u00f3rmulas m\u00e1gicas tan reales y sinceras como mi nombre. Mis cortos relatos son humanos, parte de la bondad del ser humano. Sufro la p\u00e9rdida de mis seres queridos. Busco, en mi l\u00e1mpara de sal, la intuici\u00f3n viva, una puerta de salida para sobrevivir. La admiraci\u00f3n eterna de quien ocupa mi coraz\u00f3n!!! Soy mujer luchadora, que al hacerse adulta y traspasar el medio siglo, recuerda sus ra\u00edces con nostalgia y admiraci\u00f3n. Una infancia y juventud preciosas; entre Barcelona, \u00abque es mi vida\u00bb y el precioso pueblo de l' Alt Empord\u00e0: Llan\u00e7\u00e0, \u00abmi mar de plata\u00bb. El destino de la vida me ha castigado duramente. Hago m\u00e1gicos todos mis relatos, llenos de a\u00f1oranza y una realidad estremecedora. Ca\u00ed en una gran depresi\u00f3n, un divorcio duro, dos hijos que me daban alas para volar. Diagnosticada mi enfermedad en el a\u00f1o 2016, quise dejar este mundo. Pero la escritura fue la clave y mi mejor medicina hasta el d\u00eda de hoy. He plasmado una vida con orgullo, tristeza y eterna pasi\u00f3n.","og_url":"https:\/\/letrame.com\/catalogo\/producto\/sentimientos-con-s-de-manas\/","og_site_name":"Catalogo | Letrame Grupo Editorial","article_modified_time":"2026-03-17T12:35:28+00:00","og_image":[{"width":1804,"height":2560,"url":"https:\/\/letrame.com\/catalogo\/wp-content\/uploads\/2026\/03\/portadacatlogo-scaled.jpg","type":"image\/jpeg"}],"twitter_card":"summary_large_image","twitter_misc":{"Tiempo de lectura":"2 minutos"},"schema":{"@context":"https:\/\/schema.org","@graph":[{"@type":"WebPage","@id":"https:\/\/letrame.com\/catalogo\/producto\/sentimientos-con-s-de-manas\/","url":"https:\/\/letrame.com\/catalogo\/producto\/sentimientos-con-s-de-manas\/","name":"Sentimientos con S de Ma\u00f1as - Catalogo | Letrame Grupo Editorial","isPartOf":{"@id":"https:\/\/letrame.com\/catalogo\/#website"},"primaryImageOfPage":{"@id":"https:\/\/letrame.com\/catalogo\/producto\/sentimientos-con-s-de-manas\/#primaryimage"},"image":{"@id":"https:\/\/letrame.com\/catalogo\/producto\/sentimientos-con-s-de-manas\/#primaryimage"},"thumbnailUrl":"https:\/\/letrame.com\/catalogo\/wp-content\/uploads\/2026\/03\/portadacatlogo-scaled.jpg","datePublished":"2026-03-17T12:35:27+00:00","dateModified":"2026-03-17T12:35:28+00:00","breadcrumb":{"@id":"https:\/\/letrame.com\/catalogo\/producto\/sentimientos-con-s-de-manas\/#breadcrumb"},"inLanguage":"es","potentialAction":[{"@type":"ReadAction","target":["https:\/\/letrame.com\/catalogo\/producto\/sentimientos-con-s-de-manas\/"]}]},{"@type":"ImageObject","inLanguage":"es","@id":"https:\/\/letrame.com\/catalogo\/producto\/sentimientos-con-s-de-manas\/#primaryimage","url":"https:\/\/letrame.com\/catalogo\/wp-content\/uploads\/2026\/03\/portadacatlogo-scaled.jpg","contentUrl":"https:\/\/letrame.com\/catalogo\/wp-content\/uploads\/2026\/03\/portadacatlogo-scaled.jpg","width":1804,"height":2560},{"@type":"BreadcrumbList","@id":"https:\/\/letrame.com\/catalogo\/producto\/sentimientos-con-s-de-manas\/#breadcrumb","itemListElement":[{"@type":"ListItem","position":1,"name":"Portada","item":"https:\/\/letrame.com\/catalogo\/"},{"@type":"ListItem","position":2,"name":"Cat\u00e1logo","item":"https:\/\/letrame.com\/catalogo\/"},{"@type":"ListItem","position":3,"name":"Sentimientos con S de Ma\u00f1as"}]},{"@type":"WebSite","@id":"https:\/\/letrame.com\/catalogo\/#website","url":"https:\/\/letrame.com\/catalogo\/","name":"Catalogo | Letrame Grupo Editorial","description":"","publisher":{"@id":"https:\/\/letrame.com\/catalogo\/#organization"},"potentialAction":[{"@type":"SearchAction","target":{"@type":"EntryPoint","urlTemplate":"https:\/\/letrame.com\/catalogo\/?s={search_term_string}"},"query-input":{"@type":"PropertyValueSpecification","valueRequired":true,"valueName":"search_term_string"}}],"inLanguage":"es"},{"@type":"Organization","@id":"https:\/\/letrame.com\/catalogo\/#organization","name":"Catalogo | Letrame Grupo Editorial","url":"https:\/\/letrame.com\/catalogo\/","logo":{"@type":"ImageObject","inLanguage":"es","@id":"https:\/\/letrame.com\/catalogo\/#\/schema\/logo\/image\/","url":"https:\/\/letrame.com\/catalogo\/wp-content\/uploads\/2024\/03\/logo2.webp","contentUrl":"https:\/\/letrame.com\/catalogo\/wp-content\/uploads\/2024\/03\/logo2.webp","width":394,"height":128,"caption":"Catalogo | Letrame Grupo Editorial"},"image":{"@id":"https:\/\/letrame.com\/catalogo\/#\/schema\/logo\/image\/"}}]}},"_links":{"self":[{"href":"https:\/\/letrame.com\/catalogo\/wp-json\/wp\/v2\/product\/111405","targetHints":{"allow":["GET"]}}],"collection":[{"href":"https:\/\/letrame.com\/catalogo\/wp-json\/wp\/v2\/product"}],"about":[{"href":"https:\/\/letrame.com\/catalogo\/wp-json\/wp\/v2\/types\/product"}],"replies":[{"embeddable":true,"href":"https:\/\/letrame.com\/catalogo\/wp-json\/wp\/v2\/comments?post=111405"}],"acf:post":[{"embeddable":true,"href":"https:\/\/letrame.com\/catalogo\/wp-json\/wp\/v2\/author_book\/111406"}],"wp:featuredmedia":[{"embeddable":true,"href":"https:\/\/letrame.com\/catalogo\/wp-json\/wp\/v2\/media\/111409"}],"wp:attachment":[{"href":"https:\/\/letrame.com\/catalogo\/wp-json\/wp\/v2\/media?parent=111405"}],"wp:term":[{"taxonomy":"libro","embeddable":true,"href":"https:\/\/letrame.com\/catalogo\/wp-json\/wp\/v2\/libro?post=111405"},{"taxonomy":"product_brand","embeddable":true,"href":"https:\/\/letrame.com\/catalogo\/wp-json\/wp\/v2\/product_brand?post=111405"},{"taxonomy":"product_cat","embeddable":true,"href":"https:\/\/letrame.com\/catalogo\/wp-json\/wp\/v2\/product_cat?post=111405"},{"taxonomy":"product_tag","embeddable":true,"href":"https:\/\/letrame.com\/catalogo\/wp-json\/wp\/v2\/product_tag?post=111405"}],"curies":[{"name":"wp","href":"https:\/\/api.w.org\/{rel}","templated":true}]}}