{"id":111385,"date":"2026-03-11T12:38:28","date_gmt":"2026-03-11T11:38:28","guid":{"rendered":"https:\/\/letrame.com\/catalogo\/?post_type=product&#038;p=111385"},"modified":"2026-03-23T10:52:49","modified_gmt":"2026-03-23T09:52:49","slug":"los-reyes-de-espana","status":"publish","type":"product","link":"https:\/\/letrame.com\/catalogo\/producto\/los-reyes-de-espana\/","title":{"rendered":"Los Reyes de Espa\u00f1a"},"content":{"rendered":"<p><strong>ISBN: 9791370295523<\/strong><br \/>\n<strong>T\u00edtulo: Los Reyes de Espa\u00f1a<\/strong><br \/>\n<strong>Fecha: 2025<\/strong><br \/>\n<strong>P\u00e1ginas: 226<\/strong><\/p>\n<p><strong>SINOPSIS<\/strong><\/p>\n<p data-start=\"0\" data-end=\"146\">Son varias las personas que han ocupado un puesto preferente entre los espa\u00f1oles, bajo el t\u00edtulo de \u00abrey\u00bb, y de estas personas habla este libro.<\/p>\n<p data-start=\"148\" data-end=\"410\">Pero quien lo escribe se declara republicano, y se atreve a denominarse \u00abracional\u00bb, por lo que, en los comentarios que hace respecto a los diferentes reinados, ha procurado ser lo m\u00e1s objetivo posible. Si lo ha conseguido ser\u00e1n los lectores quienes lo juzguen.<\/p>\n<p data-start=\"412\" data-end=\"677\">La lectura permite conocer las principales caracter\u00edsticas de cada reinado, sus circunstancias y algunos aspectos, algunos no muy conocidos o difundidos, de los reyes y reinas que ha tenido Espa\u00f1a desde los Reyes Cat\u00f3licos hasta nuestro actual monarca, Felipe VI.<\/p>\n<p data-start=\"679\" data-end=\"760\">Tambi\u00e9n se incluyen opiniones del autor, que no se pretende que nadie comparta.<\/p>\n<p data-start=\"762\" data-end=\"1060\" data-is-last-node=\"\" data-is-only-node=\"\">Si el lector est\u00e1 interesado en la historia de Espa\u00f1a, una de las m\u00e1s ricas de este mundo, pese a no darle la importancia que ha tenido, y quiere conocer a quienes estuvieron al frente de esa historia, creo que este libro puede resultarles interesado e, incluso, ilustrativo, al menos para algunos.<\/p>\n","protected":false},"excerpt":{"rendered":"<p><strong>ISBN: 9791370295523<\/strong><\/p>\n<p><strong>SINOPSIS<\/strong><\/p>\n<p data-start=\"0\" data-end=\"146\">Son varias las personas que han ocupado un puesto preferente entre los espa\u00f1oles, bajo el t\u00edtulo de \u00abrey\u00bb, y de estas personas habla este libro.<\/p>\n<p data-start=\"148\" data-end=\"410\">Pero quien lo escribe se declara republicano, y se atreve a denominarse \u00abracional\u00bb, por lo que, en los comentarios que hace respecto a los diferentes reinados, ha procurado ser lo m\u00e1s objetivo posible. Si lo ha conseguido ser\u00e1n los lectores quienes lo juzguen.<\/p>\n<p data-start=\"412\" data-end=\"677\">La lectura permite conocer las principales caracter\u00edsticas de cada reinado, sus circunstancias y algunos aspectos, algunos no muy conocidos o difundidos, de los reyes y reinas que ha tenido Espa\u00f1a desde los Reyes Cat\u00f3licos hasta nuestro actual monarca, Felipe VI.<\/p>\n<p data-start=\"679\" data-end=\"760\">Tambi\u00e9n se incluyen opiniones del autor, que no se pretende que nadie comparta.<\/p>\n<p data-start=\"762\" data-end=\"1060\" data-is-last-node=\"\" data-is-only-node=\"\">Si el lector est\u00e1 interesado en la historia de Espa\u00f1a, una de las m\u00e1s ricas de este mundo, pese a no darle la importancia que ha tenido, y quiere conocer a quienes estuvieron al frente de esa historia, creo que este libro puede resultarles interesado e, incluso, ilustrativo, al menos para algunos.<\/p>\n","protected":false},"featured_media":111386,"comment_status":"open","ping_status":"closed","template":"","meta":{"_acf_changed":false},"libro":[],"product_brand":[],"product_cat":[148],"product_tag":[],"class_list":{"0":"post-111385","1":"product","2":"type-product","3":"status-publish","4":"has-post-thumbnail","6":"product_cat-historia","8":"first","9":"instock","10":"shipping-taxable","11":"product-type-simple"},"acf":{"autor":[108484],"enlace_de_compra":"https:\/\/amzn.to\/4uoNxZ7"},"yoast_head":"<!-- This site is optimized with the Yoast SEO plugin v27.4 - https:\/\/yoast.com\/product\/yoast-seo-wordpress\/ -->\n<title>Los Reyes de Espa\u00f1a - Catalogo | Letrame Grupo Editorial<\/title>\n<meta name=\"robots\" content=\"index, follow, max-snippet:-1, max-image-preview:large, max-video-preview:-1\" \/>\n<link rel=\"canonical\" href=\"https:\/\/letrame.com\/catalogo\/producto\/los-reyes-de-espana\/\" \/>\n<meta property=\"og:locale\" content=\"es_ES\" \/>\n<meta property=\"og:type\" content=\"article\" \/>\n<meta property=\"og:title\" content=\"Los Reyes de Espa\u00f1a - Catalogo | Letrame Grupo Editorial\" \/>\n<meta property=\"og:description\" content=\"ISBN: 9791370295523  SINOPSIS Son varias las personas que han ocupado un puesto preferente entre los espa\u00f1oles, bajo el t\u00edtulo de \u00abrey\u00bb, y de estas personas habla este libro. Pero quien lo escribe se declara republicano, y se atreve a denominarse \u00abracional\u00bb, por lo que, en los comentarios que hace respecto a los diferentes reinados, ha procurado ser lo m\u00e1s objetivo posible. Si lo ha conseguido ser\u00e1n los lectores quienes lo juzguen. La lectura permite conocer las principales caracter\u00edsticas de cada reinado, sus circunstancias y algunos aspectos, algunos no muy conocidos o difundidos, de los reyes y reinas que ha tenido Espa\u00f1a desde los Reyes Cat\u00f3licos hasta nuestro actual monarca, Felipe VI. Tambi\u00e9n se incluyen opiniones del autor, que no se pretende que nadie comparta. Si el lector est\u00e1 interesado en la historia de Espa\u00f1a, una de las m\u00e1s ricas de este mundo, pese a no darle la importancia que ha tenido, y quiere conocer a quienes estuvieron al frente de esa historia, creo que este libro puede resultarles interesado e, incluso, ilustrativo, al menos para algunos.\" \/>\n<meta property=\"og:url\" content=\"https:\/\/letrame.com\/catalogo\/producto\/los-reyes-de-espana\/\" \/>\n<meta property=\"og:site_name\" content=\"Catalogo | Letrame Grupo Editorial\" \/>\n<meta property=\"article:modified_time\" content=\"2026-03-23T09:52:49+00:00\" \/>\n<meta property=\"og:image\" content=\"https:\/\/letrame.com\/catalogo\/wp-content\/uploads\/2026\/03\/portadacatalogo-23-scaled.jpg\" \/>\n\t<meta property=\"og:image:width\" content=\"1828\" \/>\n\t<meta property=\"og:image:height\" content=\"2560\" \/>\n\t<meta property=\"og:image:type\" content=\"image\/jpeg\" \/>\n<meta name=\"twitter:card\" content=\"summary_large_image\" \/>\n<meta name=\"twitter:label1\" content=\"Tiempo de lectura\" \/>\n\t<meta name=\"twitter:data1\" content=\"2 minutos\" \/>\n<script type=\"application\/ld+json\" class=\"yoast-schema-graph\">{\"@context\":\"https:\\\/\\\/schema.org\",\"@graph\":[{\"@type\":\"WebPage\",\"@id\":\"https:\\\/\\\/letrame.com\\\/catalogo\\\/producto\\\/los-reyes-de-espana\\\/\",\"url\":\"https:\\\/\\\/letrame.com\\\/catalogo\\\/producto\\\/los-reyes-de-espana\\\/\",\"name\":\"Los Reyes de Espa\u00f1a - Catalogo | Letrame Grupo Editorial\",\"isPartOf\":{\"@id\":\"https:\\\/\\\/letrame.com\\\/catalogo\\\/#website\"},\"primaryImageOfPage\":{\"@id\":\"https:\\\/\\\/letrame.com\\\/catalogo\\\/producto\\\/los-reyes-de-espana\\\/#primaryimage\"},\"image\":{\"@id\":\"https:\\\/\\\/letrame.com\\\/catalogo\\\/producto\\\/los-reyes-de-espana\\\/#primaryimage\"},\"thumbnailUrl\":\"https:\\\/\\\/letrame.com\\\/catalogo\\\/wp-content\\\/uploads\\\/2026\\\/03\\\/portadacatalogo-23-scaled.jpg\",\"datePublished\":\"2026-03-11T11:38:28+00:00\",\"dateModified\":\"2026-03-23T09:52:49+00:00\",\"breadcrumb\":{\"@id\":\"https:\\\/\\\/letrame.com\\\/catalogo\\\/producto\\\/los-reyes-de-espana\\\/#breadcrumb\"},\"inLanguage\":\"es\",\"potentialAction\":[{\"@type\":\"ReadAction\",\"target\":[\"https:\\\/\\\/letrame.com\\\/catalogo\\\/producto\\\/los-reyes-de-espana\\\/\"]}]},{\"@type\":\"ImageObject\",\"inLanguage\":\"es\",\"@id\":\"https:\\\/\\\/letrame.com\\\/catalogo\\\/producto\\\/los-reyes-de-espana\\\/#primaryimage\",\"url\":\"https:\\\/\\\/letrame.com\\\/catalogo\\\/wp-content\\\/uploads\\\/2026\\\/03\\\/portadacatalogo-23-scaled.jpg\",\"contentUrl\":\"https:\\\/\\\/letrame.com\\\/catalogo\\\/wp-content\\\/uploads\\\/2026\\\/03\\\/portadacatalogo-23-scaled.jpg\",\"width\":1828,\"height\":2560},{\"@type\":\"BreadcrumbList\",\"@id\":\"https:\\\/\\\/letrame.com\\\/catalogo\\\/producto\\\/los-reyes-de-espana\\\/#breadcrumb\",\"itemListElement\":[{\"@type\":\"ListItem\",\"position\":1,\"name\":\"Portada\",\"item\":\"https:\\\/\\\/letrame.com\\\/catalogo\\\/\"},{\"@type\":\"ListItem\",\"position\":2,\"name\":\"Cat\u00e1logo\",\"item\":\"https:\\\/\\\/letrame.com\\\/catalogo\\\/\"},{\"@type\":\"ListItem\",\"position\":3,\"name\":\"Los Reyes de Espa\u00f1a\"}]},{\"@type\":\"WebSite\",\"@id\":\"https:\\\/\\\/letrame.com\\\/catalogo\\\/#website\",\"url\":\"https:\\\/\\\/letrame.com\\\/catalogo\\\/\",\"name\":\"Catalogo | Letrame Grupo Editorial\",\"description\":\"\",\"publisher\":{\"@id\":\"https:\\\/\\\/letrame.com\\\/catalogo\\\/#organization\"},\"potentialAction\":[{\"@type\":\"SearchAction\",\"target\":{\"@type\":\"EntryPoint\",\"urlTemplate\":\"https:\\\/\\\/letrame.com\\\/catalogo\\\/?s={search_term_string}\"},\"query-input\":{\"@type\":\"PropertyValueSpecification\",\"valueRequired\":true,\"valueName\":\"search_term_string\"}}],\"inLanguage\":\"es\"},{\"@type\":\"Organization\",\"@id\":\"https:\\\/\\\/letrame.com\\\/catalogo\\\/#organization\",\"name\":\"Catalogo | Letrame Grupo Editorial\",\"url\":\"https:\\\/\\\/letrame.com\\\/catalogo\\\/\",\"logo\":{\"@type\":\"ImageObject\",\"inLanguage\":\"es\",\"@id\":\"https:\\\/\\\/letrame.com\\\/catalogo\\\/#\\\/schema\\\/logo\\\/image\\\/\",\"url\":\"https:\\\/\\\/letrame.com\\\/catalogo\\\/wp-content\\\/uploads\\\/2024\\\/03\\\/logo2.webp\",\"contentUrl\":\"https:\\\/\\\/letrame.com\\\/catalogo\\\/wp-content\\\/uploads\\\/2024\\\/03\\\/logo2.webp\",\"width\":394,\"height\":128,\"caption\":\"Catalogo | Letrame Grupo Editorial\"},\"image\":{\"@id\":\"https:\\\/\\\/letrame.com\\\/catalogo\\\/#\\\/schema\\\/logo\\\/image\\\/\"}}]}<\/script>\n<!-- \/ Yoast SEO plugin. -->","yoast_head_json":{"title":"Los Reyes de Espa\u00f1a - Catalogo | Letrame Grupo Editorial","robots":{"index":"index","follow":"follow","max-snippet":"max-snippet:-1","max-image-preview":"max-image-preview:large","max-video-preview":"max-video-preview:-1"},"canonical":"https:\/\/letrame.com\/catalogo\/producto\/los-reyes-de-espana\/","og_locale":"es_ES","og_type":"article","og_title":"Los Reyes de Espa\u00f1a - Catalogo | Letrame Grupo Editorial","og_description":"ISBN: 9791370295523  SINOPSIS Son varias las personas que han ocupado un puesto preferente entre los espa\u00f1oles, bajo el t\u00edtulo de \u00abrey\u00bb, y de estas personas habla este libro. Pero quien lo escribe se declara republicano, y se atreve a denominarse \u00abracional\u00bb, por lo que, en los comentarios que hace respecto a los diferentes reinados, ha procurado ser lo m\u00e1s objetivo posible. Si lo ha conseguido ser\u00e1n los lectores quienes lo juzguen. La lectura permite conocer las principales caracter\u00edsticas de cada reinado, sus circunstancias y algunos aspectos, algunos no muy conocidos o difundidos, de los reyes y reinas que ha tenido Espa\u00f1a desde los Reyes Cat\u00f3licos hasta nuestro actual monarca, Felipe VI. Tambi\u00e9n se incluyen opiniones del autor, que no se pretende que nadie comparta. Si el lector est\u00e1 interesado en la historia de Espa\u00f1a, una de las m\u00e1s ricas de este mundo, pese a no darle la importancia que ha tenido, y quiere conocer a quienes estuvieron al frente de esa historia, creo que este libro puede resultarles interesado e, incluso, ilustrativo, al menos para algunos.","og_url":"https:\/\/letrame.com\/catalogo\/producto\/los-reyes-de-espana\/","og_site_name":"Catalogo | Letrame Grupo Editorial","article_modified_time":"2026-03-23T09:52:49+00:00","og_image":[{"width":1828,"height":2560,"url":"https:\/\/letrame.com\/catalogo\/wp-content\/uploads\/2026\/03\/portadacatalogo-23-scaled.jpg","type":"image\/jpeg"}],"twitter_card":"summary_large_image","twitter_misc":{"Tiempo de lectura":"2 minutos"},"schema":{"@context":"https:\/\/schema.org","@graph":[{"@type":"WebPage","@id":"https:\/\/letrame.com\/catalogo\/producto\/los-reyes-de-espana\/","url":"https:\/\/letrame.com\/catalogo\/producto\/los-reyes-de-espana\/","name":"Los Reyes de Espa\u00f1a - Catalogo | Letrame Grupo Editorial","isPartOf":{"@id":"https:\/\/letrame.com\/catalogo\/#website"},"primaryImageOfPage":{"@id":"https:\/\/letrame.com\/catalogo\/producto\/los-reyes-de-espana\/#primaryimage"},"image":{"@id":"https:\/\/letrame.com\/catalogo\/producto\/los-reyes-de-espana\/#primaryimage"},"thumbnailUrl":"https:\/\/letrame.com\/catalogo\/wp-content\/uploads\/2026\/03\/portadacatalogo-23-scaled.jpg","datePublished":"2026-03-11T11:38:28+00:00","dateModified":"2026-03-23T09:52:49+00:00","breadcrumb":{"@id":"https:\/\/letrame.com\/catalogo\/producto\/los-reyes-de-espana\/#breadcrumb"},"inLanguage":"es","potentialAction":[{"@type":"ReadAction","target":["https:\/\/letrame.com\/catalogo\/producto\/los-reyes-de-espana\/"]}]},{"@type":"ImageObject","inLanguage":"es","@id":"https:\/\/letrame.com\/catalogo\/producto\/los-reyes-de-espana\/#primaryimage","url":"https:\/\/letrame.com\/catalogo\/wp-content\/uploads\/2026\/03\/portadacatalogo-23-scaled.jpg","contentUrl":"https:\/\/letrame.com\/catalogo\/wp-content\/uploads\/2026\/03\/portadacatalogo-23-scaled.jpg","width":1828,"height":2560},{"@type":"BreadcrumbList","@id":"https:\/\/letrame.com\/catalogo\/producto\/los-reyes-de-espana\/#breadcrumb","itemListElement":[{"@type":"ListItem","position":1,"name":"Portada","item":"https:\/\/letrame.com\/catalogo\/"},{"@type":"ListItem","position":2,"name":"Cat\u00e1logo","item":"https:\/\/letrame.com\/catalogo\/"},{"@type":"ListItem","position":3,"name":"Los Reyes de Espa\u00f1a"}]},{"@type":"WebSite","@id":"https:\/\/letrame.com\/catalogo\/#website","url":"https:\/\/letrame.com\/catalogo\/","name":"Catalogo | Letrame Grupo Editorial","description":"","publisher":{"@id":"https:\/\/letrame.com\/catalogo\/#organization"},"potentialAction":[{"@type":"SearchAction","target":{"@type":"EntryPoint","urlTemplate":"https:\/\/letrame.com\/catalogo\/?s={search_term_string}"},"query-input":{"@type":"PropertyValueSpecification","valueRequired":true,"valueName":"search_term_string"}}],"inLanguage":"es"},{"@type":"Organization","@id":"https:\/\/letrame.com\/catalogo\/#organization","name":"Catalogo | Letrame Grupo Editorial","url":"https:\/\/letrame.com\/catalogo\/","logo":{"@type":"ImageObject","inLanguage":"es","@id":"https:\/\/letrame.com\/catalogo\/#\/schema\/logo\/image\/","url":"https:\/\/letrame.com\/catalogo\/wp-content\/uploads\/2024\/03\/logo2.webp","contentUrl":"https:\/\/letrame.com\/catalogo\/wp-content\/uploads\/2024\/03\/logo2.webp","width":394,"height":128,"caption":"Catalogo | Letrame Grupo Editorial"},"image":{"@id":"https:\/\/letrame.com\/catalogo\/#\/schema\/logo\/image\/"}}]}},"_links":{"self":[{"href":"https:\/\/letrame.com\/catalogo\/wp-json\/wp\/v2\/product\/111385","targetHints":{"allow":["GET"]}}],"collection":[{"href":"https:\/\/letrame.com\/catalogo\/wp-json\/wp\/v2\/product"}],"about":[{"href":"https:\/\/letrame.com\/catalogo\/wp-json\/wp\/v2\/types\/product"}],"replies":[{"embeddable":true,"href":"https:\/\/letrame.com\/catalogo\/wp-json\/wp\/v2\/comments?post=111385"}],"acf:post":[{"embeddable":true,"href":"https:\/\/letrame.com\/catalogo\/wp-json\/wp\/v2\/author_book\/108484"}],"wp:featuredmedia":[{"embeddable":true,"href":"https:\/\/letrame.com\/catalogo\/wp-json\/wp\/v2\/media\/111386"}],"wp:attachment":[{"href":"https:\/\/letrame.com\/catalogo\/wp-json\/wp\/v2\/media?parent=111385"}],"wp:term":[{"taxonomy":"libro","embeddable":true,"href":"https:\/\/letrame.com\/catalogo\/wp-json\/wp\/v2\/libro?post=111385"},{"taxonomy":"product_brand","embeddable":true,"href":"https:\/\/letrame.com\/catalogo\/wp-json\/wp\/v2\/product_brand?post=111385"},{"taxonomy":"product_cat","embeddable":true,"href":"https:\/\/letrame.com\/catalogo\/wp-json\/wp\/v2\/product_cat?post=111385"},{"taxonomy":"product_tag","embeddable":true,"href":"https:\/\/letrame.com\/catalogo\/wp-json\/wp\/v2\/product_tag?post=111385"}],"curies":[{"name":"wp","href":"https:\/\/api.w.org\/{rel}","templated":true}]}}