{"id":111380,"date":"2026-03-11T12:29:02","date_gmt":"2026-03-11T11:29:02","guid":{"rendered":"https:\/\/letrame.com\/catalogo\/?post_type=product&#038;p=111380"},"modified":"2026-03-11T12:29:03","modified_gmt":"2026-03-11T11:29:03","slug":"sencillamente-sentimientos","status":"publish","type":"product","link":"https:\/\/letrame.com\/catalogo\/producto\/sencillamente-sentimientos\/","title":{"rendered":"Sencillamente sentimientos"},"content":{"rendered":"<p><strong>ISBN: 9788410896710<\/strong><br \/>\n<strong>T\u00edtulo: Sencillamente sentimientos<\/strong><br \/>\n<strong>Fecha: 2025<\/strong><br \/>\n<strong>P\u00e1ginas: 160<\/strong><\/p>\n<p><strong>SINOPSIS<\/strong><\/p>\n<p data-start=\"0\" data-end=\"469\">\u00bfQui\u00e9n no se acuerda de su primer amor?<br data-start=\"39\" data-end=\"42\" \/>Aquel que te tir\u00f3 de las trenzas y se fue corriendo muerto de risa. O aquel que te escribi\u00f3 una carta con las letras borrosas por sus l\u00e1grimas. Aquel que te miraba desde lejos sin atreverse a nada m\u00e1s. El que te sac\u00f3 a bailar aquella canci\u00f3n que nunca has olvidado. El que te dio el primer beso, que dur\u00f3 un segundo. Aquel que dejaste en el pueblo despu\u00e9s de un dulce verano. O al que vuelves a encontrar tantos a\u00f1os despu\u00e9s.<\/p>\n<p data-start=\"471\" data-end=\"573\" data-is-last-node=\"\" data-is-only-node=\"\">Para aquellos primeros amores son las letras de mis poes\u00edas. Por eso son <em data-start=\"544\" data-end=\"572\">Sencillamente Sentimientos<\/em>.<\/p>\n","protected":false},"excerpt":{"rendered":"<p><strong>ISBN: 9788410896710<\/strong><\/p>\n<p><strong>SINOPSIS<\/strong><\/p>\n<p data-start=\"0\" data-end=\"469\">\u00bfQui\u00e9n no se acuerda de su primer amor?<br data-start=\"39\" data-end=\"42\" \/>Aquel que te tir\u00f3 de las trenzas y se fue corriendo muerto de risa. O aquel que te escribi\u00f3 una carta con las letras borrosas por sus l\u00e1grimas. Aquel que te miraba desde lejos sin atreverse a nada m\u00e1s. El que te sac\u00f3 a bailar aquella canci\u00f3n que nunca has olvidado. El que te dio el primer beso, que dur\u00f3 un segundo. Aquel que dejaste en el pueblo despu\u00e9s de un dulce verano. O al que vuelves a encontrar tantos a\u00f1os despu\u00e9s.<\/p>\n<p data-start=\"471\" data-end=\"573\" data-is-last-node=\"\" data-is-only-node=\"\">Para aquellos primeros amores son las letras de mis poes\u00edas. Por eso son <em data-start=\"544\" data-end=\"572\">Sencillamente Sentimientos<\/em>.<\/p>\n","protected":false},"featured_media":111384,"comment_status":"open","ping_status":"closed","template":"","meta":{"_acf_changed":false},"libro":[],"product_brand":[],"product_cat":[20],"product_tag":[],"class_list":{"0":"post-111380","1":"product","2":"type-product","3":"status-publish","4":"has-post-thumbnail","6":"product_cat-poesia","8":"first","9":"instock","10":"shipping-taxable","11":"product-type-simple"},"acf":{"autor":[111381],"enlace_de_compra":"https:\/\/www.amazon.es\/dp\/8410896710\/ref=sr_1_1?__mk_es_ES=%C3%85M%C3%85%C5%BD%C3%95%C3%91&crid=3DT11N1QEOF65&dib=eyJ2IjoiMSJ9.YKfpCo_YH_i4N93hR_l-Og.WrhonijN3ceAvWF4vkyp9nRDJ4Y6SUgblmV2ni3f-rk&dib_tag=se&keywords=9788410896710&qid=1773228148&sprefix=9788410896710%2Caps%2C321&sr=8-1"},"yoast_head":"<!-- This site is optimized with the Yoast SEO plugin v26.6 - https:\/\/yoast.com\/wordpress\/plugins\/seo\/ -->\n<title>Sencillamente sentimientos - Catalogo | Letrame Grupo Editorial<\/title>\n<meta name=\"robots\" content=\"index, follow, max-snippet:-1, max-image-preview:large, max-video-preview:-1\" \/>\n<link rel=\"canonical\" href=\"https:\/\/letrame.com\/catalogo\/producto\/sencillamente-sentimientos\/\" \/>\n<meta property=\"og:locale\" content=\"es_ES\" \/>\n<meta property=\"og:type\" content=\"article\" \/>\n<meta property=\"og:title\" content=\"Sencillamente sentimientos - Catalogo | Letrame Grupo Editorial\" \/>\n<meta property=\"og:description\" content=\"ISBN: 9788410896710   SINOPSIS \u00bfQui\u00e9n no se acuerda de su primer amor?Aquel que te tir\u00f3 de las trenzas y se fue corriendo muerto de risa. O aquel que te escribi\u00f3 una carta con las letras borrosas por sus l\u00e1grimas. Aquel que te miraba desde lejos sin atreverse a nada m\u00e1s. El que te sac\u00f3 a bailar aquella canci\u00f3n que nunca has olvidado. El que te dio el primer beso, que dur\u00f3 un segundo. Aquel que dejaste en el pueblo despu\u00e9s de un dulce verano. O al que vuelves a encontrar tantos a\u00f1os despu\u00e9s. Para aquellos primeros amores son las letras de mis poes\u00edas. Por eso son Sencillamente Sentimientos.\" \/>\n<meta property=\"og:url\" content=\"https:\/\/letrame.com\/catalogo\/producto\/sencillamente-sentimientos\/\" \/>\n<meta property=\"og:site_name\" content=\"Catalogo | Letrame Grupo Editorial\" \/>\n<meta property=\"article:modified_time\" content=\"2026-03-11T11:29:03+00:00\" \/>\n<meta property=\"og:image\" content=\"https:\/\/letrame.com\/catalogo\/wp-content\/uploads\/2026\/03\/portadacatalogo-22.jpg\" \/>\n\t<meta property=\"og:image:width\" content=\"1772\" \/>\n\t<meta property=\"og:image:height\" content=\"2480\" \/>\n\t<meta property=\"og:image:type\" content=\"image\/jpeg\" \/>\n<meta name=\"twitter:card\" content=\"summary_large_image\" \/>\n<meta name=\"twitter:label1\" content=\"Tiempo de lectura\" \/>\n\t<meta name=\"twitter:data1\" content=\"1 minuto\" \/>\n<script type=\"application\/ld+json\" class=\"yoast-schema-graph\">{\"@context\":\"https:\/\/schema.org\",\"@graph\":[{\"@type\":\"WebPage\",\"@id\":\"https:\/\/letrame.com\/catalogo\/producto\/sencillamente-sentimientos\/\",\"url\":\"https:\/\/letrame.com\/catalogo\/producto\/sencillamente-sentimientos\/\",\"name\":\"Sencillamente sentimientos - Catalogo | Letrame Grupo Editorial\",\"isPartOf\":{\"@id\":\"https:\/\/letrame.com\/catalogo\/#website\"},\"primaryImageOfPage\":{\"@id\":\"https:\/\/letrame.com\/catalogo\/producto\/sencillamente-sentimientos\/#primaryimage\"},\"image\":{\"@id\":\"https:\/\/letrame.com\/catalogo\/producto\/sencillamente-sentimientos\/#primaryimage\"},\"thumbnailUrl\":\"https:\/\/letrame.com\/catalogo\/wp-content\/uploads\/2026\/03\/portadacatalogo-22.jpg\",\"datePublished\":\"2026-03-11T11:29:02+00:00\",\"dateModified\":\"2026-03-11T11:29:03+00:00\",\"breadcrumb\":{\"@id\":\"https:\/\/letrame.com\/catalogo\/producto\/sencillamente-sentimientos\/#breadcrumb\"},\"inLanguage\":\"es\",\"potentialAction\":[{\"@type\":\"ReadAction\",\"target\":[\"https:\/\/letrame.com\/catalogo\/producto\/sencillamente-sentimientos\/\"]}]},{\"@type\":\"ImageObject\",\"inLanguage\":\"es\",\"@id\":\"https:\/\/letrame.com\/catalogo\/producto\/sencillamente-sentimientos\/#primaryimage\",\"url\":\"https:\/\/letrame.com\/catalogo\/wp-content\/uploads\/2026\/03\/portadacatalogo-22.jpg\",\"contentUrl\":\"https:\/\/letrame.com\/catalogo\/wp-content\/uploads\/2026\/03\/portadacatalogo-22.jpg\",\"width\":1772,\"height\":2480},{\"@type\":\"BreadcrumbList\",\"@id\":\"https:\/\/letrame.com\/catalogo\/producto\/sencillamente-sentimientos\/#breadcrumb\",\"itemListElement\":[{\"@type\":\"ListItem\",\"position\":1,\"name\":\"Portada\",\"item\":\"https:\/\/letrame.com\/catalogo\/\"},{\"@type\":\"ListItem\",\"position\":2,\"name\":\"Cat\u00e1logo\",\"item\":\"https:\/\/letrame.com\/catalogo\/\"},{\"@type\":\"ListItem\",\"position\":3,\"name\":\"Sencillamente sentimientos\"}]},{\"@type\":\"WebSite\",\"@id\":\"https:\/\/letrame.com\/catalogo\/#website\",\"url\":\"https:\/\/letrame.com\/catalogo\/\",\"name\":\"Catalogo | Letrame Grupo Editorial\",\"description\":\"\",\"publisher\":{\"@id\":\"https:\/\/letrame.com\/catalogo\/#organization\"},\"potentialAction\":[{\"@type\":\"SearchAction\",\"target\":{\"@type\":\"EntryPoint\",\"urlTemplate\":\"https:\/\/letrame.com\/catalogo\/?s={search_term_string}\"},\"query-input\":{\"@type\":\"PropertyValueSpecification\",\"valueRequired\":true,\"valueName\":\"search_term_string\"}}],\"inLanguage\":\"es\"},{\"@type\":\"Organization\",\"@id\":\"https:\/\/letrame.com\/catalogo\/#organization\",\"name\":\"Catalogo | Letrame Grupo Editorial\",\"url\":\"https:\/\/letrame.com\/catalogo\/\",\"logo\":{\"@type\":\"ImageObject\",\"inLanguage\":\"es\",\"@id\":\"https:\/\/letrame.com\/catalogo\/#\/schema\/logo\/image\/\",\"url\":\"https:\/\/letrame.com\/catalogo\/wp-content\/uploads\/2024\/03\/logo2.webp\",\"contentUrl\":\"https:\/\/letrame.com\/catalogo\/wp-content\/uploads\/2024\/03\/logo2.webp\",\"width\":394,\"height\":128,\"caption\":\"Catalogo | Letrame Grupo Editorial\"},\"image\":{\"@id\":\"https:\/\/letrame.com\/catalogo\/#\/schema\/logo\/image\/\"}}]}<\/script>\n<!-- \/ Yoast SEO plugin. -->","yoast_head_json":{"title":"Sencillamente sentimientos - Catalogo | Letrame Grupo Editorial","robots":{"index":"index","follow":"follow","max-snippet":"max-snippet:-1","max-image-preview":"max-image-preview:large","max-video-preview":"max-video-preview:-1"},"canonical":"https:\/\/letrame.com\/catalogo\/producto\/sencillamente-sentimientos\/","og_locale":"es_ES","og_type":"article","og_title":"Sencillamente sentimientos - Catalogo | Letrame Grupo Editorial","og_description":"ISBN: 9788410896710   SINOPSIS \u00bfQui\u00e9n no se acuerda de su primer amor?Aquel que te tir\u00f3 de las trenzas y se fue corriendo muerto de risa. O aquel que te escribi\u00f3 una carta con las letras borrosas por sus l\u00e1grimas. Aquel que te miraba desde lejos sin atreverse a nada m\u00e1s. El que te sac\u00f3 a bailar aquella canci\u00f3n que nunca has olvidado. El que te dio el primer beso, que dur\u00f3 un segundo. Aquel que dejaste en el pueblo despu\u00e9s de un dulce verano. O al que vuelves a encontrar tantos a\u00f1os despu\u00e9s. Para aquellos primeros amores son las letras de mis poes\u00edas. Por eso son Sencillamente Sentimientos.","og_url":"https:\/\/letrame.com\/catalogo\/producto\/sencillamente-sentimientos\/","og_site_name":"Catalogo | Letrame Grupo Editorial","article_modified_time":"2026-03-11T11:29:03+00:00","og_image":[{"width":1772,"height":2480,"url":"https:\/\/letrame.com\/catalogo\/wp-content\/uploads\/2026\/03\/portadacatalogo-22.jpg","type":"image\/jpeg"}],"twitter_card":"summary_large_image","twitter_misc":{"Tiempo de lectura":"1 minuto"},"schema":{"@context":"https:\/\/schema.org","@graph":[{"@type":"WebPage","@id":"https:\/\/letrame.com\/catalogo\/producto\/sencillamente-sentimientos\/","url":"https:\/\/letrame.com\/catalogo\/producto\/sencillamente-sentimientos\/","name":"Sencillamente sentimientos - Catalogo | Letrame Grupo Editorial","isPartOf":{"@id":"https:\/\/letrame.com\/catalogo\/#website"},"primaryImageOfPage":{"@id":"https:\/\/letrame.com\/catalogo\/producto\/sencillamente-sentimientos\/#primaryimage"},"image":{"@id":"https:\/\/letrame.com\/catalogo\/producto\/sencillamente-sentimientos\/#primaryimage"},"thumbnailUrl":"https:\/\/letrame.com\/catalogo\/wp-content\/uploads\/2026\/03\/portadacatalogo-22.jpg","datePublished":"2026-03-11T11:29:02+00:00","dateModified":"2026-03-11T11:29:03+00:00","breadcrumb":{"@id":"https:\/\/letrame.com\/catalogo\/producto\/sencillamente-sentimientos\/#breadcrumb"},"inLanguage":"es","potentialAction":[{"@type":"ReadAction","target":["https:\/\/letrame.com\/catalogo\/producto\/sencillamente-sentimientos\/"]}]},{"@type":"ImageObject","inLanguage":"es","@id":"https:\/\/letrame.com\/catalogo\/producto\/sencillamente-sentimientos\/#primaryimage","url":"https:\/\/letrame.com\/catalogo\/wp-content\/uploads\/2026\/03\/portadacatalogo-22.jpg","contentUrl":"https:\/\/letrame.com\/catalogo\/wp-content\/uploads\/2026\/03\/portadacatalogo-22.jpg","width":1772,"height":2480},{"@type":"BreadcrumbList","@id":"https:\/\/letrame.com\/catalogo\/producto\/sencillamente-sentimientos\/#breadcrumb","itemListElement":[{"@type":"ListItem","position":1,"name":"Portada","item":"https:\/\/letrame.com\/catalogo\/"},{"@type":"ListItem","position":2,"name":"Cat\u00e1logo","item":"https:\/\/letrame.com\/catalogo\/"},{"@type":"ListItem","position":3,"name":"Sencillamente sentimientos"}]},{"@type":"WebSite","@id":"https:\/\/letrame.com\/catalogo\/#website","url":"https:\/\/letrame.com\/catalogo\/","name":"Catalogo | Letrame Grupo Editorial","description":"","publisher":{"@id":"https:\/\/letrame.com\/catalogo\/#organization"},"potentialAction":[{"@type":"SearchAction","target":{"@type":"EntryPoint","urlTemplate":"https:\/\/letrame.com\/catalogo\/?s={search_term_string}"},"query-input":{"@type":"PropertyValueSpecification","valueRequired":true,"valueName":"search_term_string"}}],"inLanguage":"es"},{"@type":"Organization","@id":"https:\/\/letrame.com\/catalogo\/#organization","name":"Catalogo | Letrame Grupo Editorial","url":"https:\/\/letrame.com\/catalogo\/","logo":{"@type":"ImageObject","inLanguage":"es","@id":"https:\/\/letrame.com\/catalogo\/#\/schema\/logo\/image\/","url":"https:\/\/letrame.com\/catalogo\/wp-content\/uploads\/2024\/03\/logo2.webp","contentUrl":"https:\/\/letrame.com\/catalogo\/wp-content\/uploads\/2024\/03\/logo2.webp","width":394,"height":128,"caption":"Catalogo | Letrame Grupo Editorial"},"image":{"@id":"https:\/\/letrame.com\/catalogo\/#\/schema\/logo\/image\/"}}]}},"_links":{"self":[{"href":"https:\/\/letrame.com\/catalogo\/wp-json\/wp\/v2\/product\/111380","targetHints":{"allow":["GET"]}}],"collection":[{"href":"https:\/\/letrame.com\/catalogo\/wp-json\/wp\/v2\/product"}],"about":[{"href":"https:\/\/letrame.com\/catalogo\/wp-json\/wp\/v2\/types\/product"}],"replies":[{"embeddable":true,"href":"https:\/\/letrame.com\/catalogo\/wp-json\/wp\/v2\/comments?post=111380"}],"acf:post":[{"embeddable":true,"href":"https:\/\/letrame.com\/catalogo\/wp-json\/wp\/v2\/author_book\/111381"}],"wp:featuredmedia":[{"embeddable":true,"href":"https:\/\/letrame.com\/catalogo\/wp-json\/wp\/v2\/media\/111384"}],"wp:attachment":[{"href":"https:\/\/letrame.com\/catalogo\/wp-json\/wp\/v2\/media?parent=111380"}],"wp:term":[{"taxonomy":"libro","embeddable":true,"href":"https:\/\/letrame.com\/catalogo\/wp-json\/wp\/v2\/libro?post=111380"},{"taxonomy":"product_brand","embeddable":true,"href":"https:\/\/letrame.com\/catalogo\/wp-json\/wp\/v2\/product_brand?post=111380"},{"taxonomy":"product_cat","embeddable":true,"href":"https:\/\/letrame.com\/catalogo\/wp-json\/wp\/v2\/product_cat?post=111380"},{"taxonomy":"product_tag","embeddable":true,"href":"https:\/\/letrame.com\/catalogo\/wp-json\/wp\/v2\/product_tag?post=111380"}],"curies":[{"name":"wp","href":"https:\/\/api.w.org\/{rel}","templated":true}]}}