{"id":111360,"date":"2026-03-04T10:44:39","date_gmt":"2026-03-04T09:44:39","guid":{"rendered":"https:\/\/letrame.com\/catalogo\/?post_type=product&#038;p=111360"},"modified":"2026-03-06T12:40:46","modified_gmt":"2026-03-06T11:40:46","slug":"1511-la-llegada-de-los-dioses","status":"publish","type":"product","link":"https:\/\/letrame.com\/catalogo\/producto\/1511-la-llegada-de-los-dioses\/","title":{"rendered":"1511: La llegada de los dioses"},"content":{"rendered":"<p class=\"p1\"><b>ISBN: 9791370291679<\/b><b><\/b><\/p>\n<p class=\"p1\"><b>T\u00edtulo: <strong>1511: La llegada de los dioses<\/strong><\/b><br \/>\n<b>Fecha: 2025<\/b><br \/>\n<b>P\u00e1ginas: 386<\/b><b><\/b><\/p>\n<p class=\"p1\"><b>SINOPSIS<\/b><\/p>\n<p class=\"p1\">1510. Una nave que naufraga en las costas de La Espa\u00f1ola provoca la muerte de todos sus tripulantes, excepto un joven grumete, quien sobrevive al desastre y es adoptado por los indios tainos. Viviendo entre los ind\u00edgenas descubrir\u00e1 el mundo de los abor\u00edgenes donde la vida y la muerte se alternan en un para\u00edso tropical hermoso y mortal.<\/p>\n<p class=\"p1\">Rescatado por los colonizadores, y con el objetivo de conservar algunas monedas que pudo salvar del naufragio, el joven decide adoptar la identidad de uno de los caballeros que viajaban en la nave. Su idea es utilizar el dinero para regresar a Espa\u00f1a, a su aldea, donde podr\u00eda convertirse en un hombre rico y poderoso.<\/p>\n<p class=\"p1\">Mas el destino cambia sus planes. El nombre y la identidad robada lo obligan a participar en la expedici\u00f3n comandada por Diego Vel\u00e1zquez con la intenci\u00f3n de colonizar la cercana isla de Cuba. Sin darse cuenta, y en un aprendizaje constante de su nueva posici\u00f3n, el joven se ver\u00e1 envuelto en la espiral de violencia y muerte que provocara la llegada de los conquistadores a la nueva tierra. Testigo de la destrucci\u00f3n de una cultura que lo acogi\u00f3 como a uno de los suyos, la cobard\u00eda, el amor y el odio crecer\u00e1n en su interior, mientras lucha por encontrar su verdadero lugar en el nuevo mundo.<\/p>\n","protected":false},"excerpt":{"rendered":"<p class=\"p1\"><b>ISBN: 9791370291679<\/b><b><\/b><\/p>\n<p class=\"p1\"><b>SINOPSIS<\/b><\/p>\n<p class=\"p1\">1510. Una nave que naufraga en las costas de La Espa\u00f1ola provoca la muerte de todos sus tripulantes, excepto un joven grumete, quien sobrevive al desastre y es adoptado por los indios tainos. Viviendo entre los ind\u00edgenas descubrir\u00e1 el mundo de los abor\u00edgenes donde la vida y la muerte se alternan en un para\u00edso tropical hermoso y mortal.<\/p>\n<p class=\"p1\">Rescatado por los colonizadores, y con el objetivo de conservar algunas monedas que pudo salvar del naufragio, el joven decide adoptar la identidad de uno de los caballeros que viajaban en la nave. Su idea es utilizar el dinero para regresar a Espa\u00f1a, a su aldea, donde podr\u00eda convertirse en un hombre rico y poderoso.<\/p>\n<p class=\"p1\">Mas el destino cambia sus planes. El nombre y la identidad robada lo obligan a participar en la expedici\u00f3n comandada por Diego Vel\u00e1zquez con la intenci\u00f3n de colonizar la cercana isla de Cuba. Sin darse cuenta, y en un aprendizaje constante de su nueva posici\u00f3n, el joven se ver\u00e1 envuelto en la espiral de violencia y muerte que provocara la llegada de los conquistadores a la nueva tierra. Testigo de la destrucci\u00f3n de una cultura que lo acogi\u00f3 como a uno de los suyos, la cobard\u00eda, el amor y el odio crecer\u00e1n en su interior, mientras lucha por encontrar su verdadero lugar en el nuevo mundo.<\/p>\n","protected":false},"featured_media":111364,"comment_status":"open","ping_status":"closed","template":"","meta":{"_acf_changed":false},"libro":[],"product_brand":[],"product_cat":[29],"product_tag":[],"class_list":{"0":"post-111360","1":"product","2":"type-product","3":"status-publish","4":"has-post-thumbnail","6":"product_cat-novela-historica","8":"first","9":"instock","10":"shipping-taxable","11":"product-type-simple"},"acf":{"autor":[111361],"enlace_de_compra":"https:\/\/amzn.to\/3N1n0jS"},"yoast_head":"<!-- This site is optimized with the Yoast SEO plugin v26.6 - https:\/\/yoast.com\/wordpress\/plugins\/seo\/ -->\n<title>1511: La llegada de los dioses - Catalogo | Letrame Grupo Editorial<\/title>\n<meta name=\"robots\" content=\"index, follow, max-snippet:-1, max-image-preview:large, max-video-preview:-1\" \/>\n<link rel=\"canonical\" href=\"https:\/\/letrame.com\/catalogo\/producto\/1511-la-llegada-de-los-dioses\/\" \/>\n<meta property=\"og:locale\" content=\"es_ES\" \/>\n<meta property=\"og:type\" content=\"article\" \/>\n<meta property=\"og:title\" content=\"1511: La llegada de los dioses - Catalogo | Letrame Grupo Editorial\" \/>\n<meta property=\"og:description\" content=\"ISBN: 9791370291679 SINOPSIS 1510. Una nave que naufraga en las costas de La Espa\u00f1ola provoca la muerte de todos sus tripulantes, excepto un joven grumete, quien sobrevive al desastre y es adoptado por los indios tainos. Viviendo entre los ind\u00edgenas descubrir\u00e1 el mundo de los abor\u00edgenes donde la vida y la muerte se alternan en un para\u00edso tropical hermoso y mortal. Rescatado por los colonizadores, y con el objetivo de conservar algunas monedas que pudo salvar del naufragio, el joven decide adoptar la identidad de uno de los caballeros que viajaban en la nave. Su idea es utilizar el dinero para regresar a Espa\u00f1a, a su aldea, donde podr\u00eda convertirse en un hombre rico y poderoso. Mas el destino cambia sus planes. El nombre y la identidad robada lo obligan a participar en la expedici\u00f3n comandada por Diego Vel\u00e1zquez con la intenci\u00f3n de colonizar la cercana isla de Cuba. Sin darse cuenta, y en un aprendizaje constante de su nueva posici\u00f3n, el joven se ver\u00e1 envuelto en la espiral de violencia y muerte que provocara la llegada de los conquistadores a la nueva tierra. Testigo de la destrucci\u00f3n de una cultura que lo acogi\u00f3 como a uno de los suyos, la cobard\u00eda, el amor y el odio crecer\u00e1n en su interior, mientras lucha por encontrar su verdadero lugar en el nuevo mundo.\" \/>\n<meta property=\"og:url\" content=\"https:\/\/letrame.com\/catalogo\/producto\/1511-la-llegada-de-los-dioses\/\" \/>\n<meta property=\"og:site_name\" content=\"Catalogo | Letrame Grupo Editorial\" \/>\n<meta property=\"article:modified_time\" content=\"2026-03-06T11:40:46+00:00\" \/>\n<meta property=\"og:image\" content=\"https:\/\/letrame.com\/catalogo\/wp-content\/uploads\/2026\/03\/1511lallegada_1897mm4-scaled.jpg\" \/>\n\t<meta property=\"og:image:width\" content=\"1745\" \/>\n\t<meta property=\"og:image:height\" content=\"2560\" \/>\n\t<meta property=\"og:image:type\" content=\"image\/jpeg\" \/>\n<meta name=\"twitter:card\" content=\"summary_large_image\" \/>\n<meta name=\"twitter:label1\" content=\"Tiempo de lectura\" \/>\n\t<meta name=\"twitter:data1\" content=\"2 minutos\" \/>\n<script type=\"application\/ld+json\" class=\"yoast-schema-graph\">{\"@context\":\"https:\/\/schema.org\",\"@graph\":[{\"@type\":\"WebPage\",\"@id\":\"https:\/\/letrame.com\/catalogo\/producto\/1511-la-llegada-de-los-dioses\/\",\"url\":\"https:\/\/letrame.com\/catalogo\/producto\/1511-la-llegada-de-los-dioses\/\",\"name\":\"1511: La llegada de los dioses - Catalogo | Letrame Grupo Editorial\",\"isPartOf\":{\"@id\":\"https:\/\/letrame.com\/catalogo\/#website\"},\"primaryImageOfPage\":{\"@id\":\"https:\/\/letrame.com\/catalogo\/producto\/1511-la-llegada-de-los-dioses\/#primaryimage\"},\"image\":{\"@id\":\"https:\/\/letrame.com\/catalogo\/producto\/1511-la-llegada-de-los-dioses\/#primaryimage\"},\"thumbnailUrl\":\"https:\/\/letrame.com\/catalogo\/wp-content\/uploads\/2026\/03\/1511lallegada_1897mm4-scaled.jpg\",\"datePublished\":\"2026-03-04T09:44:39+00:00\",\"dateModified\":\"2026-03-06T11:40:46+00:00\",\"breadcrumb\":{\"@id\":\"https:\/\/letrame.com\/catalogo\/producto\/1511-la-llegada-de-los-dioses\/#breadcrumb\"},\"inLanguage\":\"es\",\"potentialAction\":[{\"@type\":\"ReadAction\",\"target\":[\"https:\/\/letrame.com\/catalogo\/producto\/1511-la-llegada-de-los-dioses\/\"]}]},{\"@type\":\"ImageObject\",\"inLanguage\":\"es\",\"@id\":\"https:\/\/letrame.com\/catalogo\/producto\/1511-la-llegada-de-los-dioses\/#primaryimage\",\"url\":\"https:\/\/letrame.com\/catalogo\/wp-content\/uploads\/2026\/03\/1511lallegada_1897mm4-scaled.jpg\",\"contentUrl\":\"https:\/\/letrame.com\/catalogo\/wp-content\/uploads\/2026\/03\/1511lallegada_1897mm4-scaled.jpg\",\"width\":1745,\"height\":2560},{\"@type\":\"BreadcrumbList\",\"@id\":\"https:\/\/letrame.com\/catalogo\/producto\/1511-la-llegada-de-los-dioses\/#breadcrumb\",\"itemListElement\":[{\"@type\":\"ListItem\",\"position\":1,\"name\":\"Portada\",\"item\":\"https:\/\/letrame.com\/catalogo\/\"},{\"@type\":\"ListItem\",\"position\":2,\"name\":\"Cat\u00e1logo\",\"item\":\"https:\/\/letrame.com\/catalogo\/\"},{\"@type\":\"ListItem\",\"position\":3,\"name\":\"1511: La llegada de los dioses\"}]},{\"@type\":\"WebSite\",\"@id\":\"https:\/\/letrame.com\/catalogo\/#website\",\"url\":\"https:\/\/letrame.com\/catalogo\/\",\"name\":\"Catalogo | Letrame Grupo Editorial\",\"description\":\"\",\"publisher\":{\"@id\":\"https:\/\/letrame.com\/catalogo\/#organization\"},\"potentialAction\":[{\"@type\":\"SearchAction\",\"target\":{\"@type\":\"EntryPoint\",\"urlTemplate\":\"https:\/\/letrame.com\/catalogo\/?s={search_term_string}\"},\"query-input\":{\"@type\":\"PropertyValueSpecification\",\"valueRequired\":true,\"valueName\":\"search_term_string\"}}],\"inLanguage\":\"es\"},{\"@type\":\"Organization\",\"@id\":\"https:\/\/letrame.com\/catalogo\/#organization\",\"name\":\"Catalogo | Letrame Grupo Editorial\",\"url\":\"https:\/\/letrame.com\/catalogo\/\",\"logo\":{\"@type\":\"ImageObject\",\"inLanguage\":\"es\",\"@id\":\"https:\/\/letrame.com\/catalogo\/#\/schema\/logo\/image\/\",\"url\":\"https:\/\/letrame.com\/catalogo\/wp-content\/uploads\/2024\/03\/logo2.webp\",\"contentUrl\":\"https:\/\/letrame.com\/catalogo\/wp-content\/uploads\/2024\/03\/logo2.webp\",\"width\":394,\"height\":128,\"caption\":\"Catalogo | Letrame Grupo Editorial\"},\"image\":{\"@id\":\"https:\/\/letrame.com\/catalogo\/#\/schema\/logo\/image\/\"}}]}<\/script>\n<!-- \/ Yoast SEO plugin. -->","yoast_head_json":{"title":"1511: La llegada de los dioses - Catalogo | Letrame Grupo Editorial","robots":{"index":"index","follow":"follow","max-snippet":"max-snippet:-1","max-image-preview":"max-image-preview:large","max-video-preview":"max-video-preview:-1"},"canonical":"https:\/\/letrame.com\/catalogo\/producto\/1511-la-llegada-de-los-dioses\/","og_locale":"es_ES","og_type":"article","og_title":"1511: La llegada de los dioses - Catalogo | Letrame Grupo Editorial","og_description":"ISBN: 9791370291679 SINOPSIS 1510. Una nave que naufraga en las costas de La Espa\u00f1ola provoca la muerte de todos sus tripulantes, excepto un joven grumete, quien sobrevive al desastre y es adoptado por los indios tainos. Viviendo entre los ind\u00edgenas descubrir\u00e1 el mundo de los abor\u00edgenes donde la vida y la muerte se alternan en un para\u00edso tropical hermoso y mortal. Rescatado por los colonizadores, y con el objetivo de conservar algunas monedas que pudo salvar del naufragio, el joven decide adoptar la identidad de uno de los caballeros que viajaban en la nave. Su idea es utilizar el dinero para regresar a Espa\u00f1a, a su aldea, donde podr\u00eda convertirse en un hombre rico y poderoso. Mas el destino cambia sus planes. El nombre y la identidad robada lo obligan a participar en la expedici\u00f3n comandada por Diego Vel\u00e1zquez con la intenci\u00f3n de colonizar la cercana isla de Cuba. Sin darse cuenta, y en un aprendizaje constante de su nueva posici\u00f3n, el joven se ver\u00e1 envuelto en la espiral de violencia y muerte que provocara la llegada de los conquistadores a la nueva tierra. Testigo de la destrucci\u00f3n de una cultura que lo acogi\u00f3 como a uno de los suyos, la cobard\u00eda, el amor y el odio crecer\u00e1n en su interior, mientras lucha por encontrar su verdadero lugar en el nuevo mundo.","og_url":"https:\/\/letrame.com\/catalogo\/producto\/1511-la-llegada-de-los-dioses\/","og_site_name":"Catalogo | Letrame Grupo Editorial","article_modified_time":"2026-03-06T11:40:46+00:00","og_image":[{"width":1745,"height":2560,"url":"https:\/\/letrame.com\/catalogo\/wp-content\/uploads\/2026\/03\/1511lallegada_1897mm4-scaled.jpg","type":"image\/jpeg"}],"twitter_card":"summary_large_image","twitter_misc":{"Tiempo de lectura":"2 minutos"},"schema":{"@context":"https:\/\/schema.org","@graph":[{"@type":"WebPage","@id":"https:\/\/letrame.com\/catalogo\/producto\/1511-la-llegada-de-los-dioses\/","url":"https:\/\/letrame.com\/catalogo\/producto\/1511-la-llegada-de-los-dioses\/","name":"1511: La llegada de los dioses - Catalogo | Letrame Grupo Editorial","isPartOf":{"@id":"https:\/\/letrame.com\/catalogo\/#website"},"primaryImageOfPage":{"@id":"https:\/\/letrame.com\/catalogo\/producto\/1511-la-llegada-de-los-dioses\/#primaryimage"},"image":{"@id":"https:\/\/letrame.com\/catalogo\/producto\/1511-la-llegada-de-los-dioses\/#primaryimage"},"thumbnailUrl":"https:\/\/letrame.com\/catalogo\/wp-content\/uploads\/2026\/03\/1511lallegada_1897mm4-scaled.jpg","datePublished":"2026-03-04T09:44:39+00:00","dateModified":"2026-03-06T11:40:46+00:00","breadcrumb":{"@id":"https:\/\/letrame.com\/catalogo\/producto\/1511-la-llegada-de-los-dioses\/#breadcrumb"},"inLanguage":"es","potentialAction":[{"@type":"ReadAction","target":["https:\/\/letrame.com\/catalogo\/producto\/1511-la-llegada-de-los-dioses\/"]}]},{"@type":"ImageObject","inLanguage":"es","@id":"https:\/\/letrame.com\/catalogo\/producto\/1511-la-llegada-de-los-dioses\/#primaryimage","url":"https:\/\/letrame.com\/catalogo\/wp-content\/uploads\/2026\/03\/1511lallegada_1897mm4-scaled.jpg","contentUrl":"https:\/\/letrame.com\/catalogo\/wp-content\/uploads\/2026\/03\/1511lallegada_1897mm4-scaled.jpg","width":1745,"height":2560},{"@type":"BreadcrumbList","@id":"https:\/\/letrame.com\/catalogo\/producto\/1511-la-llegada-de-los-dioses\/#breadcrumb","itemListElement":[{"@type":"ListItem","position":1,"name":"Portada","item":"https:\/\/letrame.com\/catalogo\/"},{"@type":"ListItem","position":2,"name":"Cat\u00e1logo","item":"https:\/\/letrame.com\/catalogo\/"},{"@type":"ListItem","position":3,"name":"1511: La llegada de los dioses"}]},{"@type":"WebSite","@id":"https:\/\/letrame.com\/catalogo\/#website","url":"https:\/\/letrame.com\/catalogo\/","name":"Catalogo | Letrame Grupo Editorial","description":"","publisher":{"@id":"https:\/\/letrame.com\/catalogo\/#organization"},"potentialAction":[{"@type":"SearchAction","target":{"@type":"EntryPoint","urlTemplate":"https:\/\/letrame.com\/catalogo\/?s={search_term_string}"},"query-input":{"@type":"PropertyValueSpecification","valueRequired":true,"valueName":"search_term_string"}}],"inLanguage":"es"},{"@type":"Organization","@id":"https:\/\/letrame.com\/catalogo\/#organization","name":"Catalogo | Letrame Grupo Editorial","url":"https:\/\/letrame.com\/catalogo\/","logo":{"@type":"ImageObject","inLanguage":"es","@id":"https:\/\/letrame.com\/catalogo\/#\/schema\/logo\/image\/","url":"https:\/\/letrame.com\/catalogo\/wp-content\/uploads\/2024\/03\/logo2.webp","contentUrl":"https:\/\/letrame.com\/catalogo\/wp-content\/uploads\/2024\/03\/logo2.webp","width":394,"height":128,"caption":"Catalogo | Letrame Grupo Editorial"},"image":{"@id":"https:\/\/letrame.com\/catalogo\/#\/schema\/logo\/image\/"}}]}},"_links":{"self":[{"href":"https:\/\/letrame.com\/catalogo\/wp-json\/wp\/v2\/product\/111360","targetHints":{"allow":["GET"]}}],"collection":[{"href":"https:\/\/letrame.com\/catalogo\/wp-json\/wp\/v2\/product"}],"about":[{"href":"https:\/\/letrame.com\/catalogo\/wp-json\/wp\/v2\/types\/product"}],"replies":[{"embeddable":true,"href":"https:\/\/letrame.com\/catalogo\/wp-json\/wp\/v2\/comments?post=111360"}],"acf:post":[{"embeddable":true,"href":"https:\/\/letrame.com\/catalogo\/wp-json\/wp\/v2\/author_book\/111361"}],"wp:featuredmedia":[{"embeddable":true,"href":"https:\/\/letrame.com\/catalogo\/wp-json\/wp\/v2\/media\/111364"}],"wp:attachment":[{"href":"https:\/\/letrame.com\/catalogo\/wp-json\/wp\/v2\/media?parent=111360"}],"wp:term":[{"taxonomy":"libro","embeddable":true,"href":"https:\/\/letrame.com\/catalogo\/wp-json\/wp\/v2\/libro?post=111360"},{"taxonomy":"product_brand","embeddable":true,"href":"https:\/\/letrame.com\/catalogo\/wp-json\/wp\/v2\/product_brand?post=111360"},{"taxonomy":"product_cat","embeddable":true,"href":"https:\/\/letrame.com\/catalogo\/wp-json\/wp\/v2\/product_cat?post=111360"},{"taxonomy":"product_tag","embeddable":true,"href":"https:\/\/letrame.com\/catalogo\/wp-json\/wp\/v2\/product_tag?post=111360"}],"curies":[{"name":"wp","href":"https:\/\/api.w.org\/{rel}","templated":true}]}}