{"id":111355,"date":"2026-03-03T16:30:47","date_gmt":"2026-03-03T15:30:47","guid":{"rendered":"https:\/\/letrame.com\/catalogo\/?post_type=product&#038;p=111355"},"modified":"2026-03-03T16:30:48","modified_gmt":"2026-03-03T15:30:48","slug":"ensuenos-y-vivencias-version-espanol-ingles","status":"publish","type":"product","link":"https:\/\/letrame.com\/catalogo\/producto\/ensuenos-y-vivencias-version-espanol-ingles\/","title":{"rendered":"Ensue\u00f1os y vivencias Versi\u00f3n espa\u00f1ol Ingl\u00e9s"},"content":{"rendered":"<p class=\"p1\"><b>ISBN: 9791370290733<\/b><b><\/b><\/p>\n<p class=\"p1\"><b>T\u00edtulo: Ensue\u00f1os y vivencias\u00a0<\/b><br \/>\n<b>Fecha: 2025<\/b><br \/>\n<b>P\u00e1ginas: 232<\/b><b><\/b><\/p>\n<p class=\"p1\"><b>SINOPSIS<\/b><\/p>\n<p class=\"p1\">Un libro que convierte la memoria en luz: un viaje \u00edntimo que abraza lo vivido, lo so\u00f1ado y lo que a\u00fan duele en la historia<\/p>\n<p class=\"p1\">Ensue\u00f1os y Vivencias se abre como un cuaderno de luz: amores que arden en la memoria, pasiones que a\u00fan vibran y paisajes que se vuelven hogar. Cada poema es un rel\u00e1mpago \u00edntimo, una revelaci\u00f3n que salva lo que el tiempo deja atr\u00e1s y donde el alma encuentra refugio.<\/p>\n<p class=\"p1\">Cecilio Mingo escribe desde la emoci\u00f3n profunda, all\u00ed donde lo vivido se funde con lo so\u00f1ado. Pero incluso la luz reconoce sus fronteras: en la \u00faltima parte del libro, el autor se detiene ante el L\u00edbano de 2006, herido por la violencia, evocando tambi\u00e9n la sombra de la Nakba palestina, aquella cat\u00e1strofe que dispers\u00f3 vidas y pueblos enteros, y cuya resonancia sigue habitando la historia contempor\u00e1nea.<\/p>\n<p class=\"p1\">Aqu\u00ed, Mingo no describe para herir, sino para recordar y denuncia para honrar a quienes fueron arrancados de su historia por la barbarie sionista. Poeta y pintor, Cecilio Mingo convierte claridad y sombra en memoria y poes\u00eda.<\/p>\n<p class=\"p1\">Ensue\u00f1os y Vivencias es, al final, una celebraci\u00f3n de lo que nos sostiene: el amor, la dignidad y esa obstinada capacidad humana de buscar luz entre las ruinas.<\/p>\n","protected":false},"excerpt":{"rendered":"<p class=\"p1\"><b>ISBN: 9791370290733<\/b><b><\/b><\/p>\n<p class=\"p1\"><b>SINOPSIS<\/b><\/p>\n<p class=\"p1\">Un libro que convierte la memoria en luz: un viaje \u00edntimo que abraza lo vivido, lo so\u00f1ado y lo que a\u00fan duele en la historia<\/p>\n<p class=\"p1\">Ensue\u00f1os y Vivencias se abre como un cuaderno de luz: amores que arden en la memoria, pasiones que a\u00fan vibran y paisajes que se vuelven hogar. Cada poema es un rel\u00e1mpago \u00edntimo, una revelaci\u00f3n que salva lo que el tiempo deja atr\u00e1s y donde el alma encuentra refugio.<\/p>\n<p class=\"p1\">Cecilio Mingo escribe desde la emoci\u00f3n profunda, all\u00ed donde lo vivido se funde con lo so\u00f1ado. Pero incluso la luz reconoce sus fronteras: en la \u00faltima parte del libro, el autor se detiene ante el L\u00edbano de 2006, herido por la violencia, evocando tambi\u00e9n la sombra de la Nakba palestina, aquella cat\u00e1strofe que dispers\u00f3 vidas y pueblos enteros, y cuya resonancia sigue habitando la historia contempor\u00e1nea.<\/p>\n<p class=\"p1\">Aqu\u00ed, Mingo no describe para herir, sino para recordar y denuncia para honrar a quienes fueron arrancados de su historia por la barbarie sionista. Poeta y pintor, Cecilio Mingo convierte claridad y sombra en memoria y poes\u00eda.<\/p>\n<p class=\"p1\">Ensue\u00f1os y Vivencias es, al final, una celebraci\u00f3n de lo que nos sostiene: el amor, la dignidad y esa obstinada capacidad humana de buscar luz entre las ruinas.<\/p>\n","protected":false},"featured_media":111359,"comment_status":"open","ping_status":"closed","template":"","meta":{"_acf_changed":false},"libro":[],"product_brand":[],"product_cat":[20],"product_tag":[],"class_list":{"0":"post-111355","1":"product","2":"type-product","3":"status-publish","4":"has-post-thumbnail","6":"product_cat-poesia","8":"first","9":"instock","10":"shipping-taxable","11":"product-type-simple"},"acf":{"autor":[111356],"enlace_de_compra":"https:\/\/amzn.to\/3MRXu0n"},"yoast_head":"<!-- This site is optimized with the Yoast SEO plugin v27.4 - https:\/\/yoast.com\/product\/yoast-seo-wordpress\/ -->\n<title>Ensue\u00f1os y vivencias Versi\u00f3n espa\u00f1ol Ingl\u00e9s - Catalogo | Letrame Grupo Editorial<\/title>\n<meta name=\"robots\" content=\"index, follow, max-snippet:-1, max-image-preview:large, max-video-preview:-1\" \/>\n<link rel=\"canonical\" href=\"https:\/\/letrame.com\/catalogo\/producto\/ensuenos-y-vivencias-version-espanol-ingles\/\" \/>\n<meta property=\"og:locale\" content=\"es_ES\" \/>\n<meta property=\"og:type\" content=\"article\" \/>\n<meta property=\"og:title\" content=\"Ensue\u00f1os y vivencias Versi\u00f3n espa\u00f1ol Ingl\u00e9s - Catalogo | Letrame Grupo Editorial\" \/>\n<meta property=\"og:description\" content=\"ISBN: 9791370290733 SINOPSIS Un libro que convierte la memoria en luz: un viaje \u00edntimo que abraza lo vivido, lo so\u00f1ado y lo que a\u00fan duele en la historia Ensue\u00f1os y Vivencias se abre como un cuaderno de luz: amores que arden en la memoria, pasiones que a\u00fan vibran y paisajes que se vuelven hogar. Cada poema es un rel\u00e1mpago \u00edntimo, una revelaci\u00f3n que salva lo que el tiempo deja atr\u00e1s y donde el alma encuentra refugio. Cecilio Mingo escribe desde la emoci\u00f3n profunda, all\u00ed donde lo vivido se funde con lo so\u00f1ado. Pero incluso la luz reconoce sus fronteras: en la \u00faltima parte del libro, el autor se detiene ante el L\u00edbano de 2006, herido por la violencia, evocando tambi\u00e9n la sombra de la Nakba palestina, aquella cat\u00e1strofe que dispers\u00f3 vidas y pueblos enteros, y cuya resonancia sigue habitando la historia contempor\u00e1nea. Aqu\u00ed, Mingo no describe para herir, sino para recordar y denuncia para honrar a quienes fueron arrancados de su historia por la barbarie sionista. Poeta y pintor, Cecilio Mingo convierte claridad y sombra en memoria y poes\u00eda. Ensue\u00f1os y Vivencias es, al final, una celebraci\u00f3n de lo que nos sostiene: el amor, la dignidad y esa obstinada capacidad humana de buscar luz entre las ruinas.\" \/>\n<meta property=\"og:url\" content=\"https:\/\/letrame.com\/catalogo\/producto\/ensuenos-y-vivencias-version-espanol-ingles\/\" \/>\n<meta property=\"og:site_name\" content=\"Catalogo | Letrame Grupo Editorial\" \/>\n<meta property=\"article:modified_time\" content=\"2026-03-03T15:30:48+00:00\" \/>\n<meta property=\"og:image\" content=\"https:\/\/letrame.com\/catalogo\/wp-content\/uploads\/2026\/03\/portadacatalogo-19-scaled.jpg\" \/>\n\t<meta property=\"og:image:width\" content=\"1745\" \/>\n\t<meta property=\"og:image:height\" content=\"2560\" \/>\n\t<meta property=\"og:image:type\" content=\"image\/jpeg\" \/>\n<meta name=\"twitter:card\" content=\"summary_large_image\" \/>\n<meta name=\"twitter:label1\" content=\"Tiempo de lectura\" \/>\n\t<meta name=\"twitter:data1\" content=\"2 minutos\" \/>\n<script type=\"application\/ld+json\" class=\"yoast-schema-graph\">{\"@context\":\"https:\\\/\\\/schema.org\",\"@graph\":[{\"@type\":\"WebPage\",\"@id\":\"https:\\\/\\\/letrame.com\\\/catalogo\\\/producto\\\/ensuenos-y-vivencias-version-espanol-ingles\\\/\",\"url\":\"https:\\\/\\\/letrame.com\\\/catalogo\\\/producto\\\/ensuenos-y-vivencias-version-espanol-ingles\\\/\",\"name\":\"Ensue\u00f1os y vivencias Versi\u00f3n espa\u00f1ol Ingl\u00e9s - Catalogo | Letrame Grupo Editorial\",\"isPartOf\":{\"@id\":\"https:\\\/\\\/letrame.com\\\/catalogo\\\/#website\"},\"primaryImageOfPage\":{\"@id\":\"https:\\\/\\\/letrame.com\\\/catalogo\\\/producto\\\/ensuenos-y-vivencias-version-espanol-ingles\\\/#primaryimage\"},\"image\":{\"@id\":\"https:\\\/\\\/letrame.com\\\/catalogo\\\/producto\\\/ensuenos-y-vivencias-version-espanol-ingles\\\/#primaryimage\"},\"thumbnailUrl\":\"https:\\\/\\\/letrame.com\\\/catalogo\\\/wp-content\\\/uploads\\\/2026\\\/03\\\/portadacatalogo-19-scaled.jpg\",\"datePublished\":\"2026-03-03T15:30:47+00:00\",\"dateModified\":\"2026-03-03T15:30:48+00:00\",\"breadcrumb\":{\"@id\":\"https:\\\/\\\/letrame.com\\\/catalogo\\\/producto\\\/ensuenos-y-vivencias-version-espanol-ingles\\\/#breadcrumb\"},\"inLanguage\":\"es\",\"potentialAction\":[{\"@type\":\"ReadAction\",\"target\":[\"https:\\\/\\\/letrame.com\\\/catalogo\\\/producto\\\/ensuenos-y-vivencias-version-espanol-ingles\\\/\"]}]},{\"@type\":\"ImageObject\",\"inLanguage\":\"es\",\"@id\":\"https:\\\/\\\/letrame.com\\\/catalogo\\\/producto\\\/ensuenos-y-vivencias-version-espanol-ingles\\\/#primaryimage\",\"url\":\"https:\\\/\\\/letrame.com\\\/catalogo\\\/wp-content\\\/uploads\\\/2026\\\/03\\\/portadacatalogo-19-scaled.jpg\",\"contentUrl\":\"https:\\\/\\\/letrame.com\\\/catalogo\\\/wp-content\\\/uploads\\\/2026\\\/03\\\/portadacatalogo-19-scaled.jpg\",\"width\":1745,\"height\":2560},{\"@type\":\"BreadcrumbList\",\"@id\":\"https:\\\/\\\/letrame.com\\\/catalogo\\\/producto\\\/ensuenos-y-vivencias-version-espanol-ingles\\\/#breadcrumb\",\"itemListElement\":[{\"@type\":\"ListItem\",\"position\":1,\"name\":\"Portada\",\"item\":\"https:\\\/\\\/letrame.com\\\/catalogo\\\/\"},{\"@type\":\"ListItem\",\"position\":2,\"name\":\"Cat\u00e1logo\",\"item\":\"https:\\\/\\\/letrame.com\\\/catalogo\\\/\"},{\"@type\":\"ListItem\",\"position\":3,\"name\":\"Ensue\u00f1os y vivencias Versi\u00f3n espa\u00f1ol Ingl\u00e9s\"}]},{\"@type\":\"WebSite\",\"@id\":\"https:\\\/\\\/letrame.com\\\/catalogo\\\/#website\",\"url\":\"https:\\\/\\\/letrame.com\\\/catalogo\\\/\",\"name\":\"Catalogo | Letrame Grupo Editorial\",\"description\":\"\",\"publisher\":{\"@id\":\"https:\\\/\\\/letrame.com\\\/catalogo\\\/#organization\"},\"potentialAction\":[{\"@type\":\"SearchAction\",\"target\":{\"@type\":\"EntryPoint\",\"urlTemplate\":\"https:\\\/\\\/letrame.com\\\/catalogo\\\/?s={search_term_string}\"},\"query-input\":{\"@type\":\"PropertyValueSpecification\",\"valueRequired\":true,\"valueName\":\"search_term_string\"}}],\"inLanguage\":\"es\"},{\"@type\":\"Organization\",\"@id\":\"https:\\\/\\\/letrame.com\\\/catalogo\\\/#organization\",\"name\":\"Catalogo | Letrame Grupo Editorial\",\"url\":\"https:\\\/\\\/letrame.com\\\/catalogo\\\/\",\"logo\":{\"@type\":\"ImageObject\",\"inLanguage\":\"es\",\"@id\":\"https:\\\/\\\/letrame.com\\\/catalogo\\\/#\\\/schema\\\/logo\\\/image\\\/\",\"url\":\"https:\\\/\\\/letrame.com\\\/catalogo\\\/wp-content\\\/uploads\\\/2024\\\/03\\\/logo2.webp\",\"contentUrl\":\"https:\\\/\\\/letrame.com\\\/catalogo\\\/wp-content\\\/uploads\\\/2024\\\/03\\\/logo2.webp\",\"width\":394,\"height\":128,\"caption\":\"Catalogo | Letrame Grupo Editorial\"},\"image\":{\"@id\":\"https:\\\/\\\/letrame.com\\\/catalogo\\\/#\\\/schema\\\/logo\\\/image\\\/\"}}]}<\/script>\n<!-- \/ Yoast SEO plugin. -->","yoast_head_json":{"title":"Ensue\u00f1os y vivencias Versi\u00f3n espa\u00f1ol Ingl\u00e9s - Catalogo | Letrame Grupo Editorial","robots":{"index":"index","follow":"follow","max-snippet":"max-snippet:-1","max-image-preview":"max-image-preview:large","max-video-preview":"max-video-preview:-1"},"canonical":"https:\/\/letrame.com\/catalogo\/producto\/ensuenos-y-vivencias-version-espanol-ingles\/","og_locale":"es_ES","og_type":"article","og_title":"Ensue\u00f1os y vivencias Versi\u00f3n espa\u00f1ol Ingl\u00e9s - Catalogo | Letrame Grupo Editorial","og_description":"ISBN: 9791370290733 SINOPSIS Un libro que convierte la memoria en luz: un viaje \u00edntimo que abraza lo vivido, lo so\u00f1ado y lo que a\u00fan duele en la historia Ensue\u00f1os y Vivencias se abre como un cuaderno de luz: amores que arden en la memoria, pasiones que a\u00fan vibran y paisajes que se vuelven hogar. Cada poema es un rel\u00e1mpago \u00edntimo, una revelaci\u00f3n que salva lo que el tiempo deja atr\u00e1s y donde el alma encuentra refugio. Cecilio Mingo escribe desde la emoci\u00f3n profunda, all\u00ed donde lo vivido se funde con lo so\u00f1ado. Pero incluso la luz reconoce sus fronteras: en la \u00faltima parte del libro, el autor se detiene ante el L\u00edbano de 2006, herido por la violencia, evocando tambi\u00e9n la sombra de la Nakba palestina, aquella cat\u00e1strofe que dispers\u00f3 vidas y pueblos enteros, y cuya resonancia sigue habitando la historia contempor\u00e1nea. Aqu\u00ed, Mingo no describe para herir, sino para recordar y denuncia para honrar a quienes fueron arrancados de su historia por la barbarie sionista. Poeta y pintor, Cecilio Mingo convierte claridad y sombra en memoria y poes\u00eda. Ensue\u00f1os y Vivencias es, al final, una celebraci\u00f3n de lo que nos sostiene: el amor, la dignidad y esa obstinada capacidad humana de buscar luz entre las ruinas.","og_url":"https:\/\/letrame.com\/catalogo\/producto\/ensuenos-y-vivencias-version-espanol-ingles\/","og_site_name":"Catalogo | Letrame Grupo Editorial","article_modified_time":"2026-03-03T15:30:48+00:00","og_image":[{"width":1745,"height":2560,"url":"https:\/\/letrame.com\/catalogo\/wp-content\/uploads\/2026\/03\/portadacatalogo-19-scaled.jpg","type":"image\/jpeg"}],"twitter_card":"summary_large_image","twitter_misc":{"Tiempo de lectura":"2 minutos"},"schema":{"@context":"https:\/\/schema.org","@graph":[{"@type":"WebPage","@id":"https:\/\/letrame.com\/catalogo\/producto\/ensuenos-y-vivencias-version-espanol-ingles\/","url":"https:\/\/letrame.com\/catalogo\/producto\/ensuenos-y-vivencias-version-espanol-ingles\/","name":"Ensue\u00f1os y vivencias Versi\u00f3n espa\u00f1ol Ingl\u00e9s - Catalogo | Letrame Grupo Editorial","isPartOf":{"@id":"https:\/\/letrame.com\/catalogo\/#website"},"primaryImageOfPage":{"@id":"https:\/\/letrame.com\/catalogo\/producto\/ensuenos-y-vivencias-version-espanol-ingles\/#primaryimage"},"image":{"@id":"https:\/\/letrame.com\/catalogo\/producto\/ensuenos-y-vivencias-version-espanol-ingles\/#primaryimage"},"thumbnailUrl":"https:\/\/letrame.com\/catalogo\/wp-content\/uploads\/2026\/03\/portadacatalogo-19-scaled.jpg","datePublished":"2026-03-03T15:30:47+00:00","dateModified":"2026-03-03T15:30:48+00:00","breadcrumb":{"@id":"https:\/\/letrame.com\/catalogo\/producto\/ensuenos-y-vivencias-version-espanol-ingles\/#breadcrumb"},"inLanguage":"es","potentialAction":[{"@type":"ReadAction","target":["https:\/\/letrame.com\/catalogo\/producto\/ensuenos-y-vivencias-version-espanol-ingles\/"]}]},{"@type":"ImageObject","inLanguage":"es","@id":"https:\/\/letrame.com\/catalogo\/producto\/ensuenos-y-vivencias-version-espanol-ingles\/#primaryimage","url":"https:\/\/letrame.com\/catalogo\/wp-content\/uploads\/2026\/03\/portadacatalogo-19-scaled.jpg","contentUrl":"https:\/\/letrame.com\/catalogo\/wp-content\/uploads\/2026\/03\/portadacatalogo-19-scaled.jpg","width":1745,"height":2560},{"@type":"BreadcrumbList","@id":"https:\/\/letrame.com\/catalogo\/producto\/ensuenos-y-vivencias-version-espanol-ingles\/#breadcrumb","itemListElement":[{"@type":"ListItem","position":1,"name":"Portada","item":"https:\/\/letrame.com\/catalogo\/"},{"@type":"ListItem","position":2,"name":"Cat\u00e1logo","item":"https:\/\/letrame.com\/catalogo\/"},{"@type":"ListItem","position":3,"name":"Ensue\u00f1os y vivencias Versi\u00f3n espa\u00f1ol Ingl\u00e9s"}]},{"@type":"WebSite","@id":"https:\/\/letrame.com\/catalogo\/#website","url":"https:\/\/letrame.com\/catalogo\/","name":"Catalogo | Letrame Grupo Editorial","description":"","publisher":{"@id":"https:\/\/letrame.com\/catalogo\/#organization"},"potentialAction":[{"@type":"SearchAction","target":{"@type":"EntryPoint","urlTemplate":"https:\/\/letrame.com\/catalogo\/?s={search_term_string}"},"query-input":{"@type":"PropertyValueSpecification","valueRequired":true,"valueName":"search_term_string"}}],"inLanguage":"es"},{"@type":"Organization","@id":"https:\/\/letrame.com\/catalogo\/#organization","name":"Catalogo | Letrame Grupo Editorial","url":"https:\/\/letrame.com\/catalogo\/","logo":{"@type":"ImageObject","inLanguage":"es","@id":"https:\/\/letrame.com\/catalogo\/#\/schema\/logo\/image\/","url":"https:\/\/letrame.com\/catalogo\/wp-content\/uploads\/2024\/03\/logo2.webp","contentUrl":"https:\/\/letrame.com\/catalogo\/wp-content\/uploads\/2024\/03\/logo2.webp","width":394,"height":128,"caption":"Catalogo | Letrame Grupo Editorial"},"image":{"@id":"https:\/\/letrame.com\/catalogo\/#\/schema\/logo\/image\/"}}]}},"_links":{"self":[{"href":"https:\/\/letrame.com\/catalogo\/wp-json\/wp\/v2\/product\/111355","targetHints":{"allow":["GET"]}}],"collection":[{"href":"https:\/\/letrame.com\/catalogo\/wp-json\/wp\/v2\/product"}],"about":[{"href":"https:\/\/letrame.com\/catalogo\/wp-json\/wp\/v2\/types\/product"}],"replies":[{"embeddable":true,"href":"https:\/\/letrame.com\/catalogo\/wp-json\/wp\/v2\/comments?post=111355"}],"acf:post":[{"embeddable":true,"href":"https:\/\/letrame.com\/catalogo\/wp-json\/wp\/v2\/author_book\/111356"}],"wp:featuredmedia":[{"embeddable":true,"href":"https:\/\/letrame.com\/catalogo\/wp-json\/wp\/v2\/media\/111359"}],"wp:attachment":[{"href":"https:\/\/letrame.com\/catalogo\/wp-json\/wp\/v2\/media?parent=111355"}],"wp:term":[{"taxonomy":"libro","embeddable":true,"href":"https:\/\/letrame.com\/catalogo\/wp-json\/wp\/v2\/libro?post=111355"},{"taxonomy":"product_brand","embeddable":true,"href":"https:\/\/letrame.com\/catalogo\/wp-json\/wp\/v2\/product_brand?post=111355"},{"taxonomy":"product_cat","embeddable":true,"href":"https:\/\/letrame.com\/catalogo\/wp-json\/wp\/v2\/product_cat?post=111355"},{"taxonomy":"product_tag","embeddable":true,"href":"https:\/\/letrame.com\/catalogo\/wp-json\/wp\/v2\/product_tag?post=111355"}],"curies":[{"name":"wp","href":"https:\/\/api.w.org\/{rel}","templated":true}]}}