{"id":111349,"date":"2026-03-03T16:21:05","date_gmt":"2026-03-03T15:21:05","guid":{"rendered":"https:\/\/letrame.com\/catalogo\/?post_type=product&#038;p=111349"},"modified":"2026-03-03T16:21:07","modified_gmt":"2026-03-03T15:21:07","slug":"el-algoritmo-del-matrimonio","status":"publish","type":"product","link":"https:\/\/letrame.com\/catalogo\/producto\/el-algoritmo-del-matrimonio\/","title":{"rendered":"El algoritmo del matrimonio"},"content":{"rendered":"<p class=\"p1\"><b>ISBN: 9791370293123<\/b><b><\/b><\/p>\n<p class=\"p1\"><b>T\u00edtulo: El algoritmo del matrimonio<\/b><br \/>\n<b>Fecha: 2025<\/b><br \/>\n<b>P\u00e1ginas: 170<\/b><b><\/b><\/p>\n<p class=\"p1\"><b>SINOPSIS<\/b><\/p>\n<p class=\"p1\">El algoritmo del matrimonio nos muestra que, dentro de nuestros v\u00ednculos, existen c\u00f3digos y patrones que influyen de manera decisiva en los resultados de la vida en pareja.<\/p>\n<p class=\"p1\">A partir de conceptos inspirados en la inform\u00e1tica, Michael Meir descifra las situaciones m\u00e1s comunes y complejas que enfrentan los matrimonios y propone soluciones pr\u00e1cticas capaces de marcar la diferencia entre rendirse o reinventarse.<\/p>\n<p class=\"p1\">Este libro resultar\u00e1 especialmente atractivo para quienes disfrutan de la ciencia y la l\u00f3gica, al descubrir f\u00f3rmulas y estrategias que pueden transformar radicalmente sus v\u00ednculos.<\/p>\n<p class=\"p1\">Tambi\u00e9n ser\u00e1 revelador para quienes desean vivir el amor desde una mirada innovadora, m\u00e1s consciente y m\u00e1s profunda. Aqu\u00ed el amor se presenta como un camino elegido, paso a paso: una invitaci\u00f3n a redescubrir la intimidad, la pasi\u00f3n y la confianza; a transformar el conflicto en conexi\u00f3n y la rutina en renovaci\u00f3n.<\/p>\n<p class=\"p1\">No se trata de parejas perfectas, sino de personas reales que deciden construir, d\u00eda tras d\u00eda, un amor m\u00e1s fuerte, m\u00e1s libre y m\u00e1s vivo. Un libro pensado tambi\u00e9n para parejas, profesionales, curiosos y buscadores de nuevas formas de comprender y vivir el amor.<\/p>\n<p class=\"p1\">Porque el amor no se encuentra: se construye cada d\u00eda.<\/p>\n","protected":false},"excerpt":{"rendered":"<p class=\"p1\"><b>ISBN: 9791370293123<\/b><b><\/b><\/p>\n<p class=\"p1\"><b>SINOPSIS<\/b><\/p>\n<p class=\"p1\">El algoritmo del matrimonio nos muestra que, dentro de nuestros v\u00ednculos, existen c\u00f3digos y patrones que influyen de manera decisiva en los resultados de la vida en pareja.<\/p>\n<p class=\"p1\">A partir de conceptos inspirados en la inform\u00e1tica, Michael Meir descifra las situaciones m\u00e1s comunes y complejas que enfrentan los matrimonios y propone soluciones pr\u00e1cticas capaces de marcar la diferencia entre rendirse o reinventarse.<\/p>\n<p class=\"p1\">Este libro resultar\u00e1 especialmente atractivo para quienes disfrutan de la ciencia y la l\u00f3gica, al descubrir f\u00f3rmulas y estrategias que pueden transformar radicalmente sus v\u00ednculos.<\/p>\n<p class=\"p1\">Tambi\u00e9n ser\u00e1 revelador para quienes desean vivir el amor desde una mirada innovadora, m\u00e1s consciente y m\u00e1s profunda. Aqu\u00ed el amor se presenta como un camino elegido, paso a paso: una invitaci\u00f3n a redescubrir la intimidad, la pasi\u00f3n y la confianza; a transformar el conflicto en conexi\u00f3n y la rutina en renovaci\u00f3n.<\/p>\n<p class=\"p1\">No se trata de parejas perfectas, sino de personas reales que deciden construir, d\u00eda tras d\u00eda, un amor m\u00e1s fuerte, m\u00e1s libre y m\u00e1s vivo. Un libro pensado tambi\u00e9n para parejas, profesionales, curiosos y buscadores de nuevas formas de comprender y vivir el amor.<\/p>\n<p class=\"p1\">Porque el amor no se encuentra: se construye cada d\u00eda.<\/p>\n","protected":false},"featured_media":111354,"comment_status":"open","ping_status":"closed","template":"","meta":{"_acf_changed":false},"libro":[],"product_brand":[],"product_cat":[18],"product_tag":[],"class_list":{"0":"post-111349","1":"product","2":"type-product","3":"status-publish","4":"has-post-thumbnail","6":"product_cat-autoayuda","8":"first","9":"instock","10":"shipping-taxable","11":"product-type-simple"},"acf":{"autor":[111351],"enlace_de_compra":"https:\/\/amzn.to\/4sjzUZc"},"yoast_head":"<!-- This site is optimized with the Yoast SEO plugin v26.6 - https:\/\/yoast.com\/wordpress\/plugins\/seo\/ -->\n<title>El algoritmo del matrimonio - Catalogo | Letrame Grupo Editorial<\/title>\n<meta name=\"robots\" content=\"index, follow, max-snippet:-1, max-image-preview:large, max-video-preview:-1\" \/>\n<link rel=\"canonical\" href=\"https:\/\/letrame.com\/catalogo\/producto\/el-algoritmo-del-matrimonio\/\" \/>\n<meta property=\"og:locale\" content=\"es_ES\" \/>\n<meta property=\"og:type\" content=\"article\" \/>\n<meta property=\"og:title\" content=\"El algoritmo del matrimonio - Catalogo | Letrame Grupo Editorial\" \/>\n<meta property=\"og:description\" content=\"ISBN: 9791370293123 SINOPSIS El algoritmo del matrimonio nos muestra que, dentro de nuestros v\u00ednculos, existen c\u00f3digos y patrones que influyen de manera decisiva en los resultados de la vida en pareja. A partir de conceptos inspirados en la inform\u00e1tica, Michael Meir descifra las situaciones m\u00e1s comunes y complejas que enfrentan los matrimonios y propone soluciones pr\u00e1cticas capaces de marcar la diferencia entre rendirse o reinventarse. Este libro resultar\u00e1 especialmente atractivo para quienes disfrutan de la ciencia y la l\u00f3gica, al descubrir f\u00f3rmulas y estrategias que pueden transformar radicalmente sus v\u00ednculos. Tambi\u00e9n ser\u00e1 revelador para quienes desean vivir el amor desde una mirada innovadora, m\u00e1s consciente y m\u00e1s profunda. Aqu\u00ed el amor se presenta como un camino elegido, paso a paso: una invitaci\u00f3n a redescubrir la intimidad, la pasi\u00f3n y la confianza; a transformar el conflicto en conexi\u00f3n y la rutina en renovaci\u00f3n. No se trata de parejas perfectas, sino de personas reales que deciden construir, d\u00eda tras d\u00eda, un amor m\u00e1s fuerte, m\u00e1s libre y m\u00e1s vivo. Un libro pensado tambi\u00e9n para parejas, profesionales, curiosos y buscadores de nuevas formas de comprender y vivir el amor. Porque el amor no se encuentra: se construye cada d\u00eda.\" \/>\n<meta property=\"og:url\" content=\"https:\/\/letrame.com\/catalogo\/producto\/el-algoritmo-del-matrimonio\/\" \/>\n<meta property=\"og:site_name\" content=\"Catalogo | Letrame Grupo Editorial\" \/>\n<meta property=\"article:modified_time\" content=\"2026-03-03T15:21:07+00:00\" \/>\n<meta property=\"og:image\" content=\"https:\/\/letrame.com\/catalogo\/wp-content\/uploads\/2026\/03\/portadacatalogo-18-scaled.jpg\" \/>\n\t<meta property=\"og:image:width\" content=\"1828\" \/>\n\t<meta property=\"og:image:height\" content=\"2560\" \/>\n\t<meta property=\"og:image:type\" content=\"image\/jpeg\" \/>\n<meta name=\"twitter:card\" content=\"summary_large_image\" \/>\n<meta name=\"twitter:label1\" content=\"Tiempo de lectura\" \/>\n\t<meta name=\"twitter:data1\" content=\"2 minutos\" \/>\n<script type=\"application\/ld+json\" class=\"yoast-schema-graph\">{\"@context\":\"https:\/\/schema.org\",\"@graph\":[{\"@type\":\"WebPage\",\"@id\":\"https:\/\/letrame.com\/catalogo\/producto\/el-algoritmo-del-matrimonio\/\",\"url\":\"https:\/\/letrame.com\/catalogo\/producto\/el-algoritmo-del-matrimonio\/\",\"name\":\"El algoritmo del matrimonio - Catalogo | Letrame Grupo Editorial\",\"isPartOf\":{\"@id\":\"https:\/\/letrame.com\/catalogo\/#website\"},\"primaryImageOfPage\":{\"@id\":\"https:\/\/letrame.com\/catalogo\/producto\/el-algoritmo-del-matrimonio\/#primaryimage\"},\"image\":{\"@id\":\"https:\/\/letrame.com\/catalogo\/producto\/el-algoritmo-del-matrimonio\/#primaryimage\"},\"thumbnailUrl\":\"https:\/\/letrame.com\/catalogo\/wp-content\/uploads\/2026\/03\/portadacatalogo-18-scaled.jpg\",\"datePublished\":\"2026-03-03T15:21:05+00:00\",\"dateModified\":\"2026-03-03T15:21:07+00:00\",\"breadcrumb\":{\"@id\":\"https:\/\/letrame.com\/catalogo\/producto\/el-algoritmo-del-matrimonio\/#breadcrumb\"},\"inLanguage\":\"es\",\"potentialAction\":[{\"@type\":\"ReadAction\",\"target\":[\"https:\/\/letrame.com\/catalogo\/producto\/el-algoritmo-del-matrimonio\/\"]}]},{\"@type\":\"ImageObject\",\"inLanguage\":\"es\",\"@id\":\"https:\/\/letrame.com\/catalogo\/producto\/el-algoritmo-del-matrimonio\/#primaryimage\",\"url\":\"https:\/\/letrame.com\/catalogo\/wp-content\/uploads\/2026\/03\/portadacatalogo-18-scaled.jpg\",\"contentUrl\":\"https:\/\/letrame.com\/catalogo\/wp-content\/uploads\/2026\/03\/portadacatalogo-18-scaled.jpg\",\"width\":1828,\"height\":2560},{\"@type\":\"BreadcrumbList\",\"@id\":\"https:\/\/letrame.com\/catalogo\/producto\/el-algoritmo-del-matrimonio\/#breadcrumb\",\"itemListElement\":[{\"@type\":\"ListItem\",\"position\":1,\"name\":\"Portada\",\"item\":\"https:\/\/letrame.com\/catalogo\/\"},{\"@type\":\"ListItem\",\"position\":2,\"name\":\"Cat\u00e1logo\",\"item\":\"https:\/\/letrame.com\/catalogo\/\"},{\"@type\":\"ListItem\",\"position\":3,\"name\":\"El algoritmo del matrimonio\"}]},{\"@type\":\"WebSite\",\"@id\":\"https:\/\/letrame.com\/catalogo\/#website\",\"url\":\"https:\/\/letrame.com\/catalogo\/\",\"name\":\"Catalogo | Letrame Grupo Editorial\",\"description\":\"\",\"publisher\":{\"@id\":\"https:\/\/letrame.com\/catalogo\/#organization\"},\"potentialAction\":[{\"@type\":\"SearchAction\",\"target\":{\"@type\":\"EntryPoint\",\"urlTemplate\":\"https:\/\/letrame.com\/catalogo\/?s={search_term_string}\"},\"query-input\":{\"@type\":\"PropertyValueSpecification\",\"valueRequired\":true,\"valueName\":\"search_term_string\"}}],\"inLanguage\":\"es\"},{\"@type\":\"Organization\",\"@id\":\"https:\/\/letrame.com\/catalogo\/#organization\",\"name\":\"Catalogo | Letrame Grupo Editorial\",\"url\":\"https:\/\/letrame.com\/catalogo\/\",\"logo\":{\"@type\":\"ImageObject\",\"inLanguage\":\"es\",\"@id\":\"https:\/\/letrame.com\/catalogo\/#\/schema\/logo\/image\/\",\"url\":\"https:\/\/letrame.com\/catalogo\/wp-content\/uploads\/2024\/03\/logo2.webp\",\"contentUrl\":\"https:\/\/letrame.com\/catalogo\/wp-content\/uploads\/2024\/03\/logo2.webp\",\"width\":394,\"height\":128,\"caption\":\"Catalogo | Letrame Grupo Editorial\"},\"image\":{\"@id\":\"https:\/\/letrame.com\/catalogo\/#\/schema\/logo\/image\/\"}}]}<\/script>\n<!-- \/ Yoast SEO plugin. -->","yoast_head_json":{"title":"El algoritmo del matrimonio - Catalogo | Letrame Grupo Editorial","robots":{"index":"index","follow":"follow","max-snippet":"max-snippet:-1","max-image-preview":"max-image-preview:large","max-video-preview":"max-video-preview:-1"},"canonical":"https:\/\/letrame.com\/catalogo\/producto\/el-algoritmo-del-matrimonio\/","og_locale":"es_ES","og_type":"article","og_title":"El algoritmo del matrimonio - Catalogo | Letrame Grupo Editorial","og_description":"ISBN: 9791370293123 SINOPSIS El algoritmo del matrimonio nos muestra que, dentro de nuestros v\u00ednculos, existen c\u00f3digos y patrones que influyen de manera decisiva en los resultados de la vida en pareja. A partir de conceptos inspirados en la inform\u00e1tica, Michael Meir descifra las situaciones m\u00e1s comunes y complejas que enfrentan los matrimonios y propone soluciones pr\u00e1cticas capaces de marcar la diferencia entre rendirse o reinventarse. Este libro resultar\u00e1 especialmente atractivo para quienes disfrutan de la ciencia y la l\u00f3gica, al descubrir f\u00f3rmulas y estrategias que pueden transformar radicalmente sus v\u00ednculos. Tambi\u00e9n ser\u00e1 revelador para quienes desean vivir el amor desde una mirada innovadora, m\u00e1s consciente y m\u00e1s profunda. Aqu\u00ed el amor se presenta como un camino elegido, paso a paso: una invitaci\u00f3n a redescubrir la intimidad, la pasi\u00f3n y la confianza; a transformar el conflicto en conexi\u00f3n y la rutina en renovaci\u00f3n. No se trata de parejas perfectas, sino de personas reales que deciden construir, d\u00eda tras d\u00eda, un amor m\u00e1s fuerte, m\u00e1s libre y m\u00e1s vivo. Un libro pensado tambi\u00e9n para parejas, profesionales, curiosos y buscadores de nuevas formas de comprender y vivir el amor. Porque el amor no se encuentra: se construye cada d\u00eda.","og_url":"https:\/\/letrame.com\/catalogo\/producto\/el-algoritmo-del-matrimonio\/","og_site_name":"Catalogo | Letrame Grupo Editorial","article_modified_time":"2026-03-03T15:21:07+00:00","og_image":[{"width":1828,"height":2560,"url":"https:\/\/letrame.com\/catalogo\/wp-content\/uploads\/2026\/03\/portadacatalogo-18-scaled.jpg","type":"image\/jpeg"}],"twitter_card":"summary_large_image","twitter_misc":{"Tiempo de lectura":"2 minutos"},"schema":{"@context":"https:\/\/schema.org","@graph":[{"@type":"WebPage","@id":"https:\/\/letrame.com\/catalogo\/producto\/el-algoritmo-del-matrimonio\/","url":"https:\/\/letrame.com\/catalogo\/producto\/el-algoritmo-del-matrimonio\/","name":"El algoritmo del matrimonio - Catalogo | Letrame Grupo Editorial","isPartOf":{"@id":"https:\/\/letrame.com\/catalogo\/#website"},"primaryImageOfPage":{"@id":"https:\/\/letrame.com\/catalogo\/producto\/el-algoritmo-del-matrimonio\/#primaryimage"},"image":{"@id":"https:\/\/letrame.com\/catalogo\/producto\/el-algoritmo-del-matrimonio\/#primaryimage"},"thumbnailUrl":"https:\/\/letrame.com\/catalogo\/wp-content\/uploads\/2026\/03\/portadacatalogo-18-scaled.jpg","datePublished":"2026-03-03T15:21:05+00:00","dateModified":"2026-03-03T15:21:07+00:00","breadcrumb":{"@id":"https:\/\/letrame.com\/catalogo\/producto\/el-algoritmo-del-matrimonio\/#breadcrumb"},"inLanguage":"es","potentialAction":[{"@type":"ReadAction","target":["https:\/\/letrame.com\/catalogo\/producto\/el-algoritmo-del-matrimonio\/"]}]},{"@type":"ImageObject","inLanguage":"es","@id":"https:\/\/letrame.com\/catalogo\/producto\/el-algoritmo-del-matrimonio\/#primaryimage","url":"https:\/\/letrame.com\/catalogo\/wp-content\/uploads\/2026\/03\/portadacatalogo-18-scaled.jpg","contentUrl":"https:\/\/letrame.com\/catalogo\/wp-content\/uploads\/2026\/03\/portadacatalogo-18-scaled.jpg","width":1828,"height":2560},{"@type":"BreadcrumbList","@id":"https:\/\/letrame.com\/catalogo\/producto\/el-algoritmo-del-matrimonio\/#breadcrumb","itemListElement":[{"@type":"ListItem","position":1,"name":"Portada","item":"https:\/\/letrame.com\/catalogo\/"},{"@type":"ListItem","position":2,"name":"Cat\u00e1logo","item":"https:\/\/letrame.com\/catalogo\/"},{"@type":"ListItem","position":3,"name":"El algoritmo del matrimonio"}]},{"@type":"WebSite","@id":"https:\/\/letrame.com\/catalogo\/#website","url":"https:\/\/letrame.com\/catalogo\/","name":"Catalogo | Letrame Grupo Editorial","description":"","publisher":{"@id":"https:\/\/letrame.com\/catalogo\/#organization"},"potentialAction":[{"@type":"SearchAction","target":{"@type":"EntryPoint","urlTemplate":"https:\/\/letrame.com\/catalogo\/?s={search_term_string}"},"query-input":{"@type":"PropertyValueSpecification","valueRequired":true,"valueName":"search_term_string"}}],"inLanguage":"es"},{"@type":"Organization","@id":"https:\/\/letrame.com\/catalogo\/#organization","name":"Catalogo | Letrame Grupo Editorial","url":"https:\/\/letrame.com\/catalogo\/","logo":{"@type":"ImageObject","inLanguage":"es","@id":"https:\/\/letrame.com\/catalogo\/#\/schema\/logo\/image\/","url":"https:\/\/letrame.com\/catalogo\/wp-content\/uploads\/2024\/03\/logo2.webp","contentUrl":"https:\/\/letrame.com\/catalogo\/wp-content\/uploads\/2024\/03\/logo2.webp","width":394,"height":128,"caption":"Catalogo | Letrame Grupo Editorial"},"image":{"@id":"https:\/\/letrame.com\/catalogo\/#\/schema\/logo\/image\/"}}]}},"_links":{"self":[{"href":"https:\/\/letrame.com\/catalogo\/wp-json\/wp\/v2\/product\/111349","targetHints":{"allow":["GET"]}}],"collection":[{"href":"https:\/\/letrame.com\/catalogo\/wp-json\/wp\/v2\/product"}],"about":[{"href":"https:\/\/letrame.com\/catalogo\/wp-json\/wp\/v2\/types\/product"}],"replies":[{"embeddable":true,"href":"https:\/\/letrame.com\/catalogo\/wp-json\/wp\/v2\/comments?post=111349"}],"acf:post":[{"embeddable":true,"href":"https:\/\/letrame.com\/catalogo\/wp-json\/wp\/v2\/author_book\/111351"}],"wp:featuredmedia":[{"embeddable":true,"href":"https:\/\/letrame.com\/catalogo\/wp-json\/wp\/v2\/media\/111354"}],"wp:attachment":[{"href":"https:\/\/letrame.com\/catalogo\/wp-json\/wp\/v2\/media?parent=111349"}],"wp:term":[{"taxonomy":"libro","embeddable":true,"href":"https:\/\/letrame.com\/catalogo\/wp-json\/wp\/v2\/libro?post=111349"},{"taxonomy":"product_brand","embeddable":true,"href":"https:\/\/letrame.com\/catalogo\/wp-json\/wp\/v2\/product_brand?post=111349"},{"taxonomy":"product_cat","embeddable":true,"href":"https:\/\/letrame.com\/catalogo\/wp-json\/wp\/v2\/product_cat?post=111349"},{"taxonomy":"product_tag","embeddable":true,"href":"https:\/\/letrame.com\/catalogo\/wp-json\/wp\/v2\/product_tag?post=111349"}],"curies":[{"name":"wp","href":"https:\/\/api.w.org\/{rel}","templated":true}]}}