{"id":111345,"date":"2026-03-03T16:05:41","date_gmt":"2026-03-03T15:05:41","guid":{"rendered":"https:\/\/letrame.com\/catalogo\/?post_type=product&#038;p=111345"},"modified":"2026-03-03T16:05:43","modified_gmt":"2026-03-03T15:05:43","slug":"una-existencia-extraordinaria","status":"publish","type":"product","link":"https:\/\/letrame.com\/catalogo\/producto\/una-existencia-extraordinaria\/","title":{"rendered":"Una existencia extraordinaria"},"content":{"rendered":"<p class=\"p1\"><b>ISBN: 9791370291662<\/b><b><\/b><\/p>\n<p class=\"p1\"><b>T\u00edtulo: Una existencia extraordinaria<\/b><br \/>\n<b>Fecha: 2025<\/b><br \/>\n<b>P\u00e1ginas: 318<\/b><b><\/b><\/p>\n<p class=\"p1\"><b>SINOPSIS<\/b><\/p>\n<p class=\"p1\">Si el arrepentimiento, concede el perd\u00f3n, deber\u00eda estar perdona-do. Pudimos haber sido una familia honrada, ejemplar y unida, pero algo se torci\u00f3 en mi conciencia que impidi\u00f3 este deseo. Escribo esta biografia por tres motivos esenciales. Uno es el intento de desentra\u00f1ar que fall\u00f3 en mi vida, para haberme desviado tanto de la buena senda.<\/p>\n<p class=\"p1\">Otra, es vaciar esa pesada carga que cargo a mi espalda, llena de culpas, que ya no me permiten caminar.<\/p>\n<p class=\"p1\">Y la \u00faltima y m\u00e1s sangrante en mi coraz\u00f3n, es pedir PERD\u00d3N, por el da\u00f1o causado a personas ajenas a m\u00ed, a mis familiares y esencialmente a mis creadores.<\/p>\n<p class=\"p1\">Ojal\u00e1 pudiese volver a vivir otra vida con vosotros y compartir el cari\u00f1o familiar que nos falt\u00f3.<\/p>\n<p class=\"p1\">\u00bfSi hubiese tenido ese afecto, hubiese cambiado mi actitud?<\/p>\n<p class=\"p1\">Ya nunca lo sabr\u00e9. Os extra\u00f1o mucho.<\/p>\n","protected":false},"excerpt":{"rendered":"<p class=\"p1\"><b>ISBN: 9791370291662<\/b><b><\/b><\/p>\n<p class=\"p1\"><b>SINOPSIS<\/b><\/p>\n<p class=\"p1\">Si el arrepentimiento, concede el perd\u00f3n, deber\u00eda estar perdona-do. Pudimos haber sido una familia honrada, ejemplar y unida, pero algo se torci\u00f3 en mi conciencia que impidi\u00f3 este deseo. Escribo esta biografia por tres motivos esenciales. Uno es el intento de desentra\u00f1ar que fall\u00f3 en mi vida, para haberme desviado tanto de la buena senda.<\/p>\n<p class=\"p1\">Otra, es vaciar esa pesada carga que cargo a mi espalda, llena de culpas, que ya no me permiten caminar.<\/p>\n<p class=\"p1\">Y la \u00faltima y m\u00e1s sangrante en mi coraz\u00f3n, es pedir PERD\u00d3N, por el da\u00f1o causado a personas ajenas a m\u00ed, a mis familiares y esencialmente a mis creadores.<\/p>\n<p class=\"p1\">Ojal\u00e1 pudiese volver a vivir otra vida con vosotros y compartir el cari\u00f1o familiar que nos falt\u00f3.<\/p>\n<p class=\"p1\">\u00bfSi hubiese tenido ese afecto, hubiese cambiado mi actitud?<\/p>\n<p class=\"p1\">Ya nunca lo sabr\u00e9. Os extra\u00f1o mucho.<\/p>\n","protected":false},"featured_media":111348,"comment_status":"open","ping_status":"closed","template":"","meta":{"_acf_changed":false},"libro":[],"product_brand":[],"product_cat":[102],"product_tag":[],"class_list":{"0":"post-111345","1":"product","2":"type-product","3":"status-publish","4":"has-post-thumbnail","6":"product_cat-biografia","8":"first","9":"instock","10":"shipping-taxable","11":"product-type-simple"},"acf":{"autor":[111346],"enlace_de_compra":"https:\/\/amzn.to\/4r9LzsP"},"yoast_head":"<!-- This site is optimized with the Yoast SEO plugin v26.6 - https:\/\/yoast.com\/wordpress\/plugins\/seo\/ -->\n<title>Una existencia extraordinaria - Catalogo | Letrame Grupo Editorial<\/title>\n<meta name=\"robots\" content=\"index, follow, max-snippet:-1, max-image-preview:large, max-video-preview:-1\" \/>\n<link rel=\"canonical\" href=\"https:\/\/letrame.com\/catalogo\/producto\/una-existencia-extraordinaria\/\" \/>\n<meta property=\"og:locale\" content=\"es_ES\" \/>\n<meta property=\"og:type\" content=\"article\" \/>\n<meta property=\"og:title\" content=\"Una existencia extraordinaria - Catalogo | Letrame Grupo Editorial\" \/>\n<meta property=\"og:description\" content=\"ISBN: 9791370291662 SINOPSIS Si el arrepentimiento, concede el perd\u00f3n, deber\u00eda estar perdona-do. Pudimos haber sido una familia honrada, ejemplar y unida, pero algo se torci\u00f3 en mi conciencia que impidi\u00f3 este deseo. Escribo esta biografia por tres motivos esenciales. Uno es el intento de desentra\u00f1ar que fall\u00f3 en mi vida, para haberme desviado tanto de la buena senda. Otra, es vaciar esa pesada carga que cargo a mi espalda, llena de culpas, que ya no me permiten caminar. Y la \u00faltima y m\u00e1s sangrante en mi coraz\u00f3n, es pedir PERD\u00d3N, por el da\u00f1o causado a personas ajenas a m\u00ed, a mis familiares y esencialmente a mis creadores. Ojal\u00e1 pudiese volver a vivir otra vida con vosotros y compartir el cari\u00f1o familiar que nos falt\u00f3. \u00bfSi hubiese tenido ese afecto, hubiese cambiado mi actitud? Ya nunca lo sabr\u00e9. Os extra\u00f1o mucho.\" \/>\n<meta property=\"og:url\" content=\"https:\/\/letrame.com\/catalogo\/producto\/una-existencia-extraordinaria\/\" \/>\n<meta property=\"og:site_name\" content=\"Catalogo | Letrame Grupo Editorial\" \/>\n<meta property=\"article:modified_time\" content=\"2026-03-03T15:05:43+00:00\" \/>\n<meta property=\"og:image\" content=\"https:\/\/letrame.com\/catalogo\/wp-content\/uploads\/2026\/03\/portadacatalogo-17-scaled.jpg\" \/>\n\t<meta property=\"og:image:width\" content=\"1745\" \/>\n\t<meta property=\"og:image:height\" content=\"2560\" \/>\n\t<meta property=\"og:image:type\" content=\"image\/jpeg\" \/>\n<meta name=\"twitter:card\" content=\"summary_large_image\" \/>\n<meta name=\"twitter:label1\" content=\"Tiempo de lectura\" \/>\n\t<meta name=\"twitter:data1\" content=\"1 minuto\" \/>\n<script type=\"application\/ld+json\" class=\"yoast-schema-graph\">{\"@context\":\"https:\/\/schema.org\",\"@graph\":[{\"@type\":\"WebPage\",\"@id\":\"https:\/\/letrame.com\/catalogo\/producto\/una-existencia-extraordinaria\/\",\"url\":\"https:\/\/letrame.com\/catalogo\/producto\/una-existencia-extraordinaria\/\",\"name\":\"Una existencia extraordinaria - Catalogo | Letrame Grupo Editorial\",\"isPartOf\":{\"@id\":\"https:\/\/letrame.com\/catalogo\/#website\"},\"primaryImageOfPage\":{\"@id\":\"https:\/\/letrame.com\/catalogo\/producto\/una-existencia-extraordinaria\/#primaryimage\"},\"image\":{\"@id\":\"https:\/\/letrame.com\/catalogo\/producto\/una-existencia-extraordinaria\/#primaryimage\"},\"thumbnailUrl\":\"https:\/\/letrame.com\/catalogo\/wp-content\/uploads\/2026\/03\/portadacatalogo-17-scaled.jpg\",\"datePublished\":\"2026-03-03T15:05:41+00:00\",\"dateModified\":\"2026-03-03T15:05:43+00:00\",\"breadcrumb\":{\"@id\":\"https:\/\/letrame.com\/catalogo\/producto\/una-existencia-extraordinaria\/#breadcrumb\"},\"inLanguage\":\"es\",\"potentialAction\":[{\"@type\":\"ReadAction\",\"target\":[\"https:\/\/letrame.com\/catalogo\/producto\/una-existencia-extraordinaria\/\"]}]},{\"@type\":\"ImageObject\",\"inLanguage\":\"es\",\"@id\":\"https:\/\/letrame.com\/catalogo\/producto\/una-existencia-extraordinaria\/#primaryimage\",\"url\":\"https:\/\/letrame.com\/catalogo\/wp-content\/uploads\/2026\/03\/portadacatalogo-17-scaled.jpg\",\"contentUrl\":\"https:\/\/letrame.com\/catalogo\/wp-content\/uploads\/2026\/03\/portadacatalogo-17-scaled.jpg\",\"width\":1745,\"height\":2560},{\"@type\":\"BreadcrumbList\",\"@id\":\"https:\/\/letrame.com\/catalogo\/producto\/una-existencia-extraordinaria\/#breadcrumb\",\"itemListElement\":[{\"@type\":\"ListItem\",\"position\":1,\"name\":\"Portada\",\"item\":\"https:\/\/letrame.com\/catalogo\/\"},{\"@type\":\"ListItem\",\"position\":2,\"name\":\"Cat\u00e1logo\",\"item\":\"https:\/\/letrame.com\/catalogo\/\"},{\"@type\":\"ListItem\",\"position\":3,\"name\":\"Una existencia extraordinaria\"}]},{\"@type\":\"WebSite\",\"@id\":\"https:\/\/letrame.com\/catalogo\/#website\",\"url\":\"https:\/\/letrame.com\/catalogo\/\",\"name\":\"Catalogo | Letrame Grupo Editorial\",\"description\":\"\",\"publisher\":{\"@id\":\"https:\/\/letrame.com\/catalogo\/#organization\"},\"potentialAction\":[{\"@type\":\"SearchAction\",\"target\":{\"@type\":\"EntryPoint\",\"urlTemplate\":\"https:\/\/letrame.com\/catalogo\/?s={search_term_string}\"},\"query-input\":{\"@type\":\"PropertyValueSpecification\",\"valueRequired\":true,\"valueName\":\"search_term_string\"}}],\"inLanguage\":\"es\"},{\"@type\":\"Organization\",\"@id\":\"https:\/\/letrame.com\/catalogo\/#organization\",\"name\":\"Catalogo | Letrame Grupo Editorial\",\"url\":\"https:\/\/letrame.com\/catalogo\/\",\"logo\":{\"@type\":\"ImageObject\",\"inLanguage\":\"es\",\"@id\":\"https:\/\/letrame.com\/catalogo\/#\/schema\/logo\/image\/\",\"url\":\"https:\/\/letrame.com\/catalogo\/wp-content\/uploads\/2024\/03\/logo2.webp\",\"contentUrl\":\"https:\/\/letrame.com\/catalogo\/wp-content\/uploads\/2024\/03\/logo2.webp\",\"width\":394,\"height\":128,\"caption\":\"Catalogo | Letrame Grupo Editorial\"},\"image\":{\"@id\":\"https:\/\/letrame.com\/catalogo\/#\/schema\/logo\/image\/\"}}]}<\/script>\n<!-- \/ Yoast SEO plugin. -->","yoast_head_json":{"title":"Una existencia extraordinaria - Catalogo | Letrame Grupo Editorial","robots":{"index":"index","follow":"follow","max-snippet":"max-snippet:-1","max-image-preview":"max-image-preview:large","max-video-preview":"max-video-preview:-1"},"canonical":"https:\/\/letrame.com\/catalogo\/producto\/una-existencia-extraordinaria\/","og_locale":"es_ES","og_type":"article","og_title":"Una existencia extraordinaria - Catalogo | Letrame Grupo Editorial","og_description":"ISBN: 9791370291662 SINOPSIS Si el arrepentimiento, concede el perd\u00f3n, deber\u00eda estar perdona-do. Pudimos haber sido una familia honrada, ejemplar y unida, pero algo se torci\u00f3 en mi conciencia que impidi\u00f3 este deseo. Escribo esta biografia por tres motivos esenciales. Uno es el intento de desentra\u00f1ar que fall\u00f3 en mi vida, para haberme desviado tanto de la buena senda. Otra, es vaciar esa pesada carga que cargo a mi espalda, llena de culpas, que ya no me permiten caminar. Y la \u00faltima y m\u00e1s sangrante en mi coraz\u00f3n, es pedir PERD\u00d3N, por el da\u00f1o causado a personas ajenas a m\u00ed, a mis familiares y esencialmente a mis creadores. Ojal\u00e1 pudiese volver a vivir otra vida con vosotros y compartir el cari\u00f1o familiar que nos falt\u00f3. \u00bfSi hubiese tenido ese afecto, hubiese cambiado mi actitud? Ya nunca lo sabr\u00e9. Os extra\u00f1o mucho.","og_url":"https:\/\/letrame.com\/catalogo\/producto\/una-existencia-extraordinaria\/","og_site_name":"Catalogo | Letrame Grupo Editorial","article_modified_time":"2026-03-03T15:05:43+00:00","og_image":[{"width":1745,"height":2560,"url":"https:\/\/letrame.com\/catalogo\/wp-content\/uploads\/2026\/03\/portadacatalogo-17-scaled.jpg","type":"image\/jpeg"}],"twitter_card":"summary_large_image","twitter_misc":{"Tiempo de lectura":"1 minuto"},"schema":{"@context":"https:\/\/schema.org","@graph":[{"@type":"WebPage","@id":"https:\/\/letrame.com\/catalogo\/producto\/una-existencia-extraordinaria\/","url":"https:\/\/letrame.com\/catalogo\/producto\/una-existencia-extraordinaria\/","name":"Una existencia extraordinaria - Catalogo | Letrame Grupo Editorial","isPartOf":{"@id":"https:\/\/letrame.com\/catalogo\/#website"},"primaryImageOfPage":{"@id":"https:\/\/letrame.com\/catalogo\/producto\/una-existencia-extraordinaria\/#primaryimage"},"image":{"@id":"https:\/\/letrame.com\/catalogo\/producto\/una-existencia-extraordinaria\/#primaryimage"},"thumbnailUrl":"https:\/\/letrame.com\/catalogo\/wp-content\/uploads\/2026\/03\/portadacatalogo-17-scaled.jpg","datePublished":"2026-03-03T15:05:41+00:00","dateModified":"2026-03-03T15:05:43+00:00","breadcrumb":{"@id":"https:\/\/letrame.com\/catalogo\/producto\/una-existencia-extraordinaria\/#breadcrumb"},"inLanguage":"es","potentialAction":[{"@type":"ReadAction","target":["https:\/\/letrame.com\/catalogo\/producto\/una-existencia-extraordinaria\/"]}]},{"@type":"ImageObject","inLanguage":"es","@id":"https:\/\/letrame.com\/catalogo\/producto\/una-existencia-extraordinaria\/#primaryimage","url":"https:\/\/letrame.com\/catalogo\/wp-content\/uploads\/2026\/03\/portadacatalogo-17-scaled.jpg","contentUrl":"https:\/\/letrame.com\/catalogo\/wp-content\/uploads\/2026\/03\/portadacatalogo-17-scaled.jpg","width":1745,"height":2560},{"@type":"BreadcrumbList","@id":"https:\/\/letrame.com\/catalogo\/producto\/una-existencia-extraordinaria\/#breadcrumb","itemListElement":[{"@type":"ListItem","position":1,"name":"Portada","item":"https:\/\/letrame.com\/catalogo\/"},{"@type":"ListItem","position":2,"name":"Cat\u00e1logo","item":"https:\/\/letrame.com\/catalogo\/"},{"@type":"ListItem","position":3,"name":"Una existencia extraordinaria"}]},{"@type":"WebSite","@id":"https:\/\/letrame.com\/catalogo\/#website","url":"https:\/\/letrame.com\/catalogo\/","name":"Catalogo | Letrame Grupo Editorial","description":"","publisher":{"@id":"https:\/\/letrame.com\/catalogo\/#organization"},"potentialAction":[{"@type":"SearchAction","target":{"@type":"EntryPoint","urlTemplate":"https:\/\/letrame.com\/catalogo\/?s={search_term_string}"},"query-input":{"@type":"PropertyValueSpecification","valueRequired":true,"valueName":"search_term_string"}}],"inLanguage":"es"},{"@type":"Organization","@id":"https:\/\/letrame.com\/catalogo\/#organization","name":"Catalogo | Letrame Grupo Editorial","url":"https:\/\/letrame.com\/catalogo\/","logo":{"@type":"ImageObject","inLanguage":"es","@id":"https:\/\/letrame.com\/catalogo\/#\/schema\/logo\/image\/","url":"https:\/\/letrame.com\/catalogo\/wp-content\/uploads\/2024\/03\/logo2.webp","contentUrl":"https:\/\/letrame.com\/catalogo\/wp-content\/uploads\/2024\/03\/logo2.webp","width":394,"height":128,"caption":"Catalogo | Letrame Grupo Editorial"},"image":{"@id":"https:\/\/letrame.com\/catalogo\/#\/schema\/logo\/image\/"}}]}},"_links":{"self":[{"href":"https:\/\/letrame.com\/catalogo\/wp-json\/wp\/v2\/product\/111345","targetHints":{"allow":["GET"]}}],"collection":[{"href":"https:\/\/letrame.com\/catalogo\/wp-json\/wp\/v2\/product"}],"about":[{"href":"https:\/\/letrame.com\/catalogo\/wp-json\/wp\/v2\/types\/product"}],"replies":[{"embeddable":true,"href":"https:\/\/letrame.com\/catalogo\/wp-json\/wp\/v2\/comments?post=111345"}],"acf:post":[{"embeddable":true,"href":"https:\/\/letrame.com\/catalogo\/wp-json\/wp\/v2\/author_book\/111346"}],"wp:featuredmedia":[{"embeddable":true,"href":"https:\/\/letrame.com\/catalogo\/wp-json\/wp\/v2\/media\/111348"}],"wp:attachment":[{"href":"https:\/\/letrame.com\/catalogo\/wp-json\/wp\/v2\/media?parent=111345"}],"wp:term":[{"taxonomy":"libro","embeddable":true,"href":"https:\/\/letrame.com\/catalogo\/wp-json\/wp\/v2\/libro?post=111345"},{"taxonomy":"product_brand","embeddable":true,"href":"https:\/\/letrame.com\/catalogo\/wp-json\/wp\/v2\/product_brand?post=111345"},{"taxonomy":"product_cat","embeddable":true,"href":"https:\/\/letrame.com\/catalogo\/wp-json\/wp\/v2\/product_cat?post=111345"},{"taxonomy":"product_tag","embeddable":true,"href":"https:\/\/letrame.com\/catalogo\/wp-json\/wp\/v2\/product_tag?post=111345"}],"curies":[{"name":"wp","href":"https:\/\/api.w.org\/{rel}","templated":true}]}}