{"id":111334,"date":"2026-03-03T15:48:36","date_gmt":"2026-03-03T14:48:36","guid":{"rendered":"https:\/\/letrame.com\/catalogo\/?post_type=product&#038;p=111334"},"modified":"2026-03-03T15:48:36","modified_gmt":"2026-03-03T14:48:36","slug":"cilurnigo-soldado-de-roma","status":"publish","type":"product","link":"https:\/\/letrame.com\/catalogo\/producto\/cilurnigo-soldado-de-roma\/","title":{"rendered":"Cilurnigo soldado de Roma"},"content":{"rendered":"<p class=\"p1\"><b>ISBN: 9791370293680<\/b><b><\/b><\/p>\n<p class=\"p1\"><b>T\u00edtulo: Cilurnigo soldado de Roma<\/b><br \/>\n<b>Fecha: 2025<\/b><br \/>\n<b>P\u00e1ginas: 512<\/b><b><\/b><\/p>\n<p class=\"p1\"><b>SINOPSIS<\/b><\/p>\n<p class=\"p1\">El Ala quingenaria II Asturum fue un ala de caballer\u00eda auxiliar del ejercito romano, formada por unos quinientos hombres reclutados en el siglo I d.c en tierras astures, hay constancia que entre ellos la tribu de los cil\u00farnigos pobladores de la pen\u00ednsula de Noega (Campa Torres, Gij\u00f3n) pertenecieron a ella, fueron destinados a las provincias romanas de Panonia y m\u00e1s tarde a Britania, donde uno de los campamentos situados en el muro de Adriano era conocido por el nombre de cilurnum, actual (Cherters). Al escribir este libro quiero dar homenaje, dandoles nuevamente vida a tantos pueblos castre\u00f1os diseminados por la geografia astur que desaparecieron sin dejar rastro, porque ellos tambi\u00e9n contribuyeron al engrandecimiento de Roma, muchos quedaron sobre el campo de batalla, pero otros lograron regresar.<\/p>\n<p class=\"p1\">Como una punta de flecha la pen\u00ednsula de la Campa Torres se incrusta en el bravo mar Cant\u00e1brico contra la cual estrella sus impetuosas olas, sobre ella se encuentra la planicie donde sus pobladores pertenecientes a la gens de los Cil\u00farnigos seg\u00fan cuenta el tribuno y escritor romano Plinio el Viejo construyeron el castro de Noega. Cuando se visita este privilegiado lugar hoy museo arqueol\u00f3gico y se deja atr\u00e1s la muralla que lo defend\u00eda, se es absorbido por un t\u00fanel del tiempo que te retrotrae a la oscura edad del hierro pasando por la m\u00edstica cultura celta y acabando en el perfeccionismo de Roma, si miramos al cielo podremos observar a las gaviotas que impulsadas por el viento que azota por los cuatro costados permanecen sustentadas en el aire como si no se hubieran movido en siglos y si el d\u00eda est\u00e1 despejado mirando al sur sobre el horizonte se dejaran ver iluminadas por los rayos del sol las majestuosas monta\u00f1as de la cordillera Cant\u00e1brica donde habita el dios Vindomius el Blanco.<\/p>\n","protected":false},"excerpt":{"rendered":"<p class=\"p1\"><b>ISBN: 9791370293680<\/b><b><\/b><\/p>\n<p class=\"p1\"><b>SINOPSIS<\/b><\/p>\n<p class=\"p1\">El Ala quingenaria II Asturum fue un ala de caballer\u00eda auxiliar del ejercito romano, formada por unos quinientos hombres reclutados en el siglo I d.c en tierras astures, hay constancia que entre ellos la tribu de los cil\u00farnigos pobladores de la pen\u00ednsula de Noega (Campa Torres, Gij\u00f3n) pertenecieron a ella, fueron destinados a las provincias romanas de Panonia y m\u00e1s tarde a Britania, donde uno de los campamentos situados en el muro de Adriano era conocido por el nombre de cilurnum, actual (Cherters). Al escribir este libro quiero dar homenaje, dandoles nuevamente vida a tantos pueblos castre\u00f1os diseminados por la geografia astur que desaparecieron sin dejar rastro, porque ellos tambi\u00e9n contribuyeron al engrandecimiento de Roma, muchos quedaron sobre el campo de batalla, pero otros lograron regresar.<\/p>\n<p class=\"p1\">Como una punta de flecha la pen\u00ednsula de la Campa Torres se incrusta en el bravo mar Cant\u00e1brico contra la cual estrella sus impetuosas olas, sobre ella se encuentra la planicie donde sus pobladores pertenecientes a la gens de los Cil\u00farnigos seg\u00fan cuenta el tribuno y escritor romano Plinio el Viejo construyeron el castro de Noega. Cuando se visita este privilegiado lugar hoy museo arqueol\u00f3gico y se deja atr\u00e1s la muralla que lo defend\u00eda, se es absorbido por un t\u00fanel del tiempo que te retrotrae a la oscura edad del hierro pasando por la m\u00edstica cultura celta y acabando en el perfeccionismo de Roma, si miramos al cielo podremos observar a las gaviotas que impulsadas por el viento que azota por los cuatro costados permanecen sustentadas en el aire como si no se hubieran movido en siglos y si el d\u00eda est\u00e1 despejado mirando al sur sobre el horizonte se dejaran ver iluminadas por los rayos del sol las majestuosas monta\u00f1as de la cordillera Cant\u00e1brica donde habita el dios Vindomius el Blanco.<\/p>\n","protected":false},"featured_media":111339,"comment_status":"open","ping_status":"closed","template":"","meta":{"_acf_changed":false},"libro":[],"product_brand":[],"product_cat":[141],"product_tag":[],"class_list":{"0":"post-111334","1":"product","2":"type-product","3":"status-publish","4":"has-post-thumbnail","6":"product_cat-ficcion","8":"first","9":"instock","10":"shipping-taxable","11":"product-type-simple"},"acf":{"autor":[111335],"enlace_de_compra":"https:\/\/amzn.to\/4b2Vc6u"},"yoast_head":"<!-- This site is optimized with the Yoast SEO plugin v26.6 - https:\/\/yoast.com\/wordpress\/plugins\/seo\/ -->\n<title>Cilurnigo soldado de Roma - Catalogo | Letrame Grupo Editorial<\/title>\n<meta name=\"robots\" content=\"index, follow, max-snippet:-1, max-image-preview:large, max-video-preview:-1\" \/>\n<link rel=\"canonical\" href=\"https:\/\/letrame.com\/catalogo\/producto\/cilurnigo-soldado-de-roma\/\" \/>\n<meta property=\"og:locale\" content=\"es_ES\" \/>\n<meta property=\"og:type\" content=\"article\" \/>\n<meta property=\"og:title\" content=\"Cilurnigo soldado de Roma - Catalogo | Letrame Grupo Editorial\" \/>\n<meta property=\"og:description\" content=\"ISBN: 9791370293680 SINOPSIS El Ala quingenaria II Asturum fue un ala de caballer\u00eda auxiliar del ejercito romano, formada por unos quinientos hombres reclutados en el siglo I d.c en tierras astures, hay constancia que entre ellos la tribu de los cil\u00farnigos pobladores de la pen\u00ednsula de Noega (Campa Torres, Gij\u00f3n) pertenecieron a ella, fueron destinados a las provincias romanas de Panonia y m\u00e1s tarde a Britania, donde uno de los campamentos situados en el muro de Adriano era conocido por el nombre de cilurnum, actual (Cherters). Al escribir este libro quiero dar homenaje, dandoles nuevamente vida a tantos pueblos castre\u00f1os diseminados por la geografia astur que desaparecieron sin dejar rastro, porque ellos tambi\u00e9n contribuyeron al engrandecimiento de Roma, muchos quedaron sobre el campo de batalla, pero otros lograron regresar. Como una punta de flecha la pen\u00ednsula de la Campa Torres se incrusta en el bravo mar Cant\u00e1brico contra la cual estrella sus impetuosas olas, sobre ella se encuentra la planicie donde sus pobladores pertenecientes a la gens de los Cil\u00farnigos seg\u00fan cuenta el tribuno y escritor romano Plinio el Viejo construyeron el castro de Noega. Cuando se visita este privilegiado lugar hoy museo arqueol\u00f3gico y se deja atr\u00e1s la muralla que lo defend\u00eda, se es absorbido por un t\u00fanel del tiempo que te retrotrae a la oscura edad del hierro pasando por la m\u00edstica cultura celta y acabando en el perfeccionismo de Roma, si miramos al cielo podremos observar a las gaviotas que impulsadas por el viento que azota por los cuatro costados permanecen sustentadas en el aire como si no se hubieran movido en siglos y si el d\u00eda est\u00e1 despejado mirando al sur sobre el horizonte se dejaran ver iluminadas por los rayos del sol las majestuosas monta\u00f1as de la cordillera Cant\u00e1brica donde habita el dios Vindomius el Blanco.\" \/>\n<meta property=\"og:url\" content=\"https:\/\/letrame.com\/catalogo\/producto\/cilurnigo-soldado-de-roma\/\" \/>\n<meta property=\"og:site_name\" content=\"Catalogo | Letrame Grupo Editorial\" \/>\n<meta property=\"og:image\" content=\"https:\/\/letrame.com\/catalogo\/wp-content\/uploads\/2026\/03\/portadacatalogo-15-scaled.jpg\" \/>\n\t<meta property=\"og:image:width\" content=\"1828\" \/>\n\t<meta property=\"og:image:height\" content=\"2560\" \/>\n\t<meta property=\"og:image:type\" content=\"image\/jpeg\" \/>\n<meta name=\"twitter:card\" content=\"summary_large_image\" \/>\n<meta name=\"twitter:label1\" content=\"Tiempo de lectura\" \/>\n\t<meta name=\"twitter:data1\" content=\"2 minutos\" \/>\n<script type=\"application\/ld+json\" class=\"yoast-schema-graph\">{\"@context\":\"https:\/\/schema.org\",\"@graph\":[{\"@type\":\"WebPage\",\"@id\":\"https:\/\/letrame.com\/catalogo\/producto\/cilurnigo-soldado-de-roma\/\",\"url\":\"https:\/\/letrame.com\/catalogo\/producto\/cilurnigo-soldado-de-roma\/\",\"name\":\"Cilurnigo soldado de Roma - Catalogo | Letrame Grupo Editorial\",\"isPartOf\":{\"@id\":\"https:\/\/letrame.com\/catalogo\/#website\"},\"primaryImageOfPage\":{\"@id\":\"https:\/\/letrame.com\/catalogo\/producto\/cilurnigo-soldado-de-roma\/#primaryimage\"},\"image\":{\"@id\":\"https:\/\/letrame.com\/catalogo\/producto\/cilurnigo-soldado-de-roma\/#primaryimage\"},\"thumbnailUrl\":\"https:\/\/letrame.com\/catalogo\/wp-content\/uploads\/2026\/03\/portadacatalogo-15-scaled.jpg\",\"datePublished\":\"2026-03-03T14:48:36+00:00\",\"breadcrumb\":{\"@id\":\"https:\/\/letrame.com\/catalogo\/producto\/cilurnigo-soldado-de-roma\/#breadcrumb\"},\"inLanguage\":\"es\",\"potentialAction\":[{\"@type\":\"ReadAction\",\"target\":[\"https:\/\/letrame.com\/catalogo\/producto\/cilurnigo-soldado-de-roma\/\"]}]},{\"@type\":\"ImageObject\",\"inLanguage\":\"es\",\"@id\":\"https:\/\/letrame.com\/catalogo\/producto\/cilurnigo-soldado-de-roma\/#primaryimage\",\"url\":\"https:\/\/letrame.com\/catalogo\/wp-content\/uploads\/2026\/03\/portadacatalogo-15-scaled.jpg\",\"contentUrl\":\"https:\/\/letrame.com\/catalogo\/wp-content\/uploads\/2026\/03\/portadacatalogo-15-scaled.jpg\",\"width\":1828,\"height\":2560},{\"@type\":\"BreadcrumbList\",\"@id\":\"https:\/\/letrame.com\/catalogo\/producto\/cilurnigo-soldado-de-roma\/#breadcrumb\",\"itemListElement\":[{\"@type\":\"ListItem\",\"position\":1,\"name\":\"Portada\",\"item\":\"https:\/\/letrame.com\/catalogo\/\"},{\"@type\":\"ListItem\",\"position\":2,\"name\":\"Cat\u00e1logo\",\"item\":\"https:\/\/letrame.com\/catalogo\/\"},{\"@type\":\"ListItem\",\"position\":3,\"name\":\"Cilurnigo soldado de Roma\"}]},{\"@type\":\"WebSite\",\"@id\":\"https:\/\/letrame.com\/catalogo\/#website\",\"url\":\"https:\/\/letrame.com\/catalogo\/\",\"name\":\"Catalogo | Letrame Grupo Editorial\",\"description\":\"\",\"publisher\":{\"@id\":\"https:\/\/letrame.com\/catalogo\/#organization\"},\"potentialAction\":[{\"@type\":\"SearchAction\",\"target\":{\"@type\":\"EntryPoint\",\"urlTemplate\":\"https:\/\/letrame.com\/catalogo\/?s={search_term_string}\"},\"query-input\":{\"@type\":\"PropertyValueSpecification\",\"valueRequired\":true,\"valueName\":\"search_term_string\"}}],\"inLanguage\":\"es\"},{\"@type\":\"Organization\",\"@id\":\"https:\/\/letrame.com\/catalogo\/#organization\",\"name\":\"Catalogo | Letrame Grupo Editorial\",\"url\":\"https:\/\/letrame.com\/catalogo\/\",\"logo\":{\"@type\":\"ImageObject\",\"inLanguage\":\"es\",\"@id\":\"https:\/\/letrame.com\/catalogo\/#\/schema\/logo\/image\/\",\"url\":\"https:\/\/letrame.com\/catalogo\/wp-content\/uploads\/2024\/03\/logo2.webp\",\"contentUrl\":\"https:\/\/letrame.com\/catalogo\/wp-content\/uploads\/2024\/03\/logo2.webp\",\"width\":394,\"height\":128,\"caption\":\"Catalogo | Letrame Grupo Editorial\"},\"image\":{\"@id\":\"https:\/\/letrame.com\/catalogo\/#\/schema\/logo\/image\/\"}}]}<\/script>\n<!-- \/ Yoast SEO plugin. -->","yoast_head_json":{"title":"Cilurnigo soldado de Roma - Catalogo | Letrame Grupo Editorial","robots":{"index":"index","follow":"follow","max-snippet":"max-snippet:-1","max-image-preview":"max-image-preview:large","max-video-preview":"max-video-preview:-1"},"canonical":"https:\/\/letrame.com\/catalogo\/producto\/cilurnigo-soldado-de-roma\/","og_locale":"es_ES","og_type":"article","og_title":"Cilurnigo soldado de Roma - Catalogo | Letrame Grupo Editorial","og_description":"ISBN: 9791370293680 SINOPSIS El Ala quingenaria II Asturum fue un ala de caballer\u00eda auxiliar del ejercito romano, formada por unos quinientos hombres reclutados en el siglo I d.c en tierras astures, hay constancia que entre ellos la tribu de los cil\u00farnigos pobladores de la pen\u00ednsula de Noega (Campa Torres, Gij\u00f3n) pertenecieron a ella, fueron destinados a las provincias romanas de Panonia y m\u00e1s tarde a Britania, donde uno de los campamentos situados en el muro de Adriano era conocido por el nombre de cilurnum, actual (Cherters). Al escribir este libro quiero dar homenaje, dandoles nuevamente vida a tantos pueblos castre\u00f1os diseminados por la geografia astur que desaparecieron sin dejar rastro, porque ellos tambi\u00e9n contribuyeron al engrandecimiento de Roma, muchos quedaron sobre el campo de batalla, pero otros lograron regresar. Como una punta de flecha la pen\u00ednsula de la Campa Torres se incrusta en el bravo mar Cant\u00e1brico contra la cual estrella sus impetuosas olas, sobre ella se encuentra la planicie donde sus pobladores pertenecientes a la gens de los Cil\u00farnigos seg\u00fan cuenta el tribuno y escritor romano Plinio el Viejo construyeron el castro de Noega. Cuando se visita este privilegiado lugar hoy museo arqueol\u00f3gico y se deja atr\u00e1s la muralla que lo defend\u00eda, se es absorbido por un t\u00fanel del tiempo que te retrotrae a la oscura edad del hierro pasando por la m\u00edstica cultura celta y acabando en el perfeccionismo de Roma, si miramos al cielo podremos observar a las gaviotas que impulsadas por el viento que azota por los cuatro costados permanecen sustentadas en el aire como si no se hubieran movido en siglos y si el d\u00eda est\u00e1 despejado mirando al sur sobre el horizonte se dejaran ver iluminadas por los rayos del sol las majestuosas monta\u00f1as de la cordillera Cant\u00e1brica donde habita el dios Vindomius el Blanco.","og_url":"https:\/\/letrame.com\/catalogo\/producto\/cilurnigo-soldado-de-roma\/","og_site_name":"Catalogo | Letrame Grupo Editorial","og_image":[{"width":1828,"height":2560,"url":"https:\/\/letrame.com\/catalogo\/wp-content\/uploads\/2026\/03\/portadacatalogo-15-scaled.jpg","type":"image\/jpeg"}],"twitter_card":"summary_large_image","twitter_misc":{"Tiempo de lectura":"2 minutos"},"schema":{"@context":"https:\/\/schema.org","@graph":[{"@type":"WebPage","@id":"https:\/\/letrame.com\/catalogo\/producto\/cilurnigo-soldado-de-roma\/","url":"https:\/\/letrame.com\/catalogo\/producto\/cilurnigo-soldado-de-roma\/","name":"Cilurnigo soldado de Roma - Catalogo | Letrame Grupo Editorial","isPartOf":{"@id":"https:\/\/letrame.com\/catalogo\/#website"},"primaryImageOfPage":{"@id":"https:\/\/letrame.com\/catalogo\/producto\/cilurnigo-soldado-de-roma\/#primaryimage"},"image":{"@id":"https:\/\/letrame.com\/catalogo\/producto\/cilurnigo-soldado-de-roma\/#primaryimage"},"thumbnailUrl":"https:\/\/letrame.com\/catalogo\/wp-content\/uploads\/2026\/03\/portadacatalogo-15-scaled.jpg","datePublished":"2026-03-03T14:48:36+00:00","breadcrumb":{"@id":"https:\/\/letrame.com\/catalogo\/producto\/cilurnigo-soldado-de-roma\/#breadcrumb"},"inLanguage":"es","potentialAction":[{"@type":"ReadAction","target":["https:\/\/letrame.com\/catalogo\/producto\/cilurnigo-soldado-de-roma\/"]}]},{"@type":"ImageObject","inLanguage":"es","@id":"https:\/\/letrame.com\/catalogo\/producto\/cilurnigo-soldado-de-roma\/#primaryimage","url":"https:\/\/letrame.com\/catalogo\/wp-content\/uploads\/2026\/03\/portadacatalogo-15-scaled.jpg","contentUrl":"https:\/\/letrame.com\/catalogo\/wp-content\/uploads\/2026\/03\/portadacatalogo-15-scaled.jpg","width":1828,"height":2560},{"@type":"BreadcrumbList","@id":"https:\/\/letrame.com\/catalogo\/producto\/cilurnigo-soldado-de-roma\/#breadcrumb","itemListElement":[{"@type":"ListItem","position":1,"name":"Portada","item":"https:\/\/letrame.com\/catalogo\/"},{"@type":"ListItem","position":2,"name":"Cat\u00e1logo","item":"https:\/\/letrame.com\/catalogo\/"},{"@type":"ListItem","position":3,"name":"Cilurnigo soldado de Roma"}]},{"@type":"WebSite","@id":"https:\/\/letrame.com\/catalogo\/#website","url":"https:\/\/letrame.com\/catalogo\/","name":"Catalogo | Letrame Grupo Editorial","description":"","publisher":{"@id":"https:\/\/letrame.com\/catalogo\/#organization"},"potentialAction":[{"@type":"SearchAction","target":{"@type":"EntryPoint","urlTemplate":"https:\/\/letrame.com\/catalogo\/?s={search_term_string}"},"query-input":{"@type":"PropertyValueSpecification","valueRequired":true,"valueName":"search_term_string"}}],"inLanguage":"es"},{"@type":"Organization","@id":"https:\/\/letrame.com\/catalogo\/#organization","name":"Catalogo | Letrame Grupo Editorial","url":"https:\/\/letrame.com\/catalogo\/","logo":{"@type":"ImageObject","inLanguage":"es","@id":"https:\/\/letrame.com\/catalogo\/#\/schema\/logo\/image\/","url":"https:\/\/letrame.com\/catalogo\/wp-content\/uploads\/2024\/03\/logo2.webp","contentUrl":"https:\/\/letrame.com\/catalogo\/wp-content\/uploads\/2024\/03\/logo2.webp","width":394,"height":128,"caption":"Catalogo | Letrame Grupo Editorial"},"image":{"@id":"https:\/\/letrame.com\/catalogo\/#\/schema\/logo\/image\/"}}]}},"_links":{"self":[{"href":"https:\/\/letrame.com\/catalogo\/wp-json\/wp\/v2\/product\/111334","targetHints":{"allow":["GET"]}}],"collection":[{"href":"https:\/\/letrame.com\/catalogo\/wp-json\/wp\/v2\/product"}],"about":[{"href":"https:\/\/letrame.com\/catalogo\/wp-json\/wp\/v2\/types\/product"}],"replies":[{"embeddable":true,"href":"https:\/\/letrame.com\/catalogo\/wp-json\/wp\/v2\/comments?post=111334"}],"acf:post":[{"embeddable":true,"href":"https:\/\/letrame.com\/catalogo\/wp-json\/wp\/v2\/author_book\/111335"}],"wp:featuredmedia":[{"embeddable":true,"href":"https:\/\/letrame.com\/catalogo\/wp-json\/wp\/v2\/media\/111339"}],"wp:attachment":[{"href":"https:\/\/letrame.com\/catalogo\/wp-json\/wp\/v2\/media?parent=111334"}],"wp:term":[{"taxonomy":"libro","embeddable":true,"href":"https:\/\/letrame.com\/catalogo\/wp-json\/wp\/v2\/libro?post=111334"},{"taxonomy":"product_brand","embeddable":true,"href":"https:\/\/letrame.com\/catalogo\/wp-json\/wp\/v2\/product_brand?post=111334"},{"taxonomy":"product_cat","embeddable":true,"href":"https:\/\/letrame.com\/catalogo\/wp-json\/wp\/v2\/product_cat?post=111334"},{"taxonomy":"product_tag","embeddable":true,"href":"https:\/\/letrame.com\/catalogo\/wp-json\/wp\/v2\/product_tag?post=111334"}],"curies":[{"name":"wp","href":"https:\/\/api.w.org\/{rel}","templated":true}]}}