{"id":111310,"date":"2026-03-03T15:02:54","date_gmt":"2026-03-03T14:02:54","guid":{"rendered":"https:\/\/letrame.com\/catalogo\/?post_type=product&#038;p=111310"},"modified":"2026-03-03T15:02:55","modified_gmt":"2026-03-03T14:02:55","slug":"las-profundidades-del-denar","status":"publish","type":"product","link":"https:\/\/letrame.com\/catalogo\/producto\/las-profundidades-del-denar\/","title":{"rendered":"Las profundidades del Denar"},"content":{"rendered":"<p class=\"p1\"><b>ISBN: 9791370295073<\/b><b><\/b><\/p>\n<p class=\"p1\"><b>T\u00edtulo: Las profundidades del Denar<\/b><br \/>\n<b>Fecha: 2025<\/b><br \/>\n<b>P\u00e1ginas: 208<\/b><b><\/b><\/p>\n<p class=\"p1\"><b>SINOPSIS<\/b><\/p>\n<p class=\"p1\">El guardia civil \u00c1ngel Murillo ha desaparecido. Sin avisar, sin despedirse y, lo peor, sin justificar el servicio. Su compa\u00f1ero Veiga, que pensaba tener un d\u00eda tranquilo de caf\u00e9s y controles rutinarios, se ve de pronto investigando un caso que huele raro&#8230; y no precisamente a gasolina barata.<\/p>\n<p class=\"p1\">En su b\u00fasqueda, ir\u00e1 acumulando m\u00e1s preguntas que res-puestas, y personajes tan raros que merecer\u00edan un museo propio: un ermita\u00f1o obsesionado con se\u00f1ales extraterrestres, una camarera que lo sabe todo (y si no, lo improvisa), una rubia de peluca que aparece y desaparece como agente doble y un coche lleno de supuestos senderistas sospechosamente rusos.<\/p>\n<p class=\"p1\">A cada paso, Veiga se adentra m\u00e1s en el misterioso valle del Denar, donde las carreteras son estrechas, las monta\u00f1as enormes y el sentido com\u00fan&#8230; opcional. Entre teor\u00edas delirantes, humor de patrulla y una investigaci\u00f3n que se le va de las manos, descubrir\u00e1 que encontrar a Murillo quiza no sea lo m\u00e1s dif\u00edcil, sino sobrevivir a todo lo que se cruza por el camino.<\/p>\n<p class=\"p1\">Un thriller rural con alma gamberra, personajes inolvidables y una sospecha constante: hay secretos que no quieren ser encontrados.<\/p>\n","protected":false},"excerpt":{"rendered":"<p class=\"p1\"><b>ISBN: 9791370295073<\/b><b><\/b><\/p>\n<p class=\"p1\"><b>SINOPSIS<\/b><\/p>\n<p class=\"p1\">El guardia civil \u00c1ngel Murillo ha desaparecido. Sin avisar, sin despedirse y, lo peor, sin justificar el servicio. Su compa\u00f1ero Veiga, que pensaba tener un d\u00eda tranquilo de caf\u00e9s y controles rutinarios, se ve de pronto investigando un caso que huele raro&#8230; y no precisamente a gasolina barata.<\/p>\n<p class=\"p1\">En su b\u00fasqueda, ir\u00e1 acumulando m\u00e1s preguntas que res-puestas, y personajes tan raros que merecer\u00edan un museo propio: un ermita\u00f1o obsesionado con se\u00f1ales extraterrestres, una camarera que lo sabe todo (y si no, lo improvisa), una rubia de peluca que aparece y desaparece como agente doble y un coche lleno de supuestos senderistas sospechosamente rusos.<\/p>\n<p class=\"p1\">A cada paso, Veiga se adentra m\u00e1s en el misterioso valle del Denar, donde las carreteras son estrechas, las monta\u00f1as enormes y el sentido com\u00fan&#8230; opcional. Entre teor\u00edas delirantes, humor de patrulla y una investigaci\u00f3n que se le va de las manos, descubrir\u00e1 que encontrar a Murillo quiza no sea lo m\u00e1s dif\u00edcil, sino sobrevivir a todo lo que se cruza por el camino.<\/p>\n<p class=\"p1\">Un thriller rural con alma gamberra, personajes inolvidables y una sospecha constante: hay secretos que no quieren ser encontrados.<\/p>\n","protected":false},"featured_media":111314,"comment_status":"open","ping_status":"closed","template":"","meta":{"_acf_changed":false},"libro":[],"product_brand":[],"product_cat":[146],"product_tag":[],"class_list":{"0":"post-111310","1":"product","2":"type-product","3":"status-publish","4":"has-post-thumbnail","6":"product_cat-policiaca","8":"first","9":"instock","10":"shipping-taxable","11":"product-type-simple"},"acf":{"autor":[111311],"enlace_de_compra":"https:\/\/amzn.to\/4u09cXj"},"yoast_head":"<!-- This site is optimized with the Yoast SEO plugin v26.6 - https:\/\/yoast.com\/wordpress\/plugins\/seo\/ -->\n<title>Las profundidades del Denar - Catalogo | Letrame Grupo Editorial<\/title>\n<meta name=\"robots\" content=\"index, follow, max-snippet:-1, max-image-preview:large, max-video-preview:-1\" \/>\n<link rel=\"canonical\" href=\"https:\/\/letrame.com\/catalogo\/producto\/las-profundidades-del-denar\/\" \/>\n<meta property=\"og:locale\" content=\"es_ES\" \/>\n<meta property=\"og:type\" content=\"article\" \/>\n<meta property=\"og:title\" content=\"Las profundidades del Denar - Catalogo | Letrame Grupo Editorial\" \/>\n<meta property=\"og:description\" content=\"ISBN: 9791370295073 SINOPSIS El guardia civil \u00c1ngel Murillo ha desaparecido. Sin avisar, sin despedirse y, lo peor, sin justificar el servicio. Su compa\u00f1ero Veiga, que pensaba tener un d\u00eda tranquilo de caf\u00e9s y controles rutinarios, se ve de pronto investigando un caso que huele raro... y no precisamente a gasolina barata. En su b\u00fasqueda, ir\u00e1 acumulando m\u00e1s preguntas que res-puestas, y personajes tan raros que merecer\u00edan un museo propio: un ermita\u00f1o obsesionado con se\u00f1ales extraterrestres, una camarera que lo sabe todo (y si no, lo improvisa), una rubia de peluca que aparece y desaparece como agente doble y un coche lleno de supuestos senderistas sospechosamente rusos. A cada paso, Veiga se adentra m\u00e1s en el misterioso valle del Denar, donde las carreteras son estrechas, las monta\u00f1as enormes y el sentido com\u00fan... opcional. Entre teor\u00edas delirantes, humor de patrulla y una investigaci\u00f3n que se le va de las manos, descubrir\u00e1 que encontrar a Murillo quiza no sea lo m\u00e1s dif\u00edcil, sino sobrevivir a todo lo que se cruza por el camino. Un thriller rural con alma gamberra, personajes inolvidables y una sospecha constante: hay secretos que no quieren ser encontrados.\" \/>\n<meta property=\"og:url\" content=\"https:\/\/letrame.com\/catalogo\/producto\/las-profundidades-del-denar\/\" \/>\n<meta property=\"og:site_name\" content=\"Catalogo | Letrame Grupo Editorial\" \/>\n<meta property=\"article:modified_time\" content=\"2026-03-03T14:02:55+00:00\" \/>\n<meta property=\"og:image\" content=\"https:\/\/letrame.com\/catalogo\/wp-content\/uploads\/2026\/03\/portadacatalogo-10-scaled.jpg\" \/>\n\t<meta property=\"og:image:width\" content=\"1745\" \/>\n\t<meta property=\"og:image:height\" content=\"2560\" \/>\n\t<meta property=\"og:image:type\" content=\"image\/jpeg\" \/>\n<meta name=\"twitter:card\" content=\"summary_large_image\" \/>\n<meta name=\"twitter:label1\" content=\"Tiempo de lectura\" \/>\n\t<meta name=\"twitter:data1\" content=\"2 minutos\" \/>\n<script type=\"application\/ld+json\" class=\"yoast-schema-graph\">{\"@context\":\"https:\/\/schema.org\",\"@graph\":[{\"@type\":\"WebPage\",\"@id\":\"https:\/\/letrame.com\/catalogo\/producto\/las-profundidades-del-denar\/\",\"url\":\"https:\/\/letrame.com\/catalogo\/producto\/las-profundidades-del-denar\/\",\"name\":\"Las profundidades del Denar - Catalogo | Letrame Grupo Editorial\",\"isPartOf\":{\"@id\":\"https:\/\/letrame.com\/catalogo\/#website\"},\"primaryImageOfPage\":{\"@id\":\"https:\/\/letrame.com\/catalogo\/producto\/las-profundidades-del-denar\/#primaryimage\"},\"image\":{\"@id\":\"https:\/\/letrame.com\/catalogo\/producto\/las-profundidades-del-denar\/#primaryimage\"},\"thumbnailUrl\":\"https:\/\/letrame.com\/catalogo\/wp-content\/uploads\/2026\/03\/portadacatalogo-10-scaled.jpg\",\"datePublished\":\"2026-03-03T14:02:54+00:00\",\"dateModified\":\"2026-03-03T14:02:55+00:00\",\"breadcrumb\":{\"@id\":\"https:\/\/letrame.com\/catalogo\/producto\/las-profundidades-del-denar\/#breadcrumb\"},\"inLanguage\":\"es\",\"potentialAction\":[{\"@type\":\"ReadAction\",\"target\":[\"https:\/\/letrame.com\/catalogo\/producto\/las-profundidades-del-denar\/\"]}]},{\"@type\":\"ImageObject\",\"inLanguage\":\"es\",\"@id\":\"https:\/\/letrame.com\/catalogo\/producto\/las-profundidades-del-denar\/#primaryimage\",\"url\":\"https:\/\/letrame.com\/catalogo\/wp-content\/uploads\/2026\/03\/portadacatalogo-10-scaled.jpg\",\"contentUrl\":\"https:\/\/letrame.com\/catalogo\/wp-content\/uploads\/2026\/03\/portadacatalogo-10-scaled.jpg\",\"width\":1745,\"height\":2560},{\"@type\":\"BreadcrumbList\",\"@id\":\"https:\/\/letrame.com\/catalogo\/producto\/las-profundidades-del-denar\/#breadcrumb\",\"itemListElement\":[{\"@type\":\"ListItem\",\"position\":1,\"name\":\"Portada\",\"item\":\"https:\/\/letrame.com\/catalogo\/\"},{\"@type\":\"ListItem\",\"position\":2,\"name\":\"Cat\u00e1logo\",\"item\":\"https:\/\/letrame.com\/catalogo\/\"},{\"@type\":\"ListItem\",\"position\":3,\"name\":\"Las profundidades del Denar\"}]},{\"@type\":\"WebSite\",\"@id\":\"https:\/\/letrame.com\/catalogo\/#website\",\"url\":\"https:\/\/letrame.com\/catalogo\/\",\"name\":\"Catalogo | Letrame Grupo Editorial\",\"description\":\"\",\"publisher\":{\"@id\":\"https:\/\/letrame.com\/catalogo\/#organization\"},\"potentialAction\":[{\"@type\":\"SearchAction\",\"target\":{\"@type\":\"EntryPoint\",\"urlTemplate\":\"https:\/\/letrame.com\/catalogo\/?s={search_term_string}\"},\"query-input\":{\"@type\":\"PropertyValueSpecification\",\"valueRequired\":true,\"valueName\":\"search_term_string\"}}],\"inLanguage\":\"es\"},{\"@type\":\"Organization\",\"@id\":\"https:\/\/letrame.com\/catalogo\/#organization\",\"name\":\"Catalogo | Letrame Grupo Editorial\",\"url\":\"https:\/\/letrame.com\/catalogo\/\",\"logo\":{\"@type\":\"ImageObject\",\"inLanguage\":\"es\",\"@id\":\"https:\/\/letrame.com\/catalogo\/#\/schema\/logo\/image\/\",\"url\":\"https:\/\/letrame.com\/catalogo\/wp-content\/uploads\/2024\/03\/logo2.webp\",\"contentUrl\":\"https:\/\/letrame.com\/catalogo\/wp-content\/uploads\/2024\/03\/logo2.webp\",\"width\":394,\"height\":128,\"caption\":\"Catalogo | Letrame Grupo Editorial\"},\"image\":{\"@id\":\"https:\/\/letrame.com\/catalogo\/#\/schema\/logo\/image\/\"}}]}<\/script>\n<!-- \/ Yoast SEO plugin. -->","yoast_head_json":{"title":"Las profundidades del Denar - Catalogo | Letrame Grupo Editorial","robots":{"index":"index","follow":"follow","max-snippet":"max-snippet:-1","max-image-preview":"max-image-preview:large","max-video-preview":"max-video-preview:-1"},"canonical":"https:\/\/letrame.com\/catalogo\/producto\/las-profundidades-del-denar\/","og_locale":"es_ES","og_type":"article","og_title":"Las profundidades del Denar - Catalogo | Letrame Grupo Editorial","og_description":"ISBN: 9791370295073 SINOPSIS El guardia civil \u00c1ngel Murillo ha desaparecido. Sin avisar, sin despedirse y, lo peor, sin justificar el servicio. Su compa\u00f1ero Veiga, que pensaba tener un d\u00eda tranquilo de caf\u00e9s y controles rutinarios, se ve de pronto investigando un caso que huele raro... y no precisamente a gasolina barata. En su b\u00fasqueda, ir\u00e1 acumulando m\u00e1s preguntas que res-puestas, y personajes tan raros que merecer\u00edan un museo propio: un ermita\u00f1o obsesionado con se\u00f1ales extraterrestres, una camarera que lo sabe todo (y si no, lo improvisa), una rubia de peluca que aparece y desaparece como agente doble y un coche lleno de supuestos senderistas sospechosamente rusos. A cada paso, Veiga se adentra m\u00e1s en el misterioso valle del Denar, donde las carreteras son estrechas, las monta\u00f1as enormes y el sentido com\u00fan... opcional. Entre teor\u00edas delirantes, humor de patrulla y una investigaci\u00f3n que se le va de las manos, descubrir\u00e1 que encontrar a Murillo quiza no sea lo m\u00e1s dif\u00edcil, sino sobrevivir a todo lo que se cruza por el camino. Un thriller rural con alma gamberra, personajes inolvidables y una sospecha constante: hay secretos que no quieren ser encontrados.","og_url":"https:\/\/letrame.com\/catalogo\/producto\/las-profundidades-del-denar\/","og_site_name":"Catalogo | Letrame Grupo Editorial","article_modified_time":"2026-03-03T14:02:55+00:00","og_image":[{"width":1745,"height":2560,"url":"https:\/\/letrame.com\/catalogo\/wp-content\/uploads\/2026\/03\/portadacatalogo-10-scaled.jpg","type":"image\/jpeg"}],"twitter_card":"summary_large_image","twitter_misc":{"Tiempo de lectura":"2 minutos"},"schema":{"@context":"https:\/\/schema.org","@graph":[{"@type":"WebPage","@id":"https:\/\/letrame.com\/catalogo\/producto\/las-profundidades-del-denar\/","url":"https:\/\/letrame.com\/catalogo\/producto\/las-profundidades-del-denar\/","name":"Las profundidades del Denar - Catalogo | Letrame Grupo Editorial","isPartOf":{"@id":"https:\/\/letrame.com\/catalogo\/#website"},"primaryImageOfPage":{"@id":"https:\/\/letrame.com\/catalogo\/producto\/las-profundidades-del-denar\/#primaryimage"},"image":{"@id":"https:\/\/letrame.com\/catalogo\/producto\/las-profundidades-del-denar\/#primaryimage"},"thumbnailUrl":"https:\/\/letrame.com\/catalogo\/wp-content\/uploads\/2026\/03\/portadacatalogo-10-scaled.jpg","datePublished":"2026-03-03T14:02:54+00:00","dateModified":"2026-03-03T14:02:55+00:00","breadcrumb":{"@id":"https:\/\/letrame.com\/catalogo\/producto\/las-profundidades-del-denar\/#breadcrumb"},"inLanguage":"es","potentialAction":[{"@type":"ReadAction","target":["https:\/\/letrame.com\/catalogo\/producto\/las-profundidades-del-denar\/"]}]},{"@type":"ImageObject","inLanguage":"es","@id":"https:\/\/letrame.com\/catalogo\/producto\/las-profundidades-del-denar\/#primaryimage","url":"https:\/\/letrame.com\/catalogo\/wp-content\/uploads\/2026\/03\/portadacatalogo-10-scaled.jpg","contentUrl":"https:\/\/letrame.com\/catalogo\/wp-content\/uploads\/2026\/03\/portadacatalogo-10-scaled.jpg","width":1745,"height":2560},{"@type":"BreadcrumbList","@id":"https:\/\/letrame.com\/catalogo\/producto\/las-profundidades-del-denar\/#breadcrumb","itemListElement":[{"@type":"ListItem","position":1,"name":"Portada","item":"https:\/\/letrame.com\/catalogo\/"},{"@type":"ListItem","position":2,"name":"Cat\u00e1logo","item":"https:\/\/letrame.com\/catalogo\/"},{"@type":"ListItem","position":3,"name":"Las profundidades del Denar"}]},{"@type":"WebSite","@id":"https:\/\/letrame.com\/catalogo\/#website","url":"https:\/\/letrame.com\/catalogo\/","name":"Catalogo | Letrame Grupo Editorial","description":"","publisher":{"@id":"https:\/\/letrame.com\/catalogo\/#organization"},"potentialAction":[{"@type":"SearchAction","target":{"@type":"EntryPoint","urlTemplate":"https:\/\/letrame.com\/catalogo\/?s={search_term_string}"},"query-input":{"@type":"PropertyValueSpecification","valueRequired":true,"valueName":"search_term_string"}}],"inLanguage":"es"},{"@type":"Organization","@id":"https:\/\/letrame.com\/catalogo\/#organization","name":"Catalogo | Letrame Grupo Editorial","url":"https:\/\/letrame.com\/catalogo\/","logo":{"@type":"ImageObject","inLanguage":"es","@id":"https:\/\/letrame.com\/catalogo\/#\/schema\/logo\/image\/","url":"https:\/\/letrame.com\/catalogo\/wp-content\/uploads\/2024\/03\/logo2.webp","contentUrl":"https:\/\/letrame.com\/catalogo\/wp-content\/uploads\/2024\/03\/logo2.webp","width":394,"height":128,"caption":"Catalogo | Letrame Grupo Editorial"},"image":{"@id":"https:\/\/letrame.com\/catalogo\/#\/schema\/logo\/image\/"}}]}},"_links":{"self":[{"href":"https:\/\/letrame.com\/catalogo\/wp-json\/wp\/v2\/product\/111310","targetHints":{"allow":["GET"]}}],"collection":[{"href":"https:\/\/letrame.com\/catalogo\/wp-json\/wp\/v2\/product"}],"about":[{"href":"https:\/\/letrame.com\/catalogo\/wp-json\/wp\/v2\/types\/product"}],"replies":[{"embeddable":true,"href":"https:\/\/letrame.com\/catalogo\/wp-json\/wp\/v2\/comments?post=111310"}],"acf:post":[{"embeddable":true,"href":"https:\/\/letrame.com\/catalogo\/wp-json\/wp\/v2\/author_book\/111311"}],"wp:featuredmedia":[{"embeddable":true,"href":"https:\/\/letrame.com\/catalogo\/wp-json\/wp\/v2\/media\/111314"}],"wp:attachment":[{"href":"https:\/\/letrame.com\/catalogo\/wp-json\/wp\/v2\/media?parent=111310"}],"wp:term":[{"taxonomy":"libro","embeddable":true,"href":"https:\/\/letrame.com\/catalogo\/wp-json\/wp\/v2\/libro?post=111310"},{"taxonomy":"product_brand","embeddable":true,"href":"https:\/\/letrame.com\/catalogo\/wp-json\/wp\/v2\/product_brand?post=111310"},{"taxonomy":"product_cat","embeddable":true,"href":"https:\/\/letrame.com\/catalogo\/wp-json\/wp\/v2\/product_cat?post=111310"},{"taxonomy":"product_tag","embeddable":true,"href":"https:\/\/letrame.com\/catalogo\/wp-json\/wp\/v2\/product_tag?post=111310"}],"curies":[{"name":"wp","href":"https:\/\/api.w.org\/{rel}","templated":true}]}}