{"id":111308,"date":"2026-03-03T14:43:53","date_gmt":"2026-03-03T13:43:53","guid":{"rendered":"https:\/\/letrame.com\/catalogo\/?post_type=product&#038;p=111308"},"modified":"2026-03-03T14:43:55","modified_gmt":"2026-03-03T13:43:55","slug":"la-extrana-marca-en-forma-de-t","status":"publish","type":"product","link":"https:\/\/letrame.com\/catalogo\/producto\/la-extrana-marca-en-forma-de-t\/","title":{"rendered":"La extra\u00f1a marca en forma de T"},"content":{"rendered":"<p class=\"p1\"><b>ISBN: 9791370295226<\/b><b><\/b><\/p>\n<p class=\"p1\"><b>T\u00edtulo: La extra\u00f1a marca en forma de T<\/b><br \/>\n<b>Fecha: 2025<\/b><br \/>\n<b>P\u00e1ginas: 198<\/b><b><\/b><\/p>\n<p class=\"p1\"><b>SINOPSIS<\/b><\/p>\n<p class=\"p1\">Felipa, una joven estudiante de Qu\u00edmica, llega al remoto pueblo de Entrerr\u00edos para colaborar como ayudante en el ambulatorio local durante el mes de agosto de 2001. Lo que parec\u00eda un verano tranquilo pronto se ve alterado por un incendio devastador y la aparici\u00f3n de un misterioso paciente con una inquietante marca en forma de T grabada en el pecho.<\/p>\n<p class=\"p1\">Intrigada por la geometr\u00eda de la marca, Felipa descubre que la misma figura se repite en los arcos de piedra de la iglesia de Entrerr\u00edos y en las ruinas de La Llama, un antiguo convento templario abandonado. A medida que investiga, se ve envuelta en una red de s\u00edmbolos, secretos medievales y una amenaza que parece propagarse como el fuego.<\/p>\n<p class=\"p1\">\u00bfEst\u00e1 la marca vinculada a los incendios que asolan la comarca? \u00bfQu\u00e9 papel jugaron los templarios en este enigma? \u00bfQu\u00e9 ocultan las criptas y pasadizos del convento?<\/p>\n<p class=\"p1\">En una carrera contra el tiempo, Felipa deber\u00e1 descifrar el legado oculto de la T para proteger la vida de los vecinos&#8230; y quiz\u00e1 la suya propia.<\/p>\n","protected":false},"excerpt":{"rendered":"<p class=\"p1\"><b>ISBN: 9791370295226<\/b><b><\/b><\/p>\n<p class=\"p1\"><b>SINOPSIS<\/b><\/p>\n<p class=\"p1\">Felipa, una joven estudiante de Qu\u00edmica, llega al remoto pueblo de Entrerr\u00edos para colaborar como ayudante en el ambulatorio local durante el mes de agosto de 2001. Lo que parec\u00eda un verano tranquilo pronto se ve alterado por un incendio devastador y la aparici\u00f3n de un misterioso paciente con una inquietante marca en forma de T grabada en el pecho.<\/p>\n<p class=\"p1\">Intrigada por la geometr\u00eda de la marca, Felipa descubre que la misma figura se repite en los arcos de piedra de la iglesia de Entrerr\u00edos y en las ruinas de La Llama, un antiguo convento templario abandonado. A medida que investiga, se ve envuelta en una red de s\u00edmbolos, secretos medievales y una amenaza que parece propagarse como el fuego.<\/p>\n<p class=\"p1\">\u00bfEst\u00e1 la marca vinculada a los incendios que asolan la comarca? \u00bfQu\u00e9 papel jugaron los templarios en este enigma? \u00bfQu\u00e9 ocultan las criptas y pasadizos del convento?<\/p>\n<p class=\"p1\">En una carrera contra el tiempo, Felipa deber\u00e1 descifrar el legado oculto de la T para proteger la vida de los vecinos&#8230; y quiz\u00e1 la suya propia.<\/p>\n","protected":false},"featured_media":111309,"comment_status":"open","ping_status":"closed","template":"","meta":{"_acf_changed":false},"libro":[],"product_brand":[],"product_cat":[141],"product_tag":[],"class_list":{"0":"post-111308","1":"product","2":"type-product","3":"status-publish","4":"has-post-thumbnail","6":"product_cat-ficcion","8":"first","9":"instock","10":"shipping-taxable","11":"product-type-simple"},"acf":{"autor":[101465],"enlace_de_compra":"https:\/\/amzn.to\/4spxEA0Evelio Mart\u00ednez Li\u00e9bana"},"yoast_head":"<!-- This site is optimized with the Yoast SEO plugin v26.6 - https:\/\/yoast.com\/wordpress\/plugins\/seo\/ -->\n<title>La extra\u00f1a marca en forma de T - Catalogo | Letrame Grupo Editorial<\/title>\n<meta name=\"robots\" content=\"index, follow, max-snippet:-1, max-image-preview:large, max-video-preview:-1\" \/>\n<link rel=\"canonical\" href=\"https:\/\/letrame.com\/catalogo\/producto\/la-extrana-marca-en-forma-de-t\/\" \/>\n<meta property=\"og:locale\" content=\"es_ES\" \/>\n<meta property=\"og:type\" content=\"article\" \/>\n<meta property=\"og:title\" content=\"La extra\u00f1a marca en forma de T - Catalogo | Letrame Grupo Editorial\" \/>\n<meta property=\"og:description\" content=\"ISBN: 9791370295226 SINOPSIS Felipa, una joven estudiante de Qu\u00edmica, llega al remoto pueblo de Entrerr\u00edos para colaborar como ayudante en el ambulatorio local durante el mes de agosto de 2001. Lo que parec\u00eda un verano tranquilo pronto se ve alterado por un incendio devastador y la aparici\u00f3n de un misterioso paciente con una inquietante marca en forma de T grabada en el pecho. Intrigada por la geometr\u00eda de la marca, Felipa descubre que la misma figura se repite en los arcos de piedra de la iglesia de Entrerr\u00edos y en las ruinas de La Llama, un antiguo convento templario abandonado. A medida que investiga, se ve envuelta en una red de s\u00edmbolos, secretos medievales y una amenaza que parece propagarse como el fuego. \u00bfEst\u00e1 la marca vinculada a los incendios que asolan la comarca? \u00bfQu\u00e9 papel jugaron los templarios en este enigma? \u00bfQu\u00e9 ocultan las criptas y pasadizos del convento? En una carrera contra el tiempo, Felipa deber\u00e1 descifrar el legado oculto de la T para proteger la vida de los vecinos... y quiz\u00e1 la suya propia.\" \/>\n<meta property=\"og:url\" content=\"https:\/\/letrame.com\/catalogo\/producto\/la-extrana-marca-en-forma-de-t\/\" \/>\n<meta property=\"og:site_name\" content=\"Catalogo | Letrame Grupo Editorial\" \/>\n<meta property=\"article:modified_time\" content=\"2026-03-03T13:43:55+00:00\" \/>\n<meta property=\"og:image\" content=\"https:\/\/letrame.com\/catalogo\/wp-content\/uploads\/2026\/03\/portadacatalogo-9-scaled.jpg\" \/>\n\t<meta property=\"og:image:width\" content=\"1828\" \/>\n\t<meta property=\"og:image:height\" content=\"2560\" \/>\n\t<meta property=\"og:image:type\" content=\"image\/jpeg\" \/>\n<meta name=\"twitter:card\" content=\"summary_large_image\" \/>\n<meta name=\"twitter:label1\" content=\"Tiempo de lectura\" \/>\n\t<meta name=\"twitter:data1\" content=\"2 minutos\" \/>\n<script type=\"application\/ld+json\" class=\"yoast-schema-graph\">{\"@context\":\"https:\/\/schema.org\",\"@graph\":[{\"@type\":\"WebPage\",\"@id\":\"https:\/\/letrame.com\/catalogo\/producto\/la-extrana-marca-en-forma-de-t\/\",\"url\":\"https:\/\/letrame.com\/catalogo\/producto\/la-extrana-marca-en-forma-de-t\/\",\"name\":\"La extra\u00f1a marca en forma de T - Catalogo | Letrame Grupo Editorial\",\"isPartOf\":{\"@id\":\"https:\/\/letrame.com\/catalogo\/#website\"},\"primaryImageOfPage\":{\"@id\":\"https:\/\/letrame.com\/catalogo\/producto\/la-extrana-marca-en-forma-de-t\/#primaryimage\"},\"image\":{\"@id\":\"https:\/\/letrame.com\/catalogo\/producto\/la-extrana-marca-en-forma-de-t\/#primaryimage\"},\"thumbnailUrl\":\"https:\/\/letrame.com\/catalogo\/wp-content\/uploads\/2026\/03\/portadacatalogo-9-scaled.jpg\",\"datePublished\":\"2026-03-03T13:43:53+00:00\",\"dateModified\":\"2026-03-03T13:43:55+00:00\",\"breadcrumb\":{\"@id\":\"https:\/\/letrame.com\/catalogo\/producto\/la-extrana-marca-en-forma-de-t\/#breadcrumb\"},\"inLanguage\":\"es\",\"potentialAction\":[{\"@type\":\"ReadAction\",\"target\":[\"https:\/\/letrame.com\/catalogo\/producto\/la-extrana-marca-en-forma-de-t\/\"]}]},{\"@type\":\"ImageObject\",\"inLanguage\":\"es\",\"@id\":\"https:\/\/letrame.com\/catalogo\/producto\/la-extrana-marca-en-forma-de-t\/#primaryimage\",\"url\":\"https:\/\/letrame.com\/catalogo\/wp-content\/uploads\/2026\/03\/portadacatalogo-9-scaled.jpg\",\"contentUrl\":\"https:\/\/letrame.com\/catalogo\/wp-content\/uploads\/2026\/03\/portadacatalogo-9-scaled.jpg\",\"width\":1828,\"height\":2560},{\"@type\":\"BreadcrumbList\",\"@id\":\"https:\/\/letrame.com\/catalogo\/producto\/la-extrana-marca-en-forma-de-t\/#breadcrumb\",\"itemListElement\":[{\"@type\":\"ListItem\",\"position\":1,\"name\":\"Portada\",\"item\":\"https:\/\/letrame.com\/catalogo\/\"},{\"@type\":\"ListItem\",\"position\":2,\"name\":\"Cat\u00e1logo\",\"item\":\"https:\/\/letrame.com\/catalogo\/\"},{\"@type\":\"ListItem\",\"position\":3,\"name\":\"La extra\u00f1a marca en forma de T\"}]},{\"@type\":\"WebSite\",\"@id\":\"https:\/\/letrame.com\/catalogo\/#website\",\"url\":\"https:\/\/letrame.com\/catalogo\/\",\"name\":\"Catalogo | Letrame Grupo Editorial\",\"description\":\"\",\"publisher\":{\"@id\":\"https:\/\/letrame.com\/catalogo\/#organization\"},\"potentialAction\":[{\"@type\":\"SearchAction\",\"target\":{\"@type\":\"EntryPoint\",\"urlTemplate\":\"https:\/\/letrame.com\/catalogo\/?s={search_term_string}\"},\"query-input\":{\"@type\":\"PropertyValueSpecification\",\"valueRequired\":true,\"valueName\":\"search_term_string\"}}],\"inLanguage\":\"es\"},{\"@type\":\"Organization\",\"@id\":\"https:\/\/letrame.com\/catalogo\/#organization\",\"name\":\"Catalogo | Letrame Grupo Editorial\",\"url\":\"https:\/\/letrame.com\/catalogo\/\",\"logo\":{\"@type\":\"ImageObject\",\"inLanguage\":\"es\",\"@id\":\"https:\/\/letrame.com\/catalogo\/#\/schema\/logo\/image\/\",\"url\":\"https:\/\/letrame.com\/catalogo\/wp-content\/uploads\/2024\/03\/logo2.webp\",\"contentUrl\":\"https:\/\/letrame.com\/catalogo\/wp-content\/uploads\/2024\/03\/logo2.webp\",\"width\":394,\"height\":128,\"caption\":\"Catalogo | Letrame Grupo Editorial\"},\"image\":{\"@id\":\"https:\/\/letrame.com\/catalogo\/#\/schema\/logo\/image\/\"}}]}<\/script>\n<!-- \/ Yoast SEO plugin. -->","yoast_head_json":{"title":"La extra\u00f1a marca en forma de T - Catalogo | Letrame Grupo Editorial","robots":{"index":"index","follow":"follow","max-snippet":"max-snippet:-1","max-image-preview":"max-image-preview:large","max-video-preview":"max-video-preview:-1"},"canonical":"https:\/\/letrame.com\/catalogo\/producto\/la-extrana-marca-en-forma-de-t\/","og_locale":"es_ES","og_type":"article","og_title":"La extra\u00f1a marca en forma de T - Catalogo | Letrame Grupo Editorial","og_description":"ISBN: 9791370295226 SINOPSIS Felipa, una joven estudiante de Qu\u00edmica, llega al remoto pueblo de Entrerr\u00edos para colaborar como ayudante en el ambulatorio local durante el mes de agosto de 2001. Lo que parec\u00eda un verano tranquilo pronto se ve alterado por un incendio devastador y la aparici\u00f3n de un misterioso paciente con una inquietante marca en forma de T grabada en el pecho. Intrigada por la geometr\u00eda de la marca, Felipa descubre que la misma figura se repite en los arcos de piedra de la iglesia de Entrerr\u00edos y en las ruinas de La Llama, un antiguo convento templario abandonado. A medida que investiga, se ve envuelta en una red de s\u00edmbolos, secretos medievales y una amenaza que parece propagarse como el fuego. \u00bfEst\u00e1 la marca vinculada a los incendios que asolan la comarca? \u00bfQu\u00e9 papel jugaron los templarios en este enigma? \u00bfQu\u00e9 ocultan las criptas y pasadizos del convento? En una carrera contra el tiempo, Felipa deber\u00e1 descifrar el legado oculto de la T para proteger la vida de los vecinos... y quiz\u00e1 la suya propia.","og_url":"https:\/\/letrame.com\/catalogo\/producto\/la-extrana-marca-en-forma-de-t\/","og_site_name":"Catalogo | Letrame Grupo Editorial","article_modified_time":"2026-03-03T13:43:55+00:00","og_image":[{"width":1828,"height":2560,"url":"https:\/\/letrame.com\/catalogo\/wp-content\/uploads\/2026\/03\/portadacatalogo-9-scaled.jpg","type":"image\/jpeg"}],"twitter_card":"summary_large_image","twitter_misc":{"Tiempo de lectura":"2 minutos"},"schema":{"@context":"https:\/\/schema.org","@graph":[{"@type":"WebPage","@id":"https:\/\/letrame.com\/catalogo\/producto\/la-extrana-marca-en-forma-de-t\/","url":"https:\/\/letrame.com\/catalogo\/producto\/la-extrana-marca-en-forma-de-t\/","name":"La extra\u00f1a marca en forma de T - Catalogo | Letrame Grupo Editorial","isPartOf":{"@id":"https:\/\/letrame.com\/catalogo\/#website"},"primaryImageOfPage":{"@id":"https:\/\/letrame.com\/catalogo\/producto\/la-extrana-marca-en-forma-de-t\/#primaryimage"},"image":{"@id":"https:\/\/letrame.com\/catalogo\/producto\/la-extrana-marca-en-forma-de-t\/#primaryimage"},"thumbnailUrl":"https:\/\/letrame.com\/catalogo\/wp-content\/uploads\/2026\/03\/portadacatalogo-9-scaled.jpg","datePublished":"2026-03-03T13:43:53+00:00","dateModified":"2026-03-03T13:43:55+00:00","breadcrumb":{"@id":"https:\/\/letrame.com\/catalogo\/producto\/la-extrana-marca-en-forma-de-t\/#breadcrumb"},"inLanguage":"es","potentialAction":[{"@type":"ReadAction","target":["https:\/\/letrame.com\/catalogo\/producto\/la-extrana-marca-en-forma-de-t\/"]}]},{"@type":"ImageObject","inLanguage":"es","@id":"https:\/\/letrame.com\/catalogo\/producto\/la-extrana-marca-en-forma-de-t\/#primaryimage","url":"https:\/\/letrame.com\/catalogo\/wp-content\/uploads\/2026\/03\/portadacatalogo-9-scaled.jpg","contentUrl":"https:\/\/letrame.com\/catalogo\/wp-content\/uploads\/2026\/03\/portadacatalogo-9-scaled.jpg","width":1828,"height":2560},{"@type":"BreadcrumbList","@id":"https:\/\/letrame.com\/catalogo\/producto\/la-extrana-marca-en-forma-de-t\/#breadcrumb","itemListElement":[{"@type":"ListItem","position":1,"name":"Portada","item":"https:\/\/letrame.com\/catalogo\/"},{"@type":"ListItem","position":2,"name":"Cat\u00e1logo","item":"https:\/\/letrame.com\/catalogo\/"},{"@type":"ListItem","position":3,"name":"La extra\u00f1a marca en forma de T"}]},{"@type":"WebSite","@id":"https:\/\/letrame.com\/catalogo\/#website","url":"https:\/\/letrame.com\/catalogo\/","name":"Catalogo | Letrame Grupo Editorial","description":"","publisher":{"@id":"https:\/\/letrame.com\/catalogo\/#organization"},"potentialAction":[{"@type":"SearchAction","target":{"@type":"EntryPoint","urlTemplate":"https:\/\/letrame.com\/catalogo\/?s={search_term_string}"},"query-input":{"@type":"PropertyValueSpecification","valueRequired":true,"valueName":"search_term_string"}}],"inLanguage":"es"},{"@type":"Organization","@id":"https:\/\/letrame.com\/catalogo\/#organization","name":"Catalogo | Letrame Grupo Editorial","url":"https:\/\/letrame.com\/catalogo\/","logo":{"@type":"ImageObject","inLanguage":"es","@id":"https:\/\/letrame.com\/catalogo\/#\/schema\/logo\/image\/","url":"https:\/\/letrame.com\/catalogo\/wp-content\/uploads\/2024\/03\/logo2.webp","contentUrl":"https:\/\/letrame.com\/catalogo\/wp-content\/uploads\/2024\/03\/logo2.webp","width":394,"height":128,"caption":"Catalogo | Letrame Grupo Editorial"},"image":{"@id":"https:\/\/letrame.com\/catalogo\/#\/schema\/logo\/image\/"}}]}},"_links":{"self":[{"href":"https:\/\/letrame.com\/catalogo\/wp-json\/wp\/v2\/product\/111308","targetHints":{"allow":["GET"]}}],"collection":[{"href":"https:\/\/letrame.com\/catalogo\/wp-json\/wp\/v2\/product"}],"about":[{"href":"https:\/\/letrame.com\/catalogo\/wp-json\/wp\/v2\/types\/product"}],"replies":[{"embeddable":true,"href":"https:\/\/letrame.com\/catalogo\/wp-json\/wp\/v2\/comments?post=111308"}],"acf:post":[{"embeddable":true,"href":"https:\/\/letrame.com\/catalogo\/wp-json\/wp\/v2\/author_book\/101465"}],"wp:featuredmedia":[{"embeddable":true,"href":"https:\/\/letrame.com\/catalogo\/wp-json\/wp\/v2\/media\/111309"}],"wp:attachment":[{"href":"https:\/\/letrame.com\/catalogo\/wp-json\/wp\/v2\/media?parent=111308"}],"wp:term":[{"taxonomy":"libro","embeddable":true,"href":"https:\/\/letrame.com\/catalogo\/wp-json\/wp\/v2\/libro?post=111308"},{"taxonomy":"product_brand","embeddable":true,"href":"https:\/\/letrame.com\/catalogo\/wp-json\/wp\/v2\/product_brand?post=111308"},{"taxonomy":"product_cat","embeddable":true,"href":"https:\/\/letrame.com\/catalogo\/wp-json\/wp\/v2\/product_cat?post=111308"},{"taxonomy":"product_tag","embeddable":true,"href":"https:\/\/letrame.com\/catalogo\/wp-json\/wp\/v2\/product_tag?post=111308"}],"curies":[{"name":"wp","href":"https:\/\/api.w.org\/{rel}","templated":true}]}}