{"id":111302,"date":"2026-03-02T13:52:05","date_gmt":"2026-03-02T12:52:05","guid":{"rendered":"https:\/\/letrame.com\/catalogo\/?post_type=product&#038;p=111302"},"modified":"2026-03-02T13:52:06","modified_gmt":"2026-03-02T12:52:06","slug":"esa-mujer-que-no-conozco-y-ame-tanto-2","status":"publish","type":"product","link":"https:\/\/letrame.com\/catalogo\/producto\/esa-mujer-que-no-conozco-y-ame-tanto-2\/","title":{"rendered":"Esa mujer que no conozco y am\u00e9 tanto"},"content":{"rendered":"<p class=\"p1\"><b>ISBN: 9788410898936<\/b><b><\/b><\/p>\n<p class=\"p1\"><b>T\u00edtulo: Esa mujer que no conozco y am\u00e9 tanto\u00a0<\/b><br \/>\n<b>Fecha: 2025<\/b><br \/>\n<b>P\u00e1ginas: 104<\/b><b><\/b><\/p>\n<p class=\"p1\"><b>SINOPSIS<\/b><\/p>\n<p class=\"p1\">Esa mujer que no conozco y am\u00e9 tanto es un grito ahogado, un susurro en mitad de la noche y un espejo roto en el que reflejarse sin miedo. Es para los que alguna vez amaron tanto que doli\u00f3, para los que sobrevivieron a despedidas que no quer\u00edan y para los que aprendieron \u2014o intentan aprender\u2014 que la vida sigue aunque el amor se desmorone.<\/p>\n<p class=\"p1\">Gabriel Robert Casasayas desnuda su alma sin filtros, con rabia, nostalgia y una ternura brutal. Aqu\u00ed se habla del amor y del des-amor, de la traici\u00f3n y la esperanza, de la paternidad y la soledad.<\/p>\n<p class=\"p1\">Escrito con la herida abierta, con el coraz\u00f3n en carne viva, este libro no pretende dar respuestas, sino hacerte sentir, hacerte recordar y, quiz\u00e1s, hacerte sanar.<\/p>\n<p class=\"p1\">Si alguna vez amaste hasta perderte, si alguna vez tuviste que reconstruirte desde las ruinas, aqu\u00ed hay un pedazo de ti en cada p\u00e1gina. Porque a veces, el amor no es un final feliz, pero sigue siendo amor.<\/p>\n","protected":false},"excerpt":{"rendered":"<p class=\"p1\"><b>ISBN: 9788410898936<\/b><b><\/b><\/p>\n<p class=\"p1\"><b>SINOPSIS<\/b><\/p>\n<p class=\"p1\">Esa mujer que no conozco y am\u00e9 tanto es un grito ahogado, un susurro en mitad de la noche y un espejo roto en el que reflejarse sin miedo. Es para los que alguna vez amaron tanto que doli\u00f3, para los que sobrevivieron a despedidas que no quer\u00edan y para los que aprendieron \u2014o intentan aprender\u2014 que la vida sigue aunque el amor se desmorone.<\/p>\n<p class=\"p1\">Gabriel Robert Casasayas desnuda su alma sin filtros, con rabia, nostalgia y una ternura brutal. Aqu\u00ed se habla del amor y del des-amor, de la traici\u00f3n y la esperanza, de la paternidad y la soledad.<\/p>\n<p class=\"p1\">Escrito con la herida abierta, con el coraz\u00f3n en carne viva, este libro no pretende dar respuestas, sino hacerte sentir, hacerte recordar y, quiz\u00e1s, hacerte sanar.<\/p>\n<p class=\"p1\">Si alguna vez amaste hasta perderte, si alguna vez tuviste que reconstruirte desde las ruinas, aqu\u00ed hay un pedazo de ti en cada p\u00e1gina. Porque a veces, el amor no es un final feliz, pero sigue siendo amor.<\/p>\n","protected":false},"featured_media":111303,"comment_status":"open","ping_status":"closed","template":"","meta":{"_acf_changed":false},"libro":[],"product_brand":[],"product_cat":[20],"product_tag":[],"class_list":{"0":"post-111302","1":"product","2":"type-product","3":"status-publish","4":"has-post-thumbnail","6":"product_cat-poesia","8":"first","9":"instock","10":"shipping-taxable","11":"product-type-simple"},"acf":{"autor":[108504],"enlace_de_compra":"https:\/\/amzn.to\/4b0perB"},"yoast_head":"<!-- This site is optimized with the Yoast SEO plugin v26.6 - https:\/\/yoast.com\/wordpress\/plugins\/seo\/ -->\n<title>Esa mujer que no conozco y am\u00e9 tanto - Catalogo | Letrame Grupo Editorial<\/title>\n<meta name=\"robots\" content=\"index, follow, max-snippet:-1, max-image-preview:large, max-video-preview:-1\" \/>\n<link rel=\"canonical\" href=\"https:\/\/letrame.com\/catalogo\/producto\/esa-mujer-que-no-conozco-y-ame-tanto-2\/\" \/>\n<meta property=\"og:locale\" content=\"es_ES\" \/>\n<meta property=\"og:type\" content=\"article\" \/>\n<meta property=\"og:title\" content=\"Esa mujer que no conozco y am\u00e9 tanto - Catalogo | Letrame Grupo Editorial\" \/>\n<meta property=\"og:description\" content=\"ISBN: 9788410898936 SINOPSIS Esa mujer que no conozco y am\u00e9 tanto es un grito ahogado, un susurro en mitad de la noche y un espejo roto en el que reflejarse sin miedo. Es para los que alguna vez amaron tanto que doli\u00f3, para los que sobrevivieron a despedidas que no quer\u00edan y para los que aprendieron \u2014o intentan aprender\u2014 que la vida sigue aunque el amor se desmorone. Gabriel Robert Casasayas desnuda su alma sin filtros, con rabia, nostalgia y una ternura brutal. Aqu\u00ed se habla del amor y del des-amor, de la traici\u00f3n y la esperanza, de la paternidad y la soledad. Escrito con la herida abierta, con el coraz\u00f3n en carne viva, este libro no pretende dar respuestas, sino hacerte sentir, hacerte recordar y, quiz\u00e1s, hacerte sanar. Si alguna vez amaste hasta perderte, si alguna vez tuviste que reconstruirte desde las ruinas, aqu\u00ed hay un pedazo de ti en cada p\u00e1gina. Porque a veces, el amor no es un final feliz, pero sigue siendo amor.\" \/>\n<meta property=\"og:url\" content=\"https:\/\/letrame.com\/catalogo\/producto\/esa-mujer-que-no-conozco-y-ame-tanto-2\/\" \/>\n<meta property=\"og:site_name\" content=\"Catalogo | Letrame Grupo Editorial\" \/>\n<meta property=\"article:modified_time\" content=\"2026-03-02T12:52:06+00:00\" \/>\n<meta property=\"og:image\" content=\"https:\/\/letrame.com\/catalogo\/wp-content\/uploads\/2026\/03\/portadacatalogo-8.jpg\" \/>\n\t<meta property=\"og:image:width\" content=\"1772\" \/>\n\t<meta property=\"og:image:height\" content=\"2480\" \/>\n\t<meta property=\"og:image:type\" content=\"image\/jpeg\" \/>\n<meta name=\"twitter:card\" content=\"summary_large_image\" \/>\n<meta name=\"twitter:label1\" content=\"Tiempo de lectura\" \/>\n\t<meta name=\"twitter:data1\" content=\"2 minutos\" \/>\n<script type=\"application\/ld+json\" class=\"yoast-schema-graph\">{\"@context\":\"https:\/\/schema.org\",\"@graph\":[{\"@type\":\"WebPage\",\"@id\":\"https:\/\/letrame.com\/catalogo\/producto\/esa-mujer-que-no-conozco-y-ame-tanto-2\/\",\"url\":\"https:\/\/letrame.com\/catalogo\/producto\/esa-mujer-que-no-conozco-y-ame-tanto-2\/\",\"name\":\"Esa mujer que no conozco y am\u00e9 tanto - Catalogo | Letrame Grupo Editorial\",\"isPartOf\":{\"@id\":\"https:\/\/letrame.com\/catalogo\/#website\"},\"primaryImageOfPage\":{\"@id\":\"https:\/\/letrame.com\/catalogo\/producto\/esa-mujer-que-no-conozco-y-ame-tanto-2\/#primaryimage\"},\"image\":{\"@id\":\"https:\/\/letrame.com\/catalogo\/producto\/esa-mujer-que-no-conozco-y-ame-tanto-2\/#primaryimage\"},\"thumbnailUrl\":\"https:\/\/letrame.com\/catalogo\/wp-content\/uploads\/2026\/03\/portadacatalogo-8.jpg\",\"datePublished\":\"2026-03-02T12:52:05+00:00\",\"dateModified\":\"2026-03-02T12:52:06+00:00\",\"breadcrumb\":{\"@id\":\"https:\/\/letrame.com\/catalogo\/producto\/esa-mujer-que-no-conozco-y-ame-tanto-2\/#breadcrumb\"},\"inLanguage\":\"es\",\"potentialAction\":[{\"@type\":\"ReadAction\",\"target\":[\"https:\/\/letrame.com\/catalogo\/producto\/esa-mujer-que-no-conozco-y-ame-tanto-2\/\"]}]},{\"@type\":\"ImageObject\",\"inLanguage\":\"es\",\"@id\":\"https:\/\/letrame.com\/catalogo\/producto\/esa-mujer-que-no-conozco-y-ame-tanto-2\/#primaryimage\",\"url\":\"https:\/\/letrame.com\/catalogo\/wp-content\/uploads\/2026\/03\/portadacatalogo-8.jpg\",\"contentUrl\":\"https:\/\/letrame.com\/catalogo\/wp-content\/uploads\/2026\/03\/portadacatalogo-8.jpg\",\"width\":1772,\"height\":2480},{\"@type\":\"BreadcrumbList\",\"@id\":\"https:\/\/letrame.com\/catalogo\/producto\/esa-mujer-que-no-conozco-y-ame-tanto-2\/#breadcrumb\",\"itemListElement\":[{\"@type\":\"ListItem\",\"position\":1,\"name\":\"Portada\",\"item\":\"https:\/\/letrame.com\/catalogo\/\"},{\"@type\":\"ListItem\",\"position\":2,\"name\":\"Cat\u00e1logo\",\"item\":\"https:\/\/letrame.com\/catalogo\/\"},{\"@type\":\"ListItem\",\"position\":3,\"name\":\"Esa mujer que no conozco y am\u00e9 tanto\"}]},{\"@type\":\"WebSite\",\"@id\":\"https:\/\/letrame.com\/catalogo\/#website\",\"url\":\"https:\/\/letrame.com\/catalogo\/\",\"name\":\"Catalogo | Letrame Grupo Editorial\",\"description\":\"\",\"publisher\":{\"@id\":\"https:\/\/letrame.com\/catalogo\/#organization\"},\"potentialAction\":[{\"@type\":\"SearchAction\",\"target\":{\"@type\":\"EntryPoint\",\"urlTemplate\":\"https:\/\/letrame.com\/catalogo\/?s={search_term_string}\"},\"query-input\":{\"@type\":\"PropertyValueSpecification\",\"valueRequired\":true,\"valueName\":\"search_term_string\"}}],\"inLanguage\":\"es\"},{\"@type\":\"Organization\",\"@id\":\"https:\/\/letrame.com\/catalogo\/#organization\",\"name\":\"Catalogo | Letrame Grupo Editorial\",\"url\":\"https:\/\/letrame.com\/catalogo\/\",\"logo\":{\"@type\":\"ImageObject\",\"inLanguage\":\"es\",\"@id\":\"https:\/\/letrame.com\/catalogo\/#\/schema\/logo\/image\/\",\"url\":\"https:\/\/letrame.com\/catalogo\/wp-content\/uploads\/2024\/03\/logo2.webp\",\"contentUrl\":\"https:\/\/letrame.com\/catalogo\/wp-content\/uploads\/2024\/03\/logo2.webp\",\"width\":394,\"height\":128,\"caption\":\"Catalogo | Letrame Grupo Editorial\"},\"image\":{\"@id\":\"https:\/\/letrame.com\/catalogo\/#\/schema\/logo\/image\/\"}}]}<\/script>\n<!-- \/ Yoast SEO plugin. -->","yoast_head_json":{"title":"Esa mujer que no conozco y am\u00e9 tanto - Catalogo | Letrame Grupo Editorial","robots":{"index":"index","follow":"follow","max-snippet":"max-snippet:-1","max-image-preview":"max-image-preview:large","max-video-preview":"max-video-preview:-1"},"canonical":"https:\/\/letrame.com\/catalogo\/producto\/esa-mujer-que-no-conozco-y-ame-tanto-2\/","og_locale":"es_ES","og_type":"article","og_title":"Esa mujer que no conozco y am\u00e9 tanto - Catalogo | Letrame Grupo Editorial","og_description":"ISBN: 9788410898936 SINOPSIS Esa mujer que no conozco y am\u00e9 tanto es un grito ahogado, un susurro en mitad de la noche y un espejo roto en el que reflejarse sin miedo. Es para los que alguna vez amaron tanto que doli\u00f3, para los que sobrevivieron a despedidas que no quer\u00edan y para los que aprendieron \u2014o intentan aprender\u2014 que la vida sigue aunque el amor se desmorone. Gabriel Robert Casasayas desnuda su alma sin filtros, con rabia, nostalgia y una ternura brutal. Aqu\u00ed se habla del amor y del des-amor, de la traici\u00f3n y la esperanza, de la paternidad y la soledad. Escrito con la herida abierta, con el coraz\u00f3n en carne viva, este libro no pretende dar respuestas, sino hacerte sentir, hacerte recordar y, quiz\u00e1s, hacerte sanar. Si alguna vez amaste hasta perderte, si alguna vez tuviste que reconstruirte desde las ruinas, aqu\u00ed hay un pedazo de ti en cada p\u00e1gina. Porque a veces, el amor no es un final feliz, pero sigue siendo amor.","og_url":"https:\/\/letrame.com\/catalogo\/producto\/esa-mujer-que-no-conozco-y-ame-tanto-2\/","og_site_name":"Catalogo | Letrame Grupo Editorial","article_modified_time":"2026-03-02T12:52:06+00:00","og_image":[{"width":1772,"height":2480,"url":"https:\/\/letrame.com\/catalogo\/wp-content\/uploads\/2026\/03\/portadacatalogo-8.jpg","type":"image\/jpeg"}],"twitter_card":"summary_large_image","twitter_misc":{"Tiempo de lectura":"2 minutos"},"schema":{"@context":"https:\/\/schema.org","@graph":[{"@type":"WebPage","@id":"https:\/\/letrame.com\/catalogo\/producto\/esa-mujer-que-no-conozco-y-ame-tanto-2\/","url":"https:\/\/letrame.com\/catalogo\/producto\/esa-mujer-que-no-conozco-y-ame-tanto-2\/","name":"Esa mujer que no conozco y am\u00e9 tanto - Catalogo | Letrame Grupo Editorial","isPartOf":{"@id":"https:\/\/letrame.com\/catalogo\/#website"},"primaryImageOfPage":{"@id":"https:\/\/letrame.com\/catalogo\/producto\/esa-mujer-que-no-conozco-y-ame-tanto-2\/#primaryimage"},"image":{"@id":"https:\/\/letrame.com\/catalogo\/producto\/esa-mujer-que-no-conozco-y-ame-tanto-2\/#primaryimage"},"thumbnailUrl":"https:\/\/letrame.com\/catalogo\/wp-content\/uploads\/2026\/03\/portadacatalogo-8.jpg","datePublished":"2026-03-02T12:52:05+00:00","dateModified":"2026-03-02T12:52:06+00:00","breadcrumb":{"@id":"https:\/\/letrame.com\/catalogo\/producto\/esa-mujer-que-no-conozco-y-ame-tanto-2\/#breadcrumb"},"inLanguage":"es","potentialAction":[{"@type":"ReadAction","target":["https:\/\/letrame.com\/catalogo\/producto\/esa-mujer-que-no-conozco-y-ame-tanto-2\/"]}]},{"@type":"ImageObject","inLanguage":"es","@id":"https:\/\/letrame.com\/catalogo\/producto\/esa-mujer-que-no-conozco-y-ame-tanto-2\/#primaryimage","url":"https:\/\/letrame.com\/catalogo\/wp-content\/uploads\/2026\/03\/portadacatalogo-8.jpg","contentUrl":"https:\/\/letrame.com\/catalogo\/wp-content\/uploads\/2026\/03\/portadacatalogo-8.jpg","width":1772,"height":2480},{"@type":"BreadcrumbList","@id":"https:\/\/letrame.com\/catalogo\/producto\/esa-mujer-que-no-conozco-y-ame-tanto-2\/#breadcrumb","itemListElement":[{"@type":"ListItem","position":1,"name":"Portada","item":"https:\/\/letrame.com\/catalogo\/"},{"@type":"ListItem","position":2,"name":"Cat\u00e1logo","item":"https:\/\/letrame.com\/catalogo\/"},{"@type":"ListItem","position":3,"name":"Esa mujer que no conozco y am\u00e9 tanto"}]},{"@type":"WebSite","@id":"https:\/\/letrame.com\/catalogo\/#website","url":"https:\/\/letrame.com\/catalogo\/","name":"Catalogo | Letrame Grupo Editorial","description":"","publisher":{"@id":"https:\/\/letrame.com\/catalogo\/#organization"},"potentialAction":[{"@type":"SearchAction","target":{"@type":"EntryPoint","urlTemplate":"https:\/\/letrame.com\/catalogo\/?s={search_term_string}"},"query-input":{"@type":"PropertyValueSpecification","valueRequired":true,"valueName":"search_term_string"}}],"inLanguage":"es"},{"@type":"Organization","@id":"https:\/\/letrame.com\/catalogo\/#organization","name":"Catalogo | Letrame Grupo Editorial","url":"https:\/\/letrame.com\/catalogo\/","logo":{"@type":"ImageObject","inLanguage":"es","@id":"https:\/\/letrame.com\/catalogo\/#\/schema\/logo\/image\/","url":"https:\/\/letrame.com\/catalogo\/wp-content\/uploads\/2024\/03\/logo2.webp","contentUrl":"https:\/\/letrame.com\/catalogo\/wp-content\/uploads\/2024\/03\/logo2.webp","width":394,"height":128,"caption":"Catalogo | Letrame Grupo Editorial"},"image":{"@id":"https:\/\/letrame.com\/catalogo\/#\/schema\/logo\/image\/"}}]}},"_links":{"self":[{"href":"https:\/\/letrame.com\/catalogo\/wp-json\/wp\/v2\/product\/111302","targetHints":{"allow":["GET"]}}],"collection":[{"href":"https:\/\/letrame.com\/catalogo\/wp-json\/wp\/v2\/product"}],"about":[{"href":"https:\/\/letrame.com\/catalogo\/wp-json\/wp\/v2\/types\/product"}],"replies":[{"embeddable":true,"href":"https:\/\/letrame.com\/catalogo\/wp-json\/wp\/v2\/comments?post=111302"}],"acf:post":[{"embeddable":true,"href":"https:\/\/letrame.com\/catalogo\/wp-json\/wp\/v2\/author_book\/108504"}],"wp:featuredmedia":[{"embeddable":true,"href":"https:\/\/letrame.com\/catalogo\/wp-json\/wp\/v2\/media\/111303"}],"wp:attachment":[{"href":"https:\/\/letrame.com\/catalogo\/wp-json\/wp\/v2\/media?parent=111302"}],"wp:term":[{"taxonomy":"libro","embeddable":true,"href":"https:\/\/letrame.com\/catalogo\/wp-json\/wp\/v2\/libro?post=111302"},{"taxonomy":"product_brand","embeddable":true,"href":"https:\/\/letrame.com\/catalogo\/wp-json\/wp\/v2\/product_brand?post=111302"},{"taxonomy":"product_cat","embeddable":true,"href":"https:\/\/letrame.com\/catalogo\/wp-json\/wp\/v2\/product_cat?post=111302"},{"taxonomy":"product_tag","embeddable":true,"href":"https:\/\/letrame.com\/catalogo\/wp-json\/wp\/v2\/product_tag?post=111302"}],"curies":[{"name":"wp","href":"https:\/\/api.w.org\/{rel}","templated":true}]}}